{"id":11652,"date":"2023-01-05T13:21:53","date_gmt":"2023-01-05T13:21:53","guid":{"rendered":"https:\/\/uniekeuitjes.nl\/vor-ort\/"},"modified":"2023-01-05T13:21:53","modified_gmt":"2023-01-05T13:21:53","slug":"vor-ort","status":"publish","type":"page","link":"https:\/\/uniekeuitjes.nl\/de\/vor-ort\/","title":{"rendered":"Vor Ort"},"content":{"rendered":"<p>&nbsp;<\/p>\n<p>Wir vermieten auch unsere Ausr\u00fcstung und Fahrzeuge an dem von Ihnen gew\u00fcnschten Ort. Bei Ihnen zu Hause, bei Freunden, in der Familie oder am Arbeitsplatz.<\/p>\n<p>&nbsp;<\/p>\n<p>Vieles ist m\u00f6glich, denken Sie daran:<\/p>\n<p>&nbsp;<\/p>\n<p>&nbsp;<\/p>\n<ul>\n<li><em>&#8211; Genie\u00dfen Sie es, mit einem unserer <a href=\"https:\/\/uniekeuitjes.nl\/de\/transport\/\">Transportfahrzeuge<\/a> die sch\u00f6nsten Gegenden der Region zu erkunden.<\/em><\/li>\n<\/ul>\n<p>&nbsp;<\/p>\n<p>&nbsp;<\/p>\n<ul>\n<li><em>&#8211; Genie\u00dfen Sie mit Ihrer Gruppe eine aktive <a href=\"https:\/\/uniekeuitjes.nl\/de\/uitje\/kanuverleih\/\">Kanufahrt<\/a> auf den \u00f6rtlichen Fl\u00fcssen und\/oder Seen.<\/em><\/li>\n<\/ul>\n<p>&nbsp;<\/p>\n<p>&nbsp;<\/p>\n<ul>\n<li><em>&#8211; Suchen Sie nach Teambuilding? Wir organisieren auch anspruchsvolle <a href=\"https:\/\/uniekeuitjes.nl\/de\/uitje\/grosser-hexathlon-mit-vollverpflegung\/\">Six Camps<\/a> und <a href=\"https:\/\/uniekeuitjes.nl\/uitje\/schieten-met-5-wapensoorten\/\">Schie\u00dfveranstaltungen<\/a> vor Ort.<\/em><\/li>\n<\/ul>\n<p>&nbsp;<\/p>\n<p>Dank unserer guten Transportm\u00f6glichkeiten sind wir sehr flexibel, aber nat\u00fcrlich ist auch eine Selbstabholung bei uns in <a href=\"https:\/\/uniekeuitjes.nl\/de\/einzigartige-ausfluege-laren\/\">Laren (Gelderland<\/a> ) m\u00f6glich!<\/p>\n<p>Haben Sie Fragen oder m\u00f6chten Sie eine unverbindliche Sparringssitzung bei lustigen Ausfl\u00fcgen vor Ort? Z\u00f6gern Sie nicht, uns \u00fcber die M\u00f6glichkeiten zu informieren. Rufen Sie an oder schicken Sie eine E-Mail.<\/p>\n<p>Sie k\u00f6nnen uns telefonisch unter 0573-740004 oder per E-Mail unter <a href=\"mailto:info@uniekeuitjes.nl\">info@uniekeuitjes.nl<\/a> erreichen.<\/p>\n<h5><\/h5>\n<h5><\/h5>\n<p>&nbsp;<\/p>\n<h5><img loading=\"lazy\" decoding=\"async\" class=\"alignnone wp-image-10401\" src=\"http:\/\/uniekeuitjes.nl\/wp-content\/uploads\/2023\/01\/IMG_20221110_102734_HDR-300x224.jpg\" alt=\"\" width=\"478\" height=\"357\" srcset=\"https:\/\/uniekeuitjes.nl\/wp-content\/uploads\/2023\/01\/IMG_20221110_102734_HDR-300x224.jpg 300w, https:\/\/uniekeuitjes.nl\/wp-content\/uploads\/2023\/01\/IMG_20221110_102734_HDR-1024x766.jpg 1024w, https:\/\/uniekeuitjes.nl\/wp-content\/uploads\/2023\/01\/IMG_20221110_102734_HDR-768x575.jpg 768w, https:\/\/uniekeuitjes.nl\/wp-content\/uploads\/2023\/01\/IMG_20221110_102734_HDR-1536x1149.jpg 1536w, https:\/\/uniekeuitjes.nl\/wp-content\/uploads\/2023\/01\/IMG_20221110_102734_HDR-2048x1532.jpg 2048w, https:\/\/uniekeuitjes.nl\/wp-content\/uploads\/2023\/01\/IMG_20221110_102734_HDR-600x449.jpg 600w\" sizes=\"auto, (max-width: 478px) 100vw, 478px\" \/><\/h5>\n<h5><\/h5>\n<h5><\/h5>\n<h5><\/h5>\n<p>&nbsp;<\/p>\n<p>&nbsp;<\/p>\n","protected":false},"excerpt":{"rendered":"<p>&nbsp; Wir vermieten auch unsere Ausr\u00fcstung und Fahrzeuge an dem von Ihnen gew\u00fcnschten Ort. Bei Ihnen zu Hause, bei Freunden, in der Familie oder am Arbeitsplatz. &nbsp; Vieles ist m\u00f6glich, denken Sie daran: &nbsp; &nbsp; &#8211; Genie\u00dfen Sie es, mit einem unserer Transportfahrzeuge die sch\u00f6nsten Gegenden der Region zu erkunden. &nbsp; &nbsp; &#8211; Genie\u00dfen Sie [&hellip;]<\/p>\n","protected":false},"author":2,"featured_media":11587,"parent":0,"menu_order":0,"comment_status":"closed","ping_status":"closed","template":"","meta":{"_acf_changed":false,"_monsterinsights_skip_tracking":false,"_monsterinsights_sitenote_active":false,"_monsterinsights_sitenote_note":"","_monsterinsights_sitenote_category":0,"footnotes":""},"categories":[],"class_list":["post-11652","page","type-page","status-publish","has-post-thumbnail","hentry"],"acf":[],"yoast_head":"<!-- This site is optimized with the Yoast SEO plugin v27.4 - https:\/\/yoast.com\/product\/yoast-seo-wordpress\/ -->\n<title>Vor Ort - Uniekeuitjes.nl<\/title>\n<meta name=\"robots\" content=\"index, follow, max-snippet:-1, max-image-preview:large, max-video-preview:-1\" \/>\n<link rel=\"canonical\" href=\"https:\/\/uniekeuitjes.nl\/de\/vor-ort\/\" \/>\n<meta property=\"og:locale\" content=\"nl_NL\" \/>\n<meta property=\"og:type\" content=\"article\" \/>\n<meta property=\"og:title\" content=\"Vor Ort - Uniekeuitjes.nl\" \/>\n<meta property=\"og:description\" content=\"&nbsp; Wir vermieten auch unsere Ausr\u00fcstung und Fahrzeuge an dem von Ihnen gew\u00fcnschten Ort. Bei Ihnen zu Hause, bei Freunden, in der Familie oder am Arbeitsplatz. &nbsp; Vieles ist m\u00f6glich, denken Sie daran: &nbsp; &nbsp; &#8211; Genie\u00dfen Sie es, mit einem unserer Transportfahrzeuge die sch\u00f6nsten Gegenden der Region zu erkunden. &nbsp; &nbsp; &#8211; Genie\u00dfen Sie [&hellip;]\" \/>\n<meta property=\"og:url\" content=\"https:\/\/uniekeuitjes.nl\/de\/vor-ort\/\" \/>\n<meta property=\"og:site_name\" content=\"Uniekeuitjes.nl\" \/>\n<meta property=\"article:publisher\" content=\"https:\/\/www.facebook.com\/uniekeuitjes.nl\" \/>\n<meta property=\"og:image\" content=\"https:\/\/uniekeuitjes.nl\/wp-content\/uploads\/2023\/01\/foto-bus-solex-chopper-scaled.jpg\" \/>\n\t<meta property=\"og:image:width\" content=\"2560\" \/>\n\t<meta property=\"og:image:height\" content=\"1916\" \/>\n\t<meta property=\"og:image:type\" content=\"image\/jpeg\" \/>\n<meta name=\"twitter:card\" content=\"summary_large_image\" \/>\n<meta name=\"twitter:label1\" content=\"Geschatte leestijd\" \/>\n\t<meta name=\"twitter:data1\" content=\"1 minuut\" \/>\n<script type=\"application\/ld+json\" class=\"yoast-schema-graph\">{\"@context\":\"https:\\\/\\\/schema.org\",\"@graph\":[{\"@type\":\"WebPage\",\"@id\":\"https:\\\/\\\/uniekeuitjes.nl\\\/de\\\/vor-ort\\\/\",\"url\":\"https:\\\/\\\/uniekeuitjes.nl\\\/de\\\/vor-ort\\\/\",\"name\":\"Vor Ort - Uniekeuitjes.nl\",\"isPartOf\":{\"@id\":\"\\\/#website\"},\"primaryImageOfPage\":{\"@id\":\"https:\\\/\\\/uniekeuitjes.nl\\\/de\\\/vor-ort\\\/#primaryimage\"},\"image\":{\"@id\":\"https:\\\/\\\/uniekeuitjes.nl\\\/de\\\/vor-ort\\\/#primaryimage\"},\"thumbnailUrl\":\"https:\\\/\\\/uniekeuitjes.nl\\\/wp-content\\\/uploads\\\/2023\\\/01\\\/foto-bus-solex-chopper-scaled.jpg\",\"datePublished\":\"2023-01-05T13:21:53+00:00\",\"breadcrumb\":{\"@id\":\"https:\\\/\\\/uniekeuitjes.nl\\\/de\\\/vor-ort\\\/#breadcrumb\"},\"inLanguage\":\"nl-NL\",\"potentialAction\":[{\"@type\":\"ReadAction\",\"target\":[\"https:\\\/\\\/uniekeuitjes.nl\\\/de\\\/vor-ort\\\/\"]}]},{\"@type\":\"ImageObject\",\"inLanguage\":\"nl-NL\",\"@id\":\"https:\\\/\\\/uniekeuitjes.nl\\\/de\\\/vor-ort\\\/#primaryimage\",\"url\":\"https:\\\/\\\/uniekeuitjes.nl\\\/wp-content\\\/uploads\\\/2023\\\/01\\\/foto-bus-solex-chopper-scaled.jpg\",\"contentUrl\":\"https:\\\/\\\/uniekeuitjes.nl\\\/wp-content\\\/uploads\\\/2023\\\/01\\\/foto-bus-solex-chopper-scaled.jpg\",\"width\":2560,\"height\":1916},{\"@type\":\"BreadcrumbList\",\"@id\":\"https:\\\/\\\/uniekeuitjes.nl\\\/de\\\/vor-ort\\\/#breadcrumb\",\"itemListElement\":[{\"@type\":\"ListItem\",\"position\":1,\"name\":\"Home\",\"item\":\"https:\\\/\\\/uniekeuitjes.nl\\\/de\\\/\"},{\"@type\":\"ListItem\",\"position\":2,\"name\":\"Vor Ort\"}]},{\"@type\":\"WebSite\",\"@id\":\"\\\/#website\",\"url\":\"\\\/\",\"name\":\"Uniekeuitjes.nl\",\"description\":\"Goedkope leuke uitjes zelf samen te stellen\",\"publisher\":{\"@id\":\"\\\/#organization\"},\"potentialAction\":[{\"@type\":\"SearchAction\",\"target\":{\"@type\":\"EntryPoint\",\"urlTemplate\":\"\\\/?s={search_term_string}\"},\"query-input\":{\"@type\":\"PropertyValueSpecification\",\"valueRequired\":true,\"valueName\":\"search_term_string\"}}],\"inLanguage\":\"nl-NL\"},{\"@type\":\"Organization\",\"@id\":\"\\\/#organization\",\"name\":\"Unieke Uitjes\",\"url\":\"\\\/\",\"logo\":{\"@type\":\"ImageObject\",\"inLanguage\":\"nl-NL\",\"@id\":\"\\\/#\\\/schema\\\/logo\\\/image\\\/\",\"url\":\"https:\\\/\\\/uniekeuitjes.nl\\\/wp-content\\\/uploads\\\/2019\\\/02\\\/site-login-logo.png\",\"contentUrl\":\"https:\\\/\\\/uniekeuitjes.nl\\\/wp-content\\\/uploads\\\/2019\\\/02\\\/site-login-logo.png\",\"width\":708,\"height\":345,\"caption\":\"Unieke Uitjes\"},\"image\":{\"@id\":\"\\\/#\\\/schema\\\/logo\\\/image\\\/\"},\"sameAs\":[\"https:\\\/\\\/www.facebook.com\\\/uniekeuitjes.nl\",\"https:\\\/\\\/www.instagram.com\\\/uniekeuitjes.nl\\\/\",\"https:\\\/\\\/www.linkedin.com\\\/company\\\/unieke-uitjes-nl\",\"https:\\\/\\\/www.youtube.com\\\/channel\\\/UCXwRXFWP_R0kxRAeL79FQfw\"]}]}<\/script>\n<!-- \/ Yoast SEO plugin. -->","yoast_head_json":{"title":"Vor Ort - Uniekeuitjes.nl","robots":{"index":"index","follow":"follow","max-snippet":"max-snippet:-1","max-image-preview":"max-image-preview:large","max-video-preview":"max-video-preview:-1"},"canonical":"https:\/\/uniekeuitjes.nl\/de\/vor-ort\/","og_locale":"nl_NL","og_type":"article","og_title":"Vor Ort - Uniekeuitjes.nl","og_description":"&nbsp; Wir vermieten auch unsere Ausr\u00fcstung und Fahrzeuge an dem von Ihnen gew\u00fcnschten Ort. Bei Ihnen zu Hause, bei Freunden, in der Familie oder am Arbeitsplatz. &nbsp; Vieles ist m\u00f6glich, denken Sie daran: &nbsp; &nbsp; &#8211; Genie\u00dfen Sie es, mit einem unserer Transportfahrzeuge die sch\u00f6nsten Gegenden der Region zu erkunden. &nbsp; &nbsp; &#8211; Genie\u00dfen Sie [&hellip;]","og_url":"https:\/\/uniekeuitjes.nl\/de\/vor-ort\/","og_site_name":"Uniekeuitjes.nl","article_publisher":"https:\/\/www.facebook.com\/uniekeuitjes.nl","og_image":[{"width":2560,"height":1916,"url":"https:\/\/uniekeuitjes.nl\/wp-content\/uploads\/2023\/01\/foto-bus-solex-chopper-scaled.jpg","type":"image\/jpeg"}],"twitter_card":"summary_large_image","twitter_misc":{"Geschatte leestijd":"1 minuut"},"schema":{"@context":"https:\/\/schema.org","@graph":[{"@type":"WebPage","@id":"https:\/\/uniekeuitjes.nl\/de\/vor-ort\/","url":"https:\/\/uniekeuitjes.nl\/de\/vor-ort\/","name":"Vor Ort - Uniekeuitjes.nl","isPartOf":{"@id":"\/#website"},"primaryImageOfPage":{"@id":"https:\/\/uniekeuitjes.nl\/de\/vor-ort\/#primaryimage"},"image":{"@id":"https:\/\/uniekeuitjes.nl\/de\/vor-ort\/#primaryimage"},"thumbnailUrl":"https:\/\/uniekeuitjes.nl\/wp-content\/uploads\/2023\/01\/foto-bus-solex-chopper-scaled.jpg","datePublished":"2023-01-05T13:21:53+00:00","breadcrumb":{"@id":"https:\/\/uniekeuitjes.nl\/de\/vor-ort\/#breadcrumb"},"inLanguage":"nl-NL","potentialAction":[{"@type":"ReadAction","target":["https:\/\/uniekeuitjes.nl\/de\/vor-ort\/"]}]},{"@type":"ImageObject","inLanguage":"nl-NL","@id":"https:\/\/uniekeuitjes.nl\/de\/vor-ort\/#primaryimage","url":"https:\/\/uniekeuitjes.nl\/wp-content\/uploads\/2023\/01\/foto-bus-solex-chopper-scaled.jpg","contentUrl":"https:\/\/uniekeuitjes.nl\/wp-content\/uploads\/2023\/01\/foto-bus-solex-chopper-scaled.jpg","width":2560,"height":1916},{"@type":"BreadcrumbList","@id":"https:\/\/uniekeuitjes.nl\/de\/vor-ort\/#breadcrumb","itemListElement":[{"@type":"ListItem","position":1,"name":"Home","item":"https:\/\/uniekeuitjes.nl\/de\/"},{"@type":"ListItem","position":2,"name":"Vor Ort"}]},{"@type":"WebSite","@id":"\/#website","url":"\/","name":"Uniekeuitjes.nl","description":"Goedkope leuke uitjes zelf samen te stellen","publisher":{"@id":"\/#organization"},"potentialAction":[{"@type":"SearchAction","target":{"@type":"EntryPoint","urlTemplate":"\/?s={search_term_string}"},"query-input":{"@type":"PropertyValueSpecification","valueRequired":true,"valueName":"search_term_string"}}],"inLanguage":"nl-NL"},{"@type":"Organization","@id":"\/#organization","name":"Unieke Uitjes","url":"\/","logo":{"@type":"ImageObject","inLanguage":"nl-NL","@id":"\/#\/schema\/logo\/image\/","url":"https:\/\/uniekeuitjes.nl\/wp-content\/uploads\/2019\/02\/site-login-logo.png","contentUrl":"https:\/\/uniekeuitjes.nl\/wp-content\/uploads\/2019\/02\/site-login-logo.png","width":708,"height":345,"caption":"Unieke Uitjes"},"image":{"@id":"\/#\/schema\/logo\/image\/"},"sameAs":["https:\/\/www.facebook.com\/uniekeuitjes.nl","https:\/\/www.instagram.com\/uniekeuitjes.nl\/","https:\/\/www.linkedin.com\/company\/unieke-uitjes-nl","https:\/\/www.youtube.com\/channel\/UCXwRXFWP_R0kxRAeL79FQfw"]}]}},"_links":{"self":[{"href":"https:\/\/uniekeuitjes.nl\/de\/wp-json\/wp\/v2\/pages\/11652","targetHints":{"allow":["GET"]}}],"collection":[{"href":"https:\/\/uniekeuitjes.nl\/de\/wp-json\/wp\/v2\/pages"}],"about":[{"href":"https:\/\/uniekeuitjes.nl\/de\/wp-json\/wp\/v2\/types\/page"}],"author":[{"embeddable":true,"href":"https:\/\/uniekeuitjes.nl\/de\/wp-json\/wp\/v2\/users\/2"}],"replies":[{"embeddable":true,"href":"https:\/\/uniekeuitjes.nl\/de\/wp-json\/wp\/v2\/comments?post=11652"}],"version-history":[{"count":0,"href":"https:\/\/uniekeuitjes.nl\/de\/wp-json\/wp\/v2\/pages\/11652\/revisions"}],"wp:featuredmedia":[{"embeddable":true,"href":"https:\/\/uniekeuitjes.nl\/de\/wp-json\/wp\/v2\/media\/11587"}],"wp:attachment":[{"href":"https:\/\/uniekeuitjes.nl\/de\/wp-json\/wp\/v2\/media?parent=11652"}],"wp:term":[{"taxonomy":"category","embeddable":true,"href":"https:\/\/uniekeuitjes.nl\/de\/wp-json\/wp\/v2\/categories?post=11652"}],"curies":[{"name":"wp","href":"https:\/\/api.w.org\/{rel}","templated":true}]}}