{"id":11687,"date":"2022-12-07T10:55:34","date_gmt":"2022-12-07T10:55:34","guid":{"rendered":"https:\/\/uniekeuitjes.nl\/einzigartige-ausfluege-borculo\/"},"modified":"2022-12-07T10:55:34","modified_gmt":"2022-12-07T10:55:34","slug":"einzigartige-ausfluege-borculo","status":"publish","type":"page","link":"https:\/\/uniekeuitjes.nl\/de\/einzigartige-ausfluege-borculo\/","title":{"rendered":"Einzigartige Ausfl\u00fcge Borculo"},"content":{"rendered":"<p>&nbsp;<\/p>\n<h1><span style=\"color: #00ccff;\">Die neue Niederlassung seit Oktober 2022.<\/span><\/h1>\n<p>&nbsp;<\/p>\n<h2 style=\"text-align: left;\"><span style=\"color: #000000;\">Sch\u00f6ner Borculo!<\/span><\/h2>\n<p>Kombinieren Sie einen Besuch in Borculo mit einer Aktivit\u00e4t von Unique Outings.<\/p>\n<p>Die kleine Stadt Borculo ist seit Jahrhunderten ein Begriff in der Region: Vor fast neunhundert Jahren gr\u00fcndete Rotholfus de Burclo die Heerlijkheid Borculo (und ernannte sich selbst zum &#8220;Herrn von Borculo&#8221;). Rotholfus hatte Recht, denn in der Stadt gab es viel Potenzial. Heute zeichnet sich die Stadt durch ein lebhaftes Zentrum mit gem\u00fctlichen Kneipen und Caf\u00e9s, sch\u00f6nen Grachten und einem breiten Angebot an Museen aus. Die Stadt an der Berkel ist lebendig wie nie zuvor.<\/p>\n<p>&nbsp;<\/p>\n<p>&nbsp;<\/p>\n<h2 style=\"text-align: left;\"><span style=\"color: #000000;\">Borculo Au\u00dfergew\u00f6hnlich<\/span><\/h2>\n<p>Der Hambroekplas, ein See in der N\u00e4he von Borculo, ist der ideale Ort f\u00fcr Erholung am Wasser. Auf den gro\u00dfz\u00fcgigen Liegefl\u00e4chen kann Unique Outings viele Aktivit\u00e4ten f\u00fcr Sie arrangieren. Denken Sie zum Beispiel an <a href=\"https:\/\/uniekeuitjes.nl\/uitje\/boogschieten\/\">Bogenschie\u00dfen<\/a> oder einen <a href=\"https:\/\/uniekeuitjes.nl\/uitje\/grote-zeskamp\/\">sportlichen Outdoor-Hexathlon<\/a> zusammen mit Ihren Freunden oder Kollegen.<\/p>\n<p>&nbsp;<\/p>\n<p>Der See ist auch ein hervorragender Ausgangspunkt f\u00fcr einen Ausflug in die Natur mit unseren speziellen Transportmitteln. Mit einem 100-prozentig <a href=\"https:\/\/uniekeuitjes.nl\/uitje\/echopper-elektrische-scooter-huren\/\">elektrischen E-Chopper<\/a> sausen Sie ger\u00e4uschlos durch Delight. Mit unseren <a href=\"https:\/\/uniekeuitjes.nl\/uitje\/solex-huren\/\">Solexen<\/a> k\u00f6nnen Sie die sch\u00f6ne Umgebung der Stadt auf eine etwas weniger ger\u00e4uschvolle, aber nostalgische Weise erkunden. Nat\u00fcrlich k\u00f6nnen Sie auch all unsere anderen Spezialtransportmittel wie <a href=\"https:\/\/uniekeuitjes.nl\/uitje\/transportmiddel-tandems\/\">robuste Tandems<\/a> und unsere <a href=\"https:\/\/uniekeuitjes.nl\/uitje\/trigger-huren\/\">blitzschnellen Trigger<\/a> nutzen <a href=\"https:\/\/uniekeuitjes.nl\/uitje\/trigger-huren\/\">!<\/a><\/p>\n<p>Die wundersch\u00f6nen W\u00e4lder von Borculo sind die perfekte Basis f\u00fcr eine Partie <a href=\"https:\/\/uniekeuitjes.nl\/uitje\/indoor-en-outdoor-lasergamen-op-locatie\/\">Lasertag<\/a>.<\/p>\n<p>&nbsp;<\/p>\n<p>&nbsp;<\/p>\n<h2 style=\"text-align: left;\"><span style=\"color: #000000;\">\u00dcbernachtung in Borculo<\/span><\/h2>\n<p>Der Ort Borculo ist auch ein einzigartiger Ort zum \u00dcbernachten. Die Gruppenunterkunft bietet Platz f\u00fcr bis zu 21 Personen, und es gibt auch 2 separate Doppelzimmer zu mieten.<\/p>\n<p>F\u00fcr Reservierungen und Verf\u00fcgbarkeit besuchen Sie bitte unsere <a href=\"https:\/\/uniekeuitjes.nl\/overnachten\/\">Unterkunftsseite<\/a>.<\/p>\n<p>&nbsp;<\/p>\n<p>&nbsp;<\/p>\n<h2 style=\"text-align: left;\"><span style=\"color: #000000;\">Kooperierende Gastfreundschaft<\/span><\/h2>\n<p>In Borculo arbeiten wir gerne mit der <a href=\"https:\/\/grandcafedegracht.nl\/\">\u00f6rtlichen<\/a> Horeca zusammen. Die gem\u00fctlichen Restaurants bieten k\u00f6stliche Speisen und Getr\u00e4nke, sind aber auch ein idealer Ort f\u00fcr Familien- und Firmenfeiern. Und einmalige Ausfl\u00fcge? Wir sorgen f\u00fcr die Aktivit\u00e4ten auf Ihrer Party. Testen Sie Ihr Wissen zum Beispiel bei unserem <a href=\"https:\/\/uniekeuitjes.nl\/uitje\/pubquiz\/\">Pub-Quiz<\/a>, oder setzen Sie bei unserem eleganten <a href=\"https:\/\/uniekeuitjes.nl\/uitje\/casino-avond\/\">Casino-Abend<\/a> hohe Betr\u00e4ge. Unique Outings hat alles, was Sie brauchen, um Ihre Mitarbeiterparty zu einem mehr als erfolgreichen Abend zu machen.<\/p>\n<p>&nbsp;<\/p>\n<p>Ob der derzeitige Herr von Borculo (ein gewisser Willem-Alexander aus Den Haag) dabei anwesend sein wird, bleibt abzuwarten. Es ist jedoch sicher, dass Unique Outings f\u00fcr Sie da sein wird.<\/p>\n<p>&nbsp;<\/p>\n<p><strong>Besuchen Sie unsere Website f\u00fcr das <span style=\"color: #00ccff;\"><br \/>\n  <a style=\"color: #00ccff;\" href=\"https:\/\/uniekeuitjes.nl\/alle-uitjes\/\">das gesamte Angebot an einzigartigen Ausfl\u00fcgen und Aktivit\u00e4ten<\/a><br \/>\n<\/span> und nehmen Sie <a href=\"https:\/\/uniekeuitjes.nl\/contact\/\"><br \/>\n  <span style=\"color: #00ccff;\">Kontakt<\/span><br \/>\n<\/a> uns f\u00fcr alle M\u00f6glichkeiten.  <\/strong><\/p>\n<p>&nbsp;<\/p>\n<p>&nbsp;<\/p>\n<p>&nbsp;<\/p>\n<p><img loading=\"lazy\" decoding=\"async\" class=\"size-medium wp-image-10328 aligncenter\" src=\"http:\/\/uniekeuitjes.nl\/wp-content\/uploads\/2023\/01\/Luchtfoto-300x210.jpg\" alt=\"\" width=\"300\" height=\"210\" srcset=\"https:\/\/uniekeuitjes.nl\/wp-content\/uploads\/2023\/01\/Luchtfoto-300x210.jpg 300w, https:\/\/uniekeuitjes.nl\/wp-content\/uploads\/2023\/01\/Luchtfoto-600x420.jpg 600w, https:\/\/uniekeuitjes.nl\/wp-content\/uploads\/2023\/01\/Luchtfoto.jpg 694w\" sizes=\"auto, (max-width: 300px) 100vw, 300px\" \/><\/p>\n<p>&nbsp;<\/p>\n<p>&nbsp;<\/p>\n<style>.embed-container { position: relative; padding-bottom: 56.25%; height: 0; overflow: hidden; max-width: 100%; } .embed-container iframe, .embed-container object, .embed-container embed { position: absolute; top: 0; left: 0; width: 100%; height: 100%; }<\/style>\n<div class=\"embed-container\"><iframe loading=\"lazy\" style=\"border: 0;\" src=\"https:\/\/www.google.com\/maps\/embed?pb=!1m18!1m12!1m3!1d2450.0044192729!2d6.535871215281648!3d52.116048373839874!2m3!1f0!2f0!3f0!3m2!1i1024!2i768!4f13.1!3m3!1m2!1s0x47b87565370c3ed3%3A0xbac5687958725b4d!2sUnieke%20Uitjes%20Borculo!5e0!3m2!1snl!2snl!4v1672910341742!5m2!1snl!2snl\" width=\"800\" height=\"600\" allowfullscreen=\"allowfullscreen\"><\/iframe><\/div>\n<div><\/div>\n<div><\/div>\n<div><\/div>\n<div><\/div>\n<div><\/div>\n<div><\/div>\n<div><\/div>\n<div><\/div>\n<div><\/div>\n<div><\/div>\n<div><\/div>\n<div><\/div>\n<div><\/div>\n<div><\/div>\n","protected":false},"excerpt":{"rendered":"<p>&nbsp; Die neue Niederlassung seit Oktober 2022. &nbsp; Sch\u00f6ner Borculo! Kombinieren Sie einen Besuch in Borculo mit einer Aktivit\u00e4t von Unique Outings. Die kleine Stadt Borculo ist seit Jahrhunderten ein Begriff in der Region: Vor fast neunhundert Jahren gr\u00fcndete Rotholfus de Burclo die Heerlijkheid Borculo (und ernannte sich selbst zum &#8220;Herrn von Borculo&#8221;). Rotholfus hatte [&hellip;]<\/p>\n","protected":false},"author":1,"featured_media":13922,"parent":0,"menu_order":0,"comment_status":"closed","ping_status":"closed","template":"","meta":{"_acf_changed":false,"_monsterinsights_skip_tracking":false,"_monsterinsights_sitenote_active":false,"_monsterinsights_sitenote_note":"","_monsterinsights_sitenote_category":0,"footnotes":""},"categories":[],"class_list":["post-11687","page","type-page","status-publish","has-post-thumbnail","hentry"],"acf":[],"yoast_head":"<!-- This site is optimized with the Yoast SEO plugin v27.4 - https:\/\/yoast.com\/product\/yoast-seo-wordpress\/ -->\n<title>Einzigartige Ausfl\u00fcge Borculo - Uniekeuitjes.nl<\/title>\n<meta name=\"description\" content=\"Einzigartige Ausfl\u00fcge Borculo\" \/>\n<meta name=\"robots\" content=\"index, follow, max-snippet:-1, max-image-preview:large, max-video-preview:-1\" \/>\n<link rel=\"canonical\" href=\"https:\/\/uniekeuitjes.nl\/de\/einzigartige-ausfluege-borculo\/\" \/>\n<meta property=\"og:locale\" content=\"nl_NL\" \/>\n<meta property=\"og:type\" content=\"article\" \/>\n<meta property=\"og:title\" content=\"Einzigartige Ausfl\u00fcge Borculo - Uniekeuitjes.nl\" \/>\n<meta property=\"og:description\" content=\"Einzigartige Ausfl\u00fcge Borculo\" \/>\n<meta property=\"og:url\" content=\"https:\/\/uniekeuitjes.nl\/de\/einzigartige-ausfluege-borculo\/\" \/>\n<meta property=\"og:site_name\" content=\"Uniekeuitjes.nl\" \/>\n<meta property=\"article:publisher\" content=\"https:\/\/www.facebook.com\/uniekeuitjes.nl\" \/>\n<meta property=\"og:image\" content=\"https:\/\/uniekeuitjes.nl\/wp-content\/uploads\/2025\/07\/MDYC5477bewerkt-scaled.jpg\" \/>\n\t<meta property=\"og:image:width\" content=\"2560\" \/>\n\t<meta property=\"og:image:height\" content=\"2211\" \/>\n\t<meta property=\"og:image:type\" content=\"image\/jpeg\" \/>\n<meta name=\"twitter:card\" content=\"summary_large_image\" \/>\n<meta name=\"twitter:label1\" content=\"Geschatte leestijd\" \/>\n\t<meta name=\"twitter:data1\" content=\"2 minuten\" \/>\n<script type=\"application\/ld+json\" class=\"yoast-schema-graph\">{\"@context\":\"https:\\\/\\\/schema.org\",\"@graph\":[{\"@type\":\"WebPage\",\"@id\":\"https:\\\/\\\/uniekeuitjes.nl\\\/de\\\/einzigartige-ausfluege-borculo\\\/\",\"url\":\"https:\\\/\\\/uniekeuitjes.nl\\\/de\\\/einzigartige-ausfluege-borculo\\\/\",\"name\":\"Einzigartige Ausfl\u00fcge Borculo - Uniekeuitjes.nl\",\"isPartOf\":{\"@id\":\"\\\/#website\"},\"primaryImageOfPage\":{\"@id\":\"https:\\\/\\\/uniekeuitjes.nl\\\/de\\\/einzigartige-ausfluege-borculo\\\/#primaryimage\"},\"image\":{\"@id\":\"https:\\\/\\\/uniekeuitjes.nl\\\/de\\\/einzigartige-ausfluege-borculo\\\/#primaryimage\"},\"thumbnailUrl\":\"https:\\\/\\\/uniekeuitjes.nl\\\/wp-content\\\/uploads\\\/2025\\\/07\\\/MDYC5477bewerkt-scaled.jpg\",\"datePublished\":\"2022-12-07T10:55:34+00:00\",\"description\":\"Einzigartige Ausfl\u00fcge Borculo\",\"breadcrumb\":{\"@id\":\"https:\\\/\\\/uniekeuitjes.nl\\\/de\\\/einzigartige-ausfluege-borculo\\\/#breadcrumb\"},\"inLanguage\":\"nl-NL\",\"potentialAction\":[{\"@type\":\"ReadAction\",\"target\":[\"https:\\\/\\\/uniekeuitjes.nl\\\/de\\\/einzigartige-ausfluege-borculo\\\/\"]}]},{\"@type\":\"ImageObject\",\"inLanguage\":\"nl-NL\",\"@id\":\"https:\\\/\\\/uniekeuitjes.nl\\\/de\\\/einzigartige-ausfluege-borculo\\\/#primaryimage\",\"url\":\"https:\\\/\\\/uniekeuitjes.nl\\\/wp-content\\\/uploads\\\/2025\\\/07\\\/MDYC5477bewerkt-scaled.jpg\",\"contentUrl\":\"https:\\\/\\\/uniekeuitjes.nl\\\/wp-content\\\/uploads\\\/2025\\\/07\\\/MDYC5477bewerkt-scaled.jpg\",\"width\":2560,\"height\":2211,\"caption\":\"Fiat Topolino microcar huren\"},{\"@type\":\"BreadcrumbList\",\"@id\":\"https:\\\/\\\/uniekeuitjes.nl\\\/de\\\/einzigartige-ausfluege-borculo\\\/#breadcrumb\",\"itemListElement\":[{\"@type\":\"ListItem\",\"position\":1,\"name\":\"Home\",\"item\":\"https:\\\/\\\/uniekeuitjes.nl\\\/de\\\/\"},{\"@type\":\"ListItem\",\"position\":2,\"name\":\"Einzigartige Ausfl\u00fcge Borculo\"}]},{\"@type\":\"WebSite\",\"@id\":\"\\\/#website\",\"url\":\"\\\/\",\"name\":\"Uniekeuitjes.nl\",\"description\":\"Goedkope leuke uitjes zelf samen te stellen\",\"publisher\":{\"@id\":\"\\\/#organization\"},\"potentialAction\":[{\"@type\":\"SearchAction\",\"target\":{\"@type\":\"EntryPoint\",\"urlTemplate\":\"\\\/?s={search_term_string}\"},\"query-input\":{\"@type\":\"PropertyValueSpecification\",\"valueRequired\":true,\"valueName\":\"search_term_string\"}}],\"inLanguage\":\"nl-NL\"},{\"@type\":\"Organization\",\"@id\":\"\\\/#organization\",\"name\":\"Unieke Uitjes\",\"url\":\"\\\/\",\"logo\":{\"@type\":\"ImageObject\",\"inLanguage\":\"nl-NL\",\"@id\":\"\\\/#\\\/schema\\\/logo\\\/image\\\/\",\"url\":\"https:\\\/\\\/uniekeuitjes.nl\\\/wp-content\\\/uploads\\\/2019\\\/02\\\/site-login-logo.png\",\"contentUrl\":\"https:\\\/\\\/uniekeuitjes.nl\\\/wp-content\\\/uploads\\\/2019\\\/02\\\/site-login-logo.png\",\"width\":708,\"height\":345,\"caption\":\"Unieke Uitjes\"},\"image\":{\"@id\":\"\\\/#\\\/schema\\\/logo\\\/image\\\/\"},\"sameAs\":[\"https:\\\/\\\/www.facebook.com\\\/uniekeuitjes.nl\",\"https:\\\/\\\/www.instagram.com\\\/uniekeuitjes.nl\\\/\",\"https:\\\/\\\/www.linkedin.com\\\/company\\\/unieke-uitjes-nl\",\"https:\\\/\\\/www.youtube.com\\\/channel\\\/UCXwRXFWP_R0kxRAeL79FQfw\"]}]}<\/script>\n<!-- \/ Yoast SEO plugin. -->","yoast_head_json":{"title":"Einzigartige Ausfl\u00fcge Borculo - Uniekeuitjes.nl","description":"Einzigartige Ausfl\u00fcge Borculo","robots":{"index":"index","follow":"follow","max-snippet":"max-snippet:-1","max-image-preview":"max-image-preview:large","max-video-preview":"max-video-preview:-1"},"canonical":"https:\/\/uniekeuitjes.nl\/de\/einzigartige-ausfluege-borculo\/","og_locale":"nl_NL","og_type":"article","og_title":"Einzigartige Ausfl\u00fcge Borculo - Uniekeuitjes.nl","og_description":"Einzigartige Ausfl\u00fcge Borculo","og_url":"https:\/\/uniekeuitjes.nl\/de\/einzigartige-ausfluege-borculo\/","og_site_name":"Uniekeuitjes.nl","article_publisher":"https:\/\/www.facebook.com\/uniekeuitjes.nl","og_image":[{"width":2560,"height":2211,"url":"https:\/\/uniekeuitjes.nl\/wp-content\/uploads\/2025\/07\/MDYC5477bewerkt-scaled.jpg","type":"image\/jpeg"}],"twitter_card":"summary_large_image","twitter_misc":{"Geschatte leestijd":"2 minuten"},"schema":{"@context":"https:\/\/schema.org","@graph":[{"@type":"WebPage","@id":"https:\/\/uniekeuitjes.nl\/de\/einzigartige-ausfluege-borculo\/","url":"https:\/\/uniekeuitjes.nl\/de\/einzigartige-ausfluege-borculo\/","name":"Einzigartige Ausfl\u00fcge Borculo - Uniekeuitjes.nl","isPartOf":{"@id":"\/#website"},"primaryImageOfPage":{"@id":"https:\/\/uniekeuitjes.nl\/de\/einzigartige-ausfluege-borculo\/#primaryimage"},"image":{"@id":"https:\/\/uniekeuitjes.nl\/de\/einzigartige-ausfluege-borculo\/#primaryimage"},"thumbnailUrl":"https:\/\/uniekeuitjes.nl\/wp-content\/uploads\/2025\/07\/MDYC5477bewerkt-scaled.jpg","datePublished":"2022-12-07T10:55:34+00:00","description":"Einzigartige Ausfl\u00fcge Borculo","breadcrumb":{"@id":"https:\/\/uniekeuitjes.nl\/de\/einzigartige-ausfluege-borculo\/#breadcrumb"},"inLanguage":"nl-NL","potentialAction":[{"@type":"ReadAction","target":["https:\/\/uniekeuitjes.nl\/de\/einzigartige-ausfluege-borculo\/"]}]},{"@type":"ImageObject","inLanguage":"nl-NL","@id":"https:\/\/uniekeuitjes.nl\/de\/einzigartige-ausfluege-borculo\/#primaryimage","url":"https:\/\/uniekeuitjes.nl\/wp-content\/uploads\/2025\/07\/MDYC5477bewerkt-scaled.jpg","contentUrl":"https:\/\/uniekeuitjes.nl\/wp-content\/uploads\/2025\/07\/MDYC5477bewerkt-scaled.jpg","width":2560,"height":2211,"caption":"Fiat Topolino microcar huren"},{"@type":"BreadcrumbList","@id":"https:\/\/uniekeuitjes.nl\/de\/einzigartige-ausfluege-borculo\/#breadcrumb","itemListElement":[{"@type":"ListItem","position":1,"name":"Home","item":"https:\/\/uniekeuitjes.nl\/de\/"},{"@type":"ListItem","position":2,"name":"Einzigartige Ausfl\u00fcge Borculo"}]},{"@type":"WebSite","@id":"\/#website","url":"\/","name":"Uniekeuitjes.nl","description":"Goedkope leuke uitjes zelf samen te stellen","publisher":{"@id":"\/#organization"},"potentialAction":[{"@type":"SearchAction","target":{"@type":"EntryPoint","urlTemplate":"\/?s={search_term_string}"},"query-input":{"@type":"PropertyValueSpecification","valueRequired":true,"valueName":"search_term_string"}}],"inLanguage":"nl-NL"},{"@type":"Organization","@id":"\/#organization","name":"Unieke Uitjes","url":"\/","logo":{"@type":"ImageObject","inLanguage":"nl-NL","@id":"\/#\/schema\/logo\/image\/","url":"https:\/\/uniekeuitjes.nl\/wp-content\/uploads\/2019\/02\/site-login-logo.png","contentUrl":"https:\/\/uniekeuitjes.nl\/wp-content\/uploads\/2019\/02\/site-login-logo.png","width":708,"height":345,"caption":"Unieke Uitjes"},"image":{"@id":"\/#\/schema\/logo\/image\/"},"sameAs":["https:\/\/www.facebook.com\/uniekeuitjes.nl","https:\/\/www.instagram.com\/uniekeuitjes.nl\/","https:\/\/www.linkedin.com\/company\/unieke-uitjes-nl","https:\/\/www.youtube.com\/channel\/UCXwRXFWP_R0kxRAeL79FQfw"]}]}},"_links":{"self":[{"href":"https:\/\/uniekeuitjes.nl\/de\/wp-json\/wp\/v2\/pages\/11687","targetHints":{"allow":["GET"]}}],"collection":[{"href":"https:\/\/uniekeuitjes.nl\/de\/wp-json\/wp\/v2\/pages"}],"about":[{"href":"https:\/\/uniekeuitjes.nl\/de\/wp-json\/wp\/v2\/types\/page"}],"author":[{"embeddable":true,"href":"https:\/\/uniekeuitjes.nl\/de\/wp-json\/wp\/v2\/users\/1"}],"replies":[{"embeddable":true,"href":"https:\/\/uniekeuitjes.nl\/de\/wp-json\/wp\/v2\/comments?post=11687"}],"version-history":[{"count":0,"href":"https:\/\/uniekeuitjes.nl\/de\/wp-json\/wp\/v2\/pages\/11687\/revisions"}],"wp:featuredmedia":[{"embeddable":true,"href":"https:\/\/uniekeuitjes.nl\/de\/wp-json\/wp\/v2\/media\/13922"}],"wp:attachment":[{"href":"https:\/\/uniekeuitjes.nl\/de\/wp-json\/wp\/v2\/media?parent=11687"}],"wp:term":[{"taxonomy":"category","embeddable":true,"href":"https:\/\/uniekeuitjes.nl\/de\/wp-json\/wp\/v2\/categories?post=11687"}],"curies":[{"name":"wp","href":"https:\/\/api.w.org\/{rel}","templated":true}]}}