{"id":11690,"date":"2022-07-06T11:26:03","date_gmt":"2022-07-06T11:26:03","guid":{"rendered":"https:\/\/uniekeuitjes.nl\/besuchen-sie-die-achterhoek\/"},"modified":"2022-07-06T11:26:03","modified_gmt":"2022-07-06T11:26:03","slug":"besuchen-sie-die-achterhoek","status":"publish","type":"page","link":"https:\/\/uniekeuitjes.nl\/de\/besuchen-sie-die-achterhoek\/","title":{"rendered":"Besuchen Sie die Achterhoek"},"content":{"rendered":"<p><em>In der Achterhoek gibt es immer etwas zu tun, bei sch\u00f6nem Wetter und bei Regen l\u00e4dt die Achterhoek Sie ein!!!<\/em><\/p>\n<p>&nbsp;<\/p>\n<p><strong>Aktivit\u00e4ten<br \/>\n<\/strong>Auf bezoekdeachterhoek.nl finden Sie alles, was es zu tun gibt. Denken Sie an lustige Aktivit\u00e4ten wie Kanufahren auf der Berkel, Klootschieten auf den Wiesen oder den Besuch eines der sch\u00f6nen Museen in der Achterhoek.<\/p>\n<p>&nbsp;<\/p>\n<p><strong>Radfahren, Wandern, Mountainbiking<br \/>\n<\/strong>Die Achterhoek ist wundersch\u00f6n zum Radfahren, Wandern oder Mountainbiking. Auf bezoekdeachterhoek.nl finden Sie die <a href=\"https:\/\/bezoekdeachterhoek.nl\/nl\/zien-en-doen\/lange%20wandelroutes%20\/\" target=\"_blank\" rel=\"noopener\">sch\u00f6nsten Wander-<\/a> und <a href=\"https:\/\/bezoekdeachterhoek.nl\/nl\/zien-en-doen\/recreatief%20fietsen%20\/\" target=\"_blank\" rel=\"noopener\">Fahrradrouten,<\/a> denken Sie an eine Wanderung durch die sch\u00f6nen W\u00e4lder von <a href=\"https:\/\/bezoekdeachterhoek.nl\/nl\/gemeenten\/lochem\/\" target=\"_blank\" rel=\"noopener\">Lochem<\/a> oder schlendern Sie durch eine der historischen St\u00e4dte der Achterhoek, jede Stadt oder jedes Dorf sieht anders aus und h\u00e4lt viele \u00dcberraschungen bereit. Die Routen von mooi-achterhoek.nl sind auch bei Visit the Achterhoek aufgef\u00fchrt.<\/p>\n<p>Mountainbiken ist in Lochem gro\u00dfartig. Lochem bietet eine <a href=\"https:\/\/bezoekdeachterhoek.nl\/nl\/zien-en-doen\/mountainbiken\/\" target=\"_blank\" rel=\"noopener\">anspruchsvolle Mountainbike-Route <\/a>mit mehreren Abzweigungen, die keine Langeweile aufkommen l\u00e4sst.<\/p>\n<p>Auch auf dem Fahrrad bietet die Achterhoek viele verschiedene Regionen, z.B. radeln Sie auf der Acht-Schl\u00f6sser-Route an einer Reihe von sch\u00f6nen Landg\u00fctern und Schl\u00f6ssern in der Achterhoek vorbei.<\/p>\n<p>&nbsp;<\/p>\n<p><strong>Burgundische<br \/>\n<\/strong><\/p>\n<p>Nat\u00fcrlich ist die Achterhoek auch f\u00fcr ihre burgundische K\u00fcche bekannt, auf <a href=\"https:\/\/bezoekdeachterhoek.nl\" target=\"_blank\" rel=\"noopener\">bezoekdeachterhoek.nl<\/a> finden Sie das Gastst\u00e4ttengewerbe in der Achterhoek. Wenn Sie also keine Lust haben zu kochen, k\u00f6nnen Sie bei uns leicht herausfinden, wo Sie essen k\u00f6nnen. Und wenn Sie keine Lust haben, auszugehen, dann lassen Sie es sich doch einfach liefern, oder?<\/p>\n<p>&nbsp;<\/p>\n<p><strong><br \/>\nEinkaufen<\/strong><\/p>\n<p>In der Achterhoek gibt es viele St\u00e4dte und D\u00f6rfer, die alle ihren eigenen Charakter, ihre eigene Geschichte und Geschichte haben. Bummeln Sie durch das Stadtzentrum, vorbei an<a href=\"https:\/\/bezoekdeachterhoek.nl\/nl\/verblijf\/\" target=\"_blank\" rel=\"noopener\">malerischen Boutiquen, Lebensmittelgesch\u00e4ften und L\u00e4den<\/a> mit <a href=\"https:\/\/bezoekdeachterhoek.nl\/nl\/webshop\/\">lokalen Produkten<\/a>. Sie k\u00f6nnen nat\u00fcrlich auch die gro\u00dfen Kaufh\u00e4user und Ladenketten in der Achterhoek besuchen.<\/p>\n<p>&nbsp;<\/p>\n<p><strong>Bleiben Sie<br \/>\n<\/strong><\/p>\n<p><a href=\"https:\/\/bezoekdeachterhoek.nl\/nl\/verblijf\/\" target=\"_blank\" rel=\"noopener\">Ein Aufenthalt in der Achterhoek<\/a>  ist sehr vielf\u00e4ltig, so dass Sie in den luxuri\u00f6sesten Hotels \u00fcbernachten k\u00f6nnen, z. B. im Wald, in einem Bed &amp; Breakfast auf einer Wiese oder mitten in einem Dorf oder einer Stadt, aber auch in einem der vielen  <a href=\"https:\/\/bezoekdeachterhoek.nl\/nl\/verblijf\/campings\/\" target=\"_blank\" rel=\"noopener\">Campingpl\u00e4tze<\/a>,  <a href=\"https:\/\/bezoekdeachterhoek.nl\/nl\/verblijf\/boerencampings\/\" target=\"_blank\" rel=\"noopener\">Bauernhof-Campingpl\u00e4tze<\/a>  und  <a href=\"https:\/\/bezoekdeachterhoek.nl\/nl\/verblijf\/recreatieparken\/\" target=\"_blank\" rel=\"noopener\">Erholungsparks<\/a>  in der Region Achterhoek. Die Achterhoek ist die Heimat aller M\u00e4rkte; wir bringen dies klar und deutlich zum Ausdruck.<\/p>\n<p>Neugierig, was man in der Achterhoek sonst noch unternehmen kann?<\/p>\n<p>&nbsp;<\/p>\n<p><a class=\"lm\" href=\"https:\/\/bezoekdeachterhoek.nl\">Die Website von Visit the Achterhoek.<\/a><\/p>\n","protected":false},"excerpt":{"rendered":"<p>In der Achterhoek gibt es immer etwas zu tun, bei sch\u00f6nem Wetter und bei Regen l\u00e4dt die Achterhoek Sie ein!!! &nbsp; Aktivit\u00e4ten Auf bezoekdeachterhoek.nl finden Sie alles, was es zu tun gibt. Denken Sie an lustige Aktivit\u00e4ten wie Kanufahren auf der Berkel, Klootschieten auf den Wiesen oder den Besuch eines der sch\u00f6nen Museen in der [&hellip;]<\/p>\n","protected":false},"author":1,"featured_media":0,"parent":0,"menu_order":0,"comment_status":"closed","ping_status":"closed","template":"","meta":{"_acf_changed":false,"_monsterinsights_skip_tracking":false,"_monsterinsights_sitenote_active":false,"_monsterinsights_sitenote_note":"","_monsterinsights_sitenote_category":0,"footnotes":""},"categories":[73],"class_list":["post-11690","page","type-page","status-publish","hentry","category-zielseite"],"acf":[],"yoast_head":"<!-- This site is optimized with the Yoast SEO plugin v27.5 - https:\/\/yoast.com\/product\/yoast-seo-wordpress\/ -->\n<title>Besuchen Sie die Achterhoek - Uniekeuitjes.nl<\/title>\n<meta name=\"description\" content=\"Unique outings ist auch stolz darauf, Teil von Visit the Achterhoek zu sein. Sind Sie neugierig, was das bedeutet? Dann lesen Sie jetzt weiter\" \/>\n<meta name=\"robots\" content=\"index, follow, max-snippet:-1, max-image-preview:large, max-video-preview:-1\" \/>\n<link rel=\"canonical\" href=\"https:\/\/uniekeuitjes.nl\/de\/besuchen-sie-die-achterhoek\/\" \/>\n<meta property=\"og:locale\" content=\"nl_NL\" \/>\n<meta property=\"og:type\" content=\"article\" \/>\n<meta property=\"og:title\" content=\"Besuchen Sie die Achterhoek - Uniekeuitjes.nl\" \/>\n<meta property=\"og:description\" content=\"Unique outings ist auch stolz darauf, Teil von Visit the Achterhoek zu sein. Sind Sie neugierig, was das bedeutet? Dann lesen Sie jetzt weiter\" \/>\n<meta property=\"og:url\" content=\"https:\/\/uniekeuitjes.nl\/de\/besuchen-sie-die-achterhoek\/\" \/>\n<meta property=\"og:site_name\" content=\"Uniekeuitjes.nl\" \/>\n<meta property=\"article:publisher\" content=\"https:\/\/www.facebook.com\/uniekeuitjes.nl\" \/>\n<meta name=\"twitter:card\" content=\"summary_large_image\" \/>\n<meta name=\"twitter:label1\" content=\"Geschatte leestijd\" \/>\n\t<meta name=\"twitter:data1\" content=\"2 minuten\" \/>\n<script type=\"application\/ld+json\" class=\"yoast-schema-graph\">{\"@context\":\"https:\\\/\\\/schema.org\",\"@graph\":[{\"@type\":\"WebPage\",\"@id\":\"https:\\\/\\\/uniekeuitjes.nl\\\/de\\\/besuchen-sie-die-achterhoek\\\/\",\"url\":\"https:\\\/\\\/uniekeuitjes.nl\\\/de\\\/besuchen-sie-die-achterhoek\\\/\",\"name\":\"Besuchen Sie die Achterhoek - Uniekeuitjes.nl\",\"isPartOf\":{\"@id\":\"\\\/#website\"},\"datePublished\":\"2022-07-06T11:26:03+00:00\",\"description\":\"Unique outings ist auch stolz darauf, Teil von Visit the Achterhoek zu sein. Sind Sie neugierig, was das bedeutet? Dann lesen Sie jetzt weiter\",\"breadcrumb\":{\"@id\":\"https:\\\/\\\/uniekeuitjes.nl\\\/de\\\/besuchen-sie-die-achterhoek\\\/#breadcrumb\"},\"inLanguage\":\"nl-NL\",\"potentialAction\":[{\"@type\":\"ReadAction\",\"target\":[\"https:\\\/\\\/uniekeuitjes.nl\\\/de\\\/besuchen-sie-die-achterhoek\\\/\"]}]},{\"@type\":\"BreadcrumbList\",\"@id\":\"https:\\\/\\\/uniekeuitjes.nl\\\/de\\\/besuchen-sie-die-achterhoek\\\/#breadcrumb\",\"itemListElement\":[{\"@type\":\"ListItem\",\"position\":1,\"name\":\"Home\",\"item\":\"https:\\\/\\\/uniekeuitjes.nl\\\/de\\\/\"},{\"@type\":\"ListItem\",\"position\":2,\"name\":\"Besuchen Sie die Achterhoek\"}]},{\"@type\":\"WebSite\",\"@id\":\"\\\/#website\",\"url\":\"\\\/\",\"name\":\"Uniekeuitjes.nl\",\"description\":\"Goedkope leuke uitjes zelf samen te stellen\",\"publisher\":{\"@id\":\"\\\/#organization\"},\"potentialAction\":[{\"@type\":\"SearchAction\",\"target\":{\"@type\":\"EntryPoint\",\"urlTemplate\":\"\\\/?s={search_term_string}\"},\"query-input\":{\"@type\":\"PropertyValueSpecification\",\"valueRequired\":true,\"valueName\":\"search_term_string\"}}],\"inLanguage\":\"nl-NL\"},{\"@type\":\"Organization\",\"@id\":\"\\\/#organization\",\"name\":\"Unieke Uitjes\",\"url\":\"\\\/\",\"logo\":{\"@type\":\"ImageObject\",\"inLanguage\":\"nl-NL\",\"@id\":\"\\\/#\\\/schema\\\/logo\\\/image\\\/\",\"url\":\"https:\\\/\\\/uniekeuitjes.nl\\\/wp-content\\\/uploads\\\/2019\\\/02\\\/site-login-logo.png\",\"contentUrl\":\"https:\\\/\\\/uniekeuitjes.nl\\\/wp-content\\\/uploads\\\/2019\\\/02\\\/site-login-logo.png\",\"width\":708,\"height\":345,\"caption\":\"Unieke Uitjes\"},\"image\":{\"@id\":\"\\\/#\\\/schema\\\/logo\\\/image\\\/\"},\"sameAs\":[\"https:\\\/\\\/www.facebook.com\\\/uniekeuitjes.nl\",\"https:\\\/\\\/www.instagram.com\\\/uniekeuitjes.nl\\\/\",\"https:\\\/\\\/www.linkedin.com\\\/company\\\/unieke-uitjes-nl\",\"https:\\\/\\\/www.youtube.com\\\/channel\\\/UCXwRXFWP_R0kxRAeL79FQfw\"]}]}<\/script>\n<!-- \/ Yoast SEO plugin. -->","yoast_head_json":{"title":"Besuchen Sie die Achterhoek - Uniekeuitjes.nl","description":"Unique outings ist auch stolz darauf, Teil von Visit the Achterhoek zu sein. Sind Sie neugierig, was das bedeutet? Dann lesen Sie jetzt weiter","robots":{"index":"index","follow":"follow","max-snippet":"max-snippet:-1","max-image-preview":"max-image-preview:large","max-video-preview":"max-video-preview:-1"},"canonical":"https:\/\/uniekeuitjes.nl\/de\/besuchen-sie-die-achterhoek\/","og_locale":"nl_NL","og_type":"article","og_title":"Besuchen Sie die Achterhoek - Uniekeuitjes.nl","og_description":"Unique outings ist auch stolz darauf, Teil von Visit the Achterhoek zu sein. Sind Sie neugierig, was das bedeutet? Dann lesen Sie jetzt weiter","og_url":"https:\/\/uniekeuitjes.nl\/de\/besuchen-sie-die-achterhoek\/","og_site_name":"Uniekeuitjes.nl","article_publisher":"https:\/\/www.facebook.com\/uniekeuitjes.nl","twitter_card":"summary_large_image","twitter_misc":{"Geschatte leestijd":"2 minuten"},"schema":{"@context":"https:\/\/schema.org","@graph":[{"@type":"WebPage","@id":"https:\/\/uniekeuitjes.nl\/de\/besuchen-sie-die-achterhoek\/","url":"https:\/\/uniekeuitjes.nl\/de\/besuchen-sie-die-achterhoek\/","name":"Besuchen Sie die Achterhoek - Uniekeuitjes.nl","isPartOf":{"@id":"\/#website"},"datePublished":"2022-07-06T11:26:03+00:00","description":"Unique outings ist auch stolz darauf, Teil von Visit the Achterhoek zu sein. Sind Sie neugierig, was das bedeutet? Dann lesen Sie jetzt weiter","breadcrumb":{"@id":"https:\/\/uniekeuitjes.nl\/de\/besuchen-sie-die-achterhoek\/#breadcrumb"},"inLanguage":"nl-NL","potentialAction":[{"@type":"ReadAction","target":["https:\/\/uniekeuitjes.nl\/de\/besuchen-sie-die-achterhoek\/"]}]},{"@type":"BreadcrumbList","@id":"https:\/\/uniekeuitjes.nl\/de\/besuchen-sie-die-achterhoek\/#breadcrumb","itemListElement":[{"@type":"ListItem","position":1,"name":"Home","item":"https:\/\/uniekeuitjes.nl\/de\/"},{"@type":"ListItem","position":2,"name":"Besuchen Sie die Achterhoek"}]},{"@type":"WebSite","@id":"\/#website","url":"\/","name":"Uniekeuitjes.nl","description":"Goedkope leuke uitjes zelf samen te stellen","publisher":{"@id":"\/#organization"},"potentialAction":[{"@type":"SearchAction","target":{"@type":"EntryPoint","urlTemplate":"\/?s={search_term_string}"},"query-input":{"@type":"PropertyValueSpecification","valueRequired":true,"valueName":"search_term_string"}}],"inLanguage":"nl-NL"},{"@type":"Organization","@id":"\/#organization","name":"Unieke Uitjes","url":"\/","logo":{"@type":"ImageObject","inLanguage":"nl-NL","@id":"\/#\/schema\/logo\/image\/","url":"https:\/\/uniekeuitjes.nl\/wp-content\/uploads\/2019\/02\/site-login-logo.png","contentUrl":"https:\/\/uniekeuitjes.nl\/wp-content\/uploads\/2019\/02\/site-login-logo.png","width":708,"height":345,"caption":"Unieke Uitjes"},"image":{"@id":"\/#\/schema\/logo\/image\/"},"sameAs":["https:\/\/www.facebook.com\/uniekeuitjes.nl","https:\/\/www.instagram.com\/uniekeuitjes.nl\/","https:\/\/www.linkedin.com\/company\/unieke-uitjes-nl","https:\/\/www.youtube.com\/channel\/UCXwRXFWP_R0kxRAeL79FQfw"]}]}},"_links":{"self":[{"href":"https:\/\/uniekeuitjes.nl\/de\/wp-json\/wp\/v2\/pages\/11690","targetHints":{"allow":["GET"]}}],"collection":[{"href":"https:\/\/uniekeuitjes.nl\/de\/wp-json\/wp\/v2\/pages"}],"about":[{"href":"https:\/\/uniekeuitjes.nl\/de\/wp-json\/wp\/v2\/types\/page"}],"author":[{"embeddable":true,"href":"https:\/\/uniekeuitjes.nl\/de\/wp-json\/wp\/v2\/users\/1"}],"replies":[{"embeddable":true,"href":"https:\/\/uniekeuitjes.nl\/de\/wp-json\/wp\/v2\/comments?post=11690"}],"version-history":[{"count":0,"href":"https:\/\/uniekeuitjes.nl\/de\/wp-json\/wp\/v2\/pages\/11690\/revisions"}],"wp:attachment":[{"href":"https:\/\/uniekeuitjes.nl\/de\/wp-json\/wp\/v2\/media?parent=11690"}],"wp:term":[{"taxonomy":"category","embeddable":true,"href":"https:\/\/uniekeuitjes.nl\/de\/wp-json\/wp\/v2\/categories?post=11690"}],"curies":[{"name":"wp","href":"https:\/\/api.w.org\/{rel}","templated":true}]}}