{"id":11700,"date":"2020-05-12T13:15:58","date_gmt":"2020-05-12T13:15:58","guid":{"rendered":"https:\/\/uniekeuitjes.nl\/campingplaetze-in-achterhoek-stedendriehoek-und-twente\/"},"modified":"2020-05-12T13:15:58","modified_gmt":"2020-05-12T13:15:58","slug":"campingplaetze-in-achterhoek-stedendriehoek-und-twente","status":"publish","type":"page","link":"https:\/\/uniekeuitjes.nl\/de\/campingplaetze-in-achterhoek-stedendriehoek-und-twente\/","title":{"rendered":"Campingpl\u00e4tze in Achterhoek, Stedendriehoek und Twente"},"content":{"rendered":"<h2>Campingpl\u00e4tze in Achterhoek, Stedendriehoek und Twente<\/h2>\n<p>Es gibt viele Campingpl\u00e4tze in Achterhoek, Stedendriehoek und Twente. Die Campingpl\u00e4tze sind vom UniqueOuts-Gel\u00e4nde aus in kurzer Zeit mit dem Auto zu erreichen. Das macht es sehr einfach, nach Ihrer Aktivit\u00e4t oder Ihrem Ausflug mit UniqueUitjes zu Ihrem \u00dcbernachtungsort zu gelangen.<\/p>\n<p>&nbsp;<\/p>\n<p>Nachstehend finden Sie eine \u00dcbersicht \u00fcber die zahlreichen Campingpl\u00e4tze in unserer Region. Sind Sie auf der Suche nach einer Aktivit\u00e4t, die Ihren Aufenthalt auf einem dieser Campingpl\u00e4tze erg\u00e4nzt? Dann klicken Sie auf <a href=\"https:\/\/uniekeuitjes.nl\/alle-uitjes\/\">diesen<\/a> Link.<\/p>\n<p>&nbsp;<\/p>\n<table>\n<thead>\n<tr>\n<th>Zeltplatz<\/th>\n<th>Standort<\/th>\n<th>Entfernung von UniqueOuts<\/th>\n<th>Kontakt<\/th>\n<\/tr>\n<\/thead>\n<tbody>\n<tr>\n<td>Mini-Camping in der Achterhoek<\/td>\n<td>Hengelo GLD.<\/td>\n<td>20,4 km<\/td>\n<td>info@minicampingdeachterhoek.nl<\/p>\n<p>0575 -461441<\/td>\n<td><a class=\"btn\" href=\"https:\/\/www.minicampingdeachterhoek.nl\/\">mehr Infos<\/a><\/td>\n<\/tr>\n<tr>\n<td>Der Waldrand<\/td>\n<td>Laren<\/td>\n<td>6,2 km<\/td>\n<td><a href=\"mailto:info@camping-bosrand.nl\">info@camping-bosrand.nl<\/a><\/p>\n<p>0573 421229<\/td>\n<td><a class=\"btn\" href=\"https:\/\/www.camping-bosrand.com\/\">mehr Infos<\/a><\/td>\n<\/tr>\n<tr>\n<td>Camping de Vrolijk<\/td>\n<td>Laren<\/td>\n<td>4,3 km<\/td>\n<td><a href=\"mailto:info@campingdevrolijk.nl\">info@campingdevrolijk.nl<\/a><\/p>\n<p>0573 401941<\/td>\n<td><a class=\"btn\" href=\"https:\/\/www.campingdevrolijk.nl\/\">mehr Infos<\/a><\/td>\n<\/tr>\n<tr>\n<td>Tamaring Ruurlo<\/td>\n<td>Ruurlo<\/td>\n<td>15,6 km<\/td>\n<td><a href=\"mailto:info@camping-tamaring.nl\">info@camping-tamaring.nl<\/a><\/p>\n<p>0573 &#8211; 451486<\/td>\n<td><a class=\"btn\" href=\"https:\/\/www.camping-tamaring.nl\/\">mehr Infos<\/a><\/td>\n<\/tr>\n<tr>\n<td>Ferienpark t Sikkeler<\/td>\n<td>Ruurlo<\/td>\n<td>23 km<\/td>\n<td>0573 &#8211; 461221<\/td>\n<td><a class=\"btn\" href=\"https:\/\/www.sikkeler.nl\/\">mehr Infos<\/a><\/td>\n<\/tr>\n<tr>\n<td>Die Adonislibelle<\/td>\n<td>Harfsen<\/td>\n<td>4,9 km<\/td>\n<td>0573 431359<\/p>\n<p><a href=\"mailto:info@campingdewaterjuffer.nl\">info@campingdewaterjuffer.nl<\/a><\/td>\n<td><a class=\"btn\" href=\"https:\/\/www.campingdewaterjuffer.nl\/\">mehr Infos<\/a><\/td>\n<\/tr>\n<tr>\n<td>Die Schmetterlingsfarm<\/td>\n<td>Kring van Dorth<\/td>\n<td>8,2 km,<\/td>\n<td>0573 431 354<\/td>\n<td><a class=\"btn\" href=\"https:\/\/www.landal.nl\/parken\/de-vlinderhoeve?gclid=EAIaIQobChMIo83D5I2u6QIVBKp3Ch2sFQsGEAAYASAAEgKe7fD_BwE\">mehr Infos<\/a><\/td>\n<\/tr>\n<tr>\n<td>De Huurne<\/td>\n<td>Harfsen<\/td>\n<td>6,5 km<\/td>\n<td><a href=\"mailto:campingdehuurne@hotmail.com\">campingdehuurne@hotmail.com<\/a><\/p>\n<p>0573 459026<\/td>\n<td><a class=\"btn\" href=\"http:\/\/www.dehuurne.nl\/\">mehr Infos<\/a><\/td>\n<\/tr>\n<tr>\n<td>Der Poppe<\/td>\n<td>Markelo<\/td>\n<td>12,3 km<\/td>\n<td><a href=\"mailto:info@depoppe.nl\">info@depoppe.nl<\/a><\/p>\n<p>0547 361206<\/td>\n<td><a class=\"btn\" href=\"http:\/\/www.depoppe.nl\/\">mehr Infos<\/a><\/td>\n<\/tr>\n<tr>\n<td>Bergblick<\/td>\n<td>Markelo<\/td>\n<td>17,5 km<\/td>\n<td>0547 272797<\/p>\n<p><a href=\"mailto:info@camping-bergzicht.nl\">info@camping-bergzicht.nl<\/a><\/td>\n<td><a class=\"btn\" href=\"https:\/\/www.camping-bergzicht.nl\/\">mehr Infos<\/a><\/td>\n<\/tr>\n<tr>\n<td>Monte Bello<\/td>\n<td>Markelo<\/td>\n<td>15,3 km<\/td>\n<td><a href=\"mailto:info@montebello.nl\">info@montebello.nl<\/a><\/p>\n<p>0547361321<\/td>\n<td><a class=\"btn\" href=\"https:\/\/www.montebello.nl\/\">mehr Infos<\/a><\/td>\n<\/tr>\n<tr>\n<td>Das Borkeld<\/td>\n<td>Markelo<\/td>\n<td>14,2 km<\/td>\n<td><a href=\"mailto:info@deborkeld.nl\">info@deborkeld.nl<\/a><\/p>\n<p>0547 363893<\/p>\n<p>06 20489445<\/td>\n<td><a class=\"btn\" href=\"https:\/\/www.deborkeld.nl\/\">mehr Infos<\/a><\/td>\n<\/tr>\n<tr>\n<td>Der obere Berg<\/td>\n<td>Markelo<\/td>\n<td>18 km<\/td>\n<td><a href=\"mailto:info@debovenberg.nl\">info@debovenberg.nl<\/a><\/p>\n<p>0547 361781<\/td>\n<td><a class=\"btn\" href=\"https:\/\/debovenberg.nl\/\">mehr Infos<\/a><\/td>\n<\/tr>\n<tr>\n<td>Die M\u00f6lnh\u00f6fe<\/td>\n<td>Diepenheim<\/td>\n<td>19,7 km<\/td>\n<td>0547 351514<\/td>\n<td><a class=\"btn\" href=\"https:\/\/www.molnhofte.nl\/\">mehr Infos<\/a><\/td>\n<\/tr>\n<tr>\n<td>Den Blanken<\/td>\n<td>Neede<\/td>\n<td>23,1 km<\/td>\n<td><a href=\"mailto:info@campingdenblanken.nl\">info@campingdenblanken.nl<\/a><\/p>\n<p>0547 351353<\/td>\n<td><a class=\"btn\" href=\"https:\/\/www.campingdenblanken.nl\/\">mehr Infos<\/a><\/td>\n<\/tr>\n<tr>\n<td>Groot Willink<\/td>\n<td>Haarlo<\/td>\n<td>18,9 km<\/td>\n<td>06 10946725<\/p>\n<p><a href=\"mailto:info@grootwillink.com\">info@grootwillink.com<\/a><\/td>\n<td><a class=\"btn\" href=\"http:\/\/www.grootwillink.com\/\">mehr Infos<\/a><\/td>\n<\/tr>\n<tr>\n<td>Natur-Campingplatz &#8217;t Scharvelt<\/td>\n<td>Haarlo<\/td>\n<td>22,1 km<\/td>\n<td>0545 261308<\/p>\n<p><a href=\"mailto:info@campingtscharvelt.nl\">info@campingtscharvelt.nl<\/a><\/p>\n<p>06 39723941<\/td>\n<td><a class=\"btn\" href=\"https:\/\/campingtscharvelt.nl\/\">mehr Infos<\/a><\/td>\n<\/tr>\n<tr>\n<td>Veldzicht<\/td>\n<td>Haarlo<\/td>\n<td>22,3 km<\/td>\n<td>0545 261290<\/td>\n<td><a class=\"btn\" href=\"https:\/\/www.campingveldzicht.nl\/\">mehr Infos<\/a><\/td>\n<\/tr>\n<tr>\n<td>Erve &#8217;t Byvanck<\/td>\n<td>Beltrum<\/td>\n<td>22,5 km<\/td>\n<td>06 41237500<\/td>\n<td><a class=\"btn\" href=\"http:\/\/erve-byvanck.nl\/squeeze-page36974540\">mehr Infos<\/a><\/td>\n<\/tr>\n<tr>\n<td>Camping de Fontein<\/td>\n<td>Eibergen<\/td>\n<td>27,1 km<\/td>\n<td>0545 474887<\/p>\n<p><a href=\"mailto:info@defontein.nl\">info@defontein.nl<\/a><\/td>\n<td><a class=\"btn\" href=\"https:\/\/defontein.nl\/\">mehr Infos<\/a><\/td>\n<\/tr>\n<tr>\n<td>Die Meibeek<\/td>\n<td>Ruurlo<\/td>\n<td>22,3 km<\/td>\n<td><a href=\"mailto:info@campingdemeibeek.nl\">info@campingdemeibeek.nl<\/a><\/p>\n<p>0573 491236<\/td>\n<td><a class=\"btn\" href=\"https:\/\/campingdemeibeek.nl\/\">mehr Infos<\/a><\/td>\n<\/tr>\n<tr>\n<td>Reustermann<\/td>\n<td>Barchem<\/td>\n<td>12,1 km<\/td>\n<td>0573 441385<\/p>\n<p><a href=\"mailto:info@reusterman.nl\">info@reusterman.nl<\/a><\/td>\n<td><a class=\"btn\" href=\"https:\/\/www.reusterman.nl\/\">mehr Infos<\/a><\/td>\n<\/tr>\n<tr>\n<td>Meulebrugge<\/td>\n<td>Vorden<\/td>\n<td>15,2 km<\/td>\n<td>0575 556612<\/p>\n<p><a href=\"mailto:info@meulenbrugge-vorden.nl\">info@meulenbrugge-vorden.nl<\/a><\/td>\n<td><a class=\"btn\" href=\"https:\/\/www.meulenbrugge-vorden.nl\/\">mehr Infos<\/a><\/td>\n<\/tr>\n<tr>\n<td>Camping der Frosch<\/td>\n<td>Halle<\/td>\n<td>26,6 km<\/td>\n<td><a href=\"mailto:info@campingdekikker.nl\">info@campingdekikker.nl<\/a><\/td>\n<td><a class=\"btn\" href=\"https:\/\/campingdekikker.nl\/\">mehr Infos<\/a><\/td>\n<\/tr>\n<tr>\n<td>Camping Waldhoorn<\/td>\n<td>Eefde<\/td>\n<td>9,9 km<\/td>\n<td><a href=\"mailto:mail@hetwaldhoorn.nl\">mail@hetwaldhoorn.nl<\/a><\/p>\n<p>0575 512269<\/p>\n<p>06 43418161<\/td>\n<td><a class=\"btn\" href=\"https:\/\/hetwaldhoorn.nl\/\">mehr Infos<\/a><\/td>\n<\/tr>\n<tr>\n<td>Landgut Kattenbergse Hoeve<\/td>\n<td>Markelo<\/td>\n<td>11,8 km<\/td>\n<td>0547 700230<\/p>\n<p><a href=\"mailto:info@kattenbergsehoeve.nl\">info@kattenbergsehoeve.nl<\/a><\/td>\n<td><a class=\"btn\" href=\"https:\/\/www.kattenbergsehoeve.nl\/\">mehr Infos<\/a><\/td>\n<\/tr>\n<tr>\n<td>Komm schon<\/td>\n<td>Hengelo GLD<\/td>\n<td>20,4 km<\/td>\n<td>0575 467242<\/p>\n<p><a href=\"mailto:informatie@kom-es-an.nl\">informatie@kom-es-an.nl<\/a><\/td>\n<td><a class=\"btn\" href=\"https:\/\/www.kom-es-an.nl\/\">mehr Infos<\/a><\/td>\n<\/tr>\n<tr>\n<td>Camping Gelders Laren<\/td>\n<td>Laren<\/td>\n<td>3 km<\/td>\n<td>0573 401378<\/p>\n<p>0652838528<\/td>\n<td><a class=\"btn\" href=\"https:\/\/campinggelderslaren.nl\/\">mehr Infos<\/a><\/td>\n<\/tr>\n<tr>\n<td>Eibernest<\/td>\n<td>Eibergen<\/td>\n<td>31 km<\/td>\n<td><a href=\"mailto:recreatie@eibernest.nl\">recreatie@eibernest.nl<\/a><\/p>\n<p>0545 471268<\/td>\n<td><a class=\"btn\" href=\"https:\/\/www.eibernest.nl\/?gclid=EAIaIQobChMIt5Spg4-u6QIVjeR3Ch0d1gW6EAAYASAAEgKz8_D_BwE\">mehr Infos<\/a><\/td>\n<\/tr>\n<tr>\n<td>Holterberg<\/td>\n<td>Holten<\/td>\n<td>13,9 km<\/td>\n<td><a href=\"mailto:holterberg@ardoer.com\">holterberg@ardoer.com<\/a><\/p>\n<p>0548 364648<\/td>\n<td><a class=\"btn\" href=\"https:\/\/www.sallandshoeve.nl\/kamperen?gclid=EAIaIQobChMIu5iwko-u6QIVhOd3Ch26kgI1EAAYAiAAEgJDhvD_BwE\">mehr Infos<\/a><\/td>\n<\/tr>\n<tr>\n<td>Grapendal<\/td>\n<td>Terwolde<\/td>\n<td>25,8 km<\/td>\n<td><a href=\"mailto:info@veluwsevakantiehuisjes.nl\">info@veluwsevakantiehuisjes.nl<\/a><\/p>\n<p>0571 292208<\/td>\n<td><a class=\"btn\" href=\"https:\/\/www.zoover.nl\/nederland\/gelderland\/terwolde-aan-de-ijssel\/nieuw-grapendaal\/vakantiepark\">mehr Infos<\/a><\/td>\n<\/tr>\n<tr>\n<td>Lieftink<\/td>\n<td>Laren<\/td>\n<td>3,9 km<\/td>\n<td>0573 401589<\/p>\n<p>0630807687<\/td>\n<td><a class=\"btn\" href=\"https:\/\/www.campinglieftink.nl\/\">mehr Infos<\/a><\/td>\n<\/tr>\n<tr>\n<td>Goldberg<\/td>\n<td>Vorden<\/td>\n<td>14,1 km<\/td>\n<td><a href=\"mailto:info@degoldberg.nl\">info@degoldberg.nl<\/a><\/p>\n<p>0575 551679<\/td>\n<td><a class=\"btn\" href=\"http:\/\/www.degoldberg.nl\/nl\/\">mehr Infos<\/a><\/td>\n<\/tr>\n<tr>\n<td>Ideal<\/td>\n<td>Holten<\/td>\n<td>15,1 km<\/td>\n<td><a href=\"mailto:info@campingideaal.nl\">info@campingideaal.nl<\/a><\/p>\n<p>0548 361725<\/td>\n<td><a class=\"btn\" href=\"https:\/\/www.sallandshoeve.nl\/kamperen?gclid=EAIaIQobChMI8szT8pSu6QIVA-N3Ch2K1wQwEAAYAiAAEgLCpPD_BwE\">mehr Infos<\/a><\/td>\n<\/tr>\n<tr>\n<td>Noetselerberg<\/td>\n<td>Nijverdal<\/td>\n<td>28,2 km<\/td>\n<td><a href=\"mailto:info@noetselerberg.nl\">info@noetselerberg.nl<\/a><\/p>\n<p>0548 612665<\/td>\n<td><a class=\"btn\" href=\"https:\/\/www.noetselerberg.nl\/?gclid=EAIaIQobChMIg8DsgJWu6QIVV-R3Ch0ZlgD2EAAYASAAEgIHYvD_BwE\">mehr Infos<\/a><\/td>\n<\/tr>\n<tr>\n<td>Zuurberg<\/td>\n<td>Holten<\/td>\n<td>11,1 km<\/td>\n<td>0548 361613<\/td>\n<td><a class=\"btn\" href=\"http:\/\/www.dezuurberg.nl\/\">mehr Infos<\/a><\/td>\n<\/tr>\n<tr>\n<td>&#8217;t Witte Zand<\/td>\n<td>Rijssen<\/td>\n<td>21,9 km<\/td>\n<td><a href=\"mailto:info@wittezand.nl\">info@wittezand.nl<\/a><\/p>\n<p>0548 513394<\/td>\n<td><a class=\"btn\" href=\"https:\/\/twittezand.nl\/\">mehr Infos<\/a><\/td>\n<\/tr>\n<tr>\n<td>Der Luttenberg<\/td>\n<td>Luttenberg<\/td>\n<td>29,3 km<\/td>\n<td><a href=\"mailto:receptie@luttenberg.nl\">receptie@luttenberg.nl<\/a><\/p>\n<p>0572 301405<\/td>\n<td><a class=\"btn\" href=\"https:\/\/www.luttenberg.nl\/nl\/?gclid=EAIaIQobChMI9ue_lpWu6QIVBeN3Ch3-2QzrEAAYASAAEgKYaPD_BwE\">mehr Infos<\/a><\/td>\n<\/tr>\n<\/tbody>\n<\/table>\n","protected":false},"excerpt":{"rendered":"<p>Campingpl\u00e4tze in Achterhoek, Stedendriehoek und Twente Es gibt viele Campingpl\u00e4tze in Achterhoek, Stedendriehoek und Twente. Die Campingpl\u00e4tze sind vom UniqueOuts-Gel\u00e4nde aus in kurzer Zeit mit dem Auto zu erreichen. Das macht es sehr einfach, nach Ihrer Aktivit\u00e4t oder Ihrem Ausflug mit UniqueUitjes zu Ihrem \u00dcbernachtungsort zu gelangen. &nbsp; Nachstehend finden Sie eine \u00dcbersicht \u00fcber die [&hellip;]<\/p>\n","protected":false},"author":2,"featured_media":0,"parent":0,"menu_order":0,"comment_status":"closed","ping_status":"closed","template":"","meta":{"_acf_changed":false,"_monsterinsights_skip_tracking":false,"_monsterinsights_sitenote_active":false,"_monsterinsights_sitenote_note":"","_monsterinsights_sitenote_category":0,"footnotes":""},"categories":[73],"class_list":["post-11700","page","type-page","status-publish","hentry","category-zielseite"],"acf":[],"yoast_head":"<!-- This site is optimized with the Yoast SEO plugin v27.4 - https:\/\/yoast.com\/product\/yoast-seo-wordpress\/ -->\n<title>Campingpl\u00e4tze in Achterhoek, Stedendriehoek und Twente - Uniekeuitjes.nl<\/title>\n<meta name=\"description\" content=\"Es gibt viele Campingpl\u00e4tze in Achterhoek, Stedendriehoek und Twente. Wir haben sie alle f\u00fcr Sie aufgelistet.\" \/>\n<meta name=\"robots\" content=\"index, follow, max-snippet:-1, max-image-preview:large, max-video-preview:-1\" \/>\n<link rel=\"canonical\" href=\"https:\/\/uniekeuitjes.nl\/de\/campingplaetze-in-achterhoek-stedendriehoek-und-twente\/\" \/>\n<meta property=\"og:locale\" content=\"nl_NL\" \/>\n<meta property=\"og:type\" content=\"article\" \/>\n<meta property=\"og:title\" content=\"Campingpl\u00e4tze in Achterhoek, Stedendriehoek und Twente - Uniekeuitjes.nl\" \/>\n<meta property=\"og:description\" content=\"Es gibt viele Campingpl\u00e4tze in Achterhoek, Stedendriehoek und Twente. Wir haben sie alle f\u00fcr Sie aufgelistet.\" \/>\n<meta property=\"og:url\" content=\"https:\/\/uniekeuitjes.nl\/de\/campingplaetze-in-achterhoek-stedendriehoek-und-twente\/\" \/>\n<meta property=\"og:site_name\" content=\"Uniekeuitjes.nl\" \/>\n<meta property=\"article:publisher\" content=\"https:\/\/www.facebook.com\/uniekeuitjes.nl\" \/>\n<meta name=\"twitter:card\" content=\"summary_large_image\" \/>\n<meta name=\"twitter:label1\" content=\"Geschatte leestijd\" \/>\n\t<meta name=\"twitter:data1\" content=\"2 minuten\" \/>\n<script type=\"application\/ld+json\" class=\"yoast-schema-graph\">{\"@context\":\"https:\\\/\\\/schema.org\",\"@graph\":[{\"@type\":\"WebPage\",\"@id\":\"https:\\\/\\\/uniekeuitjes.nl\\\/de\\\/campingplaetze-in-achterhoek-stedendriehoek-und-twente\\\/\",\"url\":\"https:\\\/\\\/uniekeuitjes.nl\\\/de\\\/campingplaetze-in-achterhoek-stedendriehoek-und-twente\\\/\",\"name\":\"Campingpl\u00e4tze in Achterhoek, Stedendriehoek und Twente - Uniekeuitjes.nl\",\"isPartOf\":{\"@id\":\"\\\/#website\"},\"datePublished\":\"2020-05-12T13:15:58+00:00\",\"description\":\"Es gibt viele Campingpl\u00e4tze in Achterhoek, Stedendriehoek und Twente. Wir haben sie alle f\u00fcr Sie aufgelistet.\",\"breadcrumb\":{\"@id\":\"https:\\\/\\\/uniekeuitjes.nl\\\/de\\\/campingplaetze-in-achterhoek-stedendriehoek-und-twente\\\/#breadcrumb\"},\"inLanguage\":\"nl-NL\",\"potentialAction\":[{\"@type\":\"ReadAction\",\"target\":[\"https:\\\/\\\/uniekeuitjes.nl\\\/de\\\/campingplaetze-in-achterhoek-stedendriehoek-und-twente\\\/\"]}]},{\"@type\":\"BreadcrumbList\",\"@id\":\"https:\\\/\\\/uniekeuitjes.nl\\\/de\\\/campingplaetze-in-achterhoek-stedendriehoek-und-twente\\\/#breadcrumb\",\"itemListElement\":[{\"@type\":\"ListItem\",\"position\":1,\"name\":\"Home\",\"item\":\"https:\\\/\\\/uniekeuitjes.nl\\\/de\\\/\"},{\"@type\":\"ListItem\",\"position\":2,\"name\":\"Campingpl\u00e4tze in Achterhoek, Stedendriehoek und Twente\"}]},{\"@type\":\"WebSite\",\"@id\":\"\\\/#website\",\"url\":\"\\\/\",\"name\":\"Uniekeuitjes.nl\",\"description\":\"Goedkope leuke uitjes zelf samen te stellen\",\"publisher\":{\"@id\":\"\\\/#organization\"},\"potentialAction\":[{\"@type\":\"SearchAction\",\"target\":{\"@type\":\"EntryPoint\",\"urlTemplate\":\"\\\/?s={search_term_string}\"},\"query-input\":{\"@type\":\"PropertyValueSpecification\",\"valueRequired\":true,\"valueName\":\"search_term_string\"}}],\"inLanguage\":\"nl-NL\"},{\"@type\":\"Organization\",\"@id\":\"\\\/#organization\",\"name\":\"Unieke Uitjes\",\"url\":\"\\\/\",\"logo\":{\"@type\":\"ImageObject\",\"inLanguage\":\"nl-NL\",\"@id\":\"\\\/#\\\/schema\\\/logo\\\/image\\\/\",\"url\":\"https:\\\/\\\/uniekeuitjes.nl\\\/wp-content\\\/uploads\\\/2019\\\/02\\\/site-login-logo.png\",\"contentUrl\":\"https:\\\/\\\/uniekeuitjes.nl\\\/wp-content\\\/uploads\\\/2019\\\/02\\\/site-login-logo.png\",\"width\":708,\"height\":345,\"caption\":\"Unieke Uitjes\"},\"image\":{\"@id\":\"\\\/#\\\/schema\\\/logo\\\/image\\\/\"},\"sameAs\":[\"https:\\\/\\\/www.facebook.com\\\/uniekeuitjes.nl\",\"https:\\\/\\\/www.instagram.com\\\/uniekeuitjes.nl\\\/\",\"https:\\\/\\\/www.linkedin.com\\\/company\\\/unieke-uitjes-nl\",\"https:\\\/\\\/www.youtube.com\\\/channel\\\/UCXwRXFWP_R0kxRAeL79FQfw\"]}]}<\/script>\n<!-- \/ Yoast SEO plugin. -->","yoast_head_json":{"title":"Campingpl\u00e4tze in Achterhoek, Stedendriehoek und Twente - Uniekeuitjes.nl","description":"Es gibt viele Campingpl\u00e4tze in Achterhoek, Stedendriehoek und Twente. Wir haben sie alle f\u00fcr Sie aufgelistet.","robots":{"index":"index","follow":"follow","max-snippet":"max-snippet:-1","max-image-preview":"max-image-preview:large","max-video-preview":"max-video-preview:-1"},"canonical":"https:\/\/uniekeuitjes.nl\/de\/campingplaetze-in-achterhoek-stedendriehoek-und-twente\/","og_locale":"nl_NL","og_type":"article","og_title":"Campingpl\u00e4tze in Achterhoek, Stedendriehoek und Twente - Uniekeuitjes.nl","og_description":"Es gibt viele Campingpl\u00e4tze in Achterhoek, Stedendriehoek und Twente. Wir haben sie alle f\u00fcr Sie aufgelistet.","og_url":"https:\/\/uniekeuitjes.nl\/de\/campingplaetze-in-achterhoek-stedendriehoek-und-twente\/","og_site_name":"Uniekeuitjes.nl","article_publisher":"https:\/\/www.facebook.com\/uniekeuitjes.nl","twitter_card":"summary_large_image","twitter_misc":{"Geschatte leestijd":"2 minuten"},"schema":{"@context":"https:\/\/schema.org","@graph":[{"@type":"WebPage","@id":"https:\/\/uniekeuitjes.nl\/de\/campingplaetze-in-achterhoek-stedendriehoek-und-twente\/","url":"https:\/\/uniekeuitjes.nl\/de\/campingplaetze-in-achterhoek-stedendriehoek-und-twente\/","name":"Campingpl\u00e4tze in Achterhoek, Stedendriehoek und Twente - Uniekeuitjes.nl","isPartOf":{"@id":"\/#website"},"datePublished":"2020-05-12T13:15:58+00:00","description":"Es gibt viele Campingpl\u00e4tze in Achterhoek, Stedendriehoek und Twente. Wir haben sie alle f\u00fcr Sie aufgelistet.","breadcrumb":{"@id":"https:\/\/uniekeuitjes.nl\/de\/campingplaetze-in-achterhoek-stedendriehoek-und-twente\/#breadcrumb"},"inLanguage":"nl-NL","potentialAction":[{"@type":"ReadAction","target":["https:\/\/uniekeuitjes.nl\/de\/campingplaetze-in-achterhoek-stedendriehoek-und-twente\/"]}]},{"@type":"BreadcrumbList","@id":"https:\/\/uniekeuitjes.nl\/de\/campingplaetze-in-achterhoek-stedendriehoek-und-twente\/#breadcrumb","itemListElement":[{"@type":"ListItem","position":1,"name":"Home","item":"https:\/\/uniekeuitjes.nl\/de\/"},{"@type":"ListItem","position":2,"name":"Campingpl\u00e4tze in Achterhoek, Stedendriehoek und Twente"}]},{"@type":"WebSite","@id":"\/#website","url":"\/","name":"Uniekeuitjes.nl","description":"Goedkope leuke uitjes zelf samen te stellen","publisher":{"@id":"\/#organization"},"potentialAction":[{"@type":"SearchAction","target":{"@type":"EntryPoint","urlTemplate":"\/?s={search_term_string}"},"query-input":{"@type":"PropertyValueSpecification","valueRequired":true,"valueName":"search_term_string"}}],"inLanguage":"nl-NL"},{"@type":"Organization","@id":"\/#organization","name":"Unieke Uitjes","url":"\/","logo":{"@type":"ImageObject","inLanguage":"nl-NL","@id":"\/#\/schema\/logo\/image\/","url":"https:\/\/uniekeuitjes.nl\/wp-content\/uploads\/2019\/02\/site-login-logo.png","contentUrl":"https:\/\/uniekeuitjes.nl\/wp-content\/uploads\/2019\/02\/site-login-logo.png","width":708,"height":345,"caption":"Unieke Uitjes"},"image":{"@id":"\/#\/schema\/logo\/image\/"},"sameAs":["https:\/\/www.facebook.com\/uniekeuitjes.nl","https:\/\/www.instagram.com\/uniekeuitjes.nl\/","https:\/\/www.linkedin.com\/company\/unieke-uitjes-nl","https:\/\/www.youtube.com\/channel\/UCXwRXFWP_R0kxRAeL79FQfw"]}]}},"_links":{"self":[{"href":"https:\/\/uniekeuitjes.nl\/de\/wp-json\/wp\/v2\/pages\/11700","targetHints":{"allow":["GET"]}}],"collection":[{"href":"https:\/\/uniekeuitjes.nl\/de\/wp-json\/wp\/v2\/pages"}],"about":[{"href":"https:\/\/uniekeuitjes.nl\/de\/wp-json\/wp\/v2\/types\/page"}],"author":[{"embeddable":true,"href":"https:\/\/uniekeuitjes.nl\/de\/wp-json\/wp\/v2\/users\/2"}],"replies":[{"embeddable":true,"href":"https:\/\/uniekeuitjes.nl\/de\/wp-json\/wp\/v2\/comments?post=11700"}],"version-history":[{"count":0,"href":"https:\/\/uniekeuitjes.nl\/de\/wp-json\/wp\/v2\/pages\/11700\/revisions"}],"wp:attachment":[{"href":"https:\/\/uniekeuitjes.nl\/de\/wp-json\/wp\/v2\/media?parent=11700"}],"wp:term":[{"taxonomy":"category","embeddable":true,"href":"https:\/\/uniekeuitjes.nl\/de\/wp-json\/wp\/v2\/categories?post=11700"}],"curies":[{"name":"wp","href":"https:\/\/api.w.org\/{rel}","templated":true}]}}