{"id":11704,"date":"2020-05-24T10:20:27","date_gmt":"2020-05-24T10:20:27","guid":{"rendered":"https:\/\/uniekeuitjes.nl\/solex-fahren-in-laren-lochem-vorden\/"},"modified":"2020-05-24T10:20:27","modified_gmt":"2020-05-24T10:20:27","slug":"solex-fahren-in-laren-lochem-vorden","status":"publish","type":"page","link":"https:\/\/uniekeuitjes.nl\/de\/solex-fahren-in-laren-lochem-vorden\/","title":{"rendered":"Solex fahren in Laren, Lochem, Vorden"},"content":{"rendered":"<p><strong>Solex fahren in Laren, Lochem, Vorden<\/strong><\/p>\n<p>Wollten Sie schon immer mal auf einer coolen Solex sitzen? Das ist schon ab 1 Person m\u00f6glich, macht aber nat\u00fcrlich auch in einer gro\u00dfen Gruppe super viel Spa\u00df. Die g\u00fcnstigsten und am besten gewarteten Solexe in der Achterhoek zusammen mit einem pers\u00f6nlichen Ansatz und echtem Qualit\u00e4tsservice! Schauen Sie sich unbedingt unsere Bewertungen an!<\/p>\n<p>Wir verf\u00fcgen \u00fcber 110 Reit-Solexe und k\u00f6nnen durch Kombinationen Gruppen von bis zu \u00fcber 200 Personen aufnehmen. Es ist immer mehr m\u00f6glich, als man denkt. Eine Solex-Tour zaubert garantiert ein L\u00e4cheln auf Ihr Gesicht und ist ideal f\u00fcr einen Betriebsausflug, eine Vorstandssitzung, einen Junggesellenabschied oder einen Familientag. Ein Solex f\u00e4hrt zwischen 25 und 30 km\/h. Der Antrieb erfolgt \u00fcber einen Motor, der auf dem Vorderreifen angebracht ist.<\/p>\n<p>Mit unserer Solex-Miete sind Sie garantiert in einem Oldtimer unterwegs und wir stellen Ihnen einen Begleitwagen zur Verf\u00fcgung, falls Sie unterwegs eine Panne haben. Die Erfahrung der Vergangenheit in die Gegenwart gebracht!<\/p>\n<p>&nbsp;<\/p>\n<div id=\"attachment_1948\" style=\"width: 1034px\" class=\"wp-caption alignnone\"><img loading=\"lazy\" decoding=\"async\" aria-describedby=\"caption-attachment-1948\" class=\"size-large wp-image-1948\" src=\"http:\/\/uniekeuitjes.nl\/wp-content\/uploads\/2020\/02\/Grote-groep-Solex-rijden-1024x536.jpg\" alt=\"Solexen Rijden bij Unieke Uitjes in de Achterhoek\" width=\"1024\" height=\"536\" srcset=\"https:\/\/uniekeuitjes.nl\/wp-content\/uploads\/2020\/02\/Grote-groep-Solex-rijden-1024x536.jpg 1024w, https:\/\/uniekeuitjes.nl\/wp-content\/uploads\/2020\/02\/Grote-groep-Solex-rijden-300x157.jpg 300w, https:\/\/uniekeuitjes.nl\/wp-content\/uploads\/2020\/02\/Grote-groep-Solex-rijden-768x402.jpg 768w, https:\/\/uniekeuitjes.nl\/wp-content\/uploads\/2020\/02\/Grote-groep-Solex-rijden-1536x804.jpg 1536w, https:\/\/uniekeuitjes.nl\/wp-content\/uploads\/2020\/02\/Grote-groep-Solex-rijden-2048x1072.jpg 2048w, https:\/\/uniekeuitjes.nl\/wp-content\/uploads\/2020\/02\/Grote-groep-Solex-rijden-600x314.jpg 600w\" sizes=\"auto, (max-width: 1024px) 100vw, 1024px\" \/><p id=\"caption-attachment-1948\" class=\"wp-caption-text\">Solexes Einzigartige Ausfl\u00fcge<\/p><\/div>\n<p>&nbsp;<\/p>\n<h3>Warum einen Solex bei Unique Outings fahren.<\/h3>\n<p>Wir bieten einen All-inclusive-Preis und haben einfach die am besten gewarteten Materialien. Also keine b\u00f6sen \u00dcberraschungen. Die Verwendung einer langen Lederjacke oder eines Topfhelms ist kostenlos an unserem Standort in Laren Gld, oder gegen eine zus\u00e4tzliche Geb\u00fchr (2,- p.p.) an anderen Standorten.<\/p>\n<ul>\n<li>3 Stunden Tour auf der Solex (also Zeit f\u00fcr eine Terrasse auf dem Weg, sch\u00f6n und entspannt)<\/li>\n<li>Super f\u00fcr das Foto: die lange Lederjacke und der Topfhelm (beides nicht erforderlich)<\/li>\n<li>Die sch\u00f6nste(n) Route(n) der Region.<\/li>\n<li>Folgefahrzeug oder Pannenhilfe. Wir sind immer in der N\u00e4he und wechseln auch mal einen Solex, wenn es etwas langsamer geht, denn jeder soll seinen Ausflug in vollen Z\u00fcgen genie\u00dfen (einzigartig in der Branche).<\/li>\n<li>Haftpflichtversicherung mit guter Deckung<\/li>\n<li>Wir machen ein sch\u00f6nes (digitales) Foto von der Gruppe auf dem Solex.<\/li>\n<\/ul>\n<p>Sie werden nat\u00fcrlich gut versichert herumfahren. Beachten Sie jedoch, dass im Falle eines Schadens eine Selbstbeteiligung anf\u00e4llt (siehe unsere Allgemeinen Gesch\u00e4ftsbedingungen). Und wenn es regnet? Wir haben \u00fcber 120 Lederjacken und passende Helme (die nat\u00fcrlich nicht obligatorisch sind).<\/p>\n<p>In Zusammenarbeit mit dem \u00f6rtlichen Gastgewerbe k\u00f6nnen wir eine Reihe von einzigartigen Solex-Paketen anbieten.<\/p>\n<p>&nbsp;<\/p>\n<h2>Solex Mietpreise<\/h2>\n<table>\n<thead>\n<tr>\n<th>Art der Reise<\/th>\n<th>Dauer der Pauschalreise<\/th>\n<th>Preis<\/th>\n<\/tr>\n<\/thead>\n<tbody>\n<tr>\n<td width=\"158\">Solextour Abfahrt Deventerweg Laren GLD (einschlie\u00dflich eines lustigen digitalen Fotos, Jacken und einem Topfhelm)<\/td>\n<td width=\"151\">2,5 bis 3 Stunden<\/td>\n<td width=\"170\">\u20ac 35,00<\/td>\n<\/tr>\n<tr>\n<td width=\"158\">Einzige Tour Abfahrt andere Orte (einschlie\u00dflich Spa\u00df digitales Foto)<\/td>\n<td width=\"151\">2,5 bis 3 Stunden<\/td>\n<td width=\"170\">Ab 37,00 \u20ac Alles nach Absprache.<\/td>\n<\/tr>\n<tr>\n<td width=\"158\">Solex-Tour in Kombination mit Indoor-Hexathlon (inklusive Fun-Digitalfoto, Jacken und Topfhelm)<\/td>\n<td width=\"151\">4,5 Stunden<\/td>\n<td width=\"170\">\u20ac 48,00<\/td>\n<\/tr>\n<tr>\n<td width=\"158\">Tagesmiete Solex Abfahrt von Laren GLD (inklusive sch\u00f6nem Digitalfoto, Jacken und einem Topfhelm)<\/td>\n<td width=\"151\">9 Stunden<\/td>\n<td width=\"170\">\u20ac 55,-<\/td>\n<\/tr>\n<tr>\n<td width=\"158\">Individuelle Tour (mit lustigem Digitalfoto, Jacken und einem Topfhelm)<\/td>\n<td width=\"151\">Selbstausf\u00fcller<\/td>\n<td width=\"170\">Nach Vereinbarung<\/td>\n<\/tr>\n<\/tbody>\n<\/table>\n<p><a href=\"https:\/\/uniekeuitjes.nl\"><img loading=\"lazy\" decoding=\"async\" class=\"alignnone size-medium wp-image-377\" src=\"http:\/\/uniekeuitjes.nl\/wp-content\/uploads\/2019\/02\/site-login-logo-300x146.png\" alt=\"\" width=\"300\" height=\"146\" srcset=\"https:\/\/uniekeuitjes.nl\/wp-content\/uploads\/2019\/02\/site-login-logo-300x146.png 300w, https:\/\/uniekeuitjes.nl\/wp-content\/uploads\/2019\/02\/site-login-logo-600x292.png 600w, https:\/\/uniekeuitjes.nl\/wp-content\/uploads\/2019\/02\/site-login-logo.png 708w\" sizes=\"auto, (max-width: 300px) 100vw, 300px\" \/><\/a><\/p>\n","protected":false},"excerpt":{"rendered":"<p>Solex fahren in Laren, Lochem, Vorden Wollten Sie schon immer mal auf einer coolen Solex sitzen? Das ist schon ab 1 Person m\u00f6glich, macht aber nat\u00fcrlich auch in einer gro\u00dfen Gruppe super viel Spa\u00df. Die g\u00fcnstigsten und am besten gewarteten Solexe in der Achterhoek zusammen mit einem pers\u00f6nlichen Ansatz und echtem Qualit\u00e4tsservice! Schauen Sie sich [&hellip;]<\/p>\n","protected":false},"author":2,"featured_media":0,"parent":0,"menu_order":0,"comment_status":"closed","ping_status":"closed","template":"","meta":{"_acf_changed":false,"_monsterinsights_skip_tracking":false,"_monsterinsights_sitenote_active":false,"_monsterinsights_sitenote_note":"","_monsterinsights_sitenote_category":0,"footnotes":""},"categories":[],"class_list":["post-11704","page","type-page","status-publish","hentry"],"acf":[],"yoast_head":"<!-- This site is optimized with the Yoast SEO plugin v27.4 - https:\/\/yoast.com\/product\/yoast-seo-wordpress\/ -->\n<title>Solex fahren in Laren, Lochem, Vorden - Uniekeuitjes.nl<\/title>\n<meta name=\"description\" content=\"Solex fahren in Laren, Lochem, Vorden, Deventer oder in der gesamten Achterhoek? Rufen Sie uns gleich an f\u00fcr alle M\u00f6glichkeiten und bis bald!\" \/>\n<meta name=\"robots\" content=\"index, follow, max-snippet:-1, max-image-preview:large, max-video-preview:-1\" \/>\n<link rel=\"canonical\" href=\"https:\/\/uniekeuitjes.nl\/de\/solex-fahren-in-laren-lochem-vorden\/\" \/>\n<meta property=\"og:locale\" content=\"nl_NL\" \/>\n<meta property=\"og:type\" content=\"article\" \/>\n<meta property=\"og:title\" content=\"Solex fahren in Laren, Lochem, Vorden - Uniekeuitjes.nl\" \/>\n<meta property=\"og:description\" content=\"Solex fahren in Laren, Lochem, Vorden, Deventer oder in der gesamten Achterhoek? Rufen Sie uns gleich an f\u00fcr alle M\u00f6glichkeiten und bis bald!\" \/>\n<meta property=\"og:url\" content=\"https:\/\/uniekeuitjes.nl\/de\/solex-fahren-in-laren-lochem-vorden\/\" \/>\n<meta property=\"og:site_name\" content=\"Uniekeuitjes.nl\" \/>\n<meta property=\"article:publisher\" content=\"https:\/\/www.facebook.com\/uniekeuitjes.nl\" \/>\n<meta property=\"og:image\" content=\"http:\/\/uniekeuitjes.nl\/wp-content\/uploads\/2020\/02\/Grote-groep-Solex-rijden-1024x536.jpg\" \/>\n<meta name=\"twitter:card\" content=\"summary_large_image\" \/>\n<meta name=\"twitter:label1\" content=\"Geschatte leestijd\" \/>\n\t<meta name=\"twitter:data1\" content=\"2 minuten\" \/>\n<script type=\"application\/ld+json\" class=\"yoast-schema-graph\">{\"@context\":\"https:\\\/\\\/schema.org\",\"@graph\":[{\"@type\":\"WebPage\",\"@id\":\"https:\\\/\\\/uniekeuitjes.nl\\\/de\\\/solex-fahren-in-laren-lochem-vorden\\\/\",\"url\":\"https:\\\/\\\/uniekeuitjes.nl\\\/de\\\/solex-fahren-in-laren-lochem-vorden\\\/\",\"name\":\"Solex fahren in Laren, Lochem, Vorden - Uniekeuitjes.nl\",\"isPartOf\":{\"@id\":\"\\\/#website\"},\"primaryImageOfPage\":{\"@id\":\"https:\\\/\\\/uniekeuitjes.nl\\\/de\\\/solex-fahren-in-laren-lochem-vorden\\\/#primaryimage\"},\"image\":{\"@id\":\"https:\\\/\\\/uniekeuitjes.nl\\\/de\\\/solex-fahren-in-laren-lochem-vorden\\\/#primaryimage\"},\"thumbnailUrl\":\"http:\\\/\\\/uniekeuitjes.nl\\\/wp-content\\\/uploads\\\/2020\\\/02\\\/Grote-groep-Solex-rijden-1024x536.jpg\",\"datePublished\":\"2020-05-24T10:20:27+00:00\",\"description\":\"Solex fahren in Laren, Lochem, Vorden, Deventer oder in der gesamten Achterhoek? Rufen Sie uns gleich an f\u00fcr alle M\u00f6glichkeiten und bis bald!\",\"breadcrumb\":{\"@id\":\"https:\\\/\\\/uniekeuitjes.nl\\\/de\\\/solex-fahren-in-laren-lochem-vorden\\\/#breadcrumb\"},\"inLanguage\":\"nl-NL\",\"potentialAction\":[{\"@type\":\"ReadAction\",\"target\":[\"https:\\\/\\\/uniekeuitjes.nl\\\/de\\\/solex-fahren-in-laren-lochem-vorden\\\/\"]}]},{\"@type\":\"ImageObject\",\"inLanguage\":\"nl-NL\",\"@id\":\"https:\\\/\\\/uniekeuitjes.nl\\\/de\\\/solex-fahren-in-laren-lochem-vorden\\\/#primaryimage\",\"url\":\"http:\\\/\\\/uniekeuitjes.nl\\\/wp-content\\\/uploads\\\/2020\\\/02\\\/Grote-groep-Solex-rijden-1024x536.jpg\",\"contentUrl\":\"http:\\\/\\\/uniekeuitjes.nl\\\/wp-content\\\/uploads\\\/2020\\\/02\\\/Grote-groep-Solex-rijden-1024x536.jpg\"},{\"@type\":\"BreadcrumbList\",\"@id\":\"https:\\\/\\\/uniekeuitjes.nl\\\/de\\\/solex-fahren-in-laren-lochem-vorden\\\/#breadcrumb\",\"itemListElement\":[{\"@type\":\"ListItem\",\"position\":1,\"name\":\"Home\",\"item\":\"https:\\\/\\\/uniekeuitjes.nl\\\/de\\\/\"},{\"@type\":\"ListItem\",\"position\":2,\"name\":\"Solex fahren in Laren, Lochem, Vorden\"}]},{\"@type\":\"WebSite\",\"@id\":\"\\\/#website\",\"url\":\"\\\/\",\"name\":\"Uniekeuitjes.nl\",\"description\":\"Goedkope leuke uitjes zelf samen te stellen\",\"publisher\":{\"@id\":\"\\\/#organization\"},\"potentialAction\":[{\"@type\":\"SearchAction\",\"target\":{\"@type\":\"EntryPoint\",\"urlTemplate\":\"\\\/?s={search_term_string}\"},\"query-input\":{\"@type\":\"PropertyValueSpecification\",\"valueRequired\":true,\"valueName\":\"search_term_string\"}}],\"inLanguage\":\"nl-NL\"},{\"@type\":\"Organization\",\"@id\":\"\\\/#organization\",\"name\":\"Unieke Uitjes\",\"url\":\"\\\/\",\"logo\":{\"@type\":\"ImageObject\",\"inLanguage\":\"nl-NL\",\"@id\":\"\\\/#\\\/schema\\\/logo\\\/image\\\/\",\"url\":\"https:\\\/\\\/uniekeuitjes.nl\\\/wp-content\\\/uploads\\\/2019\\\/02\\\/site-login-logo.png\",\"contentUrl\":\"https:\\\/\\\/uniekeuitjes.nl\\\/wp-content\\\/uploads\\\/2019\\\/02\\\/site-login-logo.png\",\"width\":708,\"height\":345,\"caption\":\"Unieke Uitjes\"},\"image\":{\"@id\":\"\\\/#\\\/schema\\\/logo\\\/image\\\/\"},\"sameAs\":[\"https:\\\/\\\/www.facebook.com\\\/uniekeuitjes.nl\",\"https:\\\/\\\/www.instagram.com\\\/uniekeuitjes.nl\\\/\",\"https:\\\/\\\/www.linkedin.com\\\/company\\\/unieke-uitjes-nl\",\"https:\\\/\\\/www.youtube.com\\\/channel\\\/UCXwRXFWP_R0kxRAeL79FQfw\"]}]}<\/script>\n<!-- \/ Yoast SEO plugin. -->","yoast_head_json":{"title":"Solex fahren in Laren, Lochem, Vorden - Uniekeuitjes.nl","description":"Solex fahren in Laren, Lochem, Vorden, Deventer oder in der gesamten Achterhoek? Rufen Sie uns gleich an f\u00fcr alle M\u00f6glichkeiten und bis bald!","robots":{"index":"index","follow":"follow","max-snippet":"max-snippet:-1","max-image-preview":"max-image-preview:large","max-video-preview":"max-video-preview:-1"},"canonical":"https:\/\/uniekeuitjes.nl\/de\/solex-fahren-in-laren-lochem-vorden\/","og_locale":"nl_NL","og_type":"article","og_title":"Solex fahren in Laren, Lochem, Vorden - Uniekeuitjes.nl","og_description":"Solex fahren in Laren, Lochem, Vorden, Deventer oder in der gesamten Achterhoek? Rufen Sie uns gleich an f\u00fcr alle M\u00f6glichkeiten und bis bald!","og_url":"https:\/\/uniekeuitjes.nl\/de\/solex-fahren-in-laren-lochem-vorden\/","og_site_name":"Uniekeuitjes.nl","article_publisher":"https:\/\/www.facebook.com\/uniekeuitjes.nl","og_image":[{"url":"http:\/\/uniekeuitjes.nl\/wp-content\/uploads\/2020\/02\/Grote-groep-Solex-rijden-1024x536.jpg","type":"","width":"","height":""}],"twitter_card":"summary_large_image","twitter_misc":{"Geschatte leestijd":"2 minuten"},"schema":{"@context":"https:\/\/schema.org","@graph":[{"@type":"WebPage","@id":"https:\/\/uniekeuitjes.nl\/de\/solex-fahren-in-laren-lochem-vorden\/","url":"https:\/\/uniekeuitjes.nl\/de\/solex-fahren-in-laren-lochem-vorden\/","name":"Solex fahren in Laren, Lochem, Vorden - Uniekeuitjes.nl","isPartOf":{"@id":"\/#website"},"primaryImageOfPage":{"@id":"https:\/\/uniekeuitjes.nl\/de\/solex-fahren-in-laren-lochem-vorden\/#primaryimage"},"image":{"@id":"https:\/\/uniekeuitjes.nl\/de\/solex-fahren-in-laren-lochem-vorden\/#primaryimage"},"thumbnailUrl":"http:\/\/uniekeuitjes.nl\/wp-content\/uploads\/2020\/02\/Grote-groep-Solex-rijden-1024x536.jpg","datePublished":"2020-05-24T10:20:27+00:00","description":"Solex fahren in Laren, Lochem, Vorden, Deventer oder in der gesamten Achterhoek? Rufen Sie uns gleich an f\u00fcr alle M\u00f6glichkeiten und bis bald!","breadcrumb":{"@id":"https:\/\/uniekeuitjes.nl\/de\/solex-fahren-in-laren-lochem-vorden\/#breadcrumb"},"inLanguage":"nl-NL","potentialAction":[{"@type":"ReadAction","target":["https:\/\/uniekeuitjes.nl\/de\/solex-fahren-in-laren-lochem-vorden\/"]}]},{"@type":"ImageObject","inLanguage":"nl-NL","@id":"https:\/\/uniekeuitjes.nl\/de\/solex-fahren-in-laren-lochem-vorden\/#primaryimage","url":"http:\/\/uniekeuitjes.nl\/wp-content\/uploads\/2020\/02\/Grote-groep-Solex-rijden-1024x536.jpg","contentUrl":"http:\/\/uniekeuitjes.nl\/wp-content\/uploads\/2020\/02\/Grote-groep-Solex-rijden-1024x536.jpg"},{"@type":"BreadcrumbList","@id":"https:\/\/uniekeuitjes.nl\/de\/solex-fahren-in-laren-lochem-vorden\/#breadcrumb","itemListElement":[{"@type":"ListItem","position":1,"name":"Home","item":"https:\/\/uniekeuitjes.nl\/de\/"},{"@type":"ListItem","position":2,"name":"Solex fahren in Laren, Lochem, Vorden"}]},{"@type":"WebSite","@id":"\/#website","url":"\/","name":"Uniekeuitjes.nl","description":"Goedkope leuke uitjes zelf samen te stellen","publisher":{"@id":"\/#organization"},"potentialAction":[{"@type":"SearchAction","target":{"@type":"EntryPoint","urlTemplate":"\/?s={search_term_string}"},"query-input":{"@type":"PropertyValueSpecification","valueRequired":true,"valueName":"search_term_string"}}],"inLanguage":"nl-NL"},{"@type":"Organization","@id":"\/#organization","name":"Unieke Uitjes","url":"\/","logo":{"@type":"ImageObject","inLanguage":"nl-NL","@id":"\/#\/schema\/logo\/image\/","url":"https:\/\/uniekeuitjes.nl\/wp-content\/uploads\/2019\/02\/site-login-logo.png","contentUrl":"https:\/\/uniekeuitjes.nl\/wp-content\/uploads\/2019\/02\/site-login-logo.png","width":708,"height":345,"caption":"Unieke Uitjes"},"image":{"@id":"\/#\/schema\/logo\/image\/"},"sameAs":["https:\/\/www.facebook.com\/uniekeuitjes.nl","https:\/\/www.instagram.com\/uniekeuitjes.nl\/","https:\/\/www.linkedin.com\/company\/unieke-uitjes-nl","https:\/\/www.youtube.com\/channel\/UCXwRXFWP_R0kxRAeL79FQfw"]}]}},"_links":{"self":[{"href":"https:\/\/uniekeuitjes.nl\/de\/wp-json\/wp\/v2\/pages\/11704","targetHints":{"allow":["GET"]}}],"collection":[{"href":"https:\/\/uniekeuitjes.nl\/de\/wp-json\/wp\/v2\/pages"}],"about":[{"href":"https:\/\/uniekeuitjes.nl\/de\/wp-json\/wp\/v2\/types\/page"}],"author":[{"embeddable":true,"href":"https:\/\/uniekeuitjes.nl\/de\/wp-json\/wp\/v2\/users\/2"}],"replies":[{"embeddable":true,"href":"https:\/\/uniekeuitjes.nl\/de\/wp-json\/wp\/v2\/comments?post=11704"}],"version-history":[{"count":0,"href":"https:\/\/uniekeuitjes.nl\/de\/wp-json\/wp\/v2\/pages\/11704\/revisions"}],"wp:attachment":[{"href":"https:\/\/uniekeuitjes.nl\/de\/wp-json\/wp\/v2\/media?parent=11704"}],"wp:term":[{"taxonomy":"category","embeddable":true,"href":"https:\/\/uniekeuitjes.nl\/de\/wp-json\/wp\/v2\/categories?post=11704"}],"curies":[{"name":"wp","href":"https:\/\/api.w.org\/{rel}","templated":true}]}}