{"id":11705,"date":"2020-05-24T09:58:43","date_gmt":"2020-05-24T09:58:43","guid":{"rendered":"https:\/\/uniekeuitjes.nl\/motorroller-mieten-vorden-groenlo-lochem-und-deventer\/"},"modified":"2020-05-24T09:58:43","modified_gmt":"2020-05-24T09:58:43","slug":"motorroller-mieten-vorden-groenlo-lochem-und-deventer","status":"publish","type":"page","link":"https:\/\/uniekeuitjes.nl\/de\/motorroller-mieten-vorden-groenlo-lochem-und-deventer\/","title":{"rendered":"Motorroller mieten &#8211; Vorden, Groenlo, Lochem und Deventer"},"content":{"rendered":"<h2>Motorroller mieten &#8211; Vorden, Groenlo, Lochem, Laren und Deventer<\/h2>\n<p>Mieten Sie einen coolen E-Chopper oder Elektroroller in der Achterhoek? Das tun Sie nat\u00fcrlich bei Unique Outings. Nat\u00fcrlich sind auch Kombinationen mit anderen Aktivit\u00e4ten bei Unique Outings m\u00f6glich, fragen Sie uns einfach nach den M\u00f6glichkeiten!<\/p>\n<p>Es gibt nichts Sch\u00f6neres als eine Rundfahrt mit dem E-Chopper durch die Achterhoek oder Twente. Sie k\u00f6nnen einen E-Chopper oder Elektroroller mieten in der Gegend von Deventer, Laren, Lochem, Harfsen, Vorden, Bathmen, Zutphen, Holten, etc. Mit dem E-Chopper (eigentlich nur ein Elektroroller) k\u00f6nnen Sie die wundersch\u00f6ne Achterhoek erkunden. Dies ist bereits ab 1 Person m\u00f6glich.<\/p>\n<p>M\u00f6chten Sie mit einer gr\u00f6\u00dferen Gruppe einen E-Chopper oder Elektroroller mieten, um die Achterhoek zu erkunden? Auch das ist kein Problem. Der Verleih von Elektrorollern kostet ab 27,50 \u20ac pro Person. Er enth\u00e4lt auch eine Route, so dass Sie sicher sein k\u00f6nnen, die sch\u00f6nsten Stellen der Achterhoek zu entdecken. Unsere Elektroroller fahren 25 km\/h, ein Helm ist also nicht vorgeschrieben.<\/p>\n<p style=\"padding-left: 40px;\"><img loading=\"lazy\" decoding=\"async\" class=\"alignnone wp-image-2358\" src=\"http:\/\/uniekeuitjes.nl\/wp-content\/uploads\/2020\/05\/Adjustments-5-min-881x1024.jpeg\" alt=\"E-Chopper oder Elektroroller mieten\" width=\"353\" height=\"411\" srcset=\"https:\/\/uniekeuitjes.nl\/wp-content\/uploads\/2020\/05\/Adjustments-5-min-881x1024.jpeg 881w, https:\/\/uniekeuitjes.nl\/wp-content\/uploads\/2020\/05\/Adjustments-5-min-258x300.jpeg 258w, https:\/\/uniekeuitjes.nl\/wp-content\/uploads\/2020\/05\/Adjustments-5-min-768x893.jpeg 768w, https:\/\/uniekeuitjes.nl\/wp-content\/uploads\/2020\/05\/Adjustments-5-min-1321x1536.jpeg 1321w, https:\/\/uniekeuitjes.nl\/wp-content\/uploads\/2020\/05\/Adjustments-5-min-1762x2048.jpeg 1762w, https:\/\/uniekeuitjes.nl\/wp-content\/uploads\/2020\/05\/Adjustments-5-min-600x697.jpeg 600w\" sizes=\"auto, (max-width: 353px) 100vw, 353px\" \/><\/p>\n<p>Diese modernen und coolen Elektroroller sind jetzt bei UniqueOuts zu mieten.<\/p>\n<p>&nbsp;<\/p>\n<h3><strong>Paket<\/strong><\/h3>\n<p>Eine Tour kann sehr gut mit anderen Aktivit\u00e4ten kombiniert werden. Wir haben mehr als 25 Aktivit\u00e4ten im Haus. M\u00f6chten Sie zum Beispiel neben Ihrer Fahrt mit dem E-Chopper\/Elektroroller ein leckeres BBQ genie\u00dfen? Oder m\u00f6chten Sie lieber mit unseren Armbr\u00fcsten, Handb\u00f6gen oder Luftgewehren schie\u00dfen? Dann ist das nat\u00fcrlich auch m\u00f6glich. In gegenseitigem Einvernehmen kann dies f\u00fcr Sie arrangiert werden und Sie werden einen sehr erfolgreichen Tag haben.<\/p>\n<p>&nbsp;<\/p>\n<h3>Warum einen E-Chopper von Unique Outings mieten?<\/h3>\n<p>Bei Unique Outings bieten wir einen Pauschalpreis an. Das bedeutet, dass Sie keine unangenehmen \u00dcberraschungen erleben werden. Wir verwenden nur die besten Materialien und warten die Elektroroller gut.<\/p>\n<ul>\n<li>Die sch\u00f6nsten Routen in der Achterhoek.<\/li>\n<li>Pannenhilfe.<\/li>\n<li>Haftpflichtversicherung mit guter Deckung.<\/li>\n<li>wir machen ein sch\u00f6nes (digitales) Foto der Gruppe auf dem E-Chopper.<\/li>\n<\/ul>\n<p>&nbsp;<\/p>\n<div id=\"attachment_1542\" style=\"width: 381px\" class=\"wp-caption alignnone\"><img loading=\"lazy\" decoding=\"async\" aria-describedby=\"caption-attachment-1542\" class=\"wp-image-1542\" title=\"E-Chopper Vermietung Achterhoek\" src=\"http:\/\/uniekeuitjes.nl\/wp-content\/uploads\/2019\/11\/Spyder-wheelz-1-768x1024.jpg\" alt=\"Mieten Sie einen E-Chopper oder Elektro-Roller in der Achterhoek\" width=\"371\" height=\"495\" srcset=\"https:\/\/uniekeuitjes.nl\/wp-content\/uploads\/2019\/11\/Spyder-wheelz-1-768x1024.jpg 768w, https:\/\/uniekeuitjes.nl\/wp-content\/uploads\/2019\/11\/Spyder-wheelz-1-225x300.jpg 225w, https:\/\/uniekeuitjes.nl\/wp-content\/uploads\/2019\/11\/Spyder-wheelz-1-600x800.jpg 600w, https:\/\/uniekeuitjes.nl\/wp-content\/uploads\/2019\/11\/Spyder-wheelz-1.jpg 1200w\" sizes=\"auto, (max-width: 371px) 100vw, 371px\" \/><p id=\"caption-attachment-1542\" class=\"wp-caption-text\">Sie m\u00f6chten einen E-Chopper oder Elektroroller in der Achterhoek mieten? Das ist es, was Sie bei Unique Outings tun.<\/p><\/div>\n<p>&nbsp;<\/p>\n<h3>E-Chopper Mietpreise<\/h3>\n<table>\n<thead>\n<tr>\n<th>Dauer<\/th>\n<th>Preis<\/th>\n<th>Einzelheiten<\/th>\n<\/tr>\n<\/thead>\n<tbody>\n<tr>\n<td width=\"158\">2 Stunden<\/td>\n<td width=\"151\">\u20ac 30,-<\/td>\n<td width=\"170\">Route eingeschlossen.<\/td>\n<\/tr>\n<tr>\n<td width=\"158\">3 Stunden<\/td>\n<td width=\"151\">\u20ac 35,-<\/td>\n<td width=\"170\">Route eingeschlossen.<\/td>\n<\/tr>\n<\/tbody>\n<\/table>\n<h3><\/h3>\n<h3>Einzelheiten<\/h3>\n<ul>\n<li>Keine Helmpflicht.<\/li>\n<li>F\u00fchrerschein erforderlich. (Auto, Motorroller\/Moped oder Motorrad)<\/li>\n<\/ul>\n<p>&nbsp;<\/p>\n<p>Sind Sie neugierig auf die anderen Aktivit\u00e4ten, die Unique Outings zu bieten hat? Dann klicken Sie <a href=\"https:\/\/uniekeuitjes.nl\/alle-uitjes\/\"><br \/>\n  <span style=\"text-decoration: underline;\">hier<\/span><br \/>\n<\/a>.<\/p>\n<p><a href=\"https:\/\/uniekeuitjes.nl\"><img loading=\"lazy\" decoding=\"async\" class=\"alignnone size-medium wp-image-377\" src=\"http:\/\/uniekeuitjes.nl\/wp-content\/uploads\/2019\/02\/site-login-logo-300x146.png\" alt=\"Solex Vermietung\" width=\"300\" height=\"146\" srcset=\"https:\/\/uniekeuitjes.nl\/wp-content\/uploads\/2019\/02\/site-login-logo-300x146.png 300w, https:\/\/uniekeuitjes.nl\/wp-content\/uploads\/2019\/02\/site-login-logo-600x292.png 600w, https:\/\/uniekeuitjes.nl\/wp-content\/uploads\/2019\/02\/site-login-logo.png 708w\" sizes=\"auto, (max-width: 300px) 100vw, 300px\" \/> <\/a><\/p>\n","protected":false},"excerpt":{"rendered":"<p>Motorroller mieten &#8211; Vorden, Groenlo, Lochem, Laren und Deventer Mieten Sie einen coolen E-Chopper oder Elektroroller in der Achterhoek? Das tun Sie nat\u00fcrlich bei Unique Outings. Nat\u00fcrlich sind auch Kombinationen mit anderen Aktivit\u00e4ten bei Unique Outings m\u00f6glich, fragen Sie uns einfach nach den M\u00f6glichkeiten! Es gibt nichts Sch\u00f6neres als eine Rundfahrt mit dem E-Chopper durch [&hellip;]<\/p>\n","protected":false},"author":2,"featured_media":0,"parent":0,"menu_order":0,"comment_status":"closed","ping_status":"closed","template":"","meta":{"_acf_changed":false,"_monsterinsights_skip_tracking":false,"_monsterinsights_sitenote_active":false,"_monsterinsights_sitenote_note":"","_monsterinsights_sitenote_category":0,"footnotes":""},"categories":[],"class_list":["post-11705","page","type-page","status-publish","hentry"],"acf":[],"yoast_head":"<!-- This site is optimized with the Yoast SEO plugin v27.5 - https:\/\/yoast.com\/product\/yoast-seo-wordpress\/ -->\n<title>Motorroller mieten - Vorden, Groenlo, Lochem und Deventer - Uniekeuitjes.nl<\/title>\n<meta name=\"description\" content=\"Mieten Sie einen coolen Elektro-Scooter \/ E-Chopper in der Achterhoek bei UniekUitjes. Sie fragen sich, ob das auch in Ihrer Gegend m\u00f6glich ist? Rufen Sie uns an!\" \/>\n<meta name=\"robots\" content=\"index, follow, max-snippet:-1, max-image-preview:large, max-video-preview:-1\" \/>\n<link rel=\"canonical\" href=\"https:\/\/uniekeuitjes.nl\/de\/motorroller-mieten-vorden-groenlo-lochem-und-deventer\/\" \/>\n<meta property=\"og:locale\" content=\"nl_NL\" \/>\n<meta property=\"og:type\" content=\"article\" \/>\n<meta property=\"og:title\" content=\"Motorroller mieten - Vorden, Groenlo, Lochem und Deventer - Uniekeuitjes.nl\" \/>\n<meta property=\"og:description\" content=\"Mieten Sie einen coolen Elektro-Scooter \/ E-Chopper in der Achterhoek bei UniekUitjes. Sie fragen sich, ob das auch in Ihrer Gegend m\u00f6glich ist? Rufen Sie uns an!\" \/>\n<meta property=\"og:url\" content=\"https:\/\/uniekeuitjes.nl\/de\/motorroller-mieten-vorden-groenlo-lochem-und-deventer\/\" \/>\n<meta property=\"og:site_name\" content=\"Uniekeuitjes.nl\" \/>\n<meta property=\"article:publisher\" content=\"https:\/\/www.facebook.com\/uniekeuitjes.nl\" \/>\n<meta property=\"og:image\" content=\"http:\/\/uniekeuitjes.nl\/wp-content\/uploads\/2020\/05\/Adjustments-5-min-881x1024.jpeg\" \/>\n<meta name=\"twitter:card\" content=\"summary_large_image\" \/>\n<meta name=\"twitter:label1\" content=\"Geschatte leestijd\" \/>\n\t<meta name=\"twitter:data1\" content=\"2 minuten\" \/>\n<script type=\"application\/ld+json\" class=\"yoast-schema-graph\">{\"@context\":\"https:\\\/\\\/schema.org\",\"@graph\":[{\"@type\":\"WebPage\",\"@id\":\"https:\\\/\\\/uniekeuitjes.nl\\\/de\\\/motorroller-mieten-vorden-groenlo-lochem-und-deventer\\\/\",\"url\":\"https:\\\/\\\/uniekeuitjes.nl\\\/de\\\/motorroller-mieten-vorden-groenlo-lochem-und-deventer\\\/\",\"name\":\"Motorroller mieten - Vorden, Groenlo, Lochem und Deventer - Uniekeuitjes.nl\",\"isPartOf\":{\"@id\":\"\\\/#website\"},\"primaryImageOfPage\":{\"@id\":\"https:\\\/\\\/uniekeuitjes.nl\\\/de\\\/motorroller-mieten-vorden-groenlo-lochem-und-deventer\\\/#primaryimage\"},\"image\":{\"@id\":\"https:\\\/\\\/uniekeuitjes.nl\\\/de\\\/motorroller-mieten-vorden-groenlo-lochem-und-deventer\\\/#primaryimage\"},\"thumbnailUrl\":\"http:\\\/\\\/uniekeuitjes.nl\\\/wp-content\\\/uploads\\\/2020\\\/05\\\/Adjustments-5-min-881x1024.jpeg\",\"datePublished\":\"2020-05-24T09:58:43+00:00\",\"description\":\"Mieten Sie einen coolen Elektro-Scooter \\\/ E-Chopper in der Achterhoek bei UniekUitjes. Sie fragen sich, ob das auch in Ihrer Gegend m\u00f6glich ist? Rufen Sie uns an!\",\"breadcrumb\":{\"@id\":\"https:\\\/\\\/uniekeuitjes.nl\\\/de\\\/motorroller-mieten-vorden-groenlo-lochem-und-deventer\\\/#breadcrumb\"},\"inLanguage\":\"nl-NL\",\"potentialAction\":[{\"@type\":\"ReadAction\",\"target\":[\"https:\\\/\\\/uniekeuitjes.nl\\\/de\\\/motorroller-mieten-vorden-groenlo-lochem-und-deventer\\\/\"]}]},{\"@type\":\"ImageObject\",\"inLanguage\":\"nl-NL\",\"@id\":\"https:\\\/\\\/uniekeuitjes.nl\\\/de\\\/motorroller-mieten-vorden-groenlo-lochem-und-deventer\\\/#primaryimage\",\"url\":\"http:\\\/\\\/uniekeuitjes.nl\\\/wp-content\\\/uploads\\\/2020\\\/05\\\/Adjustments-5-min-881x1024.jpeg\",\"contentUrl\":\"http:\\\/\\\/uniekeuitjes.nl\\\/wp-content\\\/uploads\\\/2020\\\/05\\\/Adjustments-5-min-881x1024.jpeg\"},{\"@type\":\"BreadcrumbList\",\"@id\":\"https:\\\/\\\/uniekeuitjes.nl\\\/de\\\/motorroller-mieten-vorden-groenlo-lochem-und-deventer\\\/#breadcrumb\",\"itemListElement\":[{\"@type\":\"ListItem\",\"position\":1,\"name\":\"Home\",\"item\":\"https:\\\/\\\/uniekeuitjes.nl\\\/de\\\/\"},{\"@type\":\"ListItem\",\"position\":2,\"name\":\"Motorroller mieten &#8211; Vorden, Groenlo, Lochem und Deventer\"}]},{\"@type\":\"WebSite\",\"@id\":\"\\\/#website\",\"url\":\"\\\/\",\"name\":\"Uniekeuitjes.nl\",\"description\":\"Goedkope leuke uitjes zelf samen te stellen\",\"publisher\":{\"@id\":\"\\\/#organization\"},\"potentialAction\":[{\"@type\":\"SearchAction\",\"target\":{\"@type\":\"EntryPoint\",\"urlTemplate\":\"\\\/?s={search_term_string}\"},\"query-input\":{\"@type\":\"PropertyValueSpecification\",\"valueRequired\":true,\"valueName\":\"search_term_string\"}}],\"inLanguage\":\"nl-NL\"},{\"@type\":\"Organization\",\"@id\":\"\\\/#organization\",\"name\":\"Unieke Uitjes\",\"url\":\"\\\/\",\"logo\":{\"@type\":\"ImageObject\",\"inLanguage\":\"nl-NL\",\"@id\":\"\\\/#\\\/schema\\\/logo\\\/image\\\/\",\"url\":\"https:\\\/\\\/uniekeuitjes.nl\\\/wp-content\\\/uploads\\\/2019\\\/02\\\/site-login-logo.png\",\"contentUrl\":\"https:\\\/\\\/uniekeuitjes.nl\\\/wp-content\\\/uploads\\\/2019\\\/02\\\/site-login-logo.png\",\"width\":708,\"height\":345,\"caption\":\"Unieke Uitjes\"},\"image\":{\"@id\":\"\\\/#\\\/schema\\\/logo\\\/image\\\/\"},\"sameAs\":[\"https:\\\/\\\/www.facebook.com\\\/uniekeuitjes.nl\",\"https:\\\/\\\/www.instagram.com\\\/uniekeuitjes.nl\\\/\",\"https:\\\/\\\/www.linkedin.com\\\/company\\\/unieke-uitjes-nl\",\"https:\\\/\\\/www.youtube.com\\\/channel\\\/UCXwRXFWP_R0kxRAeL79FQfw\"]}]}<\/script>\n<!-- \/ Yoast SEO plugin. -->","yoast_head_json":{"title":"Motorroller mieten - Vorden, Groenlo, Lochem und Deventer - Uniekeuitjes.nl","description":"Mieten Sie einen coolen Elektro-Scooter \/ E-Chopper in der Achterhoek bei UniekUitjes. Sie fragen sich, ob das auch in Ihrer Gegend m\u00f6glich ist? Rufen Sie uns an!","robots":{"index":"index","follow":"follow","max-snippet":"max-snippet:-1","max-image-preview":"max-image-preview:large","max-video-preview":"max-video-preview:-1"},"canonical":"https:\/\/uniekeuitjes.nl\/de\/motorroller-mieten-vorden-groenlo-lochem-und-deventer\/","og_locale":"nl_NL","og_type":"article","og_title":"Motorroller mieten - Vorden, Groenlo, Lochem und Deventer - Uniekeuitjes.nl","og_description":"Mieten Sie einen coolen Elektro-Scooter \/ E-Chopper in der Achterhoek bei UniekUitjes. Sie fragen sich, ob das auch in Ihrer Gegend m\u00f6glich ist? Rufen Sie uns an!","og_url":"https:\/\/uniekeuitjes.nl\/de\/motorroller-mieten-vorden-groenlo-lochem-und-deventer\/","og_site_name":"Uniekeuitjes.nl","article_publisher":"https:\/\/www.facebook.com\/uniekeuitjes.nl","og_image":[{"url":"http:\/\/uniekeuitjes.nl\/wp-content\/uploads\/2020\/05\/Adjustments-5-min-881x1024.jpeg","type":"","width":"","height":""}],"twitter_card":"summary_large_image","twitter_misc":{"Geschatte leestijd":"2 minuten"},"schema":{"@context":"https:\/\/schema.org","@graph":[{"@type":"WebPage","@id":"https:\/\/uniekeuitjes.nl\/de\/motorroller-mieten-vorden-groenlo-lochem-und-deventer\/","url":"https:\/\/uniekeuitjes.nl\/de\/motorroller-mieten-vorden-groenlo-lochem-und-deventer\/","name":"Motorroller mieten - Vorden, Groenlo, Lochem und Deventer - Uniekeuitjes.nl","isPartOf":{"@id":"\/#website"},"primaryImageOfPage":{"@id":"https:\/\/uniekeuitjes.nl\/de\/motorroller-mieten-vorden-groenlo-lochem-und-deventer\/#primaryimage"},"image":{"@id":"https:\/\/uniekeuitjes.nl\/de\/motorroller-mieten-vorden-groenlo-lochem-und-deventer\/#primaryimage"},"thumbnailUrl":"http:\/\/uniekeuitjes.nl\/wp-content\/uploads\/2020\/05\/Adjustments-5-min-881x1024.jpeg","datePublished":"2020-05-24T09:58:43+00:00","description":"Mieten Sie einen coolen Elektro-Scooter \/ E-Chopper in der Achterhoek bei UniekUitjes. Sie fragen sich, ob das auch in Ihrer Gegend m\u00f6glich ist? Rufen Sie uns an!","breadcrumb":{"@id":"https:\/\/uniekeuitjes.nl\/de\/motorroller-mieten-vorden-groenlo-lochem-und-deventer\/#breadcrumb"},"inLanguage":"nl-NL","potentialAction":[{"@type":"ReadAction","target":["https:\/\/uniekeuitjes.nl\/de\/motorroller-mieten-vorden-groenlo-lochem-und-deventer\/"]}]},{"@type":"ImageObject","inLanguage":"nl-NL","@id":"https:\/\/uniekeuitjes.nl\/de\/motorroller-mieten-vorden-groenlo-lochem-und-deventer\/#primaryimage","url":"http:\/\/uniekeuitjes.nl\/wp-content\/uploads\/2020\/05\/Adjustments-5-min-881x1024.jpeg","contentUrl":"http:\/\/uniekeuitjes.nl\/wp-content\/uploads\/2020\/05\/Adjustments-5-min-881x1024.jpeg"},{"@type":"BreadcrumbList","@id":"https:\/\/uniekeuitjes.nl\/de\/motorroller-mieten-vorden-groenlo-lochem-und-deventer\/#breadcrumb","itemListElement":[{"@type":"ListItem","position":1,"name":"Home","item":"https:\/\/uniekeuitjes.nl\/de\/"},{"@type":"ListItem","position":2,"name":"Motorroller mieten &#8211; Vorden, Groenlo, Lochem und Deventer"}]},{"@type":"WebSite","@id":"\/#website","url":"\/","name":"Uniekeuitjes.nl","description":"Goedkope leuke uitjes zelf samen te stellen","publisher":{"@id":"\/#organization"},"potentialAction":[{"@type":"SearchAction","target":{"@type":"EntryPoint","urlTemplate":"\/?s={search_term_string}"},"query-input":{"@type":"PropertyValueSpecification","valueRequired":true,"valueName":"search_term_string"}}],"inLanguage":"nl-NL"},{"@type":"Organization","@id":"\/#organization","name":"Unieke Uitjes","url":"\/","logo":{"@type":"ImageObject","inLanguage":"nl-NL","@id":"\/#\/schema\/logo\/image\/","url":"https:\/\/uniekeuitjes.nl\/wp-content\/uploads\/2019\/02\/site-login-logo.png","contentUrl":"https:\/\/uniekeuitjes.nl\/wp-content\/uploads\/2019\/02\/site-login-logo.png","width":708,"height":345,"caption":"Unieke Uitjes"},"image":{"@id":"\/#\/schema\/logo\/image\/"},"sameAs":["https:\/\/www.facebook.com\/uniekeuitjes.nl","https:\/\/www.instagram.com\/uniekeuitjes.nl\/","https:\/\/www.linkedin.com\/company\/unieke-uitjes-nl","https:\/\/www.youtube.com\/channel\/UCXwRXFWP_R0kxRAeL79FQfw"]}]}},"_links":{"self":[{"href":"https:\/\/uniekeuitjes.nl\/de\/wp-json\/wp\/v2\/pages\/11705","targetHints":{"allow":["GET"]}}],"collection":[{"href":"https:\/\/uniekeuitjes.nl\/de\/wp-json\/wp\/v2\/pages"}],"about":[{"href":"https:\/\/uniekeuitjes.nl\/de\/wp-json\/wp\/v2\/types\/page"}],"author":[{"embeddable":true,"href":"https:\/\/uniekeuitjes.nl\/de\/wp-json\/wp\/v2\/users\/2"}],"replies":[{"embeddable":true,"href":"https:\/\/uniekeuitjes.nl\/de\/wp-json\/wp\/v2\/comments?post=11705"}],"version-history":[{"count":0,"href":"https:\/\/uniekeuitjes.nl\/de\/wp-json\/wp\/v2\/pages\/11705\/revisions"}],"wp:attachment":[{"href":"https:\/\/uniekeuitjes.nl\/de\/wp-json\/wp\/v2\/media?parent=11705"}],"wp:term":[{"taxonomy":"category","embeddable":true,"href":"https:\/\/uniekeuitjes.nl\/de\/wp-json\/wp\/v2\/categories?post=11705"}],"curies":[{"name":"wp","href":"https:\/\/api.w.org\/{rel}","templated":true}]}}