{"id":11708,"date":"2021-01-15T13:09:37","date_gmt":"2021-01-15T13:09:37","guid":{"rendered":"https:\/\/uniekeuitjes.nl\/kanufahren-kajakfahren-abendessen-in-borculo-vorden\/"},"modified":"2021-01-15T13:09:37","modified_gmt":"2021-01-15T13:09:37","slug":"kanufahren-kajakfahren-abendessen-in-borculo-vorden","status":"publish","type":"page","link":"https:\/\/uniekeuitjes.nl\/de\/kanufahren-kajakfahren-abendessen-in-borculo-vorden\/","title":{"rendered":"Kanufahren, Kajakfahren, Abendessen in Borculo &amp; Vorden"},"content":{"rendered":"<h2>Kanufahren, Kajakfahren, Abendessen in Borculo &amp; Vorden<\/h2>\n<p>Kanu, Kajak, Abendessen in Borculo &amp; Vorden? In der N\u00e4he von Borculo und Vorden gibt es wundersch\u00f6ne Gew\u00e4sser, auf denen Sie mit einem unserer Kanus, Kajaks oder Sups herumtollen k\u00f6nnen. In diesem Gebiet gibt es mehrere Bootsrouten und Paddelpl\u00e4tze, wo Sie auf jeden Fall einen fantastischen Ausflug machen k\u00f6nnen. W\u00e4hrend der Stille gibt es mehrere Pl\u00e4tze zum Ausruhen. Sie k\u00f6nnen das Kanu dann einfach an Land setzen. Bei UniqueUitjes bedeutet ein Paddelplatz, dass Sie an Ihrem Startpunkt enden.  <strong>Das kann auch nur 1 Boot sein.<\/strong>  Eine Bootstour f\u00fchrt von A nach B. Dies ist bereits ab 6 Kanus m\u00f6glich (bei Touren ben\u00f6tigen wir mehr Kanus, damit es sich lohnt).<\/p>\n<p>Auf einer unserer Touren erhalten Sie:<\/p>\n<ul>\n<li>Schwimmwesten (nicht obligatorisch)<\/li>\n<li>Ein wasserdichtes Fass<\/li>\n<\/ul>\n<p>Nat\u00fcrlich ist dies bereits im Preis inbegriffen.<\/p>\n<h4>Paddelspots (Kanufahrt mit gleichem Start- und Zielpunkt)<\/h4>\n<p>(Sie werden zu unserer Kanuseite weitergeleitet.)<\/p>\n<ul>\n<li><a href=\"https:\/\/kanoverhuuroost.nl\/peddelplekken\/markelo.html\">Markelo<\/a><\/li>\n<li><a href=\"https:\/\/kanoverhuuroost.nl\/peddelplekken\/lochem.html\">Lochem<\/a><\/li>\n<li><a href=\"https:\/\/kanoverhuuroost.nl\/peddelplekken\/almen.html\">Almen<\/a><\/li>\n<\/ul>\n<p>&nbsp;<\/p>\n<h4>Kreuzfahrten<\/h4>\n<ul>\n<li><a href=\"https:\/\/kanoverhuuroost.nl\/vaarroutes\/slinge\/slinge---borculo.html\">Schlingen &#8211; Borculo<\/a><\/li>\n<li><a href=\"https:\/\/kanoverhuuroost.nl\/vaarroutes\/berkel\/lochem-almen.html\">Lochem &#8211; Almen<\/a><\/li>\n<\/ul>\n<p>&nbsp;<\/p>\n<p>Machen Sie eine Tour an Ihrem eigenen <a href=\"https:\/\/www.kanoverhuuroost.nl\/vaarroutes\/eigen-locatie.html\">Standort<\/a>? Auch das ist nat\u00fcrlich m\u00f6glich. In gegenseitigem Einvernehmen werden wir pr\u00fcfen, ob dies f\u00fcr Sie m\u00f6glich ist.<\/p>\n<p>&nbsp;<\/p>\n<h2>Preise<\/h2>\n<p><img loading=\"lazy\" decoding=\"async\" class=\"alignnone wp-image-10490\" src=\"http:\/\/uniekeuitjes.nl\/wp-content\/uploads\/2020\/05\/Prijslijst-peddelplek-300x116.jpg\" alt=\"\" width=\"657\" height=\"254\" srcset=\"https:\/\/uniekeuitjes.nl\/wp-content\/uploads\/2020\/05\/Prijslijst-peddelplek-300x116.jpg 300w, https:\/\/uniekeuitjes.nl\/wp-content\/uploads\/2020\/05\/Prijslijst-peddelplek-1024x395.jpg 1024w, https:\/\/uniekeuitjes.nl\/wp-content\/uploads\/2020\/05\/Prijslijst-peddelplek-768x296.jpg 768w, https:\/\/uniekeuitjes.nl\/wp-content\/uploads\/2020\/05\/Prijslijst-peddelplek-600x231.jpg 600w, https:\/\/uniekeuitjes.nl\/wp-content\/uploads\/2020\/05\/Prijslijst-peddelplek.jpg 1136w\" sizes=\"auto, (max-width: 657px) 100vw, 657px\" \/><\/p>\n<p>&nbsp;<\/p>\n<p>&nbsp;<\/p>\n<h4 class=\"mobile-undersized-upper\">Bedingungen f\u00fcr das Paddeln<\/h4>\n<p class=\"mobile-undersized-upper\">Immer zum Ausgangspunkt zur\u00fcckkehren<br \/>\nJe nach Verf\u00fcgbarkeit<br \/>\nHinweis: &#8220;Almen&#8221; und &#8220;Lochem&#8221; keine zus\u00e4tzlichen Kosten,<br \/>\nan den anderen Paddelpl\u00e4tzen, ja<\/p>\n<p>&nbsp;<\/p>\n<p><img loading=\"lazy\" decoding=\"async\" class=\"alignnone wp-image-10489\" src=\"http:\/\/uniekeuitjes.nl\/wp-content\/uploads\/2020\/05\/Prijslijst-vaarroutes-300x117.jpg\" alt=\"\" width=\"636\" height=\"248\" srcset=\"https:\/\/uniekeuitjes.nl\/wp-content\/uploads\/2020\/05\/Prijslijst-vaarroutes-300x117.jpg 300w, https:\/\/uniekeuitjes.nl\/wp-content\/uploads\/2020\/05\/Prijslijst-vaarroutes-1024x398.jpg 1024w, https:\/\/uniekeuitjes.nl\/wp-content\/uploads\/2020\/05\/Prijslijst-vaarroutes-768x299.jpg 768w, https:\/\/uniekeuitjes.nl\/wp-content\/uploads\/2020\/05\/Prijslijst-vaarroutes-600x233.jpg 600w, https:\/\/uniekeuitjes.nl\/wp-content\/uploads\/2020\/05\/Prijslijst-vaarroutes.jpg 1136w\" sizes=\"auto, (max-width: 636px) 100vw, 636px\" \/><\/p>\n<p>&nbsp;<\/p>\n<h4 class=\"mobile-undersized-upper\">Bedingungen f\u00fcr die Fahrtroute<\/h4>\n<p class=\"mobile-undersized-upper\">Nur mit Reservierung<br \/>\nMindestanzahl: 6 Kanus<br \/>\nPro Reservierung wird in Lochem, Almen, Zutphen, Holten und Bathmen eine Transportgeb\u00fchr von 30,00 \u20ac pro Anh\u00e4nger erhoben.<br \/>\nAn allen anderen Standorten werden zus\u00e4tzliche Transportkosten berechnet.<\/p>\n<p>&nbsp;<\/p>\n<p>Sehen Sie sich unser <a href=\"https:\/\/uniekeuitjes.nl\/alle-uitjes\/\">gesamtes Angebot an<\/a> Ausfl\u00fcgen an.<\/p>\n","protected":false},"excerpt":{"rendered":"<p>Kanufahren, Kajakfahren, Abendessen in Borculo &amp; Vorden Kanu, Kajak, Abendessen in Borculo &amp; Vorden? In der N\u00e4he von Borculo und Vorden gibt es wundersch\u00f6ne Gew\u00e4sser, auf denen Sie mit einem unserer Kanus, Kajaks oder Sups herumtollen k\u00f6nnen. In diesem Gebiet gibt es mehrere Bootsrouten und Paddelpl\u00e4tze, wo Sie auf jeden Fall einen fantastischen Ausflug machen [&hellip;]<\/p>\n","protected":false},"author":2,"featured_media":11412,"parent":0,"menu_order":0,"comment_status":"closed","ping_status":"closed","template":"","meta":{"_acf_changed":false,"_monsterinsights_skip_tracking":false,"_monsterinsights_sitenote_active":false,"_monsterinsights_sitenote_note":"","_monsterinsights_sitenote_category":0,"footnotes":""},"categories":[73],"class_list":["post-11708","page","type-page","status-publish","has-post-thumbnail","hentry","category-zielseite"],"acf":[],"yoast_head":"<!-- This site is optimized with the Yoast SEO plugin v27.4 - https:\/\/yoast.com\/product\/yoast-seo-wordpress\/ -->\n<title>Kanufahren, Kajakfahren, Abendessen in Borculo &amp; Vorden - Uniekeuitjes.nl<\/title>\n<meta name=\"description\" content=\"Kanu- und Kajaktouren oder ein Abendessen auf den sch\u00f6nen Gew\u00e4ssern bei Borculo und Vorden. Kanuverleih Sup-Verleih und Kajakverleih.\" \/>\n<meta name=\"robots\" content=\"index, follow, max-snippet:-1, max-image-preview:large, max-video-preview:-1\" \/>\n<link rel=\"canonical\" href=\"https:\/\/uniekeuitjes.nl\/de\/kanufahren-kajakfahren-abendessen-in-borculo-vorden\/\" \/>\n<meta property=\"og:locale\" content=\"nl_NL\" \/>\n<meta property=\"og:type\" content=\"article\" \/>\n<meta property=\"og:title\" content=\"Kanufahren, Kajakfahren, Abendessen in Borculo &amp; Vorden - Uniekeuitjes.nl\" \/>\n<meta property=\"og:description\" content=\"Kanu- und Kajaktouren oder ein Abendessen auf den sch\u00f6nen Gew\u00e4ssern bei Borculo und Vorden. Kanuverleih Sup-Verleih und Kajakverleih.\" \/>\n<meta property=\"og:url\" content=\"https:\/\/uniekeuitjes.nl\/de\/kanufahren-kajakfahren-abendessen-in-borculo-vorden\/\" \/>\n<meta property=\"og:site_name\" content=\"Uniekeuitjes.nl\" \/>\n<meta property=\"article:publisher\" content=\"https:\/\/www.facebook.com\/uniekeuitjes.nl\" \/>\n<meta property=\"og:image\" content=\"https:\/\/uniekeuitjes.nl\/wp-content\/uploads\/2021\/01\/Kinderen_in_kano-min.jpg\" \/>\n\t<meta property=\"og:image:width\" content=\"1600\" \/>\n\t<meta property=\"og:image:height\" content=\"1200\" \/>\n\t<meta property=\"og:image:type\" content=\"image\/jpeg\" \/>\n<meta name=\"twitter:card\" content=\"summary_large_image\" \/>\n<meta name=\"twitter:label1\" content=\"Geschatte leestijd\" \/>\n\t<meta name=\"twitter:data1\" content=\"1 minuut\" \/>\n<script type=\"application\/ld+json\" class=\"yoast-schema-graph\">{\"@context\":\"https:\\\/\\\/schema.org\",\"@graph\":[{\"@type\":\"WebPage\",\"@id\":\"https:\\\/\\\/uniekeuitjes.nl\\\/de\\\/kanufahren-kajakfahren-abendessen-in-borculo-vorden\\\/\",\"url\":\"https:\\\/\\\/uniekeuitjes.nl\\\/de\\\/kanufahren-kajakfahren-abendessen-in-borculo-vorden\\\/\",\"name\":\"Kanufahren, Kajakfahren, Abendessen in Borculo &amp; Vorden - Uniekeuitjes.nl\",\"isPartOf\":{\"@id\":\"\\\/#website\"},\"primaryImageOfPage\":{\"@id\":\"https:\\\/\\\/uniekeuitjes.nl\\\/de\\\/kanufahren-kajakfahren-abendessen-in-borculo-vorden\\\/#primaryimage\"},\"image\":{\"@id\":\"https:\\\/\\\/uniekeuitjes.nl\\\/de\\\/kanufahren-kajakfahren-abendessen-in-borculo-vorden\\\/#primaryimage\"},\"thumbnailUrl\":\"https:\\\/\\\/uniekeuitjes.nl\\\/wp-content\\\/uploads\\\/2021\\\/01\\\/Kinderen_in_kano-min.jpg\",\"datePublished\":\"2021-01-15T13:09:37+00:00\",\"description\":\"Kanu- und Kajaktouren oder ein Abendessen auf den sch\u00f6nen Gew\u00e4ssern bei Borculo und Vorden. Kanuverleih Sup-Verleih und Kajakverleih.\",\"breadcrumb\":{\"@id\":\"https:\\\/\\\/uniekeuitjes.nl\\\/de\\\/kanufahren-kajakfahren-abendessen-in-borculo-vorden\\\/#breadcrumb\"},\"inLanguage\":\"nl-NL\",\"potentialAction\":[{\"@type\":\"ReadAction\",\"target\":[\"https:\\\/\\\/uniekeuitjes.nl\\\/de\\\/kanufahren-kajakfahren-abendessen-in-borculo-vorden\\\/\"]}]},{\"@type\":\"ImageObject\",\"inLanguage\":\"nl-NL\",\"@id\":\"https:\\\/\\\/uniekeuitjes.nl\\\/de\\\/kanufahren-kajakfahren-abendessen-in-borculo-vorden\\\/#primaryimage\",\"url\":\"https:\\\/\\\/uniekeuitjes.nl\\\/wp-content\\\/uploads\\\/2021\\\/01\\\/Kinderen_in_kano-min.jpg\",\"contentUrl\":\"https:\\\/\\\/uniekeuitjes.nl\\\/wp-content\\\/uploads\\\/2021\\\/01\\\/Kinderen_in_kano-min.jpg\",\"width\":1600,\"height\":1200,\"caption\":\"Kanovaren, kajakken & suppen in de omgeving Lochem & Borculo\"},{\"@type\":\"BreadcrumbList\",\"@id\":\"https:\\\/\\\/uniekeuitjes.nl\\\/de\\\/kanufahren-kajakfahren-abendessen-in-borculo-vorden\\\/#breadcrumb\",\"itemListElement\":[{\"@type\":\"ListItem\",\"position\":1,\"name\":\"Home\",\"item\":\"https:\\\/\\\/uniekeuitjes.nl\\\/de\\\/\"},{\"@type\":\"ListItem\",\"position\":2,\"name\":\"Kanufahren, Kajakfahren, Abendessen in Borculo &amp; Vorden\"}]},{\"@type\":\"WebSite\",\"@id\":\"\\\/#website\",\"url\":\"\\\/\",\"name\":\"Uniekeuitjes.nl\",\"description\":\"Goedkope leuke uitjes zelf samen te stellen\",\"publisher\":{\"@id\":\"\\\/#organization\"},\"potentialAction\":[{\"@type\":\"SearchAction\",\"target\":{\"@type\":\"EntryPoint\",\"urlTemplate\":\"\\\/?s={search_term_string}\"},\"query-input\":{\"@type\":\"PropertyValueSpecification\",\"valueRequired\":true,\"valueName\":\"search_term_string\"}}],\"inLanguage\":\"nl-NL\"},{\"@type\":\"Organization\",\"@id\":\"\\\/#organization\",\"name\":\"Unieke Uitjes\",\"url\":\"\\\/\",\"logo\":{\"@type\":\"ImageObject\",\"inLanguage\":\"nl-NL\",\"@id\":\"\\\/#\\\/schema\\\/logo\\\/image\\\/\",\"url\":\"https:\\\/\\\/uniekeuitjes.nl\\\/wp-content\\\/uploads\\\/2019\\\/02\\\/site-login-logo.png\",\"contentUrl\":\"https:\\\/\\\/uniekeuitjes.nl\\\/wp-content\\\/uploads\\\/2019\\\/02\\\/site-login-logo.png\",\"width\":708,\"height\":345,\"caption\":\"Unieke Uitjes\"},\"image\":{\"@id\":\"\\\/#\\\/schema\\\/logo\\\/image\\\/\"},\"sameAs\":[\"https:\\\/\\\/www.facebook.com\\\/uniekeuitjes.nl\",\"https:\\\/\\\/www.instagram.com\\\/uniekeuitjes.nl\\\/\",\"https:\\\/\\\/www.linkedin.com\\\/company\\\/unieke-uitjes-nl\",\"https:\\\/\\\/www.youtube.com\\\/channel\\\/UCXwRXFWP_R0kxRAeL79FQfw\"]}]}<\/script>\n<!-- \/ Yoast SEO plugin. -->","yoast_head_json":{"title":"Kanufahren, Kajakfahren, Abendessen in Borculo &amp; Vorden - Uniekeuitjes.nl","description":"Kanu- und Kajaktouren oder ein Abendessen auf den sch\u00f6nen Gew\u00e4ssern bei Borculo und Vorden. Kanuverleih Sup-Verleih und Kajakverleih.","robots":{"index":"index","follow":"follow","max-snippet":"max-snippet:-1","max-image-preview":"max-image-preview:large","max-video-preview":"max-video-preview:-1"},"canonical":"https:\/\/uniekeuitjes.nl\/de\/kanufahren-kajakfahren-abendessen-in-borculo-vorden\/","og_locale":"nl_NL","og_type":"article","og_title":"Kanufahren, Kajakfahren, Abendessen in Borculo &amp; Vorden - Uniekeuitjes.nl","og_description":"Kanu- und Kajaktouren oder ein Abendessen auf den sch\u00f6nen Gew\u00e4ssern bei Borculo und Vorden. Kanuverleih Sup-Verleih und Kajakverleih.","og_url":"https:\/\/uniekeuitjes.nl\/de\/kanufahren-kajakfahren-abendessen-in-borculo-vorden\/","og_site_name":"Uniekeuitjes.nl","article_publisher":"https:\/\/www.facebook.com\/uniekeuitjes.nl","og_image":[{"width":1600,"height":1200,"url":"https:\/\/uniekeuitjes.nl\/wp-content\/uploads\/2021\/01\/Kinderen_in_kano-min.jpg","type":"image\/jpeg"}],"twitter_card":"summary_large_image","twitter_misc":{"Geschatte leestijd":"1 minuut"},"schema":{"@context":"https:\/\/schema.org","@graph":[{"@type":"WebPage","@id":"https:\/\/uniekeuitjes.nl\/de\/kanufahren-kajakfahren-abendessen-in-borculo-vorden\/","url":"https:\/\/uniekeuitjes.nl\/de\/kanufahren-kajakfahren-abendessen-in-borculo-vorden\/","name":"Kanufahren, Kajakfahren, Abendessen in Borculo &amp; Vorden - Uniekeuitjes.nl","isPartOf":{"@id":"\/#website"},"primaryImageOfPage":{"@id":"https:\/\/uniekeuitjes.nl\/de\/kanufahren-kajakfahren-abendessen-in-borculo-vorden\/#primaryimage"},"image":{"@id":"https:\/\/uniekeuitjes.nl\/de\/kanufahren-kajakfahren-abendessen-in-borculo-vorden\/#primaryimage"},"thumbnailUrl":"https:\/\/uniekeuitjes.nl\/wp-content\/uploads\/2021\/01\/Kinderen_in_kano-min.jpg","datePublished":"2021-01-15T13:09:37+00:00","description":"Kanu- und Kajaktouren oder ein Abendessen auf den sch\u00f6nen Gew\u00e4ssern bei Borculo und Vorden. Kanuverleih Sup-Verleih und Kajakverleih.","breadcrumb":{"@id":"https:\/\/uniekeuitjes.nl\/de\/kanufahren-kajakfahren-abendessen-in-borculo-vorden\/#breadcrumb"},"inLanguage":"nl-NL","potentialAction":[{"@type":"ReadAction","target":["https:\/\/uniekeuitjes.nl\/de\/kanufahren-kajakfahren-abendessen-in-borculo-vorden\/"]}]},{"@type":"ImageObject","inLanguage":"nl-NL","@id":"https:\/\/uniekeuitjes.nl\/de\/kanufahren-kajakfahren-abendessen-in-borculo-vorden\/#primaryimage","url":"https:\/\/uniekeuitjes.nl\/wp-content\/uploads\/2021\/01\/Kinderen_in_kano-min.jpg","contentUrl":"https:\/\/uniekeuitjes.nl\/wp-content\/uploads\/2021\/01\/Kinderen_in_kano-min.jpg","width":1600,"height":1200,"caption":"Kanovaren, kajakken & suppen in de omgeving Lochem & Borculo"},{"@type":"BreadcrumbList","@id":"https:\/\/uniekeuitjes.nl\/de\/kanufahren-kajakfahren-abendessen-in-borculo-vorden\/#breadcrumb","itemListElement":[{"@type":"ListItem","position":1,"name":"Home","item":"https:\/\/uniekeuitjes.nl\/de\/"},{"@type":"ListItem","position":2,"name":"Kanufahren, Kajakfahren, Abendessen in Borculo &amp; Vorden"}]},{"@type":"WebSite","@id":"\/#website","url":"\/","name":"Uniekeuitjes.nl","description":"Goedkope leuke uitjes zelf samen te stellen","publisher":{"@id":"\/#organization"},"potentialAction":[{"@type":"SearchAction","target":{"@type":"EntryPoint","urlTemplate":"\/?s={search_term_string}"},"query-input":{"@type":"PropertyValueSpecification","valueRequired":true,"valueName":"search_term_string"}}],"inLanguage":"nl-NL"},{"@type":"Organization","@id":"\/#organization","name":"Unieke Uitjes","url":"\/","logo":{"@type":"ImageObject","inLanguage":"nl-NL","@id":"\/#\/schema\/logo\/image\/","url":"https:\/\/uniekeuitjes.nl\/wp-content\/uploads\/2019\/02\/site-login-logo.png","contentUrl":"https:\/\/uniekeuitjes.nl\/wp-content\/uploads\/2019\/02\/site-login-logo.png","width":708,"height":345,"caption":"Unieke Uitjes"},"image":{"@id":"\/#\/schema\/logo\/image\/"},"sameAs":["https:\/\/www.facebook.com\/uniekeuitjes.nl","https:\/\/www.instagram.com\/uniekeuitjes.nl\/","https:\/\/www.linkedin.com\/company\/unieke-uitjes-nl","https:\/\/www.youtube.com\/channel\/UCXwRXFWP_R0kxRAeL79FQfw"]}]}},"_links":{"self":[{"href":"https:\/\/uniekeuitjes.nl\/de\/wp-json\/wp\/v2\/pages\/11708","targetHints":{"allow":["GET"]}}],"collection":[{"href":"https:\/\/uniekeuitjes.nl\/de\/wp-json\/wp\/v2\/pages"}],"about":[{"href":"https:\/\/uniekeuitjes.nl\/de\/wp-json\/wp\/v2\/types\/page"}],"author":[{"embeddable":true,"href":"https:\/\/uniekeuitjes.nl\/de\/wp-json\/wp\/v2\/users\/2"}],"replies":[{"embeddable":true,"href":"https:\/\/uniekeuitjes.nl\/de\/wp-json\/wp\/v2\/comments?post=11708"}],"version-history":[{"count":0,"href":"https:\/\/uniekeuitjes.nl\/de\/wp-json\/wp\/v2\/pages\/11708\/revisions"}],"wp:featuredmedia":[{"embeddable":true,"href":"https:\/\/uniekeuitjes.nl\/de\/wp-json\/wp\/v2\/media\/11412"}],"wp:attachment":[{"href":"https:\/\/uniekeuitjes.nl\/de\/wp-json\/wp\/v2\/media?parent=11708"}],"wp:term":[{"taxonomy":"category","embeddable":true,"href":"https:\/\/uniekeuitjes.nl\/de\/wp-json\/wp\/v2\/categories?post=11708"}],"curies":[{"name":"wp","href":"https:\/\/api.w.org\/{rel}","templated":true}]}}