{"id":11710,"date":"2021-01-15T12:27:55","date_gmt":"2021-01-15T12:27:55","guid":{"rendered":"https:\/\/uniekeuitjes.nl\/kanufahren-kajakfahren-und-abendessen-in-markelo-und-holten\/"},"modified":"2021-01-15T12:27:55","modified_gmt":"2021-01-15T12:27:55","slug":"kanufahren-kajakfahren-und-abendessen-in-markelo-und-holten","status":"publish","type":"page","link":"https:\/\/uniekeuitjes.nl\/de\/kanufahren-kajakfahren-und-abendessen-in-markelo-und-holten\/","title":{"rendered":"Kanufahren, Kajakfahren und Abendessen in Markelo und Holten"},"content":{"rendered":"<h2>Kanufahren bei Markelo, Holten &amp; Bathmen<\/h2>\n<p>Kanu-, Suppen- oder Kajakfahren in der Umgebung von Markelo, Holten und Bathmen ist nat\u00fcrlich auch bei UniqueUitjes m\u00f6glich. In dieser sch\u00f6nen Umgebung fahren wir zum Beispiel auf der Schipbeek. Hier k\u00f6nnen Sie an alten Baumreihen vorbeifahren und den Fernsehturm von Markelo \u00fcberblicken. Auf dem Schipbeek bieten wir verschiedene M\u00f6glichkeiten, wie z. B. ein Paddelgebiet und Bootsrouten. Der Unterschied zwischen diesen beiden Optionen besteht darin, dass man bei einer Paddeltour von einem Ort zum Ausgangspunkt zur\u00fcckkehrt, w\u00e4hrend man bei einer Kreuzfahrt zu einem anderen Ort segelt.<\/p>\n<p>Die Bootsroute und das Paddelrevier, das wir Ihnen in diesem Gebiet anbieten k\u00f6nnen, sind auf dem Schipbeek oder auf der Berkel. Selbstverst\u00e4ndlich erhalten Sie ein wasserdichtes Fass f\u00fcr Ihre Wertsachen und eine Schwimmweste, falls erforderlich. Dies ist im Preis inbegriffen.<\/p>\n<p>Wir haben 3 Schiffe:<\/p>\n<ul>\n<li>Kanus: 1 Modell, das 2, 3 oder 4 Personen fasst. (4 Personen in 1 Kanu ist nur m\u00f6glich, wenn 2 Kinder dabei sind)<\/li>\n<li>Sup&#8217;s: Stand Up Paddling. Sie stellen sich auf Ihr Boot und erhalten ein individuelles Paddel. Ein Riesenspa\u00df und einfacher als man denkt.<\/li>\n<li>Kajakfahren: Sie sind allein in einem Kajak und diese sind nah. Du bist nett und wendig und kannst dein eigenes Ding machen.<\/li>\n<\/ul>\n<h4>Kreuzfahrtrouten<\/h4>\n<ul>\n<li><a href=\"https:\/\/kanoverhuuroost.nl\/vaarroutes\/schipbeek\/holten%20-%20bathmen.html\">Holten &#8211; Bathmen<\/a> (Sie werden auf unsere Seite weitergeleitet: Kanuverleih Ost, wo es ausf\u00fchrliche Informationen gibt)<\/li>\n<\/ul>\n<h4><\/h4>\n<h4>Paddelspots (Kanufahrt mit gleichem Start- und Zielpunkt)<\/h4>\n<p>(Sie werden zu unserer Kanuseite weitergeleitet.)<\/p>\n<ul>\n<li><a href=\"https:\/\/kanoverhuuroost.nl\/peddelplekken\/markelo.html\">Markelo<\/a><\/li>\n<li><a href=\"https:\/\/kanoverhuuroost.nl\/peddelplekken\/lochem.html\">Lochem<\/a><\/li>\n<li><a href=\"https:\/\/kanoverhuuroost.nl\/peddelplekken\/almen.html\">Almen<\/a><\/li>\n<\/ul>\n<p>&nbsp;<\/p>\n<h2>Kajakfahren &amp; Essen gehen<\/h2>\n<p>Nat\u00fcrlich k\u00f6nnen Sie auch die sch\u00f6ne Umgebung mit 1 unserer Kajaks oder Sups erkunden. Weitere Optionen finden Sie unter <a href=\"http:\/\/kanoverhuuroost.nl\">kanoverhuuroost.de<\/a> oder auf unserer Seite <a href=\"https:\/\/uniekeuitjes.nl\/uitje\/kajak-verhuur\/\">Kajaks<\/a> und <a href=\"https:\/\/uniekeuitjes.nl\/uitje\/sup-huren\/\">Sups<\/a>.<\/p>\n<p>&nbsp;<\/p>\n<h2><strong>Preise Kanuverleih<\/strong><\/h2>\n<p>&nbsp;<\/p>\n<p><img loading=\"lazy\" decoding=\"async\" class=\"alignnone wp-image-10490\" src=\"http:\/\/uniekeuitjes.nl\/wp-content\/uploads\/2020\/05\/Prijslijst-peddelplek-300x116.jpg\" alt=\"\" width=\"631\" height=\"244\" srcset=\"https:\/\/uniekeuitjes.nl\/wp-content\/uploads\/2020\/05\/Prijslijst-peddelplek-300x116.jpg 300w, https:\/\/uniekeuitjes.nl\/wp-content\/uploads\/2020\/05\/Prijslijst-peddelplek-1024x395.jpg 1024w, https:\/\/uniekeuitjes.nl\/wp-content\/uploads\/2020\/05\/Prijslijst-peddelplek-768x296.jpg 768w, https:\/\/uniekeuitjes.nl\/wp-content\/uploads\/2020\/05\/Prijslijst-peddelplek-600x231.jpg 600w, https:\/\/uniekeuitjes.nl\/wp-content\/uploads\/2020\/05\/Prijslijst-peddelplek.jpg 1136w\" sizes=\"auto, (max-width: 631px) 100vw, 631px\" \/><\/p>\n<p>&nbsp;<\/p>\n<p>&nbsp;<\/p>\n<p><em>Preis nur g\u00fcltig an den Paddelstandorten Almen und Lochem (andere Standorte gegen Aufpreis)<\/em><\/p>\n<p><em>Immer zum Ausgangspunkt zur\u00fcckkehren und je nach Verf\u00fcgbarkeit<\/em><\/p>\n<p>&nbsp;<\/p>\n<p><img loading=\"lazy\" decoding=\"async\" class=\"alignnone wp-image-10489\" src=\"http:\/\/uniekeuitjes.nl\/wp-content\/uploads\/2020\/05\/Prijslijst-vaarroutes-300x117.jpg\" alt=\"\" width=\"633\" height=\"247\" srcset=\"https:\/\/uniekeuitjes.nl\/wp-content\/uploads\/2020\/05\/Prijslijst-vaarroutes-300x117.jpg 300w, https:\/\/uniekeuitjes.nl\/wp-content\/uploads\/2020\/05\/Prijslijst-vaarroutes-1024x398.jpg 1024w, https:\/\/uniekeuitjes.nl\/wp-content\/uploads\/2020\/05\/Prijslijst-vaarroutes-768x299.jpg 768w, https:\/\/uniekeuitjes.nl\/wp-content\/uploads\/2020\/05\/Prijslijst-vaarroutes-600x233.jpg 600w, https:\/\/uniekeuitjes.nl\/wp-content\/uploads\/2020\/05\/Prijslijst-vaarroutes.jpg 1136w\" sizes=\"auto, (max-width: 633px) 100vw, 633px\" \/><\/p>\n<p>&nbsp;<\/p>\n<p><em>Nur mit Reservierung<\/em><\/p>\n<p><em>Mindestanzahl: 6 Kanus<\/em><\/p>\n<p><em>Pro Reservierung wird eine Transportgeb\u00fchr von \u20ac 30,00 pro Anh\u00e4nger erhoben.<\/em><\/p>\n<p><em>(Lochem, Almen, Zwiep, Zutphen Holten, Markelo und Bathmen)<\/em><\/p>\n<p><em>F\u00fcr andere Orte werden zus\u00e4tzliche Transportkosten berechnet.<\/em><\/p>\n","protected":false},"excerpt":{"rendered":"<p>Kanufahren bei Markelo, Holten &amp; Bathmen Kanu-, Suppen- oder Kajakfahren in der Umgebung von Markelo, Holten und Bathmen ist nat\u00fcrlich auch bei UniqueUitjes m\u00f6glich. In dieser sch\u00f6nen Umgebung fahren wir zum Beispiel auf der Schipbeek. Hier k\u00f6nnen Sie an alten Baumreihen vorbeifahren und den Fernsehturm von Markelo \u00fcberblicken. Auf dem Schipbeek bieten wir verschiedene M\u00f6glichkeiten, [&hellip;]<\/p>\n","protected":false},"author":2,"featured_media":11408,"parent":0,"menu_order":0,"comment_status":"closed","ping_status":"closed","template":"","meta":{"_acf_changed":false,"_monsterinsights_skip_tracking":false,"_monsterinsights_sitenote_active":false,"_monsterinsights_sitenote_note":"","_monsterinsights_sitenote_category":0,"footnotes":""},"categories":[73],"class_list":["post-11710","page","type-page","status-publish","has-post-thumbnail","hentry","category-zielseite"],"acf":[],"yoast_head":"<!-- This site is optimized with the Yoast SEO plugin v27.4 - https:\/\/yoast.com\/product\/yoast-seo-wordpress\/ -->\n<title>Kanufahren, Kajakfahren und Abendessen in Markelo und Holten - Uniekeuitjes.nl<\/title>\n<meta name=\"description\" content=\"Kanufahren in der Umgebung von Markelo, Holten und Bathmen ist bei UniqueUitjes kein Problem. Sup-Verleih, Kanuverleih und Kajakverleih. Viel Spa\u00df!\" \/>\n<meta name=\"robots\" content=\"index, follow, max-snippet:-1, max-image-preview:large, max-video-preview:-1\" \/>\n<link rel=\"canonical\" href=\"https:\/\/uniekeuitjes.nl\/de\/kanufahren-kajakfahren-und-abendessen-in-markelo-und-holten\/\" \/>\n<meta property=\"og:locale\" content=\"nl_NL\" \/>\n<meta property=\"og:type\" content=\"article\" \/>\n<meta property=\"og:title\" content=\"Kanufahren, Kajakfahren und Abendessen in Markelo und Holten - Uniekeuitjes.nl\" \/>\n<meta property=\"og:description\" content=\"Kanufahren in der Umgebung von Markelo, Holten und Bathmen ist bei UniqueUitjes kein Problem. Sup-Verleih, Kanuverleih und Kajakverleih. Viel Spa\u00df!\" \/>\n<meta property=\"og:url\" content=\"https:\/\/uniekeuitjes.nl\/de\/kanufahren-kajakfahren-und-abendessen-in-markelo-und-holten\/\" \/>\n<meta property=\"og:site_name\" content=\"Uniekeuitjes.nl\" \/>\n<meta property=\"article:publisher\" content=\"https:\/\/www.facebook.com\/uniekeuitjes.nl\" \/>\n<meta property=\"og:image\" content=\"https:\/\/uniekeuitjes.nl\/wp-content\/uploads\/2021\/01\/Groep-kano-2-min-scaled.jpg\" \/>\n\t<meta property=\"og:image:width\" content=\"2560\" \/>\n\t<meta property=\"og:image:height\" content=\"1920\" \/>\n\t<meta property=\"og:image:type\" content=\"image\/jpeg\" \/>\n<meta name=\"twitter:card\" content=\"summary_large_image\" \/>\n<meta name=\"twitter:label1\" content=\"Geschatte leestijd\" \/>\n\t<meta name=\"twitter:data1\" content=\"2 minuten\" \/>\n<script type=\"application\/ld+json\" class=\"yoast-schema-graph\">{\"@context\":\"https:\\\/\\\/schema.org\",\"@graph\":[{\"@type\":\"WebPage\",\"@id\":\"https:\\\/\\\/uniekeuitjes.nl\\\/de\\\/kanufahren-kajakfahren-und-abendessen-in-markelo-und-holten\\\/\",\"url\":\"https:\\\/\\\/uniekeuitjes.nl\\\/de\\\/kanufahren-kajakfahren-und-abendessen-in-markelo-und-holten\\\/\",\"name\":\"Kanufahren, Kajakfahren und Abendessen in Markelo und Holten - Uniekeuitjes.nl\",\"isPartOf\":{\"@id\":\"\\\/#website\"},\"primaryImageOfPage\":{\"@id\":\"https:\\\/\\\/uniekeuitjes.nl\\\/de\\\/kanufahren-kajakfahren-und-abendessen-in-markelo-und-holten\\\/#primaryimage\"},\"image\":{\"@id\":\"https:\\\/\\\/uniekeuitjes.nl\\\/de\\\/kanufahren-kajakfahren-und-abendessen-in-markelo-und-holten\\\/#primaryimage\"},\"thumbnailUrl\":\"https:\\\/\\\/uniekeuitjes.nl\\\/wp-content\\\/uploads\\\/2021\\\/01\\\/Groep-kano-2-min-scaled.jpg\",\"datePublished\":\"2021-01-15T12:27:55+00:00\",\"description\":\"Kanufahren in der Umgebung von Markelo, Holten und Bathmen ist bei UniqueUitjes kein Problem. Sup-Verleih, Kanuverleih und Kajakverleih. Viel Spa\u00df!\",\"breadcrumb\":{\"@id\":\"https:\\\/\\\/uniekeuitjes.nl\\\/de\\\/kanufahren-kajakfahren-und-abendessen-in-markelo-und-holten\\\/#breadcrumb\"},\"inLanguage\":\"nl-NL\",\"potentialAction\":[{\"@type\":\"ReadAction\",\"target\":[\"https:\\\/\\\/uniekeuitjes.nl\\\/de\\\/kanufahren-kajakfahren-und-abendessen-in-markelo-und-holten\\\/\"]}]},{\"@type\":\"ImageObject\",\"inLanguage\":\"nl-NL\",\"@id\":\"https:\\\/\\\/uniekeuitjes.nl\\\/de\\\/kanufahren-kajakfahren-und-abendessen-in-markelo-und-holten\\\/#primaryimage\",\"url\":\"https:\\\/\\\/uniekeuitjes.nl\\\/wp-content\\\/uploads\\\/2021\\\/01\\\/Groep-kano-2-min-scaled.jpg\",\"contentUrl\":\"https:\\\/\\\/uniekeuitjes.nl\\\/wp-content\\\/uploads\\\/2021\\\/01\\\/Groep-kano-2-min-scaled.jpg\",\"width\":2560,\"height\":1920},{\"@type\":\"BreadcrumbList\",\"@id\":\"https:\\\/\\\/uniekeuitjes.nl\\\/de\\\/kanufahren-kajakfahren-und-abendessen-in-markelo-und-holten\\\/#breadcrumb\",\"itemListElement\":[{\"@type\":\"ListItem\",\"position\":1,\"name\":\"Home\",\"item\":\"https:\\\/\\\/uniekeuitjes.nl\\\/de\\\/\"},{\"@type\":\"ListItem\",\"position\":2,\"name\":\"Kanufahren, Kajakfahren und Abendessen in Markelo und Holten\"}]},{\"@type\":\"WebSite\",\"@id\":\"\\\/#website\",\"url\":\"\\\/\",\"name\":\"Uniekeuitjes.nl\",\"description\":\"Goedkope leuke uitjes zelf samen te stellen\",\"publisher\":{\"@id\":\"\\\/#organization\"},\"potentialAction\":[{\"@type\":\"SearchAction\",\"target\":{\"@type\":\"EntryPoint\",\"urlTemplate\":\"\\\/?s={search_term_string}\"},\"query-input\":{\"@type\":\"PropertyValueSpecification\",\"valueRequired\":true,\"valueName\":\"search_term_string\"}}],\"inLanguage\":\"nl-NL\"},{\"@type\":\"Organization\",\"@id\":\"\\\/#organization\",\"name\":\"Unieke Uitjes\",\"url\":\"\\\/\",\"logo\":{\"@type\":\"ImageObject\",\"inLanguage\":\"nl-NL\",\"@id\":\"\\\/#\\\/schema\\\/logo\\\/image\\\/\",\"url\":\"https:\\\/\\\/uniekeuitjes.nl\\\/wp-content\\\/uploads\\\/2019\\\/02\\\/site-login-logo.png\",\"contentUrl\":\"https:\\\/\\\/uniekeuitjes.nl\\\/wp-content\\\/uploads\\\/2019\\\/02\\\/site-login-logo.png\",\"width\":708,\"height\":345,\"caption\":\"Unieke Uitjes\"},\"image\":{\"@id\":\"\\\/#\\\/schema\\\/logo\\\/image\\\/\"},\"sameAs\":[\"https:\\\/\\\/www.facebook.com\\\/uniekeuitjes.nl\",\"https:\\\/\\\/www.instagram.com\\\/uniekeuitjes.nl\\\/\",\"https:\\\/\\\/www.linkedin.com\\\/company\\\/unieke-uitjes-nl\",\"https:\\\/\\\/www.youtube.com\\\/channel\\\/UCXwRXFWP_R0kxRAeL79FQfw\"]}]}<\/script>\n<!-- \/ Yoast SEO plugin. -->","yoast_head_json":{"title":"Kanufahren, Kajakfahren und Abendessen in Markelo und Holten - Uniekeuitjes.nl","description":"Kanufahren in der Umgebung von Markelo, Holten und Bathmen ist bei UniqueUitjes kein Problem. Sup-Verleih, Kanuverleih und Kajakverleih. Viel Spa\u00df!","robots":{"index":"index","follow":"follow","max-snippet":"max-snippet:-1","max-image-preview":"max-image-preview:large","max-video-preview":"max-video-preview:-1"},"canonical":"https:\/\/uniekeuitjes.nl\/de\/kanufahren-kajakfahren-und-abendessen-in-markelo-und-holten\/","og_locale":"nl_NL","og_type":"article","og_title":"Kanufahren, Kajakfahren und Abendessen in Markelo und Holten - Uniekeuitjes.nl","og_description":"Kanufahren in der Umgebung von Markelo, Holten und Bathmen ist bei UniqueUitjes kein Problem. Sup-Verleih, Kanuverleih und Kajakverleih. Viel Spa\u00df!","og_url":"https:\/\/uniekeuitjes.nl\/de\/kanufahren-kajakfahren-und-abendessen-in-markelo-und-holten\/","og_site_name":"Uniekeuitjes.nl","article_publisher":"https:\/\/www.facebook.com\/uniekeuitjes.nl","og_image":[{"width":2560,"height":1920,"url":"https:\/\/uniekeuitjes.nl\/wp-content\/uploads\/2021\/01\/Groep-kano-2-min-scaled.jpg","type":"image\/jpeg"}],"twitter_card":"summary_large_image","twitter_misc":{"Geschatte leestijd":"2 minuten"},"schema":{"@context":"https:\/\/schema.org","@graph":[{"@type":"WebPage","@id":"https:\/\/uniekeuitjes.nl\/de\/kanufahren-kajakfahren-und-abendessen-in-markelo-und-holten\/","url":"https:\/\/uniekeuitjes.nl\/de\/kanufahren-kajakfahren-und-abendessen-in-markelo-und-holten\/","name":"Kanufahren, Kajakfahren und Abendessen in Markelo und Holten - Uniekeuitjes.nl","isPartOf":{"@id":"\/#website"},"primaryImageOfPage":{"@id":"https:\/\/uniekeuitjes.nl\/de\/kanufahren-kajakfahren-und-abendessen-in-markelo-und-holten\/#primaryimage"},"image":{"@id":"https:\/\/uniekeuitjes.nl\/de\/kanufahren-kajakfahren-und-abendessen-in-markelo-und-holten\/#primaryimage"},"thumbnailUrl":"https:\/\/uniekeuitjes.nl\/wp-content\/uploads\/2021\/01\/Groep-kano-2-min-scaled.jpg","datePublished":"2021-01-15T12:27:55+00:00","description":"Kanufahren in der Umgebung von Markelo, Holten und Bathmen ist bei UniqueUitjes kein Problem. Sup-Verleih, Kanuverleih und Kajakverleih. Viel Spa\u00df!","breadcrumb":{"@id":"https:\/\/uniekeuitjes.nl\/de\/kanufahren-kajakfahren-und-abendessen-in-markelo-und-holten\/#breadcrumb"},"inLanguage":"nl-NL","potentialAction":[{"@type":"ReadAction","target":["https:\/\/uniekeuitjes.nl\/de\/kanufahren-kajakfahren-und-abendessen-in-markelo-und-holten\/"]}]},{"@type":"ImageObject","inLanguage":"nl-NL","@id":"https:\/\/uniekeuitjes.nl\/de\/kanufahren-kajakfahren-und-abendessen-in-markelo-und-holten\/#primaryimage","url":"https:\/\/uniekeuitjes.nl\/wp-content\/uploads\/2021\/01\/Groep-kano-2-min-scaled.jpg","contentUrl":"https:\/\/uniekeuitjes.nl\/wp-content\/uploads\/2021\/01\/Groep-kano-2-min-scaled.jpg","width":2560,"height":1920},{"@type":"BreadcrumbList","@id":"https:\/\/uniekeuitjes.nl\/de\/kanufahren-kajakfahren-und-abendessen-in-markelo-und-holten\/#breadcrumb","itemListElement":[{"@type":"ListItem","position":1,"name":"Home","item":"https:\/\/uniekeuitjes.nl\/de\/"},{"@type":"ListItem","position":2,"name":"Kanufahren, Kajakfahren und Abendessen in Markelo und Holten"}]},{"@type":"WebSite","@id":"\/#website","url":"\/","name":"Uniekeuitjes.nl","description":"Goedkope leuke uitjes zelf samen te stellen","publisher":{"@id":"\/#organization"},"potentialAction":[{"@type":"SearchAction","target":{"@type":"EntryPoint","urlTemplate":"\/?s={search_term_string}"},"query-input":{"@type":"PropertyValueSpecification","valueRequired":true,"valueName":"search_term_string"}}],"inLanguage":"nl-NL"},{"@type":"Organization","@id":"\/#organization","name":"Unieke Uitjes","url":"\/","logo":{"@type":"ImageObject","inLanguage":"nl-NL","@id":"\/#\/schema\/logo\/image\/","url":"https:\/\/uniekeuitjes.nl\/wp-content\/uploads\/2019\/02\/site-login-logo.png","contentUrl":"https:\/\/uniekeuitjes.nl\/wp-content\/uploads\/2019\/02\/site-login-logo.png","width":708,"height":345,"caption":"Unieke Uitjes"},"image":{"@id":"\/#\/schema\/logo\/image\/"},"sameAs":["https:\/\/www.facebook.com\/uniekeuitjes.nl","https:\/\/www.instagram.com\/uniekeuitjes.nl\/","https:\/\/www.linkedin.com\/company\/unieke-uitjes-nl","https:\/\/www.youtube.com\/channel\/UCXwRXFWP_R0kxRAeL79FQfw"]}]}},"_links":{"self":[{"href":"https:\/\/uniekeuitjes.nl\/de\/wp-json\/wp\/v2\/pages\/11710","targetHints":{"allow":["GET"]}}],"collection":[{"href":"https:\/\/uniekeuitjes.nl\/de\/wp-json\/wp\/v2\/pages"}],"about":[{"href":"https:\/\/uniekeuitjes.nl\/de\/wp-json\/wp\/v2\/types\/page"}],"author":[{"embeddable":true,"href":"https:\/\/uniekeuitjes.nl\/de\/wp-json\/wp\/v2\/users\/2"}],"replies":[{"embeddable":true,"href":"https:\/\/uniekeuitjes.nl\/de\/wp-json\/wp\/v2\/comments?post=11710"}],"version-history":[{"count":0,"href":"https:\/\/uniekeuitjes.nl\/de\/wp-json\/wp\/v2\/pages\/11710\/revisions"}],"wp:featuredmedia":[{"embeddable":true,"href":"https:\/\/uniekeuitjes.nl\/de\/wp-json\/wp\/v2\/media\/11408"}],"wp:attachment":[{"href":"https:\/\/uniekeuitjes.nl\/de\/wp-json\/wp\/v2\/media?parent=11710"}],"wp:term":[{"taxonomy":"category","embeddable":true,"href":"https:\/\/uniekeuitjes.nl\/de\/wp-json\/wp\/v2\/categories?post=11710"}],"curies":[{"name":"wp","href":"https:\/\/api.w.org\/{rel}","templated":true}]}}