{"id":11711,"date":"2020-07-03T11:35:24","date_gmt":"2020-07-03T11:35:24","guid":{"rendered":"https:\/\/uniekeuitjes.nl\/huepfburgvermietung-achterhoek\/"},"modified":"2020-07-03T11:35:24","modified_gmt":"2020-07-03T11:35:24","slug":"huepfburgvermietung-achterhoek","status":"publish","type":"page","link":"https:\/\/uniekeuitjes.nl\/de\/huepfburgvermietung-achterhoek\/","title":{"rendered":"H\u00fcpfburgvermietung Achterhoek"},"content":{"rendered":"<h2>H\u00fcpfburgvermietung Achterhoek<\/h2>\n<p>H\u00fcpfburgen mieten in der Achterhoek? Dann sind Sie bei Unique Outings an der richtigen Adresse. Unique Outings bietet verschiedene H\u00fcpfkissen zu einem sehr g\u00fcnstigen Preis an. Alle unsere H\u00fcpfburgen sind gut gewartet. Bei der Anmietung ist das Gebl\u00e4se selbstverst\u00e4ndlich inbegriffen. Sollten Sie keinen Stromanschluss in der N\u00e4he haben, k\u00f6nnen wir Ihnen eine Spule zur Verf\u00fcgung stellen. Es fallen dann zus\u00e4tzliche Kosten an. Alle Abmessungen der einzelnen H\u00fcpfburgen finden Sie auf den H\u00fcpfburgseiten. Unique Outings bietet die folgenden H\u00fcpfburgen an:<\/p>\n<p>&nbsp;<\/p>\n<ul>\n<li><span style=\"color: #0000ff;\"><a style=\"color: #0000ff;\" href=\"https:\/\/uniekeuitjes.nl\/uitje\/overdekt-springkussen-koetje-huren\/\">Indoor-H\u00fcpfburg Koetje<\/a><\/span><\/li>\n<li><span style=\"color: #0000ff;\"><a style=\"color: #0000ff;\" href=\"https:\/\/uniekeuitjes.nl\/uitje\/overdekt-springkussen-piraat-huren\/\">Indoor-H\u00fcpfburg Pirat<\/a><\/span><\/li>\n<li><span style=\"color: #0000ff;\"><a style=\"color: #0000ff;\" href=\"https:\/\/uniekeuitjes.nl\/uitje\/springkussen-multiplay\/\">H\u00fcpfburg Multiplay<\/a><\/span><\/li>\n<li><span style=\"color: #0000ff;\"><a style=\"color: #0000ff;\" href=\"https:\/\/uniekeuitjes.nl\/uitje\/rodeo-stier\/\">Rodeo-Bulle<\/a><\/span><\/li>\n<li><span style=\"color: #0000ff;\"><a style=\"color: #0000ff;\" href=\"https:\/\/uniekeuitjes.nl\/uitje\/stormbaan-unieke-uitjes\/\">Sturmspur<\/a><\/span><\/li>\n<li><span style=\"color: #0000ff;\"><a style=\"color: #0000ff;\" href=\"https:\/\/uniekeuitjes.nl\/uitje\/buikschuifbaan-huren\/\">Bauchrutsche<\/a><\/span><\/li>\n<li><span style=\"color: #0000ff;\"><a style=\"color: #0000ff;\" href=\"https:\/\/uniekeuitjes.nl\/uitje\/whack-a-mole\/\">Einen Maulwurf umhauen<\/a><\/span><\/li>\n<li><span style=\"color: #0000ff;\"><a style=\"color: #0000ff;\" href=\"https:\/\/uniekeuitjes.nl\/uitje\/stormbaan-xl\/\">Sturmspur XL<\/a><\/span><\/li>\n<\/ul>\n<p>&nbsp;<\/p>\n<p>Dar\u00fcber hinaus ist es auch m\u00f6glich, die Luftkissen von Unique Outings mit anderen Outings zu kombinieren. Dazu k\u00f6nnen Sie uns eine E-Mail schicken oder uns anrufen. Dies setzt immer eine angemessene und enge Beratung voraus.<\/p>\n<p>&nbsp;<\/p>\n<p>&nbsp;<\/p>\n<h2>Preis<\/h2>\n<table style=\"height: 230px;\" width=\"502\">\n<thead>\n<tr>\n<th><\/th>\n<th>Dauer<\/th>\n<th>Preis<\/th>\n<\/tr>\n<\/thead>\n<tbody>\n<tr>\n<td width=\"158\">H\u00fcpfender Pirat<\/td>\n<td width=\"151\">1 Tag<\/td>\n<td width=\"170\">\u20ac89,25<\/td>\n<\/tr>\n<tr>\n<td width=\"158\">H\u00fcpfendes Bl\u00e4sshuhn<\/td>\n<td width=\"151\">1 Tag<\/td>\n<td width=\"170\">\u20ac78,75<\/td>\n<\/tr>\n<tr>\n<td width=\"158\">Multiplay Safari<\/td>\n<td width=\"151\">1 Tag<\/td>\n<td width=\"170\">\u20ac131,25<\/td>\n<\/tr>\n<tr>\n<td width=\"158\">Rodeo-Bulle<\/td>\n<td width=\"151\">1 Tag<\/td>\n<td width=\"170\">\u20ac89,25<\/td>\n<\/tr>\n<tr>\n<td width=\"158\">Sturmspur<\/td>\n<td width=\"151\">1 Tag<\/td>\n<td width=\"170\">\u20ac125,-<\/td>\n<\/tr>\n<tr>\n<td width=\"158\">Bauchrutsche<\/td>\n<td width=\"151\">1 Tag<\/td>\n<td width=\"170\">\u20ac132,50<\/td>\n<\/tr>\n<tr>\n<td width=\"158\">Einen Maulwurf umhauen<\/td>\n<td width=\"151\">1 Tag<\/td>\n<td width=\"170\">\u20ac132,50<\/td>\n<\/tr>\n<\/tbody>\n<\/table>\n<p>Die Preise beziehen sich auf Selbstabholung und R\u00fcckgabe.<\/p>\n<p>&nbsp;<\/p>\n<p>Es ist auch m\u00f6glich in den Gebieten: Salland, Apeldoorn, Deventer, Zutphen oder der Achterhoek die Luftkissen liefern zu lassen. Dadurch entstehen zus\u00e4tzliche Transportkosten.<\/p>\n","protected":false},"excerpt":{"rendered":"<p>H\u00fcpfburgvermietung Achterhoek H\u00fcpfburgen mieten in der Achterhoek? Dann sind Sie bei Unique Outings an der richtigen Adresse. Unique Outings bietet verschiedene H\u00fcpfkissen zu einem sehr g\u00fcnstigen Preis an. Alle unsere H\u00fcpfburgen sind gut gewartet. Bei der Anmietung ist das Gebl\u00e4se selbstverst\u00e4ndlich inbegriffen. Sollten Sie keinen Stromanschluss in der N\u00e4he haben, k\u00f6nnen wir Ihnen eine Spule [&hellip;]<\/p>\n","protected":false},"author":2,"featured_media":0,"parent":0,"menu_order":0,"comment_status":"closed","ping_status":"closed","template":"","meta":{"_acf_changed":false,"_monsterinsights_skip_tracking":false,"_monsterinsights_sitenote_active":false,"_monsterinsights_sitenote_note":"","_monsterinsights_sitenote_category":0,"footnotes":""},"categories":[73],"class_list":["post-11711","page","type-page","status-publish","hentry","category-zielseite"],"acf":[],"yoast_head":"<!-- This site is optimized with the Yoast SEO plugin v27.4 - https:\/\/yoast.com\/product\/yoast-seo-wordpress\/ -->\n<title>H\u00fcpfburgvermietung Achterhoek - Verschiedene H\u00fcpfburgen<\/title>\n<meta name=\"description\" content=\"H\u00fcpfburgen mieten in der Achterhoek? Unique Outings bietet verschiedene H\u00fcpfburgen an, die f\u00fcr alle Partys, Feste und Veranstaltungen geeignet sind.\" \/>\n<meta name=\"robots\" content=\"index, follow, max-snippet:-1, max-image-preview:large, max-video-preview:-1\" \/>\n<link rel=\"canonical\" href=\"https:\/\/uniekeuitjes.nl\/de\/huepfburgvermietung-achterhoek\/\" \/>\n<meta property=\"og:locale\" content=\"nl_NL\" \/>\n<meta property=\"og:type\" content=\"article\" \/>\n<meta property=\"og:title\" content=\"H\u00fcpfburgvermietung Achterhoek - Verschiedene H\u00fcpfburgen\" \/>\n<meta property=\"og:description\" content=\"H\u00fcpfburgen mieten in der Achterhoek? Unique Outings bietet verschiedene H\u00fcpfburgen an, die f\u00fcr alle Partys, Feste und Veranstaltungen geeignet sind.\" \/>\n<meta property=\"og:url\" content=\"https:\/\/uniekeuitjes.nl\/de\/huepfburgvermietung-achterhoek\/\" \/>\n<meta property=\"og:site_name\" content=\"Uniekeuitjes.nl\" \/>\n<meta property=\"article:publisher\" content=\"https:\/\/www.facebook.com\/uniekeuitjes.nl\" \/>\n<meta name=\"twitter:card\" content=\"summary_large_image\" \/>\n<meta name=\"twitter:label1\" content=\"Geschatte leestijd\" \/>\n\t<meta name=\"twitter:data1\" content=\"1 minuut\" \/>\n<script type=\"application\/ld+json\" class=\"yoast-schema-graph\">{\"@context\":\"https:\\\/\\\/schema.org\",\"@graph\":[{\"@type\":\"WebPage\",\"@id\":\"https:\\\/\\\/uniekeuitjes.nl\\\/de\\\/huepfburgvermietung-achterhoek\\\/\",\"url\":\"https:\\\/\\\/uniekeuitjes.nl\\\/de\\\/huepfburgvermietung-achterhoek\\\/\",\"name\":\"H\u00fcpfburgvermietung Achterhoek - Verschiedene H\u00fcpfburgen\",\"isPartOf\":{\"@id\":\"\\\/#website\"},\"datePublished\":\"2020-07-03T11:35:24+00:00\",\"description\":\"H\u00fcpfburgen mieten in der Achterhoek? Unique Outings bietet verschiedene H\u00fcpfburgen an, die f\u00fcr alle Partys, Feste und Veranstaltungen geeignet sind.\",\"breadcrumb\":{\"@id\":\"https:\\\/\\\/uniekeuitjes.nl\\\/de\\\/huepfburgvermietung-achterhoek\\\/#breadcrumb\"},\"inLanguage\":\"nl-NL\",\"potentialAction\":[{\"@type\":\"ReadAction\",\"target\":[\"https:\\\/\\\/uniekeuitjes.nl\\\/de\\\/huepfburgvermietung-achterhoek\\\/\"]}]},{\"@type\":\"BreadcrumbList\",\"@id\":\"https:\\\/\\\/uniekeuitjes.nl\\\/de\\\/huepfburgvermietung-achterhoek\\\/#breadcrumb\",\"itemListElement\":[{\"@type\":\"ListItem\",\"position\":1,\"name\":\"Home\",\"item\":\"https:\\\/\\\/uniekeuitjes.nl\\\/de\\\/\"},{\"@type\":\"ListItem\",\"position\":2,\"name\":\"H\u00fcpfburgvermietung Achterhoek\"}]},{\"@type\":\"WebSite\",\"@id\":\"\\\/#website\",\"url\":\"\\\/\",\"name\":\"Uniekeuitjes.nl\",\"description\":\"Goedkope leuke uitjes zelf samen te stellen\",\"publisher\":{\"@id\":\"\\\/#organization\"},\"potentialAction\":[{\"@type\":\"SearchAction\",\"target\":{\"@type\":\"EntryPoint\",\"urlTemplate\":\"\\\/?s={search_term_string}\"},\"query-input\":{\"@type\":\"PropertyValueSpecification\",\"valueRequired\":true,\"valueName\":\"search_term_string\"}}],\"inLanguage\":\"nl-NL\"},{\"@type\":\"Organization\",\"@id\":\"\\\/#organization\",\"name\":\"Unieke Uitjes\",\"url\":\"\\\/\",\"logo\":{\"@type\":\"ImageObject\",\"inLanguage\":\"nl-NL\",\"@id\":\"\\\/#\\\/schema\\\/logo\\\/image\\\/\",\"url\":\"https:\\\/\\\/uniekeuitjes.nl\\\/wp-content\\\/uploads\\\/2019\\\/02\\\/site-login-logo.png\",\"contentUrl\":\"https:\\\/\\\/uniekeuitjes.nl\\\/wp-content\\\/uploads\\\/2019\\\/02\\\/site-login-logo.png\",\"width\":708,\"height\":345,\"caption\":\"Unieke Uitjes\"},\"image\":{\"@id\":\"\\\/#\\\/schema\\\/logo\\\/image\\\/\"},\"sameAs\":[\"https:\\\/\\\/www.facebook.com\\\/uniekeuitjes.nl\",\"https:\\\/\\\/www.instagram.com\\\/uniekeuitjes.nl\\\/\",\"https:\\\/\\\/www.linkedin.com\\\/company\\\/unieke-uitjes-nl\",\"https:\\\/\\\/www.youtube.com\\\/channel\\\/UCXwRXFWP_R0kxRAeL79FQfw\"]}]}<\/script>\n<!-- \/ Yoast SEO plugin. -->","yoast_head_json":{"title":"H\u00fcpfburgvermietung Achterhoek - Verschiedene H\u00fcpfburgen","description":"H\u00fcpfburgen mieten in der Achterhoek? Unique Outings bietet verschiedene H\u00fcpfburgen an, die f\u00fcr alle Partys, Feste und Veranstaltungen geeignet sind.","robots":{"index":"index","follow":"follow","max-snippet":"max-snippet:-1","max-image-preview":"max-image-preview:large","max-video-preview":"max-video-preview:-1"},"canonical":"https:\/\/uniekeuitjes.nl\/de\/huepfburgvermietung-achterhoek\/","og_locale":"nl_NL","og_type":"article","og_title":"H\u00fcpfburgvermietung Achterhoek - Verschiedene H\u00fcpfburgen","og_description":"H\u00fcpfburgen mieten in der Achterhoek? Unique Outings bietet verschiedene H\u00fcpfburgen an, die f\u00fcr alle Partys, Feste und Veranstaltungen geeignet sind.","og_url":"https:\/\/uniekeuitjes.nl\/de\/huepfburgvermietung-achterhoek\/","og_site_name":"Uniekeuitjes.nl","article_publisher":"https:\/\/www.facebook.com\/uniekeuitjes.nl","twitter_card":"summary_large_image","twitter_misc":{"Geschatte leestijd":"1 minuut"},"schema":{"@context":"https:\/\/schema.org","@graph":[{"@type":"WebPage","@id":"https:\/\/uniekeuitjes.nl\/de\/huepfburgvermietung-achterhoek\/","url":"https:\/\/uniekeuitjes.nl\/de\/huepfburgvermietung-achterhoek\/","name":"H\u00fcpfburgvermietung Achterhoek - Verschiedene H\u00fcpfburgen","isPartOf":{"@id":"\/#website"},"datePublished":"2020-07-03T11:35:24+00:00","description":"H\u00fcpfburgen mieten in der Achterhoek? Unique Outings bietet verschiedene H\u00fcpfburgen an, die f\u00fcr alle Partys, Feste und Veranstaltungen geeignet sind.","breadcrumb":{"@id":"https:\/\/uniekeuitjes.nl\/de\/huepfburgvermietung-achterhoek\/#breadcrumb"},"inLanguage":"nl-NL","potentialAction":[{"@type":"ReadAction","target":["https:\/\/uniekeuitjes.nl\/de\/huepfburgvermietung-achterhoek\/"]}]},{"@type":"BreadcrumbList","@id":"https:\/\/uniekeuitjes.nl\/de\/huepfburgvermietung-achterhoek\/#breadcrumb","itemListElement":[{"@type":"ListItem","position":1,"name":"Home","item":"https:\/\/uniekeuitjes.nl\/de\/"},{"@type":"ListItem","position":2,"name":"H\u00fcpfburgvermietung Achterhoek"}]},{"@type":"WebSite","@id":"\/#website","url":"\/","name":"Uniekeuitjes.nl","description":"Goedkope leuke uitjes zelf samen te stellen","publisher":{"@id":"\/#organization"},"potentialAction":[{"@type":"SearchAction","target":{"@type":"EntryPoint","urlTemplate":"\/?s={search_term_string}"},"query-input":{"@type":"PropertyValueSpecification","valueRequired":true,"valueName":"search_term_string"}}],"inLanguage":"nl-NL"},{"@type":"Organization","@id":"\/#organization","name":"Unieke Uitjes","url":"\/","logo":{"@type":"ImageObject","inLanguage":"nl-NL","@id":"\/#\/schema\/logo\/image\/","url":"https:\/\/uniekeuitjes.nl\/wp-content\/uploads\/2019\/02\/site-login-logo.png","contentUrl":"https:\/\/uniekeuitjes.nl\/wp-content\/uploads\/2019\/02\/site-login-logo.png","width":708,"height":345,"caption":"Unieke Uitjes"},"image":{"@id":"\/#\/schema\/logo\/image\/"},"sameAs":["https:\/\/www.facebook.com\/uniekeuitjes.nl","https:\/\/www.instagram.com\/uniekeuitjes.nl\/","https:\/\/www.linkedin.com\/company\/unieke-uitjes-nl","https:\/\/www.youtube.com\/channel\/UCXwRXFWP_R0kxRAeL79FQfw"]}]}},"_links":{"self":[{"href":"https:\/\/uniekeuitjes.nl\/de\/wp-json\/wp\/v2\/pages\/11711","targetHints":{"allow":["GET"]}}],"collection":[{"href":"https:\/\/uniekeuitjes.nl\/de\/wp-json\/wp\/v2\/pages"}],"about":[{"href":"https:\/\/uniekeuitjes.nl\/de\/wp-json\/wp\/v2\/types\/page"}],"author":[{"embeddable":true,"href":"https:\/\/uniekeuitjes.nl\/de\/wp-json\/wp\/v2\/users\/2"}],"replies":[{"embeddable":true,"href":"https:\/\/uniekeuitjes.nl\/de\/wp-json\/wp\/v2\/comments?post=11711"}],"version-history":[{"count":0,"href":"https:\/\/uniekeuitjes.nl\/de\/wp-json\/wp\/v2\/pages\/11711\/revisions"}],"wp:attachment":[{"href":"https:\/\/uniekeuitjes.nl\/de\/wp-json\/wp\/v2\/media?parent=11711"}],"wp:term":[{"taxonomy":"category","embeddable":true,"href":"https:\/\/uniekeuitjes.nl\/de\/wp-json\/wp\/v2\/categories?post=11711"}],"curies":[{"name":"wp","href":"https:\/\/api.w.org\/{rel}","templated":true}]}}