{"id":11717,"date":"2020-03-07T15:54:39","date_gmt":"2020-03-07T15:54:39","guid":{"rendered":"https:\/\/uniekeuitjes.nl\/ausfluege-in-eefde\/"},"modified":"2020-03-07T15:54:39","modified_gmt":"2020-03-07T15:54:39","slug":"ausfluege-in-eefde","status":"publish","type":"page","link":"https:\/\/uniekeuitjes.nl\/de\/ausfluege-in-eefde\/","title":{"rendered":"Ausfl\u00fcge in Eefde"},"content":{"rendered":"<h2><strong>Ausfl\u00fcge in Eefde<\/strong><\/h2>\n<p>Unique Uitjes bietet eine Vielzahl von Ausfl\u00fcgen und Aktivit\u00e4ten in Eefde. Wir k\u00f6nnen ein komplettes Verpflegungspaket an Ihrem Standort anbieten. Willst du zum Beispiel mit f\u00fcnf verschiedenen Waffentypen schie\u00dfen? Unique Outings kann dies f\u00fcr Sie arrangieren. M\u00f6chten Sie Ihr Wissen (und das Ihrer Kollegen) auf die Probe stellen? Unser spannendes und lustiges Kneipenquiz kommt auch zu Ihnen nach Eefde.<\/p>\n<p>&nbsp;<\/p>\n<h2><strong>Die Gorsseler Heide<\/strong><\/h2>\n<p>Unique Outings bietet aber nicht nur Indoor-Aktivit\u00e4ten in Eefde an. In der N\u00e4he des Dorfes liegt die Gorsselse Heide, eines der sch\u00f6nsten Naturschutzgebiete der Niederlande. Die Stra\u00dfen rund um den Park sind zwar verkehrsarm, aber vollst\u00e4ndig asphaltiert. Dies ist nat\u00fcrlich der ideale Ort f\u00fcr eine sch\u00f6ne, ger\u00e4uschlose Tour mit unseren <a href=\"https:\/\/uniekeuitjes.nl\/uitje\/echopper-elektrische-scooter-huren\/\">E-Choppern<\/a> und elektrischen <a href=\"https:\/\/uniekeuitjes.nl\/uitje\/tuktuk-huren\/\">TukTuks<\/a>. Lauschen Sie dem Gesang der V\u00f6gel und genie\u00dfen Sie die wundersch\u00f6ne Natur der Region Achterhoek. Sie haben mehr Lust auf eine sportliche Herausforderung? Dann erkunden Sie die Moore auf unseren robusten amerikanischen <a href=\"https:\/\/uniekeuitjes.nl\/uitje\/tandem-cruiser\/\">Tandems<\/a>!<\/p>\n<p>Die Eefse Beek ist ein kleiner Bach, der in den Twentekanal m\u00fcndet. Besonders im Sommer sind die Ufer dieses Baches mit bunten Wildblumen bewachsen. Eine Fahrt in einem unserer <a href=\"https:\/\/uniekeuitjes.nl\/uitje\/kanoverhuur\/\">Kanus<\/a> \u00fcber diesen Fluss ist ein Erlebnis, das man nicht verpassen sollte. Lehnen Sie sich zur\u00fcck und genie\u00dfen Sie ein leckeres Picknick!<\/p>\n<p>&nbsp;<\/p>\n<h2><strong>Das Dorf Eefde<\/strong><\/h2>\n<p>Das Dorf Eefde ist von L\u00e4ndereien umgeben und reich an Schl\u00f6ssern und alten Gutsh\u00e4usern. Huis de Voorst, Landgut Haveke (mit einem gro\u00dfen Landschaftsgarten im englischen Stil) und Landgut Den Dam sind nur einige Beispiele. Auch die alte Hansestadt Zutphen liegt in der N\u00e4he von Eefde. In Eefde selbst gibt es einige gem\u00fctliche Restaurants und Caf\u00e9s. Der Blickfang ist der Dorfplatz mit der Versammlungskirche: ein modernes architektonisches Meisterwerk aus dem Jahr 1954.<\/p>\n<p>Machen Sie Ihren Aufenthalt in Eefde mit Unique Outings unvergesslich. Von einer kurzen Fahrrad- oder Solex-Tour bis hin zu einem Ganztagespaket: Wir k\u00f6nnen alles f\u00fcr Sie arrangieren.<\/p>\n<p>&nbsp;<\/p>\n<h3>Einzigartige Ausfl\u00fcge<\/h3>\n<p>Von unserem Besuchsort aus k\u00f6nnen wir die folgenden individuellen Aktivit\u00e4ten anbieten (dies ist nur ein Auszug aus unserem Gesamtangebot). Auf Wunsch k\u00f6nnen wir auch pr\u00fcfen, was bei Ihnen vor Ort m\u00f6glich ist.<\/p>\n<ul>\n<li><a href=\"https:\/\/uniekeuitjes.nl\/uitje\/solex-huren-solexverhuur\/\">Solex mieten<\/a><\/li>\n<li><a href=\"https:\/\/uniekeuitjes.nl\/uitje\/echopper-huren\/\">E-Chopper fahren<\/a><\/li>\n<li><a href=\"https:\/\/uniekeuitjes.nl\/uitje\/tandem-cruiser\/\">Tandem-Touren<\/a><\/li>\n<li><a href=\"https:\/\/uniekeuitjes.nl\/uitje\/tuktuk-huren\/\">TukTuk&#8217;s<\/a> oder <a href=\"https:\/\/uniekeuitjes.nl\/uitje\/trigger-huren\/\">Trigger<\/a> fahren<\/li>\n<li><a href=\"https:\/\/uniekeuitjes.nl\/uitje\/skeltertreinen-groepsfietsen\/\">Skelter-Z\u00fcge<\/a><\/li>\n<li><a href=\"https:\/\/uniekeuitjes.nl\/uitje\/boog-en-kruisboog\/\">Bogenschie\u00dfen und Armbrustschie\u00dfen<\/a><\/li>\n<li><a href=\"https:\/\/uniekeuitjes.nl\/uitje\/buksschieten\/\">Schie\u00dfen mit Flinte oder Luftgewehr<\/a><\/li>\n<li><a href=\"https:\/\/uniekeuitjes.nl\/uitje\/schieten-met-5-wapensoorten\/\">Werkst\u00e4tten mit 5 Waffentypen<\/a><\/li>\n<li>Sechs Camps, <a href=\"https:\/\/uniekeuitjes.nl\/uitje\/indoor-zeskamp\/\">drinnen<\/a> oder <a href=\"https:\/\/uniekeuitjes.nl\/uitje\/grote-zeskamp\/\">drau\u00dfen<\/a><\/li>\n<li><a href=\"https:\/\/uniekeuitjes.nl\/spelshows\/\">Spielshows<\/a> und <a href=\"https:\/\/uniekeuitjes.nl\/uitje\/casino-avond\/\">Casino-Abende<\/a><\/li>\n<li>ein <a href=\"https:\/\/uniekeuitjes.nl\/uitje\/pubquiz\/\">Kneipenquiz<\/a>, <a href=\"https:\/\/uniekeuitjes.nl\/uitje\/muziekquiz\/\">Musikquiz<\/a> oder <a href=\"https:\/\/uniekeuitjes.nl\/uitje\/bingoshow\/\">Bingo<\/a><\/li>\n<li><a href=\"https:\/\/uniekeuitjes.nl\/uitje\/straatgolf-of-boerengolf\/\">Bauerngolf<\/a> und <a href=\"https:\/\/uniekeuitjes.nl\/uitje\/klootschieten\/\">Bogenschie\u00dfen<\/a><\/li>\n<li><a href=\"https:\/\/uniekeuitjes.nl\/uitje\/indoor-en-outdoor-lasergamen-op-locatie\/\">Laser-Spiele<\/a><\/li>\n<\/ul>\n<p>&nbsp;<\/p>\n<p>&nbsp;<\/p>\n<p>Kontaktieren Sie uns f\u00fcr weitere Informationen \u00fcber alle M\u00f6glichkeiten. Wir sehen uns in Eefde!<\/p>\n","protected":false},"excerpt":{"rendered":"<p>Ausfl\u00fcge in Eefde Unique Uitjes bietet eine Vielzahl von Ausfl\u00fcgen und Aktivit\u00e4ten in Eefde. Wir k\u00f6nnen ein komplettes Verpflegungspaket an Ihrem Standort anbieten. Willst du zum Beispiel mit f\u00fcnf verschiedenen Waffentypen schie\u00dfen? Unique Outings kann dies f\u00fcr Sie arrangieren. M\u00f6chten Sie Ihr Wissen (und das Ihrer Kollegen) auf die Probe stellen? Unser spannendes und lustiges [&hellip;]<\/p>\n","protected":false},"author":2,"featured_media":0,"parent":0,"menu_order":0,"comment_status":"closed","ping_status":"closed","template":"","meta":{"_acf_changed":false,"_monsterinsights_skip_tracking":false,"_monsterinsights_sitenote_active":false,"_monsterinsights_sitenote_note":"","_monsterinsights_sitenote_category":0,"footnotes":""},"categories":[73],"class_list":["post-11717","page","type-page","status-publish","hentry","category-zielseite"],"acf":[],"yoast_head":"<!-- This site is optimized with the Yoast SEO plugin v27.4 - https:\/\/yoast.com\/product\/yoast-seo-wordpress\/ -->\n<title>Ausfl\u00fcge in Eefde - Aktivit\u00e4ten und Ausfl\u00fcge in Eefde<\/title>\n<meta name=\"description\" content=\"Unique Outings bietet auch Ausfl\u00fcge in Eefde an. Es besteht auch die M\u00f6glichkeit, einen komplett von Unique Outings organisierten Tag zu verbringen.\" \/>\n<meta name=\"robots\" content=\"index, follow, max-snippet:-1, max-image-preview:large, max-video-preview:-1\" \/>\n<link rel=\"canonical\" href=\"https:\/\/uniekeuitjes.nl\/de\/ausfluege-in-eefde\/\" \/>\n<meta property=\"og:locale\" content=\"nl_NL\" \/>\n<meta property=\"og:type\" content=\"article\" \/>\n<meta property=\"og:title\" content=\"Ausfl\u00fcge in Eefde - Aktivit\u00e4ten und Ausfl\u00fcge in Eefde\" \/>\n<meta property=\"og:description\" content=\"Unique Outings bietet auch Ausfl\u00fcge in Eefde an. Es besteht auch die M\u00f6glichkeit, einen komplett von Unique Outings organisierten Tag zu verbringen.\" \/>\n<meta property=\"og:url\" content=\"https:\/\/uniekeuitjes.nl\/de\/ausfluege-in-eefde\/\" \/>\n<meta property=\"og:site_name\" content=\"Uniekeuitjes.nl\" \/>\n<meta property=\"article:publisher\" content=\"https:\/\/www.facebook.com\/uniekeuitjes.nl\" \/>\n<meta name=\"twitter:card\" content=\"summary_large_image\" \/>\n<meta name=\"twitter:label1\" content=\"Geschatte leestijd\" \/>\n\t<meta name=\"twitter:data1\" content=\"2 minuten\" \/>\n<script type=\"application\/ld+json\" class=\"yoast-schema-graph\">{\"@context\":\"https:\\\/\\\/schema.org\",\"@graph\":[{\"@type\":\"WebPage\",\"@id\":\"https:\\\/\\\/uniekeuitjes.nl\\\/de\\\/ausfluege-in-eefde\\\/\",\"url\":\"https:\\\/\\\/uniekeuitjes.nl\\\/de\\\/ausfluege-in-eefde\\\/\",\"name\":\"Ausfl\u00fcge in Eefde - Aktivit\u00e4ten und Ausfl\u00fcge in Eefde\",\"isPartOf\":{\"@id\":\"\\\/#website\"},\"datePublished\":\"2020-03-07T15:54:39+00:00\",\"description\":\"Unique Outings bietet auch Ausfl\u00fcge in Eefde an. Es besteht auch die M\u00f6glichkeit, einen komplett von Unique Outings organisierten Tag zu verbringen.\",\"breadcrumb\":{\"@id\":\"https:\\\/\\\/uniekeuitjes.nl\\\/de\\\/ausfluege-in-eefde\\\/#breadcrumb\"},\"inLanguage\":\"nl-NL\",\"potentialAction\":[{\"@type\":\"ReadAction\",\"target\":[\"https:\\\/\\\/uniekeuitjes.nl\\\/de\\\/ausfluege-in-eefde\\\/\"]}]},{\"@type\":\"BreadcrumbList\",\"@id\":\"https:\\\/\\\/uniekeuitjes.nl\\\/de\\\/ausfluege-in-eefde\\\/#breadcrumb\",\"itemListElement\":[{\"@type\":\"ListItem\",\"position\":1,\"name\":\"Home\",\"item\":\"https:\\\/\\\/uniekeuitjes.nl\\\/de\\\/\"},{\"@type\":\"ListItem\",\"position\":2,\"name\":\"Ausfl\u00fcge in Eefde\"}]},{\"@type\":\"WebSite\",\"@id\":\"\\\/#website\",\"url\":\"\\\/\",\"name\":\"Uniekeuitjes.nl\",\"description\":\"Goedkope leuke uitjes zelf samen te stellen\",\"publisher\":{\"@id\":\"\\\/#organization\"},\"potentialAction\":[{\"@type\":\"SearchAction\",\"target\":{\"@type\":\"EntryPoint\",\"urlTemplate\":\"\\\/?s={search_term_string}\"},\"query-input\":{\"@type\":\"PropertyValueSpecification\",\"valueRequired\":true,\"valueName\":\"search_term_string\"}}],\"inLanguage\":\"nl-NL\"},{\"@type\":\"Organization\",\"@id\":\"\\\/#organization\",\"name\":\"Unieke Uitjes\",\"url\":\"\\\/\",\"logo\":{\"@type\":\"ImageObject\",\"inLanguage\":\"nl-NL\",\"@id\":\"\\\/#\\\/schema\\\/logo\\\/image\\\/\",\"url\":\"https:\\\/\\\/uniekeuitjes.nl\\\/wp-content\\\/uploads\\\/2019\\\/02\\\/site-login-logo.png\",\"contentUrl\":\"https:\\\/\\\/uniekeuitjes.nl\\\/wp-content\\\/uploads\\\/2019\\\/02\\\/site-login-logo.png\",\"width\":708,\"height\":345,\"caption\":\"Unieke Uitjes\"},\"image\":{\"@id\":\"\\\/#\\\/schema\\\/logo\\\/image\\\/\"},\"sameAs\":[\"https:\\\/\\\/www.facebook.com\\\/uniekeuitjes.nl\",\"https:\\\/\\\/www.instagram.com\\\/uniekeuitjes.nl\\\/\",\"https:\\\/\\\/www.linkedin.com\\\/company\\\/unieke-uitjes-nl\",\"https:\\\/\\\/www.youtube.com\\\/channel\\\/UCXwRXFWP_R0kxRAeL79FQfw\"]}]}<\/script>\n<!-- \/ Yoast SEO plugin. -->","yoast_head_json":{"title":"Ausfl\u00fcge in Eefde - Aktivit\u00e4ten und Ausfl\u00fcge in Eefde","description":"Unique Outings bietet auch Ausfl\u00fcge in Eefde an. Es besteht auch die M\u00f6glichkeit, einen komplett von Unique Outings organisierten Tag zu verbringen.","robots":{"index":"index","follow":"follow","max-snippet":"max-snippet:-1","max-image-preview":"max-image-preview:large","max-video-preview":"max-video-preview:-1"},"canonical":"https:\/\/uniekeuitjes.nl\/de\/ausfluege-in-eefde\/","og_locale":"nl_NL","og_type":"article","og_title":"Ausfl\u00fcge in Eefde - Aktivit\u00e4ten und Ausfl\u00fcge in Eefde","og_description":"Unique Outings bietet auch Ausfl\u00fcge in Eefde an. Es besteht auch die M\u00f6glichkeit, einen komplett von Unique Outings organisierten Tag zu verbringen.","og_url":"https:\/\/uniekeuitjes.nl\/de\/ausfluege-in-eefde\/","og_site_name":"Uniekeuitjes.nl","article_publisher":"https:\/\/www.facebook.com\/uniekeuitjes.nl","twitter_card":"summary_large_image","twitter_misc":{"Geschatte leestijd":"2 minuten"},"schema":{"@context":"https:\/\/schema.org","@graph":[{"@type":"WebPage","@id":"https:\/\/uniekeuitjes.nl\/de\/ausfluege-in-eefde\/","url":"https:\/\/uniekeuitjes.nl\/de\/ausfluege-in-eefde\/","name":"Ausfl\u00fcge in Eefde - Aktivit\u00e4ten und Ausfl\u00fcge in Eefde","isPartOf":{"@id":"\/#website"},"datePublished":"2020-03-07T15:54:39+00:00","description":"Unique Outings bietet auch Ausfl\u00fcge in Eefde an. Es besteht auch die M\u00f6glichkeit, einen komplett von Unique Outings organisierten Tag zu verbringen.","breadcrumb":{"@id":"https:\/\/uniekeuitjes.nl\/de\/ausfluege-in-eefde\/#breadcrumb"},"inLanguage":"nl-NL","potentialAction":[{"@type":"ReadAction","target":["https:\/\/uniekeuitjes.nl\/de\/ausfluege-in-eefde\/"]}]},{"@type":"BreadcrumbList","@id":"https:\/\/uniekeuitjes.nl\/de\/ausfluege-in-eefde\/#breadcrumb","itemListElement":[{"@type":"ListItem","position":1,"name":"Home","item":"https:\/\/uniekeuitjes.nl\/de\/"},{"@type":"ListItem","position":2,"name":"Ausfl\u00fcge in Eefde"}]},{"@type":"WebSite","@id":"\/#website","url":"\/","name":"Uniekeuitjes.nl","description":"Goedkope leuke uitjes zelf samen te stellen","publisher":{"@id":"\/#organization"},"potentialAction":[{"@type":"SearchAction","target":{"@type":"EntryPoint","urlTemplate":"\/?s={search_term_string}"},"query-input":{"@type":"PropertyValueSpecification","valueRequired":true,"valueName":"search_term_string"}}],"inLanguage":"nl-NL"},{"@type":"Organization","@id":"\/#organization","name":"Unieke Uitjes","url":"\/","logo":{"@type":"ImageObject","inLanguage":"nl-NL","@id":"\/#\/schema\/logo\/image\/","url":"https:\/\/uniekeuitjes.nl\/wp-content\/uploads\/2019\/02\/site-login-logo.png","contentUrl":"https:\/\/uniekeuitjes.nl\/wp-content\/uploads\/2019\/02\/site-login-logo.png","width":708,"height":345,"caption":"Unieke Uitjes"},"image":{"@id":"\/#\/schema\/logo\/image\/"},"sameAs":["https:\/\/www.facebook.com\/uniekeuitjes.nl","https:\/\/www.instagram.com\/uniekeuitjes.nl\/","https:\/\/www.linkedin.com\/company\/unieke-uitjes-nl","https:\/\/www.youtube.com\/channel\/UCXwRXFWP_R0kxRAeL79FQfw"]}]}},"_links":{"self":[{"href":"https:\/\/uniekeuitjes.nl\/de\/wp-json\/wp\/v2\/pages\/11717","targetHints":{"allow":["GET"]}}],"collection":[{"href":"https:\/\/uniekeuitjes.nl\/de\/wp-json\/wp\/v2\/pages"}],"about":[{"href":"https:\/\/uniekeuitjes.nl\/de\/wp-json\/wp\/v2\/types\/page"}],"author":[{"embeddable":true,"href":"https:\/\/uniekeuitjes.nl\/de\/wp-json\/wp\/v2\/users\/2"}],"replies":[{"embeddable":true,"href":"https:\/\/uniekeuitjes.nl\/de\/wp-json\/wp\/v2\/comments?post=11717"}],"version-history":[{"count":0,"href":"https:\/\/uniekeuitjes.nl\/de\/wp-json\/wp\/v2\/pages\/11717\/revisions"}],"wp:attachment":[{"href":"https:\/\/uniekeuitjes.nl\/de\/wp-json\/wp\/v2\/media?parent=11717"}],"wp:term":[{"taxonomy":"category","embeddable":true,"href":"https:\/\/uniekeuitjes.nl\/de\/wp-json\/wp\/v2\/categories?post=11717"}],"curies":[{"name":"wp","href":"https:\/\/api.w.org\/{rel}","templated":true}]}}