{"id":11718,"date":"2020-03-07T10:11:52","date_gmt":"2020-03-07T10:11:52","guid":{"rendered":"https:\/\/uniekeuitjes.nl\/ausfluege-in-klarenbeek\/"},"modified":"2020-03-07T10:11:52","modified_gmt":"2020-03-07T10:11:52","slug":"ausfluege-in-klarenbeek","status":"publish","type":"page","link":"https:\/\/uniekeuitjes.nl\/de\/ausfluege-in-klarenbeek\/","title":{"rendered":"Ausfl\u00fcge in Klarenbeek"},"content":{"rendered":"<h2><strong>Einzigartige Ausfl\u00fcge auf Gut Klarenbeek<\/strong><\/h2>\n<p>Ausfl\u00fcge in Klarenbeek. Auf dem <a href=\"https:\/\/www.landgoedklarenbeek.nl\/\">Landgut Klarenbeek<\/a> flie\u00dfen Kunst und Handwerk zusammen. Das Landgut in Gelderland, das sich seit mehr als acht Generationen im Besitz der Familie Krepel befindet, blickt auf eine reiche Tradition und Geschichte zur\u00fcck, ist aber auch voll und ganz an die moderne Zeit angepasst. Im Laufe der Jahre hat dieses Anwesen verschiedene Funktionen gehabt. Unter anderem wurde hier Kupfer zerkleinert, Zigarrenkisten wurden hier hergestellt und 1950 begann man in Klarenbeek mit der Produktion von T\u00fcren.<\/p>\n<p>&nbsp;<\/p>\n<p>Heute ist das Landgut Klarenbeek der ideale Ort f\u00fcr einen entspannenden Kulturausflug. Die alten Hallen des Industriekomplexes wurden zu Partylocations und Tagungsr\u00e4umen umfunktioniert. Verschiedene Kunstausstellungen und altes Kunsthandwerk k\u00f6nnen ebenso bewundert werden wie der sch\u00f6ne Naturpark auf dem Gutshof selbst. Das Landgut Klarenbeek ist der ideale Ort f\u00fcr ein Wochenende mit Freunden oder eine <a href=\"https:\/\/uniekeuitjes.nl\/bedrijfsuitjes\/\">Firmenfeier<\/a>. Auch f\u00fcr den sch\u00f6nsten Tag in Ihrem Leben ist das Landgut Klarenbeek der ideale Ort.<\/p>\n<p>&nbsp;<\/p>\n<p>&nbsp;<\/p>\n<h2><strong>Einzigartige Ausfl\u00fcge auf dem Landgut<\/strong><\/h2>\n<p>Wir von Unique Outings sind stolz darauf, mit diesem einzigartigen Anwesen zusammenzuarbeiten. Sie m\u00f6chten an Ihrem Hochzeitstag einen auff\u00e4lligen Auftritt hinlegen? Denken Sie an unsere <a href=\"https:\/\/uniekeuitjes.nl\/uitje\/transportmiddel-tuktuk\/\">TukTuks<\/a>! M\u00f6chten Sie eine lustige Aktivit\u00e4t mit Ihren Freunden oder Kollegen auf Landgoed Klarenbeek unternehmen? Wir bieten Ihnen eine Auswahl von mehr als 36 Aktivit\u00e4ten und Ausfl\u00fcgen. Testen Sie Ihr Wissen in unserem <a href=\"https:\/\/uniekeuitjes.nl\/uitje\/pubquiz\/\">lustigen Kneipenquiz<\/a> oder messen Sie sich mit Ihren Kollegen bei<a href=\"https:\/\/uniekeuitjes.nl\/uitje\/ik-hou-van-holland\/\"> &#8220;Ik hou van Holland&#8221;.<\/a> Gehen Sie lieber in die Natur? Unternehmen Sie eine <a href=\"https:\/\/uniekeuitjes.nl\/uitje\/transportmiddel-solex-huren\/\">Solex-Tour<\/a> wie ein echter Nozem, oder entspannen Sie sich im Freien auf unseren <a href=\"https:\/\/uniekeuitjes.nl\/uitje\/transportmiddel-tandems\/\">robusten amerikanischen Tandems.<\/a><\/p>\n<p>&nbsp;<\/p>\n<p>&nbsp;<\/p>\n<h2><strong>Grift Party Verpflegung<\/strong><\/h2>\n<p>Haben Sie Lust auf einen leckeren Imbiss und ein Getr\u00e4nk danach? <a href=\"http:\/\/www.griftpartycatering.nl\">Klarenbeek Estate<\/a> und Unique Uitjes arbeiten beide mit <a href=\"https:\/\/www.griftpartycatering.nl\/\">Grift Partycatering<\/a> zusammen. Das Oscar Grift ist auf mediterrane K\u00fcche spezialisiert und bietet ein Barbecue, ein Vorspeisenbuffet oder ein k\u00f6stliches Mittagessen. Dies geschieht sowohl auf Gut Klarenbeek als auch bei Ihnen vor Ort. Grift hat alles f\u00fcr ein Gesch\u00e4ftsessen, kann aber auch zu Ihnen nach Hause kommen und kochen. W\u00e4hrend Sie sich um Ihre G\u00e4ste k\u00fcmmern, genie\u00dfen Sie die k\u00f6stlichsten Gerichte aus Ihrer eigenen K\u00fcche, und nat\u00fcrlich \u00fcbernimmt Grift auch den Abwasch. Ideal in Kombination mit einer <a href=\"https:\/\/uniekeuitjes.nl\/spelshows\/\">Spielshow<\/a> von Unique Uitjes!<\/p>\n<p>&nbsp;<\/p>\n<h3>Einzigartige Ausfl\u00fcge<\/h3>\n<p>Von unserem Besuchsort aus k\u00f6nnen wir die folgenden individuellen Aktivit\u00e4ten anbieten (dies ist nur ein Auszug aus unserem Gesamtangebot). Auf Wunsch k\u00f6nnen wir auch pr\u00fcfen, was bei Ihnen vor Ort m\u00f6glich ist.<\/p>\n<ul>\n<li><a href=\"https:\/\/uniekeuitjes.nl\/uitje\/solex-huren-solexverhuur\/\">Solex mieten<\/a><\/li>\n<li><a href=\"https:\/\/uniekeuitjes.nl\/uitje\/echopper-huren\/\">E-Chopper fahren<\/a><\/li>\n<li><a href=\"https:\/\/uniekeuitjes.nl\/uitje\/tandem-cruiser\/\">Tandem-Touren<\/a><\/li>\n<li><a href=\"https:\/\/uniekeuitjes.nl\/uitje\/tuktuk-huren\/\">TukTuk&#8217;s<\/a> oder <a href=\"https:\/\/uniekeuitjes.nl\/uitje\/trigger-huren\/\">Trigger<\/a> fahren<\/li>\n<li><a href=\"https:\/\/uniekeuitjes.nl\/uitje\/skeltertreinen-groepsfietsen\/\">Skelter-Z\u00fcge<\/a><\/li>\n<li><a href=\"https:\/\/uniekeuitjes.nl\/uitje\/boog-en-kruisboog\/\">Bogenschie\u00dfen und Armbrustschie\u00dfen<\/a><\/li>\n<li><a href=\"https:\/\/uniekeuitjes.nl\/uitje\/buksschieten\/\">Schie\u00dfen mit Flinte oder Luftgewehr<\/a><\/li>\n<li><a href=\"https:\/\/uniekeuitjes.nl\/uitje\/schieten-met-5-wapensoorten\/\">Werkst\u00e4tten mit 5 Waffentypen<\/a><\/li>\n<li>Sechs Camps, <a href=\"https:\/\/uniekeuitjes.nl\/uitje\/indoor-zeskamp\/\">drinnen<\/a> oder <a href=\"https:\/\/uniekeuitjes.nl\/uitje\/grote-zeskamp\/\">drau\u00dfen<\/a><\/li>\n<li><a href=\"https:\/\/uniekeuitjes.nl\/spelshows\/\">Spielshows<\/a> und <a href=\"https:\/\/uniekeuitjes.nl\/uitje\/casino-avond\/\">Casino-Abende<\/a><\/li>\n<li>Ein <a href=\"https:\/\/uniekeuitjes.nl\/uitje\/pubquiz\/\">Kneipenquiz<\/a>, <a href=\"https:\/\/uniekeuitjes.nl\/uitje\/muziekquiz\/\">Musikquiz<\/a> oder <a href=\"https:\/\/uniekeuitjes.nl\/uitje\/bingoshow\/\">Bingo<\/a><\/li>\n<li><a href=\"https:\/\/uniekeuitjes.nl\/uitje\/straatgolf-of-boerengolf\/\">Bauerngolf<\/a> und <a href=\"https:\/\/uniekeuitjes.nl\/uitje\/klootschieten\/\">Bogenschie\u00dfen<\/a><\/li>\n<li><a href=\"https:\/\/uniekeuitjes.nl\/uitje\/indoor-en-outdoor-lasergamen-op-locatie\/\">Laser-Spiele<\/a><\/li>\n<\/ul>\n<p>&nbsp;<\/p>\n<p><strong>Landgoed Klarenbeek, Grift Partycatering und Unique Outings garantieren zusammen einen unvergesslichen und kompletten Tagesausflug. Kontaktieren Sie uns f\u00fcr weitere Informationen \u00fcber alle M\u00f6glichkeiten.<\/strong><\/p>\n<p>&nbsp;<\/p>\n<p>&nbsp;<\/p>\n<p><img loading=\"lazy\" decoding=\"async\" class=\"alignnone wp-image-377\" src=\"http:\/\/uniekeuitjes.nl\/wp-content\/uploads\/2019\/02\/site-login-logo.png\" alt=\"\" width=\"501\" height=\"244\" srcset=\"https:\/\/uniekeuitjes.nl\/wp-content\/uploads\/2019\/02\/site-login-logo.png 708w, https:\/\/uniekeuitjes.nl\/wp-content\/uploads\/2019\/02\/site-login-logo-300x146.png 300w, https:\/\/uniekeuitjes.nl\/wp-content\/uploads\/2019\/02\/site-login-logo-600x292.png 600w\" sizes=\"auto, (max-width: 501px) 100vw, 501px\" \/><\/p>\n","protected":false},"excerpt":{"rendered":"<p>Einzigartige Ausfl\u00fcge auf Gut Klarenbeek Ausfl\u00fcge in Klarenbeek. Auf dem Landgut Klarenbeek flie\u00dfen Kunst und Handwerk zusammen. Das Landgut in Gelderland, das sich seit mehr als acht Generationen im Besitz der Familie Krepel befindet, blickt auf eine reiche Tradition und Geschichte zur\u00fcck, ist aber auch voll und ganz an die moderne Zeit angepasst. Im Laufe [&hellip;]<\/p>\n","protected":false},"author":2,"featured_media":0,"parent":0,"menu_order":0,"comment_status":"closed","ping_status":"closed","template":"","meta":{"_acf_changed":false,"_monsterinsights_skip_tracking":false,"_monsterinsights_sitenote_active":false,"_monsterinsights_sitenote_note":"","_monsterinsights_sitenote_category":0,"footnotes":""},"categories":[73],"class_list":["post-11718","page","type-page","status-publish","hentry","category-zielseite"],"acf":[],"yoast_head":"<!-- This site is optimized with the Yoast SEO plugin v27.4 - https:\/\/yoast.com\/product\/yoast-seo-wordpress\/ -->\n<title>Ausfl\u00fcge in Klarenbeek - Aktivit\u00e4ten und Ausfl\u00fcge in Klarenbeek<\/title>\n<meta name=\"description\" content=\"F\u00fcr UniqueOuts ist es nat\u00fcrlich kein Problem, sich um Ihre Ausfl\u00fcge in Klarenbeek zu k\u00fcmmern. Wir k\u00f6nnen uns um alle Ihre Aktivit\u00e4ten oder Ausfl\u00fcge k\u00fcmmern.\" \/>\n<meta name=\"robots\" content=\"index, follow, max-snippet:-1, max-image-preview:large, max-video-preview:-1\" \/>\n<link rel=\"canonical\" href=\"https:\/\/uniekeuitjes.nl\/de\/ausfluege-in-klarenbeek\/\" \/>\n<meta property=\"og:locale\" content=\"nl_NL\" \/>\n<meta property=\"og:type\" content=\"article\" \/>\n<meta property=\"og:title\" content=\"Ausfl\u00fcge in Klarenbeek - Aktivit\u00e4ten und Ausfl\u00fcge in Klarenbeek\" \/>\n<meta property=\"og:description\" content=\"F\u00fcr UniqueOuts ist es nat\u00fcrlich kein Problem, sich um Ihre Ausfl\u00fcge in Klarenbeek zu k\u00fcmmern. Wir k\u00f6nnen uns um alle Ihre Aktivit\u00e4ten oder Ausfl\u00fcge k\u00fcmmern.\" \/>\n<meta property=\"og:url\" content=\"https:\/\/uniekeuitjes.nl\/de\/ausfluege-in-klarenbeek\/\" \/>\n<meta property=\"og:site_name\" content=\"Uniekeuitjes.nl\" \/>\n<meta property=\"article:publisher\" content=\"https:\/\/www.facebook.com\/uniekeuitjes.nl\" \/>\n<meta property=\"og:image\" content=\"http:\/\/uniekeuitjes.nl\/wp-content\/uploads\/2019\/02\/site-login-logo.png\" \/>\n<meta name=\"twitter:card\" content=\"summary_large_image\" \/>\n<meta name=\"twitter:label1\" content=\"Geschatte leestijd\" \/>\n\t<meta name=\"twitter:data1\" content=\"3 minuten\" \/>\n<script type=\"application\/ld+json\" class=\"yoast-schema-graph\">{\"@context\":\"https:\\\/\\\/schema.org\",\"@graph\":[{\"@type\":\"WebPage\",\"@id\":\"https:\\\/\\\/uniekeuitjes.nl\\\/de\\\/ausfluege-in-klarenbeek\\\/\",\"url\":\"https:\\\/\\\/uniekeuitjes.nl\\\/de\\\/ausfluege-in-klarenbeek\\\/\",\"name\":\"Ausfl\u00fcge in Klarenbeek - Aktivit\u00e4ten und Ausfl\u00fcge in Klarenbeek\",\"isPartOf\":{\"@id\":\"\\\/#website\"},\"primaryImageOfPage\":{\"@id\":\"https:\\\/\\\/uniekeuitjes.nl\\\/de\\\/ausfluege-in-klarenbeek\\\/#primaryimage\"},\"image\":{\"@id\":\"https:\\\/\\\/uniekeuitjes.nl\\\/de\\\/ausfluege-in-klarenbeek\\\/#primaryimage\"},\"thumbnailUrl\":\"http:\\\/\\\/uniekeuitjes.nl\\\/wp-content\\\/uploads\\\/2019\\\/02\\\/site-login-logo.png\",\"datePublished\":\"2020-03-07T10:11:52+00:00\",\"description\":\"F\u00fcr UniqueOuts ist es nat\u00fcrlich kein Problem, sich um Ihre Ausfl\u00fcge in Klarenbeek zu k\u00fcmmern. Wir k\u00f6nnen uns um alle Ihre Aktivit\u00e4ten oder Ausfl\u00fcge k\u00fcmmern.\",\"breadcrumb\":{\"@id\":\"https:\\\/\\\/uniekeuitjes.nl\\\/de\\\/ausfluege-in-klarenbeek\\\/#breadcrumb\"},\"inLanguage\":\"nl-NL\",\"potentialAction\":[{\"@type\":\"ReadAction\",\"target\":[\"https:\\\/\\\/uniekeuitjes.nl\\\/de\\\/ausfluege-in-klarenbeek\\\/\"]}]},{\"@type\":\"ImageObject\",\"inLanguage\":\"nl-NL\",\"@id\":\"https:\\\/\\\/uniekeuitjes.nl\\\/de\\\/ausfluege-in-klarenbeek\\\/#primaryimage\",\"url\":\"http:\\\/\\\/uniekeuitjes.nl\\\/wp-content\\\/uploads\\\/2019\\\/02\\\/site-login-logo.png\",\"contentUrl\":\"http:\\\/\\\/uniekeuitjes.nl\\\/wp-content\\\/uploads\\\/2019\\\/02\\\/site-login-logo.png\"},{\"@type\":\"BreadcrumbList\",\"@id\":\"https:\\\/\\\/uniekeuitjes.nl\\\/de\\\/ausfluege-in-klarenbeek\\\/#breadcrumb\",\"itemListElement\":[{\"@type\":\"ListItem\",\"position\":1,\"name\":\"Home\",\"item\":\"https:\\\/\\\/uniekeuitjes.nl\\\/de\\\/\"},{\"@type\":\"ListItem\",\"position\":2,\"name\":\"Ausfl\u00fcge in Klarenbeek\"}]},{\"@type\":\"WebSite\",\"@id\":\"\\\/#website\",\"url\":\"\\\/\",\"name\":\"Uniekeuitjes.nl\",\"description\":\"Goedkope leuke uitjes zelf samen te stellen\",\"publisher\":{\"@id\":\"\\\/#organization\"},\"potentialAction\":[{\"@type\":\"SearchAction\",\"target\":{\"@type\":\"EntryPoint\",\"urlTemplate\":\"\\\/?s={search_term_string}\"},\"query-input\":{\"@type\":\"PropertyValueSpecification\",\"valueRequired\":true,\"valueName\":\"search_term_string\"}}],\"inLanguage\":\"nl-NL\"},{\"@type\":\"Organization\",\"@id\":\"\\\/#organization\",\"name\":\"Unieke Uitjes\",\"url\":\"\\\/\",\"logo\":{\"@type\":\"ImageObject\",\"inLanguage\":\"nl-NL\",\"@id\":\"\\\/#\\\/schema\\\/logo\\\/image\\\/\",\"url\":\"https:\\\/\\\/uniekeuitjes.nl\\\/wp-content\\\/uploads\\\/2019\\\/02\\\/site-login-logo.png\",\"contentUrl\":\"https:\\\/\\\/uniekeuitjes.nl\\\/wp-content\\\/uploads\\\/2019\\\/02\\\/site-login-logo.png\",\"width\":708,\"height\":345,\"caption\":\"Unieke Uitjes\"},\"image\":{\"@id\":\"\\\/#\\\/schema\\\/logo\\\/image\\\/\"},\"sameAs\":[\"https:\\\/\\\/www.facebook.com\\\/uniekeuitjes.nl\",\"https:\\\/\\\/www.instagram.com\\\/uniekeuitjes.nl\\\/\",\"https:\\\/\\\/www.linkedin.com\\\/company\\\/unieke-uitjes-nl\",\"https:\\\/\\\/www.youtube.com\\\/channel\\\/UCXwRXFWP_R0kxRAeL79FQfw\"]}]}<\/script>\n<!-- \/ Yoast SEO plugin. -->","yoast_head_json":{"title":"Ausfl\u00fcge in Klarenbeek - Aktivit\u00e4ten und Ausfl\u00fcge in Klarenbeek","description":"F\u00fcr UniqueOuts ist es nat\u00fcrlich kein Problem, sich um Ihre Ausfl\u00fcge in Klarenbeek zu k\u00fcmmern. Wir k\u00f6nnen uns um alle Ihre Aktivit\u00e4ten oder Ausfl\u00fcge k\u00fcmmern.","robots":{"index":"index","follow":"follow","max-snippet":"max-snippet:-1","max-image-preview":"max-image-preview:large","max-video-preview":"max-video-preview:-1"},"canonical":"https:\/\/uniekeuitjes.nl\/de\/ausfluege-in-klarenbeek\/","og_locale":"nl_NL","og_type":"article","og_title":"Ausfl\u00fcge in Klarenbeek - Aktivit\u00e4ten und Ausfl\u00fcge in Klarenbeek","og_description":"F\u00fcr UniqueOuts ist es nat\u00fcrlich kein Problem, sich um Ihre Ausfl\u00fcge in Klarenbeek zu k\u00fcmmern. Wir k\u00f6nnen uns um alle Ihre Aktivit\u00e4ten oder Ausfl\u00fcge k\u00fcmmern.","og_url":"https:\/\/uniekeuitjes.nl\/de\/ausfluege-in-klarenbeek\/","og_site_name":"Uniekeuitjes.nl","article_publisher":"https:\/\/www.facebook.com\/uniekeuitjes.nl","og_image":[{"url":"http:\/\/uniekeuitjes.nl\/wp-content\/uploads\/2019\/02\/site-login-logo.png","type":"","width":"","height":""}],"twitter_card":"summary_large_image","twitter_misc":{"Geschatte leestijd":"3 minuten"},"schema":{"@context":"https:\/\/schema.org","@graph":[{"@type":"WebPage","@id":"https:\/\/uniekeuitjes.nl\/de\/ausfluege-in-klarenbeek\/","url":"https:\/\/uniekeuitjes.nl\/de\/ausfluege-in-klarenbeek\/","name":"Ausfl\u00fcge in Klarenbeek - Aktivit\u00e4ten und Ausfl\u00fcge in Klarenbeek","isPartOf":{"@id":"\/#website"},"primaryImageOfPage":{"@id":"https:\/\/uniekeuitjes.nl\/de\/ausfluege-in-klarenbeek\/#primaryimage"},"image":{"@id":"https:\/\/uniekeuitjes.nl\/de\/ausfluege-in-klarenbeek\/#primaryimage"},"thumbnailUrl":"http:\/\/uniekeuitjes.nl\/wp-content\/uploads\/2019\/02\/site-login-logo.png","datePublished":"2020-03-07T10:11:52+00:00","description":"F\u00fcr UniqueOuts ist es nat\u00fcrlich kein Problem, sich um Ihre Ausfl\u00fcge in Klarenbeek zu k\u00fcmmern. Wir k\u00f6nnen uns um alle Ihre Aktivit\u00e4ten oder Ausfl\u00fcge k\u00fcmmern.","breadcrumb":{"@id":"https:\/\/uniekeuitjes.nl\/de\/ausfluege-in-klarenbeek\/#breadcrumb"},"inLanguage":"nl-NL","potentialAction":[{"@type":"ReadAction","target":["https:\/\/uniekeuitjes.nl\/de\/ausfluege-in-klarenbeek\/"]}]},{"@type":"ImageObject","inLanguage":"nl-NL","@id":"https:\/\/uniekeuitjes.nl\/de\/ausfluege-in-klarenbeek\/#primaryimage","url":"http:\/\/uniekeuitjes.nl\/wp-content\/uploads\/2019\/02\/site-login-logo.png","contentUrl":"http:\/\/uniekeuitjes.nl\/wp-content\/uploads\/2019\/02\/site-login-logo.png"},{"@type":"BreadcrumbList","@id":"https:\/\/uniekeuitjes.nl\/de\/ausfluege-in-klarenbeek\/#breadcrumb","itemListElement":[{"@type":"ListItem","position":1,"name":"Home","item":"https:\/\/uniekeuitjes.nl\/de\/"},{"@type":"ListItem","position":2,"name":"Ausfl\u00fcge in Klarenbeek"}]},{"@type":"WebSite","@id":"\/#website","url":"\/","name":"Uniekeuitjes.nl","description":"Goedkope leuke uitjes zelf samen te stellen","publisher":{"@id":"\/#organization"},"potentialAction":[{"@type":"SearchAction","target":{"@type":"EntryPoint","urlTemplate":"\/?s={search_term_string}"},"query-input":{"@type":"PropertyValueSpecification","valueRequired":true,"valueName":"search_term_string"}}],"inLanguage":"nl-NL"},{"@type":"Organization","@id":"\/#organization","name":"Unieke Uitjes","url":"\/","logo":{"@type":"ImageObject","inLanguage":"nl-NL","@id":"\/#\/schema\/logo\/image\/","url":"https:\/\/uniekeuitjes.nl\/wp-content\/uploads\/2019\/02\/site-login-logo.png","contentUrl":"https:\/\/uniekeuitjes.nl\/wp-content\/uploads\/2019\/02\/site-login-logo.png","width":708,"height":345,"caption":"Unieke Uitjes"},"image":{"@id":"\/#\/schema\/logo\/image\/"},"sameAs":["https:\/\/www.facebook.com\/uniekeuitjes.nl","https:\/\/www.instagram.com\/uniekeuitjes.nl\/","https:\/\/www.linkedin.com\/company\/unieke-uitjes-nl","https:\/\/www.youtube.com\/channel\/UCXwRXFWP_R0kxRAeL79FQfw"]}]}},"_links":{"self":[{"href":"https:\/\/uniekeuitjes.nl\/de\/wp-json\/wp\/v2\/pages\/11718","targetHints":{"allow":["GET"]}}],"collection":[{"href":"https:\/\/uniekeuitjes.nl\/de\/wp-json\/wp\/v2\/pages"}],"about":[{"href":"https:\/\/uniekeuitjes.nl\/de\/wp-json\/wp\/v2\/types\/page"}],"author":[{"embeddable":true,"href":"https:\/\/uniekeuitjes.nl\/de\/wp-json\/wp\/v2\/users\/2"}],"replies":[{"embeddable":true,"href":"https:\/\/uniekeuitjes.nl\/de\/wp-json\/wp\/v2\/comments?post=11718"}],"version-history":[{"count":0,"href":"https:\/\/uniekeuitjes.nl\/de\/wp-json\/wp\/v2\/pages\/11718\/revisions"}],"wp:attachment":[{"href":"https:\/\/uniekeuitjes.nl\/de\/wp-json\/wp\/v2\/media?parent=11718"}],"wp:term":[{"taxonomy":"category","embeddable":true,"href":"https:\/\/uniekeuitjes.nl\/de\/wp-json\/wp\/v2\/categories?post=11718"}],"curies":[{"name":"wp","href":"https:\/\/api.w.org\/{rel}","templated":true}]}}