{"id":11719,"date":"2020-02-29T14:17:04","date_gmt":"2020-02-29T14:17:04","guid":{"rendered":"https:\/\/uniekeuitjes.nl\/standort-fuer-den-familientag\/"},"modified":"2020-02-29T14:17:04","modified_gmt":"2020-02-29T14:17:04","slug":"standort-fuer-den-familientag","status":"publish","type":"page","link":"https:\/\/uniekeuitjes.nl\/de\/standort-fuer-den-familientag\/","title":{"rendered":"Standort f\u00fcr den Familientag"},"content":{"rendered":"<h2>Standort f\u00fcr den Familientag<\/h2>\n<p>Veranstaltungsort f\u00fcr einen Familientag gesucht? Bei Unique Outings ist das nat\u00fcrlich kein Problem. Unser Empfangssaal mit Bar bietet ausreichend Platz f\u00fcr eine gro\u00dfe Gruppe von Personen. Bei sch\u00f6nem Wetter ist es auch m\u00f6glich, die Veranda zu nutzen. Auf der Veranda steht ein langer Tisch mit gen\u00fcgend Sitzgelegenheiten f\u00fcr alle. Dies ist der perfekte Ort f\u00fcr Ihren Familientag, wenn Sie ihn mit Ausfl\u00fcgen verbinden. In gegenseitiger Absprache kann ein komplett organisierter Tag f\u00fcr Sie organisiert werden, der Ihren Bed\u00fcrfnissen entspricht.<\/p>\n<p>&nbsp;<\/p>\n<p>&nbsp;<\/p>\n<h2>M\u00f6glichkeiten<\/h2>\n<p>Die M\u00f6glichkeiten f\u00fcr einen Familientag im Empfangsbereich von Unique Outings sind wie folgt:<\/p>\n<ul>\n<li>Kauf von Getr\u00e4nken f\u00fcr eine bestimmte Anzahl von Stunden.<\/li>\n<li>Buffet<\/li>\n<li>BBQ<\/li>\n<li>Mittagessen (Buffet)<\/li>\n<\/ul>\n<p>&nbsp;<\/p>\n<p>Beim Getr\u00e4nkekauf steht jemand f\u00fcr Sie und Ihre Familienangeh\u00f6rigen hinter der Bar und k\u00fcmmert sich f\u00fcr eine bestimmte Zeit Ihrer Wahl um Ihre Getr\u00e4nke.<\/p>\n<p>&nbsp;<\/p>\n<p>Beim Buffet wird das Buffet nach Ihren W\u00fcnschen zusammengestellt. Das Buffet wird dann in der Halle oder auf der Veranda aufgebaut, damit Sie Ihr Essen genie\u00dfen k\u00f6nnen.<\/p>\n<p>&nbsp;<\/p>\n<p>Beim Grillfest wird dies der Inhalt sein:<br \/>\nRindfleischsalat, Eiersalat aus Freilandhaltung, frischer Rohkostsalat, frisches Obst<br \/>\nKnoblauchsauce, Cocktailsauce, Satay-Sauce, BBQ-Sauce,<br \/>\nBaguette mit Kr\u00e4uterbutter<br \/>\nRindfleisch-Burger, Schulterkotelett, Wurst, Speck und ein Garnelenspie\u00df.<\/p>\n<p>Das BBQ beinhaltet keine Getr\u00e4nke.<\/p>\n<p>&nbsp;<\/p>\n<p>&nbsp;<\/p>\n<p>&nbsp;<\/p>\n<p><strong>Bei Fragen erreichen Sie uns telefonisch unter: <a href=\"tel:+31573728155\">0573 &#8211; 74 00 04<\/a> und per E-Mail unter: info@uniekeuitjes.nl.<\/strong><\/p>\n<p><img loading=\"lazy\" decoding=\"async\" class=\"alignnone wp-image-377\" src=\"http:\/\/uniekeuitjes.nl\/wp-content\/uploads\/2019\/02\/site-login-logo.png\" alt=\"\" width=\"445\" height=\"217\" srcset=\"https:\/\/uniekeuitjes.nl\/wp-content\/uploads\/2019\/02\/site-login-logo.png 708w, https:\/\/uniekeuitjes.nl\/wp-content\/uploads\/2019\/02\/site-login-logo-300x146.png 300w, https:\/\/uniekeuitjes.nl\/wp-content\/uploads\/2019\/02\/site-login-logo-600x292.png 600w\" sizes=\"auto, (max-width: 445px) 100vw, 445px\" \/><\/p>\n","protected":false},"excerpt":{"rendered":"<p>Standort f\u00fcr den Familientag Veranstaltungsort f\u00fcr einen Familientag gesucht? Bei Unique Outings ist das nat\u00fcrlich kein Problem. Unser Empfangssaal mit Bar bietet ausreichend Platz f\u00fcr eine gro\u00dfe Gruppe von Personen. Bei sch\u00f6nem Wetter ist es auch m\u00f6glich, die Veranda zu nutzen. Auf der Veranda steht ein langer Tisch mit gen\u00fcgend Sitzgelegenheiten f\u00fcr alle. Dies ist [&hellip;]<\/p>\n","protected":false},"author":2,"featured_media":0,"parent":0,"menu_order":0,"comment_status":"closed","ping_status":"closed","template":"","meta":{"_acf_changed":false,"_monsterinsights_skip_tracking":false,"_monsterinsights_sitenote_active":false,"_monsterinsights_sitenote_note":"","_monsterinsights_sitenote_category":0,"footnotes":""},"categories":[73],"class_list":["post-11719","page","type-page","status-publish","hentry","category-zielseite"],"acf":[],"yoast_head":"<!-- This site is optimized with the Yoast SEO plugin v27.4 - https:\/\/yoast.com\/product\/yoast-seo-wordpress\/ -->\n<title>Standort f\u00fcr den Familientag - Der perfekte Ort f\u00fcr Ihren Familientag<\/title>\n<meta name=\"description\" content=\"Sie brauchen einen Veranstaltungsort f\u00fcr Ihren Familientag? Dann ist der Barbereich mit Veranda der geeignete Ort f\u00fcr Ihren Familientag und Ihre Ausfl\u00fcge.\" \/>\n<meta name=\"robots\" content=\"index, follow, max-snippet:-1, max-image-preview:large, max-video-preview:-1\" \/>\n<link rel=\"canonical\" href=\"https:\/\/uniekeuitjes.nl\/de\/standort-fuer-den-familientag\/\" \/>\n<meta property=\"og:locale\" content=\"nl_NL\" \/>\n<meta property=\"og:type\" content=\"article\" \/>\n<meta property=\"og:title\" content=\"Standort f\u00fcr den Familientag - Der perfekte Ort f\u00fcr Ihren Familientag\" \/>\n<meta property=\"og:description\" content=\"Sie brauchen einen Veranstaltungsort f\u00fcr Ihren Familientag? Dann ist der Barbereich mit Veranda der geeignete Ort f\u00fcr Ihren Familientag und Ihre Ausfl\u00fcge.\" \/>\n<meta property=\"og:url\" content=\"https:\/\/uniekeuitjes.nl\/de\/standort-fuer-den-familientag\/\" \/>\n<meta property=\"og:site_name\" content=\"Uniekeuitjes.nl\" \/>\n<meta property=\"article:publisher\" content=\"https:\/\/www.facebook.com\/uniekeuitjes.nl\" \/>\n<meta property=\"og:image\" content=\"http:\/\/uniekeuitjes.nl\/wp-content\/uploads\/2019\/02\/site-login-logo.png\" \/>\n<meta name=\"twitter:card\" content=\"summary_large_image\" \/>\n<meta name=\"twitter:label1\" content=\"Geschatte leestijd\" \/>\n\t<meta name=\"twitter:data1\" content=\"1 minuut\" \/>\n<script type=\"application\/ld+json\" class=\"yoast-schema-graph\">{\"@context\":\"https:\\\/\\\/schema.org\",\"@graph\":[{\"@type\":\"WebPage\",\"@id\":\"https:\\\/\\\/uniekeuitjes.nl\\\/de\\\/standort-fuer-den-familientag\\\/\",\"url\":\"https:\\\/\\\/uniekeuitjes.nl\\\/de\\\/standort-fuer-den-familientag\\\/\",\"name\":\"Standort f\u00fcr den Familientag - Der perfekte Ort f\u00fcr Ihren Familientag\",\"isPartOf\":{\"@id\":\"\\\/#website\"},\"primaryImageOfPage\":{\"@id\":\"https:\\\/\\\/uniekeuitjes.nl\\\/de\\\/standort-fuer-den-familientag\\\/#primaryimage\"},\"image\":{\"@id\":\"https:\\\/\\\/uniekeuitjes.nl\\\/de\\\/standort-fuer-den-familientag\\\/#primaryimage\"},\"thumbnailUrl\":\"http:\\\/\\\/uniekeuitjes.nl\\\/wp-content\\\/uploads\\\/2019\\\/02\\\/site-login-logo.png\",\"datePublished\":\"2020-02-29T14:17:04+00:00\",\"description\":\"Sie brauchen einen Veranstaltungsort f\u00fcr Ihren Familientag? Dann ist der Barbereich mit Veranda der geeignete Ort f\u00fcr Ihren Familientag und Ihre Ausfl\u00fcge.\",\"breadcrumb\":{\"@id\":\"https:\\\/\\\/uniekeuitjes.nl\\\/de\\\/standort-fuer-den-familientag\\\/#breadcrumb\"},\"inLanguage\":\"nl-NL\",\"potentialAction\":[{\"@type\":\"ReadAction\",\"target\":[\"https:\\\/\\\/uniekeuitjes.nl\\\/de\\\/standort-fuer-den-familientag\\\/\"]}]},{\"@type\":\"ImageObject\",\"inLanguage\":\"nl-NL\",\"@id\":\"https:\\\/\\\/uniekeuitjes.nl\\\/de\\\/standort-fuer-den-familientag\\\/#primaryimage\",\"url\":\"http:\\\/\\\/uniekeuitjes.nl\\\/wp-content\\\/uploads\\\/2019\\\/02\\\/site-login-logo.png\",\"contentUrl\":\"http:\\\/\\\/uniekeuitjes.nl\\\/wp-content\\\/uploads\\\/2019\\\/02\\\/site-login-logo.png\"},{\"@type\":\"BreadcrumbList\",\"@id\":\"https:\\\/\\\/uniekeuitjes.nl\\\/de\\\/standort-fuer-den-familientag\\\/#breadcrumb\",\"itemListElement\":[{\"@type\":\"ListItem\",\"position\":1,\"name\":\"Home\",\"item\":\"https:\\\/\\\/uniekeuitjes.nl\\\/de\\\/\"},{\"@type\":\"ListItem\",\"position\":2,\"name\":\"Standort f\u00fcr den Familientag\"}]},{\"@type\":\"WebSite\",\"@id\":\"\\\/#website\",\"url\":\"\\\/\",\"name\":\"Uniekeuitjes.nl\",\"description\":\"Goedkope leuke uitjes zelf samen te stellen\",\"publisher\":{\"@id\":\"\\\/#organization\"},\"potentialAction\":[{\"@type\":\"SearchAction\",\"target\":{\"@type\":\"EntryPoint\",\"urlTemplate\":\"\\\/?s={search_term_string}\"},\"query-input\":{\"@type\":\"PropertyValueSpecification\",\"valueRequired\":true,\"valueName\":\"search_term_string\"}}],\"inLanguage\":\"nl-NL\"},{\"@type\":\"Organization\",\"@id\":\"\\\/#organization\",\"name\":\"Unieke Uitjes\",\"url\":\"\\\/\",\"logo\":{\"@type\":\"ImageObject\",\"inLanguage\":\"nl-NL\",\"@id\":\"\\\/#\\\/schema\\\/logo\\\/image\\\/\",\"url\":\"https:\\\/\\\/uniekeuitjes.nl\\\/wp-content\\\/uploads\\\/2019\\\/02\\\/site-login-logo.png\",\"contentUrl\":\"https:\\\/\\\/uniekeuitjes.nl\\\/wp-content\\\/uploads\\\/2019\\\/02\\\/site-login-logo.png\",\"width\":708,\"height\":345,\"caption\":\"Unieke Uitjes\"},\"image\":{\"@id\":\"\\\/#\\\/schema\\\/logo\\\/image\\\/\"},\"sameAs\":[\"https:\\\/\\\/www.facebook.com\\\/uniekeuitjes.nl\",\"https:\\\/\\\/www.instagram.com\\\/uniekeuitjes.nl\\\/\",\"https:\\\/\\\/www.linkedin.com\\\/company\\\/unieke-uitjes-nl\",\"https:\\\/\\\/www.youtube.com\\\/channel\\\/UCXwRXFWP_R0kxRAeL79FQfw\"]}]}<\/script>\n<!-- \/ Yoast SEO plugin. -->","yoast_head_json":{"title":"Standort f\u00fcr den Familientag - Der perfekte Ort f\u00fcr Ihren Familientag","description":"Sie brauchen einen Veranstaltungsort f\u00fcr Ihren Familientag? Dann ist der Barbereich mit Veranda der geeignete Ort f\u00fcr Ihren Familientag und Ihre Ausfl\u00fcge.","robots":{"index":"index","follow":"follow","max-snippet":"max-snippet:-1","max-image-preview":"max-image-preview:large","max-video-preview":"max-video-preview:-1"},"canonical":"https:\/\/uniekeuitjes.nl\/de\/standort-fuer-den-familientag\/","og_locale":"nl_NL","og_type":"article","og_title":"Standort f\u00fcr den Familientag - Der perfekte Ort f\u00fcr Ihren Familientag","og_description":"Sie brauchen einen Veranstaltungsort f\u00fcr Ihren Familientag? Dann ist der Barbereich mit Veranda der geeignete Ort f\u00fcr Ihren Familientag und Ihre Ausfl\u00fcge.","og_url":"https:\/\/uniekeuitjes.nl\/de\/standort-fuer-den-familientag\/","og_site_name":"Uniekeuitjes.nl","article_publisher":"https:\/\/www.facebook.com\/uniekeuitjes.nl","og_image":[{"url":"http:\/\/uniekeuitjes.nl\/wp-content\/uploads\/2019\/02\/site-login-logo.png","type":"","width":"","height":""}],"twitter_card":"summary_large_image","twitter_misc":{"Geschatte leestijd":"1 minuut"},"schema":{"@context":"https:\/\/schema.org","@graph":[{"@type":"WebPage","@id":"https:\/\/uniekeuitjes.nl\/de\/standort-fuer-den-familientag\/","url":"https:\/\/uniekeuitjes.nl\/de\/standort-fuer-den-familientag\/","name":"Standort f\u00fcr den Familientag - Der perfekte Ort f\u00fcr Ihren Familientag","isPartOf":{"@id":"\/#website"},"primaryImageOfPage":{"@id":"https:\/\/uniekeuitjes.nl\/de\/standort-fuer-den-familientag\/#primaryimage"},"image":{"@id":"https:\/\/uniekeuitjes.nl\/de\/standort-fuer-den-familientag\/#primaryimage"},"thumbnailUrl":"http:\/\/uniekeuitjes.nl\/wp-content\/uploads\/2019\/02\/site-login-logo.png","datePublished":"2020-02-29T14:17:04+00:00","description":"Sie brauchen einen Veranstaltungsort f\u00fcr Ihren Familientag? Dann ist der Barbereich mit Veranda der geeignete Ort f\u00fcr Ihren Familientag und Ihre Ausfl\u00fcge.","breadcrumb":{"@id":"https:\/\/uniekeuitjes.nl\/de\/standort-fuer-den-familientag\/#breadcrumb"},"inLanguage":"nl-NL","potentialAction":[{"@type":"ReadAction","target":["https:\/\/uniekeuitjes.nl\/de\/standort-fuer-den-familientag\/"]}]},{"@type":"ImageObject","inLanguage":"nl-NL","@id":"https:\/\/uniekeuitjes.nl\/de\/standort-fuer-den-familientag\/#primaryimage","url":"http:\/\/uniekeuitjes.nl\/wp-content\/uploads\/2019\/02\/site-login-logo.png","contentUrl":"http:\/\/uniekeuitjes.nl\/wp-content\/uploads\/2019\/02\/site-login-logo.png"},{"@type":"BreadcrumbList","@id":"https:\/\/uniekeuitjes.nl\/de\/standort-fuer-den-familientag\/#breadcrumb","itemListElement":[{"@type":"ListItem","position":1,"name":"Home","item":"https:\/\/uniekeuitjes.nl\/de\/"},{"@type":"ListItem","position":2,"name":"Standort f\u00fcr den Familientag"}]},{"@type":"WebSite","@id":"\/#website","url":"\/","name":"Uniekeuitjes.nl","description":"Goedkope leuke uitjes zelf samen te stellen","publisher":{"@id":"\/#organization"},"potentialAction":[{"@type":"SearchAction","target":{"@type":"EntryPoint","urlTemplate":"\/?s={search_term_string}"},"query-input":{"@type":"PropertyValueSpecification","valueRequired":true,"valueName":"search_term_string"}}],"inLanguage":"nl-NL"},{"@type":"Organization","@id":"\/#organization","name":"Unieke Uitjes","url":"\/","logo":{"@type":"ImageObject","inLanguage":"nl-NL","@id":"\/#\/schema\/logo\/image\/","url":"https:\/\/uniekeuitjes.nl\/wp-content\/uploads\/2019\/02\/site-login-logo.png","contentUrl":"https:\/\/uniekeuitjes.nl\/wp-content\/uploads\/2019\/02\/site-login-logo.png","width":708,"height":345,"caption":"Unieke Uitjes"},"image":{"@id":"\/#\/schema\/logo\/image\/"},"sameAs":["https:\/\/www.facebook.com\/uniekeuitjes.nl","https:\/\/www.instagram.com\/uniekeuitjes.nl\/","https:\/\/www.linkedin.com\/company\/unieke-uitjes-nl","https:\/\/www.youtube.com\/channel\/UCXwRXFWP_R0kxRAeL79FQfw"]}]}},"_links":{"self":[{"href":"https:\/\/uniekeuitjes.nl\/de\/wp-json\/wp\/v2\/pages\/11719","targetHints":{"allow":["GET"]}}],"collection":[{"href":"https:\/\/uniekeuitjes.nl\/de\/wp-json\/wp\/v2\/pages"}],"about":[{"href":"https:\/\/uniekeuitjes.nl\/de\/wp-json\/wp\/v2\/types\/page"}],"author":[{"embeddable":true,"href":"https:\/\/uniekeuitjes.nl\/de\/wp-json\/wp\/v2\/users\/2"}],"replies":[{"embeddable":true,"href":"https:\/\/uniekeuitjes.nl\/de\/wp-json\/wp\/v2\/comments?post=11719"}],"version-history":[{"count":0,"href":"https:\/\/uniekeuitjes.nl\/de\/wp-json\/wp\/v2\/pages\/11719\/revisions"}],"wp:attachment":[{"href":"https:\/\/uniekeuitjes.nl\/de\/wp-json\/wp\/v2\/media?parent=11719"}],"wp:term":[{"taxonomy":"category","embeddable":true,"href":"https:\/\/uniekeuitjes.nl\/de\/wp-json\/wp\/v2\/categories?post=11719"}],"curies":[{"name":"wp","href":"https:\/\/api.w.org\/{rel}","templated":true}]}}