{"id":11724,"date":"2020-02-08T10:13:15","date_gmt":"2020-02-08T10:13:15","guid":{"rendered":"https:\/\/uniekeuitjes.nl\/aktivitaeten-und-ausflugsziele-in-den-hansestaedten\/"},"modified":"2020-02-08T10:13:15","modified_gmt":"2020-02-08T10:13:15","slug":"aktivitaeten-und-ausflugsziele-in-den-hansestaedten","status":"publish","type":"page","link":"https:\/\/uniekeuitjes.nl\/de\/aktivitaeten-und-ausflugsziele-in-den-hansestaedten\/","title":{"rendered":"Aktivit\u00e4ten und Ausflugsziele in den Hansest\u00e4dten"},"content":{"rendered":"<h2>Aktivit\u00e4ten und Ausflugsziele in den Hansest\u00e4dten<\/h2>\n<p>Nat\u00fcrlich bieten wir auch einzigartige Kurzurlaube in den Hansest\u00e4dten Deventer und Zutphen an. In diesen beiden Hansest\u00e4dten ist es m\u00f6glich, Aktivit\u00e4ten oder Ausfl\u00fcge mit einer \u00dcbernachtung zu verbinden, damit Sie die Stadt und ihre Umgebung in vollen Z\u00fcgen genie\u00dfen k\u00f6nnen. Sowohl Deventer als auch Zutphen liegen an der IJssel: Das bietet viele M\u00f6glichkeiten f\u00fcr Freizeitaktivit\u00e4ten auf dem Wasser. Die Aktivit\u00e4ten und Ausfl\u00fcge, die wir Ihnen in den Hansest\u00e4dten anbieten k\u00f6nnen, sind sehr vielf\u00e4ltig. Wir bieten u.a.:<\/p>\n<ul>\n<li><a href=\"https:\/\/uniekeuitjes.nl\/uitje\/solex-huren\/\">Solexes<\/a><\/li>\n<li><a href=\"https:\/\/uniekeuitjes.nl\/uitje\/tuktuk-huren\/\">Elektrische Tuk Tuk&#8217;s<\/a><\/li>\n<li><a href=\"https:\/\/uniekeuitjes.nl\/uitje\/echopper-elektrische-scooter-huren\/\">E-Choppers<\/a><\/li>\n<li><a href=\"https:\/\/uniekeuitjes.nl\/uitje\/trigger-huren\/\">Ausl\u00f6ser<\/a><\/li>\n<li><a href=\"https:\/\/uniekeuitjes.nl\/uitje\/elektrische-step\/\">E-Schritte<\/a><\/li>\n<li><a href=\"https:\/\/uniekeuitjes.nl\/uitje\/indoor-en-outdoor-lasergamen-op-locatie\/\">Laser-Spiele<\/a><\/li>\n<\/ul>\n<p>&nbsp;<\/p>\n<p>Diese Ausfl\u00fcge sind ideal, um die sch\u00f6ne Umgebung der Stadt zu erkunden. Diese Aktivit\u00e4ten sind nur ein kleiner Auszug aus dem Angebot an Aktivit\u00e4ten und Ausfl\u00fcgen, die wir Ihnen anbieten k\u00f6nnen. Wir bieten zum Beispiel auch ein Schie\u00dfpaket mit einer Vielzahl von Waffentypen an. Dies ist nat\u00fcrlich auch vor Ort in den Hansest\u00e4dten m\u00f6glich (sofern der Standort sicher ist). Wir haben:<\/p>\n<ul>\n<li><a href=\"https:\/\/uniekeuitjes.nl\/uitje\/buksschieten\/\">Luftgewehr &amp; Luftpistole<\/a><\/li>\n<li><a href=\"https:\/\/uniekeuitjes.nl\/uitje\/boogschieten\/\">Handbogen<\/a><\/li>\n<li><a href=\"https:\/\/uniekeuitjes.nl\/uitje\/boog-en-kruisboog\/\">Armbrust<\/a><\/li>\n<li><a href=\"https:\/\/uniekeuitjes.nl\/uitje\/indoor-laser-kleiduifschieten\/\">Laser-Tontaubenschie\u00dfen<\/a><\/li>\n<\/ul>\n<p>Sie m\u00f6chten mit mehreren Waffentypen in einer Aktivit\u00e4t schie\u00dfen? Dann haben wir ein Schie\u00dfpaket f\u00fcr Sie, bei dem Sie die M\u00f6glichkeit haben, mit <a href=\"https:\/\/uniekeuitjes.nl\/uitje\/schieten-met-5-wapensoorten\/\">5 verschiedenen Waffentypen<\/a> zu schie\u00dfen.<\/p>\n<p>&nbsp;<\/p>\n<p>Verschiedene Spielshows d\u00fcrfen bei Unique Outings nat\u00fcrlich nicht fehlen. Deshalb haben wir verschiedene Spielshows f\u00fcr Sie, die unter professioneller Aufsicht gespielt werden. Die Spielshows, die wir Ihnen anbieten k\u00f6nnen:<\/p>\n<ul>\n<li class=\"sub-menu-item\"><a href=\"https:\/\/uniekeuitjes.nl\/uitje\/muziek-bingo\/\">Musik-Bingo<\/a><\/li>\n<li class=\"sub-menu-item\"><a href=\"https:\/\/uniekeuitjes.nl\/uitje\/jongens-vs-de-meisjes\/\">Die Jungen gegen die M\u00e4dchen<\/a><\/li>\n<li class=\"sub-menu-item\"><a href=\"https:\/\/uniekeuitjes.nl\/uitje\/ik-hou-van-holland\/\">Ik Hou Van Holland<\/a><\/li>\n<li class=\"sub-menu-item\"><a href=\"https:\/\/uniekeuitjes.nl\/uitje\/muziekquiz\/\">Musik-Quiz<\/a><\/li>\n<li class=\"sub-menu-item\"><a href=\"https:\/\/uniekeuitjes.nl\/uitje\/bingoshow\/\">Bingo-Show<\/a><\/li>\n<li class=\"sub-menu-item\"><a href=\"https:\/\/uniekeuitjes.nl\/uitje\/pub-quiz\/\">Kneipenquiz<\/a><\/li>\n<li class=\"sub-menu-item\"><a href=\"https:\/\/uniekeuitjes.nl\/uitje\/casino-avond\/\">Casino-Abend<\/a><\/li>\n<\/ul>\n<p>&nbsp;<\/p>\n<p>&nbsp;<\/p>\n<h2>\u00dcber die Hansest\u00e4dte<\/h2>\n<h4><\/h4>\n<p>&nbsp;<\/p>\n<h4>Deventer:<\/h4>\n<p>Deventer ist eine Stadt in der Provinz Overijssel. Die Hansestadt ist eine der \u00e4ltesten St\u00e4dte der Niederlande und war im Mittelalter Teil der Hanse. Es ist leicht zu erkennen, dass Deventer eine der \u00e4ltesten St\u00e4dte der Niederlande ist. Die sch\u00f6ne Umgebung und die Stadt sind voll von stattlichen alten Geb\u00e4uden und modernen architektonischen Schmuckst\u00fccken. Das Stadtzentrum von Deventer ist auch reich an Kunst und Kultur, mit zahlreichen Buchhandlungen und Museen. In der Umgebung von Deventer gibt es viele Naturschutzgebiete, die sich hervorragend f\u00fcr Aktivit\u00e4ten und Ausfl\u00fcge eignen.<\/p>\n<h4><\/h4>\n<p>&nbsp;<\/p>\n<h4>Zutphen:<\/h4>\n<p>Zutphen ist eine wichtige Stadt in der Provinz Gelderland und liegt (wie Deventer) am Fluss IJssel. Als Teil der Hanse war sie um 1400 eine sehr erfolgreiche Handelsstadt. In Zutphen sind mehrere historische Geb\u00e4ude zu finden, die an diese Zeit erinnern. Viele dieser Geb\u00e4ude wurden mit einem Turm versehen, weshalb Zutphen auch Turmstadt genannt wurde. Unique Outings bietet Ihnen viele verschiedene Aktivit\u00e4ten und Ausfl\u00fcge in Zutphen. Erkunden Sie zum Beispiel die Stadt in unseren einzigartigen Fahrzeugen oder nehmen Sie an einem Aktivausflug teil.<\/p>\n<p>&nbsp;<\/p>\n<p><img loading=\"lazy\" decoding=\"async\" class=\" wp-image-1825\" src=\"http:\/\/uniekeuitjes.nl\/wp-content\/uploads\/2020\/02\/collage-met-logo-1024x420.jpg\" alt=\"Hansest\u00e4dte UniqueOuts\" width=\"668\" height=\"274\" srcset=\"https:\/\/uniekeuitjes.nl\/wp-content\/uploads\/2020\/02\/collage-met-logo-scaled.jpg 1024w, https:\/\/uniekeuitjes.nl\/wp-content\/uploads\/2020\/02\/collage-met-logo-300x123.jpg 300w, https:\/\/uniekeuitjes.nl\/wp-content\/uploads\/2020\/02\/collage-met-logo-768x315.jpg 768w, https:\/\/uniekeuitjes.nl\/wp-content\/uploads\/2020\/02\/collage-met-logo-1536x630.jpg 1536w, https:\/\/uniekeuitjes.nl\/wp-content\/uploads\/2020\/02\/collage-met-logo-2048x840.jpg 2048w, https:\/\/uniekeuitjes.nl\/wp-content\/uploads\/2020\/02\/collage-met-logo-600x246.jpg 600w\" sizes=\"auto, (max-width: 668px) 100vw, 668px\" \/><\/p>\n<p>&nbsp;<\/p>\n<p>&nbsp;<\/p>\n<p>M\u00f6chten Sie mehr Informationen \u00fcber UniqueUtjes in den Hansest\u00e4dten? Nehmen Sie Kontakt mit uns auf!<\/p>\n<p>T: 0573- 74 00 04<\/p>\n<p>M: info@uniekeuitjes.nl<\/p>\n<p>&nbsp;<\/p>\n<p>&nbsp;<\/p>\n","protected":false},"excerpt":{"rendered":"<p>Aktivit\u00e4ten und Ausflugsziele in den Hansest\u00e4dten Nat\u00fcrlich bieten wir auch einzigartige Kurzurlaube in den Hansest\u00e4dten Deventer und Zutphen an. In diesen beiden Hansest\u00e4dten ist es m\u00f6glich, Aktivit\u00e4ten oder Ausfl\u00fcge mit einer \u00dcbernachtung zu verbinden, damit Sie die Stadt und ihre Umgebung in vollen Z\u00fcgen genie\u00dfen k\u00f6nnen. Sowohl Deventer als auch Zutphen liegen an der IJssel: [&hellip;]<\/p>\n","protected":false},"author":2,"featured_media":0,"parent":0,"menu_order":0,"comment_status":"closed","ping_status":"closed","template":"","meta":{"_acf_changed":false,"_monsterinsights_skip_tracking":false,"_monsterinsights_sitenote_active":false,"_monsterinsights_sitenote_note":"","_monsterinsights_sitenote_category":0,"footnotes":""},"categories":[73],"class_list":["post-11724","page","type-page","status-publish","hentry","category-zielseite"],"acf":[],"yoast_head":"<!-- This site is optimized with the Yoast SEO plugin v27.4 - https:\/\/yoast.com\/product\/yoast-seo-wordpress\/ -->\n<title>Aktivit\u00e4ten und Ausflugsziele in den Hansest\u00e4dten - Uniekeuitjes.nl<\/title>\n<meta name=\"description\" content=\"Wir bieten verschiedene Aktivit\u00e4ten und Ausfl\u00fcge in den Hansest\u00e4dten an. WIj bietet auch verschiedene Pakete an, die bereits komplett f\u00fcr Sie zusammengestellt sind.\" \/>\n<meta name=\"robots\" content=\"index, follow, max-snippet:-1, max-image-preview:large, max-video-preview:-1\" \/>\n<link rel=\"canonical\" href=\"https:\/\/uniekeuitjes.nl\/de\/aktivitaeten-und-ausflugsziele-in-den-hansestaedten\/\" \/>\n<meta property=\"og:locale\" content=\"nl_NL\" \/>\n<meta property=\"og:type\" content=\"article\" \/>\n<meta property=\"og:title\" content=\"Aktivit\u00e4ten und Ausflugsziele in den Hansest\u00e4dten - Uniekeuitjes.nl\" \/>\n<meta property=\"og:description\" content=\"Wir bieten verschiedene Aktivit\u00e4ten und Ausfl\u00fcge in den Hansest\u00e4dten an. WIj bietet auch verschiedene Pakete an, die bereits komplett f\u00fcr Sie zusammengestellt sind.\" \/>\n<meta property=\"og:url\" content=\"https:\/\/uniekeuitjes.nl\/de\/aktivitaeten-und-ausflugsziele-in-den-hansestaedten\/\" \/>\n<meta property=\"og:site_name\" content=\"Uniekeuitjes.nl\" \/>\n<meta property=\"article:publisher\" content=\"https:\/\/www.facebook.com\/uniekeuitjes.nl\" \/>\n<meta property=\"og:image\" content=\"http:\/\/uniekeuitjes.nl\/wp-content\/uploads\/2020\/02\/collage-met-logo-1024x420.jpg\" \/>\n<meta name=\"twitter:card\" content=\"summary_large_image\" \/>\n<meta name=\"twitter:label1\" content=\"Geschatte leestijd\" \/>\n\t<meta name=\"twitter:data1\" content=\"2 minuten\" \/>\n<script type=\"application\/ld+json\" class=\"yoast-schema-graph\">{\"@context\":\"https:\\\/\\\/schema.org\",\"@graph\":[{\"@type\":\"WebPage\",\"@id\":\"https:\\\/\\\/uniekeuitjes.nl\\\/de\\\/aktivitaeten-und-ausflugsziele-in-den-hansestaedten\\\/\",\"url\":\"https:\\\/\\\/uniekeuitjes.nl\\\/de\\\/aktivitaeten-und-ausflugsziele-in-den-hansestaedten\\\/\",\"name\":\"Aktivit\u00e4ten und Ausflugsziele in den Hansest\u00e4dten - Uniekeuitjes.nl\",\"isPartOf\":{\"@id\":\"\\\/#website\"},\"primaryImageOfPage\":{\"@id\":\"https:\\\/\\\/uniekeuitjes.nl\\\/de\\\/aktivitaeten-und-ausflugsziele-in-den-hansestaedten\\\/#primaryimage\"},\"image\":{\"@id\":\"https:\\\/\\\/uniekeuitjes.nl\\\/de\\\/aktivitaeten-und-ausflugsziele-in-den-hansestaedten\\\/#primaryimage\"},\"thumbnailUrl\":\"http:\\\/\\\/uniekeuitjes.nl\\\/wp-content\\\/uploads\\\/2020\\\/02\\\/collage-met-logo-1024x420.jpg\",\"datePublished\":\"2020-02-08T10:13:15+00:00\",\"description\":\"Wir bieten verschiedene Aktivit\u00e4ten und Ausfl\u00fcge in den Hansest\u00e4dten an. WIj bietet auch verschiedene Pakete an, die bereits komplett f\u00fcr Sie zusammengestellt sind.\",\"breadcrumb\":{\"@id\":\"https:\\\/\\\/uniekeuitjes.nl\\\/de\\\/aktivitaeten-und-ausflugsziele-in-den-hansestaedten\\\/#breadcrumb\"},\"inLanguage\":\"nl-NL\",\"potentialAction\":[{\"@type\":\"ReadAction\",\"target\":[\"https:\\\/\\\/uniekeuitjes.nl\\\/de\\\/aktivitaeten-und-ausflugsziele-in-den-hansestaedten\\\/\"]}]},{\"@type\":\"ImageObject\",\"inLanguage\":\"nl-NL\",\"@id\":\"https:\\\/\\\/uniekeuitjes.nl\\\/de\\\/aktivitaeten-und-ausflugsziele-in-den-hansestaedten\\\/#primaryimage\",\"url\":\"http:\\\/\\\/uniekeuitjes.nl\\\/wp-content\\\/uploads\\\/2020\\\/02\\\/collage-met-logo-1024x420.jpg\",\"contentUrl\":\"http:\\\/\\\/uniekeuitjes.nl\\\/wp-content\\\/uploads\\\/2020\\\/02\\\/collage-met-logo-1024x420.jpg\"},{\"@type\":\"BreadcrumbList\",\"@id\":\"https:\\\/\\\/uniekeuitjes.nl\\\/de\\\/aktivitaeten-und-ausflugsziele-in-den-hansestaedten\\\/#breadcrumb\",\"itemListElement\":[{\"@type\":\"ListItem\",\"position\":1,\"name\":\"Home\",\"item\":\"https:\\\/\\\/uniekeuitjes.nl\\\/de\\\/\"},{\"@type\":\"ListItem\",\"position\":2,\"name\":\"Aktivit\u00e4ten und Ausflugsziele in den Hansest\u00e4dten\"}]},{\"@type\":\"WebSite\",\"@id\":\"\\\/#website\",\"url\":\"\\\/\",\"name\":\"Uniekeuitjes.nl\",\"description\":\"Goedkope leuke uitjes zelf samen te stellen\",\"publisher\":{\"@id\":\"\\\/#organization\"},\"potentialAction\":[{\"@type\":\"SearchAction\",\"target\":{\"@type\":\"EntryPoint\",\"urlTemplate\":\"\\\/?s={search_term_string}\"},\"query-input\":{\"@type\":\"PropertyValueSpecification\",\"valueRequired\":true,\"valueName\":\"search_term_string\"}}],\"inLanguage\":\"nl-NL\"},{\"@type\":\"Organization\",\"@id\":\"\\\/#organization\",\"name\":\"Unieke Uitjes\",\"url\":\"\\\/\",\"logo\":{\"@type\":\"ImageObject\",\"inLanguage\":\"nl-NL\",\"@id\":\"\\\/#\\\/schema\\\/logo\\\/image\\\/\",\"url\":\"https:\\\/\\\/uniekeuitjes.nl\\\/wp-content\\\/uploads\\\/2019\\\/02\\\/site-login-logo.png\",\"contentUrl\":\"https:\\\/\\\/uniekeuitjes.nl\\\/wp-content\\\/uploads\\\/2019\\\/02\\\/site-login-logo.png\",\"width\":708,\"height\":345,\"caption\":\"Unieke Uitjes\"},\"image\":{\"@id\":\"\\\/#\\\/schema\\\/logo\\\/image\\\/\"},\"sameAs\":[\"https:\\\/\\\/www.facebook.com\\\/uniekeuitjes.nl\",\"https:\\\/\\\/www.instagram.com\\\/uniekeuitjes.nl\\\/\",\"https:\\\/\\\/www.linkedin.com\\\/company\\\/unieke-uitjes-nl\",\"https:\\\/\\\/www.youtube.com\\\/channel\\\/UCXwRXFWP_R0kxRAeL79FQfw\"]}]}<\/script>\n<!-- \/ Yoast SEO plugin. -->","yoast_head_json":{"title":"Aktivit\u00e4ten und Ausflugsziele in den Hansest\u00e4dten - Uniekeuitjes.nl","description":"Wir bieten verschiedene Aktivit\u00e4ten und Ausfl\u00fcge in den Hansest\u00e4dten an. WIj bietet auch verschiedene Pakete an, die bereits komplett f\u00fcr Sie zusammengestellt sind.","robots":{"index":"index","follow":"follow","max-snippet":"max-snippet:-1","max-image-preview":"max-image-preview:large","max-video-preview":"max-video-preview:-1"},"canonical":"https:\/\/uniekeuitjes.nl\/de\/aktivitaeten-und-ausflugsziele-in-den-hansestaedten\/","og_locale":"nl_NL","og_type":"article","og_title":"Aktivit\u00e4ten und Ausflugsziele in den Hansest\u00e4dten - Uniekeuitjes.nl","og_description":"Wir bieten verschiedene Aktivit\u00e4ten und Ausfl\u00fcge in den Hansest\u00e4dten an. WIj bietet auch verschiedene Pakete an, die bereits komplett f\u00fcr Sie zusammengestellt sind.","og_url":"https:\/\/uniekeuitjes.nl\/de\/aktivitaeten-und-ausflugsziele-in-den-hansestaedten\/","og_site_name":"Uniekeuitjes.nl","article_publisher":"https:\/\/www.facebook.com\/uniekeuitjes.nl","og_image":[{"url":"http:\/\/uniekeuitjes.nl\/wp-content\/uploads\/2020\/02\/collage-met-logo-1024x420.jpg","type":"","width":"","height":""}],"twitter_card":"summary_large_image","twitter_misc":{"Geschatte leestijd":"2 minuten"},"schema":{"@context":"https:\/\/schema.org","@graph":[{"@type":"WebPage","@id":"https:\/\/uniekeuitjes.nl\/de\/aktivitaeten-und-ausflugsziele-in-den-hansestaedten\/","url":"https:\/\/uniekeuitjes.nl\/de\/aktivitaeten-und-ausflugsziele-in-den-hansestaedten\/","name":"Aktivit\u00e4ten und Ausflugsziele in den Hansest\u00e4dten - Uniekeuitjes.nl","isPartOf":{"@id":"\/#website"},"primaryImageOfPage":{"@id":"https:\/\/uniekeuitjes.nl\/de\/aktivitaeten-und-ausflugsziele-in-den-hansestaedten\/#primaryimage"},"image":{"@id":"https:\/\/uniekeuitjes.nl\/de\/aktivitaeten-und-ausflugsziele-in-den-hansestaedten\/#primaryimage"},"thumbnailUrl":"http:\/\/uniekeuitjes.nl\/wp-content\/uploads\/2020\/02\/collage-met-logo-1024x420.jpg","datePublished":"2020-02-08T10:13:15+00:00","description":"Wir bieten verschiedene Aktivit\u00e4ten und Ausfl\u00fcge in den Hansest\u00e4dten an. WIj bietet auch verschiedene Pakete an, die bereits komplett f\u00fcr Sie zusammengestellt sind.","breadcrumb":{"@id":"https:\/\/uniekeuitjes.nl\/de\/aktivitaeten-und-ausflugsziele-in-den-hansestaedten\/#breadcrumb"},"inLanguage":"nl-NL","potentialAction":[{"@type":"ReadAction","target":["https:\/\/uniekeuitjes.nl\/de\/aktivitaeten-und-ausflugsziele-in-den-hansestaedten\/"]}]},{"@type":"ImageObject","inLanguage":"nl-NL","@id":"https:\/\/uniekeuitjes.nl\/de\/aktivitaeten-und-ausflugsziele-in-den-hansestaedten\/#primaryimage","url":"http:\/\/uniekeuitjes.nl\/wp-content\/uploads\/2020\/02\/collage-met-logo-1024x420.jpg","contentUrl":"http:\/\/uniekeuitjes.nl\/wp-content\/uploads\/2020\/02\/collage-met-logo-1024x420.jpg"},{"@type":"BreadcrumbList","@id":"https:\/\/uniekeuitjes.nl\/de\/aktivitaeten-und-ausflugsziele-in-den-hansestaedten\/#breadcrumb","itemListElement":[{"@type":"ListItem","position":1,"name":"Home","item":"https:\/\/uniekeuitjes.nl\/de\/"},{"@type":"ListItem","position":2,"name":"Aktivit\u00e4ten und Ausflugsziele in den Hansest\u00e4dten"}]},{"@type":"WebSite","@id":"\/#website","url":"\/","name":"Uniekeuitjes.nl","description":"Goedkope leuke uitjes zelf samen te stellen","publisher":{"@id":"\/#organization"},"potentialAction":[{"@type":"SearchAction","target":{"@type":"EntryPoint","urlTemplate":"\/?s={search_term_string}"},"query-input":{"@type":"PropertyValueSpecification","valueRequired":true,"valueName":"search_term_string"}}],"inLanguage":"nl-NL"},{"@type":"Organization","@id":"\/#organization","name":"Unieke Uitjes","url":"\/","logo":{"@type":"ImageObject","inLanguage":"nl-NL","@id":"\/#\/schema\/logo\/image\/","url":"https:\/\/uniekeuitjes.nl\/wp-content\/uploads\/2019\/02\/site-login-logo.png","contentUrl":"https:\/\/uniekeuitjes.nl\/wp-content\/uploads\/2019\/02\/site-login-logo.png","width":708,"height":345,"caption":"Unieke Uitjes"},"image":{"@id":"\/#\/schema\/logo\/image\/"},"sameAs":["https:\/\/www.facebook.com\/uniekeuitjes.nl","https:\/\/www.instagram.com\/uniekeuitjes.nl\/","https:\/\/www.linkedin.com\/company\/unieke-uitjes-nl","https:\/\/www.youtube.com\/channel\/UCXwRXFWP_R0kxRAeL79FQfw"]}]}},"_links":{"self":[{"href":"https:\/\/uniekeuitjes.nl\/de\/wp-json\/wp\/v2\/pages\/11724","targetHints":{"allow":["GET"]}}],"collection":[{"href":"https:\/\/uniekeuitjes.nl\/de\/wp-json\/wp\/v2\/pages"}],"about":[{"href":"https:\/\/uniekeuitjes.nl\/de\/wp-json\/wp\/v2\/types\/page"}],"author":[{"embeddable":true,"href":"https:\/\/uniekeuitjes.nl\/de\/wp-json\/wp\/v2\/users\/2"}],"replies":[{"embeddable":true,"href":"https:\/\/uniekeuitjes.nl\/de\/wp-json\/wp\/v2\/comments?post=11724"}],"version-history":[{"count":0,"href":"https:\/\/uniekeuitjes.nl\/de\/wp-json\/wp\/v2\/pages\/11724\/revisions"}],"wp:attachment":[{"href":"https:\/\/uniekeuitjes.nl\/de\/wp-json\/wp\/v2\/media?parent=11724"}],"wp:term":[{"taxonomy":"category","embeddable":true,"href":"https:\/\/uniekeuitjes.nl\/de\/wp-json\/wp\/v2\/categories?post=11724"}],"curies":[{"name":"wp","href":"https:\/\/api.w.org\/{rel}","templated":true}]}}