{"id":11732,"date":"2020-02-22T12:38:12","date_gmt":"2020-02-22T12:38:12","guid":{"rendered":"https:\/\/uniekeuitjes.nl\/alt-hollaendische-spiele-zu-vermieten\/"},"modified":"2020-02-22T12:38:12","modified_gmt":"2020-02-22T12:38:12","slug":"alt-hollaendische-spiele-zu-vermieten","status":"publish","type":"page","link":"https:\/\/uniekeuitjes.nl\/de\/alt-hollaendische-spiele-zu-vermieten\/","title":{"rendered":"Alt-Holl\u00e4ndische Spiele zu vermieten"},"content":{"rendered":"<h2>Alt-Holl\u00e4ndische Spiele zu vermieten<\/h2>\n<p>Nat\u00fcrlich durften die alten holl\u00e4ndischen Spiele in unserer Sammlung von verschiedenen Spielen und Aktivit\u00e4ten nicht fehlen. Die Spiele sind alle leicht zu verstehen und k\u00f6nnen daher von Jung und Alt gespielt werden. Die Spiele k\u00f6nnen bei Ihnen vor Ort oder bei Unique Uitjes in der Halle gespielt werden. Wenn Sie bei Unique Outings mitmachen m\u00f6chten, k\u00f6nnen Sie sich auch f\u00fcr das Paket<a href=\"https:\/\/uniekeuitjes.nl\/uitje\/indoor-zeskamp\/\">&#8220;Indoor Hexathlon<\/a>&#8221; entscheiden. Dieses Paket bietet Ihnen die M\u00f6glichkeit, alle Spiele mit einer Gruppe zu zweit zu spielen. Auf diese Weise kann anhand der Punkte ein Siegerduo ermittelt werden.<\/p>\n<p>&nbsp;<\/p>\n<p>Unique Outings bietet die folgenden Spiele:<\/p>\n<p>&nbsp;<\/p>\n<ul>\n<li><a href=\"https:\/\/uniekeuitjes.nl\/uitje\/bierpul-schuiven\/\">Bierkrugschlurfen<\/a><\/li>\n<li><a href=\"https:\/\/uniekeuitjes.nl\/uitje\/klompvangen-en-stokvangen\/\">Stock-\/Klumpenfang<\/a><\/li>\n<li>Riesiges Werfen<\/li>\n<li><a href=\"https:\/\/uniekeuitjes.nl\/uitje\/reuze-pizza\/\">Riesige Pizza<\/a><\/li>\n<li><a href=\"https:\/\/uniekeuitjes.nl\/uitje\/wielrollen\/\">Radrollen<\/a><\/li>\n<li><a href=\"https:\/\/uniekeuitjes.nl\/uitje\/airhockey\/\">Airhockey<\/a><\/li>\n<li><a href=\"https:\/\/uniekeuitjes.nl\/uitje\/trilspiraal\/\">Vibrierende Spirale<\/a><\/li>\n<li>Pferderennen<\/li>\n<li><a href=\"https:\/\/uniekeuitjes.nl\/uitje\/trekbiljart\/\">Billard ziehen<\/a><\/li>\n<\/ul>\n<p>&nbsp;<\/p>\n<p>&nbsp;<\/p>\n<h2>Die Preisverleihung:<\/h2>\n<p>Nat\u00fcrlich wird es am Ende des Tages eine Preisverleihung geben. F\u00fcr die Sieger gibt es einen Pokal und das letzte Team erh\u00e4lt einen Mini-Pokal (Pudelpreis). Die Preisverleihung sorgt immer f\u00fcr viel Heiterkeit und einen positiven Abschluss Ihres Betriebsfestes oder Familientages.<\/p>\n<p>&nbsp;<\/p>\n<p>&nbsp;<\/p>\n<h2>Erkl\u00e4rende Spiele:<\/h2>\n<h4><\/h4>\n<p>&nbsp;<\/p>\n<h4>Bierkrugschlurfen:<\/h4>\n<p>Beim Bierkrugschieben treten 2 Teams gegeneinander an. Die Idee ist, den Bierkrug in das richtige Fach unserer 5 Meter langen Bierrutschbahn zu schieben. Passen Sie auf, dass Sie sie nicht \u00fcber den Rand schubsen, denn dann bekommen Sie keine Punkte!<\/p>\n<p>&nbsp;<\/p>\n<h4>Mit dem Stock fangen:<\/h4>\n<p>Versuche, so viele St\u00f6cke wie m\u00f6glich durch schnelle Reflexe zu fangen. Die Gruppe, die die meisten St\u00f6cke gefangen hat, darf sich Sieger dieses Spiels nennen. Wir haben auch &#8220;Klompvangen&#8221;.<\/p>\n<p>&nbsp;<\/p>\n<h4>Riesiger Ringwurf:<\/h4>\n<p>Ringwerfen ist wirklich etwas f\u00fcr Leute mit guter Hand-Augen-Koordination. Und Sie werden sehen, dass es viel schwieriger ist, als es scheint.<\/p>\n<p>&nbsp;<\/p>\n<h4>Eine Riesenpizza:<\/h4>\n<p>Ein Spiel, das mit zwei Spielern aus jeder Mannschaft gespielt wird. Balanciere die Scheiben auf einer Riesenpizza. Rutschen die Steine nach Ihrem Umzug ab? Dann haben Sie verloren. Arbeiten Sie also gut zusammen, um so viele Punkte wie m\u00f6glich zu gewinnen.<\/p>\n<p>&nbsp;<\/p>\n<h4>Scheibenrollenbahn \/ Radrollen:<\/h4>\n<p>Rollen Sie die Holzscheibe in das richtige Feld und holen Sie damit so viele Punkte wie m\u00f6glich f\u00fcr Ihr Team!<\/p>\n<p>&nbsp;<\/p>\n<h4>Airhockey:<\/h4>\n<p>Wir spielen das Spiel 2 gegen 2 pro Tisch, das macht das Spiel viel schneller und spannender. Airhockey hat, anders als der Name vermuten l\u00e4sst, nichts mit Hockey zu tun, wie es auf dem Feld gespielt wird. Es handelt sich um ein Spiel, das aus einem Tisch, einem Puck und 4 Schalen (Holzstiele) besteht, mit denen der Puck ins Tor geschlagen werden muss. F\u00fcr 4 Personen.<\/p>\n<p>&nbsp;<\/p>\n<h4>Vibrierende Spirale:<\/h4>\n<p>Das allseits bekannte, nervenaufreibende Spiel. Bewegen Sie den Griff \u00fcber die Spule, ohne dass sie sich ber\u00fchren. Werden Sie es bis zum Ende schaffen?<\/p>\n<p>&nbsp;<\/p>\n<h4>Pferderennen:<\/h4>\n<p>Bewege dein Pferd schneller um die Bahn als dein Gegner. Nur mit Geschicklichkeit und vollem Einsatz werden Sie dieses Spiel gewinnen.<\/p>\n<p>&nbsp;<\/p>\n<h4>Ziehen Sie Billard:<\/h4>\n<p>Die Billardkugel balanciert auf 2 St\u00f6cken. Indem du die St\u00f6cke kontrolliert bewegst, platzierst du den Ball genau im Loch. Konzentration erforderlich!<\/p>\n<p>&nbsp;<\/p>\n<p><img loading=\"lazy\" decoding=\"async\" class=\"alignnone wp-image-1870\" src=\"http:\/\/uniekeuitjes.nl\/wp-content\/uploads\/2020\/02\/Collage-indoor-zeskamp-1024x1024.jpg\" alt=\"\" width=\"563\" height=\"563\" srcset=\"https:\/\/uniekeuitjes.nl\/wp-content\/uploads\/2020\/02\/Collage-indoor-zeskamp-1024x1024.jpg 1024w, https:\/\/uniekeuitjes.nl\/wp-content\/uploads\/2020\/02\/Collage-indoor-zeskamp-300x300.jpg 300w, https:\/\/uniekeuitjes.nl\/wp-content\/uploads\/2020\/02\/Collage-indoor-zeskamp-150x150.jpg 150w, https:\/\/uniekeuitjes.nl\/wp-content\/uploads\/2020\/02\/Collage-indoor-zeskamp-768x768.jpg 768w, https:\/\/uniekeuitjes.nl\/wp-content\/uploads\/2020\/02\/Collage-indoor-zeskamp-600x600.jpg 600w, https:\/\/uniekeuitjes.nl\/wp-content\/uploads\/2020\/02\/Collage-indoor-zeskamp-100x100.jpg 100w, https:\/\/uniekeuitjes.nl\/wp-content\/uploads\/2020\/02\/Collage-indoor-zeskamp.jpg 1200w\" sizes=\"auto, (max-width: 563px) 100vw, 563px\" \/><\/p>\n","protected":false},"excerpt":{"rendered":"<p>Alt-Holl\u00e4ndische Spiele zu vermieten Nat\u00fcrlich durften die alten holl\u00e4ndischen Spiele in unserer Sammlung von verschiedenen Spielen und Aktivit\u00e4ten nicht fehlen. Die Spiele sind alle leicht zu verstehen und k\u00f6nnen daher von Jung und Alt gespielt werden. Die Spiele k\u00f6nnen bei Ihnen vor Ort oder bei Unique Uitjes in der Halle gespielt werden. Wenn Sie bei [&hellip;]<\/p>\n","protected":false},"author":2,"featured_media":11292,"parent":0,"menu_order":0,"comment_status":"closed","ping_status":"closed","template":"","meta":{"_acf_changed":false,"_monsterinsights_skip_tracking":false,"_monsterinsights_sitenote_active":false,"_monsterinsights_sitenote_note":"","_monsterinsights_sitenote_category":0,"footnotes":""},"categories":[73],"class_list":["post-11732","page","type-page","status-publish","has-post-thumbnail","hentry","category-zielseite"],"acf":[],"yoast_head":"<!-- This site is optimized with the Yoast SEO plugin v27.4 - https:\/\/yoast.com\/product\/yoast-seo-wordpress\/ -->\n<title>Alt-Holl\u00e4ndische Spiele zu vermieten - Lose Vermietung.<\/title>\n<meta name=\"description\" content=\"Die echten alten holl\u00e4ndischen Spiele sind jetzt bei UniqueOuts in der Achterhoek zum g\u00fcnstigsten Preis zu mieten. Kann auch mit einem Hallenhexathlon kombiniert werden.\" \/>\n<meta name=\"robots\" content=\"index, follow, max-snippet:-1, max-image-preview:large, max-video-preview:-1\" \/>\n<link rel=\"canonical\" href=\"https:\/\/uniekeuitjes.nl\/de\/alt-hollaendische-spiele-zu-vermieten\/\" \/>\n<meta property=\"og:locale\" content=\"nl_NL\" \/>\n<meta property=\"og:type\" content=\"article\" \/>\n<meta property=\"og:title\" content=\"Alt-Holl\u00e4ndische Spiele zu vermieten - Lose Vermietung.\" \/>\n<meta property=\"og:description\" content=\"Die echten alten holl\u00e4ndischen Spiele sind jetzt bei UniqueOuts in der Achterhoek zum g\u00fcnstigsten Preis zu mieten. Kann auch mit einem Hallenhexathlon kombiniert werden.\" \/>\n<meta property=\"og:url\" content=\"https:\/\/uniekeuitjes.nl\/de\/alt-hollaendische-spiele-zu-vermieten\/\" \/>\n<meta property=\"og:site_name\" content=\"Uniekeuitjes.nl\" \/>\n<meta property=\"article:publisher\" content=\"https:\/\/www.facebook.com\/uniekeuitjes.nl\" \/>\n<meta property=\"og:image\" content=\"https:\/\/uniekeuitjes.nl\/wp-content\/uploads\/2020\/02\/bierpul-schuiven-scaled.jpeg\" \/>\n\t<meta property=\"og:image:width\" content=\"2560\" \/>\n\t<meta property=\"og:image:height\" content=\"1920\" \/>\n\t<meta property=\"og:image:type\" content=\"image\/jpeg\" \/>\n<meta name=\"twitter:card\" content=\"summary_large_image\" \/>\n<meta name=\"twitter:label1\" content=\"Geschatte leestijd\" \/>\n\t<meta name=\"twitter:data1\" content=\"2 minuten\" \/>\n<script type=\"application\/ld+json\" class=\"yoast-schema-graph\">{\"@context\":\"https:\\\/\\\/schema.org\",\"@graph\":[{\"@type\":\"WebPage\",\"@id\":\"https:\\\/\\\/uniekeuitjes.nl\\\/de\\\/alt-hollaendische-spiele-zu-vermieten\\\/\",\"url\":\"https:\\\/\\\/uniekeuitjes.nl\\\/de\\\/alt-hollaendische-spiele-zu-vermieten\\\/\",\"name\":\"Alt-Holl\u00e4ndische Spiele zu vermieten - Lose Vermietung.\",\"isPartOf\":{\"@id\":\"\\\/#website\"},\"primaryImageOfPage\":{\"@id\":\"https:\\\/\\\/uniekeuitjes.nl\\\/de\\\/alt-hollaendische-spiele-zu-vermieten\\\/#primaryimage\"},\"image\":{\"@id\":\"https:\\\/\\\/uniekeuitjes.nl\\\/de\\\/alt-hollaendische-spiele-zu-vermieten\\\/#primaryimage\"},\"thumbnailUrl\":\"https:\\\/\\\/uniekeuitjes.nl\\\/wp-content\\\/uploads\\\/2020\\\/02\\\/bierpul-schuiven-scaled.jpeg\",\"datePublished\":\"2020-02-22T12:38:12+00:00\",\"description\":\"Die echten alten holl\u00e4ndischen Spiele sind jetzt bei UniqueOuts in der Achterhoek zum g\u00fcnstigsten Preis zu mieten. Kann auch mit einem Hallenhexathlon kombiniert werden.\",\"breadcrumb\":{\"@id\":\"https:\\\/\\\/uniekeuitjes.nl\\\/de\\\/alt-hollaendische-spiele-zu-vermieten\\\/#breadcrumb\"},\"inLanguage\":\"nl-NL\",\"potentialAction\":[{\"@type\":\"ReadAction\",\"target\":[\"https:\\\/\\\/uniekeuitjes.nl\\\/de\\\/alt-hollaendische-spiele-zu-vermieten\\\/\"]}]},{\"@type\":\"ImageObject\",\"inLanguage\":\"nl-NL\",\"@id\":\"https:\\\/\\\/uniekeuitjes.nl\\\/de\\\/alt-hollaendische-spiele-zu-vermieten\\\/#primaryimage\",\"url\":\"https:\\\/\\\/uniekeuitjes.nl\\\/wp-content\\\/uploads\\\/2020\\\/02\\\/bierpul-schuiven-scaled.jpeg\",\"contentUrl\":\"https:\\\/\\\/uniekeuitjes.nl\\\/wp-content\\\/uploads\\\/2020\\\/02\\\/bierpul-schuiven-scaled.jpeg\",\"width\":2560,\"height\":1920},{\"@type\":\"BreadcrumbList\",\"@id\":\"https:\\\/\\\/uniekeuitjes.nl\\\/de\\\/alt-hollaendische-spiele-zu-vermieten\\\/#breadcrumb\",\"itemListElement\":[{\"@type\":\"ListItem\",\"position\":1,\"name\":\"Home\",\"item\":\"https:\\\/\\\/uniekeuitjes.nl\\\/de\\\/\"},{\"@type\":\"ListItem\",\"position\":2,\"name\":\"Alt-Holl\u00e4ndische Spiele zu vermieten\"}]},{\"@type\":\"WebSite\",\"@id\":\"\\\/#website\",\"url\":\"\\\/\",\"name\":\"Uniekeuitjes.nl\",\"description\":\"Goedkope leuke uitjes zelf samen te stellen\",\"publisher\":{\"@id\":\"\\\/#organization\"},\"potentialAction\":[{\"@type\":\"SearchAction\",\"target\":{\"@type\":\"EntryPoint\",\"urlTemplate\":\"\\\/?s={search_term_string}\"},\"query-input\":{\"@type\":\"PropertyValueSpecification\",\"valueRequired\":true,\"valueName\":\"search_term_string\"}}],\"inLanguage\":\"nl-NL\"},{\"@type\":\"Organization\",\"@id\":\"\\\/#organization\",\"name\":\"Unieke Uitjes\",\"url\":\"\\\/\",\"logo\":{\"@type\":\"ImageObject\",\"inLanguage\":\"nl-NL\",\"@id\":\"\\\/#\\\/schema\\\/logo\\\/image\\\/\",\"url\":\"https:\\\/\\\/uniekeuitjes.nl\\\/wp-content\\\/uploads\\\/2019\\\/02\\\/site-login-logo.png\",\"contentUrl\":\"https:\\\/\\\/uniekeuitjes.nl\\\/wp-content\\\/uploads\\\/2019\\\/02\\\/site-login-logo.png\",\"width\":708,\"height\":345,\"caption\":\"Unieke Uitjes\"},\"image\":{\"@id\":\"\\\/#\\\/schema\\\/logo\\\/image\\\/\"},\"sameAs\":[\"https:\\\/\\\/www.facebook.com\\\/uniekeuitjes.nl\",\"https:\\\/\\\/www.instagram.com\\\/uniekeuitjes.nl\\\/\",\"https:\\\/\\\/www.linkedin.com\\\/company\\\/unieke-uitjes-nl\",\"https:\\\/\\\/www.youtube.com\\\/channel\\\/UCXwRXFWP_R0kxRAeL79FQfw\"]}]}<\/script>\n<!-- \/ Yoast SEO plugin. -->","yoast_head_json":{"title":"Alt-Holl\u00e4ndische Spiele zu vermieten - Lose Vermietung.","description":"Die echten alten holl\u00e4ndischen Spiele sind jetzt bei UniqueOuts in der Achterhoek zum g\u00fcnstigsten Preis zu mieten. Kann auch mit einem Hallenhexathlon kombiniert werden.","robots":{"index":"index","follow":"follow","max-snippet":"max-snippet:-1","max-image-preview":"max-image-preview:large","max-video-preview":"max-video-preview:-1"},"canonical":"https:\/\/uniekeuitjes.nl\/de\/alt-hollaendische-spiele-zu-vermieten\/","og_locale":"nl_NL","og_type":"article","og_title":"Alt-Holl\u00e4ndische Spiele zu vermieten - Lose Vermietung.","og_description":"Die echten alten holl\u00e4ndischen Spiele sind jetzt bei UniqueOuts in der Achterhoek zum g\u00fcnstigsten Preis zu mieten. Kann auch mit einem Hallenhexathlon kombiniert werden.","og_url":"https:\/\/uniekeuitjes.nl\/de\/alt-hollaendische-spiele-zu-vermieten\/","og_site_name":"Uniekeuitjes.nl","article_publisher":"https:\/\/www.facebook.com\/uniekeuitjes.nl","og_image":[{"width":2560,"height":1920,"url":"https:\/\/uniekeuitjes.nl\/wp-content\/uploads\/2020\/02\/bierpul-schuiven-scaled.jpeg","type":"image\/jpeg"}],"twitter_card":"summary_large_image","twitter_misc":{"Geschatte leestijd":"2 minuten"},"schema":{"@context":"https:\/\/schema.org","@graph":[{"@type":"WebPage","@id":"https:\/\/uniekeuitjes.nl\/de\/alt-hollaendische-spiele-zu-vermieten\/","url":"https:\/\/uniekeuitjes.nl\/de\/alt-hollaendische-spiele-zu-vermieten\/","name":"Alt-Holl\u00e4ndische Spiele zu vermieten - Lose Vermietung.","isPartOf":{"@id":"\/#website"},"primaryImageOfPage":{"@id":"https:\/\/uniekeuitjes.nl\/de\/alt-hollaendische-spiele-zu-vermieten\/#primaryimage"},"image":{"@id":"https:\/\/uniekeuitjes.nl\/de\/alt-hollaendische-spiele-zu-vermieten\/#primaryimage"},"thumbnailUrl":"https:\/\/uniekeuitjes.nl\/wp-content\/uploads\/2020\/02\/bierpul-schuiven-scaled.jpeg","datePublished":"2020-02-22T12:38:12+00:00","description":"Die echten alten holl\u00e4ndischen Spiele sind jetzt bei UniqueOuts in der Achterhoek zum g\u00fcnstigsten Preis zu mieten. Kann auch mit einem Hallenhexathlon kombiniert werden.","breadcrumb":{"@id":"https:\/\/uniekeuitjes.nl\/de\/alt-hollaendische-spiele-zu-vermieten\/#breadcrumb"},"inLanguage":"nl-NL","potentialAction":[{"@type":"ReadAction","target":["https:\/\/uniekeuitjes.nl\/de\/alt-hollaendische-spiele-zu-vermieten\/"]}]},{"@type":"ImageObject","inLanguage":"nl-NL","@id":"https:\/\/uniekeuitjes.nl\/de\/alt-hollaendische-spiele-zu-vermieten\/#primaryimage","url":"https:\/\/uniekeuitjes.nl\/wp-content\/uploads\/2020\/02\/bierpul-schuiven-scaled.jpeg","contentUrl":"https:\/\/uniekeuitjes.nl\/wp-content\/uploads\/2020\/02\/bierpul-schuiven-scaled.jpeg","width":2560,"height":1920},{"@type":"BreadcrumbList","@id":"https:\/\/uniekeuitjes.nl\/de\/alt-hollaendische-spiele-zu-vermieten\/#breadcrumb","itemListElement":[{"@type":"ListItem","position":1,"name":"Home","item":"https:\/\/uniekeuitjes.nl\/de\/"},{"@type":"ListItem","position":2,"name":"Alt-Holl\u00e4ndische Spiele zu vermieten"}]},{"@type":"WebSite","@id":"\/#website","url":"\/","name":"Uniekeuitjes.nl","description":"Goedkope leuke uitjes zelf samen te stellen","publisher":{"@id":"\/#organization"},"potentialAction":[{"@type":"SearchAction","target":{"@type":"EntryPoint","urlTemplate":"\/?s={search_term_string}"},"query-input":{"@type":"PropertyValueSpecification","valueRequired":true,"valueName":"search_term_string"}}],"inLanguage":"nl-NL"},{"@type":"Organization","@id":"\/#organization","name":"Unieke Uitjes","url":"\/","logo":{"@type":"ImageObject","inLanguage":"nl-NL","@id":"\/#\/schema\/logo\/image\/","url":"https:\/\/uniekeuitjes.nl\/wp-content\/uploads\/2019\/02\/site-login-logo.png","contentUrl":"https:\/\/uniekeuitjes.nl\/wp-content\/uploads\/2019\/02\/site-login-logo.png","width":708,"height":345,"caption":"Unieke Uitjes"},"image":{"@id":"\/#\/schema\/logo\/image\/"},"sameAs":["https:\/\/www.facebook.com\/uniekeuitjes.nl","https:\/\/www.instagram.com\/uniekeuitjes.nl\/","https:\/\/www.linkedin.com\/company\/unieke-uitjes-nl","https:\/\/www.youtube.com\/channel\/UCXwRXFWP_R0kxRAeL79FQfw"]}]}},"_links":{"self":[{"href":"https:\/\/uniekeuitjes.nl\/de\/wp-json\/wp\/v2\/pages\/11732","targetHints":{"allow":["GET"]}}],"collection":[{"href":"https:\/\/uniekeuitjes.nl\/de\/wp-json\/wp\/v2\/pages"}],"about":[{"href":"https:\/\/uniekeuitjes.nl\/de\/wp-json\/wp\/v2\/types\/page"}],"author":[{"embeddable":true,"href":"https:\/\/uniekeuitjes.nl\/de\/wp-json\/wp\/v2\/users\/2"}],"replies":[{"embeddable":true,"href":"https:\/\/uniekeuitjes.nl\/de\/wp-json\/wp\/v2\/comments?post=11732"}],"version-history":[{"count":0,"href":"https:\/\/uniekeuitjes.nl\/de\/wp-json\/wp\/v2\/pages\/11732\/revisions"}],"wp:featuredmedia":[{"embeddable":true,"href":"https:\/\/uniekeuitjes.nl\/de\/wp-json\/wp\/v2\/media\/11292"}],"wp:attachment":[{"href":"https:\/\/uniekeuitjes.nl\/de\/wp-json\/wp\/v2\/media?parent=11732"}],"wp:term":[{"taxonomy":"category","embeddable":true,"href":"https:\/\/uniekeuitjes.nl\/de\/wp-json\/wp\/v2\/categories?post=11732"}],"curies":[{"name":"wp","href":"https:\/\/api.w.org\/{rel}","templated":true}]}}