{"id":11766,"date":"2019-02-27T08:14:36","date_gmt":"2019-02-27T08:14:36","guid":{"rendered":"https:\/\/uniekeuitjes.nl\/erklaerung-zum-datenschutz\/"},"modified":"2019-02-27T08:14:36","modified_gmt":"2019-02-27T08:14:36","slug":"erklaerung-zum-datenschutz","status":"publish","type":"page","link":"https:\/\/uniekeuitjes.nl\/de\/erklaerung-zum-datenschutz\/","title":{"rendered":"Erkl\u00e4rung zum Datenschutz"},"content":{"rendered":"<p>Unique Outings mit Sitz in Laren ist verantwortlich f\u00fcr die Verarbeitung personenbezogener Daten, wie in dieser Datenschutzerkl\u00e4rung beschrieben.<\/p>\n<p>&nbsp;<\/p>\n<p><strong><u>Kontaktinformationen:<\/u><\/strong><\/p>\n<p>Einzigartige Ausfl\u00fcge<\/p>\n<p>Deventerweg 67C<\/p>\n<p>7245 PJ Laren Gld<\/p>\n<p><span style=\"color: #0000ff;\"><u>info@uniekeuitjes.nl<\/u><\/span><\/p>\n<p>0573-740004<\/p>\n<p>&nbsp;<\/p>\n<p>&nbsp;<\/p>\n<p><strong><u>Von uns verarbeitete personenbezogene Daten<\/u><\/strong><\/p>\n<p>Unique Outings verarbeitet Ihre personenbezogenen Daten, weil Sie unsere Dienste in Anspruch nehmen und\/oder weil Sie sie uns selbst zur Verf\u00fcgung stellen. Nachstehend finden Sie einen \u00dcberblick \u00fcber die von uns verarbeiteten personenbezogenen Daten:<\/p>\n<ul>\n<li>&#8211; Vorname und Nachname<\/li>\n<li>&#8211; Angaben zur Adresse<\/li>\n<li>&#8211; Rufnummer<\/li>\n<li>&#8211; E-Mail Adresse<\/li>\n<\/ul>\n<p>&nbsp;<\/p>\n<p>Zu welchem Zweck und auf welcher Grundlage wir personenbezogene Daten verarbeiten<\/p>\n<p>&nbsp;<\/p>\n<p>&nbsp;<\/p>\n<p><strong><u>Unique Outings verarbeitet Ihre personenbezogenen Daten f\u00fcr die folgenden Zwecke:<\/u><\/strong><strong>  <\/strong><\/p>\n<ul>\n<li>Bearbeitung Ihrer Reservierung, d.h. Sie erhalten im Voraus eine E-Mail von uns<\/li>\n<li>&#8211; Abwicklung Ihrer Zahlung<\/li>\n<li>-Um Sie anrufen oder Ihnen eine E-Mail schicken zu k\u00f6nnen, falls dies zur Erbringung unserer Dienstleistungen erforderlich ist<\/li>\n<li>-Um Sie \u00fcber \u00c4nderungen an unseren Dienstleistungen und Produkten zu informieren<\/li>\n<li>-Unterzeichnung der Mietbedingungen<\/li>\n<li>-Unique Uitjes verarbeitet personenbezogene Daten auch, wenn wir gesetzlich dazu verpflichtet sind, wenn eine Schadensersatzforderung oder ein Bu\u00dfgeldbescheid folgt  <strong> <\/strong><\/li>\n<\/ul>\n<p>&nbsp;<\/p>\n<p>&nbsp;<\/p>\n<p><strong><br \/>\n  <u>Wie lange wir personenbezogene Daten aufbewahren<\/u><br \/>\n<\/strong>:<\/p>\n<p>Unique Outings speichert Ihre personenbezogenen Daten nur so lange, wie es f\u00fcr die Erf\u00fcllung der Zwecke, f\u00fcr die Ihre Daten erhoben wurden, unbedingt erforderlich ist.<\/p>\n<p>&nbsp;<\/p>\n<p>&nbsp;<\/p>\n<p><strong><u>Weitergabe personenbezogener Daten an Dritte:<\/u><\/strong><\/p>\n<p>Unique Outings stellt Dritten nur dann Daten zur Verf\u00fcgung, wenn dies f\u00fcr die Erf\u00fcllung unserer Vereinbarung mit Ihnen oder zur Erf\u00fcllung einer gesetzlichen Verpflichtung erforderlich ist.<\/p>\n<p>&nbsp;<\/p>\n<p>&nbsp;<\/p>\n<p><strong><u>Wie wir personenbezogene Daten sch\u00fctzen:<\/u><\/strong><\/p>\n<p>Unique Outings nimmt den Schutz Ihrer Daten ernst und ergreift geeignete Ma\u00dfnahmen, um Missbrauch, Verlust, unbefugten Zugriff, unerw\u00fcnschte Offenlegung und unbefugte \u00c4nderung zu verhindern. Wenn Sie den Eindruck haben, dass Ihre Daten nicht ordnungsgem\u00e4\u00df gesichert sind oder es Anzeichen f\u00fcr einen Missbrauch gibt, wenden Sie sich bitte an unseren Kundendienst oder an <span style=\"color: #0000ff;\"><br \/>\n  <u>info@uniekeuitjes.nl.<\/u><br \/>\n<\/span><\/p>\n<p>&nbsp;<\/p>\n<p>&nbsp;<\/p>\n<p style=\"text-align: center;\"><em>Alle Rechte vorbehalten durch UniqueOuts.nl<\/em><\/p>\n<p>&nbsp;<\/p>\n<p>&nbsp;<\/p>\n<p><span style=\"color: #0000ff;\"><strong><a style=\"color: #0000ff;\" href=\"http:\/\/uniekeuitjes.nl\/wp-content\/uploads\/2023\/01\/Privacy-statement-AVG-Unieke-Uitjes-2023.pdf\" target=\"_blank\" rel=\"noopener\">Datenschutzerkl\u00e4rung Unique Outings (PDF)<\/a><\/strong><\/span><\/p>\n<p>&nbsp;<\/p>\n<p>&nbsp;<\/p>\n<p>&nbsp;<\/p>\n<p>&nbsp;<\/p>\n","protected":false},"excerpt":{"rendered":"<p>Unique Outings mit Sitz in Laren ist verantwortlich f\u00fcr die Verarbeitung personenbezogener Daten, wie in dieser Datenschutzerkl\u00e4rung beschrieben. &nbsp; Kontaktinformationen: Einzigartige Ausfl\u00fcge Deventerweg 67C 7245 PJ Laren Gld info@uniekeuitjes.nl 0573-740004 &nbsp; &nbsp; Von uns verarbeitete personenbezogene Daten Unique Outings verarbeitet Ihre personenbezogenen Daten, weil Sie unsere Dienste in Anspruch nehmen und\/oder weil Sie sie uns [&hellip;]<\/p>\n","protected":false},"author":1,"featured_media":0,"parent":0,"menu_order":0,"comment_status":"closed","ping_status":"closed","template":"","meta":{"_acf_changed":false,"_monsterinsights_skip_tracking":false,"_monsterinsights_sitenote_active":false,"_monsterinsights_sitenote_note":"","_monsterinsights_sitenote_category":0,"footnotes":""},"categories":[],"class_list":["post-11766","page","type-page","status-publish","hentry"],"acf":[],"yoast_head":"<!-- This site is optimized with the Yoast SEO plugin v27.5 - https:\/\/yoast.com\/product\/yoast-seo-wordpress\/ -->\n<title>Erkl\u00e4rung zum Datenschutz - Uniekeuitjes.nl<\/title>\n<meta name=\"robots\" content=\"index, follow, max-snippet:-1, max-image-preview:large, max-video-preview:-1\" \/>\n<link rel=\"canonical\" href=\"https:\/\/uniekeuitjes.nl\/de\/erklaerung-zum-datenschutz\/\" \/>\n<meta property=\"og:locale\" content=\"nl_NL\" \/>\n<meta property=\"og:type\" content=\"article\" \/>\n<meta property=\"og:title\" content=\"Erkl\u00e4rung zum Datenschutz - Uniekeuitjes.nl\" \/>\n<meta property=\"og:description\" content=\"Unique Outings mit Sitz in Laren ist verantwortlich f\u00fcr die Verarbeitung personenbezogener Daten, wie in dieser Datenschutzerkl\u00e4rung beschrieben. &nbsp; Kontaktinformationen: Einzigartige Ausfl\u00fcge Deventerweg 67C 7245 PJ Laren Gld info@uniekeuitjes.nl 0573-740004 &nbsp; &nbsp; Von uns verarbeitete personenbezogene Daten Unique Outings verarbeitet Ihre personenbezogenen Daten, weil Sie unsere Dienste in Anspruch nehmen und\/oder weil Sie sie uns [&hellip;]\" \/>\n<meta property=\"og:url\" content=\"https:\/\/uniekeuitjes.nl\/de\/erklaerung-zum-datenschutz\/\" \/>\n<meta property=\"og:site_name\" content=\"Uniekeuitjes.nl\" \/>\n<meta property=\"article:publisher\" content=\"https:\/\/www.facebook.com\/uniekeuitjes.nl\" \/>\n<meta name=\"twitter:card\" content=\"summary_large_image\" \/>\n<meta name=\"twitter:label1\" content=\"Geschatte leestijd\" \/>\n\t<meta name=\"twitter:data1\" content=\"2 minuten\" \/>\n<script type=\"application\/ld+json\" class=\"yoast-schema-graph\">{\"@context\":\"https:\\\/\\\/schema.org\",\"@graph\":[{\"@type\":\"WebPage\",\"@id\":\"https:\\\/\\\/uniekeuitjes.nl\\\/de\\\/erklaerung-zum-datenschutz\\\/\",\"url\":\"https:\\\/\\\/uniekeuitjes.nl\\\/de\\\/erklaerung-zum-datenschutz\\\/\",\"name\":\"Erkl\u00e4rung zum Datenschutz - Uniekeuitjes.nl\",\"isPartOf\":{\"@id\":\"\\\/#website\"},\"datePublished\":\"2019-02-27T08:14:36+00:00\",\"breadcrumb\":{\"@id\":\"https:\\\/\\\/uniekeuitjes.nl\\\/de\\\/erklaerung-zum-datenschutz\\\/#breadcrumb\"},\"inLanguage\":\"nl-NL\",\"potentialAction\":[{\"@type\":\"ReadAction\",\"target\":[\"https:\\\/\\\/uniekeuitjes.nl\\\/de\\\/erklaerung-zum-datenschutz\\\/\"]}]},{\"@type\":\"BreadcrumbList\",\"@id\":\"https:\\\/\\\/uniekeuitjes.nl\\\/de\\\/erklaerung-zum-datenschutz\\\/#breadcrumb\",\"itemListElement\":[{\"@type\":\"ListItem\",\"position\":1,\"name\":\"Home\",\"item\":\"https:\\\/\\\/uniekeuitjes.nl\\\/de\\\/\"},{\"@type\":\"ListItem\",\"position\":2,\"name\":\"Erkl\u00e4rung zum Datenschutz\"}]},{\"@type\":\"WebSite\",\"@id\":\"\\\/#website\",\"url\":\"\\\/\",\"name\":\"Uniekeuitjes.nl\",\"description\":\"Goedkope leuke uitjes zelf samen te stellen\",\"publisher\":{\"@id\":\"\\\/#organization\"},\"potentialAction\":[{\"@type\":\"SearchAction\",\"target\":{\"@type\":\"EntryPoint\",\"urlTemplate\":\"\\\/?s={search_term_string}\"},\"query-input\":{\"@type\":\"PropertyValueSpecification\",\"valueRequired\":true,\"valueName\":\"search_term_string\"}}],\"inLanguage\":\"nl-NL\"},{\"@type\":\"Organization\",\"@id\":\"\\\/#organization\",\"name\":\"Unieke Uitjes\",\"url\":\"\\\/\",\"logo\":{\"@type\":\"ImageObject\",\"inLanguage\":\"nl-NL\",\"@id\":\"\\\/#\\\/schema\\\/logo\\\/image\\\/\",\"url\":\"https:\\\/\\\/uniekeuitjes.nl\\\/wp-content\\\/uploads\\\/2019\\\/02\\\/site-login-logo.png\",\"contentUrl\":\"https:\\\/\\\/uniekeuitjes.nl\\\/wp-content\\\/uploads\\\/2019\\\/02\\\/site-login-logo.png\",\"width\":708,\"height\":345,\"caption\":\"Unieke Uitjes\"},\"image\":{\"@id\":\"\\\/#\\\/schema\\\/logo\\\/image\\\/\"},\"sameAs\":[\"https:\\\/\\\/www.facebook.com\\\/uniekeuitjes.nl\",\"https:\\\/\\\/www.instagram.com\\\/uniekeuitjes.nl\\\/\",\"https:\\\/\\\/www.linkedin.com\\\/company\\\/unieke-uitjes-nl\",\"https:\\\/\\\/www.youtube.com\\\/channel\\\/UCXwRXFWP_R0kxRAeL79FQfw\"]}]}<\/script>\n<!-- \/ Yoast SEO plugin. -->","yoast_head_json":{"title":"Erkl\u00e4rung zum Datenschutz - Uniekeuitjes.nl","robots":{"index":"index","follow":"follow","max-snippet":"max-snippet:-1","max-image-preview":"max-image-preview:large","max-video-preview":"max-video-preview:-1"},"canonical":"https:\/\/uniekeuitjes.nl\/de\/erklaerung-zum-datenschutz\/","og_locale":"nl_NL","og_type":"article","og_title":"Erkl\u00e4rung zum Datenschutz - Uniekeuitjes.nl","og_description":"Unique Outings mit Sitz in Laren ist verantwortlich f\u00fcr die Verarbeitung personenbezogener Daten, wie in dieser Datenschutzerkl\u00e4rung beschrieben. &nbsp; Kontaktinformationen: Einzigartige Ausfl\u00fcge Deventerweg 67C 7245 PJ Laren Gld info@uniekeuitjes.nl 0573-740004 &nbsp; &nbsp; Von uns verarbeitete personenbezogene Daten Unique Outings verarbeitet Ihre personenbezogenen Daten, weil Sie unsere Dienste in Anspruch nehmen und\/oder weil Sie sie uns [&hellip;]","og_url":"https:\/\/uniekeuitjes.nl\/de\/erklaerung-zum-datenschutz\/","og_site_name":"Uniekeuitjes.nl","article_publisher":"https:\/\/www.facebook.com\/uniekeuitjes.nl","twitter_card":"summary_large_image","twitter_misc":{"Geschatte leestijd":"2 minuten"},"schema":{"@context":"https:\/\/schema.org","@graph":[{"@type":"WebPage","@id":"https:\/\/uniekeuitjes.nl\/de\/erklaerung-zum-datenschutz\/","url":"https:\/\/uniekeuitjes.nl\/de\/erklaerung-zum-datenschutz\/","name":"Erkl\u00e4rung zum Datenschutz - Uniekeuitjes.nl","isPartOf":{"@id":"\/#website"},"datePublished":"2019-02-27T08:14:36+00:00","breadcrumb":{"@id":"https:\/\/uniekeuitjes.nl\/de\/erklaerung-zum-datenschutz\/#breadcrumb"},"inLanguage":"nl-NL","potentialAction":[{"@type":"ReadAction","target":["https:\/\/uniekeuitjes.nl\/de\/erklaerung-zum-datenschutz\/"]}]},{"@type":"BreadcrumbList","@id":"https:\/\/uniekeuitjes.nl\/de\/erklaerung-zum-datenschutz\/#breadcrumb","itemListElement":[{"@type":"ListItem","position":1,"name":"Home","item":"https:\/\/uniekeuitjes.nl\/de\/"},{"@type":"ListItem","position":2,"name":"Erkl\u00e4rung zum Datenschutz"}]},{"@type":"WebSite","@id":"\/#website","url":"\/","name":"Uniekeuitjes.nl","description":"Goedkope leuke uitjes zelf samen te stellen","publisher":{"@id":"\/#organization"},"potentialAction":[{"@type":"SearchAction","target":{"@type":"EntryPoint","urlTemplate":"\/?s={search_term_string}"},"query-input":{"@type":"PropertyValueSpecification","valueRequired":true,"valueName":"search_term_string"}}],"inLanguage":"nl-NL"},{"@type":"Organization","@id":"\/#organization","name":"Unieke Uitjes","url":"\/","logo":{"@type":"ImageObject","inLanguage":"nl-NL","@id":"\/#\/schema\/logo\/image\/","url":"https:\/\/uniekeuitjes.nl\/wp-content\/uploads\/2019\/02\/site-login-logo.png","contentUrl":"https:\/\/uniekeuitjes.nl\/wp-content\/uploads\/2019\/02\/site-login-logo.png","width":708,"height":345,"caption":"Unieke Uitjes"},"image":{"@id":"\/#\/schema\/logo\/image\/"},"sameAs":["https:\/\/www.facebook.com\/uniekeuitjes.nl","https:\/\/www.instagram.com\/uniekeuitjes.nl\/","https:\/\/www.linkedin.com\/company\/unieke-uitjes-nl","https:\/\/www.youtube.com\/channel\/UCXwRXFWP_R0kxRAeL79FQfw"]}]}},"_links":{"self":[{"href":"https:\/\/uniekeuitjes.nl\/de\/wp-json\/wp\/v2\/pages\/11766","targetHints":{"allow":["GET"]}}],"collection":[{"href":"https:\/\/uniekeuitjes.nl\/de\/wp-json\/wp\/v2\/pages"}],"about":[{"href":"https:\/\/uniekeuitjes.nl\/de\/wp-json\/wp\/v2\/types\/page"}],"author":[{"embeddable":true,"href":"https:\/\/uniekeuitjes.nl\/de\/wp-json\/wp\/v2\/users\/1"}],"replies":[{"embeddable":true,"href":"https:\/\/uniekeuitjes.nl\/de\/wp-json\/wp\/v2\/comments?post=11766"}],"version-history":[{"count":0,"href":"https:\/\/uniekeuitjes.nl\/de\/wp-json\/wp\/v2\/pages\/11766\/revisions"}],"wp:attachment":[{"href":"https:\/\/uniekeuitjes.nl\/de\/wp-json\/wp\/v2\/media?parent=11766"}],"wp:term":[{"taxonomy":"category","embeddable":true,"href":"https:\/\/uniekeuitjes.nl\/de\/wp-json\/wp\/v2\/categories?post=11766"}],"curies":[{"name":"wp","href":"https:\/\/api.w.org\/{rel}","templated":true}]}}