{"id":11768,"date":"2019-12-07T09:44:48","date_gmt":"2019-12-07T09:44:48","guid":{"rendered":"https:\/\/uniekeuitjes.nl\/ausfluege-in-loo\/"},"modified":"2019-12-07T09:44:48","modified_gmt":"2019-12-07T09:44:48","slug":"ausfluege-in-loo","status":"publish","type":"page","link":"https:\/\/uniekeuitjes.nl\/de\/ausfluege-in-loo\/","title":{"rendered":"Ausfl\u00fcge in Loo"},"content":{"rendered":"<h2>Ausfl\u00fcge in Loo<\/h2>\n<p>Ausfl\u00fcge auf dem Klo. In Loo (Gemeinde Deventer) bieten wir eine breite Palette von Ausfl\u00fcgen und Pauschalangeboten an. Sie k\u00f6nnen die wundersch\u00f6ne Umgebung mit unseren sch\u00f6nen <a href=\"https:\/\/uniekeuitjes.nl\/uitje\/tuktuk-huren\/\">Tuktuks<\/a>, <a href=\"https:\/\/uniekeuitjes.nl\/uitje\/elektrische-scooter-huren\/\">E-Choppern<\/a>, <a href=\"https:\/\/uniekeuitjes.nl\/uitje\/solex-huren\/\">Solexen<\/a>, etc. erkunden. Oder andere verschiedene Aktivit\u00e4ten vor Ort in Loo. Und nat\u00fcrlich k\u00f6nnen Sie dies mit einem leckeren Essen oder einem Drink in Loo verbinden. M\u00f6chten Sie mit einem unserer Transportfahrzeuge fahren? Sie k\u00f6nnen dies in der Halle von Unique Excursions oder vor Ort in Loo tun.<\/p>\n<p>&nbsp;<\/p>\n<h3>Wir arbeiten in Loo mit:<\/h3>\n<p><a href=\"https:\/\/restaurantloo.nl\/\">Restaurant Loo<\/a>:<\/p>\n<p>Das Restaurant Loo befindet sich in einer wundersch\u00f6nen Lage in Loo. Die Gastgeber und Frauen hei\u00dfen Sie herzlich willkommen und servieren Ihnen das k\u00f6stlichste Essen.<\/p>\n<h3><\/h3>\n<p>&nbsp;<\/p>\n<h4>Getr\u00e4nkepakete<\/h4>\n<p>4 Stunden unbegrenzte Getr\u00e4nke, wahlweise Bier, Softdrinks oder Wein<\/p>\n<p>0 bis 20 Personen 25 \u20ac pro Person<\/p>\n<p>20 bis 30 Personen 22,50 \u20ac pro Person<\/p>\n<p>30 bis 50 Personen 20 \u20ac pro Person<\/p>\n<h4><\/h4>\n<p>&nbsp;<\/p>\n<h4>Eintopf-Buffet<\/h4>\n<p>Sauerkraut, Gr\u00fcnkohl, Eintopf<\/p>\n<p>R\u00e4ucherwurst, Spareribs oder Bratwurst, Frikadelle in Bratenso\u00dfe, Speck, Hachee<br \/>\nVerschiedene Essiggurken, Senf und Piccalilli<\/p>\n<h4><\/h4>\n<p>&nbsp;<\/p>\n<h4>Basis-Buffet<\/h4>\n<p>Franz\u00f6sisches Brot mit Kr\u00e4uterbutter, russischer Salat, Lachssalat und Rindfleischsalat<\/p>\n<p>Beinschinken mit Honig-Senf-Sauce, Fleischb\u00e4llchen in Bratenso\u00dfe und H\u00e4hnchen-Satay mit Satay-Sauce.<\/p>\n<h4><\/h4>\n<p>&nbsp;<\/p>\n<h4>Luxus-Buffet<\/h4>\n<p>Burgunder Brotkorb mit Kr\u00e4uterbutter und verschiedenen Dips, frischer Obstsalat, Melone mit Rohschinken, Rohkostsalat, russischer Salat, Lachssalat und Rindfleischsalat<\/p>\n<p>Beinschinken mit Honig-Senf-Sauce, Fleischb\u00e4llchen in Bratenso\u00dfe, H\u00e4hnchen-Satay mit Satay-Sauce, vegetarisches Curry, frischer Fisch und k\u00f6stliche geschmorte Sukadelappen.<\/p>\n<h4><\/h4>\n<p>&nbsp;<\/p>\n<h4>Dessert-Buffet<\/h4>\n<p>Zwei Sorten Bavarois, frisches Obst, Schlagsahne und eine k\u00f6stliche Eistorte aus der Eisdiele.<\/p>\n<h3><\/h3>\n<p>&nbsp;<\/p>\n<h4>Runden mit verschiedenen Snacks<\/h4>\n<p>Niederl\u00e4ndische kalte Snacks: K\u00e4sew\u00fcrfel mit Senf, gef\u00fcllte Eier, verschiedene Wurstsorten, Gurken und Spargel in Schinken, Snacktomaten<br \/>\nWarme Snacks: Vorspeisen, H\u00e4hnchenspie\u00dfe<\/p>\n<p>&nbsp;<\/p>\n<p>&nbsp;<\/p>\n<p>&nbsp;<\/p>\n<h3>Einzigartige Ausfl\u00fcge<\/h3>\n<p>Von unserem Besuchsort aus k\u00f6nnen wir die folgenden individuellen Aktivit\u00e4ten anbieten (dies ist nur ein Auszug aus unserem Gesamtangebot). Auf Wunsch k\u00f6nnen wir auch pr\u00fcfen, was bei Ihnen vor Ort m\u00f6glich ist.<\/p>\n<ul>\n<li><span style=\"color: #0000ff;\"><a style=\"color: #0000ff;\" href=\"https:\/\/uniekeuitjes.nl\/uitje\/solex-huren-solexverhuur\/\">Solex mieten<\/a><\/span><\/li>\n<li><span style=\"color: #0000ff;\"><a style=\"color: #0000ff;\" href=\"https:\/\/uniekeuitjes.nl\/uitje\/echopper-huren\/\">E-Chopper fahren<\/a><\/span><\/li>\n<li><span style=\"color: #0000ff;\"><a style=\"color: #0000ff;\" href=\"https:\/\/uniekeuitjes.nl\/uitje\/tandem-cruiser\/\">Tandem-Touren<\/a><\/span><\/li>\n<li><span style=\"color: #0000ff;\"><a style=\"color: #0000ff;\" href=\"https:\/\/uniekeuitjes.nl\/uitje\/tuktuk-huren\/\">TukTuk&#8217;s<\/a> oder <a style=\"color: #0000ff;\" href=\"https:\/\/uniekeuitjes.nl\/uitje\/trigger-huren\/\">Trigger<\/a> fahren<\/span><\/li>\n<li><span style=\"color: #0000ff;\"><a style=\"color: #0000ff;\" href=\"https:\/\/uniekeuitjes.nl\/uitje\/skeltertreinen-groepsfietsen\/\">Skelter-Z\u00fcge<\/a><\/span><\/li>\n<li><span style=\"color: #0000ff;\"><a style=\"color: #0000ff;\" href=\"https:\/\/uniekeuitjes.nl\/uitje\/boog-en-kruisboog\/\">Bogenschie\u00dfen und Armbrustschie\u00dfen<\/a><\/span><\/li>\n<li><span style=\"color: #0000ff;\"><a style=\"color: #0000ff;\" href=\"https:\/\/uniekeuitjes.nl\/uitje\/buksschieten\/\">Schie\u00dfen mit Flinte oder Luftgewehr<\/a><\/span><\/li>\n<li><span style=\"color: #0000ff;\"><a style=\"color: #0000ff;\" href=\"https:\/\/uniekeuitjes.nl\/uitje\/schieten-met-5-wapensoorten\/\">Werkst\u00e4tten mit 5 Waffentypen<\/a><\/span><\/li>\n<li><span style=\"color: #0000ff;\">Sechs Camps, <a style=\"color: #0000ff;\" href=\"https:\/\/uniekeuitjes.nl\/uitje\/indoor-zeskamp\/\">drinnen<\/a> oder <a style=\"color: #0000ff;\" href=\"https:\/\/uniekeuitjes.nl\/uitje\/grote-zeskamp\/\">drau\u00dfen<\/a><\/span><\/li>\n<li><span style=\"color: #0000ff;\"><a style=\"color: #0000ff;\" href=\"https:\/\/uniekeuitjes.nl\/spelshows\/\">Spielshows<\/a> und <a style=\"color: #0000ff;\" href=\"https:\/\/uniekeuitjes.nl\/uitje\/casino-avond\/\">Casino-Abende<\/a><\/span><\/li>\n<li><span style=\"color: #0000ff;\">Ein <a style=\"color: #0000ff;\" href=\"https:\/\/uniekeuitjes.nl\/uitje\/pubquiz\/\">Kneipenquiz<\/a>, <a style=\"color: #0000ff;\" href=\"https:\/\/uniekeuitjes.nl\/uitje\/muziekquiz\/\">Musikquiz<\/a> oder <a style=\"color: #0000ff;\" href=\"https:\/\/uniekeuitjes.nl\/uitje\/bingoshow\/\">Bingo<\/a><\/span><\/li>\n<li><span style=\"color: #0000ff;\"><a style=\"color: #0000ff;\" href=\"https:\/\/uniekeuitjes.nl\/uitje\/straatgolf-of-boerengolf\/\">Bauerngolf<\/a> und <a style=\"color: #0000ff;\" href=\"https:\/\/uniekeuitjes.nl\/uitje\/klootschieten\/\">Bogenschie\u00dfen<\/a><\/span><\/li>\n<li><span style=\"color: #0000ff;\"><a style=\"color: #0000ff;\" href=\"https:\/\/uniekeuitjes.nl\/uitje\/indoor-en-outdoor-lasergamen-op-locatie\/\">Laser-Spiele<\/a><\/span><\/li>\n<\/ul>\n","protected":false},"excerpt":{"rendered":"<p>Ausfl\u00fcge in Loo Ausfl\u00fcge auf dem Klo. In Loo (Gemeinde Deventer) bieten wir eine breite Palette von Ausfl\u00fcgen und Pauschalangeboten an. Sie k\u00f6nnen die wundersch\u00f6ne Umgebung mit unseren sch\u00f6nen Tuktuks, E-Choppern, Solexen, etc. erkunden. Oder andere verschiedene Aktivit\u00e4ten vor Ort in Loo. Und nat\u00fcrlich k\u00f6nnen Sie dies mit einem leckeren Essen oder einem Drink in [&hellip;]<\/p>\n","protected":false},"author":2,"featured_media":11210,"parent":0,"menu_order":0,"comment_status":"closed","ping_status":"closed","template":"","meta":{"_acf_changed":false,"_monsterinsights_skip_tracking":false,"_monsterinsights_sitenote_active":false,"_monsterinsights_sitenote_note":"","_monsterinsights_sitenote_category":0,"footnotes":""},"categories":[73],"class_list":["post-11768","page","type-page","status-publish","has-post-thumbnail","hentry","category-zielseite"],"acf":[],"yoast_head":"<!-- This site is optimized with the Yoast SEO plugin v27.4 - https:\/\/yoast.com\/product\/yoast-seo-wordpress\/ -->\n<title>Ausfl\u00fcge in Loo - Uniekeuitjes.nl Verschiedene Aktivit\u00e4ten &amp; Ausfl\u00fcge<\/title>\n<meta name=\"description\" content=\"Auch in Loo bietet Unique Uitjes viele verschiedene Ausfl\u00fcge, Aktivit\u00e4ten und Transportmittel, um die Gegend zu erkunden.\" \/>\n<meta name=\"robots\" content=\"index, follow, max-snippet:-1, max-image-preview:large, max-video-preview:-1\" \/>\n<link rel=\"canonical\" href=\"https:\/\/uniekeuitjes.nl\/de\/ausfluege-in-loo\/\" \/>\n<meta property=\"og:locale\" content=\"nl_NL\" \/>\n<meta property=\"og:type\" content=\"article\" \/>\n<meta property=\"og:title\" content=\"Ausfl\u00fcge in Loo - Uniekeuitjes.nl Verschiedene Aktivit\u00e4ten &amp; Ausfl\u00fcge\" \/>\n<meta property=\"og:description\" content=\"Auch in Loo bietet Unique Uitjes viele verschiedene Ausfl\u00fcge, Aktivit\u00e4ten und Transportmittel, um die Gegend zu erkunden.\" \/>\n<meta property=\"og:url\" content=\"https:\/\/uniekeuitjes.nl\/de\/ausfluege-in-loo\/\" \/>\n<meta property=\"og:site_name\" content=\"Uniekeuitjes.nl\" \/>\n<meta property=\"article:publisher\" content=\"https:\/\/www.facebook.com\/uniekeuitjes.nl\" \/>\n<meta property=\"og:image\" content=\"https:\/\/uniekeuitjes.nl\/wp-content\/uploads\/2019\/12\/Restaurant-loo-2-1024x768.jpg\" \/>\n\t<meta property=\"og:image:width\" content=\"1024\" \/>\n\t<meta property=\"og:image:height\" content=\"768\" \/>\n\t<meta property=\"og:image:type\" content=\"image\/jpeg\" \/>\n<meta name=\"twitter:card\" content=\"summary_large_image\" \/>\n<meta name=\"twitter:label1\" content=\"Geschatte leestijd\" \/>\n\t<meta name=\"twitter:data1\" content=\"2 minuten\" \/>\n<script type=\"application\/ld+json\" class=\"yoast-schema-graph\">{\"@context\":\"https:\\\/\\\/schema.org\",\"@graph\":[{\"@type\":\"WebPage\",\"@id\":\"https:\\\/\\\/uniekeuitjes.nl\\\/de\\\/ausfluege-in-loo\\\/\",\"url\":\"https:\\\/\\\/uniekeuitjes.nl\\\/de\\\/ausfluege-in-loo\\\/\",\"name\":\"Ausfl\u00fcge in Loo - Uniekeuitjes.nl Verschiedene Aktivit\u00e4ten & Ausfl\u00fcge\",\"isPartOf\":{\"@id\":\"\\\/#website\"},\"primaryImageOfPage\":{\"@id\":\"https:\\\/\\\/uniekeuitjes.nl\\\/de\\\/ausfluege-in-loo\\\/#primaryimage\"},\"image\":{\"@id\":\"https:\\\/\\\/uniekeuitjes.nl\\\/de\\\/ausfluege-in-loo\\\/#primaryimage\"},\"thumbnailUrl\":\"https:\\\/\\\/uniekeuitjes.nl\\\/wp-content\\\/uploads\\\/2019\\\/12\\\/Restaurant-loo-2.jpg\",\"datePublished\":\"2019-12-07T09:44:48+00:00\",\"description\":\"Auch in Loo bietet Unique Uitjes viele verschiedene Ausfl\u00fcge, Aktivit\u00e4ten und Transportmittel, um die Gegend zu erkunden.\",\"breadcrumb\":{\"@id\":\"https:\\\/\\\/uniekeuitjes.nl\\\/de\\\/ausfluege-in-loo\\\/#breadcrumb\"},\"inLanguage\":\"nl-NL\",\"potentialAction\":[{\"@type\":\"ReadAction\",\"target\":[\"https:\\\/\\\/uniekeuitjes.nl\\\/de\\\/ausfluege-in-loo\\\/\"]}]},{\"@type\":\"ImageObject\",\"inLanguage\":\"nl-NL\",\"@id\":\"https:\\\/\\\/uniekeuitjes.nl\\\/de\\\/ausfluege-in-loo\\\/#primaryimage\",\"url\":\"https:\\\/\\\/uniekeuitjes.nl\\\/wp-content\\\/uploads\\\/2019\\\/12\\\/Restaurant-loo-2.jpg\",\"contentUrl\":\"https:\\\/\\\/uniekeuitjes.nl\\\/wp-content\\\/uploads\\\/2019\\\/12\\\/Restaurant-loo-2.jpg\",\"width\":4032,\"height\":3024},{\"@type\":\"BreadcrumbList\",\"@id\":\"https:\\\/\\\/uniekeuitjes.nl\\\/de\\\/ausfluege-in-loo\\\/#breadcrumb\",\"itemListElement\":[{\"@type\":\"ListItem\",\"position\":1,\"name\":\"Home\",\"item\":\"https:\\\/\\\/uniekeuitjes.nl\\\/de\\\/\"},{\"@type\":\"ListItem\",\"position\":2,\"name\":\"Ausfl\u00fcge in Loo\"}]},{\"@type\":\"WebSite\",\"@id\":\"\\\/#website\",\"url\":\"\\\/\",\"name\":\"Uniekeuitjes.nl\",\"description\":\"Goedkope leuke uitjes zelf samen te stellen\",\"publisher\":{\"@id\":\"\\\/#organization\"},\"potentialAction\":[{\"@type\":\"SearchAction\",\"target\":{\"@type\":\"EntryPoint\",\"urlTemplate\":\"\\\/?s={search_term_string}\"},\"query-input\":{\"@type\":\"PropertyValueSpecification\",\"valueRequired\":true,\"valueName\":\"search_term_string\"}}],\"inLanguage\":\"nl-NL\"},{\"@type\":\"Organization\",\"@id\":\"\\\/#organization\",\"name\":\"Unieke Uitjes\",\"url\":\"\\\/\",\"logo\":{\"@type\":\"ImageObject\",\"inLanguage\":\"nl-NL\",\"@id\":\"\\\/#\\\/schema\\\/logo\\\/image\\\/\",\"url\":\"https:\\\/\\\/uniekeuitjes.nl\\\/wp-content\\\/uploads\\\/2019\\\/02\\\/site-login-logo.png\",\"contentUrl\":\"https:\\\/\\\/uniekeuitjes.nl\\\/wp-content\\\/uploads\\\/2019\\\/02\\\/site-login-logo.png\",\"width\":708,\"height\":345,\"caption\":\"Unieke Uitjes\"},\"image\":{\"@id\":\"\\\/#\\\/schema\\\/logo\\\/image\\\/\"},\"sameAs\":[\"https:\\\/\\\/www.facebook.com\\\/uniekeuitjes.nl\",\"https:\\\/\\\/www.instagram.com\\\/uniekeuitjes.nl\\\/\",\"https:\\\/\\\/www.linkedin.com\\\/company\\\/unieke-uitjes-nl\",\"https:\\\/\\\/www.youtube.com\\\/channel\\\/UCXwRXFWP_R0kxRAeL79FQfw\"]}]}<\/script>\n<!-- \/ Yoast SEO plugin. -->","yoast_head_json":{"title":"Ausfl\u00fcge in Loo - Uniekeuitjes.nl Verschiedene Aktivit\u00e4ten & Ausfl\u00fcge","description":"Auch in Loo bietet Unique Uitjes viele verschiedene Ausfl\u00fcge, Aktivit\u00e4ten und Transportmittel, um die Gegend zu erkunden.","robots":{"index":"index","follow":"follow","max-snippet":"max-snippet:-1","max-image-preview":"max-image-preview:large","max-video-preview":"max-video-preview:-1"},"canonical":"https:\/\/uniekeuitjes.nl\/de\/ausfluege-in-loo\/","og_locale":"nl_NL","og_type":"article","og_title":"Ausfl\u00fcge in Loo - Uniekeuitjes.nl Verschiedene Aktivit\u00e4ten & Ausfl\u00fcge","og_description":"Auch in Loo bietet Unique Uitjes viele verschiedene Ausfl\u00fcge, Aktivit\u00e4ten und Transportmittel, um die Gegend zu erkunden.","og_url":"https:\/\/uniekeuitjes.nl\/de\/ausfluege-in-loo\/","og_site_name":"Uniekeuitjes.nl","article_publisher":"https:\/\/www.facebook.com\/uniekeuitjes.nl","og_image":[{"width":1024,"height":768,"url":"https:\/\/uniekeuitjes.nl\/wp-content\/uploads\/2019\/12\/Restaurant-loo-2-1024x768.jpg","type":"image\/jpeg"}],"twitter_card":"summary_large_image","twitter_misc":{"Geschatte leestijd":"2 minuten"},"schema":{"@context":"https:\/\/schema.org","@graph":[{"@type":"WebPage","@id":"https:\/\/uniekeuitjes.nl\/de\/ausfluege-in-loo\/","url":"https:\/\/uniekeuitjes.nl\/de\/ausfluege-in-loo\/","name":"Ausfl\u00fcge in Loo - Uniekeuitjes.nl Verschiedene Aktivit\u00e4ten & Ausfl\u00fcge","isPartOf":{"@id":"\/#website"},"primaryImageOfPage":{"@id":"https:\/\/uniekeuitjes.nl\/de\/ausfluege-in-loo\/#primaryimage"},"image":{"@id":"https:\/\/uniekeuitjes.nl\/de\/ausfluege-in-loo\/#primaryimage"},"thumbnailUrl":"https:\/\/uniekeuitjes.nl\/wp-content\/uploads\/2019\/12\/Restaurant-loo-2.jpg","datePublished":"2019-12-07T09:44:48+00:00","description":"Auch in Loo bietet Unique Uitjes viele verschiedene Ausfl\u00fcge, Aktivit\u00e4ten und Transportmittel, um die Gegend zu erkunden.","breadcrumb":{"@id":"https:\/\/uniekeuitjes.nl\/de\/ausfluege-in-loo\/#breadcrumb"},"inLanguage":"nl-NL","potentialAction":[{"@type":"ReadAction","target":["https:\/\/uniekeuitjes.nl\/de\/ausfluege-in-loo\/"]}]},{"@type":"ImageObject","inLanguage":"nl-NL","@id":"https:\/\/uniekeuitjes.nl\/de\/ausfluege-in-loo\/#primaryimage","url":"https:\/\/uniekeuitjes.nl\/wp-content\/uploads\/2019\/12\/Restaurant-loo-2.jpg","contentUrl":"https:\/\/uniekeuitjes.nl\/wp-content\/uploads\/2019\/12\/Restaurant-loo-2.jpg","width":4032,"height":3024},{"@type":"BreadcrumbList","@id":"https:\/\/uniekeuitjes.nl\/de\/ausfluege-in-loo\/#breadcrumb","itemListElement":[{"@type":"ListItem","position":1,"name":"Home","item":"https:\/\/uniekeuitjes.nl\/de\/"},{"@type":"ListItem","position":2,"name":"Ausfl\u00fcge in Loo"}]},{"@type":"WebSite","@id":"\/#website","url":"\/","name":"Uniekeuitjes.nl","description":"Goedkope leuke uitjes zelf samen te stellen","publisher":{"@id":"\/#organization"},"potentialAction":[{"@type":"SearchAction","target":{"@type":"EntryPoint","urlTemplate":"\/?s={search_term_string}"},"query-input":{"@type":"PropertyValueSpecification","valueRequired":true,"valueName":"search_term_string"}}],"inLanguage":"nl-NL"},{"@type":"Organization","@id":"\/#organization","name":"Unieke Uitjes","url":"\/","logo":{"@type":"ImageObject","inLanguage":"nl-NL","@id":"\/#\/schema\/logo\/image\/","url":"https:\/\/uniekeuitjes.nl\/wp-content\/uploads\/2019\/02\/site-login-logo.png","contentUrl":"https:\/\/uniekeuitjes.nl\/wp-content\/uploads\/2019\/02\/site-login-logo.png","width":708,"height":345,"caption":"Unieke Uitjes"},"image":{"@id":"\/#\/schema\/logo\/image\/"},"sameAs":["https:\/\/www.facebook.com\/uniekeuitjes.nl","https:\/\/www.instagram.com\/uniekeuitjes.nl\/","https:\/\/www.linkedin.com\/company\/unieke-uitjes-nl","https:\/\/www.youtube.com\/channel\/UCXwRXFWP_R0kxRAeL79FQfw"]}]}},"_links":{"self":[{"href":"https:\/\/uniekeuitjes.nl\/de\/wp-json\/wp\/v2\/pages\/11768","targetHints":{"allow":["GET"]}}],"collection":[{"href":"https:\/\/uniekeuitjes.nl\/de\/wp-json\/wp\/v2\/pages"}],"about":[{"href":"https:\/\/uniekeuitjes.nl\/de\/wp-json\/wp\/v2\/types\/page"}],"author":[{"embeddable":true,"href":"https:\/\/uniekeuitjes.nl\/de\/wp-json\/wp\/v2\/users\/2"}],"replies":[{"embeddable":true,"href":"https:\/\/uniekeuitjes.nl\/de\/wp-json\/wp\/v2\/comments?post=11768"}],"version-history":[{"count":0,"href":"https:\/\/uniekeuitjes.nl\/de\/wp-json\/wp\/v2\/pages\/11768\/revisions"}],"wp:featuredmedia":[{"embeddable":true,"href":"https:\/\/uniekeuitjes.nl\/de\/wp-json\/wp\/v2\/media\/11210"}],"wp:attachment":[{"href":"https:\/\/uniekeuitjes.nl\/de\/wp-json\/wp\/v2\/media?parent=11768"}],"wp:term":[{"taxonomy":"category","embeddable":true,"href":"https:\/\/uniekeuitjes.nl\/de\/wp-json\/wp\/v2\/categories?post=11768"}],"curies":[{"name":"wp","href":"https:\/\/api.w.org\/{rel}","templated":true}]}}