{"id":11772,"date":"2019-02-18T15:20:35","date_gmt":"2019-02-18T15:20:35","guid":{"rendered":"https:\/\/uniekeuitjes.nl\/ausfluege-in-zwiep\/"},"modified":"2019-02-18T15:20:35","modified_gmt":"2019-02-18T15:20:35","slug":"ausfluege-in-zwiep","status":"publish","type":"page","link":"https:\/\/uniekeuitjes.nl\/de\/ausfluege-in-zwiep\/","title":{"rendered":"Ausfl\u00fcge in Zwiep"},"content":{"rendered":"<h2>Ausfl\u00fcge in Zwiep<\/h2>\n<p>Unique Uitjes kann Ihnen sehr viele sch\u00f6ne Aktivit\u00e4ten und Ausfl\u00fcge in Zwiep und Umgebung anbieten. Wochenendausflug, Familientag oder Betriebsfeier und Sie haben noch keine sch\u00f6ne Tagesunterhaltung? Lassen Sie uns Ihnen helfen. Wir haben f\u00fcr jeden etwas dabei. Bei Bedarf liefern wir Ihnen alles an Ihren Standort. Alles ist m\u00f6glich. Alle Ausfl\u00fcge und Aktivit\u00e4ten finden Sie unter &#8220;Alle Ausfl\u00fcge&#8221; in der Men\u00fcleiste, um einen guten \u00dcberblick \u00fcber das Angebot von Unique Outings zu erhalten.<\/p>\n<p>&nbsp;<\/p>\n<p>&nbsp;<\/p>\n<h2>\u00dcber das Restaurant die Witte Wieven<\/h2>\n<p>Restaurant &amp; spelerij de Witte Wieven ist ein l\u00e4ndliches Restaurant mit viel eigenem Land, auf dem wir Aktivit\u00e4ten organisieren k\u00f6nnen.<br \/>\nKinder k\u00f6nnen eine tolle Zeit haben. Bei schlechtem Wetter haben wir ein Spielzimmer im Innenbereich, so dass Sie auch nach dem Essen noch etwas essen k\u00f6nnen. Bei sch\u00f6nem Wetter k\u00f6nnen sie sich drau\u00dfen auf dem ber\u00fchmten Steg \u00fcber das Wasser vergn\u00fcgen oder im Wald nachsehen, ob irgendwelche Hexen herumfliegen.<br \/>\nAu\u00dferdem gibt es eine Tierweide mit Esel, Schafen, L\u00e4mmern, einem Schwein und H\u00fchnern.<\/p>\n<p>&nbsp;<\/p>\n<p>&nbsp;<\/p>\n<h2>\u00dcber Zwiep<\/h2>\n<p>Zwiep ist ein kleines gelderl\u00e4ndisches Dorf in der Gemeinde Lochem. Eine der Attraktionen in Zwiep ist die Zwiepse Molen. Die M\u00fchle wurde im Jahr 1851 gebaut. Die M\u00fchle wurde wegen der schlechten Windverh\u00e4ltnisse mehrmals versetzt.<\/p>\n<p>&nbsp;<\/p>\n<p>&nbsp;<\/p>\n<h3>Einzigartige Ausfl\u00fcge<\/h3>\n<p>Von unserem Besuchsort aus k\u00f6nnen wir die folgenden individuellen Aktivit\u00e4ten anbieten (dies ist nur ein Auszug aus unserem Gesamtangebot). Auf Wunsch k\u00f6nnen wir auch pr\u00fcfen, was bei Ihnen vor Ort m\u00f6glich ist.<\/p>\n<ul>\n<li><a href=\"https:\/\/uniekeuitjes.nl\/uitje\/solex-huren-solexverhuur\/\">Solex mieten<\/a><\/li>\n<li><a href=\"https:\/\/uniekeuitjes.nl\/uitje\/echopper-huren\/\">E-Chopper fahren<\/a><\/li>\n<li><a href=\"https:\/\/uniekeuitjes.nl\/uitje\/tandem-cruiser\/\">Tandem-Touren<\/a><\/li>\n<li><a href=\"https:\/\/uniekeuitjes.nl\/uitje\/tuktuk-huren\/\">TukTuk&#8217;s<\/a> oder <a href=\"https:\/\/uniekeuitjes.nl\/uitje\/trigger-huren\/\">Trigger<\/a> fahren<\/li>\n<li><a href=\"https:\/\/uniekeuitjes.nl\/uitje\/skeltertreinen-groepsfietsen\/\">Skelter-Z\u00fcge<\/a><\/li>\n<li><a href=\"https:\/\/uniekeuitjes.nl\/uitje\/boog-en-kruisboog\/\">Bogenschie\u00dfen und Armbrustschie\u00dfen<\/a><\/li>\n<li><a href=\"https:\/\/uniekeuitjes.nl\/uitje\/buksschieten\/\">Schie\u00dfen mit Flinte oder Luftgewehr<\/a><\/li>\n<li><a href=\"https:\/\/uniekeuitjes.nl\/uitje\/schieten-met-5-wapensoorten\/\">Werkst\u00e4tten mit 5 Waffentypen<\/a><\/li>\n<li>Sechs Camps, <a href=\"https:\/\/uniekeuitjes.nl\/uitje\/indoor-zeskamp\/\">drinnen<\/a> oder <a href=\"https:\/\/uniekeuitjes.nl\/uitje\/grote-zeskamp\/\">drau\u00dfen<\/a><\/li>\n<li><a href=\"https:\/\/uniekeuitjes.nl\/spelshows\/\">Spielshows<\/a> und <a href=\"https:\/\/uniekeuitjes.nl\/uitje\/casino-avond\/\">Casino-Abende<\/a><\/li>\n<li>Ein <a href=\"https:\/\/uniekeuitjes.nl\/uitje\/pubquiz\/\">Kneipenquiz<\/a>, <a href=\"https:\/\/uniekeuitjes.nl\/uitje\/muziekquiz\/\">Musikquiz<\/a> oder <a href=\"https:\/\/uniekeuitjes.nl\/uitje\/bingoshow\/\">Bingo<\/a><\/li>\n<li><a href=\"https:\/\/uniekeuitjes.nl\/uitje\/straatgolf-of-boerengolf\/\">Bauerngolf<\/a> und <a href=\"https:\/\/uniekeuitjes.nl\/uitje\/klootschieten\/\">Bogenschie\u00dfen<\/a><\/li>\n<li><a href=\"https:\/\/uniekeuitjes.nl\/uitje\/indoor-en-outdoor-lasergamen-op-locatie\/\">Laser-Spiele<\/a><\/li>\n<\/ul>\n<p>&nbsp;<\/p>\n<p><a href=\"uniekeuitjes.nl\"><img loading=\"lazy\" decoding=\"async\" class=\"alignnone wp-image-377\" src=\"http:\/\/uniekeuitjes.nl\/wp-content\/uploads\/2019\/02\/site-login-logo.png\" alt=\"\" width=\"415\" height=\"202\" srcset=\"https:\/\/uniekeuitjes.nl\/wp-content\/uploads\/2019\/02\/site-login-logo.png 708w, https:\/\/uniekeuitjes.nl\/wp-content\/uploads\/2019\/02\/site-login-logo-300x146.png 300w, https:\/\/uniekeuitjes.nl\/wp-content\/uploads\/2019\/02\/site-login-logo-600x292.png 600w\" sizes=\"auto, (max-width: 415px) 100vw, 415px\" \/><\/a><\/p>\n","protected":false},"excerpt":{"rendered":"<p>Ausfl\u00fcge in Zwiep Unique Uitjes kann Ihnen sehr viele sch\u00f6ne Aktivit\u00e4ten und Ausfl\u00fcge in Zwiep und Umgebung anbieten. Wochenendausflug, Familientag oder Betriebsfeier und Sie haben noch keine sch\u00f6ne Tagesunterhaltung? Lassen Sie uns Ihnen helfen. Wir haben f\u00fcr jeden etwas dabei. Bei Bedarf liefern wir Ihnen alles an Ihren Standort. Alles ist m\u00f6glich. Alle Ausfl\u00fcge und [&hellip;]<\/p>\n","protected":false},"author":1,"featured_media":0,"parent":0,"menu_order":0,"comment_status":"closed","ping_status":"closed","template":"","meta":{"_acf_changed":false,"_monsterinsights_skip_tracking":false,"_monsterinsights_sitenote_active":false,"_monsterinsights_sitenote_note":"","_monsterinsights_sitenote_category":0,"footnotes":""},"categories":[73],"class_list":["post-11772","page","type-page","status-publish","hentry","category-zielseite"],"acf":[],"yoast_head":"<!-- This site is optimized with the Yoast SEO plugin v27.4 - https:\/\/yoast.com\/product\/yoast-seo-wordpress\/ -->\n<title>Ausfl\u00fcge in Zwiep - Verschiedene Aktivit\u00e4ten &amp; Ausfl\u00fcge in Zwiep<\/title>\n<meta name=\"description\" content=\"Nat\u00fcrlich ist Unique Excursions auch in Zwiep aktiv. Wir bieten verschiedene Ausfl\u00fcge, Aktivit\u00e4ten und Pakete an, so dass f\u00fcr jeden etwas dabei ist.\" \/>\n<meta name=\"robots\" content=\"index, follow, max-snippet:-1, max-image-preview:large, max-video-preview:-1\" \/>\n<link rel=\"canonical\" href=\"https:\/\/uniekeuitjes.nl\/de\/ausfluege-in-zwiep\/\" \/>\n<meta property=\"og:locale\" content=\"nl_NL\" \/>\n<meta property=\"og:type\" content=\"article\" \/>\n<meta property=\"og:title\" content=\"Ausfl\u00fcge in Zwiep - Verschiedene Aktivit\u00e4ten &amp; Ausfl\u00fcge in Zwiep\" \/>\n<meta property=\"og:description\" content=\"Nat\u00fcrlich ist Unique Excursions auch in Zwiep aktiv. Wir bieten verschiedene Ausfl\u00fcge, Aktivit\u00e4ten und Pakete an, so dass f\u00fcr jeden etwas dabei ist.\" \/>\n<meta property=\"og:url\" content=\"https:\/\/uniekeuitjes.nl\/de\/ausfluege-in-zwiep\/\" \/>\n<meta property=\"og:site_name\" content=\"Uniekeuitjes.nl\" \/>\n<meta property=\"article:publisher\" content=\"https:\/\/www.facebook.com\/uniekeuitjes.nl\" \/>\n<meta property=\"og:image\" content=\"http:\/\/uniekeuitjes.nl\/wp-content\/uploads\/2019\/02\/site-login-logo.png\" \/>\n<meta name=\"twitter:card\" content=\"summary_large_image\" \/>\n<meta name=\"twitter:label1\" content=\"Geschatte leestijd\" \/>\n\t<meta name=\"twitter:data1\" content=\"2 minuten\" \/>\n<script type=\"application\/ld+json\" class=\"yoast-schema-graph\">{\"@context\":\"https:\\\/\\\/schema.org\",\"@graph\":[{\"@type\":\"WebPage\",\"@id\":\"https:\\\/\\\/uniekeuitjes.nl\\\/de\\\/ausfluege-in-zwiep\\\/\",\"url\":\"https:\\\/\\\/uniekeuitjes.nl\\\/de\\\/ausfluege-in-zwiep\\\/\",\"name\":\"Ausfl\u00fcge in Zwiep - Verschiedene Aktivit\u00e4ten & Ausfl\u00fcge in Zwiep\",\"isPartOf\":{\"@id\":\"\\\/#website\"},\"primaryImageOfPage\":{\"@id\":\"https:\\\/\\\/uniekeuitjes.nl\\\/de\\\/ausfluege-in-zwiep\\\/#primaryimage\"},\"image\":{\"@id\":\"https:\\\/\\\/uniekeuitjes.nl\\\/de\\\/ausfluege-in-zwiep\\\/#primaryimage\"},\"thumbnailUrl\":\"http:\\\/\\\/uniekeuitjes.nl\\\/wp-content\\\/uploads\\\/2019\\\/02\\\/site-login-logo.png\",\"datePublished\":\"2019-02-18T15:20:35+00:00\",\"description\":\"Nat\u00fcrlich ist Unique Excursions auch in Zwiep aktiv. Wir bieten verschiedene Ausfl\u00fcge, Aktivit\u00e4ten und Pakete an, so dass f\u00fcr jeden etwas dabei ist.\",\"breadcrumb\":{\"@id\":\"https:\\\/\\\/uniekeuitjes.nl\\\/de\\\/ausfluege-in-zwiep\\\/#breadcrumb\"},\"inLanguage\":\"nl-NL\",\"potentialAction\":[{\"@type\":\"ReadAction\",\"target\":[\"https:\\\/\\\/uniekeuitjes.nl\\\/de\\\/ausfluege-in-zwiep\\\/\"]}]},{\"@type\":\"ImageObject\",\"inLanguage\":\"nl-NL\",\"@id\":\"https:\\\/\\\/uniekeuitjes.nl\\\/de\\\/ausfluege-in-zwiep\\\/#primaryimage\",\"url\":\"http:\\\/\\\/uniekeuitjes.nl\\\/wp-content\\\/uploads\\\/2019\\\/02\\\/site-login-logo.png\",\"contentUrl\":\"http:\\\/\\\/uniekeuitjes.nl\\\/wp-content\\\/uploads\\\/2019\\\/02\\\/site-login-logo.png\"},{\"@type\":\"BreadcrumbList\",\"@id\":\"https:\\\/\\\/uniekeuitjes.nl\\\/de\\\/ausfluege-in-zwiep\\\/#breadcrumb\",\"itemListElement\":[{\"@type\":\"ListItem\",\"position\":1,\"name\":\"Home\",\"item\":\"https:\\\/\\\/uniekeuitjes.nl\\\/de\\\/\"},{\"@type\":\"ListItem\",\"position\":2,\"name\":\"Ausfl\u00fcge in Zwiep\"}]},{\"@type\":\"WebSite\",\"@id\":\"\\\/#website\",\"url\":\"\\\/\",\"name\":\"Uniekeuitjes.nl\",\"description\":\"Goedkope leuke uitjes zelf samen te stellen\",\"publisher\":{\"@id\":\"\\\/#organization\"},\"potentialAction\":[{\"@type\":\"SearchAction\",\"target\":{\"@type\":\"EntryPoint\",\"urlTemplate\":\"\\\/?s={search_term_string}\"},\"query-input\":{\"@type\":\"PropertyValueSpecification\",\"valueRequired\":true,\"valueName\":\"search_term_string\"}}],\"inLanguage\":\"nl-NL\"},{\"@type\":\"Organization\",\"@id\":\"\\\/#organization\",\"name\":\"Unieke Uitjes\",\"url\":\"\\\/\",\"logo\":{\"@type\":\"ImageObject\",\"inLanguage\":\"nl-NL\",\"@id\":\"\\\/#\\\/schema\\\/logo\\\/image\\\/\",\"url\":\"https:\\\/\\\/uniekeuitjes.nl\\\/wp-content\\\/uploads\\\/2019\\\/02\\\/site-login-logo.png\",\"contentUrl\":\"https:\\\/\\\/uniekeuitjes.nl\\\/wp-content\\\/uploads\\\/2019\\\/02\\\/site-login-logo.png\",\"width\":708,\"height\":345,\"caption\":\"Unieke Uitjes\"},\"image\":{\"@id\":\"\\\/#\\\/schema\\\/logo\\\/image\\\/\"},\"sameAs\":[\"https:\\\/\\\/www.facebook.com\\\/uniekeuitjes.nl\",\"https:\\\/\\\/www.instagram.com\\\/uniekeuitjes.nl\\\/\",\"https:\\\/\\\/www.linkedin.com\\\/company\\\/unieke-uitjes-nl\",\"https:\\\/\\\/www.youtube.com\\\/channel\\\/UCXwRXFWP_R0kxRAeL79FQfw\"]}]}<\/script>\n<!-- \/ Yoast SEO plugin. -->","yoast_head_json":{"title":"Ausfl\u00fcge in Zwiep - Verschiedene Aktivit\u00e4ten & Ausfl\u00fcge in Zwiep","description":"Nat\u00fcrlich ist Unique Excursions auch in Zwiep aktiv. Wir bieten verschiedene Ausfl\u00fcge, Aktivit\u00e4ten und Pakete an, so dass f\u00fcr jeden etwas dabei ist.","robots":{"index":"index","follow":"follow","max-snippet":"max-snippet:-1","max-image-preview":"max-image-preview:large","max-video-preview":"max-video-preview:-1"},"canonical":"https:\/\/uniekeuitjes.nl\/de\/ausfluege-in-zwiep\/","og_locale":"nl_NL","og_type":"article","og_title":"Ausfl\u00fcge in Zwiep - Verschiedene Aktivit\u00e4ten & Ausfl\u00fcge in Zwiep","og_description":"Nat\u00fcrlich ist Unique Excursions auch in Zwiep aktiv. Wir bieten verschiedene Ausfl\u00fcge, Aktivit\u00e4ten und Pakete an, so dass f\u00fcr jeden etwas dabei ist.","og_url":"https:\/\/uniekeuitjes.nl\/de\/ausfluege-in-zwiep\/","og_site_name":"Uniekeuitjes.nl","article_publisher":"https:\/\/www.facebook.com\/uniekeuitjes.nl","og_image":[{"url":"http:\/\/uniekeuitjes.nl\/wp-content\/uploads\/2019\/02\/site-login-logo.png","type":"","width":"","height":""}],"twitter_card":"summary_large_image","twitter_misc":{"Geschatte leestijd":"2 minuten"},"schema":{"@context":"https:\/\/schema.org","@graph":[{"@type":"WebPage","@id":"https:\/\/uniekeuitjes.nl\/de\/ausfluege-in-zwiep\/","url":"https:\/\/uniekeuitjes.nl\/de\/ausfluege-in-zwiep\/","name":"Ausfl\u00fcge in Zwiep - Verschiedene Aktivit\u00e4ten & Ausfl\u00fcge in Zwiep","isPartOf":{"@id":"\/#website"},"primaryImageOfPage":{"@id":"https:\/\/uniekeuitjes.nl\/de\/ausfluege-in-zwiep\/#primaryimage"},"image":{"@id":"https:\/\/uniekeuitjes.nl\/de\/ausfluege-in-zwiep\/#primaryimage"},"thumbnailUrl":"http:\/\/uniekeuitjes.nl\/wp-content\/uploads\/2019\/02\/site-login-logo.png","datePublished":"2019-02-18T15:20:35+00:00","description":"Nat\u00fcrlich ist Unique Excursions auch in Zwiep aktiv. Wir bieten verschiedene Ausfl\u00fcge, Aktivit\u00e4ten und Pakete an, so dass f\u00fcr jeden etwas dabei ist.","breadcrumb":{"@id":"https:\/\/uniekeuitjes.nl\/de\/ausfluege-in-zwiep\/#breadcrumb"},"inLanguage":"nl-NL","potentialAction":[{"@type":"ReadAction","target":["https:\/\/uniekeuitjes.nl\/de\/ausfluege-in-zwiep\/"]}]},{"@type":"ImageObject","inLanguage":"nl-NL","@id":"https:\/\/uniekeuitjes.nl\/de\/ausfluege-in-zwiep\/#primaryimage","url":"http:\/\/uniekeuitjes.nl\/wp-content\/uploads\/2019\/02\/site-login-logo.png","contentUrl":"http:\/\/uniekeuitjes.nl\/wp-content\/uploads\/2019\/02\/site-login-logo.png"},{"@type":"BreadcrumbList","@id":"https:\/\/uniekeuitjes.nl\/de\/ausfluege-in-zwiep\/#breadcrumb","itemListElement":[{"@type":"ListItem","position":1,"name":"Home","item":"https:\/\/uniekeuitjes.nl\/de\/"},{"@type":"ListItem","position":2,"name":"Ausfl\u00fcge in Zwiep"}]},{"@type":"WebSite","@id":"\/#website","url":"\/","name":"Uniekeuitjes.nl","description":"Goedkope leuke uitjes zelf samen te stellen","publisher":{"@id":"\/#organization"},"potentialAction":[{"@type":"SearchAction","target":{"@type":"EntryPoint","urlTemplate":"\/?s={search_term_string}"},"query-input":{"@type":"PropertyValueSpecification","valueRequired":true,"valueName":"search_term_string"}}],"inLanguage":"nl-NL"},{"@type":"Organization","@id":"\/#organization","name":"Unieke Uitjes","url":"\/","logo":{"@type":"ImageObject","inLanguage":"nl-NL","@id":"\/#\/schema\/logo\/image\/","url":"https:\/\/uniekeuitjes.nl\/wp-content\/uploads\/2019\/02\/site-login-logo.png","contentUrl":"https:\/\/uniekeuitjes.nl\/wp-content\/uploads\/2019\/02\/site-login-logo.png","width":708,"height":345,"caption":"Unieke Uitjes"},"image":{"@id":"\/#\/schema\/logo\/image\/"},"sameAs":["https:\/\/www.facebook.com\/uniekeuitjes.nl","https:\/\/www.instagram.com\/uniekeuitjes.nl\/","https:\/\/www.linkedin.com\/company\/unieke-uitjes-nl","https:\/\/www.youtube.com\/channel\/UCXwRXFWP_R0kxRAeL79FQfw"]}]}},"_links":{"self":[{"href":"https:\/\/uniekeuitjes.nl\/de\/wp-json\/wp\/v2\/pages\/11772","targetHints":{"allow":["GET"]}}],"collection":[{"href":"https:\/\/uniekeuitjes.nl\/de\/wp-json\/wp\/v2\/pages"}],"about":[{"href":"https:\/\/uniekeuitjes.nl\/de\/wp-json\/wp\/v2\/types\/page"}],"author":[{"embeddable":true,"href":"https:\/\/uniekeuitjes.nl\/de\/wp-json\/wp\/v2\/users\/1"}],"replies":[{"embeddable":true,"href":"https:\/\/uniekeuitjes.nl\/de\/wp-json\/wp\/v2\/comments?post=11772"}],"version-history":[{"count":0,"href":"https:\/\/uniekeuitjes.nl\/de\/wp-json\/wp\/v2\/pages\/11772\/revisions"}],"wp:attachment":[{"href":"https:\/\/uniekeuitjes.nl\/de\/wp-json\/wp\/v2\/media?parent=11772"}],"wp:term":[{"taxonomy":"category","embeddable":true,"href":"https:\/\/uniekeuitjes.nl\/de\/wp-json\/wp\/v2\/categories?post=11772"}],"curies":[{"name":"wp","href":"https:\/\/api.w.org\/{rel}","templated":true}]}}