{"id":11777,"date":"2019-12-30T12:18:32","date_gmt":"2019-12-30T12:18:32","guid":{"rendered":"https:\/\/uniekeuitjes.nl\/aktivitaeten-und-ausfluege-in-twente\/"},"modified":"2019-12-30T12:18:32","modified_gmt":"2019-12-30T12:18:32","slug":"aktivitaeten-und-ausfluege-in-twente","status":"publish","type":"page","link":"https:\/\/uniekeuitjes.nl\/de\/aktivitaeten-und-ausfluege-in-twente\/","title":{"rendered":"Aktivit\u00e4ten und Ausfl\u00fcge in Twente"},"content":{"rendered":"<h2>Aktivit\u00e4ten und Ausfl\u00fcge in Twente<\/h2>\n<p>Aktivit\u00e4ten und Ausfl\u00fcge in Twente d\u00fcrfen bei Unique Outings nat\u00fcrlich nicht fehlen. Die Region Twente besteht aus 14 verschiedenen Overijssel-Gemeinden, in denen insgesamt etwa 626.000 Menschen leben. Obwohl der Name und die eigene Kultur der Region viel \u00e4lter sind, wurde die Region Twente erst 1994 gegr\u00fcndet. Sie geh\u00f6rt zu einer der sieben Stadtregionen der Niederlande und hat Besuchern und Einwohnern gleicherma\u00dfen viel zu bieten.<br \/>\nNeben den gro\u00dfen St\u00e4dten wie Almelo, Hengelo und Enschede gibt es in Twente auch eine wundersch\u00f6ne Umgebung mit vielen Naturgebieten, Fl\u00fcssen und W\u00e4ldern.<\/p>\n<p>&nbsp;<\/p>\n<p>&nbsp;<\/p>\n<h2>Was bieten wir in der Region Twente?<\/h2>\n<p>Wir bieten verschiedene Ausfl\u00fcge und Aktivit\u00e4ten in Twente an. Auch eine Kanufahrt in der Region Twente ist kein Problem. Weitere Informationen \u00fcber gute Paddelpl\u00e4tze und die besten Bootsrouten finden Sie auf der Website von <a href=\"http:\/\/kanoverhuuroost.nl\/vaarroutes\/index.html\">Kanoverhuur Oost<\/a>. Au\u00dferdem k\u00f6nnen Sie Twente mit einem unserer zahlreichen Verkehrsmittel erkunden. Das macht Ihre Reise durch die sch\u00f6ne Region noch angenehmer. Die Transportmittel, die wir in Twente anbieten:<\/p>\n<ul>\n<li><a href=\"https:\/\/uniekeuitjes.nl\/uitje\/echopper-elektrische-scooter-huren\/\">E-Choppers<\/a><\/li>\n<li><a href=\"https:\/\/uniekeuitjes.nl\/uitje\/solex-huren\/\">Solexes<\/a><\/li>\n<li><a href=\"https:\/\/uniekeuitjes.nl\/uitje\/trigger-huren\/\">Ausl\u00f6ser<\/a><\/li>\n<li><a href=\"https:\/\/uniekeuitjes.nl\/uitje\/tandem-cruiser\/\">Tandems<\/a><\/li>\n<li><a href=\"https:\/\/uniekeuitjes.nl\/uitje\/tuktuk-huren\/\">TukTuk&#8217;s<\/a><\/li>\n<li><a href=\"https:\/\/uniekeuitjes.nl\/uitje\/elektrische-step\/\">E-Schritte<\/a><\/li>\n<\/ul>\n<p>&nbsp;<\/p>\n<h3>Spielshows<\/h3>\n<p>Wir k\u00f6nnen auch verschiedene Spielshows in Twente anbieten, nat\u00fcrlich unter der Leitung eines professionellen F\u00fchrers. Die folgenden Spielshows werden von uns in der Region Twente angeboten:<\/p>\n<ul>\n<li><a href=\"https:\/\/uniekeuitjes.nl\/uitje\/muziek-bingo\/\">Musik-Bingo<\/a><\/li>\n<li><a href=\"https:\/\/uniekeuitjes.nl\/uitje\/muziekquiz\/\">Musik-Quiz<\/a><\/li>\n<li><a href=\"https:\/\/uniekeuitjes.nl\/uitje\/pubquiz\/\">Kneipenquiz<\/a><\/li>\n<li><a href=\"https:\/\/uniekeuitjes.nl\/uitje\/jongens-vs-de-meisjes\/\">Jungen gegen M\u00e4dchen<\/a><\/li>\n<li><a href=\"https:\/\/uniekeuitjes.nl\/uitje\/ik-hou-van-holland\/\">Ik Hou Van Holland<\/a><\/li>\n<li><a href=\"https:\/\/uniekeuitjes.nl\/uitje\/bingoshow\/\">Bingo-Show<\/a><\/li>\n<li><a href=\"https:\/\/uniekeuitjes.nl\/uitje\/casino-avond\/\">Casino-Nacht<\/a><\/li>\n<\/ul>\n<p>Diese Spielshows werden zweifelsohne f\u00fcr einen unvergesslichen Tag sorgen.<\/p>\n<p>&nbsp;<\/p>\n<h3>Schie\u00dfen<\/h3>\n<p>Auch das Schie\u00dfen mit unseren verschiedenen Waffen ist in Twente m\u00f6glich. Dies kann nat\u00fcrlich nur an einem sicheren Ort geschehen. Wir haben mehrere Waffentypen, darunter:<\/p>\n<ul>\n<li>Handbogen<\/li>\n<li>Armbrust<\/li>\n<li>Blasrohr<\/li>\n<li>Waffe<\/li>\n<li>Luftpistole<\/li>\n<li>Laser-Spiele<\/li>\n<\/ul>\n<p>Wir bieten auch ein Paket an, das das Schie\u00dfen mit 5 verschiedenen Waffentypen erm\u00f6glicht. Alles \u00fcber dieses Paket finden Sie auf <a href=\"https:\/\/uniekeuitjes.nl\/uitje\/scherpschutters-arrangement\/\">dieser<\/a> Seite.<\/p>\n<p>&nbsp;<\/p>\n<p><img loading=\"lazy\" decoding=\"async\" class=\"wp-image-1676 size-large\" src=\"http:\/\/uniekeuitjes.nl\/wp-content\/uploads\/2019\/12\/collage-met-logo-1024x420.jpg\" alt=\"Ausfl\u00fcge in Twente\" width=\"1024\" height=\"420\" srcset=\"https:\/\/uniekeuitjes.nl\/wp-content\/uploads\/2019\/12\/collage-met-logo-scaled.jpg 1024w, https:\/\/uniekeuitjes.nl\/wp-content\/uploads\/2019\/12\/collage-met-logo-300x123.jpg 300w, https:\/\/uniekeuitjes.nl\/wp-content\/uploads\/2019\/12\/collage-met-logo-768x315.jpg 768w, https:\/\/uniekeuitjes.nl\/wp-content\/uploads\/2019\/12\/collage-met-logo-1536x630.jpg 1536w, https:\/\/uniekeuitjes.nl\/wp-content\/uploads\/2019\/12\/collage-met-logo-2048x840.jpg 2048w, https:\/\/uniekeuitjes.nl\/wp-content\/uploads\/2019\/12\/collage-met-logo-600x246.jpg 600w\" sizes=\"auto, (max-width: 1024px) 100vw, 1024px\" \/><\/p>\n<p>&nbsp;<\/p>\n<p>&nbsp;<\/p>\n","protected":false},"excerpt":{"rendered":"<p>Aktivit\u00e4ten und Ausfl\u00fcge in Twente Aktivit\u00e4ten und Ausfl\u00fcge in Twente d\u00fcrfen bei Unique Outings nat\u00fcrlich nicht fehlen. Die Region Twente besteht aus 14 verschiedenen Overijssel-Gemeinden, in denen insgesamt etwa 626.000 Menschen leben. Obwohl der Name und die eigene Kultur der Region viel \u00e4lter sind, wurde die Region Twente erst 1994 gegr\u00fcndet. Sie geh\u00f6rt zu einer [&hellip;]<\/p>\n","protected":false},"author":2,"featured_media":0,"parent":0,"menu_order":0,"comment_status":"closed","ping_status":"closed","template":"","meta":{"_acf_changed":false,"_monsterinsights_skip_tracking":false,"_monsterinsights_sitenote_active":false,"_monsterinsights_sitenote_note":"","_monsterinsights_sitenote_category":0,"footnotes":""},"categories":[73],"class_list":["post-11777","page","type-page","status-publish","hentry","category-zielseite"],"acf":[],"yoast_head":"<!-- This site is optimized with the Yoast SEO plugin v27.4 - https:\/\/yoast.com\/product\/yoast-seo-wordpress\/ -->\n<title>Aktivit\u00e4ten und Ausfl\u00fcge in Twente - Uniekeuitjes.nl Verschiedene Ausfl\u00fcge und Aktivit\u00e4ten<\/title>\n<meta name=\"description\" content=\"Aktivit\u00e4ten und Ausfl\u00fcge in Twente. Nat\u00fcrlich darf diese Region unter den \u00fcbrigen Regionen, in denen wir verschiedene Ausfl\u00fcge und Aktivit\u00e4ten anbieten, nicht fehlen.\" \/>\n<meta name=\"robots\" content=\"index, follow, max-snippet:-1, max-image-preview:large, max-video-preview:-1\" \/>\n<link rel=\"canonical\" href=\"https:\/\/uniekeuitjes.nl\/de\/aktivitaeten-und-ausfluege-in-twente\/\" \/>\n<meta property=\"og:locale\" content=\"nl_NL\" \/>\n<meta property=\"og:type\" content=\"article\" \/>\n<meta property=\"og:title\" content=\"Aktivit\u00e4ten und Ausfl\u00fcge in Twente - Uniekeuitjes.nl Verschiedene Ausfl\u00fcge und Aktivit\u00e4ten\" \/>\n<meta property=\"og:description\" content=\"Aktivit\u00e4ten und Ausfl\u00fcge in Twente. Nat\u00fcrlich darf diese Region unter den \u00fcbrigen Regionen, in denen wir verschiedene Ausfl\u00fcge und Aktivit\u00e4ten anbieten, nicht fehlen.\" \/>\n<meta property=\"og:url\" content=\"https:\/\/uniekeuitjes.nl\/de\/aktivitaeten-und-ausfluege-in-twente\/\" \/>\n<meta property=\"og:site_name\" content=\"Uniekeuitjes.nl\" \/>\n<meta property=\"article:publisher\" content=\"https:\/\/www.facebook.com\/uniekeuitjes.nl\" \/>\n<meta property=\"og:image\" content=\"http:\/\/uniekeuitjes.nl\/wp-content\/uploads\/2019\/12\/collage-met-logo-1024x420.jpg\" \/>\n<meta name=\"twitter:card\" content=\"summary_large_image\" \/>\n<meta name=\"twitter:label1\" content=\"Geschatte leestijd\" \/>\n\t<meta name=\"twitter:data1\" content=\"2 minuten\" \/>\n<script type=\"application\/ld+json\" class=\"yoast-schema-graph\">{\"@context\":\"https:\\\/\\\/schema.org\",\"@graph\":[{\"@type\":\"WebPage\",\"@id\":\"https:\\\/\\\/uniekeuitjes.nl\\\/de\\\/aktivitaeten-und-ausfluege-in-twente\\\/\",\"url\":\"https:\\\/\\\/uniekeuitjes.nl\\\/de\\\/aktivitaeten-und-ausfluege-in-twente\\\/\",\"name\":\"Aktivit\u00e4ten und Ausfl\u00fcge in Twente - Uniekeuitjes.nl Verschiedene Ausfl\u00fcge und Aktivit\u00e4ten\",\"isPartOf\":{\"@id\":\"\\\/#website\"},\"primaryImageOfPage\":{\"@id\":\"https:\\\/\\\/uniekeuitjes.nl\\\/de\\\/aktivitaeten-und-ausfluege-in-twente\\\/#primaryimage\"},\"image\":{\"@id\":\"https:\\\/\\\/uniekeuitjes.nl\\\/de\\\/aktivitaeten-und-ausfluege-in-twente\\\/#primaryimage\"},\"thumbnailUrl\":\"http:\\\/\\\/uniekeuitjes.nl\\\/wp-content\\\/uploads\\\/2019\\\/12\\\/collage-met-logo-1024x420.jpg\",\"datePublished\":\"2019-12-30T12:18:32+00:00\",\"description\":\"Aktivit\u00e4ten und Ausfl\u00fcge in Twente. Nat\u00fcrlich darf diese Region unter den \u00fcbrigen Regionen, in denen wir verschiedene Ausfl\u00fcge und Aktivit\u00e4ten anbieten, nicht fehlen.\",\"breadcrumb\":{\"@id\":\"https:\\\/\\\/uniekeuitjes.nl\\\/de\\\/aktivitaeten-und-ausfluege-in-twente\\\/#breadcrumb\"},\"inLanguage\":\"nl-NL\",\"potentialAction\":[{\"@type\":\"ReadAction\",\"target\":[\"https:\\\/\\\/uniekeuitjes.nl\\\/de\\\/aktivitaeten-und-ausfluege-in-twente\\\/\"]}]},{\"@type\":\"ImageObject\",\"inLanguage\":\"nl-NL\",\"@id\":\"https:\\\/\\\/uniekeuitjes.nl\\\/de\\\/aktivitaeten-und-ausfluege-in-twente\\\/#primaryimage\",\"url\":\"http:\\\/\\\/uniekeuitjes.nl\\\/wp-content\\\/uploads\\\/2019\\\/12\\\/collage-met-logo-1024x420.jpg\",\"contentUrl\":\"http:\\\/\\\/uniekeuitjes.nl\\\/wp-content\\\/uploads\\\/2019\\\/12\\\/collage-met-logo-1024x420.jpg\"},{\"@type\":\"BreadcrumbList\",\"@id\":\"https:\\\/\\\/uniekeuitjes.nl\\\/de\\\/aktivitaeten-und-ausfluege-in-twente\\\/#breadcrumb\",\"itemListElement\":[{\"@type\":\"ListItem\",\"position\":1,\"name\":\"Home\",\"item\":\"https:\\\/\\\/uniekeuitjes.nl\\\/de\\\/\"},{\"@type\":\"ListItem\",\"position\":2,\"name\":\"Aktivit\u00e4ten und Ausfl\u00fcge in Twente\"}]},{\"@type\":\"WebSite\",\"@id\":\"\\\/#website\",\"url\":\"\\\/\",\"name\":\"Uniekeuitjes.nl\",\"description\":\"Goedkope leuke uitjes zelf samen te stellen\",\"publisher\":{\"@id\":\"\\\/#organization\"},\"potentialAction\":[{\"@type\":\"SearchAction\",\"target\":{\"@type\":\"EntryPoint\",\"urlTemplate\":\"\\\/?s={search_term_string}\"},\"query-input\":{\"@type\":\"PropertyValueSpecification\",\"valueRequired\":true,\"valueName\":\"search_term_string\"}}],\"inLanguage\":\"nl-NL\"},{\"@type\":\"Organization\",\"@id\":\"\\\/#organization\",\"name\":\"Unieke Uitjes\",\"url\":\"\\\/\",\"logo\":{\"@type\":\"ImageObject\",\"inLanguage\":\"nl-NL\",\"@id\":\"\\\/#\\\/schema\\\/logo\\\/image\\\/\",\"url\":\"https:\\\/\\\/uniekeuitjes.nl\\\/wp-content\\\/uploads\\\/2019\\\/02\\\/site-login-logo.png\",\"contentUrl\":\"https:\\\/\\\/uniekeuitjes.nl\\\/wp-content\\\/uploads\\\/2019\\\/02\\\/site-login-logo.png\",\"width\":708,\"height\":345,\"caption\":\"Unieke Uitjes\"},\"image\":{\"@id\":\"\\\/#\\\/schema\\\/logo\\\/image\\\/\"},\"sameAs\":[\"https:\\\/\\\/www.facebook.com\\\/uniekeuitjes.nl\",\"https:\\\/\\\/www.instagram.com\\\/uniekeuitjes.nl\\\/\",\"https:\\\/\\\/www.linkedin.com\\\/company\\\/unieke-uitjes-nl\",\"https:\\\/\\\/www.youtube.com\\\/channel\\\/UCXwRXFWP_R0kxRAeL79FQfw\"]}]}<\/script>\n<!-- \/ Yoast SEO plugin. -->","yoast_head_json":{"title":"Aktivit\u00e4ten und Ausfl\u00fcge in Twente - Uniekeuitjes.nl Verschiedene Ausfl\u00fcge und Aktivit\u00e4ten","description":"Aktivit\u00e4ten und Ausfl\u00fcge in Twente. Nat\u00fcrlich darf diese Region unter den \u00fcbrigen Regionen, in denen wir verschiedene Ausfl\u00fcge und Aktivit\u00e4ten anbieten, nicht fehlen.","robots":{"index":"index","follow":"follow","max-snippet":"max-snippet:-1","max-image-preview":"max-image-preview:large","max-video-preview":"max-video-preview:-1"},"canonical":"https:\/\/uniekeuitjes.nl\/de\/aktivitaeten-und-ausfluege-in-twente\/","og_locale":"nl_NL","og_type":"article","og_title":"Aktivit\u00e4ten und Ausfl\u00fcge in Twente - Uniekeuitjes.nl Verschiedene Ausfl\u00fcge und Aktivit\u00e4ten","og_description":"Aktivit\u00e4ten und Ausfl\u00fcge in Twente. Nat\u00fcrlich darf diese Region unter den \u00fcbrigen Regionen, in denen wir verschiedene Ausfl\u00fcge und Aktivit\u00e4ten anbieten, nicht fehlen.","og_url":"https:\/\/uniekeuitjes.nl\/de\/aktivitaeten-und-ausfluege-in-twente\/","og_site_name":"Uniekeuitjes.nl","article_publisher":"https:\/\/www.facebook.com\/uniekeuitjes.nl","og_image":[{"url":"http:\/\/uniekeuitjes.nl\/wp-content\/uploads\/2019\/12\/collage-met-logo-1024x420.jpg","type":"","width":"","height":""}],"twitter_card":"summary_large_image","twitter_misc":{"Geschatte leestijd":"2 minuten"},"schema":{"@context":"https:\/\/schema.org","@graph":[{"@type":"WebPage","@id":"https:\/\/uniekeuitjes.nl\/de\/aktivitaeten-und-ausfluege-in-twente\/","url":"https:\/\/uniekeuitjes.nl\/de\/aktivitaeten-und-ausfluege-in-twente\/","name":"Aktivit\u00e4ten und Ausfl\u00fcge in Twente - Uniekeuitjes.nl Verschiedene Ausfl\u00fcge und Aktivit\u00e4ten","isPartOf":{"@id":"\/#website"},"primaryImageOfPage":{"@id":"https:\/\/uniekeuitjes.nl\/de\/aktivitaeten-und-ausfluege-in-twente\/#primaryimage"},"image":{"@id":"https:\/\/uniekeuitjes.nl\/de\/aktivitaeten-und-ausfluege-in-twente\/#primaryimage"},"thumbnailUrl":"http:\/\/uniekeuitjes.nl\/wp-content\/uploads\/2019\/12\/collage-met-logo-1024x420.jpg","datePublished":"2019-12-30T12:18:32+00:00","description":"Aktivit\u00e4ten und Ausfl\u00fcge in Twente. Nat\u00fcrlich darf diese Region unter den \u00fcbrigen Regionen, in denen wir verschiedene Ausfl\u00fcge und Aktivit\u00e4ten anbieten, nicht fehlen.","breadcrumb":{"@id":"https:\/\/uniekeuitjes.nl\/de\/aktivitaeten-und-ausfluege-in-twente\/#breadcrumb"},"inLanguage":"nl-NL","potentialAction":[{"@type":"ReadAction","target":["https:\/\/uniekeuitjes.nl\/de\/aktivitaeten-und-ausfluege-in-twente\/"]}]},{"@type":"ImageObject","inLanguage":"nl-NL","@id":"https:\/\/uniekeuitjes.nl\/de\/aktivitaeten-und-ausfluege-in-twente\/#primaryimage","url":"http:\/\/uniekeuitjes.nl\/wp-content\/uploads\/2019\/12\/collage-met-logo-1024x420.jpg","contentUrl":"http:\/\/uniekeuitjes.nl\/wp-content\/uploads\/2019\/12\/collage-met-logo-1024x420.jpg"},{"@type":"BreadcrumbList","@id":"https:\/\/uniekeuitjes.nl\/de\/aktivitaeten-und-ausfluege-in-twente\/#breadcrumb","itemListElement":[{"@type":"ListItem","position":1,"name":"Home","item":"https:\/\/uniekeuitjes.nl\/de\/"},{"@type":"ListItem","position":2,"name":"Aktivit\u00e4ten und Ausfl\u00fcge in Twente"}]},{"@type":"WebSite","@id":"\/#website","url":"\/","name":"Uniekeuitjes.nl","description":"Goedkope leuke uitjes zelf samen te stellen","publisher":{"@id":"\/#organization"},"potentialAction":[{"@type":"SearchAction","target":{"@type":"EntryPoint","urlTemplate":"\/?s={search_term_string}"},"query-input":{"@type":"PropertyValueSpecification","valueRequired":true,"valueName":"search_term_string"}}],"inLanguage":"nl-NL"},{"@type":"Organization","@id":"\/#organization","name":"Unieke Uitjes","url":"\/","logo":{"@type":"ImageObject","inLanguage":"nl-NL","@id":"\/#\/schema\/logo\/image\/","url":"https:\/\/uniekeuitjes.nl\/wp-content\/uploads\/2019\/02\/site-login-logo.png","contentUrl":"https:\/\/uniekeuitjes.nl\/wp-content\/uploads\/2019\/02\/site-login-logo.png","width":708,"height":345,"caption":"Unieke Uitjes"},"image":{"@id":"\/#\/schema\/logo\/image\/"},"sameAs":["https:\/\/www.facebook.com\/uniekeuitjes.nl","https:\/\/www.instagram.com\/uniekeuitjes.nl\/","https:\/\/www.linkedin.com\/company\/unieke-uitjes-nl","https:\/\/www.youtube.com\/channel\/UCXwRXFWP_R0kxRAeL79FQfw"]}]}},"_links":{"self":[{"href":"https:\/\/uniekeuitjes.nl\/de\/wp-json\/wp\/v2\/pages\/11777","targetHints":{"allow":["GET"]}}],"collection":[{"href":"https:\/\/uniekeuitjes.nl\/de\/wp-json\/wp\/v2\/pages"}],"about":[{"href":"https:\/\/uniekeuitjes.nl\/de\/wp-json\/wp\/v2\/types\/page"}],"author":[{"embeddable":true,"href":"https:\/\/uniekeuitjes.nl\/de\/wp-json\/wp\/v2\/users\/2"}],"replies":[{"embeddable":true,"href":"https:\/\/uniekeuitjes.nl\/de\/wp-json\/wp\/v2\/comments?post=11777"}],"version-history":[{"count":0,"href":"https:\/\/uniekeuitjes.nl\/de\/wp-json\/wp\/v2\/pages\/11777\/revisions"}],"wp:attachment":[{"href":"https:\/\/uniekeuitjes.nl\/de\/wp-json\/wp\/v2\/media?parent=11777"}],"wp:term":[{"taxonomy":"category","embeddable":true,"href":"https:\/\/uniekeuitjes.nl\/de\/wp-json\/wp\/v2\/categories?post=11777"}],"curies":[{"name":"wp","href":"https:\/\/api.w.org\/{rel}","templated":true}]}}