{"id":11778,"date":"2019-12-30T10:55:11","date_gmt":"2019-12-30T10:55:11","guid":{"rendered":"https:\/\/uniekeuitjes.nl\/aktivitaeten-und-ausfluege-in-der-stedendriehoek\/"},"modified":"2019-12-30T10:55:11","modified_gmt":"2019-12-30T10:55:11","slug":"aktivitaeten-und-ausfluege-in-der-stedendriehoek","status":"publish","type":"page","link":"https:\/\/uniekeuitjes.nl\/de\/aktivitaeten-und-ausfluege-in-der-stedendriehoek\/","title":{"rendered":"Aktivit\u00e4ten und Ausfl\u00fcge in der Stedendriehoek"},"content":{"rendered":"<h2>Aktivit\u00e4ten und Ausfl\u00fcge in der Stedendriehoek<\/h2>\n<p>Wir bieten verschiedene Aktivit\u00e4ten und Ausfl\u00fcge in der Stedendriehoek an. Zur Stedendriehoek geh\u00f6ren die St\u00e4dte Apeldoorn, Brummen, Deventer, Epe, Heerde, Lochem, Voorst und Zutphen. Die sieben verschiedenen Gemeinden, zu denen diese Orte geh\u00f6ren, bilden die Stedendriehoek. Dieses Gebiet hat \u00fcber 414.000 Einwohner und umfasst eine Fl\u00e4che von 1.072,42 km\u00b2. Die Stedendriehoek hat viele sch\u00f6ne Regionen, darunter die bewaldete Veluwe mit ihren zahlreichen Quellen und B\u00e4chen. Die drei St\u00e4dte Apeldoorn, Deventer und Zutphen bilden die &#8220;Eckpfeiler&#8221; dieses zentral gelegenen Dreiecks innerhalb der Provinzen Gelderland und Overijssel. Ein wesentliches Merkmal von Apeldoorn ist sein &#8220;gr\u00fcner Charakter&#8221; mit wenigen Hochh\u00e4usern und vielen monumentalen Geb\u00e4uden. Deventer und Zutphen waren einst Hansest\u00e4dte. Vieles von dieser Geschichte ist noch in den St\u00e4dten selbst zu sehen.<\/p>\n<p>&nbsp;<\/p>\n<h2>Die verschiedenen Aktivit\u00e4ten<\/h2>\n<p>In der Stedendriehoek bieten wir Ihnen verschiedene Aktivit\u00e4ten an. Eine herrliche Kanufahrt in der Stedendriehoek ist nat\u00fcrlich auch m\u00f6glich. Alle Bootsrouten und Paddelpl\u00e4tze finden Sie unter <a href=\"http:\/\/kanoverhuuroost.nl\/\">Kanuverleih Ost<\/a>. M\u00f6chten Sie die Gegend mit einem unserer anderen Verkehrsmittel erkunden? Nat\u00fcrlich k\u00f6nnen Sie das! Wir haben viele Transportmittel, die Ihre Reise durch die Stedendriehoek angenehmer machen. Wir haben zum Beispiel:<\/p>\n<ul>\n<li><a href=\"https:\/\/uniekeuitjes.nl\/uitje\/solex-huren\/\">Solexes<\/a><\/li>\n<li><a href=\"https:\/\/uniekeuitjes.nl\/uitje\/tuktuk-huren\/\">TukTuk&#8217;s<\/a><\/li>\n<li><a href=\"https:\/\/uniekeuitjes.nl\/uitje\/echopper-elektrische-scooter-huren\/\">E-Choppers<\/a><\/li>\n<li><a href=\"https:\/\/uniekeuitjes.nl\/uitje\/trigger-huren\/\">Ausl\u00f6ser<\/a><\/li>\n<li><a href=\"https:\/\/uniekeuitjes.nl\/uitje\/tandem-cruiser\/\">Tandems<\/a><\/li>\n<li><a href=\"https:\/\/uniekeuitjes.nl\/uitje\/elektrische-scooter\/\">E-Scooter<\/a><\/li>\n<li><a href=\"https:\/\/uniekeuitjes.nl\/uitje\/elektrische-step\/\">E-Schritte<\/a><\/li>\n<\/ul>\n<h3><\/h3>\n<p>&nbsp;<\/p>\n<h3>Spielshows<\/h3>\n<p>Wir bieten auch verschiedene Spielshows an. Dies ist an einem Ort Ihrer Wahl in der Stedendriehoek m\u00f6glich. Wir bieten verschiedene Spielshows wie zum Beispiel:<\/p>\n<ul>\n<li><a href=\"https:\/\/uniekeuitjes.nl\/uitje\/muziek-bingo\/\">Musik-Bingo<\/a><\/li>\n<li><a href=\"https:\/\/uniekeuitjes.nl\/uitje\/jongens-vs-de-meisjes\/\">Jungen gegen M\u00e4dchen<\/a><\/li>\n<li><a href=\"https:\/\/uniekeuitjes.nl\/uitje\/pubquiz\/\">Kneipenquiz<\/a><\/li>\n<\/ul>\n<p>Dies ist nur eine kleine Auswahl unserer Spielshows. Auf unserer Website k\u00f6nnen Sie sehen, welche anderen speziellen Spielshows wir f\u00fcr Sie anbieten k\u00f6nnen.<\/p>\n<h3><\/h3>\n<p>&nbsp;<\/p>\n<h3>Waffentypen<\/h3>\n<p>Nicht nur die verschiedenen Spielshows k\u00f6nnen bei Ihnen vor Ort durchgef\u00fchrt werden, sondern auch unsere verschiedenen Shooter-Pakete k\u00f6nnen an einem Ort Ihrer Wahl durchgef\u00fchrt werden (dies muss nat\u00fcrlich ein sicherer Ort sein). Wir haben ein Paket f\u00fcr Sie, mit dem Sie mit <a href=\"https:\/\/uniekeuitjes.nl\/uitje\/scherpschutters-arrangement\/\">5 verschiedenen Waffentypen<\/a> schie\u00dfen k\u00f6nnen <a href=\"https:\/\/uniekeuitjes.nl\/uitje\/scherpschutters-arrangement\/\">.<\/a> Im Moment k\u00f6nnen wir Ihnen die folgenden Waffentypen anbieten:<\/p>\n<ul>\n<li>Armbrust<\/li>\n<li>Handbogen<\/li>\n<li>Waffe<\/li>\n<li>Blasrohr<\/li>\n<li>Luftpistole<\/li>\n<li>Tontaubenschie\u00dfen<\/li>\n<li>Laser-Spiele<\/li>\n<\/ul>\n<h3><\/h3>\n<p>&nbsp;<\/p>\n<h3>Hexathlon<\/h3>\n<p>Auch ein <a href=\"https:\/\/uniekeuitjes.nl\/uitje\/grote-zeskamp\/\">Hexathlon<\/a> vor Ort ist kein Problem. Sie k\u00f6nnen die Bestandteile des Hexathlons ganz nach Ihrem Geschmack ausw\u00e4hlen. Das alles ist m\u00f6glich, und zwar bei Ihnen zu Hause in der Stedendriehoek.<\/p>\n<div id=\"attachment_1673\" style=\"width: 674px\" class=\"wp-caption alignnone\"><img loading=\"lazy\" decoding=\"async\" aria-describedby=\"caption-attachment-1673\" class=\" wp-image-1673\" src=\"http:\/\/uniekeuitjes.nl\/wp-content\/uploads\/2019\/12\/Collage-Uitjes-in-Lochem-1024x768.jpg\" alt=\"Ausflugsziele im St\u00e4dtedreieck UniqueOuts\" width=\"664\" height=\"498\" srcset=\"https:\/\/uniekeuitjes.nl\/wp-content\/uploads\/2019\/12\/Collage-Uitjes-in-Lochem-scaled.jpg 1024w, https:\/\/uniekeuitjes.nl\/wp-content\/uploads\/2019\/12\/Collage-Uitjes-in-Lochem-300x225.jpg 300w, https:\/\/uniekeuitjes.nl\/wp-content\/uploads\/2019\/12\/Collage-Uitjes-in-Lochem-768x576.jpg 768w, https:\/\/uniekeuitjes.nl\/wp-content\/uploads\/2019\/12\/Collage-Uitjes-in-Lochem-1536x1152.jpg 1536w, https:\/\/uniekeuitjes.nl\/wp-content\/uploads\/2019\/12\/Collage-Uitjes-in-Lochem-2048x1536.jpg 2048w, https:\/\/uniekeuitjes.nl\/wp-content\/uploads\/2019\/12\/Collage-Uitjes-in-Lochem-600x450.jpg 600w\" sizes=\"auto, (max-width: 664px) 100vw, 664px\" \/><p id=\"caption-attachment-1673\" class=\"wp-caption-text\">Ausflugsziele im St\u00e4dtedreieck UniqueOuts<\/p><\/div>\n","protected":false},"excerpt":{"rendered":"<p>Aktivit\u00e4ten und Ausfl\u00fcge in der Stedendriehoek Wir bieten verschiedene Aktivit\u00e4ten und Ausfl\u00fcge in der Stedendriehoek an. Zur Stedendriehoek geh\u00f6ren die St\u00e4dte Apeldoorn, Brummen, Deventer, Epe, Heerde, Lochem, Voorst und Zutphen. Die sieben verschiedenen Gemeinden, zu denen diese Orte geh\u00f6ren, bilden die Stedendriehoek. Dieses Gebiet hat \u00fcber 414.000 Einwohner und umfasst eine Fl\u00e4che von 1.072,42 km\u00b2. [&hellip;]<\/p>\n","protected":false},"author":2,"featured_media":0,"parent":0,"menu_order":0,"comment_status":"closed","ping_status":"closed","template":"","meta":{"_acf_changed":false,"_monsterinsights_skip_tracking":false,"_monsterinsights_sitenote_active":false,"_monsterinsights_sitenote_note":"","_monsterinsights_sitenote_category":0,"footnotes":""},"categories":[73],"class_list":["post-11778","page","type-page","status-publish","hentry","category-zielseite"],"acf":[],"yoast_head":"<!-- This site is optimized with the Yoast SEO plugin v27.4 - https:\/\/yoast.com\/product\/yoast-seo-wordpress\/ -->\n<title>Aktivit\u00e4ten und Ausfl\u00fcge in der Stedendriehoek - Uniekeuitjes.nl<\/title>\n<meta name=\"description\" content=\"Wir bieten Aktivit\u00e4ten und Ausfl\u00fcge in der Stedendriehoek zu den g\u00fcnstigsten Preisen an. Wir bieten eine breite Palette von Aktivit\u00e4ten und Ausfl\u00fcgen in diesem Gebiet an.\" \/>\n<meta name=\"robots\" content=\"index, follow, max-snippet:-1, max-image-preview:large, max-video-preview:-1\" \/>\n<link rel=\"canonical\" href=\"https:\/\/uniekeuitjes.nl\/de\/aktivitaeten-und-ausfluege-in-der-stedendriehoek\/\" \/>\n<meta property=\"og:locale\" content=\"nl_NL\" \/>\n<meta property=\"og:type\" content=\"article\" \/>\n<meta property=\"og:title\" content=\"Aktivit\u00e4ten und Ausfl\u00fcge in der Stedendriehoek - Uniekeuitjes.nl\" \/>\n<meta property=\"og:description\" content=\"Wir bieten Aktivit\u00e4ten und Ausfl\u00fcge in der Stedendriehoek zu den g\u00fcnstigsten Preisen an. Wir bieten eine breite Palette von Aktivit\u00e4ten und Ausfl\u00fcgen in diesem Gebiet an.\" \/>\n<meta property=\"og:url\" content=\"https:\/\/uniekeuitjes.nl\/de\/aktivitaeten-und-ausfluege-in-der-stedendriehoek\/\" \/>\n<meta property=\"og:site_name\" content=\"Uniekeuitjes.nl\" \/>\n<meta property=\"article:publisher\" content=\"https:\/\/www.facebook.com\/uniekeuitjes.nl\" \/>\n<meta property=\"og:image\" content=\"http:\/\/uniekeuitjes.nl\/wp-content\/uploads\/2019\/12\/Collage-Uitjes-in-Lochem-1024x768.jpg\" \/>\n<meta name=\"twitter:card\" content=\"summary_large_image\" \/>\n<meta name=\"twitter:label1\" content=\"Geschatte leestijd\" \/>\n\t<meta name=\"twitter:data1\" content=\"2 minuten\" \/>\n<script type=\"application\/ld+json\" class=\"yoast-schema-graph\">{\"@context\":\"https:\\\/\\\/schema.org\",\"@graph\":[{\"@type\":\"WebPage\",\"@id\":\"https:\\\/\\\/uniekeuitjes.nl\\\/de\\\/aktivitaeten-und-ausfluege-in-der-stedendriehoek\\\/\",\"url\":\"https:\\\/\\\/uniekeuitjes.nl\\\/de\\\/aktivitaeten-und-ausfluege-in-der-stedendriehoek\\\/\",\"name\":\"Aktivit\u00e4ten und Ausfl\u00fcge in der Stedendriehoek - Uniekeuitjes.nl\",\"isPartOf\":{\"@id\":\"\\\/#website\"},\"primaryImageOfPage\":{\"@id\":\"https:\\\/\\\/uniekeuitjes.nl\\\/de\\\/aktivitaeten-und-ausfluege-in-der-stedendriehoek\\\/#primaryimage\"},\"image\":{\"@id\":\"https:\\\/\\\/uniekeuitjes.nl\\\/de\\\/aktivitaeten-und-ausfluege-in-der-stedendriehoek\\\/#primaryimage\"},\"thumbnailUrl\":\"http:\\\/\\\/uniekeuitjes.nl\\\/wp-content\\\/uploads\\\/2019\\\/12\\\/Collage-Uitjes-in-Lochem-1024x768.jpg\",\"datePublished\":\"2019-12-30T10:55:11+00:00\",\"description\":\"Wir bieten Aktivit\u00e4ten und Ausfl\u00fcge in der Stedendriehoek zu den g\u00fcnstigsten Preisen an. Wir bieten eine breite Palette von Aktivit\u00e4ten und Ausfl\u00fcgen in diesem Gebiet an.\",\"breadcrumb\":{\"@id\":\"https:\\\/\\\/uniekeuitjes.nl\\\/de\\\/aktivitaeten-und-ausfluege-in-der-stedendriehoek\\\/#breadcrumb\"},\"inLanguage\":\"nl-NL\",\"potentialAction\":[{\"@type\":\"ReadAction\",\"target\":[\"https:\\\/\\\/uniekeuitjes.nl\\\/de\\\/aktivitaeten-und-ausfluege-in-der-stedendriehoek\\\/\"]}]},{\"@type\":\"ImageObject\",\"inLanguage\":\"nl-NL\",\"@id\":\"https:\\\/\\\/uniekeuitjes.nl\\\/de\\\/aktivitaeten-und-ausfluege-in-der-stedendriehoek\\\/#primaryimage\",\"url\":\"http:\\\/\\\/uniekeuitjes.nl\\\/wp-content\\\/uploads\\\/2019\\\/12\\\/Collage-Uitjes-in-Lochem-1024x768.jpg\",\"contentUrl\":\"http:\\\/\\\/uniekeuitjes.nl\\\/wp-content\\\/uploads\\\/2019\\\/12\\\/Collage-Uitjes-in-Lochem-1024x768.jpg\"},{\"@type\":\"BreadcrumbList\",\"@id\":\"https:\\\/\\\/uniekeuitjes.nl\\\/de\\\/aktivitaeten-und-ausfluege-in-der-stedendriehoek\\\/#breadcrumb\",\"itemListElement\":[{\"@type\":\"ListItem\",\"position\":1,\"name\":\"Home\",\"item\":\"https:\\\/\\\/uniekeuitjes.nl\\\/de\\\/\"},{\"@type\":\"ListItem\",\"position\":2,\"name\":\"Aktivit\u00e4ten und Ausfl\u00fcge in der Stedendriehoek\"}]},{\"@type\":\"WebSite\",\"@id\":\"\\\/#website\",\"url\":\"\\\/\",\"name\":\"Uniekeuitjes.nl\",\"description\":\"Goedkope leuke uitjes zelf samen te stellen\",\"publisher\":{\"@id\":\"\\\/#organization\"},\"potentialAction\":[{\"@type\":\"SearchAction\",\"target\":{\"@type\":\"EntryPoint\",\"urlTemplate\":\"\\\/?s={search_term_string}\"},\"query-input\":{\"@type\":\"PropertyValueSpecification\",\"valueRequired\":true,\"valueName\":\"search_term_string\"}}],\"inLanguage\":\"nl-NL\"},{\"@type\":\"Organization\",\"@id\":\"\\\/#organization\",\"name\":\"Unieke Uitjes\",\"url\":\"\\\/\",\"logo\":{\"@type\":\"ImageObject\",\"inLanguage\":\"nl-NL\",\"@id\":\"\\\/#\\\/schema\\\/logo\\\/image\\\/\",\"url\":\"https:\\\/\\\/uniekeuitjes.nl\\\/wp-content\\\/uploads\\\/2019\\\/02\\\/site-login-logo.png\",\"contentUrl\":\"https:\\\/\\\/uniekeuitjes.nl\\\/wp-content\\\/uploads\\\/2019\\\/02\\\/site-login-logo.png\",\"width\":708,\"height\":345,\"caption\":\"Unieke Uitjes\"},\"image\":{\"@id\":\"\\\/#\\\/schema\\\/logo\\\/image\\\/\"},\"sameAs\":[\"https:\\\/\\\/www.facebook.com\\\/uniekeuitjes.nl\",\"https:\\\/\\\/www.instagram.com\\\/uniekeuitjes.nl\\\/\",\"https:\\\/\\\/www.linkedin.com\\\/company\\\/unieke-uitjes-nl\",\"https:\\\/\\\/www.youtube.com\\\/channel\\\/UCXwRXFWP_R0kxRAeL79FQfw\"]}]}<\/script>\n<!-- \/ Yoast SEO plugin. -->","yoast_head_json":{"title":"Aktivit\u00e4ten und Ausfl\u00fcge in der Stedendriehoek - Uniekeuitjes.nl","description":"Wir bieten Aktivit\u00e4ten und Ausfl\u00fcge in der Stedendriehoek zu den g\u00fcnstigsten Preisen an. Wir bieten eine breite Palette von Aktivit\u00e4ten und Ausfl\u00fcgen in diesem Gebiet an.","robots":{"index":"index","follow":"follow","max-snippet":"max-snippet:-1","max-image-preview":"max-image-preview:large","max-video-preview":"max-video-preview:-1"},"canonical":"https:\/\/uniekeuitjes.nl\/de\/aktivitaeten-und-ausfluege-in-der-stedendriehoek\/","og_locale":"nl_NL","og_type":"article","og_title":"Aktivit\u00e4ten und Ausfl\u00fcge in der Stedendriehoek - Uniekeuitjes.nl","og_description":"Wir bieten Aktivit\u00e4ten und Ausfl\u00fcge in der Stedendriehoek zu den g\u00fcnstigsten Preisen an. Wir bieten eine breite Palette von Aktivit\u00e4ten und Ausfl\u00fcgen in diesem Gebiet an.","og_url":"https:\/\/uniekeuitjes.nl\/de\/aktivitaeten-und-ausfluege-in-der-stedendriehoek\/","og_site_name":"Uniekeuitjes.nl","article_publisher":"https:\/\/www.facebook.com\/uniekeuitjes.nl","og_image":[{"url":"http:\/\/uniekeuitjes.nl\/wp-content\/uploads\/2019\/12\/Collage-Uitjes-in-Lochem-1024x768.jpg","type":"","width":"","height":""}],"twitter_card":"summary_large_image","twitter_misc":{"Geschatte leestijd":"2 minuten"},"schema":{"@context":"https:\/\/schema.org","@graph":[{"@type":"WebPage","@id":"https:\/\/uniekeuitjes.nl\/de\/aktivitaeten-und-ausfluege-in-der-stedendriehoek\/","url":"https:\/\/uniekeuitjes.nl\/de\/aktivitaeten-und-ausfluege-in-der-stedendriehoek\/","name":"Aktivit\u00e4ten und Ausfl\u00fcge in der Stedendriehoek - Uniekeuitjes.nl","isPartOf":{"@id":"\/#website"},"primaryImageOfPage":{"@id":"https:\/\/uniekeuitjes.nl\/de\/aktivitaeten-und-ausfluege-in-der-stedendriehoek\/#primaryimage"},"image":{"@id":"https:\/\/uniekeuitjes.nl\/de\/aktivitaeten-und-ausfluege-in-der-stedendriehoek\/#primaryimage"},"thumbnailUrl":"http:\/\/uniekeuitjes.nl\/wp-content\/uploads\/2019\/12\/Collage-Uitjes-in-Lochem-1024x768.jpg","datePublished":"2019-12-30T10:55:11+00:00","description":"Wir bieten Aktivit\u00e4ten und Ausfl\u00fcge in der Stedendriehoek zu den g\u00fcnstigsten Preisen an. Wir bieten eine breite Palette von Aktivit\u00e4ten und Ausfl\u00fcgen in diesem Gebiet an.","breadcrumb":{"@id":"https:\/\/uniekeuitjes.nl\/de\/aktivitaeten-und-ausfluege-in-der-stedendriehoek\/#breadcrumb"},"inLanguage":"nl-NL","potentialAction":[{"@type":"ReadAction","target":["https:\/\/uniekeuitjes.nl\/de\/aktivitaeten-und-ausfluege-in-der-stedendriehoek\/"]}]},{"@type":"ImageObject","inLanguage":"nl-NL","@id":"https:\/\/uniekeuitjes.nl\/de\/aktivitaeten-und-ausfluege-in-der-stedendriehoek\/#primaryimage","url":"http:\/\/uniekeuitjes.nl\/wp-content\/uploads\/2019\/12\/Collage-Uitjes-in-Lochem-1024x768.jpg","contentUrl":"http:\/\/uniekeuitjes.nl\/wp-content\/uploads\/2019\/12\/Collage-Uitjes-in-Lochem-1024x768.jpg"},{"@type":"BreadcrumbList","@id":"https:\/\/uniekeuitjes.nl\/de\/aktivitaeten-und-ausfluege-in-der-stedendriehoek\/#breadcrumb","itemListElement":[{"@type":"ListItem","position":1,"name":"Home","item":"https:\/\/uniekeuitjes.nl\/de\/"},{"@type":"ListItem","position":2,"name":"Aktivit\u00e4ten und Ausfl\u00fcge in der Stedendriehoek"}]},{"@type":"WebSite","@id":"\/#website","url":"\/","name":"Uniekeuitjes.nl","description":"Goedkope leuke uitjes zelf samen te stellen","publisher":{"@id":"\/#organization"},"potentialAction":[{"@type":"SearchAction","target":{"@type":"EntryPoint","urlTemplate":"\/?s={search_term_string}"},"query-input":{"@type":"PropertyValueSpecification","valueRequired":true,"valueName":"search_term_string"}}],"inLanguage":"nl-NL"},{"@type":"Organization","@id":"\/#organization","name":"Unieke Uitjes","url":"\/","logo":{"@type":"ImageObject","inLanguage":"nl-NL","@id":"\/#\/schema\/logo\/image\/","url":"https:\/\/uniekeuitjes.nl\/wp-content\/uploads\/2019\/02\/site-login-logo.png","contentUrl":"https:\/\/uniekeuitjes.nl\/wp-content\/uploads\/2019\/02\/site-login-logo.png","width":708,"height":345,"caption":"Unieke Uitjes"},"image":{"@id":"\/#\/schema\/logo\/image\/"},"sameAs":["https:\/\/www.facebook.com\/uniekeuitjes.nl","https:\/\/www.instagram.com\/uniekeuitjes.nl\/","https:\/\/www.linkedin.com\/company\/unieke-uitjes-nl","https:\/\/www.youtube.com\/channel\/UCXwRXFWP_R0kxRAeL79FQfw"]}]}},"_links":{"self":[{"href":"https:\/\/uniekeuitjes.nl\/de\/wp-json\/wp\/v2\/pages\/11778","targetHints":{"allow":["GET"]}}],"collection":[{"href":"https:\/\/uniekeuitjes.nl\/de\/wp-json\/wp\/v2\/pages"}],"about":[{"href":"https:\/\/uniekeuitjes.nl\/de\/wp-json\/wp\/v2\/types\/page"}],"author":[{"embeddable":true,"href":"https:\/\/uniekeuitjes.nl\/de\/wp-json\/wp\/v2\/users\/2"}],"replies":[{"embeddable":true,"href":"https:\/\/uniekeuitjes.nl\/de\/wp-json\/wp\/v2\/comments?post=11778"}],"version-history":[{"count":0,"href":"https:\/\/uniekeuitjes.nl\/de\/wp-json\/wp\/v2\/pages\/11778\/revisions"}],"wp:attachment":[{"href":"https:\/\/uniekeuitjes.nl\/de\/wp-json\/wp\/v2\/media?parent=11778"}],"wp:term":[{"taxonomy":"category","embeddable":true,"href":"https:\/\/uniekeuitjes.nl\/de\/wp-json\/wp\/v2\/categories?post=11778"}],"curies":[{"name":"wp","href":"https:\/\/api.w.org\/{rel}","templated":true}]}}