{"id":11787,"date":"2019-02-18T15:15:12","date_gmt":"2019-02-18T15:15:12","guid":{"rendered":"https:\/\/uniekeuitjes.nl\/ausfluege-in-twello\/"},"modified":"2023-09-15T13:49:08","modified_gmt":"2023-09-15T13:49:08","slug":"ausfluege-in-twello","status":"publish","type":"page","link":"https:\/\/uniekeuitjes.nl\/de\/ausfluege-in-twello\/","title":{"rendered":"Ausfl\u00fcge in Twello"},"content":{"rendered":"<h2>Ausfl\u00fcge in Twello<\/h2>\n<p>Wenn Sie Twello besuchen, k\u00f6nnen Unique Outings einen gro\u00dfen Beitrag leisten. Erkunden Sie das Dorf und seine Umgebung bei einer Solex-Tour oder fahren Sie mit den Kindern auf dem Luxus-Lastenfahrrad. Sie suchen lustige Aktivit\u00e4ten f\u00fcr eine Gruppe? Bei uns sind Sie an der richtigen Adresse! Ein Auszug aus unserem breiten Angebot an Aktivit\u00e4ten:<\/p>\n<ul>\n<li>Drohnen-Workshops<\/li>\n<li>Bogenschie\u00dfen und Handbogenschie\u00dfen<\/li>\n<li>Verschiedene Spielshows und Quizspiele<\/li>\n<li>K\u00e4fer- und Luftgewehrschie\u00dfen<\/li>\n<li>Laser-Tontaubenschie\u00dfen<\/li>\n<li>Gro\u00dfe und kleine Hexenlager f\u00fcr drinnen und drau\u00dfen<\/li>\n<\/ul>\n<p>&nbsp;<\/p>\n<h2><strong>\u00dcber den Ort:<\/strong><\/h2>\n<p>In der Gemeinde Voorst\/Twello gibt es eine Menge zu sehen und zu unternehmen. Sie k\u00f6nnen in aller Ruhe die sch\u00f6nen Naturgebiete genie\u00dfen, entlang der IJssel radeln oder im Erholungsgebiet Bussloo spazieren gehen. Unterwegs gibt es zahlreiche attraktive Rastpl\u00e4tze, an denen man ein Getr\u00e4nk, ein Mittagessen mit nat\u00fcrlichen Produkten aus der Region oder ein handwerklich hergestelltes (Bauern-)Eis genie\u00dfen kann.<\/p>\n<p>Au\u00dferdem gibt es ein breites Angebot an Gesch\u00e4ften. Modische Boutiquen, Geschenkel\u00e4den und Buchhandlungen sind Beispiele f\u00fcr die Vielfalt der Gesch\u00e4fte in Twello. In den Gesch\u00e4ften und auf den gem\u00fctlichen Terrassen der verschiedenen Caf\u00e9s und Restaurants herrscht eine freundliche Dorfatmosph\u00e4re. Es gibt reichlich Gelegenheit zum kostenlosen Parken. Wenn Sie mit dem Zug oder Bus kommen, ist der Bahnhof nur wenige Gehminuten vom gem\u00fctlichen Stadtzentrum entfernt.<\/p>\n<p>&nbsp;<\/p>\n<h3>Einzigartige Ausfl\u00fcge<\/h3>\n<p>Von unserem Besuchsort aus k\u00f6nnen wir die folgenden individuellen Aktivit\u00e4ten anbieten (dies ist nur ein Auszug aus unserem Gesamtangebot). Auf Wunsch k\u00f6nnen wir auch pr\u00fcfen, was bei Ihnen vor Ort m\u00f6glich ist.<\/p>\n<ul>\n<li><a href=\"https:\/\/uniekeuitjes.nl\/uitje\/solex-huren-solexverhuur\/\">Solex mieten<\/a><\/li>\n<li><a href=\"https:\/\/uniekeuitjes.nl\/uitje\/echopper-huren\/\">E-Chopper fahren<\/a><\/li>\n<li><a href=\"https:\/\/uniekeuitjes.nl\/uitje\/tandem-cruiser\/\">Tandem-Touren<\/a><\/li>\n<li><a href=\"https:\/\/uniekeuitjes.nl\/uitje\/tuktuk-huren\/\">TukTuk&#8217;s<\/a> oder <a href=\"https:\/\/uniekeuitjes.nl\/uitje\/trigger-huren\/\">Trigger<\/a> fahren<\/li>\n<li><a href=\"https:\/\/uniekeuitjes.nl\/uitje\/skeltertreinen-groepsfietsen\/\">Skelter-Z\u00fcge<\/a><\/li>\n<li><a href=\"https:\/\/uniekeuitjes.nl\/uitje\/boog-en-kruisboog\/\">Bogenschie\u00dfen und Armbrustschie\u00dfen<\/a><\/li>\n<li><a href=\"https:\/\/uniekeuitjes.nl\/uitje\/buksschieten\/\">Schie\u00dfen mit Flinte oder Luftgewehr<\/a><\/li>\n<li><a href=\"https:\/\/uniekeuitjes.nl\/uitje\/schieten-met-5-wapensoorten\/\">Werkst\u00e4tten mit 5 Waffentypen<\/a><\/li>\n<li>Sechs Camps, <a href=\"https:\/\/uniekeuitjes.nl\/uitje\/indoor-zeskamp\/\">drinnen<\/a> oder <a href=\"https:\/\/uniekeuitjes.nl\/uitje\/grote-zeskamp\/\">drau\u00dfen<\/a><\/li>\n<li><a href=\"https:\/\/uniekeuitjes.nl\/spelshows\/\">Spielshows<\/a> und <a href=\"https:\/\/uniekeuitjes.nl\/uitje\/casino-avond\/\">Casino-Abende<\/a><\/li>\n<li>Ein <a href=\"https:\/\/uniekeuitjes.nl\/uitje\/pubquiz\/\">Kneipenquiz<\/a>, <a href=\"https:\/\/uniekeuitjes.nl\/uitje\/muziekquiz\/\">Musikquiz<\/a> oder <a href=\"https:\/\/uniekeuitjes.nl\/uitje\/bingoshow\/\">Bingo<\/a><\/li>\n<li><a href=\"https:\/\/uniekeuitjes.nl\/uitje\/straatgolf-of-boerengolf\/\">Bauerngolf<\/a> und <a href=\"https:\/\/uniekeuitjes.nl\/uitje\/klootschieten\/\">Bogenschie\u00dfen<\/a><\/li>\n<li><a href=\"https:\/\/uniekeuitjes.nl\/uitje\/indoor-en-outdoor-lasergamen-op-locatie\/\">Laser-Spiele<\/a><\/li>\n<\/ul>\n<p>&nbsp;<\/p>\n<div><\/div>\n<div><strong>Freuen Sie sich schon auf die Outings in Twello? Nehmen Sie Kontakt auf, um dar\u00fcber zu sprechen!<\/strong><\/div>\n<div><strong>Wir sehen uns bei Unique Outings!<\/strong><\/div>\n<div><\/div>\n<div><\/div>\n<div><a href=\"https:\/\/uniekeuitjes.nl\"><img loading=\"lazy\" decoding=\"async\" class=\"alignnone wp-image-377\" src=\"http:\/\/uniekeuitjes.nl\/wp-content\/uploads\/2019\/02\/site-login-logo.png\" alt=\"Ausfl\u00fcge in Twello, komplett organisiert von Unique Trips\" width=\"460\" height=\"224\" srcset=\"https:\/\/uniekeuitjes.nl\/wp-content\/uploads\/2019\/02\/site-login-logo.png 708w, https:\/\/uniekeuitjes.nl\/wp-content\/uploads\/2019\/02\/site-login-logo-300x146.png 300w, https:\/\/uniekeuitjes.nl\/wp-content\/uploads\/2019\/02\/site-login-logo-600x292.png 600w\" sizes=\"auto, (max-width: 460px) 100vw, 460px\" \/><\/a><\/div>\n","protected":false},"excerpt":{"rendered":"<p>Ausfl\u00fcge in Twello Wenn Sie Twello besuchen, k\u00f6nnen Unique Outings einen gro\u00dfen Beitrag leisten. Erkunden Sie das Dorf und seine Umgebung bei einer Solex-Tour oder fahren Sie mit den Kindern auf dem Luxus-Lastenfahrrad. Sie suchen lustige Aktivit\u00e4ten f\u00fcr eine Gruppe? Bei uns sind Sie an der richtigen Adresse! Ein Auszug aus unserem breiten Angebot an [&hellip;]<\/p>\n","protected":false},"author":1,"featured_media":0,"parent":0,"menu_order":0,"comment_status":"closed","ping_status":"closed","template":"","meta":{"_acf_changed":false,"_monsterinsights_skip_tracking":false,"_monsterinsights_sitenote_active":false,"_monsterinsights_sitenote_note":"","_monsterinsights_sitenote_category":0,"footnotes":""},"categories":[73],"class_list":["post-11787","page","type-page","status-publish","hentry","category-zielseite"],"acf":[],"yoast_head":"<!-- This site is optimized with the Yoast SEO plugin v27.4 - https:\/\/yoast.com\/product\/yoast-seo-wordpress\/ -->\n<title>Ausfl\u00fcge in Twello - Verschiedene Aktivit\u00e4ten &amp; Ausfl\u00fcge in Twello<\/title>\n<meta name=\"description\" content=\"Erkunden Sie Twello und die Umgebung mit einer Solextocht, oder radeln Sie mit den Kindern im Luxus-Lastenfahrrad. Besuchen Sie die Website f\u00fcr alle unsere Ausfl\u00fcge in Twello\" \/>\n<meta name=\"robots\" content=\"index, follow, max-snippet:-1, max-image-preview:large, max-video-preview:-1\" \/>\n<link rel=\"canonical\" href=\"https:\/\/uniekeuitjes.nl\/de\/ausfluege-in-twello\/\" \/>\n<meta property=\"og:locale\" content=\"nl_NL\" \/>\n<meta property=\"og:type\" content=\"article\" \/>\n<meta property=\"og:title\" content=\"Ausfl\u00fcge in Twello - Verschiedene Aktivit\u00e4ten &amp; Ausfl\u00fcge in Twello\" \/>\n<meta property=\"og:description\" content=\"Erkunden Sie Twello und die Umgebung mit einer Solextocht, oder radeln Sie mit den Kindern im Luxus-Lastenfahrrad. Besuchen Sie die Website f\u00fcr alle unsere Ausfl\u00fcge in Twello\" \/>\n<meta property=\"og:url\" content=\"https:\/\/uniekeuitjes.nl\/de\/ausfluege-in-twello\/\" \/>\n<meta property=\"og:site_name\" content=\"Uniekeuitjes.nl\" \/>\n<meta property=\"article:publisher\" content=\"https:\/\/www.facebook.com\/uniekeuitjes.nl\" \/>\n<meta property=\"article:modified_time\" content=\"2023-09-15T13:49:08+00:00\" \/>\n<meta property=\"og:image\" content=\"http:\/\/uniekeuitjes.nl\/wp-content\/uploads\/2019\/02\/site-login-logo.png\" \/>\n<meta name=\"twitter:card\" content=\"summary_large_image\" \/>\n<meta name=\"twitter:label1\" content=\"Geschatte leestijd\" \/>\n\t<meta name=\"twitter:data1\" content=\"2 minuten\" \/>\n<script type=\"application\/ld+json\" class=\"yoast-schema-graph\">{\"@context\":\"https:\\\/\\\/schema.org\",\"@graph\":[{\"@type\":\"WebPage\",\"@id\":\"https:\\\/\\\/uniekeuitjes.nl\\\/de\\\/ausfluege-in-twello\\\/\",\"url\":\"https:\\\/\\\/uniekeuitjes.nl\\\/de\\\/ausfluege-in-twello\\\/\",\"name\":\"Ausfl\u00fcge in Twello - Verschiedene Aktivit\u00e4ten & Ausfl\u00fcge in Twello\",\"isPartOf\":{\"@id\":\"\\\/#website\"},\"primaryImageOfPage\":{\"@id\":\"https:\\\/\\\/uniekeuitjes.nl\\\/de\\\/ausfluege-in-twello\\\/#primaryimage\"},\"image\":{\"@id\":\"https:\\\/\\\/uniekeuitjes.nl\\\/de\\\/ausfluege-in-twello\\\/#primaryimage\"},\"thumbnailUrl\":\"http:\\\/\\\/uniekeuitjes.nl\\\/wp-content\\\/uploads\\\/2019\\\/02\\\/site-login-logo.png\",\"datePublished\":\"2019-02-18T15:15:12+00:00\",\"dateModified\":\"2023-09-15T13:49:08+00:00\",\"description\":\"Erkunden Sie Twello und die Umgebung mit einer Solextocht, oder radeln Sie mit den Kindern im Luxus-Lastenfahrrad. Besuchen Sie die Website f\u00fcr alle unsere Ausfl\u00fcge in Twello\",\"breadcrumb\":{\"@id\":\"https:\\\/\\\/uniekeuitjes.nl\\\/de\\\/ausfluege-in-twello\\\/#breadcrumb\"},\"inLanguage\":\"nl-NL\",\"potentialAction\":[{\"@type\":\"ReadAction\",\"target\":[\"https:\\\/\\\/uniekeuitjes.nl\\\/de\\\/ausfluege-in-twello\\\/\"]}]},{\"@type\":\"ImageObject\",\"inLanguage\":\"nl-NL\",\"@id\":\"https:\\\/\\\/uniekeuitjes.nl\\\/de\\\/ausfluege-in-twello\\\/#primaryimage\",\"url\":\"http:\\\/\\\/uniekeuitjes.nl\\\/wp-content\\\/uploads\\\/2019\\\/02\\\/site-login-logo.png\",\"contentUrl\":\"http:\\\/\\\/uniekeuitjes.nl\\\/wp-content\\\/uploads\\\/2019\\\/02\\\/site-login-logo.png\"},{\"@type\":\"BreadcrumbList\",\"@id\":\"https:\\\/\\\/uniekeuitjes.nl\\\/de\\\/ausfluege-in-twello\\\/#breadcrumb\",\"itemListElement\":[{\"@type\":\"ListItem\",\"position\":1,\"name\":\"Home\",\"item\":\"https:\\\/\\\/uniekeuitjes.nl\\\/de\\\/\"},{\"@type\":\"ListItem\",\"position\":2,\"name\":\"Ausfl\u00fcge in Twello\"}]},{\"@type\":\"WebSite\",\"@id\":\"\\\/#website\",\"url\":\"\\\/\",\"name\":\"Uniekeuitjes.nl\",\"description\":\"Goedkope leuke uitjes zelf samen te stellen\",\"publisher\":{\"@id\":\"\\\/#organization\"},\"potentialAction\":[{\"@type\":\"SearchAction\",\"target\":{\"@type\":\"EntryPoint\",\"urlTemplate\":\"\\\/?s={search_term_string}\"},\"query-input\":{\"@type\":\"PropertyValueSpecification\",\"valueRequired\":true,\"valueName\":\"search_term_string\"}}],\"inLanguage\":\"nl-NL\"},{\"@type\":\"Organization\",\"@id\":\"\\\/#organization\",\"name\":\"Unieke Uitjes\",\"url\":\"\\\/\",\"logo\":{\"@type\":\"ImageObject\",\"inLanguage\":\"nl-NL\",\"@id\":\"\\\/#\\\/schema\\\/logo\\\/image\\\/\",\"url\":\"https:\\\/\\\/uniekeuitjes.nl\\\/wp-content\\\/uploads\\\/2019\\\/02\\\/site-login-logo.png\",\"contentUrl\":\"https:\\\/\\\/uniekeuitjes.nl\\\/wp-content\\\/uploads\\\/2019\\\/02\\\/site-login-logo.png\",\"width\":708,\"height\":345,\"caption\":\"Unieke Uitjes\"},\"image\":{\"@id\":\"\\\/#\\\/schema\\\/logo\\\/image\\\/\"},\"sameAs\":[\"https:\\\/\\\/www.facebook.com\\\/uniekeuitjes.nl\",\"https:\\\/\\\/www.instagram.com\\\/uniekeuitjes.nl\\\/\",\"https:\\\/\\\/www.linkedin.com\\\/company\\\/unieke-uitjes-nl\",\"https:\\\/\\\/www.youtube.com\\\/channel\\\/UCXwRXFWP_R0kxRAeL79FQfw\"]}]}<\/script>\n<!-- \/ Yoast SEO plugin. -->","yoast_head_json":{"title":"Ausfl\u00fcge in Twello - Verschiedene Aktivit\u00e4ten & Ausfl\u00fcge in Twello","description":"Erkunden Sie Twello und die Umgebung mit einer Solextocht, oder radeln Sie mit den Kindern im Luxus-Lastenfahrrad. Besuchen Sie die Website f\u00fcr alle unsere Ausfl\u00fcge in Twello","robots":{"index":"index","follow":"follow","max-snippet":"max-snippet:-1","max-image-preview":"max-image-preview:large","max-video-preview":"max-video-preview:-1"},"canonical":"https:\/\/uniekeuitjes.nl\/de\/ausfluege-in-twello\/","og_locale":"nl_NL","og_type":"article","og_title":"Ausfl\u00fcge in Twello - Verschiedene Aktivit\u00e4ten & Ausfl\u00fcge in Twello","og_description":"Erkunden Sie Twello und die Umgebung mit einer Solextocht, oder radeln Sie mit den Kindern im Luxus-Lastenfahrrad. Besuchen Sie die Website f\u00fcr alle unsere Ausfl\u00fcge in Twello","og_url":"https:\/\/uniekeuitjes.nl\/de\/ausfluege-in-twello\/","og_site_name":"Uniekeuitjes.nl","article_publisher":"https:\/\/www.facebook.com\/uniekeuitjes.nl","article_modified_time":"2023-09-15T13:49:08+00:00","og_image":[{"url":"http:\/\/uniekeuitjes.nl\/wp-content\/uploads\/2019\/02\/site-login-logo.png","type":"","width":"","height":""}],"twitter_card":"summary_large_image","twitter_misc":{"Geschatte leestijd":"2 minuten"},"schema":{"@context":"https:\/\/schema.org","@graph":[{"@type":"WebPage","@id":"https:\/\/uniekeuitjes.nl\/de\/ausfluege-in-twello\/","url":"https:\/\/uniekeuitjes.nl\/de\/ausfluege-in-twello\/","name":"Ausfl\u00fcge in Twello - Verschiedene Aktivit\u00e4ten & Ausfl\u00fcge in Twello","isPartOf":{"@id":"\/#website"},"primaryImageOfPage":{"@id":"https:\/\/uniekeuitjes.nl\/de\/ausfluege-in-twello\/#primaryimage"},"image":{"@id":"https:\/\/uniekeuitjes.nl\/de\/ausfluege-in-twello\/#primaryimage"},"thumbnailUrl":"http:\/\/uniekeuitjes.nl\/wp-content\/uploads\/2019\/02\/site-login-logo.png","datePublished":"2019-02-18T15:15:12+00:00","dateModified":"2023-09-15T13:49:08+00:00","description":"Erkunden Sie Twello und die Umgebung mit einer Solextocht, oder radeln Sie mit den Kindern im Luxus-Lastenfahrrad. Besuchen Sie die Website f\u00fcr alle unsere Ausfl\u00fcge in Twello","breadcrumb":{"@id":"https:\/\/uniekeuitjes.nl\/de\/ausfluege-in-twello\/#breadcrumb"},"inLanguage":"nl-NL","potentialAction":[{"@type":"ReadAction","target":["https:\/\/uniekeuitjes.nl\/de\/ausfluege-in-twello\/"]}]},{"@type":"ImageObject","inLanguage":"nl-NL","@id":"https:\/\/uniekeuitjes.nl\/de\/ausfluege-in-twello\/#primaryimage","url":"http:\/\/uniekeuitjes.nl\/wp-content\/uploads\/2019\/02\/site-login-logo.png","contentUrl":"http:\/\/uniekeuitjes.nl\/wp-content\/uploads\/2019\/02\/site-login-logo.png"},{"@type":"BreadcrumbList","@id":"https:\/\/uniekeuitjes.nl\/de\/ausfluege-in-twello\/#breadcrumb","itemListElement":[{"@type":"ListItem","position":1,"name":"Home","item":"https:\/\/uniekeuitjes.nl\/de\/"},{"@type":"ListItem","position":2,"name":"Ausfl\u00fcge in Twello"}]},{"@type":"WebSite","@id":"\/#website","url":"\/","name":"Uniekeuitjes.nl","description":"Goedkope leuke uitjes zelf samen te stellen","publisher":{"@id":"\/#organization"},"potentialAction":[{"@type":"SearchAction","target":{"@type":"EntryPoint","urlTemplate":"\/?s={search_term_string}"},"query-input":{"@type":"PropertyValueSpecification","valueRequired":true,"valueName":"search_term_string"}}],"inLanguage":"nl-NL"},{"@type":"Organization","@id":"\/#organization","name":"Unieke Uitjes","url":"\/","logo":{"@type":"ImageObject","inLanguage":"nl-NL","@id":"\/#\/schema\/logo\/image\/","url":"https:\/\/uniekeuitjes.nl\/wp-content\/uploads\/2019\/02\/site-login-logo.png","contentUrl":"https:\/\/uniekeuitjes.nl\/wp-content\/uploads\/2019\/02\/site-login-logo.png","width":708,"height":345,"caption":"Unieke Uitjes"},"image":{"@id":"\/#\/schema\/logo\/image\/"},"sameAs":["https:\/\/www.facebook.com\/uniekeuitjes.nl","https:\/\/www.instagram.com\/uniekeuitjes.nl\/","https:\/\/www.linkedin.com\/company\/unieke-uitjes-nl","https:\/\/www.youtube.com\/channel\/UCXwRXFWP_R0kxRAeL79FQfw"]}]}},"_links":{"self":[{"href":"https:\/\/uniekeuitjes.nl\/de\/wp-json\/wp\/v2\/pages\/11787","targetHints":{"allow":["GET"]}}],"collection":[{"href":"https:\/\/uniekeuitjes.nl\/de\/wp-json\/wp\/v2\/pages"}],"about":[{"href":"https:\/\/uniekeuitjes.nl\/de\/wp-json\/wp\/v2\/types\/page"}],"author":[{"embeddable":true,"href":"https:\/\/uniekeuitjes.nl\/de\/wp-json\/wp\/v2\/users\/1"}],"replies":[{"embeddable":true,"href":"https:\/\/uniekeuitjes.nl\/de\/wp-json\/wp\/v2\/comments?post=11787"}],"version-history":[{"count":0,"href":"https:\/\/uniekeuitjes.nl\/de\/wp-json\/wp\/v2\/pages\/11787\/revisions"}],"wp:attachment":[{"href":"https:\/\/uniekeuitjes.nl\/de\/wp-json\/wp\/v2\/media?parent=11787"}],"wp:term":[{"taxonomy":"category","embeddable":true,"href":"https:\/\/uniekeuitjes.nl\/de\/wp-json\/wp\/v2\/categories?post=11787"}],"curies":[{"name":"wp","href":"https:\/\/api.w.org\/{rel}","templated":true}]}}