{"id":11788,"date":"2019-02-18T15:10:57","date_gmt":"2019-02-18T15:10:57","guid":{"rendered":"https:\/\/uniekeuitjes.nl\/ausfluege-in-ruurlo\/"},"modified":"2023-09-15T13:48:55","modified_gmt":"2023-09-15T13:48:55","slug":"ausfluege-in-ruurlo","status":"publish","type":"page","link":"https:\/\/uniekeuitjes.nl\/de\/ausfluege-in-ruurlo\/","title":{"rendered":"Ausfl\u00fcge in Ruurlo"},"content":{"rendered":"<h2>Ausfl\u00fcge in Ruurlo<\/h2>\n<p>Unique Uitjes bietet sehr viele Aktivit\u00e4ten, Pakete und Ausfl\u00fcge in Ruurlo an. Erkunden Sie die Gegend mit einem elektrischen TukTuk oder mit den Kindern auf dem Lastenfahrrad! Radeln Sie mit dem Tandem zum Museum More. Gehen Sie zum Laser-Tontaubenschie\u00dfen oder vergn\u00fcgen Sie sich bei einem Hexathlon!<\/p>\n<p>Sie k\u00f6nnen alle Aktivit\u00e4ten von Unique Outings einzeln buchen oder sie zu einem individuellen Paket zusammenstellen.<\/p>\n<p>&nbsp;<\/p>\n<h2>\u00dcber Ruurlo:<\/h2>\n<p>Ruurlo ist ein Dorf in der Achterhoek, das dem Wort Gem\u00fctlichkeit eine sehr gute Bedeutung verleiht. Schauen Sie sich das Zentrum selbst an und \u00fcberzeugen Sie sich davon, dass es ein guter Ort ist, um dort zu sein. Es gibt viel zu sehen und zu tun. Und au\u00dferhalb des Dorfes&#8230; Inmitten der sch\u00f6nen Landschaft liegt das Schloss Ruurlo, und das gr\u00f6\u00dfte Heckenlabyrinth Europas ist zu Fu\u00df erreichbar. In den letzten Jahren ist das Schloss Ruurlo vor allem als Sitz des Museums More bekannt geworden. Auch das Geb\u00e4ude selbst und sein sch\u00f6ner Garten sind einen Besuch wert.<\/p>\n<p>&nbsp;<\/p>\n<p>Unique Outings bietet viele M\u00f6glichkeiten, Ihren Besuch in Ruurlo und der Achterhoek zu einem Fest zu machen. Das Museum More kann nat\u00fcrlich eine sch\u00f6ne Erg\u00e4nzung zu den ohnehin schon sch\u00f6nen Routen und Aktivit\u00e4ten sein.<\/p>\n<p>&nbsp;<\/p>\n<h3>Einzigartige Ausfl\u00fcge<\/h3>\n<p>Von unserem Besuchsort aus k\u00f6nnen wir die folgenden individuellen Aktivit\u00e4ten anbieten (dies ist nur ein Auszug aus unserem Gesamtangebot). Auf Wunsch k\u00f6nnen wir auch pr\u00fcfen, was bei Ihnen vor Ort m\u00f6glich ist.<\/p>\n<ul>\n<li><a href=\"https:\/\/uniekeuitjes.nl\/uitje\/solex-huren-solexverhuur\/\">Solex mieten<\/a><\/li>\n<li><a href=\"https:\/\/uniekeuitjes.nl\/uitje\/echopper-huren\/\">E-Chopper fahren<\/a><\/li>\n<li><a href=\"https:\/\/uniekeuitjes.nl\/uitje\/tandem-cruiser\/\">Tandem-Touren<\/a><\/li>\n<li><a href=\"https:\/\/uniekeuitjes.nl\/uitje\/tuktuk-huren\/\">TukTuk&#8217;s<\/a> oder <a href=\"https:\/\/uniekeuitjes.nl\/uitje\/trigger-huren\/\">Trigger<\/a> fahren<\/li>\n<li><a href=\"https:\/\/uniekeuitjes.nl\/uitje\/skeltertreinen-groepsfietsen\/\">Skelter-Z\u00fcge<\/a><\/li>\n<li><a href=\"https:\/\/uniekeuitjes.nl\/uitje\/boog-en-kruisboog\/\">Bogenschie\u00dfen und Armbrustschie\u00dfen<\/a><\/li>\n<li><a href=\"https:\/\/uniekeuitjes.nl\/uitje\/buksschieten\/\">Schie\u00dfen mit Flinte oder Luftgewehr<\/a><\/li>\n<li><a href=\"https:\/\/uniekeuitjes.nl\/uitje\/schieten-met-5-wapensoorten\/\">Werkst\u00e4tten mit 5 Waffentypen<\/a><\/li>\n<li>Sechs Camps, <a href=\"https:\/\/uniekeuitjes.nl\/uitje\/indoor-zeskamp\/\">drinnen<\/a> oder <a href=\"https:\/\/uniekeuitjes.nl\/uitje\/grote-zeskamp\/\">drau\u00dfen<\/a><\/li>\n<li><a href=\"https:\/\/uniekeuitjes.nl\/spelshows\/\">Spielshows<\/a> und <a href=\"https:\/\/uniekeuitjes.nl\/uitje\/casino-avond\/\">Casino-Abende<\/a><\/li>\n<li>Ein <a href=\"https:\/\/uniekeuitjes.nl\/uitje\/pubquiz\/\">Kneipenquiz<\/a>, <a href=\"https:\/\/uniekeuitjes.nl\/uitje\/muziekquiz\/\">Musikquiz<\/a> oder <a href=\"https:\/\/uniekeuitjes.nl\/uitje\/bingoshow\/\">Bingo<\/a><\/li>\n<li><a href=\"https:\/\/uniekeuitjes.nl\/uitje\/straatgolf-of-boerengolf\/\">Bauerngolf<\/a> und <a href=\"https:\/\/uniekeuitjes.nl\/uitje\/klootschieten\/\">Bogenschie\u00dfen<\/a><\/li>\n<li><a href=\"https:\/\/uniekeuitjes.nl\/uitje\/indoor-en-outdoor-lasergamen-op-locatie\/\">Laser-Spiele<\/a><\/li>\n<\/ul>\n<p>&nbsp;<\/p>\n<p>Nehmen Sie Kontakt mit uns auf, damit wir Ihre Bed\u00fcrfnisse und Ideen besprechen k\u00f6nnen.<\/p>\n<p>Wir sehen uns bei Unique Outings!<\/p>\n<p>&nbsp;<\/p>\n<p><a href=\"https:\/\/uniekeuitjes.nl\"><img loading=\"lazy\" decoding=\"async\" class=\"alignnone wp-image-377\" src=\"http:\/\/uniekeuitjes.nl\/wp-content\/uploads\/2019\/02\/site-login-logo.png\" alt=\"\" width=\"462\" height=\"225\" srcset=\"https:\/\/uniekeuitjes.nl\/wp-content\/uploads\/2019\/02\/site-login-logo.png 708w, https:\/\/uniekeuitjes.nl\/wp-content\/uploads\/2019\/02\/site-login-logo-300x146.png 300w, https:\/\/uniekeuitjes.nl\/wp-content\/uploads\/2019\/02\/site-login-logo-600x292.png 600w\" sizes=\"auto, (max-width: 462px) 100vw, 462px\" \/><\/a><\/p>\n<p>&nbsp;<\/p>\n","protected":false},"excerpt":{"rendered":"<p>Ausfl\u00fcge in Ruurlo Unique Uitjes bietet sehr viele Aktivit\u00e4ten, Pakete und Ausfl\u00fcge in Ruurlo an. Erkunden Sie die Gegend mit einem elektrischen TukTuk oder mit den Kindern auf dem Lastenfahrrad! Radeln Sie mit dem Tandem zum Museum More. Gehen Sie zum Laser-Tontaubenschie\u00dfen oder vergn\u00fcgen Sie sich bei einem Hexathlon! Sie k\u00f6nnen alle Aktivit\u00e4ten von Unique [&hellip;]<\/p>\n","protected":false},"author":1,"featured_media":0,"parent":0,"menu_order":0,"comment_status":"closed","ping_status":"closed","template":"","meta":{"_acf_changed":false,"_monsterinsights_skip_tracking":false,"_monsterinsights_sitenote_active":false,"_monsterinsights_sitenote_note":"","_monsterinsights_sitenote_category":0,"footnotes":""},"categories":[73],"class_list":["post-11788","page","type-page","status-publish","hentry","category-zielseite"],"acf":[],"yoast_head":"<!-- This site is optimized with the Yoast SEO plugin v27.5 - https:\/\/yoast.com\/product\/yoast-seo-wordpress\/ -->\n<title>Ausfl\u00fcge in Ruurlo - Verschiedene Aktivit\u00e4ten &amp; Ausfl\u00fcge in Ruurlo<\/title>\n<meta name=\"description\" content=\"Ausfl\u00fcge in Ruurlo. Nat\u00fcrlich ist auch das bei Unique Outings kein Problem. Wir bieten komplette Aktivit\u00e4ten und Ausfl\u00fcge f\u00fcr Sie und auch in Raalte.\" \/>\n<meta name=\"robots\" content=\"index, follow, max-snippet:-1, max-image-preview:large, max-video-preview:-1\" \/>\n<link rel=\"canonical\" href=\"https:\/\/uniekeuitjes.nl\/de\/ausfluege-in-ruurlo\/\" \/>\n<meta property=\"og:locale\" content=\"nl_NL\" \/>\n<meta property=\"og:type\" content=\"article\" \/>\n<meta property=\"og:title\" content=\"Ausfl\u00fcge in Ruurlo - Verschiedene Aktivit\u00e4ten &amp; Ausfl\u00fcge in Ruurlo\" \/>\n<meta property=\"og:description\" content=\"Ausfl\u00fcge in Ruurlo. Nat\u00fcrlich ist auch das bei Unique Outings kein Problem. Wir bieten komplette Aktivit\u00e4ten und Ausfl\u00fcge f\u00fcr Sie und auch in Raalte.\" \/>\n<meta property=\"og:url\" content=\"https:\/\/uniekeuitjes.nl\/de\/ausfluege-in-ruurlo\/\" \/>\n<meta property=\"og:site_name\" content=\"Uniekeuitjes.nl\" \/>\n<meta property=\"article:publisher\" content=\"https:\/\/www.facebook.com\/uniekeuitjes.nl\" \/>\n<meta property=\"article:modified_time\" content=\"2023-09-15T13:48:55+00:00\" \/>\n<meta property=\"og:image\" content=\"http:\/\/uniekeuitjes.nl\/wp-content\/uploads\/2019\/02\/site-login-logo.png\" \/>\n<meta name=\"twitter:card\" content=\"summary_large_image\" \/>\n<meta name=\"twitter:label1\" content=\"Geschatte leestijd\" \/>\n\t<meta name=\"twitter:data1\" content=\"2 minuten\" \/>\n<script type=\"application\/ld+json\" class=\"yoast-schema-graph\">{\"@context\":\"https:\\\/\\\/schema.org\",\"@graph\":[{\"@type\":\"WebPage\",\"@id\":\"https:\\\/\\\/uniekeuitjes.nl\\\/de\\\/ausfluege-in-ruurlo\\\/\",\"url\":\"https:\\\/\\\/uniekeuitjes.nl\\\/de\\\/ausfluege-in-ruurlo\\\/\",\"name\":\"Ausfl\u00fcge in Ruurlo - Verschiedene Aktivit\u00e4ten & Ausfl\u00fcge in Ruurlo\",\"isPartOf\":{\"@id\":\"\\\/#website\"},\"primaryImageOfPage\":{\"@id\":\"https:\\\/\\\/uniekeuitjes.nl\\\/de\\\/ausfluege-in-ruurlo\\\/#primaryimage\"},\"image\":{\"@id\":\"https:\\\/\\\/uniekeuitjes.nl\\\/de\\\/ausfluege-in-ruurlo\\\/#primaryimage\"},\"thumbnailUrl\":\"http:\\\/\\\/uniekeuitjes.nl\\\/wp-content\\\/uploads\\\/2019\\\/02\\\/site-login-logo.png\",\"datePublished\":\"2019-02-18T15:10:57+00:00\",\"dateModified\":\"2023-09-15T13:48:55+00:00\",\"description\":\"Ausfl\u00fcge in Ruurlo. Nat\u00fcrlich ist auch das bei Unique Outings kein Problem. Wir bieten komplette Aktivit\u00e4ten und Ausfl\u00fcge f\u00fcr Sie und auch in Raalte.\",\"breadcrumb\":{\"@id\":\"https:\\\/\\\/uniekeuitjes.nl\\\/de\\\/ausfluege-in-ruurlo\\\/#breadcrumb\"},\"inLanguage\":\"nl-NL\",\"potentialAction\":[{\"@type\":\"ReadAction\",\"target\":[\"https:\\\/\\\/uniekeuitjes.nl\\\/de\\\/ausfluege-in-ruurlo\\\/\"]}]},{\"@type\":\"ImageObject\",\"inLanguage\":\"nl-NL\",\"@id\":\"https:\\\/\\\/uniekeuitjes.nl\\\/de\\\/ausfluege-in-ruurlo\\\/#primaryimage\",\"url\":\"http:\\\/\\\/uniekeuitjes.nl\\\/wp-content\\\/uploads\\\/2019\\\/02\\\/site-login-logo.png\",\"contentUrl\":\"http:\\\/\\\/uniekeuitjes.nl\\\/wp-content\\\/uploads\\\/2019\\\/02\\\/site-login-logo.png\"},{\"@type\":\"BreadcrumbList\",\"@id\":\"https:\\\/\\\/uniekeuitjes.nl\\\/de\\\/ausfluege-in-ruurlo\\\/#breadcrumb\",\"itemListElement\":[{\"@type\":\"ListItem\",\"position\":1,\"name\":\"Home\",\"item\":\"https:\\\/\\\/uniekeuitjes.nl\\\/de\\\/\"},{\"@type\":\"ListItem\",\"position\":2,\"name\":\"Ausfl\u00fcge in Ruurlo\"}]},{\"@type\":\"WebSite\",\"@id\":\"\\\/#website\",\"url\":\"\\\/\",\"name\":\"Uniekeuitjes.nl\",\"description\":\"Goedkope leuke uitjes zelf samen te stellen\",\"publisher\":{\"@id\":\"\\\/#organization\"},\"potentialAction\":[{\"@type\":\"SearchAction\",\"target\":{\"@type\":\"EntryPoint\",\"urlTemplate\":\"\\\/?s={search_term_string}\"},\"query-input\":{\"@type\":\"PropertyValueSpecification\",\"valueRequired\":true,\"valueName\":\"search_term_string\"}}],\"inLanguage\":\"nl-NL\"},{\"@type\":\"Organization\",\"@id\":\"\\\/#organization\",\"name\":\"Unieke Uitjes\",\"url\":\"\\\/\",\"logo\":{\"@type\":\"ImageObject\",\"inLanguage\":\"nl-NL\",\"@id\":\"\\\/#\\\/schema\\\/logo\\\/image\\\/\",\"url\":\"https:\\\/\\\/uniekeuitjes.nl\\\/wp-content\\\/uploads\\\/2019\\\/02\\\/site-login-logo.png\",\"contentUrl\":\"https:\\\/\\\/uniekeuitjes.nl\\\/wp-content\\\/uploads\\\/2019\\\/02\\\/site-login-logo.png\",\"width\":708,\"height\":345,\"caption\":\"Unieke Uitjes\"},\"image\":{\"@id\":\"\\\/#\\\/schema\\\/logo\\\/image\\\/\"},\"sameAs\":[\"https:\\\/\\\/www.facebook.com\\\/uniekeuitjes.nl\",\"https:\\\/\\\/www.instagram.com\\\/uniekeuitjes.nl\\\/\",\"https:\\\/\\\/www.linkedin.com\\\/company\\\/unieke-uitjes-nl\",\"https:\\\/\\\/www.youtube.com\\\/channel\\\/UCXwRXFWP_R0kxRAeL79FQfw\"]}]}<\/script>\n<!-- \/ Yoast SEO plugin. -->","yoast_head_json":{"title":"Ausfl\u00fcge in Ruurlo - Verschiedene Aktivit\u00e4ten & Ausfl\u00fcge in Ruurlo","description":"Ausfl\u00fcge in Ruurlo. Nat\u00fcrlich ist auch das bei Unique Outings kein Problem. Wir bieten komplette Aktivit\u00e4ten und Ausfl\u00fcge f\u00fcr Sie und auch in Raalte.","robots":{"index":"index","follow":"follow","max-snippet":"max-snippet:-1","max-image-preview":"max-image-preview:large","max-video-preview":"max-video-preview:-1"},"canonical":"https:\/\/uniekeuitjes.nl\/de\/ausfluege-in-ruurlo\/","og_locale":"nl_NL","og_type":"article","og_title":"Ausfl\u00fcge in Ruurlo - Verschiedene Aktivit\u00e4ten & Ausfl\u00fcge in Ruurlo","og_description":"Ausfl\u00fcge in Ruurlo. Nat\u00fcrlich ist auch das bei Unique Outings kein Problem. Wir bieten komplette Aktivit\u00e4ten und Ausfl\u00fcge f\u00fcr Sie und auch in Raalte.","og_url":"https:\/\/uniekeuitjes.nl\/de\/ausfluege-in-ruurlo\/","og_site_name":"Uniekeuitjes.nl","article_publisher":"https:\/\/www.facebook.com\/uniekeuitjes.nl","article_modified_time":"2023-09-15T13:48:55+00:00","og_image":[{"url":"http:\/\/uniekeuitjes.nl\/wp-content\/uploads\/2019\/02\/site-login-logo.png","type":"","width":"","height":""}],"twitter_card":"summary_large_image","twitter_misc":{"Geschatte leestijd":"2 minuten"},"schema":{"@context":"https:\/\/schema.org","@graph":[{"@type":"WebPage","@id":"https:\/\/uniekeuitjes.nl\/de\/ausfluege-in-ruurlo\/","url":"https:\/\/uniekeuitjes.nl\/de\/ausfluege-in-ruurlo\/","name":"Ausfl\u00fcge in Ruurlo - Verschiedene Aktivit\u00e4ten & Ausfl\u00fcge in Ruurlo","isPartOf":{"@id":"\/#website"},"primaryImageOfPage":{"@id":"https:\/\/uniekeuitjes.nl\/de\/ausfluege-in-ruurlo\/#primaryimage"},"image":{"@id":"https:\/\/uniekeuitjes.nl\/de\/ausfluege-in-ruurlo\/#primaryimage"},"thumbnailUrl":"http:\/\/uniekeuitjes.nl\/wp-content\/uploads\/2019\/02\/site-login-logo.png","datePublished":"2019-02-18T15:10:57+00:00","dateModified":"2023-09-15T13:48:55+00:00","description":"Ausfl\u00fcge in Ruurlo. Nat\u00fcrlich ist auch das bei Unique Outings kein Problem. Wir bieten komplette Aktivit\u00e4ten und Ausfl\u00fcge f\u00fcr Sie und auch in Raalte.","breadcrumb":{"@id":"https:\/\/uniekeuitjes.nl\/de\/ausfluege-in-ruurlo\/#breadcrumb"},"inLanguage":"nl-NL","potentialAction":[{"@type":"ReadAction","target":["https:\/\/uniekeuitjes.nl\/de\/ausfluege-in-ruurlo\/"]}]},{"@type":"ImageObject","inLanguage":"nl-NL","@id":"https:\/\/uniekeuitjes.nl\/de\/ausfluege-in-ruurlo\/#primaryimage","url":"http:\/\/uniekeuitjes.nl\/wp-content\/uploads\/2019\/02\/site-login-logo.png","contentUrl":"http:\/\/uniekeuitjes.nl\/wp-content\/uploads\/2019\/02\/site-login-logo.png"},{"@type":"BreadcrumbList","@id":"https:\/\/uniekeuitjes.nl\/de\/ausfluege-in-ruurlo\/#breadcrumb","itemListElement":[{"@type":"ListItem","position":1,"name":"Home","item":"https:\/\/uniekeuitjes.nl\/de\/"},{"@type":"ListItem","position":2,"name":"Ausfl\u00fcge in Ruurlo"}]},{"@type":"WebSite","@id":"\/#website","url":"\/","name":"Uniekeuitjes.nl","description":"Goedkope leuke uitjes zelf samen te stellen","publisher":{"@id":"\/#organization"},"potentialAction":[{"@type":"SearchAction","target":{"@type":"EntryPoint","urlTemplate":"\/?s={search_term_string}"},"query-input":{"@type":"PropertyValueSpecification","valueRequired":true,"valueName":"search_term_string"}}],"inLanguage":"nl-NL"},{"@type":"Organization","@id":"\/#organization","name":"Unieke Uitjes","url":"\/","logo":{"@type":"ImageObject","inLanguage":"nl-NL","@id":"\/#\/schema\/logo\/image\/","url":"https:\/\/uniekeuitjes.nl\/wp-content\/uploads\/2019\/02\/site-login-logo.png","contentUrl":"https:\/\/uniekeuitjes.nl\/wp-content\/uploads\/2019\/02\/site-login-logo.png","width":708,"height":345,"caption":"Unieke Uitjes"},"image":{"@id":"\/#\/schema\/logo\/image\/"},"sameAs":["https:\/\/www.facebook.com\/uniekeuitjes.nl","https:\/\/www.instagram.com\/uniekeuitjes.nl\/","https:\/\/www.linkedin.com\/company\/unieke-uitjes-nl","https:\/\/www.youtube.com\/channel\/UCXwRXFWP_R0kxRAeL79FQfw"]}]}},"_links":{"self":[{"href":"https:\/\/uniekeuitjes.nl\/de\/wp-json\/wp\/v2\/pages\/11788","targetHints":{"allow":["GET"]}}],"collection":[{"href":"https:\/\/uniekeuitjes.nl\/de\/wp-json\/wp\/v2\/pages"}],"about":[{"href":"https:\/\/uniekeuitjes.nl\/de\/wp-json\/wp\/v2\/types\/page"}],"author":[{"embeddable":true,"href":"https:\/\/uniekeuitjes.nl\/de\/wp-json\/wp\/v2\/users\/1"}],"replies":[{"embeddable":true,"href":"https:\/\/uniekeuitjes.nl\/de\/wp-json\/wp\/v2\/comments?post=11788"}],"version-history":[{"count":0,"href":"https:\/\/uniekeuitjes.nl\/de\/wp-json\/wp\/v2\/pages\/11788\/revisions"}],"wp:attachment":[{"href":"https:\/\/uniekeuitjes.nl\/de\/wp-json\/wp\/v2\/media?parent=11788"}],"wp:term":[{"taxonomy":"category","embeddable":true,"href":"https:\/\/uniekeuitjes.nl\/de\/wp-json\/wp\/v2\/categories?post=11788"}],"curies":[{"name":"wp","href":"https:\/\/api.w.org\/{rel}","templated":true}]}}