{"id":11791,"date":"2019-02-18T15:12:21","date_gmt":"2019-02-18T15:12:21","guid":{"rendered":"https:\/\/uniekeuitjes.nl\/ausfluege-in-schalkhaar\/"},"modified":"2023-09-15T13:49:09","modified_gmt":"2023-09-15T13:49:09","slug":"ausfluege-in-schalkhaar","status":"publish","type":"page","link":"https:\/\/uniekeuitjes.nl\/de\/ausfluege-in-schalkhaar\/","title":{"rendered":"Ausfl\u00fcge in Schalkhaar"},"content":{"rendered":"<h2>Ausfl\u00fcge in Schalkhaar und Colmschate<\/h2>\n<p>Ausfl\u00fcge in Schalkhaar. Suchen Sie einen Ausflug? Unique Uitjes hat viele Ausflugsziele, nat\u00fcrlich auch in (der N\u00e4he von) Schalkhaar und Colmschate. Wir k\u00f6nnen alles zu Ihrem Standort bringen. Sie k\u00f6nnen Ihre Aktivit\u00e4ten auch in lokalen Gastronomiebetrieben beginnen.<\/p>\n<p>Unique Outings h\u00e4lt mehrere Arten von (Betriebs-)Ausfl\u00fcgen f\u00fcr Sie bereit. Sie k\u00f6nnen eine sch\u00f6ne Solex-Tour oder eine GPS-Tour machen, mit einem elektrischen 7-Sitzer-TukTuk oder unseren sch\u00f6nen Cruiser-Tandems fahren. Wir haben auch mehrere Spiele im Angebot oder Schie\u00dfanlagen mit verschiedenen Waffen. Alles sicher und gut gef\u00fchrt. Wie auch immer Sie sich entscheiden, unsere enthusiastischen Reiseleiter werden daf\u00fcr sorgen, dass jeder Ausflug ein Erfolg wird.<\/p>\n<p>Unique Uitjes bietet auch Junggesellenabschiede oder ein Pub-Quiz an. Die verschiedenen gastronomischen Einrichtungen und die sch\u00f6ne Umgebung eignen sich hervorragend daf\u00fcr. Anschlie\u00dfend k\u00f6nnen Sie in einem der zahlreichen Restaurants, die f\u00fcr jeden Geschmack etwas zu bieten haben, fein speisen.<\/p>\n<p>\u00dcbrigens: Wussten Sie, dass wir f\u00fcr Sie immer ein kostenloses und unverbindliches Programm erstellen? Auf diese Weise haben Sie immer einen guten \u00dcberblick \u00fcber Ihren Ausflug.<\/p>\n<p>&nbsp;<\/p>\n<p>&nbsp;<\/p>\n<h2>\u00dcber die Region (Salland):<\/h2>\n<p>Salland ist eine wundersch\u00f6ne Landschaft, die von Landwirtschaft und Viehzucht gepr\u00e4gt ist. Der Fluss IJssel schl\u00e4ngelt sich wundersch\u00f6n durch die Landschaft und die Hansestadt Deventer ist einen Besuch wert. Es gibt viele sch\u00f6ne Anwesen mit dazugeh\u00f6rigen Herrenh\u00e4usern, Villen und Schl\u00f6ssern zu entdecken. Wir versuchen, unsere Routen so zu gestalten, dass Sie so viele sch\u00f6ne Orte der Region wie m\u00f6glich sehen k\u00f6nnen.<\/p>\n<div><\/div>\n<div>\n<h3>Einzigartige Ausfl\u00fcge<\/h3>\n<p>Von unserem Besuchsort aus k\u00f6nnen wir die folgenden individuellen Aktivit\u00e4ten anbieten (dies ist nur ein Auszug aus unserem Gesamtangebot). Auf Wunsch k\u00f6nnen wir auch pr\u00fcfen, was bei Ihnen vor Ort m\u00f6glich ist.<\/p>\n<ul>\n<li><a href=\"https:\/\/uniekeuitjes.nl\/uitje\/solex-huren-solexverhuur\/\">Solex mieten<\/a><\/li>\n<li><a href=\"https:\/\/uniekeuitjes.nl\/uitje\/echopper-huren\/\">E-Chopper fahren<\/a><\/li>\n<li><a href=\"https:\/\/uniekeuitjes.nl\/uitje\/tandem-cruiser\/\">Tandem-Touren<\/a><\/li>\n<li><a href=\"https:\/\/uniekeuitjes.nl\/uitje\/tuktuk-huren\/\">TukTuk&#8217;s<\/a> oder <a href=\"https:\/\/uniekeuitjes.nl\/uitje\/trigger-huren\/\">Trigger<\/a> fahren<\/li>\n<li><a href=\"https:\/\/uniekeuitjes.nl\/uitje\/skeltertreinen-groepsfietsen\/\">Skelter-Z\u00fcge<\/a><\/li>\n<li><a href=\"https:\/\/uniekeuitjes.nl\/uitje\/boog-en-kruisboog\/\">Bogenschie\u00dfen und Armbrustschie\u00dfen<\/a><\/li>\n<li><a href=\"https:\/\/uniekeuitjes.nl\/uitje\/buksschieten\/\">Schie\u00dfen mit Flinte oder Luftgewehr<\/a><\/li>\n<li><a href=\"https:\/\/uniekeuitjes.nl\/uitje\/schieten-met-5-wapensoorten\/\">Werkst\u00e4tten mit 5 Waffentypen<\/a><\/li>\n<li>Sechs Camps, <a href=\"https:\/\/uniekeuitjes.nl\/uitje\/indoor-zeskamp\/\">drinnen<\/a> oder <a href=\"https:\/\/uniekeuitjes.nl\/uitje\/grote-zeskamp\/\">drau\u00dfen<\/a><\/li>\n<li><a href=\"https:\/\/uniekeuitjes.nl\/spelshows\/\">Spielshows<\/a> und <a href=\"https:\/\/uniekeuitjes.nl\/uitje\/casino-avond\/\">Casino-Abende<\/a><\/li>\n<li>Ein <a href=\"https:\/\/uniekeuitjes.nl\/uitje\/pubquiz\/\">Kneipenquiz<\/a>, <a href=\"https:\/\/uniekeuitjes.nl\/uitje\/muziekquiz\/\">Musikquiz<\/a> oder <a href=\"https:\/\/uniekeuitjes.nl\/uitje\/bingoshow\/\">Bingo<\/a><\/li>\n<li><a href=\"https:\/\/uniekeuitjes.nl\/uitje\/straatgolf-of-boerengolf\/\">Bauerngolf<\/a> und <a href=\"https:\/\/uniekeuitjes.nl\/uitje\/klootschieten\/\">Bogenschie\u00dfen<\/a><\/li>\n<li><a href=\"https:\/\/uniekeuitjes.nl\/uitje\/indoor-en-outdoor-lasergamen-op-locatie\/\">Laser-Spiele<\/a><\/li>\n<\/ul>\n<\/div>\n<div><\/div>\n<div><\/div>\n<div><strong>Kontaktieren Sie uns, um alle Aktivit\u00e4ten und M\u00f6glichkeiten zu besprechen.<\/strong><\/div>\n<div><strong>Wir sehen uns bei Unique Outings!<\/strong><\/div>\n<div><\/div>\n<div><\/div>\n<div><a href=\"https:\/\/uniekeuitjes.nl\"><img loading=\"lazy\" decoding=\"async\" class=\"alignnone wp-image-377\" src=\"http:\/\/uniekeuitjes.nl\/wp-content\/uploads\/2019\/02\/site-login-logo.png\" alt=\"\" width=\"433\" height=\"211\" srcset=\"https:\/\/uniekeuitjes.nl\/wp-content\/uploads\/2019\/02\/site-login-logo.png 708w, https:\/\/uniekeuitjes.nl\/wp-content\/uploads\/2019\/02\/site-login-logo-300x146.png 300w, https:\/\/uniekeuitjes.nl\/wp-content\/uploads\/2019\/02\/site-login-logo-600x292.png 600w\" sizes=\"auto, (max-width: 433px) 100vw, 433px\" \/><\/a><\/div>\n","protected":false},"excerpt":{"rendered":"<p>Ausfl\u00fcge in Schalkhaar und Colmschate Ausfl\u00fcge in Schalkhaar. Suchen Sie einen Ausflug? Unique Uitjes hat viele Ausflugsziele, nat\u00fcrlich auch in (der N\u00e4he von) Schalkhaar und Colmschate. Wir k\u00f6nnen alles zu Ihrem Standort bringen. Sie k\u00f6nnen Ihre Aktivit\u00e4ten auch in lokalen Gastronomiebetrieben beginnen. Unique Outings h\u00e4lt mehrere Arten von (Betriebs-)Ausfl\u00fcgen f\u00fcr Sie bereit. Sie k\u00f6nnen eine [&hellip;]<\/p>\n","protected":false},"author":1,"featured_media":0,"parent":0,"menu_order":0,"comment_status":"closed","ping_status":"closed","template":"","meta":{"_acf_changed":false,"_monsterinsights_skip_tracking":false,"_monsterinsights_sitenote_active":false,"_monsterinsights_sitenote_note":"","_monsterinsights_sitenote_category":0,"footnotes":""},"categories":[73],"class_list":["post-11791","page","type-page","status-publish","hentry","category-zielseite"],"acf":[],"yoast_head":"<!-- This site is optimized with the Yoast SEO plugin v27.4 - https:\/\/yoast.com\/product\/yoast-seo-wordpress\/ -->\n<title>Ausfl\u00fcge in Schalkhaar - Uniekeuitjes.nl Verschiedene Ausfl\u00fcge und Aktivit\u00e4ten<\/title>\n<meta name=\"description\" content=\"Auch Ausfl\u00fcge in Schalkaar sind f\u00fcr Unique Outings kein Problem. Auch hier k\u00f6nnen wir Ihnen von allem ein bisschen bieten. einschlie\u00dflich: Spielshows, Aktivit\u00e4ten und mehr!\" \/>\n<meta name=\"robots\" content=\"index, follow, max-snippet:-1, max-image-preview:large, max-video-preview:-1\" \/>\n<link rel=\"canonical\" href=\"https:\/\/uniekeuitjes.nl\/de\/ausfluege-in-schalkhaar\/\" \/>\n<meta property=\"og:locale\" content=\"nl_NL\" \/>\n<meta property=\"og:type\" content=\"article\" \/>\n<meta property=\"og:title\" content=\"Ausfl\u00fcge in Schalkhaar - Uniekeuitjes.nl Verschiedene Ausfl\u00fcge und Aktivit\u00e4ten\" \/>\n<meta property=\"og:description\" content=\"Auch Ausfl\u00fcge in Schalkaar sind f\u00fcr Unique Outings kein Problem. Auch hier k\u00f6nnen wir Ihnen von allem ein bisschen bieten. einschlie\u00dflich: Spielshows, Aktivit\u00e4ten und mehr!\" \/>\n<meta property=\"og:url\" content=\"https:\/\/uniekeuitjes.nl\/de\/ausfluege-in-schalkhaar\/\" \/>\n<meta property=\"og:site_name\" content=\"Uniekeuitjes.nl\" \/>\n<meta property=\"article:publisher\" content=\"https:\/\/www.facebook.com\/uniekeuitjes.nl\" \/>\n<meta property=\"article:modified_time\" content=\"2023-09-15T13:49:09+00:00\" \/>\n<meta property=\"og:image\" content=\"http:\/\/uniekeuitjes.nl\/wp-content\/uploads\/2019\/02\/site-login-logo.png\" \/>\n<meta name=\"twitter:card\" content=\"summary_large_image\" \/>\n<meta name=\"twitter:label1\" content=\"Geschatte leestijd\" \/>\n\t<meta name=\"twitter:data1\" content=\"2 minuten\" \/>\n<script type=\"application\/ld+json\" class=\"yoast-schema-graph\">{\"@context\":\"https:\\\/\\\/schema.org\",\"@graph\":[{\"@type\":\"WebPage\",\"@id\":\"https:\\\/\\\/uniekeuitjes.nl\\\/de\\\/ausfluege-in-schalkhaar\\\/\",\"url\":\"https:\\\/\\\/uniekeuitjes.nl\\\/de\\\/ausfluege-in-schalkhaar\\\/\",\"name\":\"Ausfl\u00fcge in Schalkhaar - Uniekeuitjes.nl Verschiedene Ausfl\u00fcge und Aktivit\u00e4ten\",\"isPartOf\":{\"@id\":\"\\\/#website\"},\"primaryImageOfPage\":{\"@id\":\"https:\\\/\\\/uniekeuitjes.nl\\\/de\\\/ausfluege-in-schalkhaar\\\/#primaryimage\"},\"image\":{\"@id\":\"https:\\\/\\\/uniekeuitjes.nl\\\/de\\\/ausfluege-in-schalkhaar\\\/#primaryimage\"},\"thumbnailUrl\":\"http:\\\/\\\/uniekeuitjes.nl\\\/wp-content\\\/uploads\\\/2019\\\/02\\\/site-login-logo.png\",\"datePublished\":\"2019-02-18T15:12:21+00:00\",\"dateModified\":\"2023-09-15T13:49:09+00:00\",\"description\":\"Auch Ausfl\u00fcge in Schalkaar sind f\u00fcr Unique Outings kein Problem. Auch hier k\u00f6nnen wir Ihnen von allem ein bisschen bieten. einschlie\u00dflich: Spielshows, Aktivit\u00e4ten und mehr!\",\"breadcrumb\":{\"@id\":\"https:\\\/\\\/uniekeuitjes.nl\\\/de\\\/ausfluege-in-schalkhaar\\\/#breadcrumb\"},\"inLanguage\":\"nl-NL\",\"potentialAction\":[{\"@type\":\"ReadAction\",\"target\":[\"https:\\\/\\\/uniekeuitjes.nl\\\/de\\\/ausfluege-in-schalkhaar\\\/\"]}]},{\"@type\":\"ImageObject\",\"inLanguage\":\"nl-NL\",\"@id\":\"https:\\\/\\\/uniekeuitjes.nl\\\/de\\\/ausfluege-in-schalkhaar\\\/#primaryimage\",\"url\":\"http:\\\/\\\/uniekeuitjes.nl\\\/wp-content\\\/uploads\\\/2019\\\/02\\\/site-login-logo.png\",\"contentUrl\":\"http:\\\/\\\/uniekeuitjes.nl\\\/wp-content\\\/uploads\\\/2019\\\/02\\\/site-login-logo.png\"},{\"@type\":\"BreadcrumbList\",\"@id\":\"https:\\\/\\\/uniekeuitjes.nl\\\/de\\\/ausfluege-in-schalkhaar\\\/#breadcrumb\",\"itemListElement\":[{\"@type\":\"ListItem\",\"position\":1,\"name\":\"Home\",\"item\":\"https:\\\/\\\/uniekeuitjes.nl\\\/de\\\/\"},{\"@type\":\"ListItem\",\"position\":2,\"name\":\"Ausfl\u00fcge in Schalkhaar\"}]},{\"@type\":\"WebSite\",\"@id\":\"\\\/#website\",\"url\":\"\\\/\",\"name\":\"Uniekeuitjes.nl\",\"description\":\"Goedkope leuke uitjes zelf samen te stellen\",\"publisher\":{\"@id\":\"\\\/#organization\"},\"potentialAction\":[{\"@type\":\"SearchAction\",\"target\":{\"@type\":\"EntryPoint\",\"urlTemplate\":\"\\\/?s={search_term_string}\"},\"query-input\":{\"@type\":\"PropertyValueSpecification\",\"valueRequired\":true,\"valueName\":\"search_term_string\"}}],\"inLanguage\":\"nl-NL\"},{\"@type\":\"Organization\",\"@id\":\"\\\/#organization\",\"name\":\"Unieke Uitjes\",\"url\":\"\\\/\",\"logo\":{\"@type\":\"ImageObject\",\"inLanguage\":\"nl-NL\",\"@id\":\"\\\/#\\\/schema\\\/logo\\\/image\\\/\",\"url\":\"https:\\\/\\\/uniekeuitjes.nl\\\/wp-content\\\/uploads\\\/2019\\\/02\\\/site-login-logo.png\",\"contentUrl\":\"https:\\\/\\\/uniekeuitjes.nl\\\/wp-content\\\/uploads\\\/2019\\\/02\\\/site-login-logo.png\",\"width\":708,\"height\":345,\"caption\":\"Unieke Uitjes\"},\"image\":{\"@id\":\"\\\/#\\\/schema\\\/logo\\\/image\\\/\"},\"sameAs\":[\"https:\\\/\\\/www.facebook.com\\\/uniekeuitjes.nl\",\"https:\\\/\\\/www.instagram.com\\\/uniekeuitjes.nl\\\/\",\"https:\\\/\\\/www.linkedin.com\\\/company\\\/unieke-uitjes-nl\",\"https:\\\/\\\/www.youtube.com\\\/channel\\\/UCXwRXFWP_R0kxRAeL79FQfw\"]}]}<\/script>\n<!-- \/ Yoast SEO plugin. -->","yoast_head_json":{"title":"Ausfl\u00fcge in Schalkhaar - Uniekeuitjes.nl Verschiedene Ausfl\u00fcge und Aktivit\u00e4ten","description":"Auch Ausfl\u00fcge in Schalkaar sind f\u00fcr Unique Outings kein Problem. Auch hier k\u00f6nnen wir Ihnen von allem ein bisschen bieten. einschlie\u00dflich: Spielshows, Aktivit\u00e4ten und mehr!","robots":{"index":"index","follow":"follow","max-snippet":"max-snippet:-1","max-image-preview":"max-image-preview:large","max-video-preview":"max-video-preview:-1"},"canonical":"https:\/\/uniekeuitjes.nl\/de\/ausfluege-in-schalkhaar\/","og_locale":"nl_NL","og_type":"article","og_title":"Ausfl\u00fcge in Schalkhaar - Uniekeuitjes.nl Verschiedene Ausfl\u00fcge und Aktivit\u00e4ten","og_description":"Auch Ausfl\u00fcge in Schalkaar sind f\u00fcr Unique Outings kein Problem. Auch hier k\u00f6nnen wir Ihnen von allem ein bisschen bieten. einschlie\u00dflich: Spielshows, Aktivit\u00e4ten und mehr!","og_url":"https:\/\/uniekeuitjes.nl\/de\/ausfluege-in-schalkhaar\/","og_site_name":"Uniekeuitjes.nl","article_publisher":"https:\/\/www.facebook.com\/uniekeuitjes.nl","article_modified_time":"2023-09-15T13:49:09+00:00","og_image":[{"url":"http:\/\/uniekeuitjes.nl\/wp-content\/uploads\/2019\/02\/site-login-logo.png","type":"","width":"","height":""}],"twitter_card":"summary_large_image","twitter_misc":{"Geschatte leestijd":"2 minuten"},"schema":{"@context":"https:\/\/schema.org","@graph":[{"@type":"WebPage","@id":"https:\/\/uniekeuitjes.nl\/de\/ausfluege-in-schalkhaar\/","url":"https:\/\/uniekeuitjes.nl\/de\/ausfluege-in-schalkhaar\/","name":"Ausfl\u00fcge in Schalkhaar - Uniekeuitjes.nl Verschiedene Ausfl\u00fcge und Aktivit\u00e4ten","isPartOf":{"@id":"\/#website"},"primaryImageOfPage":{"@id":"https:\/\/uniekeuitjes.nl\/de\/ausfluege-in-schalkhaar\/#primaryimage"},"image":{"@id":"https:\/\/uniekeuitjes.nl\/de\/ausfluege-in-schalkhaar\/#primaryimage"},"thumbnailUrl":"http:\/\/uniekeuitjes.nl\/wp-content\/uploads\/2019\/02\/site-login-logo.png","datePublished":"2019-02-18T15:12:21+00:00","dateModified":"2023-09-15T13:49:09+00:00","description":"Auch Ausfl\u00fcge in Schalkaar sind f\u00fcr Unique Outings kein Problem. Auch hier k\u00f6nnen wir Ihnen von allem ein bisschen bieten. einschlie\u00dflich: Spielshows, Aktivit\u00e4ten und mehr!","breadcrumb":{"@id":"https:\/\/uniekeuitjes.nl\/de\/ausfluege-in-schalkhaar\/#breadcrumb"},"inLanguage":"nl-NL","potentialAction":[{"@type":"ReadAction","target":["https:\/\/uniekeuitjes.nl\/de\/ausfluege-in-schalkhaar\/"]}]},{"@type":"ImageObject","inLanguage":"nl-NL","@id":"https:\/\/uniekeuitjes.nl\/de\/ausfluege-in-schalkhaar\/#primaryimage","url":"http:\/\/uniekeuitjes.nl\/wp-content\/uploads\/2019\/02\/site-login-logo.png","contentUrl":"http:\/\/uniekeuitjes.nl\/wp-content\/uploads\/2019\/02\/site-login-logo.png"},{"@type":"BreadcrumbList","@id":"https:\/\/uniekeuitjes.nl\/de\/ausfluege-in-schalkhaar\/#breadcrumb","itemListElement":[{"@type":"ListItem","position":1,"name":"Home","item":"https:\/\/uniekeuitjes.nl\/de\/"},{"@type":"ListItem","position":2,"name":"Ausfl\u00fcge in Schalkhaar"}]},{"@type":"WebSite","@id":"\/#website","url":"\/","name":"Uniekeuitjes.nl","description":"Goedkope leuke uitjes zelf samen te stellen","publisher":{"@id":"\/#organization"},"potentialAction":[{"@type":"SearchAction","target":{"@type":"EntryPoint","urlTemplate":"\/?s={search_term_string}"},"query-input":{"@type":"PropertyValueSpecification","valueRequired":true,"valueName":"search_term_string"}}],"inLanguage":"nl-NL"},{"@type":"Organization","@id":"\/#organization","name":"Unieke Uitjes","url":"\/","logo":{"@type":"ImageObject","inLanguage":"nl-NL","@id":"\/#\/schema\/logo\/image\/","url":"https:\/\/uniekeuitjes.nl\/wp-content\/uploads\/2019\/02\/site-login-logo.png","contentUrl":"https:\/\/uniekeuitjes.nl\/wp-content\/uploads\/2019\/02\/site-login-logo.png","width":708,"height":345,"caption":"Unieke Uitjes"},"image":{"@id":"\/#\/schema\/logo\/image\/"},"sameAs":["https:\/\/www.facebook.com\/uniekeuitjes.nl","https:\/\/www.instagram.com\/uniekeuitjes.nl\/","https:\/\/www.linkedin.com\/company\/unieke-uitjes-nl","https:\/\/www.youtube.com\/channel\/UCXwRXFWP_R0kxRAeL79FQfw"]}]}},"_links":{"self":[{"href":"https:\/\/uniekeuitjes.nl\/de\/wp-json\/wp\/v2\/pages\/11791","targetHints":{"allow":["GET"]}}],"collection":[{"href":"https:\/\/uniekeuitjes.nl\/de\/wp-json\/wp\/v2\/pages"}],"about":[{"href":"https:\/\/uniekeuitjes.nl\/de\/wp-json\/wp\/v2\/types\/page"}],"author":[{"embeddable":true,"href":"https:\/\/uniekeuitjes.nl\/de\/wp-json\/wp\/v2\/users\/1"}],"replies":[{"embeddable":true,"href":"https:\/\/uniekeuitjes.nl\/de\/wp-json\/wp\/v2\/comments?post=11791"}],"version-history":[{"count":0,"href":"https:\/\/uniekeuitjes.nl\/de\/wp-json\/wp\/v2\/pages\/11791\/revisions"}],"wp:attachment":[{"href":"https:\/\/uniekeuitjes.nl\/de\/wp-json\/wp\/v2\/media?parent=11791"}],"wp:term":[{"taxonomy":"category","embeddable":true,"href":"https:\/\/uniekeuitjes.nl\/de\/wp-json\/wp\/v2\/categories?post=11791"}],"curies":[{"name":"wp","href":"https:\/\/api.w.org\/{rel}","templated":true}]}}