{"id":11792,"date":"2019-02-18T14:52:16","date_gmt":"2019-02-18T14:52:16","guid":{"rendered":"https:\/\/uniekeuitjes.nl\/ausfluege-in-harfsen\/"},"modified":"2023-09-15T13:49:02","modified_gmt":"2023-09-15T13:49:02","slug":"ausfluege-in-harfsen","status":"publish","type":"page","link":"https:\/\/uniekeuitjes.nl\/de\/ausfluege-in-harfsen\/","title":{"rendered":"Ausfl\u00fcge in Harfsen"},"content":{"rendered":"<h2><strong>Die gr\u00f6\u00dfte Auswahl an Ausfl\u00fcgen in Harfsen<\/strong><\/h2>\n<p>Ausfl\u00fcge in Harfsen: Genie\u00dfen Sie die sch\u00f6ne Umgebung von Harfsen bei einem entspannten Ausflug. Harfsen ist von unserem Standort in Laren aus schnell und einfach zu erreichen. Daher eignet sich Harfsen sehr gut f\u00fcr die Erkundung mit einem unserer sch\u00f6nen, einzigartigen Verkehrsmittel. Denken Sie zum Beispiel an unsere <a href=\"https:\/\/uniekeuitjes.nl\/uitje\/transportmiddel-solex-huren\/\">Solexes<\/a>, <a href=\"https:\/\/uniekeuitjes.nl\/uitje\/transportmiddel-tuktuk\/\">TukTuk&#8217;s<\/a>, <a href=\"https:\/\/uniekeuitjes.nl\/uitje\/trigger-huren\/\">Trigger<\/a>, <a href=\"https:\/\/uniekeuitjes.nl\/uitje\/transportmiddel-tandems\/\">Tandems<\/a> oder unsere<a href=\"https:\/\/uniekeuitjes.nl\/uitje\/echopper-elektrische-scooter-huren\/\"> E-Choppers<\/a>! Neben diesen Fortbewegungsmitteln bietet Unique Uitjes auch andere vielf\u00e4ltige Aktivit\u00e4ten und Spielshows wie <a href=\"https:\/\/uniekeuitjes.nl\/uitje\/indoor-en-outdoor-lasergamen-op-locatie\/\">Lasergaming<\/a>, <a href=\"https:\/\/uniekeuitjes.nl\/uitje\/grote-zeskamp\/\">den Hexathlon<\/a>, den <a href=\"https:\/\/uniekeuitjes.nl\/uitje\/halve-zeskamp\/\">halben Hexathlon<\/a>, <a href=\"https:\/\/uniekeuitjes.nl\/uitje\/ik-hou-van-holland\/\">Ik Hou Van<\/a> Holland oder ein <a href=\"https:\/\/uniekeuitjes.nl\/uitje\/pubquiz\/\">Pubquiz.<\/a><\/p>\n<p>&nbsp;<\/p>\n<p>&nbsp;<\/p>\n<p>&nbsp;<\/p>\n<h2><strong>\u00dcber Harfsen:<\/strong><\/h2>\n<p>Harfsen ist ein Dorf, das zwischen Deventer und Lochem liegt. Es ist ein wunderbarer Ort, um dem Alltag zu entfliehen. Die zahlreichen Campingpl\u00e4tze in der Umgebung garantieren Geselligkeit, Gastfreundschaft und Ruhe. Genie\u00dfen Sie w\u00e4hrend Ihrer Tour durch Harfsen eine kurze Pause im stimmungsvollen <a href=\"https:\/\/www.haarbroek.com\/\">&#8220;<strong>Haarbroekse Vijvertuin&#8221;<\/strong><\/a>, vielleicht eines der bestgeh\u00fcteten Geheimnisse der Region. Der Haarbroeker Teichgarten ist ein Teeladen mit Zaubergarten. Dieser Zaubergarten besteht aus allen Arten von Kunstobjekten, die aus alten Materialien hergestellt wurden. Innen und au\u00dfen sind insgesamt mehr als 200 Sprichw\u00f6rter und Redewendungen abgebildet. Der Haarbroeker Teichgarten ist kein Spielplatz, aber dennoch ein gro\u00dfer Spa\u00df f\u00fcr Kinder. Und auch Sie werden Ihre Augen erfreuen.<\/p>\n<p>Sie k\u00f6nnen auch eine kurze Pause einlegen in der <a href=\"https:\/\/www.campingdewaterjuffer.nl\/faciliteiten\/eten_amp_drinken\"><br \/>\n  <strong>Brasserie de Waterjuffer<\/strong><br \/>\n<\/a>die sich auf einem sch\u00f6nen Campingplatz befindet. Das Catering und die Snackbar der Brasserie sind sehr zu empfehlen. Hier k\u00f6nnen Sie nach einer langen und sch\u00f6nen Tour zu Mittag oder zu Abend essen. In der Brasserie mit ihrem gem\u00fctlichen Restaurant und den k\u00f6stlichen Speisen werden Sie sich schnell zu Hause f\u00fchlen.<\/p>\n<p>&nbsp;<\/p>\n<p>&nbsp;<\/p>\n<p><strong>Auf der Homepage finden Sie noch mehr M\u00f6glichkeiten, und Sie k\u00f6nnen uns gerne f\u00fcr eine Beratung kontaktieren.<\/strong><\/p>\n<p><strong>Wir sehen uns bei Unique Outings!<\/strong><\/p>\n<p><a href=\"https:\/\/uniekeuitjes.nl\"><img loading=\"lazy\" decoding=\"async\" class=\"alignnone wp-image-377\" src=\"http:\/\/uniekeuitjes.nl\/wp-content\/uploads\/2019\/02\/site-login-logo.png\" alt=\"\" width=\"490\" height=\"239\" srcset=\"https:\/\/uniekeuitjes.nl\/wp-content\/uploads\/2019\/02\/site-login-logo.png 708w, https:\/\/uniekeuitjes.nl\/wp-content\/uploads\/2019\/02\/site-login-logo-300x146.png 300w, https:\/\/uniekeuitjes.nl\/wp-content\/uploads\/2019\/02\/site-login-logo-600x292.png 600w\" sizes=\"auto, (max-width: 490px) 100vw, 490px\" \/><\/a><\/p>\n","protected":false},"excerpt":{"rendered":"<p>Die gr\u00f6\u00dfte Auswahl an Ausfl\u00fcgen in Harfsen Ausfl\u00fcge in Harfsen: Genie\u00dfen Sie die sch\u00f6ne Umgebung von Harfsen bei einem entspannten Ausflug. Harfsen ist von unserem Standort in Laren aus schnell und einfach zu erreichen. Daher eignet sich Harfsen sehr gut f\u00fcr die Erkundung mit einem unserer sch\u00f6nen, einzigartigen Verkehrsmittel. Denken Sie zum Beispiel an unsere [&hellip;]<\/p>\n","protected":false},"author":1,"featured_media":0,"parent":0,"menu_order":0,"comment_status":"closed","ping_status":"closed","template":"","meta":{"_acf_changed":false,"_monsterinsights_skip_tracking":false,"_monsterinsights_sitenote_active":false,"_monsterinsights_sitenote_note":"","_monsterinsights_sitenote_category":0,"footnotes":""},"categories":[73],"class_list":["post-11792","page","type-page","status-publish","hentry","category-zielseite"],"acf":[],"yoast_head":"<!-- This site is optimized with the Yoast SEO plugin v27.4 - https:\/\/yoast.com\/product\/yoast-seo-wordpress\/ -->\n<title>Ausfl\u00fcge in Harfsen - Verschiedene Aktivit\u00e4ten &amp; Ausfl\u00fcge in Harfsen<\/title>\n<meta name=\"description\" content=\"Ausfl\u00fcge in Harfsen komplett organisiert von Unique Outings! Suchen Sie nach einem Tag voller unterhaltsamer Aktivit\u00e4ten? Suchen Sie nicht weiter und z\u00f6gern Sie nicht, uns zu kontaktieren!\" \/>\n<meta name=\"robots\" content=\"index, follow, max-snippet:-1, max-image-preview:large, max-video-preview:-1\" \/>\n<link rel=\"canonical\" href=\"https:\/\/uniekeuitjes.nl\/de\/ausfluege-in-harfsen\/\" \/>\n<meta property=\"og:locale\" content=\"nl_NL\" \/>\n<meta property=\"og:type\" content=\"article\" \/>\n<meta property=\"og:title\" content=\"Ausfl\u00fcge in Harfsen - Verschiedene Aktivit\u00e4ten &amp; Ausfl\u00fcge in Harfsen\" \/>\n<meta property=\"og:description\" content=\"Ausfl\u00fcge in Harfsen komplett organisiert von Unique Outings! Suchen Sie nach einem Tag voller unterhaltsamer Aktivit\u00e4ten? Suchen Sie nicht weiter und z\u00f6gern Sie nicht, uns zu kontaktieren!\" \/>\n<meta property=\"og:url\" content=\"https:\/\/uniekeuitjes.nl\/de\/ausfluege-in-harfsen\/\" \/>\n<meta property=\"og:site_name\" content=\"Uniekeuitjes.nl\" \/>\n<meta property=\"article:publisher\" content=\"https:\/\/www.facebook.com\/uniekeuitjes.nl\" \/>\n<meta property=\"article:modified_time\" content=\"2023-09-15T13:49:02+00:00\" \/>\n<meta property=\"og:image\" content=\"http:\/\/uniekeuitjes.nl\/wp-content\/uploads\/2019\/02\/site-login-logo.png\" \/>\n<meta name=\"twitter:card\" content=\"summary_large_image\" \/>\n<meta name=\"twitter:label1\" content=\"Geschatte leestijd\" \/>\n\t<meta name=\"twitter:data1\" content=\"2 minuten\" \/>\n<script type=\"application\/ld+json\" class=\"yoast-schema-graph\">{\"@context\":\"https:\\\/\\\/schema.org\",\"@graph\":[{\"@type\":\"WebPage\",\"@id\":\"https:\\\/\\\/uniekeuitjes.nl\\\/de\\\/ausfluege-in-harfsen\\\/\",\"url\":\"https:\\\/\\\/uniekeuitjes.nl\\\/de\\\/ausfluege-in-harfsen\\\/\",\"name\":\"Ausfl\u00fcge in Harfsen - Verschiedene Aktivit\u00e4ten & Ausfl\u00fcge in Harfsen\",\"isPartOf\":{\"@id\":\"\\\/#website\"},\"primaryImageOfPage\":{\"@id\":\"https:\\\/\\\/uniekeuitjes.nl\\\/de\\\/ausfluege-in-harfsen\\\/#primaryimage\"},\"image\":{\"@id\":\"https:\\\/\\\/uniekeuitjes.nl\\\/de\\\/ausfluege-in-harfsen\\\/#primaryimage\"},\"thumbnailUrl\":\"http:\\\/\\\/uniekeuitjes.nl\\\/wp-content\\\/uploads\\\/2019\\\/02\\\/site-login-logo.png\",\"datePublished\":\"2019-02-18T14:52:16+00:00\",\"dateModified\":\"2023-09-15T13:49:02+00:00\",\"description\":\"Ausfl\u00fcge in Harfsen komplett organisiert von Unique Outings! Suchen Sie nach einem Tag voller unterhaltsamer Aktivit\u00e4ten? Suchen Sie nicht weiter und z\u00f6gern Sie nicht, uns zu kontaktieren!\",\"breadcrumb\":{\"@id\":\"https:\\\/\\\/uniekeuitjes.nl\\\/de\\\/ausfluege-in-harfsen\\\/#breadcrumb\"},\"inLanguage\":\"nl-NL\",\"potentialAction\":[{\"@type\":\"ReadAction\",\"target\":[\"https:\\\/\\\/uniekeuitjes.nl\\\/de\\\/ausfluege-in-harfsen\\\/\"]}]},{\"@type\":\"ImageObject\",\"inLanguage\":\"nl-NL\",\"@id\":\"https:\\\/\\\/uniekeuitjes.nl\\\/de\\\/ausfluege-in-harfsen\\\/#primaryimage\",\"url\":\"http:\\\/\\\/uniekeuitjes.nl\\\/wp-content\\\/uploads\\\/2019\\\/02\\\/site-login-logo.png\",\"contentUrl\":\"http:\\\/\\\/uniekeuitjes.nl\\\/wp-content\\\/uploads\\\/2019\\\/02\\\/site-login-logo.png\"},{\"@type\":\"BreadcrumbList\",\"@id\":\"https:\\\/\\\/uniekeuitjes.nl\\\/de\\\/ausfluege-in-harfsen\\\/#breadcrumb\",\"itemListElement\":[{\"@type\":\"ListItem\",\"position\":1,\"name\":\"Home\",\"item\":\"https:\\\/\\\/uniekeuitjes.nl\\\/de\\\/\"},{\"@type\":\"ListItem\",\"position\":2,\"name\":\"Ausfl\u00fcge in Harfsen\"}]},{\"@type\":\"WebSite\",\"@id\":\"\\\/#website\",\"url\":\"\\\/\",\"name\":\"Uniekeuitjes.nl\",\"description\":\"Goedkope leuke uitjes zelf samen te stellen\",\"publisher\":{\"@id\":\"\\\/#organization\"},\"potentialAction\":[{\"@type\":\"SearchAction\",\"target\":{\"@type\":\"EntryPoint\",\"urlTemplate\":\"\\\/?s={search_term_string}\"},\"query-input\":{\"@type\":\"PropertyValueSpecification\",\"valueRequired\":true,\"valueName\":\"search_term_string\"}}],\"inLanguage\":\"nl-NL\"},{\"@type\":\"Organization\",\"@id\":\"\\\/#organization\",\"name\":\"Unieke Uitjes\",\"url\":\"\\\/\",\"logo\":{\"@type\":\"ImageObject\",\"inLanguage\":\"nl-NL\",\"@id\":\"\\\/#\\\/schema\\\/logo\\\/image\\\/\",\"url\":\"https:\\\/\\\/uniekeuitjes.nl\\\/wp-content\\\/uploads\\\/2019\\\/02\\\/site-login-logo.png\",\"contentUrl\":\"https:\\\/\\\/uniekeuitjes.nl\\\/wp-content\\\/uploads\\\/2019\\\/02\\\/site-login-logo.png\",\"width\":708,\"height\":345,\"caption\":\"Unieke Uitjes\"},\"image\":{\"@id\":\"\\\/#\\\/schema\\\/logo\\\/image\\\/\"},\"sameAs\":[\"https:\\\/\\\/www.facebook.com\\\/uniekeuitjes.nl\",\"https:\\\/\\\/www.instagram.com\\\/uniekeuitjes.nl\\\/\",\"https:\\\/\\\/www.linkedin.com\\\/company\\\/unieke-uitjes-nl\",\"https:\\\/\\\/www.youtube.com\\\/channel\\\/UCXwRXFWP_R0kxRAeL79FQfw\"]}]}<\/script>\n<!-- \/ Yoast SEO plugin. -->","yoast_head_json":{"title":"Ausfl\u00fcge in Harfsen - Verschiedene Aktivit\u00e4ten & Ausfl\u00fcge in Harfsen","description":"Ausfl\u00fcge in Harfsen komplett organisiert von Unique Outings! Suchen Sie nach einem Tag voller unterhaltsamer Aktivit\u00e4ten? Suchen Sie nicht weiter und z\u00f6gern Sie nicht, uns zu kontaktieren!","robots":{"index":"index","follow":"follow","max-snippet":"max-snippet:-1","max-image-preview":"max-image-preview:large","max-video-preview":"max-video-preview:-1"},"canonical":"https:\/\/uniekeuitjes.nl\/de\/ausfluege-in-harfsen\/","og_locale":"nl_NL","og_type":"article","og_title":"Ausfl\u00fcge in Harfsen - Verschiedene Aktivit\u00e4ten & Ausfl\u00fcge in Harfsen","og_description":"Ausfl\u00fcge in Harfsen komplett organisiert von Unique Outings! Suchen Sie nach einem Tag voller unterhaltsamer Aktivit\u00e4ten? Suchen Sie nicht weiter und z\u00f6gern Sie nicht, uns zu kontaktieren!","og_url":"https:\/\/uniekeuitjes.nl\/de\/ausfluege-in-harfsen\/","og_site_name":"Uniekeuitjes.nl","article_publisher":"https:\/\/www.facebook.com\/uniekeuitjes.nl","article_modified_time":"2023-09-15T13:49:02+00:00","og_image":[{"url":"http:\/\/uniekeuitjes.nl\/wp-content\/uploads\/2019\/02\/site-login-logo.png","type":"","width":"","height":""}],"twitter_card":"summary_large_image","twitter_misc":{"Geschatte leestijd":"2 minuten"},"schema":{"@context":"https:\/\/schema.org","@graph":[{"@type":"WebPage","@id":"https:\/\/uniekeuitjes.nl\/de\/ausfluege-in-harfsen\/","url":"https:\/\/uniekeuitjes.nl\/de\/ausfluege-in-harfsen\/","name":"Ausfl\u00fcge in Harfsen - Verschiedene Aktivit\u00e4ten & Ausfl\u00fcge in Harfsen","isPartOf":{"@id":"\/#website"},"primaryImageOfPage":{"@id":"https:\/\/uniekeuitjes.nl\/de\/ausfluege-in-harfsen\/#primaryimage"},"image":{"@id":"https:\/\/uniekeuitjes.nl\/de\/ausfluege-in-harfsen\/#primaryimage"},"thumbnailUrl":"http:\/\/uniekeuitjes.nl\/wp-content\/uploads\/2019\/02\/site-login-logo.png","datePublished":"2019-02-18T14:52:16+00:00","dateModified":"2023-09-15T13:49:02+00:00","description":"Ausfl\u00fcge in Harfsen komplett organisiert von Unique Outings! Suchen Sie nach einem Tag voller unterhaltsamer Aktivit\u00e4ten? Suchen Sie nicht weiter und z\u00f6gern Sie nicht, uns zu kontaktieren!","breadcrumb":{"@id":"https:\/\/uniekeuitjes.nl\/de\/ausfluege-in-harfsen\/#breadcrumb"},"inLanguage":"nl-NL","potentialAction":[{"@type":"ReadAction","target":["https:\/\/uniekeuitjes.nl\/de\/ausfluege-in-harfsen\/"]}]},{"@type":"ImageObject","inLanguage":"nl-NL","@id":"https:\/\/uniekeuitjes.nl\/de\/ausfluege-in-harfsen\/#primaryimage","url":"http:\/\/uniekeuitjes.nl\/wp-content\/uploads\/2019\/02\/site-login-logo.png","contentUrl":"http:\/\/uniekeuitjes.nl\/wp-content\/uploads\/2019\/02\/site-login-logo.png"},{"@type":"BreadcrumbList","@id":"https:\/\/uniekeuitjes.nl\/de\/ausfluege-in-harfsen\/#breadcrumb","itemListElement":[{"@type":"ListItem","position":1,"name":"Home","item":"https:\/\/uniekeuitjes.nl\/de\/"},{"@type":"ListItem","position":2,"name":"Ausfl\u00fcge in Harfsen"}]},{"@type":"WebSite","@id":"\/#website","url":"\/","name":"Uniekeuitjes.nl","description":"Goedkope leuke uitjes zelf samen te stellen","publisher":{"@id":"\/#organization"},"potentialAction":[{"@type":"SearchAction","target":{"@type":"EntryPoint","urlTemplate":"\/?s={search_term_string}"},"query-input":{"@type":"PropertyValueSpecification","valueRequired":true,"valueName":"search_term_string"}}],"inLanguage":"nl-NL"},{"@type":"Organization","@id":"\/#organization","name":"Unieke Uitjes","url":"\/","logo":{"@type":"ImageObject","inLanguage":"nl-NL","@id":"\/#\/schema\/logo\/image\/","url":"https:\/\/uniekeuitjes.nl\/wp-content\/uploads\/2019\/02\/site-login-logo.png","contentUrl":"https:\/\/uniekeuitjes.nl\/wp-content\/uploads\/2019\/02\/site-login-logo.png","width":708,"height":345,"caption":"Unieke Uitjes"},"image":{"@id":"\/#\/schema\/logo\/image\/"},"sameAs":["https:\/\/www.facebook.com\/uniekeuitjes.nl","https:\/\/www.instagram.com\/uniekeuitjes.nl\/","https:\/\/www.linkedin.com\/company\/unieke-uitjes-nl","https:\/\/www.youtube.com\/channel\/UCXwRXFWP_R0kxRAeL79FQfw"]}]}},"_links":{"self":[{"href":"https:\/\/uniekeuitjes.nl\/de\/wp-json\/wp\/v2\/pages\/11792","targetHints":{"allow":["GET"]}}],"collection":[{"href":"https:\/\/uniekeuitjes.nl\/de\/wp-json\/wp\/v2\/pages"}],"about":[{"href":"https:\/\/uniekeuitjes.nl\/de\/wp-json\/wp\/v2\/types\/page"}],"author":[{"embeddable":true,"href":"https:\/\/uniekeuitjes.nl\/de\/wp-json\/wp\/v2\/users\/1"}],"replies":[{"embeddable":true,"href":"https:\/\/uniekeuitjes.nl\/de\/wp-json\/wp\/v2\/comments?post=11792"}],"version-history":[{"count":0,"href":"https:\/\/uniekeuitjes.nl\/de\/wp-json\/wp\/v2\/pages\/11792\/revisions"}],"wp:attachment":[{"href":"https:\/\/uniekeuitjes.nl\/de\/wp-json\/wp\/v2\/media?parent=11792"}],"wp:term":[{"taxonomy":"category","embeddable":true,"href":"https:\/\/uniekeuitjes.nl\/de\/wp-json\/wp\/v2\/categories?post=11792"}],"curies":[{"name":"wp","href":"https:\/\/api.w.org\/{rel}","templated":true}]}}