{"id":11802,"date":"2019-02-18T14:59:22","date_gmt":"2019-02-18T14:59:22","guid":{"rendered":"https:\/\/uniekeuitjes.nl\/ausfluege-in-laren\/"},"modified":"2019-02-18T14:59:22","modified_gmt":"2019-02-18T14:59:22","slug":"ausfluege-in-laren","status":"publish","type":"page","link":"https:\/\/uniekeuitjes.nl\/de\/ausfluege-in-laren\/","title":{"rendered":"Ausfl\u00fcge in Laren"},"content":{"rendered":"<h2>Ausfl\u00fcge in Laren<\/h2>\n<p><b><\/b>Ausfl\u00fcge in Laren. Unique Uitjes.nl hat Laren Gelderland als Basis f\u00fcr seine Aktivit\u00e4ten. Wir haben ein gro\u00dfes Geb\u00e4ude zur Verf\u00fcgung, in dem wir unsere Solexe, Tandems und alle anderen Ausr\u00fcstungsgegenst\u00e4nde lagern. Dieses Geb\u00e4ude dient auch als repr\u00e4sentativer Empfangsbereich mit sch\u00f6nen Sitzgelegenheiten und einer h\u00fcbschen Au\u00dfenterrasse, auf der man sich z. B. nach einem Solex-Ausflug ausruhen kann. Einige der Workshops k\u00f6nnen auch in unseren R\u00e4umlichkeiten abgehalten werden, wie z.B. Bogenschie\u00dfen oder ein Indoor-Drohnen-Workshop. Laren ist auch der ideale Ort f\u00fcr Junggesellenabschiede mit kleinem Budget!<\/p>\n<p>Von unserem Besuchsort aus k\u00f6nnen wir die folgenden Einzelaktivit\u00e4ten anbieten (dies ist nur eine Auswahl aus unserem Gesamtangebot):<\/p>\n<ul>\n<li><a href=\"https:\/\/uniekeuitjes.nl\/uitje\/solex-huren-solexverhuur\/\">Solex mieten<\/a><\/li>\n<li><a href=\"https:\/\/uniekeuitjes.nl\/uitje\/tandem-cruiser\/\">Tandem-Touren<\/a><\/li>\n<li><a href=\"https:\/\/uniekeuitjes.nl\/uitje\/tuktuk-huren\/\">TukTuk&#8217;s<\/a> oder <a href=\"https:\/\/uniekeuitjes.nl\/uitje\/trigger-huren\/\">Trigger<\/a> fahren<\/li>\n<li><a href=\"https:\/\/uniekeuitjes.nl\/uitje\/skeltertreinen-groepsfietsen\/\">Skelter-Z\u00fcge<\/a><\/li>\n<li><a href=\"https:\/\/uniekeuitjes.nl\/uitje\/boog-en-kruisboog\/\">Bogenschie\u00dfen und Armbrustschie\u00dfen<\/a><\/li>\n<li><a href=\"https:\/\/uniekeuitjes.nl\/uitje\/buksschieten\/\">Schie\u00dfen mit Flinte oder Luftgewehr<\/a><\/li>\n<li><a href=\"https:\/\/uniekeuitjes.nl\/uitje\/schieten-met-5-wapensoorten\/\">Werkst\u00e4tten mit 5 Waffentypen<\/a><\/li>\n<li>Sechs Camps, <a href=\"https:\/\/uniekeuitjes.nl\/uitje\/indoor-zeskamp\/\">drinnen<\/a> oder <a href=\"https:\/\/uniekeuitjes.nl\/uitje\/grote-zeskamp\/\">drau\u00dfen<\/a><\/li>\n<li><a href=\"https:\/\/uniekeuitjes.nl\/spelshows\/\">Spielshows<\/a> und <a href=\"https:\/\/uniekeuitjes.nl\/uitje\/casino-avond\/\">Casino-Abende<\/a><\/li>\n<li>Ein <a href=\"https:\/\/uniekeuitjes.nl\/uitje\/pubquiz\/\">Kneipenquiz<\/a>, <a href=\"https:\/\/uniekeuitjes.nl\/uitje\/muziekquiz\/\">Musikquiz<\/a> oder <a href=\"https:\/\/uniekeuitjes.nl\/uitje\/bingoshow\/\">Bingo<\/a><\/li>\n<li><a href=\"https:\/\/uniekeuitjes.nl\/uitje\/straatgolf-of-boerengolf\/\">Bauerngolf<\/a> und <a href=\"https:\/\/uniekeuitjes.nl\/uitje\/klootschieten\/\">Bogenschie\u00dfen<\/a><\/li>\n<\/ul>\n<p>Selbstverst\u00e4ndlich sind alle Kombinationen m\u00f6glich, so dass ein tagesf\u00fcllendes Programm zusammengestellt werden kann, das z.B. auch Snacks und Getr\u00e4nke in unseren \u00f6rtlichen Gastronomiebetrieben beinhaltet.<\/p>\n<p>&nbsp;<\/p>\n<p><strong>Lokale Gastronomie in Laren:<br \/>\n<\/strong>Laren hat einige gro\u00dfartige Gastronomiebetriebe. Wir rufen an:<br \/>\n&#8211; Restaurant\/Caf\u00e9\/ Veranstaltungsorte Witkamp<br \/>\n&#8211; Restaurant\/Caf\u00e9\/ Langenbaergh<br \/>\n&#8211; Hotel de Achterhoek<br \/>\n&#8211; Frieterie Aris<\/p>\n<p>In Zusammenarbeit mit dem \u00f6rtlichen Gastgewerbe k\u00f6nnen wir Ihnen einige einzigartige Pakete anbieten.<\/p>\n<p>&nbsp;<\/p>\n<p>&nbsp;<\/p>\n<p>Nat\u00fcrlich sind alle Kombinationen m\u00f6glich. Haben Sie etwas anderes im Sinn? Rufen Sie an oder schicken Sie eine E-Mail. In Absprache mit Ihnen k\u00f6nnen wir f\u00fcr Sie die sch\u00f6nsten Arrangements zu einem sehr wettbewerbsf\u00e4higen (All-in) Preis zusammenstellen.<\/p>\n<p>Unique Uitjes.nl verf\u00fcgt \u00fcber eine gro\u00dfe repr\u00e4sentative und gem\u00fctliche Empfangshalle mit vielen Sitzpl\u00e4tzen, wo Sie Ihren Ausflug in Laren gut beginnen k\u00f6nnen.<\/p>\n<p>&nbsp;<\/p>\n<p>&nbsp;<\/p>\n<h2><strong>\u00dcber Laren Gld:<\/strong><\/h2>\n<p>Das gelderl\u00e4ndische Dorf Laren liegt im Dreieck Deventer &#8211; Zutphen &#8211; Lochem. Mit einer Kirche, einer Bibliothek, einem Fremdenverkehrsb\u00fcro, Gesch\u00e4ften und mehreren gastronomischen Einrichtungen bietet das Dorf alles, was man sich w\u00fcnschen kann.<\/p>\n<p><img loading=\"lazy\" decoding=\"async\" class=\"alignleft wp-image-191\" src=\"https:\/\/i2.wp.com\/toeristenbelanglaren.nl\/wp-content\/uploads\/2013\/08\/achterhoek.gif?resize=108%2C108\" alt=\"hintere Ecke\" width=\"108\" height=\"108\">Laren ist mit etwa 4.000 Einwohnern nicht gro\u00df, aber sehr bekannt. Unter anderem vom Jahrmarkt, von Fahrradtouren und dem Fat Tree. Viele Landsleute besuchten dieses Dorf in der Achterhoek w\u00e4hrend ihrer Ferien. Sie k\u00f6nnen auch die Sch\u00f6nheit des Dorfes und seiner Umgebung genie\u00dfen.<\/p>\n<p>Laren ist von der Fl\u00e4che her gro\u00df. In den Au\u00dfenbezirken gibt es viele landwirtschaftliche Betriebe, vor allem in Form von gemischten Betrieben mit Ackerbau und Viehzucht. Teilweise versteckt im Gr\u00fcnen liegen eine Reihe von sch\u00f6nen Landh\u00e4usern und Schl\u00f6ssern.<\/p>\n<p>In der N\u00e4he von Schloss Verwolde steht die dickste Eiche der Niederlande, die 7,52 Meter misst. Der Baum erhielt seinen Namen vor allem durch die Tante und den Onkel von Annie M.G. Schmit, die in ihm wohnten. Laren ist in der f\u00fcr die Achterhoek so charakteristischen Kulissenlandschaft gelegen. Eine Umgebung, die wirklich sehenswert ist, zu Fu\u00df, auf dem Solex oder auf einem Tandem.<\/p>\n<p>Ausfl\u00fcge in Laren? Einzigartig Uitjes.nl!<\/p>\n<p>&nbsp;<\/p>\n<p>&nbsp;<\/p>\n<p>&nbsp;<\/p>\n<p>&nbsp;<\/p>\n","protected":false},"excerpt":{"rendered":"<p>Ausfl\u00fcge in Laren Ausfl\u00fcge in Laren. Unique Uitjes.nl hat Laren Gelderland als Basis f\u00fcr seine Aktivit\u00e4ten. Wir haben ein gro\u00dfes Geb\u00e4ude zur Verf\u00fcgung, in dem wir unsere Solexe, Tandems und alle anderen Ausr\u00fcstungsgegenst\u00e4nde lagern. Dieses Geb\u00e4ude dient auch als repr\u00e4sentativer Empfangsbereich mit sch\u00f6nen Sitzgelegenheiten und einer h\u00fcbschen Au\u00dfenterrasse, auf der man sich z. B. nach [&hellip;]<\/p>\n","protected":false},"author":1,"featured_media":0,"parent":0,"menu_order":0,"comment_status":"closed","ping_status":"closed","template":"","meta":{"_acf_changed":false,"_monsterinsights_skip_tracking":false,"_monsterinsights_sitenote_active":false,"_monsterinsights_sitenote_note":"","_monsterinsights_sitenote_category":0,"footnotes":""},"categories":[73],"class_list":["post-11802","page","type-page","status-publish","hentry","category-zielseite"],"acf":[],"yoast_head":"<!-- This site is optimized with the Yoast SEO plugin v27.4 - https:\/\/yoast.com\/product\/yoast-seo-wordpress\/ -->\n<title>Ausfl\u00fcge in Laren - Verschiedene Aktivit\u00e4ten &amp; Ausfl\u00fcge in Laren<\/title>\n<meta name=\"description\" content=\"Ausfl\u00fcge in Laren. Der Standort von Unique Outings. In Laren bietet Unique Uitjes verschiedene Ausflugsm\u00f6glichkeiten und Aktivit\u00e4ten an.\" \/>\n<meta name=\"robots\" content=\"index, follow, max-snippet:-1, max-image-preview:large, max-video-preview:-1\" \/>\n<link rel=\"canonical\" href=\"https:\/\/uniekeuitjes.nl\/de\/ausfluege-in-laren\/\" \/>\n<meta property=\"og:locale\" content=\"nl_NL\" \/>\n<meta property=\"og:type\" content=\"article\" \/>\n<meta property=\"og:title\" content=\"Ausfl\u00fcge in Laren - Verschiedene Aktivit\u00e4ten &amp; Ausfl\u00fcge in Laren\" \/>\n<meta property=\"og:description\" content=\"Ausfl\u00fcge in Laren. Der Standort von Unique Outings. In Laren bietet Unique Uitjes verschiedene Ausflugsm\u00f6glichkeiten und Aktivit\u00e4ten an.\" \/>\n<meta property=\"og:url\" content=\"https:\/\/uniekeuitjes.nl\/de\/ausfluege-in-laren\/\" \/>\n<meta property=\"og:site_name\" content=\"Uniekeuitjes.nl\" \/>\n<meta property=\"article:publisher\" content=\"https:\/\/www.facebook.com\/uniekeuitjes.nl\" \/>\n<meta property=\"og:image\" content=\"https:\/\/i2.wp.com\/toeristenbelanglaren.nl\/wp-content\/uploads\/2013\/08\/achterhoek.gif?resize=108%2C108\" \/>\n<meta name=\"twitter:card\" content=\"summary_large_image\" \/>\n<meta name=\"twitter:label1\" content=\"Geschatte leestijd\" \/>\n\t<meta name=\"twitter:data1\" content=\"3 minuten\" \/>\n<script type=\"application\/ld+json\" class=\"yoast-schema-graph\">{\"@context\":\"https:\\\/\\\/schema.org\",\"@graph\":[{\"@type\":\"WebPage\",\"@id\":\"https:\\\/\\\/uniekeuitjes.nl\\\/de\\\/ausfluege-in-laren\\\/\",\"url\":\"https:\\\/\\\/uniekeuitjes.nl\\\/de\\\/ausfluege-in-laren\\\/\",\"name\":\"Ausfl\u00fcge in Laren - Verschiedene Aktivit\u00e4ten & Ausfl\u00fcge in Laren\",\"isPartOf\":{\"@id\":\"\\\/#website\"},\"primaryImageOfPage\":{\"@id\":\"https:\\\/\\\/uniekeuitjes.nl\\\/de\\\/ausfluege-in-laren\\\/#primaryimage\"},\"image\":{\"@id\":\"https:\\\/\\\/uniekeuitjes.nl\\\/de\\\/ausfluege-in-laren\\\/#primaryimage\"},\"thumbnailUrl\":\"https:\\\/\\\/i2.wp.com\\\/toeristenbelanglaren.nl\\\/wp-content\\\/uploads\\\/2013\\\/08\\\/achterhoek.gif?resize=108%2C108\",\"datePublished\":\"2019-02-18T14:59:22+00:00\",\"description\":\"Ausfl\u00fcge in Laren. Der Standort von Unique Outings. In Laren bietet Unique Uitjes verschiedene Ausflugsm\u00f6glichkeiten und Aktivit\u00e4ten an.\",\"breadcrumb\":{\"@id\":\"https:\\\/\\\/uniekeuitjes.nl\\\/de\\\/ausfluege-in-laren\\\/#breadcrumb\"},\"inLanguage\":\"nl-NL\",\"potentialAction\":[{\"@type\":\"ReadAction\",\"target\":[\"https:\\\/\\\/uniekeuitjes.nl\\\/de\\\/ausfluege-in-laren\\\/\"]}]},{\"@type\":\"ImageObject\",\"inLanguage\":\"nl-NL\",\"@id\":\"https:\\\/\\\/uniekeuitjes.nl\\\/de\\\/ausfluege-in-laren\\\/#primaryimage\",\"url\":\"https:\\\/\\\/i2.wp.com\\\/toeristenbelanglaren.nl\\\/wp-content\\\/uploads\\\/2013\\\/08\\\/achterhoek.gif?resize=108%2C108\",\"contentUrl\":\"https:\\\/\\\/i2.wp.com\\\/toeristenbelanglaren.nl\\\/wp-content\\\/uploads\\\/2013\\\/08\\\/achterhoek.gif?resize=108%2C108\"},{\"@type\":\"BreadcrumbList\",\"@id\":\"https:\\\/\\\/uniekeuitjes.nl\\\/de\\\/ausfluege-in-laren\\\/#breadcrumb\",\"itemListElement\":[{\"@type\":\"ListItem\",\"position\":1,\"name\":\"Home\",\"item\":\"https:\\\/\\\/uniekeuitjes.nl\\\/de\\\/\"},{\"@type\":\"ListItem\",\"position\":2,\"name\":\"Ausfl\u00fcge in Laren\"}]},{\"@type\":\"WebSite\",\"@id\":\"\\\/#website\",\"url\":\"\\\/\",\"name\":\"Uniekeuitjes.nl\",\"description\":\"Goedkope leuke uitjes zelf samen te stellen\",\"publisher\":{\"@id\":\"\\\/#organization\"},\"potentialAction\":[{\"@type\":\"SearchAction\",\"target\":{\"@type\":\"EntryPoint\",\"urlTemplate\":\"\\\/?s={search_term_string}\"},\"query-input\":{\"@type\":\"PropertyValueSpecification\",\"valueRequired\":true,\"valueName\":\"search_term_string\"}}],\"inLanguage\":\"nl-NL\"},{\"@type\":\"Organization\",\"@id\":\"\\\/#organization\",\"name\":\"Unieke Uitjes\",\"url\":\"\\\/\",\"logo\":{\"@type\":\"ImageObject\",\"inLanguage\":\"nl-NL\",\"@id\":\"\\\/#\\\/schema\\\/logo\\\/image\\\/\",\"url\":\"https:\\\/\\\/uniekeuitjes.nl\\\/wp-content\\\/uploads\\\/2019\\\/02\\\/site-login-logo.png\",\"contentUrl\":\"https:\\\/\\\/uniekeuitjes.nl\\\/wp-content\\\/uploads\\\/2019\\\/02\\\/site-login-logo.png\",\"width\":708,\"height\":345,\"caption\":\"Unieke Uitjes\"},\"image\":{\"@id\":\"\\\/#\\\/schema\\\/logo\\\/image\\\/\"},\"sameAs\":[\"https:\\\/\\\/www.facebook.com\\\/uniekeuitjes.nl\",\"https:\\\/\\\/www.instagram.com\\\/uniekeuitjes.nl\\\/\",\"https:\\\/\\\/www.linkedin.com\\\/company\\\/unieke-uitjes-nl\",\"https:\\\/\\\/www.youtube.com\\\/channel\\\/UCXwRXFWP_R0kxRAeL79FQfw\"]}]}<\/script>\n<!-- \/ Yoast SEO plugin. -->","yoast_head_json":{"title":"Ausfl\u00fcge in Laren - Verschiedene Aktivit\u00e4ten & Ausfl\u00fcge in Laren","description":"Ausfl\u00fcge in Laren. Der Standort von Unique Outings. In Laren bietet Unique Uitjes verschiedene Ausflugsm\u00f6glichkeiten und Aktivit\u00e4ten an.","robots":{"index":"index","follow":"follow","max-snippet":"max-snippet:-1","max-image-preview":"max-image-preview:large","max-video-preview":"max-video-preview:-1"},"canonical":"https:\/\/uniekeuitjes.nl\/de\/ausfluege-in-laren\/","og_locale":"nl_NL","og_type":"article","og_title":"Ausfl\u00fcge in Laren - Verschiedene Aktivit\u00e4ten & Ausfl\u00fcge in Laren","og_description":"Ausfl\u00fcge in Laren. Der Standort von Unique Outings. In Laren bietet Unique Uitjes verschiedene Ausflugsm\u00f6glichkeiten und Aktivit\u00e4ten an.","og_url":"https:\/\/uniekeuitjes.nl\/de\/ausfluege-in-laren\/","og_site_name":"Uniekeuitjes.nl","article_publisher":"https:\/\/www.facebook.com\/uniekeuitjes.nl","og_image":[{"url":"https:\/\/i2.wp.com\/toeristenbelanglaren.nl\/wp-content\/uploads\/2013\/08\/achterhoek.gif?resize=108%2C108","type":"","width":"","height":""}],"twitter_card":"summary_large_image","twitter_misc":{"Geschatte leestijd":"3 minuten"},"schema":{"@context":"https:\/\/schema.org","@graph":[{"@type":"WebPage","@id":"https:\/\/uniekeuitjes.nl\/de\/ausfluege-in-laren\/","url":"https:\/\/uniekeuitjes.nl\/de\/ausfluege-in-laren\/","name":"Ausfl\u00fcge in Laren - Verschiedene Aktivit\u00e4ten & Ausfl\u00fcge in Laren","isPartOf":{"@id":"\/#website"},"primaryImageOfPage":{"@id":"https:\/\/uniekeuitjes.nl\/de\/ausfluege-in-laren\/#primaryimage"},"image":{"@id":"https:\/\/uniekeuitjes.nl\/de\/ausfluege-in-laren\/#primaryimage"},"thumbnailUrl":"https:\/\/i2.wp.com\/toeristenbelanglaren.nl\/wp-content\/uploads\/2013\/08\/achterhoek.gif?resize=108%2C108","datePublished":"2019-02-18T14:59:22+00:00","description":"Ausfl\u00fcge in Laren. Der Standort von Unique Outings. In Laren bietet Unique Uitjes verschiedene Ausflugsm\u00f6glichkeiten und Aktivit\u00e4ten an.","breadcrumb":{"@id":"https:\/\/uniekeuitjes.nl\/de\/ausfluege-in-laren\/#breadcrumb"},"inLanguage":"nl-NL","potentialAction":[{"@type":"ReadAction","target":["https:\/\/uniekeuitjes.nl\/de\/ausfluege-in-laren\/"]}]},{"@type":"ImageObject","inLanguage":"nl-NL","@id":"https:\/\/uniekeuitjes.nl\/de\/ausfluege-in-laren\/#primaryimage","url":"https:\/\/i2.wp.com\/toeristenbelanglaren.nl\/wp-content\/uploads\/2013\/08\/achterhoek.gif?resize=108%2C108","contentUrl":"https:\/\/i2.wp.com\/toeristenbelanglaren.nl\/wp-content\/uploads\/2013\/08\/achterhoek.gif?resize=108%2C108"},{"@type":"BreadcrumbList","@id":"https:\/\/uniekeuitjes.nl\/de\/ausfluege-in-laren\/#breadcrumb","itemListElement":[{"@type":"ListItem","position":1,"name":"Home","item":"https:\/\/uniekeuitjes.nl\/de\/"},{"@type":"ListItem","position":2,"name":"Ausfl\u00fcge in Laren"}]},{"@type":"WebSite","@id":"\/#website","url":"\/","name":"Uniekeuitjes.nl","description":"Goedkope leuke uitjes zelf samen te stellen","publisher":{"@id":"\/#organization"},"potentialAction":[{"@type":"SearchAction","target":{"@type":"EntryPoint","urlTemplate":"\/?s={search_term_string}"},"query-input":{"@type":"PropertyValueSpecification","valueRequired":true,"valueName":"search_term_string"}}],"inLanguage":"nl-NL"},{"@type":"Organization","@id":"\/#organization","name":"Unieke Uitjes","url":"\/","logo":{"@type":"ImageObject","inLanguage":"nl-NL","@id":"\/#\/schema\/logo\/image\/","url":"https:\/\/uniekeuitjes.nl\/wp-content\/uploads\/2019\/02\/site-login-logo.png","contentUrl":"https:\/\/uniekeuitjes.nl\/wp-content\/uploads\/2019\/02\/site-login-logo.png","width":708,"height":345,"caption":"Unieke Uitjes"},"image":{"@id":"\/#\/schema\/logo\/image\/"},"sameAs":["https:\/\/www.facebook.com\/uniekeuitjes.nl","https:\/\/www.instagram.com\/uniekeuitjes.nl\/","https:\/\/www.linkedin.com\/company\/unieke-uitjes-nl","https:\/\/www.youtube.com\/channel\/UCXwRXFWP_R0kxRAeL79FQfw"]}]}},"_links":{"self":[{"href":"https:\/\/uniekeuitjes.nl\/de\/wp-json\/wp\/v2\/pages\/11802","targetHints":{"allow":["GET"]}}],"collection":[{"href":"https:\/\/uniekeuitjes.nl\/de\/wp-json\/wp\/v2\/pages"}],"about":[{"href":"https:\/\/uniekeuitjes.nl\/de\/wp-json\/wp\/v2\/types\/page"}],"author":[{"embeddable":true,"href":"https:\/\/uniekeuitjes.nl\/de\/wp-json\/wp\/v2\/users\/1"}],"replies":[{"embeddable":true,"href":"https:\/\/uniekeuitjes.nl\/de\/wp-json\/wp\/v2\/comments?post=11802"}],"version-history":[{"count":0,"href":"https:\/\/uniekeuitjes.nl\/de\/wp-json\/wp\/v2\/pages\/11802\/revisions"}],"wp:attachment":[{"href":"https:\/\/uniekeuitjes.nl\/de\/wp-json\/wp\/v2\/media?parent=11802"}],"wp:term":[{"taxonomy":"category","embeddable":true,"href":"https:\/\/uniekeuitjes.nl\/de\/wp-json\/wp\/v2\/categories?post=11802"}],"curies":[{"name":"wp","href":"https:\/\/api.w.org\/{rel}","templated":true}]}}