{"id":11807,"date":"2019-02-18T14:53:20","date_gmt":"2019-02-18T14:53:20","guid":{"rendered":"https:\/\/uniekeuitjes.nl\/ausfluege-im-hafenviertel-von-deventer\/"},"modified":"2019-02-18T14:53:20","modified_gmt":"2019-02-18T14:53:20","slug":"ausfluege-im-hafenviertel-von-deventer","status":"publish","type":"page","link":"https:\/\/uniekeuitjes.nl\/de\/ausfluege-im-hafenviertel-von-deventer\/","title":{"rendered":"Ausfl\u00fcge im Hafenviertel von Deventer"},"content":{"rendered":"<h2>\u00dcber Havenkwartier Deventer<\/h2>\n<p>Unverwechselbar, das ist das Wort, das sowohl auf das Havenkwartier als auch auf Unique Outings passt.<\/p>\n<p>In diesem alten Industriegebiet herrscht ein reges Treiben. Mehr als 90 Unternehmer, zahlreiche Organisationen und mehrere Dutzend Einwohner bilden den festen Kern des Havenkwartiers. Es ist ein Gebiet mit viel Charakter. So einen Charakter baut man nicht an einem Tag auf, der Charakter muss wachsen. Hier finden zahlreiche Aktivit\u00e4ten statt: von Ausstellungen bis zu Abenteuerkonzerten, von Tangon\u00e4chten bis zu Tanzbattles, von regionalen M\u00e4rkten bis zu Festivals und von Workshops bis zu Theaterauff\u00fchrungen. Das Hafenviertel ist so lebendig wie nie zuvor.<\/p>\n<p>&nbsp;<\/p>\n<h2>Ausfl\u00fcge im Havenkwartier<\/h2>\n<p>Kombinieren Sie Ihren Besuch im Hafenviertel mit den Aktivit\u00e4ten von Unique Outings. Ist das Hafenviertel Ihr endg\u00fcltiges Ziel? Um hierher zu gelangen, bieten wir verschiedene Transportm\u00f6glichkeiten an. Machen Sie einen aufsehenerregenden Auftritt mit unseren <a href=\"https:\/\/uniekeuitjes.nl\/uitje\/tuktuk-huren\/\">TukTuk&#8217;s<\/a>, <a href=\"https:\/\/uniekeuitjes.nl\/uitje\/trigger-huren\/\">Triggern<\/a>, <a href=\"https:\/\/uniekeuitjes.nl\/uitje\/solex-huren-solexverhuur\/\">Solexes<\/a> oder <a href=\"https:\/\/uniekeuitjes.nl\/uitje\/echopper-huren\/\">E-Choppern<\/a>. Wir bieten auch verschiedene andere Aktivit\u00e4ten und Spielshows an, wie z. B. <a href=\"https:\/\/uniekeuitjes.nl\/uitje\/indoor-en-outdoor-lasergamen-op-locatie\/\">Lasergames<\/a>, <a href=\"https:\/\/uniekeuitjes.nl\/uitje\/grote-zeskamp\/\">Hexathlon<\/a>, <a href=\"https:\/\/uniekeuitjes.nl\/uitje\/indoor-laser-kleiduifschieten\/\">Tontaubenschie\u00dfen<\/a>, <a href=\"https:\/\/uniekeuitjes.nl\/uitje\/jongens-vs-de-meisjes\/\">M\u00e4dchen gegen Jungs<\/a> oder ein <a href=\"https:\/\/uniekeuitjes.nl\/uitje\/pubquiz\/\">Pub-Quiz<\/a>. Alle M\u00f6glichkeiten, Ausfl\u00fcge und Aktivit\u00e4ten finden Sie auf unserer Website, auf der Sie alle Informationen finden k\u00f6nnen. Sie k\u00f6nnen uns auch eine E-Mail schicken an: info@uniekeuitjes.nl, und wir sind erreichbar unter der Telefonnummer: <a href=\"tel:+31573728353\">0573 &#8211; 72 83<\/a> 53.<\/p>\n<p>&nbsp;<\/p>\n<p><strong>Lust auf einen anderen Ausflug? Bei Unique Outings sind Sie an der richtigen Adresse.<\/strong><\/p>\n<p><strong>Fragen Sie nach unseren zahlreichen Optionen. Wir sehen uns bei Unique Outings!<\/strong><\/p>\n<p>&nbsp;<\/p>\n<p><a href=\"https:\/\/uniekeuitjes.nl\"><img loading=\"lazy\" decoding=\"async\" class=\"alignnone wp-image-377\" src=\"http:\/\/uniekeuitjes.nl\/wp-content\/uploads\/2019\/02\/site-login-logo.png\" alt=\"Kombinieren Sie Ihren Besuch im Hafenviertel mit einzigartigen Ausfl\u00fcgen\" width=\"517\" height=\"252\" srcset=\"https:\/\/uniekeuitjes.nl\/wp-content\/uploads\/2019\/02\/site-login-logo.png 708w, https:\/\/uniekeuitjes.nl\/wp-content\/uploads\/2019\/02\/site-login-logo-300x146.png 300w, https:\/\/uniekeuitjes.nl\/wp-content\/uploads\/2019\/02\/site-login-logo-600x292.png 600w\" sizes=\"auto, (max-width: 517px) 100vw, 517px\" \/><\/a><\/p>\n","protected":false},"excerpt":{"rendered":"<p>\u00dcber Havenkwartier Deventer Unverwechselbar, das ist das Wort, das sowohl auf das Havenkwartier als auch auf Unique Outings passt. In diesem alten Industriegebiet herrscht ein reges Treiben. Mehr als 90 Unternehmer, zahlreiche Organisationen und mehrere Dutzend Einwohner bilden den festen Kern des Havenkwartiers. Es ist ein Gebiet mit viel Charakter. So einen Charakter baut man [&hellip;]<\/p>\n","protected":false},"author":1,"featured_media":0,"parent":0,"menu_order":0,"comment_status":"closed","ping_status":"closed","template":"","meta":{"_acf_changed":false,"_monsterinsights_skip_tracking":false,"_monsterinsights_sitenote_active":false,"_monsterinsights_sitenote_note":"","_monsterinsights_sitenote_category":0,"footnotes":""},"categories":[73],"class_list":["post-11807","page","type-page","status-publish","hentry","category-zielseite"],"acf":[],"yoast_head":"<!-- This site is optimized with the Yoast SEO plugin v27.4 - https:\/\/yoast.com\/product\/yoast-seo-wordpress\/ -->\n<title>Ausfl\u00fcge im Hafenviertel von Deventer - Uniekeuitjes.nl<\/title>\n<meta name=\"description\" content=\"Ausfl\u00fcge im Hafenviertel. Dort herrscht rege Betriebsamkeit und Spa\u00df. Planen Sie Ihren Besuch in Kombination mit Unique Outings! Bitte nehmen Sie Kontakt mit uns auf.\" \/>\n<meta name=\"robots\" content=\"index, follow, max-snippet:-1, max-image-preview:large, max-video-preview:-1\" \/>\n<link rel=\"canonical\" href=\"https:\/\/uniekeuitjes.nl\/de\/ausfluege-im-hafenviertel-von-deventer\/\" \/>\n<meta property=\"og:locale\" content=\"nl_NL\" \/>\n<meta property=\"og:type\" content=\"article\" \/>\n<meta property=\"og:title\" content=\"Ausfl\u00fcge im Hafenviertel von Deventer - Uniekeuitjes.nl\" \/>\n<meta property=\"og:description\" content=\"Ausfl\u00fcge im Hafenviertel. Dort herrscht rege Betriebsamkeit und Spa\u00df. Planen Sie Ihren Besuch in Kombination mit Unique Outings! Bitte nehmen Sie Kontakt mit uns auf.\" \/>\n<meta property=\"og:url\" content=\"https:\/\/uniekeuitjes.nl\/de\/ausfluege-im-hafenviertel-von-deventer\/\" \/>\n<meta property=\"og:site_name\" content=\"Uniekeuitjes.nl\" \/>\n<meta property=\"article:publisher\" content=\"https:\/\/www.facebook.com\/uniekeuitjes.nl\" \/>\n<meta property=\"og:image\" content=\"http:\/\/uniekeuitjes.nl\/wp-content\/uploads\/2019\/02\/site-login-logo.png\" \/>\n<meta name=\"twitter:card\" content=\"summary_large_image\" \/>\n<meta name=\"twitter:label1\" content=\"Geschatte leestijd\" \/>\n\t<meta name=\"twitter:data1\" content=\"1 minuut\" \/>\n<script type=\"application\/ld+json\" class=\"yoast-schema-graph\">{\"@context\":\"https:\\\/\\\/schema.org\",\"@graph\":[{\"@type\":\"WebPage\",\"@id\":\"https:\\\/\\\/uniekeuitjes.nl\\\/de\\\/ausfluege-im-hafenviertel-von-deventer\\\/\",\"url\":\"https:\\\/\\\/uniekeuitjes.nl\\\/de\\\/ausfluege-im-hafenviertel-von-deventer\\\/\",\"name\":\"Ausfl\u00fcge im Hafenviertel von Deventer - Uniekeuitjes.nl\",\"isPartOf\":{\"@id\":\"\\\/#website\"},\"primaryImageOfPage\":{\"@id\":\"https:\\\/\\\/uniekeuitjes.nl\\\/de\\\/ausfluege-im-hafenviertel-von-deventer\\\/#primaryimage\"},\"image\":{\"@id\":\"https:\\\/\\\/uniekeuitjes.nl\\\/de\\\/ausfluege-im-hafenviertel-von-deventer\\\/#primaryimage\"},\"thumbnailUrl\":\"http:\\\/\\\/uniekeuitjes.nl\\\/wp-content\\\/uploads\\\/2019\\\/02\\\/site-login-logo.png\",\"datePublished\":\"2019-02-18T14:53:20+00:00\",\"description\":\"Ausfl\u00fcge im Hafenviertel. Dort herrscht rege Betriebsamkeit und Spa\u00df. Planen Sie Ihren Besuch in Kombination mit Unique Outings! Bitte nehmen Sie Kontakt mit uns auf.\",\"breadcrumb\":{\"@id\":\"https:\\\/\\\/uniekeuitjes.nl\\\/de\\\/ausfluege-im-hafenviertel-von-deventer\\\/#breadcrumb\"},\"inLanguage\":\"nl-NL\",\"potentialAction\":[{\"@type\":\"ReadAction\",\"target\":[\"https:\\\/\\\/uniekeuitjes.nl\\\/de\\\/ausfluege-im-hafenviertel-von-deventer\\\/\"]}]},{\"@type\":\"ImageObject\",\"inLanguage\":\"nl-NL\",\"@id\":\"https:\\\/\\\/uniekeuitjes.nl\\\/de\\\/ausfluege-im-hafenviertel-von-deventer\\\/#primaryimage\",\"url\":\"http:\\\/\\\/uniekeuitjes.nl\\\/wp-content\\\/uploads\\\/2019\\\/02\\\/site-login-logo.png\",\"contentUrl\":\"http:\\\/\\\/uniekeuitjes.nl\\\/wp-content\\\/uploads\\\/2019\\\/02\\\/site-login-logo.png\"},{\"@type\":\"BreadcrumbList\",\"@id\":\"https:\\\/\\\/uniekeuitjes.nl\\\/de\\\/ausfluege-im-hafenviertel-von-deventer\\\/#breadcrumb\",\"itemListElement\":[{\"@type\":\"ListItem\",\"position\":1,\"name\":\"Home\",\"item\":\"https:\\\/\\\/uniekeuitjes.nl\\\/de\\\/\"},{\"@type\":\"ListItem\",\"position\":2,\"name\":\"Ausfl\u00fcge im Hafenviertel von Deventer\"}]},{\"@type\":\"WebSite\",\"@id\":\"\\\/#website\",\"url\":\"\\\/\",\"name\":\"Uniekeuitjes.nl\",\"description\":\"Goedkope leuke uitjes zelf samen te stellen\",\"publisher\":{\"@id\":\"\\\/#organization\"},\"potentialAction\":[{\"@type\":\"SearchAction\",\"target\":{\"@type\":\"EntryPoint\",\"urlTemplate\":\"\\\/?s={search_term_string}\"},\"query-input\":{\"@type\":\"PropertyValueSpecification\",\"valueRequired\":true,\"valueName\":\"search_term_string\"}}],\"inLanguage\":\"nl-NL\"},{\"@type\":\"Organization\",\"@id\":\"\\\/#organization\",\"name\":\"Unieke Uitjes\",\"url\":\"\\\/\",\"logo\":{\"@type\":\"ImageObject\",\"inLanguage\":\"nl-NL\",\"@id\":\"\\\/#\\\/schema\\\/logo\\\/image\\\/\",\"url\":\"https:\\\/\\\/uniekeuitjes.nl\\\/wp-content\\\/uploads\\\/2019\\\/02\\\/site-login-logo.png\",\"contentUrl\":\"https:\\\/\\\/uniekeuitjes.nl\\\/wp-content\\\/uploads\\\/2019\\\/02\\\/site-login-logo.png\",\"width\":708,\"height\":345,\"caption\":\"Unieke Uitjes\"},\"image\":{\"@id\":\"\\\/#\\\/schema\\\/logo\\\/image\\\/\"},\"sameAs\":[\"https:\\\/\\\/www.facebook.com\\\/uniekeuitjes.nl\",\"https:\\\/\\\/www.instagram.com\\\/uniekeuitjes.nl\\\/\",\"https:\\\/\\\/www.linkedin.com\\\/company\\\/unieke-uitjes-nl\",\"https:\\\/\\\/www.youtube.com\\\/channel\\\/UCXwRXFWP_R0kxRAeL79FQfw\"]}]}<\/script>\n<!-- \/ Yoast SEO plugin. -->","yoast_head_json":{"title":"Ausfl\u00fcge im Hafenviertel von Deventer - Uniekeuitjes.nl","description":"Ausfl\u00fcge im Hafenviertel. Dort herrscht rege Betriebsamkeit und Spa\u00df. Planen Sie Ihren Besuch in Kombination mit Unique Outings! Bitte nehmen Sie Kontakt mit uns auf.","robots":{"index":"index","follow":"follow","max-snippet":"max-snippet:-1","max-image-preview":"max-image-preview:large","max-video-preview":"max-video-preview:-1"},"canonical":"https:\/\/uniekeuitjes.nl\/de\/ausfluege-im-hafenviertel-von-deventer\/","og_locale":"nl_NL","og_type":"article","og_title":"Ausfl\u00fcge im Hafenviertel von Deventer - Uniekeuitjes.nl","og_description":"Ausfl\u00fcge im Hafenviertel. Dort herrscht rege Betriebsamkeit und Spa\u00df. Planen Sie Ihren Besuch in Kombination mit Unique Outings! Bitte nehmen Sie Kontakt mit uns auf.","og_url":"https:\/\/uniekeuitjes.nl\/de\/ausfluege-im-hafenviertel-von-deventer\/","og_site_name":"Uniekeuitjes.nl","article_publisher":"https:\/\/www.facebook.com\/uniekeuitjes.nl","og_image":[{"url":"http:\/\/uniekeuitjes.nl\/wp-content\/uploads\/2019\/02\/site-login-logo.png","type":"","width":"","height":""}],"twitter_card":"summary_large_image","twitter_misc":{"Geschatte leestijd":"1 minuut"},"schema":{"@context":"https:\/\/schema.org","@graph":[{"@type":"WebPage","@id":"https:\/\/uniekeuitjes.nl\/de\/ausfluege-im-hafenviertel-von-deventer\/","url":"https:\/\/uniekeuitjes.nl\/de\/ausfluege-im-hafenviertel-von-deventer\/","name":"Ausfl\u00fcge im Hafenviertel von Deventer - Uniekeuitjes.nl","isPartOf":{"@id":"\/#website"},"primaryImageOfPage":{"@id":"https:\/\/uniekeuitjes.nl\/de\/ausfluege-im-hafenviertel-von-deventer\/#primaryimage"},"image":{"@id":"https:\/\/uniekeuitjes.nl\/de\/ausfluege-im-hafenviertel-von-deventer\/#primaryimage"},"thumbnailUrl":"http:\/\/uniekeuitjes.nl\/wp-content\/uploads\/2019\/02\/site-login-logo.png","datePublished":"2019-02-18T14:53:20+00:00","description":"Ausfl\u00fcge im Hafenviertel. Dort herrscht rege Betriebsamkeit und Spa\u00df. Planen Sie Ihren Besuch in Kombination mit Unique Outings! Bitte nehmen Sie Kontakt mit uns auf.","breadcrumb":{"@id":"https:\/\/uniekeuitjes.nl\/de\/ausfluege-im-hafenviertel-von-deventer\/#breadcrumb"},"inLanguage":"nl-NL","potentialAction":[{"@type":"ReadAction","target":["https:\/\/uniekeuitjes.nl\/de\/ausfluege-im-hafenviertel-von-deventer\/"]}]},{"@type":"ImageObject","inLanguage":"nl-NL","@id":"https:\/\/uniekeuitjes.nl\/de\/ausfluege-im-hafenviertel-von-deventer\/#primaryimage","url":"http:\/\/uniekeuitjes.nl\/wp-content\/uploads\/2019\/02\/site-login-logo.png","contentUrl":"http:\/\/uniekeuitjes.nl\/wp-content\/uploads\/2019\/02\/site-login-logo.png"},{"@type":"BreadcrumbList","@id":"https:\/\/uniekeuitjes.nl\/de\/ausfluege-im-hafenviertel-von-deventer\/#breadcrumb","itemListElement":[{"@type":"ListItem","position":1,"name":"Home","item":"https:\/\/uniekeuitjes.nl\/de\/"},{"@type":"ListItem","position":2,"name":"Ausfl\u00fcge im Hafenviertel von Deventer"}]},{"@type":"WebSite","@id":"\/#website","url":"\/","name":"Uniekeuitjes.nl","description":"Goedkope leuke uitjes zelf samen te stellen","publisher":{"@id":"\/#organization"},"potentialAction":[{"@type":"SearchAction","target":{"@type":"EntryPoint","urlTemplate":"\/?s={search_term_string}"},"query-input":{"@type":"PropertyValueSpecification","valueRequired":true,"valueName":"search_term_string"}}],"inLanguage":"nl-NL"},{"@type":"Organization","@id":"\/#organization","name":"Unieke Uitjes","url":"\/","logo":{"@type":"ImageObject","inLanguage":"nl-NL","@id":"\/#\/schema\/logo\/image\/","url":"https:\/\/uniekeuitjes.nl\/wp-content\/uploads\/2019\/02\/site-login-logo.png","contentUrl":"https:\/\/uniekeuitjes.nl\/wp-content\/uploads\/2019\/02\/site-login-logo.png","width":708,"height":345,"caption":"Unieke Uitjes"},"image":{"@id":"\/#\/schema\/logo\/image\/"},"sameAs":["https:\/\/www.facebook.com\/uniekeuitjes.nl","https:\/\/www.instagram.com\/uniekeuitjes.nl\/","https:\/\/www.linkedin.com\/company\/unieke-uitjes-nl","https:\/\/www.youtube.com\/channel\/UCXwRXFWP_R0kxRAeL79FQfw"]}]}},"_links":{"self":[{"href":"https:\/\/uniekeuitjes.nl\/de\/wp-json\/wp\/v2\/pages\/11807","targetHints":{"allow":["GET"]}}],"collection":[{"href":"https:\/\/uniekeuitjes.nl\/de\/wp-json\/wp\/v2\/pages"}],"about":[{"href":"https:\/\/uniekeuitjes.nl\/de\/wp-json\/wp\/v2\/types\/page"}],"author":[{"embeddable":true,"href":"https:\/\/uniekeuitjes.nl\/de\/wp-json\/wp\/v2\/users\/1"}],"replies":[{"embeddable":true,"href":"https:\/\/uniekeuitjes.nl\/de\/wp-json\/wp\/v2\/comments?post=11807"}],"version-history":[{"count":0,"href":"https:\/\/uniekeuitjes.nl\/de\/wp-json\/wp\/v2\/pages\/11807\/revisions"}],"wp:attachment":[{"href":"https:\/\/uniekeuitjes.nl\/de\/wp-json\/wp\/v2\/media?parent=11807"}],"wp:term":[{"taxonomy":"category","embeddable":true,"href":"https:\/\/uniekeuitjes.nl\/de\/wp-json\/wp\/v2\/categories?post=11807"}],"curies":[{"name":"wp","href":"https:\/\/api.w.org\/{rel}","templated":true}]}}