{"id":11809,"date":"2019-02-18T14:51:06","date_gmt":"2019-02-18T14:51:06","guid":{"rendered":"https:\/\/uniekeuitjes.nl\/ausfluege-in-halle\/"},"modified":"2019-02-18T14:51:06","modified_gmt":"2019-02-18T14:51:06","slug":"ausfluege-in-halle","status":"publish","type":"page","link":"https:\/\/uniekeuitjes.nl\/de\/ausfluege-in-halle\/","title":{"rendered":"Ausfl\u00fcge in Halle"},"content":{"rendered":"<h2>Die besten Ausflugsziele in Halle!<\/h2>\n<p><strong><br \/>\n<\/strong>Sie sind auf der Suche nach einem Ausflug in Halle oder nach einer lustigen Aktivit\u00e4t, zum Beispiel f\u00fcr ein Familienwochenende, einen Junggesellenabschied oder einen Betriebsausflug? Unique Outings bietet viele Aktivit\u00e4ten in Halle an. Um die wundersch\u00f6ne Umgebung der Achterhoek-Region von Halle zu erkunden, haben wir alle Arten von Transportmitteln: vom <a href=\"https:\/\/uniekeuitjes.nl\/uitje\/solex-huren\/\">klassischen Solex<\/a> bis zu modernen <a href=\"https:\/\/uniekeuitjes.nl\/uitje\/transportmiddel-tuktuk\/\">TukTuks<\/a>, <a href=\"https:\/\/uniekeuitjes.nl\/uitje\/transportmiddel-tandems\/\">Tandems<\/a>, <a href=\"https:\/\/uniekeuitjes.nl\/uitje\/echopper-elektrische-scooter-huren\/\">E-Choppern<\/a> und <a href=\"https:\/\/uniekeuitjes.nl\/uitje\/trigger-huren\/\">Triggern<\/a>. Dar\u00fcber hinaus bietet Unique Uitjes verschiedene Aktivit\u00e4ten und Spielshows an, darunter den Hexathlon (sowohl <a href=\"https:\/\/uniekeuitjes.nl\/uitje\/indoor-zeskamp\/\">drinnen<\/a> als auch <a href=\"https:\/\/uniekeuitjes.nl\/uitje\/grote-zeskamp\/\">drau\u00dfen<\/a>!), <a href=\"https:\/\/uniekeuitjes.nl\/uitje\/kanoverhuur\/\">Kanufahren<\/a>, <a href=\"https:\/\/uniekeuitjes.nl\/uitje\/indoor-en-outdoor-lasergamen-op-locatie\/\">Laser-Gaming<\/a>, das <a href=\"https:\/\/uniekeuitjes.nl\/uitje\/pubquiz\/\">Pub-Quiz<\/a>, ik <a href=\"https:\/\/uniekeuitjes.nl\/uitje\/ik-hou-van-holland\/\">hou van Holland<\/a> und den <a href=\"https:\/\/uniekeuitjes.nl\/uitje\/casino-avond\/\">Casino-Abend.<\/a> Dies alles kann an einem Ort Ihrer Wahl stattfinden.<\/p>\n<p>&nbsp;<\/p>\n<p>&nbsp;<\/p>\n<p>&nbsp;<\/p>\n<p>&nbsp;<\/p>\n<h2>\u00dcber Halle:<\/h2>\n<p>Dieses stimmungsvolle Dorf am Halse Teppich liegt in der N\u00e4he von Zelhem, in der Gemeinde Bronckhorst, und ist auf jeden Fall einen Besuch wert. Obwohl Halle nicht allzu gro\u00df ist, gibt es viel zu sehen und zu unternehmen. In der N\u00e4he k\u00f6nnen Sie die bekannte Landschaft der Achterhoekse coulisse genie\u00dfen. Machen Sie einen Ausflug vorbei an W\u00e4ldern und Wiesen und sehen Sie Landgoed Slangenburg und Schloss Besselderslot. Vergessen Sie nicht, die Gastfreundschaft der Achterhoek zu genie\u00dfen, zum Beispiel im Caf\u00e9-Restaurant und Partyzentrum <a href=\"https:\/\/nijhofhalle.nl\/?gclid=EAIaIQobChMInu6Opbr-5wIVzeJ3Ch2jTAGDEAAYASAAEgIg6vD_BwE\">Nijhof<\/a>. Durch Halle sind mehrere Rad- und Wanderwege gebaut worden. Die Stadt Halle hat etwas mehr als 2.180 Einwohner, von denen etwa 710 im Ortskern leben. In Halle gibt es viel zu sehen und zu erleben!<\/p>\n<p>&nbsp;<\/p>\n<p><strong>Neugierig auf einen einzigartigen Ausflug in Halle? Bei Fragen k\u00f6nnen Sie jederzeit anrufen: <a href=\"tel:+31573728353\">0573 &#8211; 72 81 48<\/a>. Per E-Mail wenden Sie sich bitte an info@uniekeuitjes.nl<\/strong><\/p>\n<p><strong>Wir sehen uns bei Unique Outings!<\/strong><\/p>\n<p><a href=\"https:\/\/uniekeuitjes.nl\"><img loading=\"lazy\" decoding=\"async\" class=\"alignnone wp-image-377\" src=\"http:\/\/uniekeuitjes.nl\/wp-content\/uploads\/2019\/02\/site-login-logo.png\" alt=\"\" width=\"493\" height=\"240\" srcset=\"https:\/\/uniekeuitjes.nl\/wp-content\/uploads\/2019\/02\/site-login-logo.png 708w, https:\/\/uniekeuitjes.nl\/wp-content\/uploads\/2019\/02\/site-login-logo-300x146.png 300w, https:\/\/uniekeuitjes.nl\/wp-content\/uploads\/2019\/02\/site-login-logo-600x292.png 600w\" sizes=\"auto, (max-width: 493px) 100vw, 493px\" \/><\/a><\/p>\n","protected":false},"excerpt":{"rendered":"<p>Die besten Ausflugsziele in Halle! Sie sind auf der Suche nach einem Ausflug in Halle oder nach einer lustigen Aktivit\u00e4t, zum Beispiel f\u00fcr ein Familienwochenende, einen Junggesellenabschied oder einen Betriebsausflug? Unique Outings bietet viele Aktivit\u00e4ten in Halle an. Um die wundersch\u00f6ne Umgebung der Achterhoek-Region von Halle zu erkunden, haben wir alle Arten von Transportmitteln: vom [&hellip;]<\/p>\n","protected":false},"author":1,"featured_media":0,"parent":0,"menu_order":0,"comment_status":"closed","ping_status":"closed","template":"","meta":{"_acf_changed":false,"_monsterinsights_skip_tracking":false,"_monsterinsights_sitenote_active":false,"_monsterinsights_sitenote_note":"","_monsterinsights_sitenote_category":0,"footnotes":""},"categories":[73],"class_list":["post-11809","page","type-page","status-publish","hentry","category-zielseite"],"acf":[],"yoast_head":"<!-- This site is optimized with the Yoast SEO plugin v27.4 - https:\/\/yoast.com\/product\/yoast-seo-wordpress\/ -->\n<title>Ausfl\u00fcge in Halle - Verschiedene Aktivit\u00e4ten &amp; Ausfl\u00fcge in Halle<\/title>\n<meta name=\"description\" content=\"Ausfl\u00fcge in Halle, komplett von Unique Trips angeboten! Mit einem Solex- oder Tandem-Cruiser auf Tour gehen? Sie k\u00f6nnen auch an einem unterhaltsamen Casino-Abend teilnehmen, wenn Sie m\u00f6chten!\" \/>\n<meta name=\"robots\" content=\"index, follow, max-snippet:-1, max-image-preview:large, max-video-preview:-1\" \/>\n<link rel=\"canonical\" href=\"https:\/\/uniekeuitjes.nl\/de\/ausfluege-in-halle\/\" \/>\n<meta property=\"og:locale\" content=\"nl_NL\" \/>\n<meta property=\"og:type\" content=\"article\" \/>\n<meta property=\"og:title\" content=\"Ausfl\u00fcge in Halle - Verschiedene Aktivit\u00e4ten &amp; Ausfl\u00fcge in Halle\" \/>\n<meta property=\"og:description\" content=\"Ausfl\u00fcge in Halle, komplett von Unique Trips angeboten! Mit einem Solex- oder Tandem-Cruiser auf Tour gehen? Sie k\u00f6nnen auch an einem unterhaltsamen Casino-Abend teilnehmen, wenn Sie m\u00f6chten!\" \/>\n<meta property=\"og:url\" content=\"https:\/\/uniekeuitjes.nl\/de\/ausfluege-in-halle\/\" \/>\n<meta property=\"og:site_name\" content=\"Uniekeuitjes.nl\" \/>\n<meta property=\"article:publisher\" content=\"https:\/\/www.facebook.com\/uniekeuitjes.nl\" \/>\n<meta property=\"og:image\" content=\"http:\/\/uniekeuitjes.nl\/wp-content\/uploads\/2019\/02\/site-login-logo.png\" \/>\n<meta name=\"twitter:card\" content=\"summary_large_image\" \/>\n<meta name=\"twitter:label1\" content=\"Geschatte leestijd\" \/>\n\t<meta name=\"twitter:data1\" content=\"1 minuut\" \/>\n<script type=\"application\/ld+json\" class=\"yoast-schema-graph\">{\"@context\":\"https:\\\/\\\/schema.org\",\"@graph\":[{\"@type\":\"WebPage\",\"@id\":\"https:\\\/\\\/uniekeuitjes.nl\\\/de\\\/ausfluege-in-halle\\\/\",\"url\":\"https:\\\/\\\/uniekeuitjes.nl\\\/de\\\/ausfluege-in-halle\\\/\",\"name\":\"Ausfl\u00fcge in Halle - Verschiedene Aktivit\u00e4ten & Ausfl\u00fcge in Halle\",\"isPartOf\":{\"@id\":\"\\\/#website\"},\"primaryImageOfPage\":{\"@id\":\"https:\\\/\\\/uniekeuitjes.nl\\\/de\\\/ausfluege-in-halle\\\/#primaryimage\"},\"image\":{\"@id\":\"https:\\\/\\\/uniekeuitjes.nl\\\/de\\\/ausfluege-in-halle\\\/#primaryimage\"},\"thumbnailUrl\":\"http:\\\/\\\/uniekeuitjes.nl\\\/wp-content\\\/uploads\\\/2019\\\/02\\\/site-login-logo.png\",\"datePublished\":\"2019-02-18T14:51:06+00:00\",\"description\":\"Ausfl\u00fcge in Halle, komplett von Unique Trips angeboten! Mit einem Solex- oder Tandem-Cruiser auf Tour gehen? Sie k\u00f6nnen auch an einem unterhaltsamen Casino-Abend teilnehmen, wenn Sie m\u00f6chten!\",\"breadcrumb\":{\"@id\":\"https:\\\/\\\/uniekeuitjes.nl\\\/de\\\/ausfluege-in-halle\\\/#breadcrumb\"},\"inLanguage\":\"nl-NL\",\"potentialAction\":[{\"@type\":\"ReadAction\",\"target\":[\"https:\\\/\\\/uniekeuitjes.nl\\\/de\\\/ausfluege-in-halle\\\/\"]}]},{\"@type\":\"ImageObject\",\"inLanguage\":\"nl-NL\",\"@id\":\"https:\\\/\\\/uniekeuitjes.nl\\\/de\\\/ausfluege-in-halle\\\/#primaryimage\",\"url\":\"http:\\\/\\\/uniekeuitjes.nl\\\/wp-content\\\/uploads\\\/2019\\\/02\\\/site-login-logo.png\",\"contentUrl\":\"http:\\\/\\\/uniekeuitjes.nl\\\/wp-content\\\/uploads\\\/2019\\\/02\\\/site-login-logo.png\"},{\"@type\":\"BreadcrumbList\",\"@id\":\"https:\\\/\\\/uniekeuitjes.nl\\\/de\\\/ausfluege-in-halle\\\/#breadcrumb\",\"itemListElement\":[{\"@type\":\"ListItem\",\"position\":1,\"name\":\"Home\",\"item\":\"https:\\\/\\\/uniekeuitjes.nl\\\/de\\\/\"},{\"@type\":\"ListItem\",\"position\":2,\"name\":\"Ausfl\u00fcge in Halle\"}]},{\"@type\":\"WebSite\",\"@id\":\"\\\/#website\",\"url\":\"\\\/\",\"name\":\"Uniekeuitjes.nl\",\"description\":\"Goedkope leuke uitjes zelf samen te stellen\",\"publisher\":{\"@id\":\"\\\/#organization\"},\"potentialAction\":[{\"@type\":\"SearchAction\",\"target\":{\"@type\":\"EntryPoint\",\"urlTemplate\":\"\\\/?s={search_term_string}\"},\"query-input\":{\"@type\":\"PropertyValueSpecification\",\"valueRequired\":true,\"valueName\":\"search_term_string\"}}],\"inLanguage\":\"nl-NL\"},{\"@type\":\"Organization\",\"@id\":\"\\\/#organization\",\"name\":\"Unieke Uitjes\",\"url\":\"\\\/\",\"logo\":{\"@type\":\"ImageObject\",\"inLanguage\":\"nl-NL\",\"@id\":\"\\\/#\\\/schema\\\/logo\\\/image\\\/\",\"url\":\"https:\\\/\\\/uniekeuitjes.nl\\\/wp-content\\\/uploads\\\/2019\\\/02\\\/site-login-logo.png\",\"contentUrl\":\"https:\\\/\\\/uniekeuitjes.nl\\\/wp-content\\\/uploads\\\/2019\\\/02\\\/site-login-logo.png\",\"width\":708,\"height\":345,\"caption\":\"Unieke Uitjes\"},\"image\":{\"@id\":\"\\\/#\\\/schema\\\/logo\\\/image\\\/\"},\"sameAs\":[\"https:\\\/\\\/www.facebook.com\\\/uniekeuitjes.nl\",\"https:\\\/\\\/www.instagram.com\\\/uniekeuitjes.nl\\\/\",\"https:\\\/\\\/www.linkedin.com\\\/company\\\/unieke-uitjes-nl\",\"https:\\\/\\\/www.youtube.com\\\/channel\\\/UCXwRXFWP_R0kxRAeL79FQfw\"]}]}<\/script>\n<!-- \/ Yoast SEO plugin. -->","yoast_head_json":{"title":"Ausfl\u00fcge in Halle - Verschiedene Aktivit\u00e4ten & Ausfl\u00fcge in Halle","description":"Ausfl\u00fcge in Halle, komplett von Unique Trips angeboten! Mit einem Solex- oder Tandem-Cruiser auf Tour gehen? Sie k\u00f6nnen auch an einem unterhaltsamen Casino-Abend teilnehmen, wenn Sie m\u00f6chten!","robots":{"index":"index","follow":"follow","max-snippet":"max-snippet:-1","max-image-preview":"max-image-preview:large","max-video-preview":"max-video-preview:-1"},"canonical":"https:\/\/uniekeuitjes.nl\/de\/ausfluege-in-halle\/","og_locale":"nl_NL","og_type":"article","og_title":"Ausfl\u00fcge in Halle - Verschiedene Aktivit\u00e4ten & Ausfl\u00fcge in Halle","og_description":"Ausfl\u00fcge in Halle, komplett von Unique Trips angeboten! Mit einem Solex- oder Tandem-Cruiser auf Tour gehen? Sie k\u00f6nnen auch an einem unterhaltsamen Casino-Abend teilnehmen, wenn Sie m\u00f6chten!","og_url":"https:\/\/uniekeuitjes.nl\/de\/ausfluege-in-halle\/","og_site_name":"Uniekeuitjes.nl","article_publisher":"https:\/\/www.facebook.com\/uniekeuitjes.nl","og_image":[{"url":"http:\/\/uniekeuitjes.nl\/wp-content\/uploads\/2019\/02\/site-login-logo.png","type":"","width":"","height":""}],"twitter_card":"summary_large_image","twitter_misc":{"Geschatte leestijd":"1 minuut"},"schema":{"@context":"https:\/\/schema.org","@graph":[{"@type":"WebPage","@id":"https:\/\/uniekeuitjes.nl\/de\/ausfluege-in-halle\/","url":"https:\/\/uniekeuitjes.nl\/de\/ausfluege-in-halle\/","name":"Ausfl\u00fcge in Halle - Verschiedene Aktivit\u00e4ten & Ausfl\u00fcge in Halle","isPartOf":{"@id":"\/#website"},"primaryImageOfPage":{"@id":"https:\/\/uniekeuitjes.nl\/de\/ausfluege-in-halle\/#primaryimage"},"image":{"@id":"https:\/\/uniekeuitjes.nl\/de\/ausfluege-in-halle\/#primaryimage"},"thumbnailUrl":"http:\/\/uniekeuitjes.nl\/wp-content\/uploads\/2019\/02\/site-login-logo.png","datePublished":"2019-02-18T14:51:06+00:00","description":"Ausfl\u00fcge in Halle, komplett von Unique Trips angeboten! Mit einem Solex- oder Tandem-Cruiser auf Tour gehen? Sie k\u00f6nnen auch an einem unterhaltsamen Casino-Abend teilnehmen, wenn Sie m\u00f6chten!","breadcrumb":{"@id":"https:\/\/uniekeuitjes.nl\/de\/ausfluege-in-halle\/#breadcrumb"},"inLanguage":"nl-NL","potentialAction":[{"@type":"ReadAction","target":["https:\/\/uniekeuitjes.nl\/de\/ausfluege-in-halle\/"]}]},{"@type":"ImageObject","inLanguage":"nl-NL","@id":"https:\/\/uniekeuitjes.nl\/de\/ausfluege-in-halle\/#primaryimage","url":"http:\/\/uniekeuitjes.nl\/wp-content\/uploads\/2019\/02\/site-login-logo.png","contentUrl":"http:\/\/uniekeuitjes.nl\/wp-content\/uploads\/2019\/02\/site-login-logo.png"},{"@type":"BreadcrumbList","@id":"https:\/\/uniekeuitjes.nl\/de\/ausfluege-in-halle\/#breadcrumb","itemListElement":[{"@type":"ListItem","position":1,"name":"Home","item":"https:\/\/uniekeuitjes.nl\/de\/"},{"@type":"ListItem","position":2,"name":"Ausfl\u00fcge in Halle"}]},{"@type":"WebSite","@id":"\/#website","url":"\/","name":"Uniekeuitjes.nl","description":"Goedkope leuke uitjes zelf samen te stellen","publisher":{"@id":"\/#organization"},"potentialAction":[{"@type":"SearchAction","target":{"@type":"EntryPoint","urlTemplate":"\/?s={search_term_string}"},"query-input":{"@type":"PropertyValueSpecification","valueRequired":true,"valueName":"search_term_string"}}],"inLanguage":"nl-NL"},{"@type":"Organization","@id":"\/#organization","name":"Unieke Uitjes","url":"\/","logo":{"@type":"ImageObject","inLanguage":"nl-NL","@id":"\/#\/schema\/logo\/image\/","url":"https:\/\/uniekeuitjes.nl\/wp-content\/uploads\/2019\/02\/site-login-logo.png","contentUrl":"https:\/\/uniekeuitjes.nl\/wp-content\/uploads\/2019\/02\/site-login-logo.png","width":708,"height":345,"caption":"Unieke Uitjes"},"image":{"@id":"\/#\/schema\/logo\/image\/"},"sameAs":["https:\/\/www.facebook.com\/uniekeuitjes.nl","https:\/\/www.instagram.com\/uniekeuitjes.nl\/","https:\/\/www.linkedin.com\/company\/unieke-uitjes-nl","https:\/\/www.youtube.com\/channel\/UCXwRXFWP_R0kxRAeL79FQfw"]}]}},"_links":{"self":[{"href":"https:\/\/uniekeuitjes.nl\/de\/wp-json\/wp\/v2\/pages\/11809","targetHints":{"allow":["GET"]}}],"collection":[{"href":"https:\/\/uniekeuitjes.nl\/de\/wp-json\/wp\/v2\/pages"}],"about":[{"href":"https:\/\/uniekeuitjes.nl\/de\/wp-json\/wp\/v2\/types\/page"}],"author":[{"embeddable":true,"href":"https:\/\/uniekeuitjes.nl\/de\/wp-json\/wp\/v2\/users\/1"}],"replies":[{"embeddable":true,"href":"https:\/\/uniekeuitjes.nl\/de\/wp-json\/wp\/v2\/comments?post=11809"}],"version-history":[{"count":0,"href":"https:\/\/uniekeuitjes.nl\/de\/wp-json\/wp\/v2\/pages\/11809\/revisions"}],"wp:attachment":[{"href":"https:\/\/uniekeuitjes.nl\/de\/wp-json\/wp\/v2\/media?parent=11809"}],"wp:term":[{"taxonomy":"category","embeddable":true,"href":"https:\/\/uniekeuitjes.nl\/de\/wp-json\/wp\/v2\/categories?post=11809"}],"curies":[{"name":"wp","href":"https:\/\/api.w.org\/{rel}","templated":true}]}}