{"id":11812,"date":"2019-02-18T14:50:04","date_gmt":"2019-02-18T14:50:04","guid":{"rendered":"https:\/\/uniekeuitjes.nl\/ausfluege-in-groenlo\/"},"modified":"2019-02-18T14:50:04","modified_gmt":"2019-02-18T14:50:04","slug":"ausfluege-in-groenlo","status":"publish","type":"page","link":"https:\/\/uniekeuitjes.nl\/de\/ausfluege-in-groenlo\/","title":{"rendered":"Ausfl\u00fcge in Groenlo"},"content":{"rendered":"<h2>Ausfl\u00fcge in Groenlo<\/h2>\n<p>In Groenlo bietet Unique Outings zahlreiche Ausfl\u00fcge und Aktivit\u00e4ten an. Grolle, wie Groenlo fr\u00fcher genannt wurde, hat eine illustre Geschichte. Viele Male wurde um die strategisch wichtige Stadt gek\u00e4mpft. W\u00e4hrend des Achtzigj\u00e4hrigen Krieges wurde Groenlo durch den Stedendwinger Frederick Henry endg\u00fcltig von den Spaniern befreit. Trotzdem ist die Stadt immer eine katholische Enklave geblieben. Groenlo strahlt eine burgundische Atmosph\u00e4re der Gastfreundschaft und Unterhaltung aus. Einst war die Stadt f\u00fcr ihre zahlreichen Vergn\u00fcgungszentren bekannt und wurde auch das &#8220;Las Vegas der Achterhoek&#8221; genannt. Heute geht es im immer noch lebendigen Stadtzentrum etwas ruhiger zu. Die Biermarke Grolsch wurde jahrhundertelang in Groenlo gebraut. Seit 2005 ist die Brauerei nach Boekelo (in der N\u00e4he von Enschede) verlegt worden. Die alte Brauerei beherbergt heute das &#8220;Brauereimuseum De Klok&#8221;. Groenlo verf\u00fcgt \u00fcber einen gro\u00dfen Park, De Halve Maan. Dieser Park befindet sich n\u00f6rdlich der Altstadt.<\/p>\n<p>&nbsp;<\/p>\n<h2>Ausfl\u00fcge und Aktivit\u00e4ten<\/h2>\n<p>Unique Outings bietet viele verschiedene Ausfl\u00fcge und Aktivit\u00e4ten in der Region Achterhoek an. Um die sch\u00f6ne Umgebung von Groenlo zu erkunden, haben wir verschiedene Transportmittel f\u00fcr Sie. Zum Beispiel unsere <a href=\"https:\/\/uniekeuitjes.nl\/uitje\/echopper-elektrische-scooter-huren\/\">E-Choppers<\/a>. Oder m\u00f6chten Sie die wundersch\u00f6ne Umgebung mit dem <a href=\"https:\/\/uniekeuitjes.nl\/uitje\/tuktuk-huren\/\">Tuktuk<\/a>, <a href=\"https:\/\/uniekeuitjes.nl\/uitje\/trigger-huren\/\">Trigger<\/a>, <a href=\"https:\/\/uniekeuitjes.nl\/uitje\/solex-huren\/\">Solex<\/a> oder <a href=\"https:\/\/uniekeuitjes.nl\/uitje\/tandem-cruiser\/\">Tandem<\/a> erkunden? Auch das ist nat\u00fcrlich m\u00f6glich. Au\u00dferdem bietet Unique Outings auch Indoor-Aktivit\u00e4ten und Spielshows an, darunter: <a href=\"https:\/\/uniekeuitjes.nl\/uitje\/indoor-zeskamp\/\">Indoor-Hexathlon<\/a>, <a href=\"https:\/\/uniekeuitjes.nl\/uitje\/pub-quiz\/\">Pubquiz<\/a>, <a href=\"https:\/\/uniekeuitjes.nl\/uitje\/indoor-en-outdoor-lasergamen-op-locatie\/\">Laser-Gaming<\/a>, <a href=\"https:\/\/uniekeuitjes.nl\/uitje\/casino-avond\/\">Casino-Abend<\/a> oder <a href=\"https:\/\/uniekeuitjes.nl\/uitje\/jongens-vs-de-meisjes\/\">Jungen gegen M\u00e4dchen<\/a>. Diese Ausfl\u00fcge sind in unseren R\u00e4umlichkeiten, aber auch bei Ihnen vor Ort m\u00f6glich. Alle unsere Ausfl\u00fcge und Aktivit\u00e4ten finden Sie auf unserer <a href=\"https:\/\/uniekeuitjes.nl\">Website<\/a>.<\/p>\n<p>&nbsp;<\/p>\n<p>&nbsp;<\/p>\n<p><a href=\"https:\/\/uniekeuitjes.nl\"><img loading=\"lazy\" decoding=\"async\" class=\"alignnone wp-image-377\" src=\"http:\/\/uniekeuitjes.nl\/wp-content\/uploads\/2019\/02\/site-login-logo.png\" alt=\"\" width=\"507\" height=\"247\" srcset=\"https:\/\/uniekeuitjes.nl\/wp-content\/uploads\/2019\/02\/site-login-logo.png 708w, https:\/\/uniekeuitjes.nl\/wp-content\/uploads\/2019\/02\/site-login-logo-300x146.png 300w, https:\/\/uniekeuitjes.nl\/wp-content\/uploads\/2019\/02\/site-login-logo-600x292.png 600w\" sizes=\"auto, (max-width: 507px) 100vw, 507px\" \/><\/a><\/p>\n<p><strong> <\/strong><\/p>\n","protected":false},"excerpt":{"rendered":"<p>Ausfl\u00fcge in Groenlo In Groenlo bietet Unique Outings zahlreiche Ausfl\u00fcge und Aktivit\u00e4ten an. Grolle, wie Groenlo fr\u00fcher genannt wurde, hat eine illustre Geschichte. Viele Male wurde um die strategisch wichtige Stadt gek\u00e4mpft. W\u00e4hrend des Achtzigj\u00e4hrigen Krieges wurde Groenlo durch den Stedendwinger Frederick Henry endg\u00fcltig von den Spaniern befreit. Trotzdem ist die Stadt immer eine katholische [&hellip;]<\/p>\n","protected":false},"author":1,"featured_media":0,"parent":0,"menu_order":0,"comment_status":"closed","ping_status":"closed","template":"","meta":{"_acf_changed":false,"_monsterinsights_skip_tracking":false,"_monsterinsights_sitenote_active":false,"_monsterinsights_sitenote_note":"","_monsterinsights_sitenote_category":0,"footnotes":""},"categories":[73],"class_list":["post-11812","page","type-page","status-publish","hentry","category-zielseite"],"acf":[],"yoast_head":"<!-- This site is optimized with the Yoast SEO plugin v27.4 - https:\/\/yoast.com\/product\/yoast-seo-wordpress\/ -->\n<title>Ausfl\u00fcge in Groenlo - Verschiedene Aktivit\u00e4ten &amp; Ausfl\u00fcge in Groenlo<\/title>\n<meta name=\"description\" content=\"Ausfl\u00fcge in Groenlo komplett organisiert von Unique Outings! Z\u00f6gern Sie nicht und schauen Sie sich unsere Auswahl an!\" \/>\n<meta name=\"robots\" content=\"index, follow, max-snippet:-1, max-image-preview:large, max-video-preview:-1\" \/>\n<link rel=\"canonical\" href=\"https:\/\/uniekeuitjes.nl\/de\/ausfluege-in-groenlo\/\" \/>\n<meta property=\"og:locale\" content=\"nl_NL\" \/>\n<meta property=\"og:type\" content=\"article\" \/>\n<meta property=\"og:title\" content=\"Ausfl\u00fcge in Groenlo - Verschiedene Aktivit\u00e4ten &amp; Ausfl\u00fcge in Groenlo\" \/>\n<meta property=\"og:description\" content=\"Ausfl\u00fcge in Groenlo komplett organisiert von Unique Outings! Z\u00f6gern Sie nicht und schauen Sie sich unsere Auswahl an!\" \/>\n<meta property=\"og:url\" content=\"https:\/\/uniekeuitjes.nl\/de\/ausfluege-in-groenlo\/\" \/>\n<meta property=\"og:site_name\" content=\"Uniekeuitjes.nl\" \/>\n<meta property=\"article:publisher\" content=\"https:\/\/www.facebook.com\/uniekeuitjes.nl\" \/>\n<meta property=\"og:image\" content=\"http:\/\/uniekeuitjes.nl\/wp-content\/uploads\/2019\/02\/site-login-logo.png\" \/>\n<meta name=\"twitter:card\" content=\"summary_large_image\" \/>\n<meta name=\"twitter:label1\" content=\"Geschatte leestijd\" \/>\n\t<meta name=\"twitter:data1\" content=\"1 minuut\" \/>\n<script type=\"application\/ld+json\" class=\"yoast-schema-graph\">{\"@context\":\"https:\\\/\\\/schema.org\",\"@graph\":[{\"@type\":\"WebPage\",\"@id\":\"https:\\\/\\\/uniekeuitjes.nl\\\/de\\\/ausfluege-in-groenlo\\\/\",\"url\":\"https:\\\/\\\/uniekeuitjes.nl\\\/de\\\/ausfluege-in-groenlo\\\/\",\"name\":\"Ausfl\u00fcge in Groenlo - Verschiedene Aktivit\u00e4ten & Ausfl\u00fcge in Groenlo\",\"isPartOf\":{\"@id\":\"\\\/#website\"},\"primaryImageOfPage\":{\"@id\":\"https:\\\/\\\/uniekeuitjes.nl\\\/de\\\/ausfluege-in-groenlo\\\/#primaryimage\"},\"image\":{\"@id\":\"https:\\\/\\\/uniekeuitjes.nl\\\/de\\\/ausfluege-in-groenlo\\\/#primaryimage\"},\"thumbnailUrl\":\"http:\\\/\\\/uniekeuitjes.nl\\\/wp-content\\\/uploads\\\/2019\\\/02\\\/site-login-logo.png\",\"datePublished\":\"2019-02-18T14:50:04+00:00\",\"description\":\"Ausfl\u00fcge in Groenlo komplett organisiert von Unique Outings! Z\u00f6gern Sie nicht und schauen Sie sich unsere Auswahl an!\",\"breadcrumb\":{\"@id\":\"https:\\\/\\\/uniekeuitjes.nl\\\/de\\\/ausfluege-in-groenlo\\\/#breadcrumb\"},\"inLanguage\":\"nl-NL\",\"potentialAction\":[{\"@type\":\"ReadAction\",\"target\":[\"https:\\\/\\\/uniekeuitjes.nl\\\/de\\\/ausfluege-in-groenlo\\\/\"]}]},{\"@type\":\"ImageObject\",\"inLanguage\":\"nl-NL\",\"@id\":\"https:\\\/\\\/uniekeuitjes.nl\\\/de\\\/ausfluege-in-groenlo\\\/#primaryimage\",\"url\":\"http:\\\/\\\/uniekeuitjes.nl\\\/wp-content\\\/uploads\\\/2019\\\/02\\\/site-login-logo.png\",\"contentUrl\":\"http:\\\/\\\/uniekeuitjes.nl\\\/wp-content\\\/uploads\\\/2019\\\/02\\\/site-login-logo.png\"},{\"@type\":\"BreadcrumbList\",\"@id\":\"https:\\\/\\\/uniekeuitjes.nl\\\/de\\\/ausfluege-in-groenlo\\\/#breadcrumb\",\"itemListElement\":[{\"@type\":\"ListItem\",\"position\":1,\"name\":\"Home\",\"item\":\"https:\\\/\\\/uniekeuitjes.nl\\\/de\\\/\"},{\"@type\":\"ListItem\",\"position\":2,\"name\":\"Ausfl\u00fcge in Groenlo\"}]},{\"@type\":\"WebSite\",\"@id\":\"\\\/#website\",\"url\":\"\\\/\",\"name\":\"Uniekeuitjes.nl\",\"description\":\"Goedkope leuke uitjes zelf samen te stellen\",\"publisher\":{\"@id\":\"\\\/#organization\"},\"potentialAction\":[{\"@type\":\"SearchAction\",\"target\":{\"@type\":\"EntryPoint\",\"urlTemplate\":\"\\\/?s={search_term_string}\"},\"query-input\":{\"@type\":\"PropertyValueSpecification\",\"valueRequired\":true,\"valueName\":\"search_term_string\"}}],\"inLanguage\":\"nl-NL\"},{\"@type\":\"Organization\",\"@id\":\"\\\/#organization\",\"name\":\"Unieke Uitjes\",\"url\":\"\\\/\",\"logo\":{\"@type\":\"ImageObject\",\"inLanguage\":\"nl-NL\",\"@id\":\"\\\/#\\\/schema\\\/logo\\\/image\\\/\",\"url\":\"https:\\\/\\\/uniekeuitjes.nl\\\/wp-content\\\/uploads\\\/2019\\\/02\\\/site-login-logo.png\",\"contentUrl\":\"https:\\\/\\\/uniekeuitjes.nl\\\/wp-content\\\/uploads\\\/2019\\\/02\\\/site-login-logo.png\",\"width\":708,\"height\":345,\"caption\":\"Unieke Uitjes\"},\"image\":{\"@id\":\"\\\/#\\\/schema\\\/logo\\\/image\\\/\"},\"sameAs\":[\"https:\\\/\\\/www.facebook.com\\\/uniekeuitjes.nl\",\"https:\\\/\\\/www.instagram.com\\\/uniekeuitjes.nl\\\/\",\"https:\\\/\\\/www.linkedin.com\\\/company\\\/unieke-uitjes-nl\",\"https:\\\/\\\/www.youtube.com\\\/channel\\\/UCXwRXFWP_R0kxRAeL79FQfw\"]}]}<\/script>\n<!-- \/ Yoast SEO plugin. -->","yoast_head_json":{"title":"Ausfl\u00fcge in Groenlo - Verschiedene Aktivit\u00e4ten & Ausfl\u00fcge in Groenlo","description":"Ausfl\u00fcge in Groenlo komplett organisiert von Unique Outings! Z\u00f6gern Sie nicht und schauen Sie sich unsere Auswahl an!","robots":{"index":"index","follow":"follow","max-snippet":"max-snippet:-1","max-image-preview":"max-image-preview:large","max-video-preview":"max-video-preview:-1"},"canonical":"https:\/\/uniekeuitjes.nl\/de\/ausfluege-in-groenlo\/","og_locale":"nl_NL","og_type":"article","og_title":"Ausfl\u00fcge in Groenlo - Verschiedene Aktivit\u00e4ten & Ausfl\u00fcge in Groenlo","og_description":"Ausfl\u00fcge in Groenlo komplett organisiert von Unique Outings! Z\u00f6gern Sie nicht und schauen Sie sich unsere Auswahl an!","og_url":"https:\/\/uniekeuitjes.nl\/de\/ausfluege-in-groenlo\/","og_site_name":"Uniekeuitjes.nl","article_publisher":"https:\/\/www.facebook.com\/uniekeuitjes.nl","og_image":[{"url":"http:\/\/uniekeuitjes.nl\/wp-content\/uploads\/2019\/02\/site-login-logo.png","type":"","width":"","height":""}],"twitter_card":"summary_large_image","twitter_misc":{"Geschatte leestijd":"1 minuut"},"schema":{"@context":"https:\/\/schema.org","@graph":[{"@type":"WebPage","@id":"https:\/\/uniekeuitjes.nl\/de\/ausfluege-in-groenlo\/","url":"https:\/\/uniekeuitjes.nl\/de\/ausfluege-in-groenlo\/","name":"Ausfl\u00fcge in Groenlo - Verschiedene Aktivit\u00e4ten & Ausfl\u00fcge in Groenlo","isPartOf":{"@id":"\/#website"},"primaryImageOfPage":{"@id":"https:\/\/uniekeuitjes.nl\/de\/ausfluege-in-groenlo\/#primaryimage"},"image":{"@id":"https:\/\/uniekeuitjes.nl\/de\/ausfluege-in-groenlo\/#primaryimage"},"thumbnailUrl":"http:\/\/uniekeuitjes.nl\/wp-content\/uploads\/2019\/02\/site-login-logo.png","datePublished":"2019-02-18T14:50:04+00:00","description":"Ausfl\u00fcge in Groenlo komplett organisiert von Unique Outings! Z\u00f6gern Sie nicht und schauen Sie sich unsere Auswahl an!","breadcrumb":{"@id":"https:\/\/uniekeuitjes.nl\/de\/ausfluege-in-groenlo\/#breadcrumb"},"inLanguage":"nl-NL","potentialAction":[{"@type":"ReadAction","target":["https:\/\/uniekeuitjes.nl\/de\/ausfluege-in-groenlo\/"]}]},{"@type":"ImageObject","inLanguage":"nl-NL","@id":"https:\/\/uniekeuitjes.nl\/de\/ausfluege-in-groenlo\/#primaryimage","url":"http:\/\/uniekeuitjes.nl\/wp-content\/uploads\/2019\/02\/site-login-logo.png","contentUrl":"http:\/\/uniekeuitjes.nl\/wp-content\/uploads\/2019\/02\/site-login-logo.png"},{"@type":"BreadcrumbList","@id":"https:\/\/uniekeuitjes.nl\/de\/ausfluege-in-groenlo\/#breadcrumb","itemListElement":[{"@type":"ListItem","position":1,"name":"Home","item":"https:\/\/uniekeuitjes.nl\/de\/"},{"@type":"ListItem","position":2,"name":"Ausfl\u00fcge in Groenlo"}]},{"@type":"WebSite","@id":"\/#website","url":"\/","name":"Uniekeuitjes.nl","description":"Goedkope leuke uitjes zelf samen te stellen","publisher":{"@id":"\/#organization"},"potentialAction":[{"@type":"SearchAction","target":{"@type":"EntryPoint","urlTemplate":"\/?s={search_term_string}"},"query-input":{"@type":"PropertyValueSpecification","valueRequired":true,"valueName":"search_term_string"}}],"inLanguage":"nl-NL"},{"@type":"Organization","@id":"\/#organization","name":"Unieke Uitjes","url":"\/","logo":{"@type":"ImageObject","inLanguage":"nl-NL","@id":"\/#\/schema\/logo\/image\/","url":"https:\/\/uniekeuitjes.nl\/wp-content\/uploads\/2019\/02\/site-login-logo.png","contentUrl":"https:\/\/uniekeuitjes.nl\/wp-content\/uploads\/2019\/02\/site-login-logo.png","width":708,"height":345,"caption":"Unieke Uitjes"},"image":{"@id":"\/#\/schema\/logo\/image\/"},"sameAs":["https:\/\/www.facebook.com\/uniekeuitjes.nl","https:\/\/www.instagram.com\/uniekeuitjes.nl\/","https:\/\/www.linkedin.com\/company\/unieke-uitjes-nl","https:\/\/www.youtube.com\/channel\/UCXwRXFWP_R0kxRAeL79FQfw"]}]}},"_links":{"self":[{"href":"https:\/\/uniekeuitjes.nl\/de\/wp-json\/wp\/v2\/pages\/11812","targetHints":{"allow":["GET"]}}],"collection":[{"href":"https:\/\/uniekeuitjes.nl\/de\/wp-json\/wp\/v2\/pages"}],"about":[{"href":"https:\/\/uniekeuitjes.nl\/de\/wp-json\/wp\/v2\/types\/page"}],"author":[{"embeddable":true,"href":"https:\/\/uniekeuitjes.nl\/de\/wp-json\/wp\/v2\/users\/1"}],"replies":[{"embeddable":true,"href":"https:\/\/uniekeuitjes.nl\/de\/wp-json\/wp\/v2\/comments?post=11812"}],"version-history":[{"count":0,"href":"https:\/\/uniekeuitjes.nl\/de\/wp-json\/wp\/v2\/pages\/11812\/revisions"}],"wp:attachment":[{"href":"https:\/\/uniekeuitjes.nl\/de\/wp-json\/wp\/v2\/media?parent=11812"}],"wp:term":[{"taxonomy":"category","embeddable":true,"href":"https:\/\/uniekeuitjes.nl\/de\/wp-json\/wp\/v2\/categories?post=11812"}],"curies":[{"name":"wp","href":"https:\/\/api.w.org\/{rel}","templated":true}]}}