{"id":11813,"date":"2019-02-18T14:47:09","date_gmt":"2019-02-18T14:47:09","guid":{"rendered":"https:\/\/uniekeuitjes.nl\/ausfluege-in-goor\/"},"modified":"2019-02-18T14:47:09","modified_gmt":"2019-02-18T14:47:09","slug":"ausfluege-in-goor","status":"publish","type":"page","link":"https:\/\/uniekeuitjes.nl\/de\/ausfluege-in-goor\/","title":{"rendered":"Ausfl\u00fcge in Goor"},"content":{"rendered":"<h2>Ausfl\u00fcge in Goor<\/h2>\n<p>Unique Uitjes bietet sehr viele Aktivit\u00e4ten, Pakete und Ausfl\u00fcge in Goor an. So haben wir mehrere lustige Transportmittel wie <a href=\"https:\/\/uniekeuitjes.nl\/uitje\/transportmiddel-tuktuk\/\">TukTuks<\/a>, <a href=\"https:\/\/uniekeuitjes.nl\/uitje\/solex-huren\/\">Solexes<\/a>, <a href=\"https:\/\/uniekeuitjes.nl\/uitje\/tandem-cruiser\/\">Tandems<\/a>, <a href=\"https:\/\/uniekeuitjes.nl\/uitje\/skeltertreinen-groepsfietsen\/\">Fahrradz\u00fcge<\/a>, <a href=\"https:\/\/uniekeuitjes.nl\/uitje\/trigger-huren\/\">Trigger<\/a> und <a href=\"https:\/\/uniekeuitjes.nl\/uitje\/echopper-elektrische-scooter-huren\/\">E-Chopper<\/a>, um die sch\u00f6ne Umgebung zu erkunden. Die Kirchen und alten Geb\u00e4ude in Goor sind fantastisch, ebenso wie die sch\u00f6ne Landschaft, an der man vorbeif\u00e4hrt. Wir bieten auch verschiedene Pakete und Indoor-Aktivit\u00e4ten an. Zum Beispiel <a href=\"https:\/\/uniekeuitjes.nl\/uitje\/schieten-met-5-wapensoorten\/\">Schie\u00dfen mit 5 Waffen<\/a>, <a href=\"https:\/\/uniekeuitjes.nl\/uitje\/indoor-en-outdoor-lasergamen-op-locatie\/\">Lasergames<\/a>, ein lustiges <a href=\"https:\/\/uniekeuitjes.nl\/uitje\/pubquiz\/\">Pub-Quiz<\/a>, eine <a href=\"https:\/\/uniekeuitjes.nl\/uitje\/bingoshow\/\">Bingo-Show<\/a> oder ein <a href=\"https:\/\/uniekeuitjes.nl\/uitje\/casino-avond\/\">Casino-Abend<\/a>. All dies ist nat\u00fcrlich auch vor Ort m\u00f6glich. Alle diese Aktivit\u00e4ten und Ausfl\u00fcge sind auf der Website zu finden.<\/p>\n<h2><\/h2>\n<p>&nbsp;<\/p>\n<h2><\/h2>\n<h3>\u00dcber Goor:<\/h3>\n<p>Goor erhielt bereits 1263 die Stadtrechte und war eine Zeit lang das Verwaltungszentrum von Twente. Im Jahr 1833 wurde dort die erste Webereischule gegr\u00fcndet, die die Stadt zu einem wichtigen Zentrum der regionalen Textilindustrie machte. In Goor sind mehrere sehenswerte Kunstwerke verstreut. Weitere Sehensw\u00fcrdigkeiten sind die Braakmolen, das Klompenmuseum, das Historische Museum Goor und das Grab von Thomas Ainsworth. Das j\u00e4hrliche Schul- und Volksfest und der 4-t\u00e4gige Herbstzyklus sind wichtige Beispiele f\u00fcr Goor-Traditionen.<\/p>\n<h2><\/h2>\n<p>&nbsp;<\/p>\n<p>Kurzum: Werfen Sie auch einen Blick auf die Willkommensseite von Unique Outings f\u00fcr alle Aktivit\u00e4ten, und kontaktieren Sie uns, um alle M\u00f6glichkeiten zu besprechen.<\/p>\n<p>&nbsp;<\/p>\n<p>&nbsp;<\/p>\n<h3><strong>Wir sehen uns bei Unique Outings<\/strong>!<\/h3>\n<p>&nbsp;<\/p>\n<p><a href=\"https:\/\/uniekeuitjes.nl\"><img loading=\"lazy\" decoding=\"async\" class=\"alignnone wp-image-377\" src=\"http:\/\/uniekeuitjes.nl\/wp-content\/uploads\/2019\/02\/site-login-logo.png\" alt=\"\" width=\"449\" height=\"219\" srcset=\"https:\/\/uniekeuitjes.nl\/wp-content\/uploads\/2019\/02\/site-login-logo.png 708w, https:\/\/uniekeuitjes.nl\/wp-content\/uploads\/2019\/02\/site-login-logo-300x146.png 300w, https:\/\/uniekeuitjes.nl\/wp-content\/uploads\/2019\/02\/site-login-logo-600x292.png 600w\" sizes=\"auto, (max-width: 449px) 100vw, 449px\" \/><\/a><\/p>\n","protected":false},"excerpt":{"rendered":"<p>Ausfl\u00fcge in Goor Unique Uitjes bietet sehr viele Aktivit\u00e4ten, Pakete und Ausfl\u00fcge in Goor an. So haben wir mehrere lustige Transportmittel wie TukTuks, Solexes, Tandems, Fahrradz\u00fcge, Trigger und E-Chopper, um die sch\u00f6ne Umgebung zu erkunden. Die Kirchen und alten Geb\u00e4ude in Goor sind fantastisch, ebenso wie die sch\u00f6ne Landschaft, an der man vorbeif\u00e4hrt. Wir bieten [&hellip;]<\/p>\n","protected":false},"author":1,"featured_media":0,"parent":0,"menu_order":0,"comment_status":"closed","ping_status":"closed","template":"","meta":{"_acf_changed":false,"_monsterinsights_skip_tracking":false,"_monsterinsights_sitenote_active":false,"_monsterinsights_sitenote_note":"","_monsterinsights_sitenote_category":0,"footnotes":""},"categories":[73],"class_list":["post-11813","page","type-page","status-publish","hentry","category-zielseite"],"acf":[],"yoast_head":"<!-- This site is optimized with the Yoast SEO plugin v27.4 - https:\/\/yoast.com\/product\/yoast-seo-wordpress\/ -->\n<title>Ausfl\u00fcge in Goor - Verschiedene Aktivit\u00e4ten &amp; Ausfl\u00fcge in Goor<\/title>\n<meta name=\"description\" content=\"Ausfl\u00fcge in Goor komplett organisiert von Unique Outings! Sind Sie auf der Suche nach mehreren unterhaltsamen Ausfl\u00fcgen, die ausschlie\u00dflich von Fachleuten organisiert werden? Klicken Sie hier!\" \/>\n<meta name=\"robots\" content=\"index, follow, max-snippet:-1, max-image-preview:large, max-video-preview:-1\" \/>\n<link rel=\"canonical\" href=\"https:\/\/uniekeuitjes.nl\/de\/ausfluege-in-goor\/\" \/>\n<meta property=\"og:locale\" content=\"nl_NL\" \/>\n<meta property=\"og:type\" content=\"article\" \/>\n<meta property=\"og:title\" content=\"Ausfl\u00fcge in Goor - Verschiedene Aktivit\u00e4ten &amp; Ausfl\u00fcge in Goor\" \/>\n<meta property=\"og:description\" content=\"Ausfl\u00fcge in Goor komplett organisiert von Unique Outings! Sind Sie auf der Suche nach mehreren unterhaltsamen Ausfl\u00fcgen, die ausschlie\u00dflich von Fachleuten organisiert werden? Klicken Sie hier!\" \/>\n<meta property=\"og:url\" content=\"https:\/\/uniekeuitjes.nl\/de\/ausfluege-in-goor\/\" \/>\n<meta property=\"og:site_name\" content=\"Uniekeuitjes.nl\" \/>\n<meta property=\"article:publisher\" content=\"https:\/\/www.facebook.com\/uniekeuitjes.nl\" \/>\n<meta property=\"og:image\" content=\"http:\/\/uniekeuitjes.nl\/wp-content\/uploads\/2019\/02\/site-login-logo.png\" \/>\n<meta name=\"twitter:card\" content=\"summary_large_image\" \/>\n<meta name=\"twitter:label1\" content=\"Geschatte leestijd\" \/>\n\t<meta name=\"twitter:data1\" content=\"1 minuut\" \/>\n<script type=\"application\/ld+json\" class=\"yoast-schema-graph\">{\"@context\":\"https:\\\/\\\/schema.org\",\"@graph\":[{\"@type\":\"WebPage\",\"@id\":\"https:\\\/\\\/uniekeuitjes.nl\\\/de\\\/ausfluege-in-goor\\\/\",\"url\":\"https:\\\/\\\/uniekeuitjes.nl\\\/de\\\/ausfluege-in-goor\\\/\",\"name\":\"Ausfl\u00fcge in Goor - Verschiedene Aktivit\u00e4ten & Ausfl\u00fcge in Goor\",\"isPartOf\":{\"@id\":\"\\\/#website\"},\"primaryImageOfPage\":{\"@id\":\"https:\\\/\\\/uniekeuitjes.nl\\\/de\\\/ausfluege-in-goor\\\/#primaryimage\"},\"image\":{\"@id\":\"https:\\\/\\\/uniekeuitjes.nl\\\/de\\\/ausfluege-in-goor\\\/#primaryimage\"},\"thumbnailUrl\":\"http:\\\/\\\/uniekeuitjes.nl\\\/wp-content\\\/uploads\\\/2019\\\/02\\\/site-login-logo.png\",\"datePublished\":\"2019-02-18T14:47:09+00:00\",\"description\":\"Ausfl\u00fcge in Goor komplett organisiert von Unique Outings! Sind Sie auf der Suche nach mehreren unterhaltsamen Ausfl\u00fcgen, die ausschlie\u00dflich von Fachleuten organisiert werden? Klicken Sie hier!\",\"breadcrumb\":{\"@id\":\"https:\\\/\\\/uniekeuitjes.nl\\\/de\\\/ausfluege-in-goor\\\/#breadcrumb\"},\"inLanguage\":\"nl-NL\",\"potentialAction\":[{\"@type\":\"ReadAction\",\"target\":[\"https:\\\/\\\/uniekeuitjes.nl\\\/de\\\/ausfluege-in-goor\\\/\"]}]},{\"@type\":\"ImageObject\",\"inLanguage\":\"nl-NL\",\"@id\":\"https:\\\/\\\/uniekeuitjes.nl\\\/de\\\/ausfluege-in-goor\\\/#primaryimage\",\"url\":\"http:\\\/\\\/uniekeuitjes.nl\\\/wp-content\\\/uploads\\\/2019\\\/02\\\/site-login-logo.png\",\"contentUrl\":\"http:\\\/\\\/uniekeuitjes.nl\\\/wp-content\\\/uploads\\\/2019\\\/02\\\/site-login-logo.png\"},{\"@type\":\"BreadcrumbList\",\"@id\":\"https:\\\/\\\/uniekeuitjes.nl\\\/de\\\/ausfluege-in-goor\\\/#breadcrumb\",\"itemListElement\":[{\"@type\":\"ListItem\",\"position\":1,\"name\":\"Home\",\"item\":\"https:\\\/\\\/uniekeuitjes.nl\\\/de\\\/\"},{\"@type\":\"ListItem\",\"position\":2,\"name\":\"Ausfl\u00fcge in Goor\"}]},{\"@type\":\"WebSite\",\"@id\":\"\\\/#website\",\"url\":\"\\\/\",\"name\":\"Uniekeuitjes.nl\",\"description\":\"Goedkope leuke uitjes zelf samen te stellen\",\"publisher\":{\"@id\":\"\\\/#organization\"},\"potentialAction\":[{\"@type\":\"SearchAction\",\"target\":{\"@type\":\"EntryPoint\",\"urlTemplate\":\"\\\/?s={search_term_string}\"},\"query-input\":{\"@type\":\"PropertyValueSpecification\",\"valueRequired\":true,\"valueName\":\"search_term_string\"}}],\"inLanguage\":\"nl-NL\"},{\"@type\":\"Organization\",\"@id\":\"\\\/#organization\",\"name\":\"Unieke Uitjes\",\"url\":\"\\\/\",\"logo\":{\"@type\":\"ImageObject\",\"inLanguage\":\"nl-NL\",\"@id\":\"\\\/#\\\/schema\\\/logo\\\/image\\\/\",\"url\":\"https:\\\/\\\/uniekeuitjes.nl\\\/wp-content\\\/uploads\\\/2019\\\/02\\\/site-login-logo.png\",\"contentUrl\":\"https:\\\/\\\/uniekeuitjes.nl\\\/wp-content\\\/uploads\\\/2019\\\/02\\\/site-login-logo.png\",\"width\":708,\"height\":345,\"caption\":\"Unieke Uitjes\"},\"image\":{\"@id\":\"\\\/#\\\/schema\\\/logo\\\/image\\\/\"},\"sameAs\":[\"https:\\\/\\\/www.facebook.com\\\/uniekeuitjes.nl\",\"https:\\\/\\\/www.instagram.com\\\/uniekeuitjes.nl\\\/\",\"https:\\\/\\\/www.linkedin.com\\\/company\\\/unieke-uitjes-nl\",\"https:\\\/\\\/www.youtube.com\\\/channel\\\/UCXwRXFWP_R0kxRAeL79FQfw\"]}]}<\/script>\n<!-- \/ Yoast SEO plugin. -->","yoast_head_json":{"title":"Ausfl\u00fcge in Goor - Verschiedene Aktivit\u00e4ten & Ausfl\u00fcge in Goor","description":"Ausfl\u00fcge in Goor komplett organisiert von Unique Outings! Sind Sie auf der Suche nach mehreren unterhaltsamen Ausfl\u00fcgen, die ausschlie\u00dflich von Fachleuten organisiert werden? Klicken Sie hier!","robots":{"index":"index","follow":"follow","max-snippet":"max-snippet:-1","max-image-preview":"max-image-preview:large","max-video-preview":"max-video-preview:-1"},"canonical":"https:\/\/uniekeuitjes.nl\/de\/ausfluege-in-goor\/","og_locale":"nl_NL","og_type":"article","og_title":"Ausfl\u00fcge in Goor - Verschiedene Aktivit\u00e4ten & Ausfl\u00fcge in Goor","og_description":"Ausfl\u00fcge in Goor komplett organisiert von Unique Outings! Sind Sie auf der Suche nach mehreren unterhaltsamen Ausfl\u00fcgen, die ausschlie\u00dflich von Fachleuten organisiert werden? Klicken Sie hier!","og_url":"https:\/\/uniekeuitjes.nl\/de\/ausfluege-in-goor\/","og_site_name":"Uniekeuitjes.nl","article_publisher":"https:\/\/www.facebook.com\/uniekeuitjes.nl","og_image":[{"url":"http:\/\/uniekeuitjes.nl\/wp-content\/uploads\/2019\/02\/site-login-logo.png","type":"","width":"","height":""}],"twitter_card":"summary_large_image","twitter_misc":{"Geschatte leestijd":"1 minuut"},"schema":{"@context":"https:\/\/schema.org","@graph":[{"@type":"WebPage","@id":"https:\/\/uniekeuitjes.nl\/de\/ausfluege-in-goor\/","url":"https:\/\/uniekeuitjes.nl\/de\/ausfluege-in-goor\/","name":"Ausfl\u00fcge in Goor - Verschiedene Aktivit\u00e4ten & Ausfl\u00fcge in Goor","isPartOf":{"@id":"\/#website"},"primaryImageOfPage":{"@id":"https:\/\/uniekeuitjes.nl\/de\/ausfluege-in-goor\/#primaryimage"},"image":{"@id":"https:\/\/uniekeuitjes.nl\/de\/ausfluege-in-goor\/#primaryimage"},"thumbnailUrl":"http:\/\/uniekeuitjes.nl\/wp-content\/uploads\/2019\/02\/site-login-logo.png","datePublished":"2019-02-18T14:47:09+00:00","description":"Ausfl\u00fcge in Goor komplett organisiert von Unique Outings! Sind Sie auf der Suche nach mehreren unterhaltsamen Ausfl\u00fcgen, die ausschlie\u00dflich von Fachleuten organisiert werden? Klicken Sie hier!","breadcrumb":{"@id":"https:\/\/uniekeuitjes.nl\/de\/ausfluege-in-goor\/#breadcrumb"},"inLanguage":"nl-NL","potentialAction":[{"@type":"ReadAction","target":["https:\/\/uniekeuitjes.nl\/de\/ausfluege-in-goor\/"]}]},{"@type":"ImageObject","inLanguage":"nl-NL","@id":"https:\/\/uniekeuitjes.nl\/de\/ausfluege-in-goor\/#primaryimage","url":"http:\/\/uniekeuitjes.nl\/wp-content\/uploads\/2019\/02\/site-login-logo.png","contentUrl":"http:\/\/uniekeuitjes.nl\/wp-content\/uploads\/2019\/02\/site-login-logo.png"},{"@type":"BreadcrumbList","@id":"https:\/\/uniekeuitjes.nl\/de\/ausfluege-in-goor\/#breadcrumb","itemListElement":[{"@type":"ListItem","position":1,"name":"Home","item":"https:\/\/uniekeuitjes.nl\/de\/"},{"@type":"ListItem","position":2,"name":"Ausfl\u00fcge in Goor"}]},{"@type":"WebSite","@id":"\/#website","url":"\/","name":"Uniekeuitjes.nl","description":"Goedkope leuke uitjes zelf samen te stellen","publisher":{"@id":"\/#organization"},"potentialAction":[{"@type":"SearchAction","target":{"@type":"EntryPoint","urlTemplate":"\/?s={search_term_string}"},"query-input":{"@type":"PropertyValueSpecification","valueRequired":true,"valueName":"search_term_string"}}],"inLanguage":"nl-NL"},{"@type":"Organization","@id":"\/#organization","name":"Unieke Uitjes","url":"\/","logo":{"@type":"ImageObject","inLanguage":"nl-NL","@id":"\/#\/schema\/logo\/image\/","url":"https:\/\/uniekeuitjes.nl\/wp-content\/uploads\/2019\/02\/site-login-logo.png","contentUrl":"https:\/\/uniekeuitjes.nl\/wp-content\/uploads\/2019\/02\/site-login-logo.png","width":708,"height":345,"caption":"Unieke Uitjes"},"image":{"@id":"\/#\/schema\/logo\/image\/"},"sameAs":["https:\/\/www.facebook.com\/uniekeuitjes.nl","https:\/\/www.instagram.com\/uniekeuitjes.nl\/","https:\/\/www.linkedin.com\/company\/unieke-uitjes-nl","https:\/\/www.youtube.com\/channel\/UCXwRXFWP_R0kxRAeL79FQfw"]}]}},"_links":{"self":[{"href":"https:\/\/uniekeuitjes.nl\/de\/wp-json\/wp\/v2\/pages\/11813","targetHints":{"allow":["GET"]}}],"collection":[{"href":"https:\/\/uniekeuitjes.nl\/de\/wp-json\/wp\/v2\/pages"}],"about":[{"href":"https:\/\/uniekeuitjes.nl\/de\/wp-json\/wp\/v2\/types\/page"}],"author":[{"embeddable":true,"href":"https:\/\/uniekeuitjes.nl\/de\/wp-json\/wp\/v2\/users\/1"}],"replies":[{"embeddable":true,"href":"https:\/\/uniekeuitjes.nl\/de\/wp-json\/wp\/v2\/comments?post=11813"}],"version-history":[{"count":0,"href":"https:\/\/uniekeuitjes.nl\/de\/wp-json\/wp\/v2\/pages\/11813\/revisions"}],"wp:attachment":[{"href":"https:\/\/uniekeuitjes.nl\/de\/wp-json\/wp\/v2\/media?parent=11813"}],"wp:term":[{"taxonomy":"category","embeddable":true,"href":"https:\/\/uniekeuitjes.nl\/de\/wp-json\/wp\/v2\/categories?post=11813"}],"curies":[{"name":"wp","href":"https:\/\/api.w.org\/{rel}","templated":true}]}}