{"id":11818,"date":"2019-02-18T14:37:40","date_gmt":"2019-02-18T14:37:40","guid":{"rendered":"https:\/\/uniekeuitjes.nl\/ausfluege-in-doetinchem\/"},"modified":"2019-02-18T14:37:40","modified_gmt":"2019-02-18T14:37:40","slug":"ausfluege-in-doetinchem","status":"publish","type":"page","link":"https:\/\/uniekeuitjes.nl\/de\/ausfluege-in-doetinchem\/","title":{"rendered":"Ausfl\u00fcge in Doetinchem"},"content":{"rendered":"<h2>Ausfl\u00fcge in Doetinchem<\/h2>\n<p>Wenn Sie eine unterhaltsame Aktivit\u00e4t in Doetinchem suchen, sind Sie bei uns genau richtig. Erkunden Sie die Hauptstadt der Achterhoek z.B. mit dem <a href=\"https:\/\/uniekeuitjes.nl\/uitje\/transportmiddel-tuktuk\/\">TukTuk<\/a> oder mit unserer <a href=\"https:\/\/uniekeuitjes.nl\/uitje\/skeltertreinen-groepsfietsen\/\">Gokart-Bahn<\/a>. Erkunden Sie die Gegend gemeinsam mit einem modernen <a href=\"https:\/\/uniekeuitjes.nl\/uitje\/echopper-elektrische-scooter-huren\/\">E-Chopper<\/a> oder einer altmodischen <a href=\"https:\/\/uniekeuitjes.nl\/uitje\/solex-huren\/\">Solex<\/a>. Sie ziehen es vor, sich auf dem Wasser zu erholen? Der sch\u00f6ne Bach Slinge eignet sich hervorragend f\u00fcr eine Bootsfahrt mit einem unserer<a href=\"https:\/\/uniekeuitjes.nl\/uitje\/kanoverhuur\/\"> Kanus<\/a>!<\/p>\n<p>&nbsp;<\/p>\n<p>Wir bieten die besten Ausfl\u00fcge und Aktivit\u00e4ten in Doetinchem. Kombinieren Sie Ihr Abendessen oder Ihren Snack zum Beispiel mit unserem <a href=\"https:\/\/uniekeuitjes.nl\/uitje\/muziek-bingo\/\">Musikbingo<\/a>. Testen Sie Ihr Wissen in unserem lustigen <a href=\"https:\/\/uniekeuitjes.nl\/uitje\/pubquiz\/\">Kneipenquiz<\/a> oder in unserer Spielshow<a href=\"https:\/\/uniekeuitjes.nl\/uitje\/ik-hou-van-holland\/\">&#8216;Ik hou van Holland<\/a>&#8216;. Auf unserer Website finden Sie einen vollst\u00e4ndigen \u00dcberblick \u00fcber die Spielshows, die wir Ihnen anbieten k\u00f6nnen.<\/p>\n<p>Wir bieten alle unsere Aktivit\u00e4ten vor Ort an und Sie k\u00f6nnen w\u00e4hlen, wo Sie beginnen m\u00f6chten. Das kann zum Beispiel ein Restaurant oder ein Caf\u00e9 sein, aber auch Ihre Wohnung oder Ihr Gesch\u00e4ft. Wie w\u00e4re es mit <a href=\"https:\/\/uniekeuitjes.nl\/uitje\/indoor-en-outdoor-lasergamen-op-locatie\/\">Laserspielen<\/a> in Ihren eigenen Gesch\u00e4ftsr\u00e4umen?<\/p>\n<p>&nbsp;<\/p>\n<p>&nbsp;<\/p>\n<h2>\u00dcber die Stadt<\/h2>\n<p>Doetinchem selbst ist die ungekr\u00f6nte Hauptstadt der Region Achterhoek. Im Stadtzentrum gibt es viele verschiedene Gesch\u00e4fte und einige besondere Caf\u00e9s und Restaurants. Die St. Die Katharinenkirche und die Dreik\u00f6nigskapelle sind Beispiele f\u00fcr monumentale Geb\u00e4ude im Stadtzentrum. Auch in den Au\u00dfenbezirken von Doetinchem gibt es einige besondere Geb\u00e4ude, wie das Schloss de Kelder und die alte Walmolen. Und schlie\u00dflich ist der Fu\u00dfballverein De Graafschap nat\u00fcrlich der Stolz der Stadt und der Region. Doetinchem ist der ideale Ort f\u00fcr einen \u00fcberraschenden Aufenthalt und hat sowohl Natur- als auch Stadtliebhabern viel zu bieten.<\/p>\n<p>Haben Sie Interesse an einem unserer Ausfl\u00fcge? Schauen Sie sich auf dieser Website um oder rufen Sie direkt an. Unique Uitjes hat alles, was Sie brauchen, um einen unvergesslichen Tag in Doetinchem zu erleben.<\/p>\n<p>&nbsp;<\/p>\n<div><a href=\"https:\/\/uniekeuitjes.nl\"><img loading=\"lazy\" decoding=\"async\" class=\"alignnone wp-image-377\" src=\"http:\/\/uniekeuitjes.nl\/wp-content\/uploads\/2019\/02\/site-login-logo.png\" alt=\"\" width=\"570\" height=\"278\" srcset=\"https:\/\/uniekeuitjes.nl\/wp-content\/uploads\/2019\/02\/site-login-logo.png 708w, https:\/\/uniekeuitjes.nl\/wp-content\/uploads\/2019\/02\/site-login-logo-300x146.png 300w, https:\/\/uniekeuitjes.nl\/wp-content\/uploads\/2019\/02\/site-login-logo-600x292.png 600w\" sizes=\"auto, (max-width: 570px) 100vw, 570px\" \/><\/a><\/div>\n","protected":false},"excerpt":{"rendered":"<p>Ausfl\u00fcge in Doetinchem Wenn Sie eine unterhaltsame Aktivit\u00e4t in Doetinchem suchen, sind Sie bei uns genau richtig. Erkunden Sie die Hauptstadt der Achterhoek z.B. mit dem TukTuk oder mit unserer Gokart-Bahn. Erkunden Sie die Gegend gemeinsam mit einem modernen E-Chopper oder einer altmodischen Solex. Sie ziehen es vor, sich auf dem Wasser zu erholen? Der [&hellip;]<\/p>\n","protected":false},"author":1,"featured_media":0,"parent":0,"menu_order":0,"comment_status":"closed","ping_status":"closed","template":"","meta":{"_acf_changed":false,"_monsterinsights_skip_tracking":false,"_monsterinsights_sitenote_active":false,"_monsterinsights_sitenote_note":"","_monsterinsights_sitenote_category":0,"footnotes":""},"categories":[73],"class_list":["post-11818","page","type-page","status-publish","hentry","category-zielseite"],"acf":[],"yoast_head":"<!-- This site is optimized with the Yoast SEO plugin v27.4 - https:\/\/yoast.com\/product\/yoast-seo-wordpress\/ -->\n<title>Ausfl\u00fcge in Doetinchem - Uniekeuitjes.nl<\/title>\n<meta name=\"description\" content=\"Ausfl\u00fcge in Doetinchem komplett organisiert von Unique Outings! Wollten Sie schon immer einmal Laser-Tontaubenschie\u00dfen oder einen Hexathlon im Freien erleben? Klicken Sie hier!\" \/>\n<meta name=\"robots\" content=\"index, follow, max-snippet:-1, max-image-preview:large, max-video-preview:-1\" \/>\n<link rel=\"canonical\" href=\"https:\/\/uniekeuitjes.nl\/de\/ausfluege-in-doetinchem\/\" \/>\n<meta property=\"og:locale\" content=\"nl_NL\" \/>\n<meta property=\"og:type\" content=\"article\" \/>\n<meta property=\"og:title\" content=\"Ausfl\u00fcge in Doetinchem - Uniekeuitjes.nl\" \/>\n<meta property=\"og:description\" content=\"Ausfl\u00fcge in Doetinchem komplett organisiert von Unique Outings! Wollten Sie schon immer einmal Laser-Tontaubenschie\u00dfen oder einen Hexathlon im Freien erleben? Klicken Sie hier!\" \/>\n<meta property=\"og:url\" content=\"https:\/\/uniekeuitjes.nl\/de\/ausfluege-in-doetinchem\/\" \/>\n<meta property=\"og:site_name\" content=\"Uniekeuitjes.nl\" \/>\n<meta property=\"article:publisher\" content=\"https:\/\/www.facebook.com\/uniekeuitjes.nl\" \/>\n<meta property=\"og:image\" content=\"http:\/\/uniekeuitjes.nl\/wp-content\/uploads\/2019\/02\/site-login-logo.png\" \/>\n<meta name=\"twitter:card\" content=\"summary_large_image\" \/>\n<meta name=\"twitter:label1\" content=\"Geschatte leestijd\" \/>\n\t<meta name=\"twitter:data1\" content=\"2 minuten\" \/>\n<script type=\"application\/ld+json\" class=\"yoast-schema-graph\">{\"@context\":\"https:\\\/\\\/schema.org\",\"@graph\":[{\"@type\":\"WebPage\",\"@id\":\"https:\\\/\\\/uniekeuitjes.nl\\\/de\\\/ausfluege-in-doetinchem\\\/\",\"url\":\"https:\\\/\\\/uniekeuitjes.nl\\\/de\\\/ausfluege-in-doetinchem\\\/\",\"name\":\"Ausfl\u00fcge in Doetinchem - Uniekeuitjes.nl\",\"isPartOf\":{\"@id\":\"\\\/#website\"},\"primaryImageOfPage\":{\"@id\":\"https:\\\/\\\/uniekeuitjes.nl\\\/de\\\/ausfluege-in-doetinchem\\\/#primaryimage\"},\"image\":{\"@id\":\"https:\\\/\\\/uniekeuitjes.nl\\\/de\\\/ausfluege-in-doetinchem\\\/#primaryimage\"},\"thumbnailUrl\":\"http:\\\/\\\/uniekeuitjes.nl\\\/wp-content\\\/uploads\\\/2019\\\/02\\\/site-login-logo.png\",\"datePublished\":\"2019-02-18T14:37:40+00:00\",\"description\":\"Ausfl\u00fcge in Doetinchem komplett organisiert von Unique Outings! Wollten Sie schon immer einmal Laser-Tontaubenschie\u00dfen oder einen Hexathlon im Freien erleben? Klicken Sie hier!\",\"breadcrumb\":{\"@id\":\"https:\\\/\\\/uniekeuitjes.nl\\\/de\\\/ausfluege-in-doetinchem\\\/#breadcrumb\"},\"inLanguage\":\"nl-NL\",\"potentialAction\":[{\"@type\":\"ReadAction\",\"target\":[\"https:\\\/\\\/uniekeuitjes.nl\\\/de\\\/ausfluege-in-doetinchem\\\/\"]}]},{\"@type\":\"ImageObject\",\"inLanguage\":\"nl-NL\",\"@id\":\"https:\\\/\\\/uniekeuitjes.nl\\\/de\\\/ausfluege-in-doetinchem\\\/#primaryimage\",\"url\":\"http:\\\/\\\/uniekeuitjes.nl\\\/wp-content\\\/uploads\\\/2019\\\/02\\\/site-login-logo.png\",\"contentUrl\":\"http:\\\/\\\/uniekeuitjes.nl\\\/wp-content\\\/uploads\\\/2019\\\/02\\\/site-login-logo.png\"},{\"@type\":\"BreadcrumbList\",\"@id\":\"https:\\\/\\\/uniekeuitjes.nl\\\/de\\\/ausfluege-in-doetinchem\\\/#breadcrumb\",\"itemListElement\":[{\"@type\":\"ListItem\",\"position\":1,\"name\":\"Home\",\"item\":\"https:\\\/\\\/uniekeuitjes.nl\\\/de\\\/\"},{\"@type\":\"ListItem\",\"position\":2,\"name\":\"Ausfl\u00fcge in Doetinchem\"}]},{\"@type\":\"WebSite\",\"@id\":\"\\\/#website\",\"url\":\"\\\/\",\"name\":\"Uniekeuitjes.nl\",\"description\":\"Goedkope leuke uitjes zelf samen te stellen\",\"publisher\":{\"@id\":\"\\\/#organization\"},\"potentialAction\":[{\"@type\":\"SearchAction\",\"target\":{\"@type\":\"EntryPoint\",\"urlTemplate\":\"\\\/?s={search_term_string}\"},\"query-input\":{\"@type\":\"PropertyValueSpecification\",\"valueRequired\":true,\"valueName\":\"search_term_string\"}}],\"inLanguage\":\"nl-NL\"},{\"@type\":\"Organization\",\"@id\":\"\\\/#organization\",\"name\":\"Unieke Uitjes\",\"url\":\"\\\/\",\"logo\":{\"@type\":\"ImageObject\",\"inLanguage\":\"nl-NL\",\"@id\":\"\\\/#\\\/schema\\\/logo\\\/image\\\/\",\"url\":\"https:\\\/\\\/uniekeuitjes.nl\\\/wp-content\\\/uploads\\\/2019\\\/02\\\/site-login-logo.png\",\"contentUrl\":\"https:\\\/\\\/uniekeuitjes.nl\\\/wp-content\\\/uploads\\\/2019\\\/02\\\/site-login-logo.png\",\"width\":708,\"height\":345,\"caption\":\"Unieke Uitjes\"},\"image\":{\"@id\":\"\\\/#\\\/schema\\\/logo\\\/image\\\/\"},\"sameAs\":[\"https:\\\/\\\/www.facebook.com\\\/uniekeuitjes.nl\",\"https:\\\/\\\/www.instagram.com\\\/uniekeuitjes.nl\\\/\",\"https:\\\/\\\/www.linkedin.com\\\/company\\\/unieke-uitjes-nl\",\"https:\\\/\\\/www.youtube.com\\\/channel\\\/UCXwRXFWP_R0kxRAeL79FQfw\"]}]}<\/script>\n<!-- \/ Yoast SEO plugin. -->","yoast_head_json":{"title":"Ausfl\u00fcge in Doetinchem - Uniekeuitjes.nl","description":"Ausfl\u00fcge in Doetinchem komplett organisiert von Unique Outings! Wollten Sie schon immer einmal Laser-Tontaubenschie\u00dfen oder einen Hexathlon im Freien erleben? Klicken Sie hier!","robots":{"index":"index","follow":"follow","max-snippet":"max-snippet:-1","max-image-preview":"max-image-preview:large","max-video-preview":"max-video-preview:-1"},"canonical":"https:\/\/uniekeuitjes.nl\/de\/ausfluege-in-doetinchem\/","og_locale":"nl_NL","og_type":"article","og_title":"Ausfl\u00fcge in Doetinchem - Uniekeuitjes.nl","og_description":"Ausfl\u00fcge in Doetinchem komplett organisiert von Unique Outings! Wollten Sie schon immer einmal Laser-Tontaubenschie\u00dfen oder einen Hexathlon im Freien erleben? Klicken Sie hier!","og_url":"https:\/\/uniekeuitjes.nl\/de\/ausfluege-in-doetinchem\/","og_site_name":"Uniekeuitjes.nl","article_publisher":"https:\/\/www.facebook.com\/uniekeuitjes.nl","og_image":[{"url":"http:\/\/uniekeuitjes.nl\/wp-content\/uploads\/2019\/02\/site-login-logo.png","type":"","width":"","height":""}],"twitter_card":"summary_large_image","twitter_misc":{"Geschatte leestijd":"2 minuten"},"schema":{"@context":"https:\/\/schema.org","@graph":[{"@type":"WebPage","@id":"https:\/\/uniekeuitjes.nl\/de\/ausfluege-in-doetinchem\/","url":"https:\/\/uniekeuitjes.nl\/de\/ausfluege-in-doetinchem\/","name":"Ausfl\u00fcge in Doetinchem - Uniekeuitjes.nl","isPartOf":{"@id":"\/#website"},"primaryImageOfPage":{"@id":"https:\/\/uniekeuitjes.nl\/de\/ausfluege-in-doetinchem\/#primaryimage"},"image":{"@id":"https:\/\/uniekeuitjes.nl\/de\/ausfluege-in-doetinchem\/#primaryimage"},"thumbnailUrl":"http:\/\/uniekeuitjes.nl\/wp-content\/uploads\/2019\/02\/site-login-logo.png","datePublished":"2019-02-18T14:37:40+00:00","description":"Ausfl\u00fcge in Doetinchem komplett organisiert von Unique Outings! Wollten Sie schon immer einmal Laser-Tontaubenschie\u00dfen oder einen Hexathlon im Freien erleben? Klicken Sie hier!","breadcrumb":{"@id":"https:\/\/uniekeuitjes.nl\/de\/ausfluege-in-doetinchem\/#breadcrumb"},"inLanguage":"nl-NL","potentialAction":[{"@type":"ReadAction","target":["https:\/\/uniekeuitjes.nl\/de\/ausfluege-in-doetinchem\/"]}]},{"@type":"ImageObject","inLanguage":"nl-NL","@id":"https:\/\/uniekeuitjes.nl\/de\/ausfluege-in-doetinchem\/#primaryimage","url":"http:\/\/uniekeuitjes.nl\/wp-content\/uploads\/2019\/02\/site-login-logo.png","contentUrl":"http:\/\/uniekeuitjes.nl\/wp-content\/uploads\/2019\/02\/site-login-logo.png"},{"@type":"BreadcrumbList","@id":"https:\/\/uniekeuitjes.nl\/de\/ausfluege-in-doetinchem\/#breadcrumb","itemListElement":[{"@type":"ListItem","position":1,"name":"Home","item":"https:\/\/uniekeuitjes.nl\/de\/"},{"@type":"ListItem","position":2,"name":"Ausfl\u00fcge in Doetinchem"}]},{"@type":"WebSite","@id":"\/#website","url":"\/","name":"Uniekeuitjes.nl","description":"Goedkope leuke uitjes zelf samen te stellen","publisher":{"@id":"\/#organization"},"potentialAction":[{"@type":"SearchAction","target":{"@type":"EntryPoint","urlTemplate":"\/?s={search_term_string}"},"query-input":{"@type":"PropertyValueSpecification","valueRequired":true,"valueName":"search_term_string"}}],"inLanguage":"nl-NL"},{"@type":"Organization","@id":"\/#organization","name":"Unieke Uitjes","url":"\/","logo":{"@type":"ImageObject","inLanguage":"nl-NL","@id":"\/#\/schema\/logo\/image\/","url":"https:\/\/uniekeuitjes.nl\/wp-content\/uploads\/2019\/02\/site-login-logo.png","contentUrl":"https:\/\/uniekeuitjes.nl\/wp-content\/uploads\/2019\/02\/site-login-logo.png","width":708,"height":345,"caption":"Unieke Uitjes"},"image":{"@id":"\/#\/schema\/logo\/image\/"},"sameAs":["https:\/\/www.facebook.com\/uniekeuitjes.nl","https:\/\/www.instagram.com\/uniekeuitjes.nl\/","https:\/\/www.linkedin.com\/company\/unieke-uitjes-nl","https:\/\/www.youtube.com\/channel\/UCXwRXFWP_R0kxRAeL79FQfw"]}]}},"_links":{"self":[{"href":"https:\/\/uniekeuitjes.nl\/de\/wp-json\/wp\/v2\/pages\/11818","targetHints":{"allow":["GET"]}}],"collection":[{"href":"https:\/\/uniekeuitjes.nl\/de\/wp-json\/wp\/v2\/pages"}],"about":[{"href":"https:\/\/uniekeuitjes.nl\/de\/wp-json\/wp\/v2\/types\/page"}],"author":[{"embeddable":true,"href":"https:\/\/uniekeuitjes.nl\/de\/wp-json\/wp\/v2\/users\/1"}],"replies":[{"embeddable":true,"href":"https:\/\/uniekeuitjes.nl\/de\/wp-json\/wp\/v2\/comments?post=11818"}],"version-history":[{"count":0,"href":"https:\/\/uniekeuitjes.nl\/de\/wp-json\/wp\/v2\/pages\/11818\/revisions"}],"wp:attachment":[{"href":"https:\/\/uniekeuitjes.nl\/de\/wp-json\/wp\/v2\/media?parent=11818"}],"wp:term":[{"taxonomy":"category","embeddable":true,"href":"https:\/\/uniekeuitjes.nl\/de\/wp-json\/wp\/v2\/categories?post=11818"}],"curies":[{"name":"wp","href":"https:\/\/api.w.org\/{rel}","templated":true}]}}