{"id":11819,"date":"2019-02-18T14:35:36","date_gmt":"2019-02-18T14:35:36","guid":{"rendered":"https:\/\/uniekeuitjes.nl\/ausfluege-in-diepenheim\/"},"modified":"2019-02-18T14:35:36","modified_gmt":"2019-02-18T14:35:36","slug":"ausfluege-in-diepenheim","status":"publish","type":"page","link":"https:\/\/uniekeuitjes.nl\/de\/ausfluege-in-diepenheim\/","title":{"rendered":"Ausfl\u00fcge in Diepenheim"},"content":{"rendered":"<h2>\u00dcber Diepenheim:<\/h2>\n<p>Tagesausfl\u00fcge in Diepenheim: Diepenheim ist ein kleiner Ort in der Gemeinde Hof van Twente in der Provinz Overijssel. Die Stadt liegt an der De Regge. Diepenheim ist ein Zentrum f\u00fcr bildende und moderne Kunst, aber auch f\u00fcr seine zahlreichen Schl\u00f6sser und Herrenh\u00e4user bekannt. Diese Schl\u00f6sser und ihre L\u00e4ndereien nehmen einen bedeutenden Platz ein. Sie sind oft bewohnt, aber die umliegenden L\u00e4ndereien sind frei zug\u00e4nglich. Besondere Attraktionen sind die Kornwasserm\u00fchle Den Haller, das Orangenmuseum Nieuwe Haghuis und der Kunstverein Diepenheim. Empfohlen werden auch die Kunstmanifestatie Kunstmoment und die Brocante Parade.<\/p>\n<p>&nbsp;<\/p>\n<p>&nbsp;<\/p>\n<p>&nbsp;<\/p>\n<h2>Einzigartige Ausflugsziele in und um Diepenheim:<\/h2>\n<p>Unique getaways hat die gr\u00f6\u00dfte Auswahl an lustigen Ausfl\u00fcgen und Aktivit\u00e4ten in Diepenheim. Machen Sie eine Tour durch die Umgebung von Diepenheim auf einem <a href=\"https:\/\/uniekeuitjes.nl\/uitje\/transportmiddel-tandems\/\">Tandem<\/a> oder einer <a href=\"https:\/\/uniekeuitjes.nl\/uitje\/transportmiddel-solex-huren\/\">Solex<\/a>. Erkunden Sie die Stadt mit dem <a href=\"https:\/\/uniekeuitjes.nl\/uitje\/transportmiddel-tuktuk\/\">TukTuk<\/a> oder gemeinsam in einer <a href=\"https:\/\/uniekeuitjes.nl\/uitje\/transportmiddel-skeltertrein\/\">langen Go-Kart-Bahn<\/a>. Nat\u00fcrlich ist es auch m\u00f6glich, die sch\u00f6ne Umgebung mit dem<a href=\"https:\/\/uniekeuitjes.nl\/uitje\/echopper-elektrische-scooter-huren\/\">&#8216;E-Chopper<\/a>&#8216; zu erkunden.<\/p>\n<p>Unique Outings hat Ihnen noch viel mehr zu bieten. Denken Sie zum Beispiel an ein<a href=\"https:\/\/uniekeuitjes.nl\/uitje\/schieten-met-5-wapensoorten\/\">&#8220;Schie\u00dfen mit 5 Waffen<\/a>&#8220;-Paket oder ein <a href=\"https:\/\/uniekeuitjes.nl\/uitje\/indoor-en-outdoor-lasergamen-op-locatie\/\">Laserspiel<\/a>. Nehmen Sie an einem lustigen <a href=\"https:\/\/uniekeuitjes.nl\/uitje\/muziek-bingo\/\">Musik-Bingo<\/a> oder an einer der vielen anderen M\u00f6glichkeiten teil, um Ihren Ausflug unvergesslich zu machen.<\/p>\n<p>&nbsp;<\/p>\n<p>&nbsp;<\/p>\n<p><strong>Setzen Sie sich mit uns in Verbindung, um die vielen M\u00f6glichkeiten f\u00fcr eine lustige Aktivit\u00e4t oder ein Paket zu besprechen.<\/strong><\/p>\n<p><strong>Wir sehen uns bei Unique Outings!<\/strong><\/p>\n<p><a href=\"https:\/\/uniekeuitjes.nl\"><img loading=\"lazy\" decoding=\"async\" class=\"alignnone wp-image-377\" src=\"http:\/\/uniekeuitjes.nl\/wp-content\/uploads\/2019\/02\/site-login-logo.png\" alt=\"\" width=\"517\" height=\"252\" srcset=\"https:\/\/uniekeuitjes.nl\/wp-content\/uploads\/2019\/02\/site-login-logo.png 708w, https:\/\/uniekeuitjes.nl\/wp-content\/uploads\/2019\/02\/site-login-logo-300x146.png 300w, https:\/\/uniekeuitjes.nl\/wp-content\/uploads\/2019\/02\/site-login-logo-600x292.png 600w\" sizes=\"auto, (max-width: 517px) 100vw, 517px\" \/><\/a><\/p>\n","protected":false},"excerpt":{"rendered":"<p>\u00dcber Diepenheim: Tagesausfl\u00fcge in Diepenheim: Diepenheim ist ein kleiner Ort in der Gemeinde Hof van Twente in der Provinz Overijssel. Die Stadt liegt an der De Regge. Diepenheim ist ein Zentrum f\u00fcr bildende und moderne Kunst, aber auch f\u00fcr seine zahlreichen Schl\u00f6sser und Herrenh\u00e4user bekannt. Diese Schl\u00f6sser und ihre L\u00e4ndereien nehmen einen bedeutenden Platz ein. [&hellip;]<\/p>\n","protected":false},"author":1,"featured_media":0,"parent":0,"menu_order":0,"comment_status":"closed","ping_status":"closed","template":"","meta":{"_acf_changed":false,"_monsterinsights_skip_tracking":false,"_monsterinsights_sitenote_active":false,"_monsterinsights_sitenote_note":"","_monsterinsights_sitenote_category":0,"footnotes":""},"categories":[73],"class_list":["post-11819","page","type-page","status-publish","hentry","category-zielseite"],"acf":[],"yoast_head":"<!-- This site is optimized with the Yoast SEO plugin v27.4 - https:\/\/yoast.com\/product\/yoast-seo-wordpress\/ -->\n<title>Ausfl\u00fcge in Diepenheim - Uniekeuitjes.nl Verschiedene Aktivit\u00e4ten &amp; Ausfl\u00fcge<\/title>\n<meta name=\"description\" content=\"Ausfl\u00fcge in Diepenheim, komplett organisiert von Unique Trips! Eine Tour mit Ihren Kollegen oder Freunden auf einem Solex oder einer Gokart-Bahn? Sie k\u00f6nnen!\" \/>\n<meta name=\"robots\" content=\"index, follow, max-snippet:-1, max-image-preview:large, max-video-preview:-1\" \/>\n<link rel=\"canonical\" href=\"https:\/\/uniekeuitjes.nl\/de\/ausfluege-in-diepenheim\/\" \/>\n<meta property=\"og:locale\" content=\"nl_NL\" \/>\n<meta property=\"og:type\" content=\"article\" \/>\n<meta property=\"og:title\" content=\"Ausfl\u00fcge in Diepenheim - Uniekeuitjes.nl Verschiedene Aktivit\u00e4ten &amp; Ausfl\u00fcge\" \/>\n<meta property=\"og:description\" content=\"Ausfl\u00fcge in Diepenheim, komplett organisiert von Unique Trips! Eine Tour mit Ihren Kollegen oder Freunden auf einem Solex oder einer Gokart-Bahn? Sie k\u00f6nnen!\" \/>\n<meta property=\"og:url\" content=\"https:\/\/uniekeuitjes.nl\/de\/ausfluege-in-diepenheim\/\" \/>\n<meta property=\"og:site_name\" content=\"Uniekeuitjes.nl\" \/>\n<meta property=\"article:publisher\" content=\"https:\/\/www.facebook.com\/uniekeuitjes.nl\" \/>\n<meta property=\"og:image\" content=\"http:\/\/uniekeuitjes.nl\/wp-content\/uploads\/2019\/02\/site-login-logo.png\" \/>\n<meta name=\"twitter:card\" content=\"summary_large_image\" \/>\n<meta name=\"twitter:label1\" content=\"Geschatte leestijd\" \/>\n\t<meta name=\"twitter:data1\" content=\"1 minuut\" \/>\n<script type=\"application\/ld+json\" class=\"yoast-schema-graph\">{\"@context\":\"https:\\\/\\\/schema.org\",\"@graph\":[{\"@type\":\"WebPage\",\"@id\":\"https:\\\/\\\/uniekeuitjes.nl\\\/de\\\/ausfluege-in-diepenheim\\\/\",\"url\":\"https:\\\/\\\/uniekeuitjes.nl\\\/de\\\/ausfluege-in-diepenheim\\\/\",\"name\":\"Ausfl\u00fcge in Diepenheim - Uniekeuitjes.nl Verschiedene Aktivit\u00e4ten & Ausfl\u00fcge\",\"isPartOf\":{\"@id\":\"\\\/#website\"},\"primaryImageOfPage\":{\"@id\":\"https:\\\/\\\/uniekeuitjes.nl\\\/de\\\/ausfluege-in-diepenheim\\\/#primaryimage\"},\"image\":{\"@id\":\"https:\\\/\\\/uniekeuitjes.nl\\\/de\\\/ausfluege-in-diepenheim\\\/#primaryimage\"},\"thumbnailUrl\":\"http:\\\/\\\/uniekeuitjes.nl\\\/wp-content\\\/uploads\\\/2019\\\/02\\\/site-login-logo.png\",\"datePublished\":\"2019-02-18T14:35:36+00:00\",\"description\":\"Ausfl\u00fcge in Diepenheim, komplett organisiert von Unique Trips! Eine Tour mit Ihren Kollegen oder Freunden auf einem Solex oder einer Gokart-Bahn? Sie k\u00f6nnen!\",\"breadcrumb\":{\"@id\":\"https:\\\/\\\/uniekeuitjes.nl\\\/de\\\/ausfluege-in-diepenheim\\\/#breadcrumb\"},\"inLanguage\":\"nl-NL\",\"potentialAction\":[{\"@type\":\"ReadAction\",\"target\":[\"https:\\\/\\\/uniekeuitjes.nl\\\/de\\\/ausfluege-in-diepenheim\\\/\"]}]},{\"@type\":\"ImageObject\",\"inLanguage\":\"nl-NL\",\"@id\":\"https:\\\/\\\/uniekeuitjes.nl\\\/de\\\/ausfluege-in-diepenheim\\\/#primaryimage\",\"url\":\"http:\\\/\\\/uniekeuitjes.nl\\\/wp-content\\\/uploads\\\/2019\\\/02\\\/site-login-logo.png\",\"contentUrl\":\"http:\\\/\\\/uniekeuitjes.nl\\\/wp-content\\\/uploads\\\/2019\\\/02\\\/site-login-logo.png\"},{\"@type\":\"BreadcrumbList\",\"@id\":\"https:\\\/\\\/uniekeuitjes.nl\\\/de\\\/ausfluege-in-diepenheim\\\/#breadcrumb\",\"itemListElement\":[{\"@type\":\"ListItem\",\"position\":1,\"name\":\"Home\",\"item\":\"https:\\\/\\\/uniekeuitjes.nl\\\/de\\\/\"},{\"@type\":\"ListItem\",\"position\":2,\"name\":\"Ausfl\u00fcge in Diepenheim\"}]},{\"@type\":\"WebSite\",\"@id\":\"\\\/#website\",\"url\":\"\\\/\",\"name\":\"Uniekeuitjes.nl\",\"description\":\"Goedkope leuke uitjes zelf samen te stellen\",\"publisher\":{\"@id\":\"\\\/#organization\"},\"potentialAction\":[{\"@type\":\"SearchAction\",\"target\":{\"@type\":\"EntryPoint\",\"urlTemplate\":\"\\\/?s={search_term_string}\"},\"query-input\":{\"@type\":\"PropertyValueSpecification\",\"valueRequired\":true,\"valueName\":\"search_term_string\"}}],\"inLanguage\":\"nl-NL\"},{\"@type\":\"Organization\",\"@id\":\"\\\/#organization\",\"name\":\"Unieke Uitjes\",\"url\":\"\\\/\",\"logo\":{\"@type\":\"ImageObject\",\"inLanguage\":\"nl-NL\",\"@id\":\"\\\/#\\\/schema\\\/logo\\\/image\\\/\",\"url\":\"https:\\\/\\\/uniekeuitjes.nl\\\/wp-content\\\/uploads\\\/2019\\\/02\\\/site-login-logo.png\",\"contentUrl\":\"https:\\\/\\\/uniekeuitjes.nl\\\/wp-content\\\/uploads\\\/2019\\\/02\\\/site-login-logo.png\",\"width\":708,\"height\":345,\"caption\":\"Unieke Uitjes\"},\"image\":{\"@id\":\"\\\/#\\\/schema\\\/logo\\\/image\\\/\"},\"sameAs\":[\"https:\\\/\\\/www.facebook.com\\\/uniekeuitjes.nl\",\"https:\\\/\\\/www.instagram.com\\\/uniekeuitjes.nl\\\/\",\"https:\\\/\\\/www.linkedin.com\\\/company\\\/unieke-uitjes-nl\",\"https:\\\/\\\/www.youtube.com\\\/channel\\\/UCXwRXFWP_R0kxRAeL79FQfw\"]}]}<\/script>\n<!-- \/ Yoast SEO plugin. -->","yoast_head_json":{"title":"Ausfl\u00fcge in Diepenheim - Uniekeuitjes.nl Verschiedene Aktivit\u00e4ten & Ausfl\u00fcge","description":"Ausfl\u00fcge in Diepenheim, komplett organisiert von Unique Trips! Eine Tour mit Ihren Kollegen oder Freunden auf einem Solex oder einer Gokart-Bahn? Sie k\u00f6nnen!","robots":{"index":"index","follow":"follow","max-snippet":"max-snippet:-1","max-image-preview":"max-image-preview:large","max-video-preview":"max-video-preview:-1"},"canonical":"https:\/\/uniekeuitjes.nl\/de\/ausfluege-in-diepenheim\/","og_locale":"nl_NL","og_type":"article","og_title":"Ausfl\u00fcge in Diepenheim - Uniekeuitjes.nl Verschiedene Aktivit\u00e4ten & Ausfl\u00fcge","og_description":"Ausfl\u00fcge in Diepenheim, komplett organisiert von Unique Trips! Eine Tour mit Ihren Kollegen oder Freunden auf einem Solex oder einer Gokart-Bahn? Sie k\u00f6nnen!","og_url":"https:\/\/uniekeuitjes.nl\/de\/ausfluege-in-diepenheim\/","og_site_name":"Uniekeuitjes.nl","article_publisher":"https:\/\/www.facebook.com\/uniekeuitjes.nl","og_image":[{"url":"http:\/\/uniekeuitjes.nl\/wp-content\/uploads\/2019\/02\/site-login-logo.png","type":"","width":"","height":""}],"twitter_card":"summary_large_image","twitter_misc":{"Geschatte leestijd":"1 minuut"},"schema":{"@context":"https:\/\/schema.org","@graph":[{"@type":"WebPage","@id":"https:\/\/uniekeuitjes.nl\/de\/ausfluege-in-diepenheim\/","url":"https:\/\/uniekeuitjes.nl\/de\/ausfluege-in-diepenheim\/","name":"Ausfl\u00fcge in Diepenheim - Uniekeuitjes.nl Verschiedene Aktivit\u00e4ten & Ausfl\u00fcge","isPartOf":{"@id":"\/#website"},"primaryImageOfPage":{"@id":"https:\/\/uniekeuitjes.nl\/de\/ausfluege-in-diepenheim\/#primaryimage"},"image":{"@id":"https:\/\/uniekeuitjes.nl\/de\/ausfluege-in-diepenheim\/#primaryimage"},"thumbnailUrl":"http:\/\/uniekeuitjes.nl\/wp-content\/uploads\/2019\/02\/site-login-logo.png","datePublished":"2019-02-18T14:35:36+00:00","description":"Ausfl\u00fcge in Diepenheim, komplett organisiert von Unique Trips! Eine Tour mit Ihren Kollegen oder Freunden auf einem Solex oder einer Gokart-Bahn? Sie k\u00f6nnen!","breadcrumb":{"@id":"https:\/\/uniekeuitjes.nl\/de\/ausfluege-in-diepenheim\/#breadcrumb"},"inLanguage":"nl-NL","potentialAction":[{"@type":"ReadAction","target":["https:\/\/uniekeuitjes.nl\/de\/ausfluege-in-diepenheim\/"]}]},{"@type":"ImageObject","inLanguage":"nl-NL","@id":"https:\/\/uniekeuitjes.nl\/de\/ausfluege-in-diepenheim\/#primaryimage","url":"http:\/\/uniekeuitjes.nl\/wp-content\/uploads\/2019\/02\/site-login-logo.png","contentUrl":"http:\/\/uniekeuitjes.nl\/wp-content\/uploads\/2019\/02\/site-login-logo.png"},{"@type":"BreadcrumbList","@id":"https:\/\/uniekeuitjes.nl\/de\/ausfluege-in-diepenheim\/#breadcrumb","itemListElement":[{"@type":"ListItem","position":1,"name":"Home","item":"https:\/\/uniekeuitjes.nl\/de\/"},{"@type":"ListItem","position":2,"name":"Ausfl\u00fcge in Diepenheim"}]},{"@type":"WebSite","@id":"\/#website","url":"\/","name":"Uniekeuitjes.nl","description":"Goedkope leuke uitjes zelf samen te stellen","publisher":{"@id":"\/#organization"},"potentialAction":[{"@type":"SearchAction","target":{"@type":"EntryPoint","urlTemplate":"\/?s={search_term_string}"},"query-input":{"@type":"PropertyValueSpecification","valueRequired":true,"valueName":"search_term_string"}}],"inLanguage":"nl-NL"},{"@type":"Organization","@id":"\/#organization","name":"Unieke Uitjes","url":"\/","logo":{"@type":"ImageObject","inLanguage":"nl-NL","@id":"\/#\/schema\/logo\/image\/","url":"https:\/\/uniekeuitjes.nl\/wp-content\/uploads\/2019\/02\/site-login-logo.png","contentUrl":"https:\/\/uniekeuitjes.nl\/wp-content\/uploads\/2019\/02\/site-login-logo.png","width":708,"height":345,"caption":"Unieke Uitjes"},"image":{"@id":"\/#\/schema\/logo\/image\/"},"sameAs":["https:\/\/www.facebook.com\/uniekeuitjes.nl","https:\/\/www.instagram.com\/uniekeuitjes.nl\/","https:\/\/www.linkedin.com\/company\/unieke-uitjes-nl","https:\/\/www.youtube.com\/channel\/UCXwRXFWP_R0kxRAeL79FQfw"]}]}},"_links":{"self":[{"href":"https:\/\/uniekeuitjes.nl\/de\/wp-json\/wp\/v2\/pages\/11819","targetHints":{"allow":["GET"]}}],"collection":[{"href":"https:\/\/uniekeuitjes.nl\/de\/wp-json\/wp\/v2\/pages"}],"about":[{"href":"https:\/\/uniekeuitjes.nl\/de\/wp-json\/wp\/v2\/types\/page"}],"author":[{"embeddable":true,"href":"https:\/\/uniekeuitjes.nl\/de\/wp-json\/wp\/v2\/users\/1"}],"replies":[{"embeddable":true,"href":"https:\/\/uniekeuitjes.nl\/de\/wp-json\/wp\/v2\/comments?post=11819"}],"version-history":[{"count":0,"href":"https:\/\/uniekeuitjes.nl\/de\/wp-json\/wp\/v2\/pages\/11819\/revisions"}],"wp:attachment":[{"href":"https:\/\/uniekeuitjes.nl\/de\/wp-json\/wp\/v2\/media?parent=11819"}],"wp:term":[{"taxonomy":"category","embeddable":true,"href":"https:\/\/uniekeuitjes.nl\/de\/wp-json\/wp\/v2\/categories?post=11819"}],"curies":[{"name":"wp","href":"https:\/\/api.w.org\/{rel}","templated":true}]}}