{"id":11821,"date":"2019-02-18T14:31:48","date_gmt":"2019-02-18T14:31:48","guid":{"rendered":"https:\/\/uniekeuitjes.nl\/ausfluege-in-bussloo\/"},"modified":"2019-02-18T14:31:48","modified_gmt":"2019-02-18T14:31:48","slug":"ausfluege-in-bussloo","status":"publish","type":"page","link":"https:\/\/uniekeuitjes.nl\/de\/ausfluege-in-bussloo\/","title":{"rendered":"Ausfl\u00fcge in Bussloo"},"content":{"rendered":"<h2>Aktivit\u00e4ten und Ausfl\u00fcge in Bussloo.<\/h2>\n<p>&nbsp;<\/p>\n<h2>\u00dcber Bussloo:<\/h2>\n<p class=\"bodytext\">Im St\u00e4dtedreieck von Apeldoorn, Deventer und Zutphen liegt eines der vielseitigsten Erholungsgebiete der Niederlande: Bussloo. Mehrere Sandstr\u00e4nde, gro\u00dfz\u00fcgige Liegewiesen und zahlreiche Einrichtungen machen Bussloo zu einem idealen Ort f\u00fcr einen Tagesausflug. Ihre Kinder werden sich am Strand und auf den verschiedenen Spielpl\u00e4tzen am\u00fcsieren, insbesondere am Kinderstrand am Withagen oder am Robberskamp. An den verschiedenen Kiosken k\u00f6nnen Sie sich zwischendurch einen leckeren Snack holen. Auf Bussloo finden Sie auch eine Reihe von Restaurants und nat\u00fcrlich das Hotel Thermen Bussloo.<\/p>\n<p>Das Erholungsgebiet Bussloo liegt in der N\u00e4he der Autobahn A1. Der Park ist 365 Tage im Jahr von Sonnenaufgang bis Sonnenuntergang zug\u00e4nglich. Der Eintritt zum Erholungsgebiet ist frei. Wenn Sie mit dem Auto kommen, zahlen Sie nur Parkgeb\u00fchren.<\/p>\n<p>&nbsp;<\/p>\n<p><img loading=\"lazy\" decoding=\"async\" class=\"alignnone wp-image-1140\" src=\"http:\/\/uniekeuitjes.nl\/wp-content\/uploads\/2019\/04\/triggger-1-1024x430.jpg\" alt=\"Aktivit\u00e4ten und Ausfl\u00fcge in Bussloo angeboten von Unique Outings\" width=\"862\" height=\"362\" srcset=\"https:\/\/uniekeuitjes.nl\/wp-content\/uploads\/2019\/04\/triggger-1-1024x430.jpg 1024w, https:\/\/uniekeuitjes.nl\/wp-content\/uploads\/2019\/04\/triggger-1-300x126.jpg 300w, https:\/\/uniekeuitjes.nl\/wp-content\/uploads\/2019\/04\/triggger-1-768x323.jpg 768w, https:\/\/uniekeuitjes.nl\/wp-content\/uploads\/2019\/04\/triggger-1-600x252.jpg 600w, https:\/\/uniekeuitjes.nl\/wp-content\/uploads\/2019\/04\/triggger-1.jpg 1500w\" sizes=\"auto, (max-width: 862px) 100vw, 862px\" \/><\/p>\n<h2><\/h2>\n<h2>Einzigartige Ausflugsziele in und um Bussloo:<\/h2>\n<p>Unique Outings kombiniert alle Optionen von Bussloo mit eigenen Ausfl\u00fcgen, damit Sie einen Tag voller unterhaltsamer Aktivit\u00e4ten genie\u00dfen k\u00f6nnen. Dazu geh\u00f6ren nat\u00fcrlich auch <a href=\"https:\/\/uniekeuitjes.nl\/uitje\/kanoverhuur\/\">Kanufahren<\/a>, <a href=\"https:\/\/uniekeuitjes.nl\/uitje\/sup-huren\/\">Suppen<\/a> oder <a href=\"https:\/\/uniekeuitjes.nl\/uitje\/kajak-verhuur\/\">Kajakfahren<\/a>. Auf dem Freizeitsee k\u00f6nnen Sie sich beim Bootfahren vergn\u00fcgen. Denken Sie aber auch an eine lustige Fahrt mit<a href=\"https:\/\/uniekeuitjes.nl\/uitje\/transportmiddel-tuktuk\/\"> unseren Tuktuks<\/a> oder <a href=\"https:\/\/uniekeuitjes.nl\/uitje\/solex-huren\/\">Solexen<\/a> durch das sch\u00f6ne Erholungsgebiet. Die gro\u00dfen sonnigen Wiesen von Bussloo eignen sich au\u00dferdem hervorragend f\u00fcr einen <a href=\"https:\/\/uniekeuitjes.nl\/uitje\/grote-zeskamp\/\">Hexathlon<\/a>, <a href=\"https:\/\/uniekeuitjes.nl\/uitje\/boog-en-kruisboog\/\">Bogen- und Handbogenschie\u00dfen<\/a> sowie zahlreiche andere Aktivit\u00e4ten. Und wussten Sie, dass wir auch Elektrofahrr\u00e4der und <a href=\"https:\/\/uniekeuitjes.nl\/uitje\/echopper-elektrische-scooter-huren\/\">Elektroroller (auch E-Chopper genannt)<\/a> vermieten <a href=\"https:\/\/uniekeuitjes.nl\/uitje\/echopper-elektrische-scooter-huren\/\">?<\/a><\/p>\n<p>M\u00f6chten Sie sich nach einer Aktivit\u00e4t oder einem Tag voller Spa\u00df mit einem Snack oder Getr\u00e4nk entspannen? Dann besuchen Sie den <a href=\"http:\/\/www.hofvanbussloo.nl\/index.php?page=home\">Hof van Bussloo<\/a>. Nat\u00fcrlich eignet sich dieses gem\u00fctliche Restaurant auch hervorragend als Veranstaltungsort f\u00fcr unsere Indoor-Aktivit\u00e4ten, wie zum Beispiel unser anspruchsvolles <a href=\"https:\/\/uniekeuitjes.nl\/uitje\/pubquiz\/\">Pub-Quiz<\/a>.<\/p>\n<p>Sie wollen den besten Preis? Dann fahren Sie von Unique Outings ab. Unser Hauptb\u00fcro befindet sich in Laren Gld. Dies ist 21 km von Bussloo entfernt.<\/p>\n<p>Wir bieten die folgenden Transportmittel an:<\/p>\n<ul>\n<li><a href=\"https:\/\/uniekeuitjes.nl\/uitje\/echopper-elektrische-scooter-huren\/\">E-Chopper<\/a><\/li>\n<li><a href=\"https:\/\/uniekeuitjes.nl\/uitje\/tuktuk-huren\/\">TukTuk<\/a><\/li>\n<li><a href=\"https:\/\/uniekeuitjes.nl\/uitje\/solex-huren\/\">Solex<\/a><\/li>\n<li><a href=\"https:\/\/uniekeuitjes.nl\/uitje\/trigger-huren\/\">Ausl\u00f6ser<\/a><\/li>\n<li><a href=\"https:\/\/uniekeuitjes.nl\/uitje\/elektrische-fiets-verhuur-huur-een-e-bike\/\">Elektrofahrradverleih<\/a><\/li>\n<li><a href=\"https:\/\/uniekeuitjes.nl\/uitje\/tandem-cruiser\/\">Tandem<\/a><\/li>\n<li><a href=\"https:\/\/uniekeuitjes.nl\/uitje\/skeltertreinen-groepsfietsen\/\">Fahrradz\u00fcge\/Gruppenfahrr\u00e4der und<\/a>vieles mehr.<\/li>\n<\/ul>\n<p>&nbsp;<\/p>\n<p>Dar\u00fcber hinaus bietet Unique Outings auch verschiedene Spielshows oder andere Aktivit\u00e4ten an, wie zum Beispiel:<\/p>\n<ul>\n<li><a href=\"https:\/\/uniekeuitjes.nl\/uitje\/scherpschutters-arrangement\/\">Schie\u00dfen mit 5 Waffentypen<\/a><\/li>\n<li><a href=\"https:\/\/uniekeuitjes.nl\/uitje\/grote-zeskamp\/\">Hexathlon<\/a><\/li>\n<li><a href=\"https:\/\/uniekeuitjes.nl\/uitje\/ik-hou-van-holland\/\">Ik Hou van Holland<\/a><\/li>\n<li><a href=\"https:\/\/uniekeuitjes.nl\/uitje\/jongens-vs-de-meisjes\/\">Jungen gegen M\u00e4dchen<\/a><\/li>\n<li><a href=\"https:\/\/uniekeuitjes.nl\/uitje\/halve-zeskamp\/\">Halber Hexathlon<\/a><\/li>\n<li><a href=\"https:\/\/uniekeuitjes.nl\/uitje\/casino-avond\/\">Casino-Abend<\/a><\/li>\n<li><a href=\"https:\/\/uniekeuitjes.nl\/uitje\/indoor-en-outdoor-lasergamen-op-locatie\/\">Laser-Spiele<\/a><\/li>\n<\/ul>\n<p>&nbsp;<\/p>\n<p>&nbsp;<\/p>\n<p>Wenn Sie sich von den vielen M\u00f6glichkeiten inspirieren lassen m\u00f6chten, besuchen Sie unsere Willkommensseite oder nehmen Sie Kontakt mit uns auf, um alles zu besprechen.<\/p>\n<p>Wir sehen uns bei Unique Outings!<\/p>\n<p><a href=\"https:\/\/uniekeuitjes.nl\"><img loading=\"lazy\" decoding=\"async\" class=\"alignnone wp-image-377\" src=\"http:\/\/uniekeuitjes.nl\/wp-content\/uploads\/2019\/02\/site-login-logo.png\" alt=\"\" width=\"490\" height=\"239\" srcset=\"https:\/\/uniekeuitjes.nl\/wp-content\/uploads\/2019\/02\/site-login-logo.png 708w, https:\/\/uniekeuitjes.nl\/wp-content\/uploads\/2019\/02\/site-login-logo-300x146.png 300w, https:\/\/uniekeuitjes.nl\/wp-content\/uploads\/2019\/02\/site-login-logo-600x292.png 600w\" sizes=\"auto, (max-width: 490px) 100vw, 490px\" \/><\/a><\/p>\n<p class=\"bodytext\">\n","protected":false},"excerpt":{"rendered":"<p>Aktivit\u00e4ten und Ausfl\u00fcge in Bussloo. &nbsp; \u00dcber Bussloo: Im St\u00e4dtedreieck von Apeldoorn, Deventer und Zutphen liegt eines der vielseitigsten Erholungsgebiete der Niederlande: Bussloo. Mehrere Sandstr\u00e4nde, gro\u00dfz\u00fcgige Liegewiesen und zahlreiche Einrichtungen machen Bussloo zu einem idealen Ort f\u00fcr einen Tagesausflug. Ihre Kinder werden sich am Strand und auf den verschiedenen Spielpl\u00e4tzen am\u00fcsieren, insbesondere am Kinderstrand am [&hellip;]<\/p>\n","protected":false},"author":1,"featured_media":0,"parent":0,"menu_order":0,"comment_status":"closed","ping_status":"closed","template":"","meta":{"_acf_changed":false,"_monsterinsights_skip_tracking":false,"_monsterinsights_sitenote_active":false,"_monsterinsights_sitenote_note":"","_monsterinsights_sitenote_category":0,"footnotes":""},"categories":[73],"class_list":["post-11821","page","type-page","status-publish","hentry","category-zielseite"],"acf":[],"yoast_head":"<!-- This site is optimized with the Yoast SEO plugin v27.4 - https:\/\/yoast.com\/product\/yoast-seo-wordpress\/ -->\n<title>Ausfl\u00fcge in Bussloo - Fahrradverleih, E-Chopper und Kanus<\/title>\n<meta name=\"description\" content=\"Ausfl\u00fcge in Bussloo werden vollst\u00e4ndig von Unique Outings angeboten! TukTuk-Solex-Verleih, Elektroroller oder Go-Kart-Bahn-Verleih?\" \/>\n<meta name=\"robots\" content=\"index, follow, max-snippet:-1, max-image-preview:large, max-video-preview:-1\" \/>\n<link rel=\"canonical\" href=\"https:\/\/uniekeuitjes.nl\/de\/ausfluege-in-bussloo\/\" \/>\n<meta property=\"og:locale\" content=\"nl_NL\" \/>\n<meta property=\"og:type\" content=\"article\" \/>\n<meta property=\"og:title\" content=\"Ausfl\u00fcge in Bussloo - Fahrradverleih, E-Chopper und Kanus\" \/>\n<meta property=\"og:description\" content=\"Ausfl\u00fcge in Bussloo werden vollst\u00e4ndig von Unique Outings angeboten! TukTuk-Solex-Verleih, Elektroroller oder Go-Kart-Bahn-Verleih?\" \/>\n<meta property=\"og:url\" content=\"https:\/\/uniekeuitjes.nl\/de\/ausfluege-in-bussloo\/\" \/>\n<meta property=\"og:site_name\" content=\"Uniekeuitjes.nl\" \/>\n<meta property=\"article:publisher\" content=\"https:\/\/www.facebook.com\/uniekeuitjes.nl\" \/>\n<meta property=\"og:image\" content=\"http:\/\/uniekeuitjes.nl\/wp-content\/uploads\/2019\/04\/triggger-1-1024x430.jpg\" \/>\n<meta name=\"twitter:card\" content=\"summary_large_image\" \/>\n<meta name=\"twitter:label1\" content=\"Geschatte leestijd\" \/>\n\t<meta name=\"twitter:data1\" content=\"2 minuten\" \/>\n<script type=\"application\/ld+json\" class=\"yoast-schema-graph\">{\"@context\":\"https:\\\/\\\/schema.org\",\"@graph\":[{\"@type\":\"WebPage\",\"@id\":\"https:\\\/\\\/uniekeuitjes.nl\\\/de\\\/ausfluege-in-bussloo\\\/\",\"url\":\"https:\\\/\\\/uniekeuitjes.nl\\\/de\\\/ausfluege-in-bussloo\\\/\",\"name\":\"Ausfl\u00fcge in Bussloo - Fahrradverleih, E-Chopper und Kanus\",\"isPartOf\":{\"@id\":\"\\\/#website\"},\"primaryImageOfPage\":{\"@id\":\"https:\\\/\\\/uniekeuitjes.nl\\\/de\\\/ausfluege-in-bussloo\\\/#primaryimage\"},\"image\":{\"@id\":\"https:\\\/\\\/uniekeuitjes.nl\\\/de\\\/ausfluege-in-bussloo\\\/#primaryimage\"},\"thumbnailUrl\":\"http:\\\/\\\/uniekeuitjes.nl\\\/wp-content\\\/uploads\\\/2019\\\/04\\\/triggger-1-1024x430.jpg\",\"datePublished\":\"2019-02-18T14:31:48+00:00\",\"description\":\"Ausfl\u00fcge in Bussloo werden vollst\u00e4ndig von Unique Outings angeboten! TukTuk-Solex-Verleih, Elektroroller oder Go-Kart-Bahn-Verleih?\",\"breadcrumb\":{\"@id\":\"https:\\\/\\\/uniekeuitjes.nl\\\/de\\\/ausfluege-in-bussloo\\\/#breadcrumb\"},\"inLanguage\":\"nl-NL\",\"potentialAction\":[{\"@type\":\"ReadAction\",\"target\":[\"https:\\\/\\\/uniekeuitjes.nl\\\/de\\\/ausfluege-in-bussloo\\\/\"]}]},{\"@type\":\"ImageObject\",\"inLanguage\":\"nl-NL\",\"@id\":\"https:\\\/\\\/uniekeuitjes.nl\\\/de\\\/ausfluege-in-bussloo\\\/#primaryimage\",\"url\":\"http:\\\/\\\/uniekeuitjes.nl\\\/wp-content\\\/uploads\\\/2019\\\/04\\\/triggger-1-1024x430.jpg\",\"contentUrl\":\"http:\\\/\\\/uniekeuitjes.nl\\\/wp-content\\\/uploads\\\/2019\\\/04\\\/triggger-1-1024x430.jpg\"},{\"@type\":\"BreadcrumbList\",\"@id\":\"https:\\\/\\\/uniekeuitjes.nl\\\/de\\\/ausfluege-in-bussloo\\\/#breadcrumb\",\"itemListElement\":[{\"@type\":\"ListItem\",\"position\":1,\"name\":\"Home\",\"item\":\"https:\\\/\\\/uniekeuitjes.nl\\\/de\\\/\"},{\"@type\":\"ListItem\",\"position\":2,\"name\":\"Ausfl\u00fcge in Bussloo\"}]},{\"@type\":\"WebSite\",\"@id\":\"\\\/#website\",\"url\":\"\\\/\",\"name\":\"Uniekeuitjes.nl\",\"description\":\"Goedkope leuke uitjes zelf samen te stellen\",\"publisher\":{\"@id\":\"\\\/#organization\"},\"potentialAction\":[{\"@type\":\"SearchAction\",\"target\":{\"@type\":\"EntryPoint\",\"urlTemplate\":\"\\\/?s={search_term_string}\"},\"query-input\":{\"@type\":\"PropertyValueSpecification\",\"valueRequired\":true,\"valueName\":\"search_term_string\"}}],\"inLanguage\":\"nl-NL\"},{\"@type\":\"Organization\",\"@id\":\"\\\/#organization\",\"name\":\"Unieke Uitjes\",\"url\":\"\\\/\",\"logo\":{\"@type\":\"ImageObject\",\"inLanguage\":\"nl-NL\",\"@id\":\"\\\/#\\\/schema\\\/logo\\\/image\\\/\",\"url\":\"https:\\\/\\\/uniekeuitjes.nl\\\/wp-content\\\/uploads\\\/2019\\\/02\\\/site-login-logo.png\",\"contentUrl\":\"https:\\\/\\\/uniekeuitjes.nl\\\/wp-content\\\/uploads\\\/2019\\\/02\\\/site-login-logo.png\",\"width\":708,\"height\":345,\"caption\":\"Unieke Uitjes\"},\"image\":{\"@id\":\"\\\/#\\\/schema\\\/logo\\\/image\\\/\"},\"sameAs\":[\"https:\\\/\\\/www.facebook.com\\\/uniekeuitjes.nl\",\"https:\\\/\\\/www.instagram.com\\\/uniekeuitjes.nl\\\/\",\"https:\\\/\\\/www.linkedin.com\\\/company\\\/unieke-uitjes-nl\",\"https:\\\/\\\/www.youtube.com\\\/channel\\\/UCXwRXFWP_R0kxRAeL79FQfw\"]}]}<\/script>\n<!-- \/ Yoast SEO plugin. -->","yoast_head_json":{"title":"Ausfl\u00fcge in Bussloo - Fahrradverleih, E-Chopper und Kanus","description":"Ausfl\u00fcge in Bussloo werden vollst\u00e4ndig von Unique Outings angeboten! TukTuk-Solex-Verleih, Elektroroller oder Go-Kart-Bahn-Verleih?","robots":{"index":"index","follow":"follow","max-snippet":"max-snippet:-1","max-image-preview":"max-image-preview:large","max-video-preview":"max-video-preview:-1"},"canonical":"https:\/\/uniekeuitjes.nl\/de\/ausfluege-in-bussloo\/","og_locale":"nl_NL","og_type":"article","og_title":"Ausfl\u00fcge in Bussloo - Fahrradverleih, E-Chopper und Kanus","og_description":"Ausfl\u00fcge in Bussloo werden vollst\u00e4ndig von Unique Outings angeboten! TukTuk-Solex-Verleih, Elektroroller oder Go-Kart-Bahn-Verleih?","og_url":"https:\/\/uniekeuitjes.nl\/de\/ausfluege-in-bussloo\/","og_site_name":"Uniekeuitjes.nl","article_publisher":"https:\/\/www.facebook.com\/uniekeuitjes.nl","og_image":[{"url":"http:\/\/uniekeuitjes.nl\/wp-content\/uploads\/2019\/04\/triggger-1-1024x430.jpg","type":"","width":"","height":""}],"twitter_card":"summary_large_image","twitter_misc":{"Geschatte leestijd":"2 minuten"},"schema":{"@context":"https:\/\/schema.org","@graph":[{"@type":"WebPage","@id":"https:\/\/uniekeuitjes.nl\/de\/ausfluege-in-bussloo\/","url":"https:\/\/uniekeuitjes.nl\/de\/ausfluege-in-bussloo\/","name":"Ausfl\u00fcge in Bussloo - Fahrradverleih, E-Chopper und Kanus","isPartOf":{"@id":"\/#website"},"primaryImageOfPage":{"@id":"https:\/\/uniekeuitjes.nl\/de\/ausfluege-in-bussloo\/#primaryimage"},"image":{"@id":"https:\/\/uniekeuitjes.nl\/de\/ausfluege-in-bussloo\/#primaryimage"},"thumbnailUrl":"http:\/\/uniekeuitjes.nl\/wp-content\/uploads\/2019\/04\/triggger-1-1024x430.jpg","datePublished":"2019-02-18T14:31:48+00:00","description":"Ausfl\u00fcge in Bussloo werden vollst\u00e4ndig von Unique Outings angeboten! TukTuk-Solex-Verleih, Elektroroller oder Go-Kart-Bahn-Verleih?","breadcrumb":{"@id":"https:\/\/uniekeuitjes.nl\/de\/ausfluege-in-bussloo\/#breadcrumb"},"inLanguage":"nl-NL","potentialAction":[{"@type":"ReadAction","target":["https:\/\/uniekeuitjes.nl\/de\/ausfluege-in-bussloo\/"]}]},{"@type":"ImageObject","inLanguage":"nl-NL","@id":"https:\/\/uniekeuitjes.nl\/de\/ausfluege-in-bussloo\/#primaryimage","url":"http:\/\/uniekeuitjes.nl\/wp-content\/uploads\/2019\/04\/triggger-1-1024x430.jpg","contentUrl":"http:\/\/uniekeuitjes.nl\/wp-content\/uploads\/2019\/04\/triggger-1-1024x430.jpg"},{"@type":"BreadcrumbList","@id":"https:\/\/uniekeuitjes.nl\/de\/ausfluege-in-bussloo\/#breadcrumb","itemListElement":[{"@type":"ListItem","position":1,"name":"Home","item":"https:\/\/uniekeuitjes.nl\/de\/"},{"@type":"ListItem","position":2,"name":"Ausfl\u00fcge in Bussloo"}]},{"@type":"WebSite","@id":"\/#website","url":"\/","name":"Uniekeuitjes.nl","description":"Goedkope leuke uitjes zelf samen te stellen","publisher":{"@id":"\/#organization"},"potentialAction":[{"@type":"SearchAction","target":{"@type":"EntryPoint","urlTemplate":"\/?s={search_term_string}"},"query-input":{"@type":"PropertyValueSpecification","valueRequired":true,"valueName":"search_term_string"}}],"inLanguage":"nl-NL"},{"@type":"Organization","@id":"\/#organization","name":"Unieke Uitjes","url":"\/","logo":{"@type":"ImageObject","inLanguage":"nl-NL","@id":"\/#\/schema\/logo\/image\/","url":"https:\/\/uniekeuitjes.nl\/wp-content\/uploads\/2019\/02\/site-login-logo.png","contentUrl":"https:\/\/uniekeuitjes.nl\/wp-content\/uploads\/2019\/02\/site-login-logo.png","width":708,"height":345,"caption":"Unieke Uitjes"},"image":{"@id":"\/#\/schema\/logo\/image\/"},"sameAs":["https:\/\/www.facebook.com\/uniekeuitjes.nl","https:\/\/www.instagram.com\/uniekeuitjes.nl\/","https:\/\/www.linkedin.com\/company\/unieke-uitjes-nl","https:\/\/www.youtube.com\/channel\/UCXwRXFWP_R0kxRAeL79FQfw"]}]}},"_links":{"self":[{"href":"https:\/\/uniekeuitjes.nl\/de\/wp-json\/wp\/v2\/pages\/11821","targetHints":{"allow":["GET"]}}],"collection":[{"href":"https:\/\/uniekeuitjes.nl\/de\/wp-json\/wp\/v2\/pages"}],"about":[{"href":"https:\/\/uniekeuitjes.nl\/de\/wp-json\/wp\/v2\/types\/page"}],"author":[{"embeddable":true,"href":"https:\/\/uniekeuitjes.nl\/de\/wp-json\/wp\/v2\/users\/1"}],"replies":[{"embeddable":true,"href":"https:\/\/uniekeuitjes.nl\/de\/wp-json\/wp\/v2\/comments?post=11821"}],"version-history":[{"count":0,"href":"https:\/\/uniekeuitjes.nl\/de\/wp-json\/wp\/v2\/pages\/11821\/revisions"}],"wp:attachment":[{"href":"https:\/\/uniekeuitjes.nl\/de\/wp-json\/wp\/v2\/media?parent=11821"}],"wp:term":[{"taxonomy":"category","embeddable":true,"href":"https:\/\/uniekeuitjes.nl\/de\/wp-json\/wp\/v2\/categories?post=11821"}],"curies":[{"name":"wp","href":"https:\/\/api.w.org\/{rel}","templated":true}]}}