{"id":11823,"date":"2019-02-18T13:49:02","date_gmt":"2019-02-18T13:49:02","guid":{"rendered":"https:\/\/uniekeuitjes.nl\/davo-biere\/"},"modified":"2019-02-18T13:49:02","modified_gmt":"2019-02-18T13:49:02","slug":"davo-biere","status":"publish","type":"page","link":"https:\/\/uniekeuitjes.nl\/de\/davo-biere\/","title":{"rendered":"Davo-Biere"},"content":{"rendered":"<h2>Davo Beers City Brewery &amp; Tasting Room, zu kombinieren mit Unique Outings.<\/h2>\n<p>Die Stadtbrauerei ist die Adresse in Deventer f\u00fcr die leckersten Biere, einen Happen zu essen, F\u00fchrungen und Verkostungen. In einem alten Industriegeb\u00e4ude mit stimmungsvollem Dekor k\u00f6nnen Sie sehen, wie das Bier hergestellt wird, mit den Brauern plaudern und die Biere im gem\u00fctlichen Verkostungsraum probieren. Wenn die Sonne scheint, finden Sie einen Platz auf der gro\u00dfen Terrasse hinter der Brauerei. In der Brauerei finden Sie auch den DAVO-Shop. Hier bekommen Sie schnell das Thirst Aid Kit, ein Viererpack DAVO-Biere. Kurz gesagt, ein Ort, den man mit der Familie, Freunden oder Kollegen besuchen kann.<\/p>\n<p><a href=\"https:\/\/www.davobieren.nl\"><img loading=\"lazy\" decoding=\"async\" class=\"alignnone wp-image-1302\" src=\"http:\/\/uniekeuitjes.nl\/wp-content\/uploads\/2019\/05\/davo-bieren.jpg\" alt=\"\" width=\"438\" height=\"438\" srcset=\"https:\/\/uniekeuitjes.nl\/wp-content\/uploads\/2019\/05\/davo-bieren.jpg 960w, https:\/\/uniekeuitjes.nl\/wp-content\/uploads\/2019\/05\/davo-bieren-150x150.jpg 150w, https:\/\/uniekeuitjes.nl\/wp-content\/uploads\/2019\/05\/davo-bieren-300x300.jpg 300w, https:\/\/uniekeuitjes.nl\/wp-content\/uploads\/2019\/05\/davo-bieren-768x768.jpg 768w, https:\/\/uniekeuitjes.nl\/wp-content\/uploads\/2019\/05\/davo-bieren-600x600.jpg 600w, https:\/\/uniekeuitjes.nl\/wp-content\/uploads\/2019\/05\/davo-bieren-100x100.jpg 100w\" sizes=\"auto, (max-width: 438px) 100vw, 438px\" \/><\/a><\/p>\n<h2>Aktivit\u00e4ten und Ausfl\u00fcge in Kombination mit Davo Beers<\/h2>\n<p>Vor dem Besuch der Stadtbrauerei macht es besonders viel Spa\u00df, eine gemeinsame Aktivit\u00e4t zu unternehmen. Unique Outings bietet zahlreiche M\u00f6glichkeiten, um einen unvergesslichen Tag zu zweit zu verbringen.<\/p>\n<p>M\u00f6chten Sie Ihren Besuch in Davo mit einer lustigen Solex-, Chopper- oder Tuk-Tuk-Tour verbinden? Oder ein Hexathlon, eine Partie Lasertag oder eine Runde Bogenschie\u00dfen? Sie k\u00f6nnen. Viele M\u00f6glichkeiten finden Sie auf den Seiten &#8220;Alle Ausfl\u00fcge&#8221; und &#8220;Pakete&#8221;. Vieles ist auch m\u00f6glich, wenn Sie andere W\u00fcnsche haben oder verschiedene Ausfl\u00fcge kombinieren wollen.<\/p>\n<p>&nbsp;<\/p>\n<p>Kontaktieren Sie uns, wir organisieren gerne einen Tag voller Aktivit\u00e4ten mit Ihnen.<\/p>\n<p>Wir sehen uns bei Unique Outings!<\/p>\n<p><a href=\"https:\/\/uniekeuitjes.nl\"><img loading=\"lazy\" decoding=\"async\" class=\"alignnone wp-image-377\" src=\"http:\/\/uniekeuitjes.nl\/wp-content\/uploads\/2019\/02\/site-login-logo.png\" alt=\"Davo-Biere in Kombination mit Unique Outings\" width=\"437\" height=\"213\" srcset=\"https:\/\/uniekeuitjes.nl\/wp-content\/uploads\/2019\/02\/site-login-logo.png 708w, https:\/\/uniekeuitjes.nl\/wp-content\/uploads\/2019\/02\/site-login-logo-300x146.png 300w, https:\/\/uniekeuitjes.nl\/wp-content\/uploads\/2019\/02\/site-login-logo-600x292.png 600w\" sizes=\"auto, (max-width: 437px) 100vw, 437px\" \/><\/a><\/p>\n","protected":false},"excerpt":{"rendered":"<p>Davo Beers City Brewery &amp; Tasting Room, zu kombinieren mit Unique Outings. Die Stadtbrauerei ist die Adresse in Deventer f\u00fcr die leckersten Biere, einen Happen zu essen, F\u00fchrungen und Verkostungen. In einem alten Industriegeb\u00e4ude mit stimmungsvollem Dekor k\u00f6nnen Sie sehen, wie das Bier hergestellt wird, mit den Brauern plaudern und die Biere im gem\u00fctlichen Verkostungsraum [&hellip;]<\/p>\n","protected":false},"author":1,"featured_media":0,"parent":0,"menu_order":0,"comment_status":"closed","ping_status":"closed","template":"","meta":{"_acf_changed":false,"_monsterinsights_skip_tracking":false,"_monsterinsights_sitenote_active":false,"_monsterinsights_sitenote_note":"","_monsterinsights_sitenote_category":0,"footnotes":""},"categories":[73],"class_list":["post-11823","page","type-page","status-publish","hentry","category-zielseite"],"acf":[],"yoast_head":"<!-- This site is optimized with the Yoast SEO plugin v27.4 - https:\/\/yoast.com\/product\/yoast-seo-wordpress\/ -->\n<title>Davo-Biere - Uniekeuitjes.nl<\/title>\n<meta name=\"description\" content=\"Kombinieren Sie Ihren Besuch bei Davo Beers mit unseren Unique Outings. Die besten Biere, eine Kleinigkeit zu essen und eine fantastische Aktivit\u00e4t.\" \/>\n<meta name=\"robots\" content=\"index, follow, max-snippet:-1, max-image-preview:large, max-video-preview:-1\" \/>\n<link rel=\"canonical\" href=\"https:\/\/uniekeuitjes.nl\/de\/davo-biere\/\" \/>\n<meta property=\"og:locale\" content=\"nl_NL\" \/>\n<meta property=\"og:type\" content=\"article\" \/>\n<meta property=\"og:title\" content=\"Davo-Biere - Uniekeuitjes.nl\" \/>\n<meta property=\"og:description\" content=\"Kombinieren Sie Ihren Besuch bei Davo Beers mit unseren Unique Outings. Die besten Biere, eine Kleinigkeit zu essen und eine fantastische Aktivit\u00e4t.\" \/>\n<meta property=\"og:url\" content=\"https:\/\/uniekeuitjes.nl\/de\/davo-biere\/\" \/>\n<meta property=\"og:site_name\" content=\"Uniekeuitjes.nl\" \/>\n<meta property=\"article:publisher\" content=\"https:\/\/www.facebook.com\/uniekeuitjes.nl\" \/>\n<meta property=\"og:image\" content=\"http:\/\/uniekeuitjes.nl\/wp-content\/uploads\/2019\/05\/davo-bieren.jpg\" \/>\n<meta name=\"twitter:card\" content=\"summary_large_image\" \/>\n<meta name=\"twitter:label1\" content=\"Geschatte leestijd\" \/>\n\t<meta name=\"twitter:data1\" content=\"1 minuut\" \/>\n<script type=\"application\/ld+json\" class=\"yoast-schema-graph\">{\"@context\":\"https:\\\/\\\/schema.org\",\"@graph\":[{\"@type\":\"WebPage\",\"@id\":\"https:\\\/\\\/uniekeuitjes.nl\\\/de\\\/davo-biere\\\/\",\"url\":\"https:\\\/\\\/uniekeuitjes.nl\\\/de\\\/davo-biere\\\/\",\"name\":\"Davo-Biere - Uniekeuitjes.nl\",\"isPartOf\":{\"@id\":\"\\\/#website\"},\"primaryImageOfPage\":{\"@id\":\"https:\\\/\\\/uniekeuitjes.nl\\\/de\\\/davo-biere\\\/#primaryimage\"},\"image\":{\"@id\":\"https:\\\/\\\/uniekeuitjes.nl\\\/de\\\/davo-biere\\\/#primaryimage\"},\"thumbnailUrl\":\"http:\\\/\\\/uniekeuitjes.nl\\\/wp-content\\\/uploads\\\/2019\\\/05\\\/davo-bieren.jpg\",\"datePublished\":\"2019-02-18T13:49:02+00:00\",\"description\":\"Kombinieren Sie Ihren Besuch bei Davo Beers mit unseren Unique Outings. Die besten Biere, eine Kleinigkeit zu essen und eine fantastische Aktivit\u00e4t.\",\"breadcrumb\":{\"@id\":\"https:\\\/\\\/uniekeuitjes.nl\\\/de\\\/davo-biere\\\/#breadcrumb\"},\"inLanguage\":\"nl-NL\",\"potentialAction\":[{\"@type\":\"ReadAction\",\"target\":[\"https:\\\/\\\/uniekeuitjes.nl\\\/de\\\/davo-biere\\\/\"]}]},{\"@type\":\"ImageObject\",\"inLanguage\":\"nl-NL\",\"@id\":\"https:\\\/\\\/uniekeuitjes.nl\\\/de\\\/davo-biere\\\/#primaryimage\",\"url\":\"http:\\\/\\\/uniekeuitjes.nl\\\/wp-content\\\/uploads\\\/2019\\\/05\\\/davo-bieren.jpg\",\"contentUrl\":\"http:\\\/\\\/uniekeuitjes.nl\\\/wp-content\\\/uploads\\\/2019\\\/05\\\/davo-bieren.jpg\"},{\"@type\":\"BreadcrumbList\",\"@id\":\"https:\\\/\\\/uniekeuitjes.nl\\\/de\\\/davo-biere\\\/#breadcrumb\",\"itemListElement\":[{\"@type\":\"ListItem\",\"position\":1,\"name\":\"Home\",\"item\":\"https:\\\/\\\/uniekeuitjes.nl\\\/de\\\/\"},{\"@type\":\"ListItem\",\"position\":2,\"name\":\"Davo-Biere\"}]},{\"@type\":\"WebSite\",\"@id\":\"\\\/#website\",\"url\":\"\\\/\",\"name\":\"Uniekeuitjes.nl\",\"description\":\"Goedkope leuke uitjes zelf samen te stellen\",\"publisher\":{\"@id\":\"\\\/#organization\"},\"potentialAction\":[{\"@type\":\"SearchAction\",\"target\":{\"@type\":\"EntryPoint\",\"urlTemplate\":\"\\\/?s={search_term_string}\"},\"query-input\":{\"@type\":\"PropertyValueSpecification\",\"valueRequired\":true,\"valueName\":\"search_term_string\"}}],\"inLanguage\":\"nl-NL\"},{\"@type\":\"Organization\",\"@id\":\"\\\/#organization\",\"name\":\"Unieke Uitjes\",\"url\":\"\\\/\",\"logo\":{\"@type\":\"ImageObject\",\"inLanguage\":\"nl-NL\",\"@id\":\"\\\/#\\\/schema\\\/logo\\\/image\\\/\",\"url\":\"https:\\\/\\\/uniekeuitjes.nl\\\/wp-content\\\/uploads\\\/2019\\\/02\\\/site-login-logo.png\",\"contentUrl\":\"https:\\\/\\\/uniekeuitjes.nl\\\/wp-content\\\/uploads\\\/2019\\\/02\\\/site-login-logo.png\",\"width\":708,\"height\":345,\"caption\":\"Unieke Uitjes\"},\"image\":{\"@id\":\"\\\/#\\\/schema\\\/logo\\\/image\\\/\"},\"sameAs\":[\"https:\\\/\\\/www.facebook.com\\\/uniekeuitjes.nl\",\"https:\\\/\\\/www.instagram.com\\\/uniekeuitjes.nl\\\/\",\"https:\\\/\\\/www.linkedin.com\\\/company\\\/unieke-uitjes-nl\",\"https:\\\/\\\/www.youtube.com\\\/channel\\\/UCXwRXFWP_R0kxRAeL79FQfw\"]}]}<\/script>\n<!-- \/ Yoast SEO plugin. -->","yoast_head_json":{"title":"Davo-Biere - Uniekeuitjes.nl","description":"Kombinieren Sie Ihren Besuch bei Davo Beers mit unseren Unique Outings. Die besten Biere, eine Kleinigkeit zu essen und eine fantastische Aktivit\u00e4t.","robots":{"index":"index","follow":"follow","max-snippet":"max-snippet:-1","max-image-preview":"max-image-preview:large","max-video-preview":"max-video-preview:-1"},"canonical":"https:\/\/uniekeuitjes.nl\/de\/davo-biere\/","og_locale":"nl_NL","og_type":"article","og_title":"Davo-Biere - Uniekeuitjes.nl","og_description":"Kombinieren Sie Ihren Besuch bei Davo Beers mit unseren Unique Outings. Die besten Biere, eine Kleinigkeit zu essen und eine fantastische Aktivit\u00e4t.","og_url":"https:\/\/uniekeuitjes.nl\/de\/davo-biere\/","og_site_name":"Uniekeuitjes.nl","article_publisher":"https:\/\/www.facebook.com\/uniekeuitjes.nl","og_image":[{"url":"http:\/\/uniekeuitjes.nl\/wp-content\/uploads\/2019\/05\/davo-bieren.jpg","type":"","width":"","height":""}],"twitter_card":"summary_large_image","twitter_misc":{"Geschatte leestijd":"1 minuut"},"schema":{"@context":"https:\/\/schema.org","@graph":[{"@type":"WebPage","@id":"https:\/\/uniekeuitjes.nl\/de\/davo-biere\/","url":"https:\/\/uniekeuitjes.nl\/de\/davo-biere\/","name":"Davo-Biere - Uniekeuitjes.nl","isPartOf":{"@id":"\/#website"},"primaryImageOfPage":{"@id":"https:\/\/uniekeuitjes.nl\/de\/davo-biere\/#primaryimage"},"image":{"@id":"https:\/\/uniekeuitjes.nl\/de\/davo-biere\/#primaryimage"},"thumbnailUrl":"http:\/\/uniekeuitjes.nl\/wp-content\/uploads\/2019\/05\/davo-bieren.jpg","datePublished":"2019-02-18T13:49:02+00:00","description":"Kombinieren Sie Ihren Besuch bei Davo Beers mit unseren Unique Outings. Die besten Biere, eine Kleinigkeit zu essen und eine fantastische Aktivit\u00e4t.","breadcrumb":{"@id":"https:\/\/uniekeuitjes.nl\/de\/davo-biere\/#breadcrumb"},"inLanguage":"nl-NL","potentialAction":[{"@type":"ReadAction","target":["https:\/\/uniekeuitjes.nl\/de\/davo-biere\/"]}]},{"@type":"ImageObject","inLanguage":"nl-NL","@id":"https:\/\/uniekeuitjes.nl\/de\/davo-biere\/#primaryimage","url":"http:\/\/uniekeuitjes.nl\/wp-content\/uploads\/2019\/05\/davo-bieren.jpg","contentUrl":"http:\/\/uniekeuitjes.nl\/wp-content\/uploads\/2019\/05\/davo-bieren.jpg"},{"@type":"BreadcrumbList","@id":"https:\/\/uniekeuitjes.nl\/de\/davo-biere\/#breadcrumb","itemListElement":[{"@type":"ListItem","position":1,"name":"Home","item":"https:\/\/uniekeuitjes.nl\/de\/"},{"@type":"ListItem","position":2,"name":"Davo-Biere"}]},{"@type":"WebSite","@id":"\/#website","url":"\/","name":"Uniekeuitjes.nl","description":"Goedkope leuke uitjes zelf samen te stellen","publisher":{"@id":"\/#organization"},"potentialAction":[{"@type":"SearchAction","target":{"@type":"EntryPoint","urlTemplate":"\/?s={search_term_string}"},"query-input":{"@type":"PropertyValueSpecification","valueRequired":true,"valueName":"search_term_string"}}],"inLanguage":"nl-NL"},{"@type":"Organization","@id":"\/#organization","name":"Unieke Uitjes","url":"\/","logo":{"@type":"ImageObject","inLanguage":"nl-NL","@id":"\/#\/schema\/logo\/image\/","url":"https:\/\/uniekeuitjes.nl\/wp-content\/uploads\/2019\/02\/site-login-logo.png","contentUrl":"https:\/\/uniekeuitjes.nl\/wp-content\/uploads\/2019\/02\/site-login-logo.png","width":708,"height":345,"caption":"Unieke Uitjes"},"image":{"@id":"\/#\/schema\/logo\/image\/"},"sameAs":["https:\/\/www.facebook.com\/uniekeuitjes.nl","https:\/\/www.instagram.com\/uniekeuitjes.nl\/","https:\/\/www.linkedin.com\/company\/unieke-uitjes-nl","https:\/\/www.youtube.com\/channel\/UCXwRXFWP_R0kxRAeL79FQfw"]}]}},"_links":{"self":[{"href":"https:\/\/uniekeuitjes.nl\/de\/wp-json\/wp\/v2\/pages\/11823","targetHints":{"allow":["GET"]}}],"collection":[{"href":"https:\/\/uniekeuitjes.nl\/de\/wp-json\/wp\/v2\/pages"}],"about":[{"href":"https:\/\/uniekeuitjes.nl\/de\/wp-json\/wp\/v2\/types\/page"}],"author":[{"embeddable":true,"href":"https:\/\/uniekeuitjes.nl\/de\/wp-json\/wp\/v2\/users\/1"}],"replies":[{"embeddable":true,"href":"https:\/\/uniekeuitjes.nl\/de\/wp-json\/wp\/v2\/comments?post=11823"}],"version-history":[{"count":0,"href":"https:\/\/uniekeuitjes.nl\/de\/wp-json\/wp\/v2\/pages\/11823\/revisions"}],"wp:attachment":[{"href":"https:\/\/uniekeuitjes.nl\/de\/wp-json\/wp\/v2\/media?parent=11823"}],"wp:term":[{"taxonomy":"category","embeddable":true,"href":"https:\/\/uniekeuitjes.nl\/de\/wp-json\/wp\/v2\/categories?post=11823"}],"curies":[{"name":"wp","href":"https:\/\/api.w.org\/{rel}","templated":true}]}}