{"id":11825,"date":"2019-02-18T13:45:26","date_gmt":"2019-02-18T13:45:26","guid":{"rendered":"https:\/\/uniekeuitjes.nl\/europarcs-achterhoek-ausfluege\/"},"modified":"2019-02-18T13:45:26","modified_gmt":"2019-02-18T13:45:26","slug":"europarcs-achterhoek-ausfluege","status":"publish","type":"page","link":"https:\/\/uniekeuitjes.nl\/de\/europarcs-achterhoek-ausfluege\/","title":{"rendered":"EuroParcs Achterhoek-Ausfl\u00fcge"},"content":{"rendered":"<h2>\u00dcber EuroParcs Resort De Achterhoek<\/h2>\n<p>Unverwechselbar, das ist das Wort, das zu EuroParcs Achterhoek und Unique Trips passt. Beide befinden sich in einem A-Standort in den Niederlanden namens Achterhoek. Au\u00dferdem bieten beide Orte eine l\u00e4ndliche Umgebung, w\u00e4hrend gleichzeitig die Annehmlichkeiten der Stadt nie weit entfernt sind. &#8220;Erleben Sie die mystische Atmosph\u00e4re des Mittelalters in einer abwechslungsreichen und reichen Landschaft. Entspannen Sie sich in einer Umgebung, die ihren eigenen Dialekt und ihre eigene Kultur \u00fcber die Jahrhunderte hinweg bewahrt hat.<\/p>\n<p><a href=\"https:\/\/www.europarcs.nl\/vakantiepark\/resort-de-achterhoek\"><img loading=\"lazy\" decoding=\"async\" class=\"alignnone wp-image-1319\" src=\"http:\/\/uniekeuitjes.nl\/wp-content\/uploads\/2019\/05\/93608866-1024x768.jpg\" alt=\"\" width=\"519\" height=\"389\" srcset=\"https:\/\/uniekeuitjes.nl\/wp-content\/uploads\/2019\/05\/93608866.jpg 1024w, https:\/\/uniekeuitjes.nl\/wp-content\/uploads\/2019\/05\/93608866-300x225.jpg 300w, https:\/\/uniekeuitjes.nl\/wp-content\/uploads\/2019\/05\/93608866-768x576.jpg 768w, https:\/\/uniekeuitjes.nl\/wp-content\/uploads\/2019\/05\/93608866-600x450.jpg 600w\" sizes=\"auto, (max-width: 519px) 100vw, 519px\" \/><\/a><\/p>\n<h2>Aktivit\u00e4ten w\u00e4hrend Ihres Aufenthalts<\/h2>\n<p>Sie wohnen im EuroParcs Achterhoek und suchen nach Aktivit\u00e4ten in der N\u00e4he? Unique Outings bietet eine gro\u00dfe Auswahl an unterhaltsamen Aktivit\u00e4ten, bei denen f\u00fcr jeden etwas dabei ist. Warten Sie nicht l\u00e4nger und kontaktieren Sie uns, damit wir Ihnen einen sch\u00f6nen Tag bereiten k\u00f6nnen!<\/p>\n<div id=\"attachment_2495\" class=\"wp-caption alignnone\">\n<p class=\"wp-caption-text\">Mieten Sie zum Beispiel eine Gokart-Bahn oder kommen Sie zum Tontaubenschie\u00dfen. Erkunden Sie die Umgebung mit einem Tuk Tuk, einem Hubschrauber oder Solex, oder fahren Sie mit einem Kanu aufs Wasser.<\/p>\n<p>&nbsp;<\/p>\n<\/div>\n<h2><strong>Einige unserer Aktivit\u00e4ten an diesem A-Standort:<\/strong><\/h2>\n<p>Unique Outings bietet sehr viele Aktivit\u00e4ten, Pakete und Ausfl\u00fcge in der Region Achterhoek an.<\/p>\n<p>Genie\u00dfen Sie die malerische Landschaft bei einer Soletour, machen Sie ein Schie\u00df-Arrangement mit 5 Waffentypen, gehen Sie zum Laser-Gaming oder spielen Sie verr\u00fcckt bei einer originellen Quiz- oder Spielshow!<\/p>\n<p>&nbsp;<\/p>\n<p>Alle Optionen finden Sie auf unseren Seiten &#8220;Alle Ausfl\u00fcge&#8221; und &#8220;Pakete&#8221;.<\/p>\n<p>M\u00f6chten Sie sich zusammenschlie\u00dfen oder ist Ihre Idee einfach nicht aufgef\u00fchrt? Nehmen Sie Kontakt auf, um die vielen M\u00f6glichkeiten zu besprechen!<\/p>\n<p>Wir sehen uns bei Unique Outings!<\/p>\n<p><a href=\"https:\/\/uniekeuitjes.nl\"><img loading=\"lazy\" decoding=\"async\" class=\"alignnone wp-image-377\" src=\"http:\/\/uniekeuitjes.nl\/wp-content\/uploads\/2019\/02\/site-login-logo.png\" alt=\"Kombinieren Sie EuroParcs Achterhoek mit Unique Outings? Nehmen Sie Kontakt mit uns auf!\" width=\"536\" height=\"261\" srcset=\"https:\/\/uniekeuitjes.nl\/wp-content\/uploads\/2019\/02\/site-login-logo.png 708w, https:\/\/uniekeuitjes.nl\/wp-content\/uploads\/2019\/02\/site-login-logo-300x146.png 300w, https:\/\/uniekeuitjes.nl\/wp-content\/uploads\/2019\/02\/site-login-logo-600x292.png 600w\" sizes=\"auto, (max-width: 536px) 100vw, 536px\" \/><\/a><\/p>\n","protected":false},"excerpt":{"rendered":"<p>\u00dcber EuroParcs Resort De Achterhoek Unverwechselbar, das ist das Wort, das zu EuroParcs Achterhoek und Unique Trips passt. Beide befinden sich in einem A-Standort in den Niederlanden namens Achterhoek. Au\u00dferdem bieten beide Orte eine l\u00e4ndliche Umgebung, w\u00e4hrend gleichzeitig die Annehmlichkeiten der Stadt nie weit entfernt sind. &#8220;Erleben Sie die mystische Atmosph\u00e4re des Mittelalters in einer [&hellip;]<\/p>\n","protected":false},"author":1,"featured_media":0,"parent":0,"menu_order":0,"comment_status":"closed","ping_status":"closed","template":"","meta":{"_acf_changed":false,"_monsterinsights_skip_tracking":false,"_monsterinsights_sitenote_active":false,"_monsterinsights_sitenote_note":"","_monsterinsights_sitenote_category":0,"footnotes":""},"categories":[73],"class_list":["post-11825","page","type-page","status-publish","hentry","category-zielseite"],"acf":[],"yoast_head":"<!-- This site is optimized with the Yoast SEO plugin v27.4 - https:\/\/yoast.com\/product\/yoast-seo-wordpress\/ -->\n<title>EuroParcs Achterhoek-Ausfl\u00fcge - Uniekeuitjes.nl<\/title>\n<meta name=\"description\" content=\"Unverwechselbar, das ist das Wort, das zu EuroParcs Achterhoek und Unique Trips passt. Kombinieren Sie Ihren Aufenthalt bei EuroParcs mit einer lustigen Aktivit\u00e4t!\" \/>\n<meta name=\"robots\" content=\"index, follow, max-snippet:-1, max-image-preview:large, max-video-preview:-1\" \/>\n<link rel=\"canonical\" href=\"https:\/\/uniekeuitjes.nl\/de\/europarcs-achterhoek-ausfluege\/\" \/>\n<meta property=\"og:locale\" content=\"nl_NL\" \/>\n<meta property=\"og:type\" content=\"article\" \/>\n<meta property=\"og:title\" content=\"EuroParcs Achterhoek-Ausfl\u00fcge - Uniekeuitjes.nl\" \/>\n<meta property=\"og:description\" content=\"Unverwechselbar, das ist das Wort, das zu EuroParcs Achterhoek und Unique Trips passt. Kombinieren Sie Ihren Aufenthalt bei EuroParcs mit einer lustigen Aktivit\u00e4t!\" \/>\n<meta property=\"og:url\" content=\"https:\/\/uniekeuitjes.nl\/de\/europarcs-achterhoek-ausfluege\/\" \/>\n<meta property=\"og:site_name\" content=\"Uniekeuitjes.nl\" \/>\n<meta property=\"article:publisher\" content=\"https:\/\/www.facebook.com\/uniekeuitjes.nl\" \/>\n<meta property=\"og:image\" content=\"http:\/\/uniekeuitjes.nl\/wp-content\/uploads\/2019\/05\/93608866-1024x768.jpg\" \/>\n<meta name=\"twitter:card\" content=\"summary_large_image\" \/>\n<meta name=\"twitter:label1\" content=\"Geschatte leestijd\" \/>\n\t<meta name=\"twitter:data1\" content=\"1 minuut\" \/>\n<script type=\"application\/ld+json\" class=\"yoast-schema-graph\">{\"@context\":\"https:\\\/\\\/schema.org\",\"@graph\":[{\"@type\":\"WebPage\",\"@id\":\"https:\\\/\\\/uniekeuitjes.nl\\\/de\\\/europarcs-achterhoek-ausfluege\\\/\",\"url\":\"https:\\\/\\\/uniekeuitjes.nl\\\/de\\\/europarcs-achterhoek-ausfluege\\\/\",\"name\":\"EuroParcs Achterhoek-Ausfl\u00fcge - Uniekeuitjes.nl\",\"isPartOf\":{\"@id\":\"\\\/#website\"},\"primaryImageOfPage\":{\"@id\":\"https:\\\/\\\/uniekeuitjes.nl\\\/de\\\/europarcs-achterhoek-ausfluege\\\/#primaryimage\"},\"image\":{\"@id\":\"https:\\\/\\\/uniekeuitjes.nl\\\/de\\\/europarcs-achterhoek-ausfluege\\\/#primaryimage\"},\"thumbnailUrl\":\"http:\\\/\\\/uniekeuitjes.nl\\\/wp-content\\\/uploads\\\/2019\\\/05\\\/93608866-1024x768.jpg\",\"datePublished\":\"2019-02-18T13:45:26+00:00\",\"description\":\"Unverwechselbar, das ist das Wort, das zu EuroParcs Achterhoek und Unique Trips passt. Kombinieren Sie Ihren Aufenthalt bei EuroParcs mit einer lustigen Aktivit\u00e4t!\",\"breadcrumb\":{\"@id\":\"https:\\\/\\\/uniekeuitjes.nl\\\/de\\\/europarcs-achterhoek-ausfluege\\\/#breadcrumb\"},\"inLanguage\":\"nl-NL\",\"potentialAction\":[{\"@type\":\"ReadAction\",\"target\":[\"https:\\\/\\\/uniekeuitjes.nl\\\/de\\\/europarcs-achterhoek-ausfluege\\\/\"]}]},{\"@type\":\"ImageObject\",\"inLanguage\":\"nl-NL\",\"@id\":\"https:\\\/\\\/uniekeuitjes.nl\\\/de\\\/europarcs-achterhoek-ausfluege\\\/#primaryimage\",\"url\":\"http:\\\/\\\/uniekeuitjes.nl\\\/wp-content\\\/uploads\\\/2019\\\/05\\\/93608866-1024x768.jpg\",\"contentUrl\":\"http:\\\/\\\/uniekeuitjes.nl\\\/wp-content\\\/uploads\\\/2019\\\/05\\\/93608866-1024x768.jpg\"},{\"@type\":\"BreadcrumbList\",\"@id\":\"https:\\\/\\\/uniekeuitjes.nl\\\/de\\\/europarcs-achterhoek-ausfluege\\\/#breadcrumb\",\"itemListElement\":[{\"@type\":\"ListItem\",\"position\":1,\"name\":\"Home\",\"item\":\"https:\\\/\\\/uniekeuitjes.nl\\\/de\\\/\"},{\"@type\":\"ListItem\",\"position\":2,\"name\":\"EuroParcs Achterhoek-Ausfl\u00fcge\"}]},{\"@type\":\"WebSite\",\"@id\":\"\\\/#website\",\"url\":\"\\\/\",\"name\":\"Uniekeuitjes.nl\",\"description\":\"Goedkope leuke uitjes zelf samen te stellen\",\"publisher\":{\"@id\":\"\\\/#organization\"},\"potentialAction\":[{\"@type\":\"SearchAction\",\"target\":{\"@type\":\"EntryPoint\",\"urlTemplate\":\"\\\/?s={search_term_string}\"},\"query-input\":{\"@type\":\"PropertyValueSpecification\",\"valueRequired\":true,\"valueName\":\"search_term_string\"}}],\"inLanguage\":\"nl-NL\"},{\"@type\":\"Organization\",\"@id\":\"\\\/#organization\",\"name\":\"Unieke Uitjes\",\"url\":\"\\\/\",\"logo\":{\"@type\":\"ImageObject\",\"inLanguage\":\"nl-NL\",\"@id\":\"\\\/#\\\/schema\\\/logo\\\/image\\\/\",\"url\":\"https:\\\/\\\/uniekeuitjes.nl\\\/wp-content\\\/uploads\\\/2019\\\/02\\\/site-login-logo.png\",\"contentUrl\":\"https:\\\/\\\/uniekeuitjes.nl\\\/wp-content\\\/uploads\\\/2019\\\/02\\\/site-login-logo.png\",\"width\":708,\"height\":345,\"caption\":\"Unieke Uitjes\"},\"image\":{\"@id\":\"\\\/#\\\/schema\\\/logo\\\/image\\\/\"},\"sameAs\":[\"https:\\\/\\\/www.facebook.com\\\/uniekeuitjes.nl\",\"https:\\\/\\\/www.instagram.com\\\/uniekeuitjes.nl\\\/\",\"https:\\\/\\\/www.linkedin.com\\\/company\\\/unieke-uitjes-nl\",\"https:\\\/\\\/www.youtube.com\\\/channel\\\/UCXwRXFWP_R0kxRAeL79FQfw\"]}]}<\/script>\n<!-- \/ Yoast SEO plugin. -->","yoast_head_json":{"title":"EuroParcs Achterhoek-Ausfl\u00fcge - Uniekeuitjes.nl","description":"Unverwechselbar, das ist das Wort, das zu EuroParcs Achterhoek und Unique Trips passt. Kombinieren Sie Ihren Aufenthalt bei EuroParcs mit einer lustigen Aktivit\u00e4t!","robots":{"index":"index","follow":"follow","max-snippet":"max-snippet:-1","max-image-preview":"max-image-preview:large","max-video-preview":"max-video-preview:-1"},"canonical":"https:\/\/uniekeuitjes.nl\/de\/europarcs-achterhoek-ausfluege\/","og_locale":"nl_NL","og_type":"article","og_title":"EuroParcs Achterhoek-Ausfl\u00fcge - Uniekeuitjes.nl","og_description":"Unverwechselbar, das ist das Wort, das zu EuroParcs Achterhoek und Unique Trips passt. Kombinieren Sie Ihren Aufenthalt bei EuroParcs mit einer lustigen Aktivit\u00e4t!","og_url":"https:\/\/uniekeuitjes.nl\/de\/europarcs-achterhoek-ausfluege\/","og_site_name":"Uniekeuitjes.nl","article_publisher":"https:\/\/www.facebook.com\/uniekeuitjes.nl","og_image":[{"url":"http:\/\/uniekeuitjes.nl\/wp-content\/uploads\/2019\/05\/93608866-1024x768.jpg","type":"","width":"","height":""}],"twitter_card":"summary_large_image","twitter_misc":{"Geschatte leestijd":"1 minuut"},"schema":{"@context":"https:\/\/schema.org","@graph":[{"@type":"WebPage","@id":"https:\/\/uniekeuitjes.nl\/de\/europarcs-achterhoek-ausfluege\/","url":"https:\/\/uniekeuitjes.nl\/de\/europarcs-achterhoek-ausfluege\/","name":"EuroParcs Achterhoek-Ausfl\u00fcge - Uniekeuitjes.nl","isPartOf":{"@id":"\/#website"},"primaryImageOfPage":{"@id":"https:\/\/uniekeuitjes.nl\/de\/europarcs-achterhoek-ausfluege\/#primaryimage"},"image":{"@id":"https:\/\/uniekeuitjes.nl\/de\/europarcs-achterhoek-ausfluege\/#primaryimage"},"thumbnailUrl":"http:\/\/uniekeuitjes.nl\/wp-content\/uploads\/2019\/05\/93608866-1024x768.jpg","datePublished":"2019-02-18T13:45:26+00:00","description":"Unverwechselbar, das ist das Wort, das zu EuroParcs Achterhoek und Unique Trips passt. Kombinieren Sie Ihren Aufenthalt bei EuroParcs mit einer lustigen Aktivit\u00e4t!","breadcrumb":{"@id":"https:\/\/uniekeuitjes.nl\/de\/europarcs-achterhoek-ausfluege\/#breadcrumb"},"inLanguage":"nl-NL","potentialAction":[{"@type":"ReadAction","target":["https:\/\/uniekeuitjes.nl\/de\/europarcs-achterhoek-ausfluege\/"]}]},{"@type":"ImageObject","inLanguage":"nl-NL","@id":"https:\/\/uniekeuitjes.nl\/de\/europarcs-achterhoek-ausfluege\/#primaryimage","url":"http:\/\/uniekeuitjes.nl\/wp-content\/uploads\/2019\/05\/93608866-1024x768.jpg","contentUrl":"http:\/\/uniekeuitjes.nl\/wp-content\/uploads\/2019\/05\/93608866-1024x768.jpg"},{"@type":"BreadcrumbList","@id":"https:\/\/uniekeuitjes.nl\/de\/europarcs-achterhoek-ausfluege\/#breadcrumb","itemListElement":[{"@type":"ListItem","position":1,"name":"Home","item":"https:\/\/uniekeuitjes.nl\/de\/"},{"@type":"ListItem","position":2,"name":"EuroParcs Achterhoek-Ausfl\u00fcge"}]},{"@type":"WebSite","@id":"\/#website","url":"\/","name":"Uniekeuitjes.nl","description":"Goedkope leuke uitjes zelf samen te stellen","publisher":{"@id":"\/#organization"},"potentialAction":[{"@type":"SearchAction","target":{"@type":"EntryPoint","urlTemplate":"\/?s={search_term_string}"},"query-input":{"@type":"PropertyValueSpecification","valueRequired":true,"valueName":"search_term_string"}}],"inLanguage":"nl-NL"},{"@type":"Organization","@id":"\/#organization","name":"Unieke Uitjes","url":"\/","logo":{"@type":"ImageObject","inLanguage":"nl-NL","@id":"\/#\/schema\/logo\/image\/","url":"https:\/\/uniekeuitjes.nl\/wp-content\/uploads\/2019\/02\/site-login-logo.png","contentUrl":"https:\/\/uniekeuitjes.nl\/wp-content\/uploads\/2019\/02\/site-login-logo.png","width":708,"height":345,"caption":"Unieke Uitjes"},"image":{"@id":"\/#\/schema\/logo\/image\/"},"sameAs":["https:\/\/www.facebook.com\/uniekeuitjes.nl","https:\/\/www.instagram.com\/uniekeuitjes.nl\/","https:\/\/www.linkedin.com\/company\/unieke-uitjes-nl","https:\/\/www.youtube.com\/channel\/UCXwRXFWP_R0kxRAeL79FQfw"]}]}},"_links":{"self":[{"href":"https:\/\/uniekeuitjes.nl\/de\/wp-json\/wp\/v2\/pages\/11825","targetHints":{"allow":["GET"]}}],"collection":[{"href":"https:\/\/uniekeuitjes.nl\/de\/wp-json\/wp\/v2\/pages"}],"about":[{"href":"https:\/\/uniekeuitjes.nl\/de\/wp-json\/wp\/v2\/types\/page"}],"author":[{"embeddable":true,"href":"https:\/\/uniekeuitjes.nl\/de\/wp-json\/wp\/v2\/users\/1"}],"replies":[{"embeddable":true,"href":"https:\/\/uniekeuitjes.nl\/de\/wp-json\/wp\/v2\/comments?post=11825"}],"version-history":[{"count":0,"href":"https:\/\/uniekeuitjes.nl\/de\/wp-json\/wp\/v2\/pages\/11825\/revisions"}],"wp:attachment":[{"href":"https:\/\/uniekeuitjes.nl\/de\/wp-json\/wp\/v2\/media?parent=11825"}],"wp:term":[{"taxonomy":"category","embeddable":true,"href":"https:\/\/uniekeuitjes.nl\/de\/wp-json\/wp\/v2\/categories?post=11825"}],"curies":[{"name":"wp","href":"https:\/\/api.w.org\/{rel}","templated":true}]}}