{"id":11826,"date":"2019-02-18T13:42:46","date_gmt":"2019-02-18T13:42:46","guid":{"rendered":"https:\/\/uniekeuitjes.nl\/salland-kamm\/"},"modified":"2019-02-18T13:42:46","modified_gmt":"2019-02-18T13:42:46","slug":"salland-kamm","status":"publish","type":"page","link":"https:\/\/uniekeuitjes.nl\/de\/salland-kamm\/","title":{"rendered":"Salland-Kamm"},"content":{"rendered":"<h2><strong>\u00dcber den Salland-R\u00fccken:<\/strong><\/h2>\n<p>Der Sallandse Heuvelrug ist ein Naturschutzgebiet in Overijssel mit einer vielf\u00e4ltigen Flora und Fauna. Es gibt eine gro\u00dfe Vielfalt an Wald, Heide und Mooren mit einigen sch\u00f6nen Aussichtspunkten. Fast alle W\u00e4lder wachsen au\u00dferhalb der Reichweite des Grundwassers und sind daher auf &#8220;h\u00e4ngendes Wasser&#8221; angewiesen. Bei gutem Wetter kann man vom Aussichtspunkt auf dem Holterberg sogar Zwolle sehen. Sie erreichen diesen Aussichtspunkt 1 km vom Parkplatz des Outdoor-Zentrums entfernt.<\/p>\n<p>In den Besucherzentren erfahren Sie mehr \u00fcber die Kulturgeschichte und die Auswirkungen des Zweiten Weltkriegs auf dieses Gebiet.<\/p>\n<p>&nbsp;<\/p>\n<h2>Aktivit\u00e4ten auf dem Salland-Kamm:<\/h2>\n<p>Unique Outings bietet Ihnen zahlreiche Aktivit\u00e4ten in der Region Achterhoek. Hier sind einige Beispiele. F\u00fcr alle Aktivit\u00e4ten k\u00f6nnen Sie nat\u00fcrlich auch unsere Seiten<a href=\"https:\/\/uniekeuitjes.nl\/arrangementen\/\">&#8220;Pakete<\/a>&#8221; und<a href=\"https:\/\/uniekeuitjes.nl\/alle-uitjes\/\">&#8220;Alle Ausfl\u00fcge<\/a>&#8221; besuchen.<\/p>\n<p>&nbsp;<\/p>\n<p><strong>Einige unserer Aktivit\u00e4ten:<\/strong><\/p>\n<h2 class=\"tablepress-table-name tablepress-table-name-id-2\">Aktivit\u00e4ten vor Ort<\/h2>\n<table id=\"tablepress-2\" class=\"tablepress tablepress-id-2\">\n<tbody class=\"row-hover\">\n<tr class=\"row-1 odd\">\n<td class=\"column-1\">Laser-Tontaubenschie\u00dfen<\/td>\n<td class=\"column-2\">Preis (ab) \u20ac 25,- p.P.<\/td>\n<td class=\"column-3\"><a href=\"https:\/\/uniekeuitjes.nl\/prijzen-laser-kleiduifschieten\/\">Klicken Sie hier f\u00fcr weitere Informationen<\/a><\/td>\n<\/tr>\n<tr class=\"row-2 even\">\n<td class=\"column-1\">Scharfsch\u00fctzen-Paket<\/td>\n<td class=\"column-2\">Preis 30,50 \u20ac p.P.<\/td>\n<td class=\"column-3\"><a href=\"https:\/\/uniekeuitjes.nl\/prijs-scherpschutters-arrangement\/\">Klicken Sie hier f\u00fcr weitere Informationen<\/a><\/td>\n<\/tr>\n<tr class=\"row-3 odd\">\n<td class=\"column-1\"><\/td>\n<td class=\"column-2\"><\/td>\n<td class=\"column-3\"><\/td>\n<\/tr>\n<tr class=\"row-4 even\">\n<td class=\"column-1\">Hexathlon<\/td>\n<td class=\"column-2\">Preis \u20ac 15,75 p.P.<\/td>\n<td class=\"column-3\"><a href=\"https:\/\/uniekeuitjes.nl\/prijzen-zeskamp\/\">Klicken Sie hier f\u00fcr weitere Informationen<\/a><\/td>\n<\/tr>\n<tr class=\"row-5 odd\">\n<td class=\"column-1\">Casino-Abend<\/td>\n<td class=\"column-2\">Preis pro Tisch \u20ac 275<\/td>\n<td class=\"column-3\"><a href=\"https:\/\/uniekeuitjes.nl\/prijzen-casino-avond\/\">Klicken Sie hier f\u00fcr weitere Informationen<\/a><\/td>\n<\/tr>\n<tr class=\"row-6 even\">\n<td class=\"column-1\">Kneipen-Quiz<\/td>\n<td class=\"column-2\">Preis \u20ac 15,75 p.P.<\/td>\n<td class=\"column-3\"><a href=\"https:\/\/uniekeuitjes.nl\/prijzen-pub-quiz\/\">Klicken Sie hier f\u00fcr weitere Informationen<\/a><\/td>\n<\/tr>\n<tr class=\"row-7 odd\">\n<td class=\"column-1\">Kajakfahren<\/td>\n<td class=\"column-2\">Preis \u20ac 15,50 p.P.<\/td>\n<td class=\"column-3\"><a href=\"https:\/\/uniekeuitjes.nl\/prijzen-kajakken\/\">Klicken Sie hier f\u00fcr weitere Informationen<\/a><\/td>\n<\/tr>\n<tr class=\"row-8 even\">\n<td class=\"column-1\">Malerei-Workshop<\/td>\n<td class=\"column-2\">Preis 37,50 \u20ac p.P.<\/td>\n<td class=\"column-3\"><a href=\"https:\/\/uniekeuitjes.nl\/prijzen-schilder-workshop\/\">Klicken Sie hier f\u00fcr weitere Informationen<\/a><\/td>\n<\/tr>\n<tr class=\"row-9 odd\">\n<td class=\"column-1\">Ballonfahrt<\/td>\n<td class=\"column-2\">Preis (ab) \u20ac 120,- p.P.<\/td>\n<td class=\"column-3\"><a href=\"https:\/\/uniekeuitjes.nl\/prijzen-ballonvaart\/\">Klicken Sie hier f\u00fcr weitere Informationen<\/a><\/td>\n<\/tr>\n<tr class=\"row-10 even\">\n<td class=\"column-1\">Stra\u00dfengolf oder Farmer&#8217;s Golf<\/td>\n<td class=\"column-2\">Preis ab 7,50 \u20ac p.P.<\/td>\n<td class=\"column-3\"><a href=\"https:\/\/uniekeuitjes.nl\/prijzen-boerengolf\/\">Klicken Sie hier f\u00fcr weitere Informationen<\/a><\/td>\n<\/tr>\n<tr class=\"row-11 odd\">\n<td class=\"column-1\">Koch-Workshop<\/td>\n<td class=\"column-2\">Preis ab; \u20ac 30,- p.P.<\/td>\n<td class=\"column-3\"><a href=\"https:\/\/uniekeuitjes.nl\/prijzen-kook-workshop\/\">Klicken Sie hier f\u00fcr weitere Informationen<\/a><\/td>\n<\/tr>\n<tr class=\"row-12 even\">\n<td class=\"column-1\">Bingo-Show<\/td>\n<td class=\"column-2\">Preis \u20ac 18,50 p.P.<\/td>\n<td class=\"column-3\"><a href=\"https:\/\/uniekeuitjes.nl\/prijzen-bingo-show\/\">Klicken Sie hier f\u00fcr weitere Informationen<\/a><\/td>\n<\/tr>\n<tr class=\"row-13 odd\">\n<td class=\"column-1\">Weinverkostung<\/td>\n<td class=\"column-2\">Preis (ab) \u20ac 15,- p.P.<\/td>\n<td class=\"column-3\"><a href=\"https:\/\/uniekeuitjes.nl\/prijzen-wijnproeverij\/\">Klicken Sie hier f\u00fcr weitere Informationen<\/a><\/td>\n<\/tr>\n<tr class=\"row-14 even\">\n<td class=\"column-1\">Eisstockschie\u00dfen<\/td>\n<td class=\"column-2\">Preis ab 7,50 \u20ac p.P.<\/td>\n<td class=\"column-3\"><a href=\"https:\/\/uniekeuitjes.nl\/prijzen-klootschieten\/\">Klicken Sie hier f\u00fcr weitere Informationen<\/a><\/td>\n<\/tr>\n<tr class=\"row-15 odd\">\n<td class=\"column-1\">Hin- und R\u00fcckfl\u00fcge<\/td>\n<td class=\"column-2\">Preis ab \u20ac 31,50 p.P.<\/td>\n<td class=\"column-3\"><a href=\"https:\/\/uniekeuitjes.nl\/prijzen-rondvlucht\/\">Klicken Sie hier f\u00fcr weitere Informationen<\/a><\/td>\n<\/tr>\n<tr class=\"row-16 even\">\n<td class=\"column-1\">Raubvogel-Workshop<\/td>\n<td class=\"column-2\">Preis \u20ac27,- p.P.<\/td>\n<td class=\"column-3\"><a href=\"https:\/\/uniekeuitjes.nl\/prijs-roofvogel-workshop\/\">Klicken Sie hier f\u00fcr weitere Informationen<\/a><\/td>\n<\/tr>\n<tr class=\"row-17 odd\">\n<td class=\"column-1\">Graffiti-Workshop<\/td>\n<td class=\"column-2\">Preis ab \u20ac22,- p.P.<\/td>\n<td class=\"column-3\"><a href=\"https:\/\/uniekeuitjes.nl\/prijs-graffiti-workshop\/\">Klicken Sie hier f\u00fcr weitere Informationen<\/a><\/td>\n<\/tr>\n<tr class=\"row-18 even\">\n<td class=\"column-1\">Musik-Quiz<\/td>\n<td class=\"column-2\">Preis ab 15,75 \u20ac p.P.<\/td>\n<td class=\"column-3\"><a href=\"https:\/\/uniekeuitjes.nl\/muziek-quiz\/\">Klicken Sie hier f\u00fcr weitere Informationen<\/a><\/td>\n<\/tr>\n<tr class=\"row-19 odd\">\n<td class=\"column-1\">Sumo-Ringen<\/td>\n<td class=\"column-2\">Preis ab \u20ac10,- p.P.<\/td>\n<td class=\"column-3\"><a href=\"https:\/\/uniekeuitjes.nl\/sumo-worstelen\/\">Klicken Sie hier f\u00fcr weitere Informationen<\/a><\/td>\n<\/tr>\n<tr class=\"row-20 even\">\n<td class=\"column-1\">Hallen-Hexathlon<\/td>\n<td class=\"column-2\">Preis ab 15,75 \u20ac p.P.<\/td>\n<td class=\"column-3\"><a href=\"https:\/\/uniekeuitjes.nl\/indoor-zeskamp\/\">Klicken Sie hier f\u00fcr weitere Informationen<\/a><\/td>\n<\/tr>\n<tr class=\"row-21 odd\">\n<td class=\"column-1\">Bogenschie\u00dfen<\/td>\n<td class=\"column-2\">Preis ab \u20ac15,- p.P.<\/td>\n<td class=\"column-3\"><a href=\"https:\/\/uniekeuitjes.nl\/boogschieten\/\">Klicken Sie hier f\u00fcr weitere Informationen<\/a><\/td>\n<\/tr>\n<tr class=\"row-22 even\">\n<td class=\"column-1\">Discgolf<\/td>\n<td class=\"column-2\">Preis ab 17,50 \u20ac p.P.<\/td>\n<td class=\"column-3\"><a href=\"https:\/\/uniekeuitjes.nl\/frisbee-workshop\/\">Klicken Sie hier f\u00fcr weitere Informationen<\/a><\/td>\n<\/tr>\n<tr class=\"row-23 odd\">\n<td class=\"column-1\">Ich liebe Holland<\/td>\n<td class=\"column-2\">Preis ab 15,75 \u20ac p.P.<\/td>\n<td class=\"column-3\"><a href=\"https:\/\/uniekeuitjes.nl\/ik-hou-van-holland\/\">Klicken Sie hier f\u00fcr weitere Informationen<\/a><\/td>\n<\/tr>\n<\/tbody>\n<\/table>\n<p>&nbsp;<\/p>\n<p>&nbsp;<\/p>\n<p><strong>Erkundigen Sie sich nach den M\u00f6glichkeiten, die Aktivit\u00e4ten mit verschiedenen Essens- und Getr\u00e4nkepaketen zu kombinieren!<\/strong><\/p>\n<div><\/div>\n<div>Die genauen Preise\/Arrangements entnehmen Sie bitte der Registerkarte<a href=\"https:\/\/uniekeuitjes.nl\/prijzen\/\">&#8220;Preise<\/a>&#8220;.<\/div>\n<div><\/div>\n<div><\/div>\n<div><\/div>\n","protected":false},"excerpt":{"rendered":"<p>\u00dcber den Salland-R\u00fccken: Der Sallandse Heuvelrug ist ein Naturschutzgebiet in Overijssel mit einer vielf\u00e4ltigen Flora und Fauna. Es gibt eine gro\u00dfe Vielfalt an Wald, Heide und Mooren mit einigen sch\u00f6nen Aussichtspunkten. Fast alle W\u00e4lder wachsen au\u00dferhalb der Reichweite des Grundwassers und sind daher auf &#8220;h\u00e4ngendes Wasser&#8221; angewiesen. Bei gutem Wetter kann man vom Aussichtspunkt auf [&hellip;]<\/p>\n","protected":false},"author":1,"featured_media":0,"parent":0,"menu_order":0,"comment_status":"closed","ping_status":"closed","template":"","meta":{"_acf_changed":false,"_monsterinsights_skip_tracking":false,"_monsterinsights_sitenote_active":false,"_monsterinsights_sitenote_note":"","_monsterinsights_sitenote_category":0,"footnotes":""},"categories":[73],"class_list":["post-11826","page","type-page","status-publish","hentry","category-zielseite"],"acf":[],"yoast_head":"<!-- This site is optimized with the Yoast SEO plugin v27.4 - https:\/\/yoast.com\/product\/yoast-seo-wordpress\/ -->\n<title>Salland-Kamm - Uniekeuitjes.nl<\/title>\n<meta name=\"robots\" content=\"index, follow, max-snippet:-1, max-image-preview:large, max-video-preview:-1\" \/>\n<link rel=\"canonical\" href=\"https:\/\/uniekeuitjes.nl\/de\/salland-kamm\/\" \/>\n<meta property=\"og:locale\" content=\"nl_NL\" \/>\n<meta property=\"og:type\" content=\"article\" \/>\n<meta property=\"og:title\" content=\"Salland-Kamm - Uniekeuitjes.nl\" \/>\n<meta property=\"og:description\" content=\"\u00dcber den Salland-R\u00fccken: Der Sallandse Heuvelrug ist ein Naturschutzgebiet in Overijssel mit einer vielf\u00e4ltigen Flora und Fauna. Es gibt eine gro\u00dfe Vielfalt an Wald, Heide und Mooren mit einigen sch\u00f6nen Aussichtspunkten. Fast alle W\u00e4lder wachsen au\u00dferhalb der Reichweite des Grundwassers und sind daher auf &#8220;h\u00e4ngendes Wasser&#8221; angewiesen. Bei gutem Wetter kann man vom Aussichtspunkt auf [&hellip;]\" \/>\n<meta property=\"og:url\" content=\"https:\/\/uniekeuitjes.nl\/de\/salland-kamm\/\" \/>\n<meta property=\"og:site_name\" content=\"Uniekeuitjes.nl\" \/>\n<meta property=\"article:publisher\" content=\"https:\/\/www.facebook.com\/uniekeuitjes.nl\" \/>\n<meta name=\"twitter:card\" content=\"summary_large_image\" \/>\n<meta name=\"twitter:label1\" content=\"Geschatte leestijd\" \/>\n\t<meta name=\"twitter:data1\" content=\"2 minuten\" \/>\n<script type=\"application\/ld+json\" class=\"yoast-schema-graph\">{\"@context\":\"https:\\\/\\\/schema.org\",\"@graph\":[{\"@type\":\"WebPage\",\"@id\":\"https:\\\/\\\/uniekeuitjes.nl\\\/de\\\/salland-kamm\\\/\",\"url\":\"https:\\\/\\\/uniekeuitjes.nl\\\/de\\\/salland-kamm\\\/\",\"name\":\"Salland-Kamm - Uniekeuitjes.nl\",\"isPartOf\":{\"@id\":\"\\\/#website\"},\"datePublished\":\"2019-02-18T13:42:46+00:00\",\"breadcrumb\":{\"@id\":\"https:\\\/\\\/uniekeuitjes.nl\\\/de\\\/salland-kamm\\\/#breadcrumb\"},\"inLanguage\":\"nl-NL\",\"potentialAction\":[{\"@type\":\"ReadAction\",\"target\":[\"https:\\\/\\\/uniekeuitjes.nl\\\/de\\\/salland-kamm\\\/\"]}]},{\"@type\":\"BreadcrumbList\",\"@id\":\"https:\\\/\\\/uniekeuitjes.nl\\\/de\\\/salland-kamm\\\/#breadcrumb\",\"itemListElement\":[{\"@type\":\"ListItem\",\"position\":1,\"name\":\"Home\",\"item\":\"https:\\\/\\\/uniekeuitjes.nl\\\/de\\\/\"},{\"@type\":\"ListItem\",\"position\":2,\"name\":\"Salland-Kamm\"}]},{\"@type\":\"WebSite\",\"@id\":\"\\\/#website\",\"url\":\"\\\/\",\"name\":\"Uniekeuitjes.nl\",\"description\":\"Goedkope leuke uitjes zelf samen te stellen\",\"publisher\":{\"@id\":\"\\\/#organization\"},\"potentialAction\":[{\"@type\":\"SearchAction\",\"target\":{\"@type\":\"EntryPoint\",\"urlTemplate\":\"\\\/?s={search_term_string}\"},\"query-input\":{\"@type\":\"PropertyValueSpecification\",\"valueRequired\":true,\"valueName\":\"search_term_string\"}}],\"inLanguage\":\"nl-NL\"},{\"@type\":\"Organization\",\"@id\":\"\\\/#organization\",\"name\":\"Unieke Uitjes\",\"url\":\"\\\/\",\"logo\":{\"@type\":\"ImageObject\",\"inLanguage\":\"nl-NL\",\"@id\":\"\\\/#\\\/schema\\\/logo\\\/image\\\/\",\"url\":\"https:\\\/\\\/uniekeuitjes.nl\\\/wp-content\\\/uploads\\\/2019\\\/02\\\/site-login-logo.png\",\"contentUrl\":\"https:\\\/\\\/uniekeuitjes.nl\\\/wp-content\\\/uploads\\\/2019\\\/02\\\/site-login-logo.png\",\"width\":708,\"height\":345,\"caption\":\"Unieke Uitjes\"},\"image\":{\"@id\":\"\\\/#\\\/schema\\\/logo\\\/image\\\/\"},\"sameAs\":[\"https:\\\/\\\/www.facebook.com\\\/uniekeuitjes.nl\",\"https:\\\/\\\/www.instagram.com\\\/uniekeuitjes.nl\\\/\",\"https:\\\/\\\/www.linkedin.com\\\/company\\\/unieke-uitjes-nl\",\"https:\\\/\\\/www.youtube.com\\\/channel\\\/UCXwRXFWP_R0kxRAeL79FQfw\"]}]}<\/script>\n<!-- \/ Yoast SEO plugin. -->","yoast_head_json":{"title":"Salland-Kamm - Uniekeuitjes.nl","robots":{"index":"index","follow":"follow","max-snippet":"max-snippet:-1","max-image-preview":"max-image-preview:large","max-video-preview":"max-video-preview:-1"},"canonical":"https:\/\/uniekeuitjes.nl\/de\/salland-kamm\/","og_locale":"nl_NL","og_type":"article","og_title":"Salland-Kamm - Uniekeuitjes.nl","og_description":"\u00dcber den Salland-R\u00fccken: Der Sallandse Heuvelrug ist ein Naturschutzgebiet in Overijssel mit einer vielf\u00e4ltigen Flora und Fauna. Es gibt eine gro\u00dfe Vielfalt an Wald, Heide und Mooren mit einigen sch\u00f6nen Aussichtspunkten. Fast alle W\u00e4lder wachsen au\u00dferhalb der Reichweite des Grundwassers und sind daher auf &#8220;h\u00e4ngendes Wasser&#8221; angewiesen. Bei gutem Wetter kann man vom Aussichtspunkt auf [&hellip;]","og_url":"https:\/\/uniekeuitjes.nl\/de\/salland-kamm\/","og_site_name":"Uniekeuitjes.nl","article_publisher":"https:\/\/www.facebook.com\/uniekeuitjes.nl","twitter_card":"summary_large_image","twitter_misc":{"Geschatte leestijd":"2 minuten"},"schema":{"@context":"https:\/\/schema.org","@graph":[{"@type":"WebPage","@id":"https:\/\/uniekeuitjes.nl\/de\/salland-kamm\/","url":"https:\/\/uniekeuitjes.nl\/de\/salland-kamm\/","name":"Salland-Kamm - Uniekeuitjes.nl","isPartOf":{"@id":"\/#website"},"datePublished":"2019-02-18T13:42:46+00:00","breadcrumb":{"@id":"https:\/\/uniekeuitjes.nl\/de\/salland-kamm\/#breadcrumb"},"inLanguage":"nl-NL","potentialAction":[{"@type":"ReadAction","target":["https:\/\/uniekeuitjes.nl\/de\/salland-kamm\/"]}]},{"@type":"BreadcrumbList","@id":"https:\/\/uniekeuitjes.nl\/de\/salland-kamm\/#breadcrumb","itemListElement":[{"@type":"ListItem","position":1,"name":"Home","item":"https:\/\/uniekeuitjes.nl\/de\/"},{"@type":"ListItem","position":2,"name":"Salland-Kamm"}]},{"@type":"WebSite","@id":"\/#website","url":"\/","name":"Uniekeuitjes.nl","description":"Goedkope leuke uitjes zelf samen te stellen","publisher":{"@id":"\/#organization"},"potentialAction":[{"@type":"SearchAction","target":{"@type":"EntryPoint","urlTemplate":"\/?s={search_term_string}"},"query-input":{"@type":"PropertyValueSpecification","valueRequired":true,"valueName":"search_term_string"}}],"inLanguage":"nl-NL"},{"@type":"Organization","@id":"\/#organization","name":"Unieke Uitjes","url":"\/","logo":{"@type":"ImageObject","inLanguage":"nl-NL","@id":"\/#\/schema\/logo\/image\/","url":"https:\/\/uniekeuitjes.nl\/wp-content\/uploads\/2019\/02\/site-login-logo.png","contentUrl":"https:\/\/uniekeuitjes.nl\/wp-content\/uploads\/2019\/02\/site-login-logo.png","width":708,"height":345,"caption":"Unieke Uitjes"},"image":{"@id":"\/#\/schema\/logo\/image\/"},"sameAs":["https:\/\/www.facebook.com\/uniekeuitjes.nl","https:\/\/www.instagram.com\/uniekeuitjes.nl\/","https:\/\/www.linkedin.com\/company\/unieke-uitjes-nl","https:\/\/www.youtube.com\/channel\/UCXwRXFWP_R0kxRAeL79FQfw"]}]}},"_links":{"self":[{"href":"https:\/\/uniekeuitjes.nl\/de\/wp-json\/wp\/v2\/pages\/11826","targetHints":{"allow":["GET"]}}],"collection":[{"href":"https:\/\/uniekeuitjes.nl\/de\/wp-json\/wp\/v2\/pages"}],"about":[{"href":"https:\/\/uniekeuitjes.nl\/de\/wp-json\/wp\/v2\/types\/page"}],"author":[{"embeddable":true,"href":"https:\/\/uniekeuitjes.nl\/de\/wp-json\/wp\/v2\/users\/1"}],"replies":[{"embeddable":true,"href":"https:\/\/uniekeuitjes.nl\/de\/wp-json\/wp\/v2\/comments?post=11826"}],"version-history":[{"count":0,"href":"https:\/\/uniekeuitjes.nl\/de\/wp-json\/wp\/v2\/pages\/11826\/revisions"}],"wp:attachment":[{"href":"https:\/\/uniekeuitjes.nl\/de\/wp-json\/wp\/v2\/media?parent=11826"}],"wp:term":[{"taxonomy":"category","embeddable":true,"href":"https:\/\/uniekeuitjes.nl\/de\/wp-json\/wp\/v2\/categories?post=11826"}],"curies":[{"name":"wp","href":"https:\/\/api.w.org\/{rel}","templated":true}]}}