{"id":11828,"date":"2019-02-18T13:25:00","date_gmt":"2019-02-18T13:25:00","guid":{"rendered":"https:\/\/uniekeuitjes.nl\/ausfluege-mit-uebernachtung\/"},"modified":"2019-02-18T13:25:00","modified_gmt":"2019-02-18T13:25:00","slug":"ausfluege-mit-uebernachtung","status":"publish","type":"page","link":"https:\/\/uniekeuitjes.nl\/de\/ausfluege-mit-uebernachtung\/","title":{"rendered":"Ausfl\u00fcge mit \u00dcbernachtung"},"content":{"rendered":"<p><strong>Ausfl\u00fcge mit \u00dcbernachtung<br \/>\n<\/strong>Machen Sie Ihren Ausflug noch einzigartiger und vollst\u00e4ndiger, indem Sie eine oder mehrere \u00dcbernachtungen hinzuf\u00fcgen! Sie k\u00f6nnen alle Pakete mit einer \u00dcbernachtung kombinieren, zum Beispiel im Hotel de Achterhoek in Laren. Dies ist ein sch\u00f6nes, gepflegtes und unbesetztes Hotel.<\/p>\n<p>Sie m\u00f6chten ein Hotel mit vollem Serviceangebot? Dann empfehlen wir das Hotel Ehzerwold in Almen (lecker und nat\u00fcrlich) oder das stimmungsvolle Hotel &#8217;t Hof van Gelre in Lochem.<\/p>\n<p>&nbsp;<\/p>\n<p><strong>Buchung einer \u00dcbernachtung:<\/strong><br \/>\nIn Zusammenarbeit mit dem \u00f6rtlichen Gastgewerbe k\u00f6nnen wir Ihnen eine Reihe einzigartiger Pakete WITHIN NIGHT anbieten. Sie k\u00f6nnen Ihr Zimmer entweder \u00fcber uns buchen oder Sie buchen das Zimmer direkt beim Hotel und die Aktivit\u00e4ten \u00fcber uns.<\/p>\n<p>&nbsp;<\/p>\n<p>Beispiele f\u00fcr Kombinationen:<\/p>\n<ul>\n<li><strong>Tandempaket mit \u00dcbernachtung<\/strong><\/li>\n<li><strong>Solex-Paket mit \u00dcbernachtung<\/strong><\/li>\n<li><strong>Luxuspaket mit \u00dcbernachtung<\/strong><\/li>\n<\/ul>\n<p>&nbsp;<\/p>\n<p>Die genauen Preise\/Arrangements entnehmen Sie bitte der Registerkarte &#8220;Preise&#8221;.<\/p>\n<h4><strong>Optional:<\/strong><\/h4>\n<p>&#8211; Sechser-Camp oder Bauerngolf in der Pause Ihrer Solex- oder Tandemtour? Fragen Sie nach den M\u00f6glichkeiten.<\/p>\n<p>&nbsp;<\/p>\n<p>&nbsp;<\/p>\n<div>\n<hr>\n<\/div>\n<div>\n<p>&nbsp;<\/p>\n<h3><\/h3>\n<h3><strong>\u00dcber das Hotel <a href=\"https:\/\/www.hoteldeachterhoek.nl\/\">de Achterhoek<\/a>:<br \/>\n<\/strong><\/h3>\n<p>Das Hotel de Achterhoek ist ein Hotel wie kein anderes in dem lebhaften Dorf Laren in Gelderland. Dies ist ein Hotel ohne Personal. Sie buchen Ihr Zimmer \u00fcber <a href=\"https:\/\/uniekeuitjes.nl\/\">UniqueUitjes.nl<\/a> (oder \u00fcber das Hotel selbst), woraufhin Sie einen Zugangscode erhalten. Dieser Code erm\u00f6glicht Ihnen den Zugang zum Hotel, zum Zimmer und dient gleichzeitig als WIFI-Code im Hotel. Der Check-in ist 24 Stunden am Tag, 7 Tage die Woche m\u00f6glich.<\/p>\n<\/div>\n<p>&nbsp;<\/p>\n<p>Das Hotel bietet eine Auswahl an Zimmertypen, die Ihren Bed\u00fcrfnissen entsprechen.<\/p>\n<div>\n<p>Die zentrale Lage des Hotels gew\u00e4hrleistet, dass Sie alles in Reichweite haben.<\/p>\n<\/div>\n<p>&nbsp;<\/p>\n<p>&nbsp;<\/p>\n<h3><strong>\u00dcber das Hotel <a href=\"https:\/\/www.hofvangelre.nl\/\">Hof van Gelre<\/a>:<\/strong><\/h3>\n<p>Hof van Gelre ist ein Hotel in Lochem. Auch dieses stimmungsvolle Hotel bietet Ihnen einen entspannenden Aufenthalt. Sie k\u00f6nnen zum Beispiel nach einem Tag in der Achterhoek in das Hallenbad eintauchen oder sich in dem kulinarischen Restaurant verw\u00f6hnen lassen. Der Hof van Gelre hat nicht weniger als 4 Sterne und bietet Ihnen somit einen angenehmen Aufenthalt.<\/p>\n<p>&nbsp;<\/p>\n<p>&nbsp;<\/p>\n<h3><strong>\u00dcber die Jugendherberge <a href=\"https:\/\/www.stayokay.com\/nl\/hostel\/gorssel?gclid=EAIaIQobChMIsM6kzqXT5wIVEeR3Ch1kyAKrEAAYASAAEgIrWfD_BwE\">StayOkay<\/a>:<\/strong><\/h3>\n<p>Die Jugendherbergen von StayOkay sind \u00fcber die ganzen Niederlande verteilt (22 Standorte). Nach einem Tag voller Aktivit\u00e4ten k\u00f6nnen Sie sich in der n\u00e4chstgelegenen Filiale in Gorssel ausruhen. Die Jugendherberge liegt mitten in der Natur, wo man sich entspannen kann. Das ehemalige norwegische Jagdhaus wurde renoviert, aber nat\u00fcrlich im gleichen Stil belassen, so dass die Herberge ein wirklich einzigartiges Erlebnis bietet.<\/p>\n<p>&nbsp;<\/p>\n<p>&nbsp;<\/p>\n<h3><strong>\u00dcber das Anwesen <a href=\"https:\/\/www.woodbrookebarchem.nl\/?gclid=EAIaIQobChMI14-qw6XT5wIVFs93Ch1LxgnfEAAYASAAEgJxMvD_BwE\">Woodbrooke<\/a>:<\/strong><\/h3>\n<p>Dieses sch\u00f6ne Gutshotel liegt in der wundersch\u00f6nen Landschaft von Barchem. Dieses Hotel bietet ein Meer von Ruhe und Frieden. Au\u00dferdem verf\u00fcgt das Hotel \u00fcber einen fantastischen Speisesaal mit k\u00f6stlichem Essen. Das Hotel verf\u00fcgt au\u00dferdem \u00fcber einen Innenpool und 46 Zimmer. Die wundersch\u00f6ne Umgebung von Barchem l\u00e4sst sich hervorragend mit den verschiedenen von Unique Excursions angebotenen Transportmitteln erkunden.<\/p>\n<p>&nbsp;<\/p>\n<p>&nbsp;<\/p>\n<h3><strong>\u00dcber das Hotel <a href=\"https:\/\/www.hotelbonaparte.nl\/\">Bon Aparte<\/a>:<\/strong><\/h3>\n<p>Dieses herrliche Hotel bietet viele M\u00f6glichkeiten. Das Hotel verf\u00fcgt \u00fcber ein Spa, einen kleinen Fitnessraum und ein Restaurant. Auch die sch\u00f6nen Zimmer werden Sie begeistern. Das Hotel ist also mit verschiedenen Einrichtungen ausgestattet, die es Ihnen erm\u00f6glichen, sich nach einem Ausflug von Unique Outings in vollen Z\u00fcgen zu am\u00fcsieren.<\/p>\n<p>&nbsp;<\/p>\n<p>&nbsp;<\/p>\n<h3>\u00dcber das <a href=\"https:\/\/www.ehzerwold.nl\/package\/reguliere-kamer\/\">Hotelgut Ehzerworld<\/a>:<\/h3>\n<p>Dieses beeindruckende Hotel bietet f\u00fcr jeden etwas. Landgoed Ehzerwold verf\u00fcgt beispielsweise \u00fcber ein Familienzimmer und ein behindertengerechtes Zimmer, damit alle einen angenehmen Aufenthalt haben. Das Hotel verf\u00fcgt auch \u00fcber ein Restaurant und verschiedene Pauschalangebote, darunter ein High Tea. Au\u00dferdem befindet sich dieses Hotel in der sch\u00f6nen Umgebung von Almen. Auch hier k\u00f6nnen Sie sich nach einem Ausflug von Unique Outings entspannen.<\/p>\n<p>&nbsp;<\/p>\n<p>&nbsp;<\/p>\n<h3>\u00dcber Huize <a href=\"http:\/\/tramzichtlaren.nl\/\">tramzicht<\/a> Laren<\/h3>\n<p>Das sch\u00f6ne Haus am Rande des Dorfes Laren ist eine sehr geeignete Gruppenunterkunft f\u00fcr gro\u00dfe Gruppen von bis zu 20 Personen. Dieses beeindruckende Haus verf\u00fcgt \u00fcber mehrere Einrichtungen, darunter ein Whirlpool. Das Haus verf\u00fcgt auch \u00fcber einen gro\u00dfen Garten, in dem gro\u00dfe Gruppen viel Platz haben, um im Garten zu sitzen. Dieses Haus bietet einen atemberaubenden Blick auf die umliegenden Wiesen und die Natur.<\/p>\n","protected":false},"excerpt":{"rendered":"<p>Ausfl\u00fcge mit \u00dcbernachtung Machen Sie Ihren Ausflug noch einzigartiger und vollst\u00e4ndiger, indem Sie eine oder mehrere \u00dcbernachtungen hinzuf\u00fcgen! Sie k\u00f6nnen alle Pakete mit einer \u00dcbernachtung kombinieren, zum Beispiel im Hotel de Achterhoek in Laren. Dies ist ein sch\u00f6nes, gepflegtes und unbesetztes Hotel. Sie m\u00f6chten ein Hotel mit vollem Serviceangebot? Dann empfehlen wir das Hotel Ehzerwold [&hellip;]<\/p>\n","protected":false},"author":1,"featured_media":0,"parent":0,"menu_order":0,"comment_status":"closed","ping_status":"closed","template":"","meta":{"_acf_changed":false,"_monsterinsights_skip_tracking":false,"_monsterinsights_sitenote_active":false,"_monsterinsights_sitenote_note":"","_monsterinsights_sitenote_category":0,"footnotes":""},"categories":[73],"class_list":["post-11828","page","type-page","status-publish","hentry","category-zielseite"],"acf":[],"yoast_head":"<!-- This site is optimized with the Yoast SEO plugin v27.5 - https:\/\/yoast.com\/product\/yoast-seo-wordpress\/ -->\n<title>Ausfl\u00fcge mit \u00dcbernachtung - \u00dcbernachtungen<\/title>\n<meta name=\"description\" content=\"M\u00f6chten Sie mehr als nur einen fantastischen Ausflug von UniqueOuts? Unique Outings bietet auch \u00dcbernachtungsm\u00f6glichkeiten nach einem Ausflug an, um einen unvergesslichen Tag zu erleben.\" \/>\n<meta name=\"robots\" content=\"index, follow, max-snippet:-1, max-image-preview:large, max-video-preview:-1\" \/>\n<link rel=\"canonical\" href=\"https:\/\/uniekeuitjes.nl\/de\/ausfluege-mit-uebernachtung\/\" \/>\n<meta property=\"og:locale\" content=\"nl_NL\" \/>\n<meta property=\"og:type\" content=\"article\" \/>\n<meta property=\"og:title\" content=\"Ausfl\u00fcge mit \u00dcbernachtung - \u00dcbernachtungen\" \/>\n<meta property=\"og:description\" content=\"M\u00f6chten Sie mehr als nur einen fantastischen Ausflug von UniqueOuts? Unique Outings bietet auch \u00dcbernachtungsm\u00f6glichkeiten nach einem Ausflug an, um einen unvergesslichen Tag zu erleben.\" \/>\n<meta property=\"og:url\" content=\"https:\/\/uniekeuitjes.nl\/de\/ausfluege-mit-uebernachtung\/\" \/>\n<meta property=\"og:site_name\" content=\"Uniekeuitjes.nl\" \/>\n<meta property=\"article:publisher\" content=\"https:\/\/www.facebook.com\/uniekeuitjes.nl\" \/>\n<meta name=\"twitter:card\" content=\"summary_large_image\" \/>\n<meta name=\"twitter:label1\" content=\"Geschatte leestijd\" \/>\n\t<meta name=\"twitter:data1\" content=\"3 minuten\" \/>\n<script type=\"application\/ld+json\" class=\"yoast-schema-graph\">{\"@context\":\"https:\\\/\\\/schema.org\",\"@graph\":[{\"@type\":\"WebPage\",\"@id\":\"https:\\\/\\\/uniekeuitjes.nl\\\/de\\\/ausfluege-mit-uebernachtung\\\/\",\"url\":\"https:\\\/\\\/uniekeuitjes.nl\\\/de\\\/ausfluege-mit-uebernachtung\\\/\",\"name\":\"Ausfl\u00fcge mit \u00dcbernachtung - \u00dcbernachtungen\",\"isPartOf\":{\"@id\":\"\\\/#website\"},\"datePublished\":\"2019-02-18T13:25:00+00:00\",\"description\":\"M\u00f6chten Sie mehr als nur einen fantastischen Ausflug von UniqueOuts? Unique Outings bietet auch \u00dcbernachtungsm\u00f6glichkeiten nach einem Ausflug an, um einen unvergesslichen Tag zu erleben.\",\"breadcrumb\":{\"@id\":\"https:\\\/\\\/uniekeuitjes.nl\\\/de\\\/ausfluege-mit-uebernachtung\\\/#breadcrumb\"},\"inLanguage\":\"nl-NL\",\"potentialAction\":[{\"@type\":\"ReadAction\",\"target\":[\"https:\\\/\\\/uniekeuitjes.nl\\\/de\\\/ausfluege-mit-uebernachtung\\\/\"]}]},{\"@type\":\"BreadcrumbList\",\"@id\":\"https:\\\/\\\/uniekeuitjes.nl\\\/de\\\/ausfluege-mit-uebernachtung\\\/#breadcrumb\",\"itemListElement\":[{\"@type\":\"ListItem\",\"position\":1,\"name\":\"Home\",\"item\":\"https:\\\/\\\/uniekeuitjes.nl\\\/de\\\/\"},{\"@type\":\"ListItem\",\"position\":2,\"name\":\"Ausfl\u00fcge mit \u00dcbernachtung\"}]},{\"@type\":\"WebSite\",\"@id\":\"\\\/#website\",\"url\":\"\\\/\",\"name\":\"Uniekeuitjes.nl\",\"description\":\"Goedkope leuke uitjes zelf samen te stellen\",\"publisher\":{\"@id\":\"\\\/#organization\"},\"potentialAction\":[{\"@type\":\"SearchAction\",\"target\":{\"@type\":\"EntryPoint\",\"urlTemplate\":\"\\\/?s={search_term_string}\"},\"query-input\":{\"@type\":\"PropertyValueSpecification\",\"valueRequired\":true,\"valueName\":\"search_term_string\"}}],\"inLanguage\":\"nl-NL\"},{\"@type\":\"Organization\",\"@id\":\"\\\/#organization\",\"name\":\"Unieke Uitjes\",\"url\":\"\\\/\",\"logo\":{\"@type\":\"ImageObject\",\"inLanguage\":\"nl-NL\",\"@id\":\"\\\/#\\\/schema\\\/logo\\\/image\\\/\",\"url\":\"https:\\\/\\\/uniekeuitjes.nl\\\/wp-content\\\/uploads\\\/2019\\\/02\\\/site-login-logo.png\",\"contentUrl\":\"https:\\\/\\\/uniekeuitjes.nl\\\/wp-content\\\/uploads\\\/2019\\\/02\\\/site-login-logo.png\",\"width\":708,\"height\":345,\"caption\":\"Unieke Uitjes\"},\"image\":{\"@id\":\"\\\/#\\\/schema\\\/logo\\\/image\\\/\"},\"sameAs\":[\"https:\\\/\\\/www.facebook.com\\\/uniekeuitjes.nl\",\"https:\\\/\\\/www.instagram.com\\\/uniekeuitjes.nl\\\/\",\"https:\\\/\\\/www.linkedin.com\\\/company\\\/unieke-uitjes-nl\",\"https:\\\/\\\/www.youtube.com\\\/channel\\\/UCXwRXFWP_R0kxRAeL79FQfw\"]}]}<\/script>\n<!-- \/ Yoast SEO plugin. -->","yoast_head_json":{"title":"Ausfl\u00fcge mit \u00dcbernachtung - \u00dcbernachtungen","description":"M\u00f6chten Sie mehr als nur einen fantastischen Ausflug von UniqueOuts? Unique Outings bietet auch \u00dcbernachtungsm\u00f6glichkeiten nach einem Ausflug an, um einen unvergesslichen Tag zu erleben.","robots":{"index":"index","follow":"follow","max-snippet":"max-snippet:-1","max-image-preview":"max-image-preview:large","max-video-preview":"max-video-preview:-1"},"canonical":"https:\/\/uniekeuitjes.nl\/de\/ausfluege-mit-uebernachtung\/","og_locale":"nl_NL","og_type":"article","og_title":"Ausfl\u00fcge mit \u00dcbernachtung - \u00dcbernachtungen","og_description":"M\u00f6chten Sie mehr als nur einen fantastischen Ausflug von UniqueOuts? Unique Outings bietet auch \u00dcbernachtungsm\u00f6glichkeiten nach einem Ausflug an, um einen unvergesslichen Tag zu erleben.","og_url":"https:\/\/uniekeuitjes.nl\/de\/ausfluege-mit-uebernachtung\/","og_site_name":"Uniekeuitjes.nl","article_publisher":"https:\/\/www.facebook.com\/uniekeuitjes.nl","twitter_card":"summary_large_image","twitter_misc":{"Geschatte leestijd":"3 minuten"},"schema":{"@context":"https:\/\/schema.org","@graph":[{"@type":"WebPage","@id":"https:\/\/uniekeuitjes.nl\/de\/ausfluege-mit-uebernachtung\/","url":"https:\/\/uniekeuitjes.nl\/de\/ausfluege-mit-uebernachtung\/","name":"Ausfl\u00fcge mit \u00dcbernachtung - \u00dcbernachtungen","isPartOf":{"@id":"\/#website"},"datePublished":"2019-02-18T13:25:00+00:00","description":"M\u00f6chten Sie mehr als nur einen fantastischen Ausflug von UniqueOuts? Unique Outings bietet auch \u00dcbernachtungsm\u00f6glichkeiten nach einem Ausflug an, um einen unvergesslichen Tag zu erleben.","breadcrumb":{"@id":"https:\/\/uniekeuitjes.nl\/de\/ausfluege-mit-uebernachtung\/#breadcrumb"},"inLanguage":"nl-NL","potentialAction":[{"@type":"ReadAction","target":["https:\/\/uniekeuitjes.nl\/de\/ausfluege-mit-uebernachtung\/"]}]},{"@type":"BreadcrumbList","@id":"https:\/\/uniekeuitjes.nl\/de\/ausfluege-mit-uebernachtung\/#breadcrumb","itemListElement":[{"@type":"ListItem","position":1,"name":"Home","item":"https:\/\/uniekeuitjes.nl\/de\/"},{"@type":"ListItem","position":2,"name":"Ausfl\u00fcge mit \u00dcbernachtung"}]},{"@type":"WebSite","@id":"\/#website","url":"\/","name":"Uniekeuitjes.nl","description":"Goedkope leuke uitjes zelf samen te stellen","publisher":{"@id":"\/#organization"},"potentialAction":[{"@type":"SearchAction","target":{"@type":"EntryPoint","urlTemplate":"\/?s={search_term_string}"},"query-input":{"@type":"PropertyValueSpecification","valueRequired":true,"valueName":"search_term_string"}}],"inLanguage":"nl-NL"},{"@type":"Organization","@id":"\/#organization","name":"Unieke Uitjes","url":"\/","logo":{"@type":"ImageObject","inLanguage":"nl-NL","@id":"\/#\/schema\/logo\/image\/","url":"https:\/\/uniekeuitjes.nl\/wp-content\/uploads\/2019\/02\/site-login-logo.png","contentUrl":"https:\/\/uniekeuitjes.nl\/wp-content\/uploads\/2019\/02\/site-login-logo.png","width":708,"height":345,"caption":"Unieke Uitjes"},"image":{"@id":"\/#\/schema\/logo\/image\/"},"sameAs":["https:\/\/www.facebook.com\/uniekeuitjes.nl","https:\/\/www.instagram.com\/uniekeuitjes.nl\/","https:\/\/www.linkedin.com\/company\/unieke-uitjes-nl","https:\/\/www.youtube.com\/channel\/UCXwRXFWP_R0kxRAeL79FQfw"]}]}},"_links":{"self":[{"href":"https:\/\/uniekeuitjes.nl\/de\/wp-json\/wp\/v2\/pages\/11828","targetHints":{"allow":["GET"]}}],"collection":[{"href":"https:\/\/uniekeuitjes.nl\/de\/wp-json\/wp\/v2\/pages"}],"about":[{"href":"https:\/\/uniekeuitjes.nl\/de\/wp-json\/wp\/v2\/types\/page"}],"author":[{"embeddable":true,"href":"https:\/\/uniekeuitjes.nl\/de\/wp-json\/wp\/v2\/users\/1"}],"replies":[{"embeddable":true,"href":"https:\/\/uniekeuitjes.nl\/de\/wp-json\/wp\/v2\/comments?post=11828"}],"version-history":[{"count":0,"href":"https:\/\/uniekeuitjes.nl\/de\/wp-json\/wp\/v2\/pages\/11828\/revisions"}],"wp:attachment":[{"href":"https:\/\/uniekeuitjes.nl\/de\/wp-json\/wp\/v2\/media?parent=11828"}],"wp:term":[{"taxonomy":"category","embeddable":true,"href":"https:\/\/uniekeuitjes.nl\/de\/wp-json\/wp\/v2\/categories?post=11828"}],"curies":[{"name":"wp","href":"https:\/\/api.w.org\/{rel}","templated":true}]}}