{"id":11829,"date":"2019-02-18T13:18:57","date_gmt":"2019-02-18T13:18:57","guid":{"rendered":"https:\/\/uniekeuitjes.nl\/stellen-sie-ihre-eigenen-ausfluege-zusammen\/"},"modified":"2019-02-18T13:18:57","modified_gmt":"2019-02-18T13:18:57","slug":"stellen-sie-ihre-eigenen-ausfluege-zusammen","status":"publish","type":"page","link":"https:\/\/uniekeuitjes.nl\/de\/stellen-sie-ihre-eigenen-ausfluege-zusammen\/","title":{"rendered":"Stellen Sie Ihre eigenen Ausfl\u00fcge zusammen"},"content":{"rendered":"<h3><strong>Schreiben Sie Ihre eigenen Zwiebeln:<\/strong><\/h3>\n<p>Gestalten Sie Ihren eigenen Ausflug mit uns? So k\u00f6nnen Sie Ihren Startort, den Beginn und die Dauer Ihres Ausflugs und die Aktivit\u00e4ten, die Sie kombinieren m\u00f6chten, selbst bestimmen. Zu guter Letzt: Welche Art von Getr\u00e4nken und Snacks sch\u00e4tzen Sie? Bei den Getr\u00e4nke- und Essenspaketen k\u00f6nnen Sie w\u00e4hlen, ob Sie die Getr\u00e4nke abkaufen m\u00f6chten (schon ab 20 Euro f\u00fcr 4 Stunden unbegrenzte Getr\u00e4nke) oder ob Sie z. B. mit einem Wertmarkensystem arbeiten m\u00f6chten. Nat\u00fcrlich helfen wir Ihnen gerne dabei, die richtige Wahl zu treffen, die zu Ihrem Budget passt.<\/p>\n<p>&nbsp;<\/p>\n<p><strong>Tipps f\u00fcr die Zusammenstellung Ihres eigenen Urlaubs:<\/strong><\/p>\n<p>&#8211; Legen Sie im Voraus ein Budget pro Person fest,<br \/>\n&#8211; \u00dcberlegen Sie, von wann bis wann das Arrangement dauern soll<br \/>\n&#8211; Verweilen am Veranstaltungsort: gutes Ambiente? Leicht zug\u00e4nglich?<br \/>\n&#8211; K\u00f6nnen alle an den Aktivit\u00e4ten teilnehmen (sind Menschen mit Behinderungen darunter)?<br \/>\n&#8211; Wie viele Aktivit\u00e4ten w\u00fcnschen Sie sich an einem Tag?<br \/>\n&#8211; Sind die Aktivit\u00e4ten abwechslungsreich genug?<br \/>\n&#8211; M\u00f6chten Sie w\u00e4hrend des Abendessens Getr\u00e4nke ausgeben? Oder wollen Sie (zum Beispiel) mit M\u00fcnzen arbeiten?<br \/>\n&#8211; Was w\u00fcnschen Sie sich in Bezug auf Lebensmittel?<\/p>\n<h4><strong><br \/>\nEssensvorschl\u00e4ge zur Auswahl (f\u00fcr jeden Gastronomiebetrieb unterschiedlich):<\/strong><\/h4>\n<p>&#8211; Mittagessen in Form eines sch\u00f6n gedeckten Tisches mit belegten Br\u00f6tchen.<br \/>\n&#8211; Picknick<br \/>\n&#8211; Hoch-Tee<br \/>\n&#8211; Grillen (von einem Standard-BBQ bis zu einem sehr aufwendigen)<br \/>\n&#8211; Imbisse<br \/>\n&#8211; Buffets (von einfach bis sehr luxuri\u00f6s und vom Eintopf-Buffet bis zu exotischen Buffets)<br \/>\n&#8211; Tapas<br \/>\n&#8211; Vorbestelltes 3-G\u00e4nge-Men\u00fc.<br \/>\n&#8211; Pizza zum Teilen von Pizzen aus einem authentischen Holzbackofen.<\/p>\n<p>&nbsp;<\/p>\n<h4><strong>Einige Beispiele f\u00fcr Kombinationen:<\/strong><\/h4>\n<p>&#8211; E-Chopper-Fahrt, Kajakfahren und anschlie\u00dfendes BBQ<br \/>\n&#8211; Tuk-Tuk-Tour, Indoor-Hexathlon, Tandemfahrt und ein Buffet,<br \/>\n&#8211; Tandem-Tour, Laser-Gaming und Snack-Buffet<br \/>\n&#8211; E-Chopper-Fahrt, Laser-Gaming und ein BBQ<br \/>\n&#8211; Tuk Tuk Tour, Laser-Tontaubenschie\u00dfen, Tandemtour, Buffet<br \/>\n&#8211; Solex-Tour, Bogenschie\u00dfen, BBQ<\/p>\n<p>Die M\u00f6glichkeiten sind endlos, und wenn Sie besondere W\u00fcnsche haben: Sagen Sie es uns, wir werden sehen, ob wir es f\u00fcr Sie arrangieren k\u00f6nnen.<\/p>\n<p>Grunds\u00e4tzlich k\u00f6nnen alle Aktivit\u00e4ten miteinander kombiniert werden; wir schauen gerne mit Ihnen zusammen, welche Aktivit\u00e4ten f\u00fcr Ihre Gruppe geeignet sind. Sie k\u00f6nnen eine E-Mail an info@uniekeuitjes.nl schicken oder 0573-740004 anrufen.<\/p>\n<p>&nbsp;<\/p>\n<p><a href=\"https:\/\/uniekeuitjes.nl\/\"><img loading=\"lazy\" decoding=\"async\" class=\" wp-image-377\" src=\"http:\/\/uniekeuitjes.nl\/wp-content\/uploads\/2019\/02\/site-login-logo.png\" alt=\"Logo von Unique Outings\" width=\"246\" height=\"120\" srcset=\"https:\/\/uniekeuitjes.nl\/wp-content\/uploads\/2019\/02\/site-login-logo.png 708w, https:\/\/uniekeuitjes.nl\/wp-content\/uploads\/2019\/02\/site-login-logo-300x146.png 300w, https:\/\/uniekeuitjes.nl\/wp-content\/uploads\/2019\/02\/site-login-logo-600x292.png 600w\" sizes=\"auto, (max-width: 246px) 100vw, 246px\" \/><\/a><\/p>\n","protected":false},"excerpt":{"rendered":"<p>Schreiben Sie Ihre eigenen Zwiebeln: Gestalten Sie Ihren eigenen Ausflug mit uns? So k\u00f6nnen Sie Ihren Startort, den Beginn und die Dauer Ihres Ausflugs und die Aktivit\u00e4ten, die Sie kombinieren m\u00f6chten, selbst bestimmen. Zu guter Letzt: Welche Art von Getr\u00e4nken und Snacks sch\u00e4tzen Sie? Bei den Getr\u00e4nke- und Essenspaketen k\u00f6nnen Sie w\u00e4hlen, ob Sie die [&hellip;]<\/p>\n","protected":false},"author":1,"featured_media":0,"parent":0,"menu_order":0,"comment_status":"closed","ping_status":"closed","template":"","meta":{"_acf_changed":false,"_monsterinsights_skip_tracking":false,"_monsterinsights_sitenote_active":false,"_monsterinsights_sitenote_note":"","_monsterinsights_sitenote_category":0,"footnotes":""},"categories":[73],"class_list":["post-11829","page","type-page","status-publish","hentry","category-zielseite"],"acf":[],"yoast_head":"<!-- This site is optimized with the Yoast SEO plugin v27.4 - https:\/\/yoast.com\/product\/yoast-seo-wordpress\/ -->\n<title>Stellen Sie Ihre eigenen Ausfl\u00fcge zusammen - Uniekeuitjes.nl<\/title>\n<meta name=\"description\" content=\"M\u00f6chten Sie Ihren eigenen Ausflug organisieren? Das ist bei Unique Outings m\u00f6glich, mit einer Auswahl von \u00fcber 40 Aktivit\u00e4ten! Klicken Sie hier f\u00fcr Informationen\" \/>\n<meta name=\"robots\" content=\"index, follow, max-snippet:-1, max-image-preview:large, max-video-preview:-1\" \/>\n<link rel=\"canonical\" href=\"https:\/\/uniekeuitjes.nl\/de\/stellen-sie-ihre-eigenen-ausfluege-zusammen\/\" \/>\n<meta property=\"og:locale\" content=\"nl_NL\" \/>\n<meta property=\"og:type\" content=\"article\" \/>\n<meta property=\"og:title\" content=\"Stellen Sie Ihre eigenen Ausfl\u00fcge zusammen - Uniekeuitjes.nl\" \/>\n<meta property=\"og:description\" content=\"M\u00f6chten Sie Ihren eigenen Ausflug organisieren? Das ist bei Unique Outings m\u00f6glich, mit einer Auswahl von \u00fcber 40 Aktivit\u00e4ten! Klicken Sie hier f\u00fcr Informationen\" \/>\n<meta property=\"og:url\" content=\"https:\/\/uniekeuitjes.nl\/de\/stellen-sie-ihre-eigenen-ausfluege-zusammen\/\" \/>\n<meta property=\"og:site_name\" content=\"Uniekeuitjes.nl\" \/>\n<meta property=\"article:publisher\" content=\"https:\/\/www.facebook.com\/uniekeuitjes.nl\" \/>\n<meta property=\"og:image\" content=\"http:\/\/uniekeuitjes.nl\/wp-content\/uploads\/2019\/02\/site-login-logo.png\" \/>\n<meta name=\"twitter:card\" content=\"summary_large_image\" \/>\n<meta name=\"twitter:label1\" content=\"Geschatte leestijd\" \/>\n\t<meta name=\"twitter:data1\" content=\"2 minuten\" \/>\n<script type=\"application\/ld+json\" class=\"yoast-schema-graph\">{\"@context\":\"https:\\\/\\\/schema.org\",\"@graph\":[{\"@type\":\"WebPage\",\"@id\":\"https:\\\/\\\/uniekeuitjes.nl\\\/de\\\/stellen-sie-ihre-eigenen-ausfluege-zusammen\\\/\",\"url\":\"https:\\\/\\\/uniekeuitjes.nl\\\/de\\\/stellen-sie-ihre-eigenen-ausfluege-zusammen\\\/\",\"name\":\"Stellen Sie Ihre eigenen Ausfl\u00fcge zusammen - Uniekeuitjes.nl\",\"isPartOf\":{\"@id\":\"\\\/#website\"},\"primaryImageOfPage\":{\"@id\":\"https:\\\/\\\/uniekeuitjes.nl\\\/de\\\/stellen-sie-ihre-eigenen-ausfluege-zusammen\\\/#primaryimage\"},\"image\":{\"@id\":\"https:\\\/\\\/uniekeuitjes.nl\\\/de\\\/stellen-sie-ihre-eigenen-ausfluege-zusammen\\\/#primaryimage\"},\"thumbnailUrl\":\"http:\\\/\\\/uniekeuitjes.nl\\\/wp-content\\\/uploads\\\/2019\\\/02\\\/site-login-logo.png\",\"datePublished\":\"2019-02-18T13:18:57+00:00\",\"description\":\"M\u00f6chten Sie Ihren eigenen Ausflug organisieren? Das ist bei Unique Outings m\u00f6glich, mit einer Auswahl von \u00fcber 40 Aktivit\u00e4ten! Klicken Sie hier f\u00fcr Informationen\",\"breadcrumb\":{\"@id\":\"https:\\\/\\\/uniekeuitjes.nl\\\/de\\\/stellen-sie-ihre-eigenen-ausfluege-zusammen\\\/#breadcrumb\"},\"inLanguage\":\"nl-NL\",\"potentialAction\":[{\"@type\":\"ReadAction\",\"target\":[\"https:\\\/\\\/uniekeuitjes.nl\\\/de\\\/stellen-sie-ihre-eigenen-ausfluege-zusammen\\\/\"]}]},{\"@type\":\"ImageObject\",\"inLanguage\":\"nl-NL\",\"@id\":\"https:\\\/\\\/uniekeuitjes.nl\\\/de\\\/stellen-sie-ihre-eigenen-ausfluege-zusammen\\\/#primaryimage\",\"url\":\"http:\\\/\\\/uniekeuitjes.nl\\\/wp-content\\\/uploads\\\/2019\\\/02\\\/site-login-logo.png\",\"contentUrl\":\"http:\\\/\\\/uniekeuitjes.nl\\\/wp-content\\\/uploads\\\/2019\\\/02\\\/site-login-logo.png\"},{\"@type\":\"BreadcrumbList\",\"@id\":\"https:\\\/\\\/uniekeuitjes.nl\\\/de\\\/stellen-sie-ihre-eigenen-ausfluege-zusammen\\\/#breadcrumb\",\"itemListElement\":[{\"@type\":\"ListItem\",\"position\":1,\"name\":\"Home\",\"item\":\"https:\\\/\\\/uniekeuitjes.nl\\\/de\\\/\"},{\"@type\":\"ListItem\",\"position\":2,\"name\":\"Stellen Sie Ihre eigenen Ausfl\u00fcge zusammen\"}]},{\"@type\":\"WebSite\",\"@id\":\"\\\/#website\",\"url\":\"\\\/\",\"name\":\"Uniekeuitjes.nl\",\"description\":\"Goedkope leuke uitjes zelf samen te stellen\",\"publisher\":{\"@id\":\"\\\/#organization\"},\"potentialAction\":[{\"@type\":\"SearchAction\",\"target\":{\"@type\":\"EntryPoint\",\"urlTemplate\":\"\\\/?s={search_term_string}\"},\"query-input\":{\"@type\":\"PropertyValueSpecification\",\"valueRequired\":true,\"valueName\":\"search_term_string\"}}],\"inLanguage\":\"nl-NL\"},{\"@type\":\"Organization\",\"@id\":\"\\\/#organization\",\"name\":\"Unieke Uitjes\",\"url\":\"\\\/\",\"logo\":{\"@type\":\"ImageObject\",\"inLanguage\":\"nl-NL\",\"@id\":\"\\\/#\\\/schema\\\/logo\\\/image\\\/\",\"url\":\"https:\\\/\\\/uniekeuitjes.nl\\\/wp-content\\\/uploads\\\/2019\\\/02\\\/site-login-logo.png\",\"contentUrl\":\"https:\\\/\\\/uniekeuitjes.nl\\\/wp-content\\\/uploads\\\/2019\\\/02\\\/site-login-logo.png\",\"width\":708,\"height\":345,\"caption\":\"Unieke Uitjes\"},\"image\":{\"@id\":\"\\\/#\\\/schema\\\/logo\\\/image\\\/\"},\"sameAs\":[\"https:\\\/\\\/www.facebook.com\\\/uniekeuitjes.nl\",\"https:\\\/\\\/www.instagram.com\\\/uniekeuitjes.nl\\\/\",\"https:\\\/\\\/www.linkedin.com\\\/company\\\/unieke-uitjes-nl\",\"https:\\\/\\\/www.youtube.com\\\/channel\\\/UCXwRXFWP_R0kxRAeL79FQfw\"]}]}<\/script>\n<!-- \/ Yoast SEO plugin. -->","yoast_head_json":{"title":"Stellen Sie Ihre eigenen Ausfl\u00fcge zusammen - Uniekeuitjes.nl","description":"M\u00f6chten Sie Ihren eigenen Ausflug organisieren? Das ist bei Unique Outings m\u00f6glich, mit einer Auswahl von \u00fcber 40 Aktivit\u00e4ten! Klicken Sie hier f\u00fcr Informationen","robots":{"index":"index","follow":"follow","max-snippet":"max-snippet:-1","max-image-preview":"max-image-preview:large","max-video-preview":"max-video-preview:-1"},"canonical":"https:\/\/uniekeuitjes.nl\/de\/stellen-sie-ihre-eigenen-ausfluege-zusammen\/","og_locale":"nl_NL","og_type":"article","og_title":"Stellen Sie Ihre eigenen Ausfl\u00fcge zusammen - Uniekeuitjes.nl","og_description":"M\u00f6chten Sie Ihren eigenen Ausflug organisieren? Das ist bei Unique Outings m\u00f6glich, mit einer Auswahl von \u00fcber 40 Aktivit\u00e4ten! Klicken Sie hier f\u00fcr Informationen","og_url":"https:\/\/uniekeuitjes.nl\/de\/stellen-sie-ihre-eigenen-ausfluege-zusammen\/","og_site_name":"Uniekeuitjes.nl","article_publisher":"https:\/\/www.facebook.com\/uniekeuitjes.nl","og_image":[{"url":"http:\/\/uniekeuitjes.nl\/wp-content\/uploads\/2019\/02\/site-login-logo.png","type":"","width":"","height":""}],"twitter_card":"summary_large_image","twitter_misc":{"Geschatte leestijd":"2 minuten"},"schema":{"@context":"https:\/\/schema.org","@graph":[{"@type":"WebPage","@id":"https:\/\/uniekeuitjes.nl\/de\/stellen-sie-ihre-eigenen-ausfluege-zusammen\/","url":"https:\/\/uniekeuitjes.nl\/de\/stellen-sie-ihre-eigenen-ausfluege-zusammen\/","name":"Stellen Sie Ihre eigenen Ausfl\u00fcge zusammen - Uniekeuitjes.nl","isPartOf":{"@id":"\/#website"},"primaryImageOfPage":{"@id":"https:\/\/uniekeuitjes.nl\/de\/stellen-sie-ihre-eigenen-ausfluege-zusammen\/#primaryimage"},"image":{"@id":"https:\/\/uniekeuitjes.nl\/de\/stellen-sie-ihre-eigenen-ausfluege-zusammen\/#primaryimage"},"thumbnailUrl":"http:\/\/uniekeuitjes.nl\/wp-content\/uploads\/2019\/02\/site-login-logo.png","datePublished":"2019-02-18T13:18:57+00:00","description":"M\u00f6chten Sie Ihren eigenen Ausflug organisieren? Das ist bei Unique Outings m\u00f6glich, mit einer Auswahl von \u00fcber 40 Aktivit\u00e4ten! Klicken Sie hier f\u00fcr Informationen","breadcrumb":{"@id":"https:\/\/uniekeuitjes.nl\/de\/stellen-sie-ihre-eigenen-ausfluege-zusammen\/#breadcrumb"},"inLanguage":"nl-NL","potentialAction":[{"@type":"ReadAction","target":["https:\/\/uniekeuitjes.nl\/de\/stellen-sie-ihre-eigenen-ausfluege-zusammen\/"]}]},{"@type":"ImageObject","inLanguage":"nl-NL","@id":"https:\/\/uniekeuitjes.nl\/de\/stellen-sie-ihre-eigenen-ausfluege-zusammen\/#primaryimage","url":"http:\/\/uniekeuitjes.nl\/wp-content\/uploads\/2019\/02\/site-login-logo.png","contentUrl":"http:\/\/uniekeuitjes.nl\/wp-content\/uploads\/2019\/02\/site-login-logo.png"},{"@type":"BreadcrumbList","@id":"https:\/\/uniekeuitjes.nl\/de\/stellen-sie-ihre-eigenen-ausfluege-zusammen\/#breadcrumb","itemListElement":[{"@type":"ListItem","position":1,"name":"Home","item":"https:\/\/uniekeuitjes.nl\/de\/"},{"@type":"ListItem","position":2,"name":"Stellen Sie Ihre eigenen Ausfl\u00fcge zusammen"}]},{"@type":"WebSite","@id":"\/#website","url":"\/","name":"Uniekeuitjes.nl","description":"Goedkope leuke uitjes zelf samen te stellen","publisher":{"@id":"\/#organization"},"potentialAction":[{"@type":"SearchAction","target":{"@type":"EntryPoint","urlTemplate":"\/?s={search_term_string}"},"query-input":{"@type":"PropertyValueSpecification","valueRequired":true,"valueName":"search_term_string"}}],"inLanguage":"nl-NL"},{"@type":"Organization","@id":"\/#organization","name":"Unieke Uitjes","url":"\/","logo":{"@type":"ImageObject","inLanguage":"nl-NL","@id":"\/#\/schema\/logo\/image\/","url":"https:\/\/uniekeuitjes.nl\/wp-content\/uploads\/2019\/02\/site-login-logo.png","contentUrl":"https:\/\/uniekeuitjes.nl\/wp-content\/uploads\/2019\/02\/site-login-logo.png","width":708,"height":345,"caption":"Unieke Uitjes"},"image":{"@id":"\/#\/schema\/logo\/image\/"},"sameAs":["https:\/\/www.facebook.com\/uniekeuitjes.nl","https:\/\/www.instagram.com\/uniekeuitjes.nl\/","https:\/\/www.linkedin.com\/company\/unieke-uitjes-nl","https:\/\/www.youtube.com\/channel\/UCXwRXFWP_R0kxRAeL79FQfw"]}]}},"_links":{"self":[{"href":"https:\/\/uniekeuitjes.nl\/de\/wp-json\/wp\/v2\/pages\/11829","targetHints":{"allow":["GET"]}}],"collection":[{"href":"https:\/\/uniekeuitjes.nl\/de\/wp-json\/wp\/v2\/pages"}],"about":[{"href":"https:\/\/uniekeuitjes.nl\/de\/wp-json\/wp\/v2\/types\/page"}],"author":[{"embeddable":true,"href":"https:\/\/uniekeuitjes.nl\/de\/wp-json\/wp\/v2\/users\/1"}],"replies":[{"embeddable":true,"href":"https:\/\/uniekeuitjes.nl\/de\/wp-json\/wp\/v2\/comments?post=11829"}],"version-history":[{"count":0,"href":"https:\/\/uniekeuitjes.nl\/de\/wp-json\/wp\/v2\/pages\/11829\/revisions"}],"wp:attachment":[{"href":"https:\/\/uniekeuitjes.nl\/de\/wp-json\/wp\/v2\/media?parent=11829"}],"wp:term":[{"taxonomy":"category","embeddable":true,"href":"https:\/\/uniekeuitjes.nl\/de\/wp-json\/wp\/v2\/categories?post=11829"}],"curies":[{"name":"wp","href":"https:\/\/api.w.org\/{rel}","templated":true}]}}