{"id":11830,"date":"2019-02-18T13:03:27","date_gmt":"2019-02-18T13:03:27","guid":{"rendered":"https:\/\/uniekeuitjes.nl\/ausflug-mit-freundinnen\/"},"modified":"2019-02-18T13:03:27","modified_gmt":"2019-02-18T13:03:27","slug":"ausflug-mit-freundinnen","status":"publish","type":"page","link":"https:\/\/uniekeuitjes.nl\/de\/ausflug-mit-freundinnen\/","title":{"rendered":"Ausflug mit Freundinnen"},"content":{"rendered":"<h2><b>Freundinnen-Ausflug mit Catering von Unique Outings!<\/b><\/h2>\n<p>In unserer Region gibt es so viele tolle Aktivit\u00e4ten und Workshops f\u00fcr Freundinnenausfl\u00fcge! M\u00f6chten Sie weitere Tipps f\u00fcr Ihren eigenen Freundinnenausflug? Sprechen Sie uns einfach an. Unsere Kollegen denken gerne mit Ihnen mit! Haben Sie demn\u00e4chst einen Freundinnen-Ausflug, einen Freundinnen-Tag, einen Schwestern-Tag, einen Nichten-Tag oder einen Junggesellinnen-Abschied einer Freundin? Unique Outings .nl bietet verschiedene lustige Aktivit\u00e4ten f\u00fcr Sie und Ihre Freundinnen.<\/p>\n<div id=\"attachment_1129\" class=\"wp-caption alignnone\" style=\"width: 749px;\">\n<p class=\"wp-caption-text\">Veranstalten Sie zum Beispiel einen Freundinnenausflug auf einem Weingut mit Unique Uitjes .nl<\/p>\n<p><img loading=\"lazy\" decoding=\"async\" class=\"alignnone wp-image-263\" src=\"http:\/\/uniekeuitjes.nl\/wp-content\/uploads\/2019\/02\/groep-juichend-tandem.jpg\" alt=\"\" width=\"749\" height=\"348\"><\/p>\n<\/div>\n<h3><b>Details\/Optionen:<\/b><\/h3>\n<p><em><br \/>\n&#8211; Amuse bouche ab 15 Personen<\/em><em>.<br \/>\n<\/em><em>&#8211; BBQs ab 12 Personen.<br \/>\n<\/em><\/p>\n<p>Nat\u00fcrlich ist immer mehr m\u00f6glich. Haben Sie etwas anderes im Sinn? Rufen Sie an oder schicken Sie eine E-Mail. In Absprache mit Ihnen k\u00f6nnen wir f\u00fcr Sie die sch\u00f6nsten Arrangements zu einem sehr wettbewerbsf\u00e4higen (All-in) Preis zusammenstellen.<\/p>\n<div id=\"attachment_261\" style=\"width: 691px\" class=\"wp-caption alignnone\"><img loading=\"lazy\" decoding=\"async\" aria-describedby=\"caption-attachment-261\" class=\" wp-image-261\" src=\"http:\/\/uniekeuitjes.nl\/wp-content\/uploads\/2019\/02\/Mooie-vrouwen-huis-de-VOorst-tandem-e1550476756996.jpg\" alt=\"Tandem Cruiser f\u00fcr einen Freundinnenausflug von Unique outings\" width=\"681\" height=\"298\"><p id=\"caption-attachment-261\" class=\"wp-caption-text\">Wir haben einen niederl\u00e4ndischen Fahrradhersteller gebeten, speziell f\u00fcr Unique Outings ein Tandem-Cruiser nach amerikanischem Vorbild zu entwerfen. Die Vorgabe war einfach: Das Tandem sollte sich gut fahren lassen und robust, langlebig und einzigartig sein. Die Leute sollten sich umdrehen, wenn das Tandem vorbeif\u00e4hrt. Wir k\u00f6nnen mit Gewissheit sagen, dass wir erfolgreich waren.<\/p><\/div>\n<div>Die genauen Preise\/Arrangements entnehmen Sie bitte der Registerkarte <a href=\"https:\/\/uniekeuitjes.nl\/prijzen\/\">&#8220;Preise&#8221;.<\/a><\/div>\n<div><\/div>\n<div><\/div>\n<p>Freundinnenausflug? Einzigartig Uitjes.nl!<\/p>\n<div id=\"attachment_987\" class=\"wp-caption alignnone\">\n<p>&nbsp;<\/p>\n<\/div>\n<h3>Genie\u00dfen Sie Ihren Freundinnen-Ausflug in:<\/h3>\n<ul>\n<li>  Laren mit Ausgangspunkten wie Witkamp, De Broake und Langenbaerg<\/li>\n<li>  Gorssel mit Startpunkt einschlie\u00dflich Eetcafe de Hoek<\/li>\n<li>  Bathmen mit Startpunkt einschlie\u00dflich Cafe Braakhekke<\/li>\n<li>  Zutphen mit mehreren Abfahrtsorten und Kanutouren<\/li>\n<li>  Harfsen mit Haarbroekse Vijvertuin als Ausgangspunkt oder Zwischenstopp<\/li>\n<li>  Almen mit Startpunkt Hotel Ehzerwold und Restaurant Da Nonna Pippina<\/li>\n<li>  Deventer mit Ausgangspunkt oder Zwischenstopp in einem professionellen Fotostudio<\/li>\n<li>  Holten am Buitengewoon Holten am sch\u00f6nen Holterberg<\/li>\n<li>  Lochem mit Abfahrtsort Grand Cafe\/Restaurant das Babbelaer.<\/li>\n<li>  Borculo im Grand Cafe de Gracht.<\/li>\n<\/ul>\n<p>Zus\u00e4tzlich zu diesen Standorten haben wir viele weitere Abflug- und Zwischenlandeorte. Rufen Sie uns an oder schicken Sie uns eine E-Mail, wenn Sie weitere Informationen oder eine individuelle Anpassung w\u00fcnschen.<\/p>\n<p><a href=\"https:\/\/uniekeuitjes.nl\"><img loading=\"lazy\" decoding=\"async\" class=\"alignnone wp-image-377\" src=\"http:\/\/uniekeuitjes.nl\/wp-content\/uploads\/2019\/02\/site-login-logo.png\" alt=\"Ausflug f\u00fcr Freundinnen, komplett von Unique Outings!\" width=\"441\" height=\"215\" srcset=\"https:\/\/uniekeuitjes.nl\/wp-content\/uploads\/2019\/02\/site-login-logo.png 708w, https:\/\/uniekeuitjes.nl\/wp-content\/uploads\/2019\/02\/site-login-logo-300x146.png 300w, https:\/\/uniekeuitjes.nl\/wp-content\/uploads\/2019\/02\/site-login-logo-600x292.png 600w\" sizes=\"auto, (max-width: 441px) 100vw, 441px\" \/><\/a><\/p>\n","protected":false},"excerpt":{"rendered":"<p>Freundinnen-Ausflug mit Catering von Unique Outings! In unserer Region gibt es so viele tolle Aktivit\u00e4ten und Workshops f\u00fcr Freundinnenausfl\u00fcge! M\u00f6chten Sie weitere Tipps f\u00fcr Ihren eigenen Freundinnenausflug? Sprechen Sie uns einfach an. Unsere Kollegen denken gerne mit Ihnen mit! Haben Sie demn\u00e4chst einen Freundinnen-Ausflug, einen Freundinnen-Tag, einen Schwestern-Tag, einen Nichten-Tag oder einen Junggesellinnen-Abschied einer Freundin? [&hellip;]<\/p>\n","protected":false},"author":1,"featured_media":0,"parent":0,"menu_order":0,"comment_status":"closed","ping_status":"closed","template":"","meta":{"_acf_changed":false,"_monsterinsights_skip_tracking":false,"_monsterinsights_sitenote_active":false,"_monsterinsights_sitenote_note":"","_monsterinsights_sitenote_category":0,"footnotes":""},"categories":[73],"class_list":["post-11830","page","type-page","status-publish","hentry","category-zielseite"],"acf":[],"yoast_head":"<!-- This site is optimized with the Yoast SEO plugin v27.4 - https:\/\/yoast.com\/product\/yoast-seo-wordpress\/ -->\n<title>Ausflug mit Freundinnen - Uniekeuitjes.nl<\/title>\n<meta name=\"description\" content=\"In unserer Gegend gibt es so viele tolle Aktivit\u00e4ten und Workshops f\u00fcr einen Freundinnenausflug! Sehen Sie sich unser gesamtes Sortiment an!\" \/>\n<meta name=\"robots\" content=\"index, follow, max-snippet:-1, max-image-preview:large, max-video-preview:-1\" \/>\n<link rel=\"canonical\" href=\"https:\/\/uniekeuitjes.nl\/de\/ausflug-mit-freundinnen\/\" \/>\n<meta property=\"og:locale\" content=\"nl_NL\" \/>\n<meta property=\"og:type\" content=\"article\" \/>\n<meta property=\"og:title\" content=\"Ausflug mit Freundinnen - Uniekeuitjes.nl\" \/>\n<meta property=\"og:description\" content=\"In unserer Gegend gibt es so viele tolle Aktivit\u00e4ten und Workshops f\u00fcr einen Freundinnenausflug! Sehen Sie sich unser gesamtes Sortiment an!\" \/>\n<meta property=\"og:url\" content=\"https:\/\/uniekeuitjes.nl\/de\/ausflug-mit-freundinnen\/\" \/>\n<meta property=\"og:site_name\" content=\"Uniekeuitjes.nl\" \/>\n<meta property=\"article:publisher\" content=\"https:\/\/www.facebook.com\/uniekeuitjes.nl\" \/>\n<meta property=\"og:image\" content=\"http:\/\/uniekeuitjes.nl\/wp-content\/uploads\/2019\/02\/groep-juichend-tandem.jpg\" \/>\n<meta name=\"twitter:card\" content=\"summary_large_image\" \/>\n<meta name=\"twitter:label1\" content=\"Geschatte leestijd\" \/>\n\t<meta name=\"twitter:data1\" content=\"2 minuten\" \/>\n<script type=\"application\/ld+json\" class=\"yoast-schema-graph\">{\"@context\":\"https:\\\/\\\/schema.org\",\"@graph\":[{\"@type\":\"WebPage\",\"@id\":\"https:\\\/\\\/uniekeuitjes.nl\\\/de\\\/ausflug-mit-freundinnen\\\/\",\"url\":\"https:\\\/\\\/uniekeuitjes.nl\\\/de\\\/ausflug-mit-freundinnen\\\/\",\"name\":\"Ausflug mit Freundinnen - Uniekeuitjes.nl\",\"isPartOf\":{\"@id\":\"\\\/#website\"},\"primaryImageOfPage\":{\"@id\":\"https:\\\/\\\/uniekeuitjes.nl\\\/de\\\/ausflug-mit-freundinnen\\\/#primaryimage\"},\"image\":{\"@id\":\"https:\\\/\\\/uniekeuitjes.nl\\\/de\\\/ausflug-mit-freundinnen\\\/#primaryimage\"},\"thumbnailUrl\":\"http:\\\/\\\/uniekeuitjes.nl\\\/wp-content\\\/uploads\\\/2019\\\/02\\\/groep-juichend-tandem.jpg\",\"datePublished\":\"2019-02-18T13:03:27+00:00\",\"description\":\"In unserer Gegend gibt es so viele tolle Aktivit\u00e4ten und Workshops f\u00fcr einen Freundinnenausflug! Sehen Sie sich unser gesamtes Sortiment an!\",\"breadcrumb\":{\"@id\":\"https:\\\/\\\/uniekeuitjes.nl\\\/de\\\/ausflug-mit-freundinnen\\\/#breadcrumb\"},\"inLanguage\":\"nl-NL\",\"potentialAction\":[{\"@type\":\"ReadAction\",\"target\":[\"https:\\\/\\\/uniekeuitjes.nl\\\/de\\\/ausflug-mit-freundinnen\\\/\"]}]},{\"@type\":\"ImageObject\",\"inLanguage\":\"nl-NL\",\"@id\":\"https:\\\/\\\/uniekeuitjes.nl\\\/de\\\/ausflug-mit-freundinnen\\\/#primaryimage\",\"url\":\"http:\\\/\\\/uniekeuitjes.nl\\\/wp-content\\\/uploads\\\/2019\\\/02\\\/groep-juichend-tandem.jpg\",\"contentUrl\":\"http:\\\/\\\/uniekeuitjes.nl\\\/wp-content\\\/uploads\\\/2019\\\/02\\\/groep-juichend-tandem.jpg\"},{\"@type\":\"BreadcrumbList\",\"@id\":\"https:\\\/\\\/uniekeuitjes.nl\\\/de\\\/ausflug-mit-freundinnen\\\/#breadcrumb\",\"itemListElement\":[{\"@type\":\"ListItem\",\"position\":1,\"name\":\"Home\",\"item\":\"https:\\\/\\\/uniekeuitjes.nl\\\/de\\\/\"},{\"@type\":\"ListItem\",\"position\":2,\"name\":\"Ausflug mit Freundinnen\"}]},{\"@type\":\"WebSite\",\"@id\":\"\\\/#website\",\"url\":\"\\\/\",\"name\":\"Uniekeuitjes.nl\",\"description\":\"Goedkope leuke uitjes zelf samen te stellen\",\"publisher\":{\"@id\":\"\\\/#organization\"},\"potentialAction\":[{\"@type\":\"SearchAction\",\"target\":{\"@type\":\"EntryPoint\",\"urlTemplate\":\"\\\/?s={search_term_string}\"},\"query-input\":{\"@type\":\"PropertyValueSpecification\",\"valueRequired\":true,\"valueName\":\"search_term_string\"}}],\"inLanguage\":\"nl-NL\"},{\"@type\":\"Organization\",\"@id\":\"\\\/#organization\",\"name\":\"Unieke Uitjes\",\"url\":\"\\\/\",\"logo\":{\"@type\":\"ImageObject\",\"inLanguage\":\"nl-NL\",\"@id\":\"\\\/#\\\/schema\\\/logo\\\/image\\\/\",\"url\":\"https:\\\/\\\/uniekeuitjes.nl\\\/wp-content\\\/uploads\\\/2019\\\/02\\\/site-login-logo.png\",\"contentUrl\":\"https:\\\/\\\/uniekeuitjes.nl\\\/wp-content\\\/uploads\\\/2019\\\/02\\\/site-login-logo.png\",\"width\":708,\"height\":345,\"caption\":\"Unieke Uitjes\"},\"image\":{\"@id\":\"\\\/#\\\/schema\\\/logo\\\/image\\\/\"},\"sameAs\":[\"https:\\\/\\\/www.facebook.com\\\/uniekeuitjes.nl\",\"https:\\\/\\\/www.instagram.com\\\/uniekeuitjes.nl\\\/\",\"https:\\\/\\\/www.linkedin.com\\\/company\\\/unieke-uitjes-nl\",\"https:\\\/\\\/www.youtube.com\\\/channel\\\/UCXwRXFWP_R0kxRAeL79FQfw\"]}]}<\/script>\n<!-- \/ Yoast SEO plugin. -->","yoast_head_json":{"title":"Ausflug mit Freundinnen - Uniekeuitjes.nl","description":"In unserer Gegend gibt es so viele tolle Aktivit\u00e4ten und Workshops f\u00fcr einen Freundinnenausflug! Sehen Sie sich unser gesamtes Sortiment an!","robots":{"index":"index","follow":"follow","max-snippet":"max-snippet:-1","max-image-preview":"max-image-preview:large","max-video-preview":"max-video-preview:-1"},"canonical":"https:\/\/uniekeuitjes.nl\/de\/ausflug-mit-freundinnen\/","og_locale":"nl_NL","og_type":"article","og_title":"Ausflug mit Freundinnen - Uniekeuitjes.nl","og_description":"In unserer Gegend gibt es so viele tolle Aktivit\u00e4ten und Workshops f\u00fcr einen Freundinnenausflug! Sehen Sie sich unser gesamtes Sortiment an!","og_url":"https:\/\/uniekeuitjes.nl\/de\/ausflug-mit-freundinnen\/","og_site_name":"Uniekeuitjes.nl","article_publisher":"https:\/\/www.facebook.com\/uniekeuitjes.nl","og_image":[{"url":"http:\/\/uniekeuitjes.nl\/wp-content\/uploads\/2019\/02\/groep-juichend-tandem.jpg","type":"","width":"","height":""}],"twitter_card":"summary_large_image","twitter_misc":{"Geschatte leestijd":"2 minuten"},"schema":{"@context":"https:\/\/schema.org","@graph":[{"@type":"WebPage","@id":"https:\/\/uniekeuitjes.nl\/de\/ausflug-mit-freundinnen\/","url":"https:\/\/uniekeuitjes.nl\/de\/ausflug-mit-freundinnen\/","name":"Ausflug mit Freundinnen - Uniekeuitjes.nl","isPartOf":{"@id":"\/#website"},"primaryImageOfPage":{"@id":"https:\/\/uniekeuitjes.nl\/de\/ausflug-mit-freundinnen\/#primaryimage"},"image":{"@id":"https:\/\/uniekeuitjes.nl\/de\/ausflug-mit-freundinnen\/#primaryimage"},"thumbnailUrl":"http:\/\/uniekeuitjes.nl\/wp-content\/uploads\/2019\/02\/groep-juichend-tandem.jpg","datePublished":"2019-02-18T13:03:27+00:00","description":"In unserer Gegend gibt es so viele tolle Aktivit\u00e4ten und Workshops f\u00fcr einen Freundinnenausflug! Sehen Sie sich unser gesamtes Sortiment an!","breadcrumb":{"@id":"https:\/\/uniekeuitjes.nl\/de\/ausflug-mit-freundinnen\/#breadcrumb"},"inLanguage":"nl-NL","potentialAction":[{"@type":"ReadAction","target":["https:\/\/uniekeuitjes.nl\/de\/ausflug-mit-freundinnen\/"]}]},{"@type":"ImageObject","inLanguage":"nl-NL","@id":"https:\/\/uniekeuitjes.nl\/de\/ausflug-mit-freundinnen\/#primaryimage","url":"http:\/\/uniekeuitjes.nl\/wp-content\/uploads\/2019\/02\/groep-juichend-tandem.jpg","contentUrl":"http:\/\/uniekeuitjes.nl\/wp-content\/uploads\/2019\/02\/groep-juichend-tandem.jpg"},{"@type":"BreadcrumbList","@id":"https:\/\/uniekeuitjes.nl\/de\/ausflug-mit-freundinnen\/#breadcrumb","itemListElement":[{"@type":"ListItem","position":1,"name":"Home","item":"https:\/\/uniekeuitjes.nl\/de\/"},{"@type":"ListItem","position":2,"name":"Ausflug mit Freundinnen"}]},{"@type":"WebSite","@id":"\/#website","url":"\/","name":"Uniekeuitjes.nl","description":"Goedkope leuke uitjes zelf samen te stellen","publisher":{"@id":"\/#organization"},"potentialAction":[{"@type":"SearchAction","target":{"@type":"EntryPoint","urlTemplate":"\/?s={search_term_string}"},"query-input":{"@type":"PropertyValueSpecification","valueRequired":true,"valueName":"search_term_string"}}],"inLanguage":"nl-NL"},{"@type":"Organization","@id":"\/#organization","name":"Unieke Uitjes","url":"\/","logo":{"@type":"ImageObject","inLanguage":"nl-NL","@id":"\/#\/schema\/logo\/image\/","url":"https:\/\/uniekeuitjes.nl\/wp-content\/uploads\/2019\/02\/site-login-logo.png","contentUrl":"https:\/\/uniekeuitjes.nl\/wp-content\/uploads\/2019\/02\/site-login-logo.png","width":708,"height":345,"caption":"Unieke Uitjes"},"image":{"@id":"\/#\/schema\/logo\/image\/"},"sameAs":["https:\/\/www.facebook.com\/uniekeuitjes.nl","https:\/\/www.instagram.com\/uniekeuitjes.nl\/","https:\/\/www.linkedin.com\/company\/unieke-uitjes-nl","https:\/\/www.youtube.com\/channel\/UCXwRXFWP_R0kxRAeL79FQfw"]}]}},"_links":{"self":[{"href":"https:\/\/uniekeuitjes.nl\/de\/wp-json\/wp\/v2\/pages\/11830","targetHints":{"allow":["GET"]}}],"collection":[{"href":"https:\/\/uniekeuitjes.nl\/de\/wp-json\/wp\/v2\/pages"}],"about":[{"href":"https:\/\/uniekeuitjes.nl\/de\/wp-json\/wp\/v2\/types\/page"}],"author":[{"embeddable":true,"href":"https:\/\/uniekeuitjes.nl\/de\/wp-json\/wp\/v2\/users\/1"}],"replies":[{"embeddable":true,"href":"https:\/\/uniekeuitjes.nl\/de\/wp-json\/wp\/v2\/comments?post=11830"}],"version-history":[{"count":0,"href":"https:\/\/uniekeuitjes.nl\/de\/wp-json\/wp\/v2\/pages\/11830\/revisions"}],"wp:attachment":[{"href":"https:\/\/uniekeuitjes.nl\/de\/wp-json\/wp\/v2\/media?parent=11830"}],"wp:term":[{"taxonomy":"category","embeddable":true,"href":"https:\/\/uniekeuitjes.nl\/de\/wp-json\/wp\/v2\/categories?post=11830"}],"curies":[{"name":"wp","href":"https:\/\/api.w.org\/{rel}","templated":true}]}}