{"id":11831,"date":"2019-02-18T12:59:17","date_gmt":"2019-02-18T12:59:17","guid":{"rendered":"https:\/\/uniekeuitjes.nl\/budget-ausfluege\/"},"modified":"2019-02-18T12:59:17","modified_gmt":"2019-02-18T12:59:17","slug":"budget-ausfluege","status":"publish","type":"page","link":"https:\/\/uniekeuitjes.nl\/de\/budget-ausfluege\/","title":{"rendered":"Budget-Ausfl\u00fcge"},"content":{"rendered":"<h2>Alle preiswerten Ausfl\u00fcge:<\/h2>\n<p>Sie m\u00f6chten einen (Gruppen-)Ausflug machen, haben aber kein gro\u00dfes Budget? Unique Outings bietet eine breite Palette von Ausfl\u00fcgen an, darunter viele preisg\u00fcnstige Ausfl\u00fcge. Zu ber\u00fccksichtigen:<\/p>\n<ul>\n<li>Fahrten mit dem Skelter-Zug (ab 13,25 pro Person)<\/li>\n<li>Eisstockschie\u00dfen, (ab 7,50 pp)<\/li>\n<li>Amerikanische Tandems, (ab 13,25 pp)<\/li>\n<li>Casinoabende, (Preis pro Tisch ab 275,-)<\/li>\n<li>Stra\u00dfengolf, (ab 7,50 pro Person)<\/li>\n<li>Kneipenquiz, (ab 15,75 pp<\/li>\n<li>Musikquiz, (ab 15,75 S.)<\/li>\n<li>Bogenschie\u00dfen, (ab 15,- pp)<\/li>\n<li>Hexathlon (ab 15,75 \u20ac pro Person)<\/li>\n<li>Und so weiter und so fort.<\/li>\n<\/ul>\n<p>Die angegebenen Startpreise sind Preise auf der Basis unserer Halle in Laren Gld und einer Mindestteilnehmerzahl (variiert ein wenig pro Aktivit\u00e4t). Es ist immer mehr m\u00f6glich, als man denkt. Wir haben eigentlich f\u00fcr jedes Budget einen passenden Ausflug (Budgetausfl\u00fcge).<\/p>\n<h2><\/h2>\n<h2>Ihr eigenes Sixcamp zusammenstellen?<\/h2>\n<p><strong>\u00dcber das Spiel:<\/strong><br \/>\nMehrere Teams treten in sechs verschiedenen Spielelementen gegeneinander an. Sie k\u00f6nnen aus mehreren lustigen, witzigen und\/oder spektakul\u00e4ren Teilen w\u00e4hlen (einschlie\u00dflich unseres 40 m2 gro\u00dfen Parcours). Neben dem Outdoor-Hexathlon bieten wir auch einen Indoor-Hexathlon an, der in der Halle organisiert werden kann, lesen Sie <a href=\"https:\/\/uniekeuitjes.nl\/zeskamp\/\">hier<\/a> mehr.<\/p>\n<p>&nbsp;<\/p>\n<div id=\"post-body-3424648688030985222\" class=\"post-body entry-content\">\n<p><strong>Erkl\u00e4rung zum Spiel:<\/strong><br \/>\nDie Gruppe wird in Teams aufgeteilt. Jede Gruppe beginnt mit einem anderen Spiel des Hexathlons. Nach jeder Runde wird rotiert und jedes Mal spielen verschiedene Teams verschiedene Spiele zur gleichen Zeit. Ein lustiger Teil des Spiels ist der &#8220;Joker&#8221;, den jedes Team auf einen Spielgegenstand seiner Wahl setzen kann. In diesem Teil des Spiels z\u00e4hlen die Punkte, die das Team erh\u00e4lt, doppelt.<\/p>\n<p>&nbsp;<\/p>\n<div id=\"post-body-3424648688030985222\" class=\"post-body entry-content\">\n<p><strong>Ihre Anforderungen:<\/strong><br \/>\nF\u00fcr die komplette Organisation &amp; Betreuung Ihres Hexathlons oder das Mieten eines oder mehrerer Spielelemente k\u00f6nnen Sie zu Unique Uitjes kommen. Wir arrangieren alles f\u00fcr Sie. Vom Aufbau der St\u00e4nde bis zur Preisverleihung (1. Preis und Pudelpreis in Form von Pokalen) und Erkl\u00e4rung der Aktivit\u00e4ten. Das Programm besteht aus sechs verschiedenen Aktivit\u00e4ten, bei denen es auf Zusammenarbeit, Schnelligkeit, Genauigkeit und Geschicklichkeit ankommt. Sie variiert z. B. von Spiel zu Spiel. Einige Beispiele f\u00fcr Spiele sind unten aufgef\u00fchrt. (Wir haben eine Auswahl an vielen Spielen).<\/p>\n<p>&nbsp;<\/p>\n<\/div>\n<p><strong>Die Preisverleihung:<\/strong><br \/>\nNat\u00fcrlich wird es am Ende eine Preisverleihung geben. F\u00fcr die Sieger gibt es einen Pokal und das letzte Team erh\u00e4lt einen Mini-Pokal (Pudelpreis). Die Preisverleihung sorgt immer f\u00fcr viel Heiterkeit und einen positiven Abschluss Ihres Betriebsfestes oder Familientages.<\/p>\n<h3>  Erkl\u00e4rung zum Spiel<\/h3>\n<\/div>\n<table id=\"tablepress-17\" class=\"tablepress tablepress-id-17\">\n<thead>\n<tr class=\"row-1 odd\">\n<th class=\"column-1\">Name des Spiels<\/th>\n<th class=\"column-2\">Erkl\u00e4rung zum Spiel<\/th>\n<\/tr>\n<\/thead>\n<tbody class=\"row-hover\">\n<tr class=\"row-2 even\">\n<td class=\"column-1\">Riesentwister (5 mal 5 Meter)<\/td>\n<td class=\"column-2\">Mit mehreren Teams gleichzeitig auf dem Twister Field. Der Letzte, der noch steht, gewinnt.<\/td>\n<\/tr>\n<tr class=\"row-3 odd\">\n<td class=\"column-1\">Sturmspur<\/td>\n<td class=\"column-2\">Aufblasbarer Parcours von 4 mal 10 Metern. Gro\u00dfer Blickfang.<\/td>\n<\/tr>\n<tr class=\"row-4 even\">\n<td class=\"column-1\">Limbo tanzen (gro\u00dfes aufblasbares Rigg):<\/td>\n<td class=\"column-2\">Der Stock wird immer tiefer zwischen die gro\u00dfen Palmen geh\u00e4ngt. Die Mannschaft mit dem niedrigsten Ergebnis gewinnt.<\/td>\n<\/tr>\n<tr class=\"row-5 odd\">\n<td class=\"column-1\">Springende Schlangen<br \/>\n4 Personen<\/td>\n<td class=\"column-2\">4-Personen-Sprungball, mit dem man \u00fcber einen Parcours springt. Mannschaft gegen Mannschaft. (Rennen)<\/td>\n<\/tr>\n<tr class=\"row-6 even\">\n<td class=\"column-1\">Bogenschie\u00dfen f\u00fcr Kinder (Pfeile mit Sicherheitskugeln aus Gummi als Spitzen).<\/td>\n<td class=\"column-2\">Bogenschie\u00dfen. (Sichere Pfeile). Die beste Mannschaft gewinnt.<\/td>\n<\/tr>\n<tr class=\"row-7 odd\">\n<td class=\"column-1\">Wurfsackwerfen<\/td>\n<td class=\"column-2\">2 Tore. Jedes Team wirft mehrere Bohnens\u00e4cke auf ein sehr glattes Ziel.<\/td>\n<\/tr>\n<tr class=\"row-8 even\">\n<td class=\"column-1\">Streetgolf (Zielschie\u00dfen mit Softball).<\/td>\n<td class=\"column-2\">Jedes Team schie\u00dft von einer Linie aus eine bestimmte Anzahl von B\u00e4llen auf ein Objekt\/Tor. Die Mannschaft, die die meisten Tore schie\u00dft, erh\u00e4lt die meisten Punkte.<\/td>\n<\/tr>\n<tr class=\"row-9 odd\">\n<td class=\"column-1\">Werfen von St\u00f6cken<\/td>\n<td class=\"column-2\">Durch das Werfen eines Stocks auf nummerierte Zahlen m\u00fcssen die Teams so schnell wie m\u00f6glich eine bestimmte Punktzahl erreichen.<\/td>\n<\/tr>\n<tr class=\"row-10 even\">\n<td class=\"column-1\">Pfosten-Fu\u00dfball<\/td>\n<td class=\"column-2\">Der allgegenw\u00e4rtige Stangenfu\u00dfball.<\/td>\n<\/tr>\n<tr class=\"row-11 odd\">\n<td class=\"column-1\">Schie\u00dfen mit der Blasrohrpistole<\/td>\n<td class=\"column-2\">Schie\u00dfen Sie mit einem professionellen Blasrohr ins Schwarze. Die Mannschaft mit den meisten Punkten gewinnt.<\/td>\n<\/tr>\n<tr class=\"row-12 even\">\n<td class=\"column-1\">Funslangen<\/td>\n<td class=\"column-2\">Bilden Sie mit Ihren Teammitgliedern ein F\u00f6rderband im Schlauch und laufen Sie einen Parcours ab.<\/td>\n<\/tr>\n<tr class=\"row-13 odd\">\n<td class=\"column-1\">Fliegende Teppiche<\/td>\n<td class=\"column-2\">Du darfst den Teppich nicht verlassen, aber du kannst kooperieren und auf ihn springen.<\/td>\n<\/tr>\n<tr class=\"row-14 even\">\n<td class=\"column-1\">Block l\u00e4uft<\/td>\n<td class=\"column-2\">Laufen Sie eine Strecke mit Blockf\u00fc\u00dfen.<\/td>\n<\/tr>\n<tr class=\"row-15 odd\">\n<td class=\"column-1\">Sackh\u00fcpfen<\/td>\n<td class=\"column-2\">Fr\u00f6hlich gef\u00e4rbte Lauftaschen von guter Qualit\u00e4t, in denen ihr alle um die Wette laufen k\u00f6nnt.<\/td>\n<\/tr>\n<tr class=\"row-16 even\">\n<td class=\"column-1\">Ball bewegen<\/td>\n<td class=\"column-2\">Bewege den Ball auf einer Art Ski. F\u00e4llt er herunter? Dann muss man wieder von vorne anfangen.<\/td>\n<\/tr>\n<tr class=\"row-17 odd\">\n<td class=\"column-1\">Riesenskier<\/td>\n<td class=\"column-2\">Wanderskier, auf denen man sich zu sechst fortbewegen muss. Teamarbeit!<\/td>\n<\/tr>\n<\/tbody>\n<\/table>\n<h2 class=\"tablepress-table-name tablepress-table-name-id-1\"><a href=\"https:\/\/uniekeuitjes.nl\"><img loading=\"lazy\" decoding=\"async\" class=\"alignnone wp-image-377\" src=\"http:\/\/uniekeuitjes.nl\/wp-content\/uploads\/2019\/02\/site-login-logo.png\" alt=\"G\u00fcnstige Ausflugsziele bei Unique Outings\" width=\"521\" height=\"254\" srcset=\"https:\/\/uniekeuitjes.nl\/wp-content\/uploads\/2019\/02\/site-login-logo.png 708w, https:\/\/uniekeuitjes.nl\/wp-content\/uploads\/2019\/02\/site-login-logo-300x146.png 300w, https:\/\/uniekeuitjes.nl\/wp-content\/uploads\/2019\/02\/site-login-logo-600x292.png 600w\" sizes=\"auto, (max-width: 521px) 100vw, 521px\" \/><\/a><\/h2>\n<p>&nbsp;<\/p>\n<p>&nbsp;<\/p>\n","protected":false},"excerpt":{"rendered":"<p>Alle preiswerten Ausfl\u00fcge: Sie m\u00f6chten einen (Gruppen-)Ausflug machen, haben aber kein gro\u00dfes Budget? Unique Outings bietet eine breite Palette von Ausfl\u00fcgen an, darunter viele preisg\u00fcnstige Ausfl\u00fcge. Zu ber\u00fccksichtigen: Fahrten mit dem Skelter-Zug (ab 13,25 pro Person) Eisstockschie\u00dfen, (ab 7,50 pp) Amerikanische Tandems, (ab 13,25 pp) Casinoabende, (Preis pro Tisch ab 275,-) Stra\u00dfengolf, (ab 7,50 pro [&hellip;]<\/p>\n","protected":false},"author":1,"featured_media":0,"parent":0,"menu_order":0,"comment_status":"closed","ping_status":"closed","template":"","meta":{"_acf_changed":false,"_monsterinsights_skip_tracking":false,"_monsterinsights_sitenote_active":false,"_monsterinsights_sitenote_note":"","_monsterinsights_sitenote_category":0,"footnotes":""},"categories":[73],"class_list":["post-11831","page","type-page","status-publish","hentry","category-zielseite"],"acf":[],"yoast_head":"<!-- This site is optimized with the Yoast SEO plugin v27.4 - https:\/\/yoast.com\/product\/yoast-seo-wordpress\/ -->\n<title>Budget-Ausfl\u00fcge - Uniekeuitjes.nl<\/title>\n<meta name=\"description\" content=\"Sie m\u00f6chten einen (Gruppen-)Ausflug machen, haben aber kein gro\u00dfes Budget? Unique Outings bietet eine breite Palette von Ausfl\u00fcgen an, darunter viele preisg\u00fcnstige Ausfl\u00fcge.\" \/>\n<meta name=\"robots\" content=\"index, follow, max-snippet:-1, max-image-preview:large, max-video-preview:-1\" \/>\n<link rel=\"canonical\" href=\"https:\/\/uniekeuitjes.nl\/de\/budget-ausfluege\/\" \/>\n<meta property=\"og:locale\" content=\"nl_NL\" \/>\n<meta property=\"og:type\" content=\"article\" \/>\n<meta property=\"og:title\" content=\"Budget-Ausfl\u00fcge - Uniekeuitjes.nl\" \/>\n<meta property=\"og:description\" content=\"Sie m\u00f6chten einen (Gruppen-)Ausflug machen, haben aber kein gro\u00dfes Budget? Unique Outings bietet eine breite Palette von Ausfl\u00fcgen an, darunter viele preisg\u00fcnstige Ausfl\u00fcge.\" \/>\n<meta property=\"og:url\" content=\"https:\/\/uniekeuitjes.nl\/de\/budget-ausfluege\/\" \/>\n<meta property=\"og:site_name\" content=\"Uniekeuitjes.nl\" \/>\n<meta property=\"article:publisher\" content=\"https:\/\/www.facebook.com\/uniekeuitjes.nl\" \/>\n<meta property=\"og:image\" content=\"http:\/\/uniekeuitjes.nl\/wp-content\/uploads\/2019\/02\/site-login-logo.png\" \/>\n<meta name=\"twitter:card\" content=\"summary_large_image\" \/>\n<meta name=\"twitter:label1\" content=\"Geschatte leestijd\" \/>\n\t<meta name=\"twitter:data1\" content=\"3 minuten\" \/>\n<script type=\"application\/ld+json\" class=\"yoast-schema-graph\">{\"@context\":\"https:\\\/\\\/schema.org\",\"@graph\":[{\"@type\":\"WebPage\",\"@id\":\"https:\\\/\\\/uniekeuitjes.nl\\\/de\\\/budget-ausfluege\\\/\",\"url\":\"https:\\\/\\\/uniekeuitjes.nl\\\/de\\\/budget-ausfluege\\\/\",\"name\":\"Budget-Ausfl\u00fcge - Uniekeuitjes.nl\",\"isPartOf\":{\"@id\":\"\\\/#website\"},\"primaryImageOfPage\":{\"@id\":\"https:\\\/\\\/uniekeuitjes.nl\\\/de\\\/budget-ausfluege\\\/#primaryimage\"},\"image\":{\"@id\":\"https:\\\/\\\/uniekeuitjes.nl\\\/de\\\/budget-ausfluege\\\/#primaryimage\"},\"thumbnailUrl\":\"http:\\\/\\\/uniekeuitjes.nl\\\/wp-content\\\/uploads\\\/2019\\\/02\\\/site-login-logo.png\",\"datePublished\":\"2019-02-18T12:59:17+00:00\",\"description\":\"Sie m\u00f6chten einen (Gruppen-)Ausflug machen, haben aber kein gro\u00dfes Budget? Unique Outings bietet eine breite Palette von Ausfl\u00fcgen an, darunter viele preisg\u00fcnstige Ausfl\u00fcge.\",\"breadcrumb\":{\"@id\":\"https:\\\/\\\/uniekeuitjes.nl\\\/de\\\/budget-ausfluege\\\/#breadcrumb\"},\"inLanguage\":\"nl-NL\",\"potentialAction\":[{\"@type\":\"ReadAction\",\"target\":[\"https:\\\/\\\/uniekeuitjes.nl\\\/de\\\/budget-ausfluege\\\/\"]}]},{\"@type\":\"ImageObject\",\"inLanguage\":\"nl-NL\",\"@id\":\"https:\\\/\\\/uniekeuitjes.nl\\\/de\\\/budget-ausfluege\\\/#primaryimage\",\"url\":\"http:\\\/\\\/uniekeuitjes.nl\\\/wp-content\\\/uploads\\\/2019\\\/02\\\/site-login-logo.png\",\"contentUrl\":\"http:\\\/\\\/uniekeuitjes.nl\\\/wp-content\\\/uploads\\\/2019\\\/02\\\/site-login-logo.png\"},{\"@type\":\"BreadcrumbList\",\"@id\":\"https:\\\/\\\/uniekeuitjes.nl\\\/de\\\/budget-ausfluege\\\/#breadcrumb\",\"itemListElement\":[{\"@type\":\"ListItem\",\"position\":1,\"name\":\"Home\",\"item\":\"https:\\\/\\\/uniekeuitjes.nl\\\/de\\\/\"},{\"@type\":\"ListItem\",\"position\":2,\"name\":\"Budget-Ausfl\u00fcge\"}]},{\"@type\":\"WebSite\",\"@id\":\"\\\/#website\",\"url\":\"\\\/\",\"name\":\"Uniekeuitjes.nl\",\"description\":\"Goedkope leuke uitjes zelf samen te stellen\",\"publisher\":{\"@id\":\"\\\/#organization\"},\"potentialAction\":[{\"@type\":\"SearchAction\",\"target\":{\"@type\":\"EntryPoint\",\"urlTemplate\":\"\\\/?s={search_term_string}\"},\"query-input\":{\"@type\":\"PropertyValueSpecification\",\"valueRequired\":true,\"valueName\":\"search_term_string\"}}],\"inLanguage\":\"nl-NL\"},{\"@type\":\"Organization\",\"@id\":\"\\\/#organization\",\"name\":\"Unieke Uitjes\",\"url\":\"\\\/\",\"logo\":{\"@type\":\"ImageObject\",\"inLanguage\":\"nl-NL\",\"@id\":\"\\\/#\\\/schema\\\/logo\\\/image\\\/\",\"url\":\"https:\\\/\\\/uniekeuitjes.nl\\\/wp-content\\\/uploads\\\/2019\\\/02\\\/site-login-logo.png\",\"contentUrl\":\"https:\\\/\\\/uniekeuitjes.nl\\\/wp-content\\\/uploads\\\/2019\\\/02\\\/site-login-logo.png\",\"width\":708,\"height\":345,\"caption\":\"Unieke Uitjes\"},\"image\":{\"@id\":\"\\\/#\\\/schema\\\/logo\\\/image\\\/\"},\"sameAs\":[\"https:\\\/\\\/www.facebook.com\\\/uniekeuitjes.nl\",\"https:\\\/\\\/www.instagram.com\\\/uniekeuitjes.nl\\\/\",\"https:\\\/\\\/www.linkedin.com\\\/company\\\/unieke-uitjes-nl\",\"https:\\\/\\\/www.youtube.com\\\/channel\\\/UCXwRXFWP_R0kxRAeL79FQfw\"]}]}<\/script>\n<!-- \/ Yoast SEO plugin. -->","yoast_head_json":{"title":"Budget-Ausfl\u00fcge - Uniekeuitjes.nl","description":"Sie m\u00f6chten einen (Gruppen-)Ausflug machen, haben aber kein gro\u00dfes Budget? Unique Outings bietet eine breite Palette von Ausfl\u00fcgen an, darunter viele preisg\u00fcnstige Ausfl\u00fcge.","robots":{"index":"index","follow":"follow","max-snippet":"max-snippet:-1","max-image-preview":"max-image-preview:large","max-video-preview":"max-video-preview:-1"},"canonical":"https:\/\/uniekeuitjes.nl\/de\/budget-ausfluege\/","og_locale":"nl_NL","og_type":"article","og_title":"Budget-Ausfl\u00fcge - Uniekeuitjes.nl","og_description":"Sie m\u00f6chten einen (Gruppen-)Ausflug machen, haben aber kein gro\u00dfes Budget? Unique Outings bietet eine breite Palette von Ausfl\u00fcgen an, darunter viele preisg\u00fcnstige Ausfl\u00fcge.","og_url":"https:\/\/uniekeuitjes.nl\/de\/budget-ausfluege\/","og_site_name":"Uniekeuitjes.nl","article_publisher":"https:\/\/www.facebook.com\/uniekeuitjes.nl","og_image":[{"url":"http:\/\/uniekeuitjes.nl\/wp-content\/uploads\/2019\/02\/site-login-logo.png","type":"","width":"","height":""}],"twitter_card":"summary_large_image","twitter_misc":{"Geschatte leestijd":"3 minuten"},"schema":{"@context":"https:\/\/schema.org","@graph":[{"@type":"WebPage","@id":"https:\/\/uniekeuitjes.nl\/de\/budget-ausfluege\/","url":"https:\/\/uniekeuitjes.nl\/de\/budget-ausfluege\/","name":"Budget-Ausfl\u00fcge - Uniekeuitjes.nl","isPartOf":{"@id":"\/#website"},"primaryImageOfPage":{"@id":"https:\/\/uniekeuitjes.nl\/de\/budget-ausfluege\/#primaryimage"},"image":{"@id":"https:\/\/uniekeuitjes.nl\/de\/budget-ausfluege\/#primaryimage"},"thumbnailUrl":"http:\/\/uniekeuitjes.nl\/wp-content\/uploads\/2019\/02\/site-login-logo.png","datePublished":"2019-02-18T12:59:17+00:00","description":"Sie m\u00f6chten einen (Gruppen-)Ausflug machen, haben aber kein gro\u00dfes Budget? Unique Outings bietet eine breite Palette von Ausfl\u00fcgen an, darunter viele preisg\u00fcnstige Ausfl\u00fcge.","breadcrumb":{"@id":"https:\/\/uniekeuitjes.nl\/de\/budget-ausfluege\/#breadcrumb"},"inLanguage":"nl-NL","potentialAction":[{"@type":"ReadAction","target":["https:\/\/uniekeuitjes.nl\/de\/budget-ausfluege\/"]}]},{"@type":"ImageObject","inLanguage":"nl-NL","@id":"https:\/\/uniekeuitjes.nl\/de\/budget-ausfluege\/#primaryimage","url":"http:\/\/uniekeuitjes.nl\/wp-content\/uploads\/2019\/02\/site-login-logo.png","contentUrl":"http:\/\/uniekeuitjes.nl\/wp-content\/uploads\/2019\/02\/site-login-logo.png"},{"@type":"BreadcrumbList","@id":"https:\/\/uniekeuitjes.nl\/de\/budget-ausfluege\/#breadcrumb","itemListElement":[{"@type":"ListItem","position":1,"name":"Home","item":"https:\/\/uniekeuitjes.nl\/de\/"},{"@type":"ListItem","position":2,"name":"Budget-Ausfl\u00fcge"}]},{"@type":"WebSite","@id":"\/#website","url":"\/","name":"Uniekeuitjes.nl","description":"Goedkope leuke uitjes zelf samen te stellen","publisher":{"@id":"\/#organization"},"potentialAction":[{"@type":"SearchAction","target":{"@type":"EntryPoint","urlTemplate":"\/?s={search_term_string}"},"query-input":{"@type":"PropertyValueSpecification","valueRequired":true,"valueName":"search_term_string"}}],"inLanguage":"nl-NL"},{"@type":"Organization","@id":"\/#organization","name":"Unieke Uitjes","url":"\/","logo":{"@type":"ImageObject","inLanguage":"nl-NL","@id":"\/#\/schema\/logo\/image\/","url":"https:\/\/uniekeuitjes.nl\/wp-content\/uploads\/2019\/02\/site-login-logo.png","contentUrl":"https:\/\/uniekeuitjes.nl\/wp-content\/uploads\/2019\/02\/site-login-logo.png","width":708,"height":345,"caption":"Unieke Uitjes"},"image":{"@id":"\/#\/schema\/logo\/image\/"},"sameAs":["https:\/\/www.facebook.com\/uniekeuitjes.nl","https:\/\/www.instagram.com\/uniekeuitjes.nl\/","https:\/\/www.linkedin.com\/company\/unieke-uitjes-nl","https:\/\/www.youtube.com\/channel\/UCXwRXFWP_R0kxRAeL79FQfw"]}]}},"_links":{"self":[{"href":"https:\/\/uniekeuitjes.nl\/de\/wp-json\/wp\/v2\/pages\/11831","targetHints":{"allow":["GET"]}}],"collection":[{"href":"https:\/\/uniekeuitjes.nl\/de\/wp-json\/wp\/v2\/pages"}],"about":[{"href":"https:\/\/uniekeuitjes.nl\/de\/wp-json\/wp\/v2\/types\/page"}],"author":[{"embeddable":true,"href":"https:\/\/uniekeuitjes.nl\/de\/wp-json\/wp\/v2\/users\/1"}],"replies":[{"embeddable":true,"href":"https:\/\/uniekeuitjes.nl\/de\/wp-json\/wp\/v2\/comments?post=11831"}],"version-history":[{"count":0,"href":"https:\/\/uniekeuitjes.nl\/de\/wp-json\/wp\/v2\/pages\/11831\/revisions"}],"wp:attachment":[{"href":"https:\/\/uniekeuitjes.nl\/de\/wp-json\/wp\/v2\/media?parent=11831"}],"wp:term":[{"taxonomy":"category","embeddable":true,"href":"https:\/\/uniekeuitjes.nl\/de\/wp-json\/wp\/v2\/categories?post=11831"}],"curies":[{"name":"wp","href":"https:\/\/api.w.org\/{rel}","templated":true}]}}