{"id":11832,"date":"2019-02-18T13:41:44","date_gmt":"2019-02-18T13:41:44","guid":{"rendered":"https:\/\/uniekeuitjes.nl\/museum-stahl-almen\/"},"modified":"2019-02-18T13:41:44","modified_gmt":"2019-02-18T13:41:44","slug":"museum-stahl-almen","status":"publish","type":"page","link":"https:\/\/uniekeuitjes.nl\/de\/museum-stahl-almen\/","title":{"rendered":"Museum Stahl Almen"},"content":{"rendered":"<h2>\u00dcber das Museum STAAL<\/h2>\n<p>Das Museum Staal ist ein stimmungsvolles historisches Museum in Almen, in dem die Gedichte von Staring Sie in die Achterhoek des neunzehnten Jahrhunderts und in die Gegenwart entf\u00fchren. Das Museum befindet sich in der Mitte des Dorfes Almen, 10 Minuten von der Basis von Unique Outings entfernt.<\/p>\n<p><a href=\"https:\/\/www.museumstaal.nl\"><img loading=\"lazy\" decoding=\"async\" class=\"alignnone wp-image-1313\" src=\"http:\/\/uniekeuitjes.nl\/wp-content\/uploads\/2019\/05\/Museum-Staal-foto-Jan-Postma-1024x685.jpg\" alt=\"\" width=\"626\" height=\"419\" srcset=\"https:\/\/uniekeuitjes.nl\/wp-content\/uploads\/2019\/05\/Museum-Staal-foto-Jan-Postma-1024x685.jpg 1024w, https:\/\/uniekeuitjes.nl\/wp-content\/uploads\/2019\/05\/Museum-Staal-foto-Jan-Postma-300x201.jpg 300w, https:\/\/uniekeuitjes.nl\/wp-content\/uploads\/2019\/05\/Museum-Staal-foto-Jan-Postma-768x514.jpg 768w, https:\/\/uniekeuitjes.nl\/wp-content\/uploads\/2019\/05\/Museum-Staal-foto-Jan-Postma-600x401.jpg 600w, https:\/\/uniekeuitjes.nl\/wp-content\/uploads\/2019\/05\/Museum-Staal-foto-Jan-Postma.jpg 1899w\" sizes=\"auto, (max-width: 626px) 100vw, 626px\" \/><\/a><\/p>\n<h3>Die Umwelt<\/h3>\n<p>Vor oder nach Ihrem Museumsbesuch k\u00f6nnen Sie Almen und seine sch\u00f6ne Umgebung genie\u00dfen. Finden Sie die Kombination, die zu Ihnen passt, mit den vielen Aktivit\u00e4ten, die wir in und um Almen anbieten. Sie k\u00f6nnen zum Beispiel eine sch\u00f6ne Tour mit einem Solex oder Tuk Tuk durch die Kulissenlandschaft mit ihren W\u00e4ldern, Wiesen und Schl\u00f6ssern unternehmen. Wir haben tolle Routen f\u00fcr Sie, die auch im Museumsshop und auf der Website <a href=\"http:\/\/www.almen-info.nl\/cms\/nl\/content\/wandel-en-fietsroutes\" target=\"_blank\" rel=\"noopener noreferrer\">www.almen-info.nl<\/a> erh\u00e4ltlich sind <a href=\"http:\/\/www.almen-info.nl\/cms\/nl\/content\/wandel-en-fietsroutes\" target=\"_blank\" rel=\"noopener noreferrer\">.<\/a><\/p>\n<p>&nbsp;<\/p>\n<p>Oder wie w\u00e4re es mit einer Fahrradtour f\u00fcr eine ganze Gruppe, Bogen- und Armbrustschie\u00dfen, einem Besuch in einer Galerie oder einem leckeren Essen in einem der \u00f6rtlichen Restaurants. Die St\u00e4dte Zutphen und Lochem sind jeweils zehn Kilometer entfernt und machen das Museum STAAL zu einem perfekten Zwischenstopp. Wir k\u00f6nnen Ihnen viele weitere Aktivit\u00e4ten anbieten, die Ihren Besuch im Museum STAAL perfekt erg\u00e4nzen.<\/p>\n<p>&nbsp;<\/p>\n<h4><strong>Einige unserer Aktivit\u00e4ten in Almen:<\/strong><\/h4>\n<p>Unique Uitjes bietet sehr viele Aktivit\u00e4ten, Pakete und Ausfl\u00fcge in Almen an. In welchem Museum STAAL kann nat\u00fcrlich eine sch\u00f6ne Erg\u00e4nzung zu den bereits sch\u00f6nen Routen und Aktivit\u00e4ten sein. Wir haben unseren Sitz in Laren, das etwa 10 Autominuten von Almen entfernt ist.<\/p>\n<p><a href=\"https:\/\/uniekeuitjes.nl\"><img loading=\"lazy\" decoding=\"async\" class=\"alignnone wp-image-377\" src=\"http:\/\/uniekeuitjes.nl\/wp-content\/uploads\/2019\/02\/site-login-logo.png\" alt=\"Kombinieren Sie Ihren Besuch im Museum Staal mit unseren einzigartigen Ausfl\u00fcgen!\" width=\"630\" height=\"307\" srcset=\"https:\/\/uniekeuitjes.nl\/wp-content\/uploads\/2019\/02\/site-login-logo.png 708w, https:\/\/uniekeuitjes.nl\/wp-content\/uploads\/2019\/02\/site-login-logo-300x146.png 300w, https:\/\/uniekeuitjes.nl\/wp-content\/uploads\/2019\/02\/site-login-logo-600x292.png 600w\" sizes=\"auto, (max-width: 630px) 100vw, 630px\" \/><\/a><\/p>\n","protected":false},"excerpt":{"rendered":"<p>\u00dcber das Museum STAAL Das Museum Staal ist ein stimmungsvolles historisches Museum in Almen, in dem die Gedichte von Staring Sie in die Achterhoek des neunzehnten Jahrhunderts und in die Gegenwart entf\u00fchren. Das Museum befindet sich in der Mitte des Dorfes Almen, 10 Minuten von der Basis von Unique Outings entfernt. Die Umwelt Vor oder [&hellip;]<\/p>\n","protected":false},"author":1,"featured_media":0,"parent":0,"menu_order":0,"comment_status":"closed","ping_status":"closed","template":"","meta":{"_acf_changed":false,"_monsterinsights_skip_tracking":false,"_monsterinsights_sitenote_active":false,"_monsterinsights_sitenote_note":"","_monsterinsights_sitenote_category":0,"footnotes":""},"categories":[73],"class_list":["post-11832","page","type-page","status-publish","hentry","category-zielseite"],"acf":[],"yoast_head":"<!-- This site is optimized with the Yoast SEO plugin v27.5 - https:\/\/yoast.com\/product\/yoast-seo-wordpress\/ -->\n<title>Museum Stahl Almen - Uniekeuitjes.nl<\/title>\n<meta name=\"description\" content=\"Vor oder nach Ihrem Besuch im Museum Staal k\u00f6nnen Sie mit einem Solex, Chopper oder Tuk Tuk von UniqueUitjes Almen und seine sch\u00f6ne Umgebung erkunden.\" \/>\n<meta name=\"robots\" content=\"index, follow, max-snippet:-1, max-image-preview:large, max-video-preview:-1\" \/>\n<link rel=\"canonical\" href=\"https:\/\/uniekeuitjes.nl\/de\/museum-stahl-almen\/\" \/>\n<meta property=\"og:locale\" content=\"nl_NL\" \/>\n<meta property=\"og:type\" content=\"article\" \/>\n<meta property=\"og:title\" content=\"Museum Stahl Almen - Uniekeuitjes.nl\" \/>\n<meta property=\"og:description\" content=\"Vor oder nach Ihrem Besuch im Museum Staal k\u00f6nnen Sie mit einem Solex, Chopper oder Tuk Tuk von UniqueUitjes Almen und seine sch\u00f6ne Umgebung erkunden.\" \/>\n<meta property=\"og:url\" content=\"https:\/\/uniekeuitjes.nl\/de\/museum-stahl-almen\/\" \/>\n<meta property=\"og:site_name\" content=\"Uniekeuitjes.nl\" \/>\n<meta property=\"article:publisher\" content=\"https:\/\/www.facebook.com\/uniekeuitjes.nl\" \/>\n<meta property=\"og:image\" content=\"http:\/\/uniekeuitjes.nl\/wp-content\/uploads\/2019\/05\/Museum-Staal-foto-Jan-Postma-1024x685.jpg\" \/>\n<meta name=\"twitter:card\" content=\"summary_large_image\" \/>\n<meta name=\"twitter:label1\" content=\"Geschatte leestijd\" \/>\n\t<meta name=\"twitter:data1\" content=\"1 minuut\" \/>\n<script type=\"application\/ld+json\" class=\"yoast-schema-graph\">{\"@context\":\"https:\\\/\\\/schema.org\",\"@graph\":[{\"@type\":\"WebPage\",\"@id\":\"https:\\\/\\\/uniekeuitjes.nl\\\/de\\\/museum-stahl-almen\\\/\",\"url\":\"https:\\\/\\\/uniekeuitjes.nl\\\/de\\\/museum-stahl-almen\\\/\",\"name\":\"Museum Stahl Almen - Uniekeuitjes.nl\",\"isPartOf\":{\"@id\":\"\\\/#website\"},\"primaryImageOfPage\":{\"@id\":\"https:\\\/\\\/uniekeuitjes.nl\\\/de\\\/museum-stahl-almen\\\/#primaryimage\"},\"image\":{\"@id\":\"https:\\\/\\\/uniekeuitjes.nl\\\/de\\\/museum-stahl-almen\\\/#primaryimage\"},\"thumbnailUrl\":\"http:\\\/\\\/uniekeuitjes.nl\\\/wp-content\\\/uploads\\\/2019\\\/05\\\/Museum-Staal-foto-Jan-Postma-1024x685.jpg\",\"datePublished\":\"2019-02-18T13:41:44+00:00\",\"description\":\"Vor oder nach Ihrem Besuch im Museum Staal k\u00f6nnen Sie mit einem Solex, Chopper oder Tuk Tuk von UniqueUitjes Almen und seine sch\u00f6ne Umgebung erkunden.\",\"breadcrumb\":{\"@id\":\"https:\\\/\\\/uniekeuitjes.nl\\\/de\\\/museum-stahl-almen\\\/#breadcrumb\"},\"inLanguage\":\"nl-NL\",\"potentialAction\":[{\"@type\":\"ReadAction\",\"target\":[\"https:\\\/\\\/uniekeuitjes.nl\\\/de\\\/museum-stahl-almen\\\/\"]}]},{\"@type\":\"ImageObject\",\"inLanguage\":\"nl-NL\",\"@id\":\"https:\\\/\\\/uniekeuitjes.nl\\\/de\\\/museum-stahl-almen\\\/#primaryimage\",\"url\":\"http:\\\/\\\/uniekeuitjes.nl\\\/wp-content\\\/uploads\\\/2019\\\/05\\\/Museum-Staal-foto-Jan-Postma-1024x685.jpg\",\"contentUrl\":\"http:\\\/\\\/uniekeuitjes.nl\\\/wp-content\\\/uploads\\\/2019\\\/05\\\/Museum-Staal-foto-Jan-Postma-1024x685.jpg\"},{\"@type\":\"BreadcrumbList\",\"@id\":\"https:\\\/\\\/uniekeuitjes.nl\\\/de\\\/museum-stahl-almen\\\/#breadcrumb\",\"itemListElement\":[{\"@type\":\"ListItem\",\"position\":1,\"name\":\"Home\",\"item\":\"https:\\\/\\\/uniekeuitjes.nl\\\/de\\\/\"},{\"@type\":\"ListItem\",\"position\":2,\"name\":\"Museum Stahl Almen\"}]},{\"@type\":\"WebSite\",\"@id\":\"\\\/#website\",\"url\":\"\\\/\",\"name\":\"Uniekeuitjes.nl\",\"description\":\"Goedkope leuke uitjes zelf samen te stellen\",\"publisher\":{\"@id\":\"\\\/#organization\"},\"potentialAction\":[{\"@type\":\"SearchAction\",\"target\":{\"@type\":\"EntryPoint\",\"urlTemplate\":\"\\\/?s={search_term_string}\"},\"query-input\":{\"@type\":\"PropertyValueSpecification\",\"valueRequired\":true,\"valueName\":\"search_term_string\"}}],\"inLanguage\":\"nl-NL\"},{\"@type\":\"Organization\",\"@id\":\"\\\/#organization\",\"name\":\"Unieke Uitjes\",\"url\":\"\\\/\",\"logo\":{\"@type\":\"ImageObject\",\"inLanguage\":\"nl-NL\",\"@id\":\"\\\/#\\\/schema\\\/logo\\\/image\\\/\",\"url\":\"https:\\\/\\\/uniekeuitjes.nl\\\/wp-content\\\/uploads\\\/2019\\\/02\\\/site-login-logo.png\",\"contentUrl\":\"https:\\\/\\\/uniekeuitjes.nl\\\/wp-content\\\/uploads\\\/2019\\\/02\\\/site-login-logo.png\",\"width\":708,\"height\":345,\"caption\":\"Unieke Uitjes\"},\"image\":{\"@id\":\"\\\/#\\\/schema\\\/logo\\\/image\\\/\"},\"sameAs\":[\"https:\\\/\\\/www.facebook.com\\\/uniekeuitjes.nl\",\"https:\\\/\\\/www.instagram.com\\\/uniekeuitjes.nl\\\/\",\"https:\\\/\\\/www.linkedin.com\\\/company\\\/unieke-uitjes-nl\",\"https:\\\/\\\/www.youtube.com\\\/channel\\\/UCXwRXFWP_R0kxRAeL79FQfw\"]}]}<\/script>\n<!-- \/ Yoast SEO plugin. -->","yoast_head_json":{"title":"Museum Stahl Almen - Uniekeuitjes.nl","description":"Vor oder nach Ihrem Besuch im Museum Staal k\u00f6nnen Sie mit einem Solex, Chopper oder Tuk Tuk von UniqueUitjes Almen und seine sch\u00f6ne Umgebung erkunden.","robots":{"index":"index","follow":"follow","max-snippet":"max-snippet:-1","max-image-preview":"max-image-preview:large","max-video-preview":"max-video-preview:-1"},"canonical":"https:\/\/uniekeuitjes.nl\/de\/museum-stahl-almen\/","og_locale":"nl_NL","og_type":"article","og_title":"Museum Stahl Almen - Uniekeuitjes.nl","og_description":"Vor oder nach Ihrem Besuch im Museum Staal k\u00f6nnen Sie mit einem Solex, Chopper oder Tuk Tuk von UniqueUitjes Almen und seine sch\u00f6ne Umgebung erkunden.","og_url":"https:\/\/uniekeuitjes.nl\/de\/museum-stahl-almen\/","og_site_name":"Uniekeuitjes.nl","article_publisher":"https:\/\/www.facebook.com\/uniekeuitjes.nl","og_image":[{"url":"http:\/\/uniekeuitjes.nl\/wp-content\/uploads\/2019\/05\/Museum-Staal-foto-Jan-Postma-1024x685.jpg","type":"","width":"","height":""}],"twitter_card":"summary_large_image","twitter_misc":{"Geschatte leestijd":"1 minuut"},"schema":{"@context":"https:\/\/schema.org","@graph":[{"@type":"WebPage","@id":"https:\/\/uniekeuitjes.nl\/de\/museum-stahl-almen\/","url":"https:\/\/uniekeuitjes.nl\/de\/museum-stahl-almen\/","name":"Museum Stahl Almen - Uniekeuitjes.nl","isPartOf":{"@id":"\/#website"},"primaryImageOfPage":{"@id":"https:\/\/uniekeuitjes.nl\/de\/museum-stahl-almen\/#primaryimage"},"image":{"@id":"https:\/\/uniekeuitjes.nl\/de\/museum-stahl-almen\/#primaryimage"},"thumbnailUrl":"http:\/\/uniekeuitjes.nl\/wp-content\/uploads\/2019\/05\/Museum-Staal-foto-Jan-Postma-1024x685.jpg","datePublished":"2019-02-18T13:41:44+00:00","description":"Vor oder nach Ihrem Besuch im Museum Staal k\u00f6nnen Sie mit einem Solex, Chopper oder Tuk Tuk von UniqueUitjes Almen und seine sch\u00f6ne Umgebung erkunden.","breadcrumb":{"@id":"https:\/\/uniekeuitjes.nl\/de\/museum-stahl-almen\/#breadcrumb"},"inLanguage":"nl-NL","potentialAction":[{"@type":"ReadAction","target":["https:\/\/uniekeuitjes.nl\/de\/museum-stahl-almen\/"]}]},{"@type":"ImageObject","inLanguage":"nl-NL","@id":"https:\/\/uniekeuitjes.nl\/de\/museum-stahl-almen\/#primaryimage","url":"http:\/\/uniekeuitjes.nl\/wp-content\/uploads\/2019\/05\/Museum-Staal-foto-Jan-Postma-1024x685.jpg","contentUrl":"http:\/\/uniekeuitjes.nl\/wp-content\/uploads\/2019\/05\/Museum-Staal-foto-Jan-Postma-1024x685.jpg"},{"@type":"BreadcrumbList","@id":"https:\/\/uniekeuitjes.nl\/de\/museum-stahl-almen\/#breadcrumb","itemListElement":[{"@type":"ListItem","position":1,"name":"Home","item":"https:\/\/uniekeuitjes.nl\/de\/"},{"@type":"ListItem","position":2,"name":"Museum Stahl Almen"}]},{"@type":"WebSite","@id":"\/#website","url":"\/","name":"Uniekeuitjes.nl","description":"Goedkope leuke uitjes zelf samen te stellen","publisher":{"@id":"\/#organization"},"potentialAction":[{"@type":"SearchAction","target":{"@type":"EntryPoint","urlTemplate":"\/?s={search_term_string}"},"query-input":{"@type":"PropertyValueSpecification","valueRequired":true,"valueName":"search_term_string"}}],"inLanguage":"nl-NL"},{"@type":"Organization","@id":"\/#organization","name":"Unieke Uitjes","url":"\/","logo":{"@type":"ImageObject","inLanguage":"nl-NL","@id":"\/#\/schema\/logo\/image\/","url":"https:\/\/uniekeuitjes.nl\/wp-content\/uploads\/2019\/02\/site-login-logo.png","contentUrl":"https:\/\/uniekeuitjes.nl\/wp-content\/uploads\/2019\/02\/site-login-logo.png","width":708,"height":345,"caption":"Unieke Uitjes"},"image":{"@id":"\/#\/schema\/logo\/image\/"},"sameAs":["https:\/\/www.facebook.com\/uniekeuitjes.nl","https:\/\/www.instagram.com\/uniekeuitjes.nl\/","https:\/\/www.linkedin.com\/company\/unieke-uitjes-nl","https:\/\/www.youtube.com\/channel\/UCXwRXFWP_R0kxRAeL79FQfw"]}]}},"_links":{"self":[{"href":"https:\/\/uniekeuitjes.nl\/de\/wp-json\/wp\/v2\/pages\/11832","targetHints":{"allow":["GET"]}}],"collection":[{"href":"https:\/\/uniekeuitjes.nl\/de\/wp-json\/wp\/v2\/pages"}],"about":[{"href":"https:\/\/uniekeuitjes.nl\/de\/wp-json\/wp\/v2\/types\/page"}],"author":[{"embeddable":true,"href":"https:\/\/uniekeuitjes.nl\/de\/wp-json\/wp\/v2\/users\/1"}],"replies":[{"embeddable":true,"href":"https:\/\/uniekeuitjes.nl\/de\/wp-json\/wp\/v2\/comments?post=11832"}],"version-history":[{"count":0,"href":"https:\/\/uniekeuitjes.nl\/de\/wp-json\/wp\/v2\/pages\/11832\/revisions"}],"wp:attachment":[{"href":"https:\/\/uniekeuitjes.nl\/de\/wp-json\/wp\/v2\/media?parent=11832"}],"wp:term":[{"taxonomy":"category","embeddable":true,"href":"https:\/\/uniekeuitjes.nl\/de\/wp-json\/wp\/v2\/categories?post=11832"}],"curies":[{"name":"wp","href":"https:\/\/api.w.org\/{rel}","templated":true}]}}