{"id":11833,"date":"2019-02-18T13:40:28","date_gmt":"2019-02-18T13:40:28","guid":{"rendered":"https:\/\/uniekeuitjes.nl\/museum-mehr-gorssel\/"},"modified":"2019-02-18T13:40:28","modified_gmt":"2019-02-18T13:40:28","slug":"museum-mehr-gorssel","status":"publish","type":"page","link":"https:\/\/uniekeuitjes.nl\/de\/museum-mehr-gorssel\/","title":{"rendered":"Museum Mehr Gorssel"},"content":{"rendered":"<h2>Touren der anderen Art, kombiniert mit Museum Mehr<\/h2>\n<p>Die Achterhoek hat viel zu bieten, sowohl Natur als auch Kultur. Eine Tour mit einem Chopper, Tandem, Tuktuk oder einem Solex durch die wundersch\u00f6ne Umgebung des Museum More ist eines der Dinge, die wir anbieten.<\/p>\n<h2><\/h2>\n<h2>\u00dcber das Museum Mehr<\/h2>\n<p>Als gr\u00f6\u00dftes Museum f\u00fcr Modernen Realismus steht die Kunstsammlung von Hans und Monique Melchers im Mittelpunkt des Museum MORE. Das Spezialmuseum hat zum Ziel, <a href=\"https:\/\/www.museummore.nl\/nu-te-zien\/\" target=\"_blank\" rel=\"noopener noreferrer\">diese Sammlung<\/a>, die einen wichtigen Teil unseres nationalen Kulturerbes darstellt, f\u00fcr k\u00fcnftige Generationen zu verwalten und sie dauerhaft einem breiten Publikum zug\u00e4nglich zu machen. Das Museum will die Wertsch\u00e4tzung f\u00fcr die herausragenden Leistungen des niederl\u00e4ndischen Realismus f\u00f6rdern. Der Schwerpunkt liegt dabei auf der Kunst des 20. Jahrhunderts und der Gegenwart. Neben der eigenen Sammlung gibt es st\u00e4ndig wechselnde Ausstellungen, die das unendlich reiche Spektrum der realistischen Kunst zeigen.<\/p>\n<p>&nbsp;<\/p>\n<p>Die Entscheidung, das Museum MORE im Achterhoek anzusiedeln, geht auf den Wunsch der Initiatoren Hans und Monique Melchers zur\u00fcck. Mit diesem Museum m\u00f6chte das Ehepaar der Region, in der sie gerne leben, etwas zur\u00fcckgeben. Der Hauptstandort von MORE befindet sich in Gorssel, in der N\u00e4he von Deventer. Der zweite Standort von MORE im Schloss Ruurlo ist seit Juni 2017 ge\u00f6ffnet. Das Schloss beherbergt in monumentaler Weise das Werk und das Leben von Carel Willink.<\/p>\n<p>&nbsp;<\/p>\n<h4><strong>Einige unserer Aktivit\u00e4ten in Gorssel:<\/strong><\/h4>\n<p>Unique Uitjes bietet sehr viele Aktivit\u00e4ten, Pakete und Ausfl\u00fcge in Gorssel an. Das Museum More kann nat\u00fcrlich eine sch\u00f6ne Erg\u00e4nzung zu den ohnehin schon sch\u00f6nen Routen und Aktivit\u00e4ten sein. Wir haben unseren Sitz in Laren, das etwa 10 bis 15 Autominuten von Gorssel entfernt ist.<\/p>\n<p>&nbsp;<\/p>\n<p><a href=\"https:\/\/uniekeuitjes.nl\"><img loading=\"lazy\" decoding=\"async\" class=\"alignnone wp-image-377\" src=\"http:\/\/uniekeuitjes.nl\/wp-content\/uploads\/2019\/02\/site-login-logo.png\" alt=\"Museum More Gorssel mit einmaligen Ausfl\u00fcgen kombinieren? Das k\u00f6nnen Sie!\" width=\"560\" height=\"273\" srcset=\"https:\/\/uniekeuitjes.nl\/wp-content\/uploads\/2019\/02\/site-login-logo.png 708w, https:\/\/uniekeuitjes.nl\/wp-content\/uploads\/2019\/02\/site-login-logo-300x146.png 300w, https:\/\/uniekeuitjes.nl\/wp-content\/uploads\/2019\/02\/site-login-logo-600x292.png 600w\" sizes=\"auto, (max-width: 560px) 100vw, 560px\" \/><\/a><\/p>\n","protected":false},"excerpt":{"rendered":"<p>Touren der anderen Art, kombiniert mit Museum Mehr Die Achterhoek hat viel zu bieten, sowohl Natur als auch Kultur. Eine Tour mit einem Chopper, Tandem, Tuktuk oder einem Solex durch die wundersch\u00f6ne Umgebung des Museum More ist eines der Dinge, die wir anbieten. \u00dcber das Museum Mehr Als gr\u00f6\u00dftes Museum f\u00fcr Modernen Realismus steht die [&hellip;]<\/p>\n","protected":false},"author":1,"featured_media":0,"parent":0,"menu_order":0,"comment_status":"closed","ping_status":"closed","template":"","meta":{"_acf_changed":false,"_monsterinsights_skip_tracking":false,"_monsterinsights_sitenote_active":false,"_monsterinsights_sitenote_note":"","_monsterinsights_sitenote_category":0,"footnotes":""},"categories":[73],"class_list":["post-11833","page","type-page","status-publish","hentry","category-zielseite"],"acf":[],"yoast_head":"<!-- This site is optimized with the Yoast SEO plugin v27.4 - https:\/\/yoast.com\/product\/yoast-seo-wordpress\/ -->\n<title>Museum Mehr Gorssel - Uniekeuitjes.nl<\/title>\n<meta name=\"description\" content=\"Eine Chopper- oder Solotour durch die sch\u00f6ne Umgebung via Museum More in Gorssel, das ist m\u00f6glich bei UniqueUitjes.nl!\" \/>\n<meta name=\"robots\" content=\"index, follow, max-snippet:-1, max-image-preview:large, max-video-preview:-1\" \/>\n<link rel=\"canonical\" href=\"https:\/\/uniekeuitjes.nl\/de\/museum-mehr-gorssel\/\" \/>\n<meta property=\"og:locale\" content=\"nl_NL\" \/>\n<meta property=\"og:type\" content=\"article\" \/>\n<meta property=\"og:title\" content=\"Museum Mehr Gorssel - Uniekeuitjes.nl\" \/>\n<meta property=\"og:description\" content=\"Eine Chopper- oder Solotour durch die sch\u00f6ne Umgebung via Museum More in Gorssel, das ist m\u00f6glich bei UniqueUitjes.nl!\" \/>\n<meta property=\"og:url\" content=\"https:\/\/uniekeuitjes.nl\/de\/museum-mehr-gorssel\/\" \/>\n<meta property=\"og:site_name\" content=\"Uniekeuitjes.nl\" \/>\n<meta property=\"article:publisher\" content=\"https:\/\/www.facebook.com\/uniekeuitjes.nl\" \/>\n<meta property=\"og:image\" content=\"http:\/\/uniekeuitjes.nl\/wp-content\/uploads\/2019\/02\/site-login-logo.png\" \/>\n<meta name=\"twitter:card\" content=\"summary_large_image\" \/>\n<meta name=\"twitter:label1\" content=\"Geschatte leestijd\" \/>\n\t<meta name=\"twitter:data1\" content=\"1 minuut\" \/>\n<script type=\"application\/ld+json\" class=\"yoast-schema-graph\">{\"@context\":\"https:\\\/\\\/schema.org\",\"@graph\":[{\"@type\":\"WebPage\",\"@id\":\"https:\\\/\\\/uniekeuitjes.nl\\\/de\\\/museum-mehr-gorssel\\\/\",\"url\":\"https:\\\/\\\/uniekeuitjes.nl\\\/de\\\/museum-mehr-gorssel\\\/\",\"name\":\"Museum Mehr Gorssel - Uniekeuitjes.nl\",\"isPartOf\":{\"@id\":\"\\\/#website\"},\"primaryImageOfPage\":{\"@id\":\"https:\\\/\\\/uniekeuitjes.nl\\\/de\\\/museum-mehr-gorssel\\\/#primaryimage\"},\"image\":{\"@id\":\"https:\\\/\\\/uniekeuitjes.nl\\\/de\\\/museum-mehr-gorssel\\\/#primaryimage\"},\"thumbnailUrl\":\"http:\\\/\\\/uniekeuitjes.nl\\\/wp-content\\\/uploads\\\/2019\\\/02\\\/site-login-logo.png\",\"datePublished\":\"2019-02-18T13:40:28+00:00\",\"description\":\"Eine Chopper- oder Solotour durch die sch\u00f6ne Umgebung via Museum More in Gorssel, das ist m\u00f6glich bei UniqueUitjes.nl!\",\"breadcrumb\":{\"@id\":\"https:\\\/\\\/uniekeuitjes.nl\\\/de\\\/museum-mehr-gorssel\\\/#breadcrumb\"},\"inLanguage\":\"nl-NL\",\"potentialAction\":[{\"@type\":\"ReadAction\",\"target\":[\"https:\\\/\\\/uniekeuitjes.nl\\\/de\\\/museum-mehr-gorssel\\\/\"]}]},{\"@type\":\"ImageObject\",\"inLanguage\":\"nl-NL\",\"@id\":\"https:\\\/\\\/uniekeuitjes.nl\\\/de\\\/museum-mehr-gorssel\\\/#primaryimage\",\"url\":\"http:\\\/\\\/uniekeuitjes.nl\\\/wp-content\\\/uploads\\\/2019\\\/02\\\/site-login-logo.png\",\"contentUrl\":\"http:\\\/\\\/uniekeuitjes.nl\\\/wp-content\\\/uploads\\\/2019\\\/02\\\/site-login-logo.png\"},{\"@type\":\"BreadcrumbList\",\"@id\":\"https:\\\/\\\/uniekeuitjes.nl\\\/de\\\/museum-mehr-gorssel\\\/#breadcrumb\",\"itemListElement\":[{\"@type\":\"ListItem\",\"position\":1,\"name\":\"Home\",\"item\":\"https:\\\/\\\/uniekeuitjes.nl\\\/de\\\/\"},{\"@type\":\"ListItem\",\"position\":2,\"name\":\"Museum Mehr Gorssel\"}]},{\"@type\":\"WebSite\",\"@id\":\"\\\/#website\",\"url\":\"\\\/\",\"name\":\"Uniekeuitjes.nl\",\"description\":\"Goedkope leuke uitjes zelf samen te stellen\",\"publisher\":{\"@id\":\"\\\/#organization\"},\"potentialAction\":[{\"@type\":\"SearchAction\",\"target\":{\"@type\":\"EntryPoint\",\"urlTemplate\":\"\\\/?s={search_term_string}\"},\"query-input\":{\"@type\":\"PropertyValueSpecification\",\"valueRequired\":true,\"valueName\":\"search_term_string\"}}],\"inLanguage\":\"nl-NL\"},{\"@type\":\"Organization\",\"@id\":\"\\\/#organization\",\"name\":\"Unieke Uitjes\",\"url\":\"\\\/\",\"logo\":{\"@type\":\"ImageObject\",\"inLanguage\":\"nl-NL\",\"@id\":\"\\\/#\\\/schema\\\/logo\\\/image\\\/\",\"url\":\"https:\\\/\\\/uniekeuitjes.nl\\\/wp-content\\\/uploads\\\/2019\\\/02\\\/site-login-logo.png\",\"contentUrl\":\"https:\\\/\\\/uniekeuitjes.nl\\\/wp-content\\\/uploads\\\/2019\\\/02\\\/site-login-logo.png\",\"width\":708,\"height\":345,\"caption\":\"Unieke Uitjes\"},\"image\":{\"@id\":\"\\\/#\\\/schema\\\/logo\\\/image\\\/\"},\"sameAs\":[\"https:\\\/\\\/www.facebook.com\\\/uniekeuitjes.nl\",\"https:\\\/\\\/www.instagram.com\\\/uniekeuitjes.nl\\\/\",\"https:\\\/\\\/www.linkedin.com\\\/company\\\/unieke-uitjes-nl\",\"https:\\\/\\\/www.youtube.com\\\/channel\\\/UCXwRXFWP_R0kxRAeL79FQfw\"]}]}<\/script>\n<!-- \/ Yoast SEO plugin. -->","yoast_head_json":{"title":"Museum Mehr Gorssel - Uniekeuitjes.nl","description":"Eine Chopper- oder Solotour durch die sch\u00f6ne Umgebung via Museum More in Gorssel, das ist m\u00f6glich bei UniqueUitjes.nl!","robots":{"index":"index","follow":"follow","max-snippet":"max-snippet:-1","max-image-preview":"max-image-preview:large","max-video-preview":"max-video-preview:-1"},"canonical":"https:\/\/uniekeuitjes.nl\/de\/museum-mehr-gorssel\/","og_locale":"nl_NL","og_type":"article","og_title":"Museum Mehr Gorssel - Uniekeuitjes.nl","og_description":"Eine Chopper- oder Solotour durch die sch\u00f6ne Umgebung via Museum More in Gorssel, das ist m\u00f6glich bei UniqueUitjes.nl!","og_url":"https:\/\/uniekeuitjes.nl\/de\/museum-mehr-gorssel\/","og_site_name":"Uniekeuitjes.nl","article_publisher":"https:\/\/www.facebook.com\/uniekeuitjes.nl","og_image":[{"url":"http:\/\/uniekeuitjes.nl\/wp-content\/uploads\/2019\/02\/site-login-logo.png","type":"","width":"","height":""}],"twitter_card":"summary_large_image","twitter_misc":{"Geschatte leestijd":"1 minuut"},"schema":{"@context":"https:\/\/schema.org","@graph":[{"@type":"WebPage","@id":"https:\/\/uniekeuitjes.nl\/de\/museum-mehr-gorssel\/","url":"https:\/\/uniekeuitjes.nl\/de\/museum-mehr-gorssel\/","name":"Museum Mehr Gorssel - Uniekeuitjes.nl","isPartOf":{"@id":"\/#website"},"primaryImageOfPage":{"@id":"https:\/\/uniekeuitjes.nl\/de\/museum-mehr-gorssel\/#primaryimage"},"image":{"@id":"https:\/\/uniekeuitjes.nl\/de\/museum-mehr-gorssel\/#primaryimage"},"thumbnailUrl":"http:\/\/uniekeuitjes.nl\/wp-content\/uploads\/2019\/02\/site-login-logo.png","datePublished":"2019-02-18T13:40:28+00:00","description":"Eine Chopper- oder Solotour durch die sch\u00f6ne Umgebung via Museum More in Gorssel, das ist m\u00f6glich bei UniqueUitjes.nl!","breadcrumb":{"@id":"https:\/\/uniekeuitjes.nl\/de\/museum-mehr-gorssel\/#breadcrumb"},"inLanguage":"nl-NL","potentialAction":[{"@type":"ReadAction","target":["https:\/\/uniekeuitjes.nl\/de\/museum-mehr-gorssel\/"]}]},{"@type":"ImageObject","inLanguage":"nl-NL","@id":"https:\/\/uniekeuitjes.nl\/de\/museum-mehr-gorssel\/#primaryimage","url":"http:\/\/uniekeuitjes.nl\/wp-content\/uploads\/2019\/02\/site-login-logo.png","contentUrl":"http:\/\/uniekeuitjes.nl\/wp-content\/uploads\/2019\/02\/site-login-logo.png"},{"@type":"BreadcrumbList","@id":"https:\/\/uniekeuitjes.nl\/de\/museum-mehr-gorssel\/#breadcrumb","itemListElement":[{"@type":"ListItem","position":1,"name":"Home","item":"https:\/\/uniekeuitjes.nl\/de\/"},{"@type":"ListItem","position":2,"name":"Museum Mehr Gorssel"}]},{"@type":"WebSite","@id":"\/#website","url":"\/","name":"Uniekeuitjes.nl","description":"Goedkope leuke uitjes zelf samen te stellen","publisher":{"@id":"\/#organization"},"potentialAction":[{"@type":"SearchAction","target":{"@type":"EntryPoint","urlTemplate":"\/?s={search_term_string}"},"query-input":{"@type":"PropertyValueSpecification","valueRequired":true,"valueName":"search_term_string"}}],"inLanguage":"nl-NL"},{"@type":"Organization","@id":"\/#organization","name":"Unieke Uitjes","url":"\/","logo":{"@type":"ImageObject","inLanguage":"nl-NL","@id":"\/#\/schema\/logo\/image\/","url":"https:\/\/uniekeuitjes.nl\/wp-content\/uploads\/2019\/02\/site-login-logo.png","contentUrl":"https:\/\/uniekeuitjes.nl\/wp-content\/uploads\/2019\/02\/site-login-logo.png","width":708,"height":345,"caption":"Unieke Uitjes"},"image":{"@id":"\/#\/schema\/logo\/image\/"},"sameAs":["https:\/\/www.facebook.com\/uniekeuitjes.nl","https:\/\/www.instagram.com\/uniekeuitjes.nl\/","https:\/\/www.linkedin.com\/company\/unieke-uitjes-nl","https:\/\/www.youtube.com\/channel\/UCXwRXFWP_R0kxRAeL79FQfw"]}]}},"_links":{"self":[{"href":"https:\/\/uniekeuitjes.nl\/de\/wp-json\/wp\/v2\/pages\/11833","targetHints":{"allow":["GET"]}}],"collection":[{"href":"https:\/\/uniekeuitjes.nl\/de\/wp-json\/wp\/v2\/pages"}],"about":[{"href":"https:\/\/uniekeuitjes.nl\/de\/wp-json\/wp\/v2\/types\/page"}],"author":[{"embeddable":true,"href":"https:\/\/uniekeuitjes.nl\/de\/wp-json\/wp\/v2\/users\/1"}],"replies":[{"embeddable":true,"href":"https:\/\/uniekeuitjes.nl\/de\/wp-json\/wp\/v2\/comments?post=11833"}],"version-history":[{"count":0,"href":"https:\/\/uniekeuitjes.nl\/de\/wp-json\/wp\/v2\/pages\/11833\/revisions"}],"wp:attachment":[{"href":"https:\/\/uniekeuitjes.nl\/de\/wp-json\/wp\/v2\/media?parent=11833"}],"wp:term":[{"taxonomy":"category","embeddable":true,"href":"https:\/\/uniekeuitjes.nl\/de\/wp-json\/wp\/v2\/categories?post=11833"}],"curies":[{"name":"wp","href":"https:\/\/api.w.org\/{rel}","templated":true}]}}