{"id":11835,"date":"2019-02-18T13:32:28","date_gmt":"2019-02-18T13:32:28","guid":{"rendered":"https:\/\/uniekeuitjes.nl\/shuttles\/"},"modified":"2019-02-18T13:32:28","modified_gmt":"2019-02-18T13:32:28","slug":"shuttles","status":"publish","type":"page","link":"https:\/\/uniekeuitjes.nl\/de\/shuttles\/","title":{"rendered":"Shuttles"},"content":{"rendered":"<h2>Shuttle-Dienste mit Limousine Tuk Tuk&#8217;s:<\/h2>\n<p>Unsere elektrischen 7-Sitzer Limousine Tuk Tuk&#8217;s sind DIE L\u00f6sung f\u00fcr Ihren Mobilit\u00e4tsbedarf auf Ihrer Messe, Veranstaltung, Party oder Ihrem Festival. Wir bringen Ihre G\u00e4ste bequem, schnell und ger\u00e4uschlos von A nach B. Und sie ist auch spielerisch. Unsere Tuk Tuk&#8217;s sind ein willkommener Anblick und perfekt f\u00fcr den Shuttle-Service.<\/p>\n<p>&nbsp;<\/p>\n<h4>  Unsere Tuk Tuks sind die besten in den Niederlanden:<\/h4>\n<p>&#8211; Sitzheizung<br \/>\n&#8211; Radios mit USB-Anschluss<br \/>\n&#8211; Polsterung aus wei\u00dfem Leder<br \/>\n&#8211; Stilvolles Aussehen.<br \/>\n&#8211; Gebaut im Jahr 2015 (neueste Version).<br \/>\n&#8211; Standardm\u00e4\u00dfig sind die Tuk&#8217;s ge\u00f6ffnet. Bei Regen oder schlechtem Wetter k\u00f6nnen sie geschlossen werden.<\/p>\n<p>&nbsp;<\/p>\n<h3>Hochzeiten und Tage der offenen T\u00fcr:<\/h3>\n<p>Wir bieten auch regelm\u00e4\u00dfige Shuttle-Dienste f\u00fcr Hochzeiten und Tage der offenen T\u00fcr an. Es wird zum Beispiel eingesetzt, um die G\u00e4ste vom Parkplatz zum Hochzeitsort zu bringen oder um sie bei einem Tag der offenen T\u00fcr von Ort A nach B zu bringen. Damit werden Sie Ihre G\u00e4ste garantiert beeindrucken. Wir haben 4 Tuktuks, wir k\u00f6nnen also viel f\u00fcr Sie tun.<\/p>\n<h3>Mietpreise:<\/h3>\n<p>Sie k\u00f6nnen ein Tuk Tuk f\u00fcr \u20ac196 inkl. MwSt. (ohne Fahrer) f\u00fcr 2,5 Stunden mieten (basierend auf unserem Standort in Laren Gld.) Wenn Sie ein Tuk Tuk an einem anderen Standort oder f\u00fcr einen Tag oder einen Teil des Tages w\u00fcnschen, f\u00e4llt ein Aufpreis an. Preis abh\u00e4ngig von:<br \/>\n&#8211; Standort\/Reiseentfernung<br \/>\n&#8211; Art der Veranstaltung<br \/>\n&#8211; Dauer der Veranstaltung.<\/p>\n<p>&nbsp;<\/p>\n<p>Sie k\u00f6nnen ein TukTuk mit Fahrer f\u00fcr einen halben Tag f\u00fcr nur 315 \u20ac mieten. Dazu geh\u00f6ren:<br \/>\n&#8211; Repr\u00e4sentativer und freundlicher Fahrer<br \/>\n&#8211; Haftpflicht-, Unfalltod- und Unfallschadenversicherung<br \/>\n&#8211; MEHRWERTSTEUER<\/p>\n<p>&nbsp;<\/p>\n<h3>F\u00fcr weitere Informationen oder ein ma\u00dfgeschneidertes Angebot:<\/h3>\n<p>K\u00f6nnen Sie mailen an<strong> <a href=\"http:\/\/info@uniekeuitjes.nl\/\">info@ Einzigartige Uitjes.nl<br \/>\n<\/a><\/strong>oder <strong>0573-740004<\/strong> anrufen<\/p>\n","protected":false},"excerpt":{"rendered":"<p>Shuttle-Dienste mit Limousine Tuk Tuk&#8217;s: Unsere elektrischen 7-Sitzer Limousine Tuk Tuk&#8217;s sind DIE L\u00f6sung f\u00fcr Ihren Mobilit\u00e4tsbedarf auf Ihrer Messe, Veranstaltung, Party oder Ihrem Festival. Wir bringen Ihre G\u00e4ste bequem, schnell und ger\u00e4uschlos von A nach B. Und sie ist auch spielerisch. Unsere Tuk Tuk&#8217;s sind ein willkommener Anblick und perfekt f\u00fcr den Shuttle-Service. &nbsp; [&hellip;]<\/p>\n","protected":false},"author":1,"featured_media":0,"parent":0,"menu_order":0,"comment_status":"closed","ping_status":"closed","template":"","meta":{"_acf_changed":false,"_monsterinsights_skip_tracking":false,"_monsterinsights_sitenote_active":false,"_monsterinsights_sitenote_note":"","_monsterinsights_sitenote_category":0,"footnotes":""},"categories":[73],"class_list":["post-11835","page","type-page","status-publish","hentry","category-zielseite"],"acf":[],"yoast_head":"<!-- This site is optimized with the Yoast SEO plugin v27.4 - https:\/\/yoast.com\/product\/yoast-seo-wordpress\/ -->\n<title>Shuttles - Uniekeuitjes.nl<\/title>\n<meta name=\"description\" content=\"Shuttles f\u00fcr Hochzeiten, Tage der offenen T\u00fcr oder andere Veranstaltungen k\u00f6nnen wir als UniqueUitjes auch mit unseren 7-Sitzer-Tuktuks anbieten.\" \/>\n<meta name=\"robots\" content=\"index, follow, max-snippet:-1, max-image-preview:large, max-video-preview:-1\" \/>\n<link rel=\"canonical\" href=\"https:\/\/uniekeuitjes.nl\/de\/shuttles\/\" \/>\n<meta property=\"og:locale\" content=\"nl_NL\" \/>\n<meta property=\"og:type\" content=\"article\" \/>\n<meta property=\"og:title\" content=\"Shuttles - Uniekeuitjes.nl\" \/>\n<meta property=\"og:description\" content=\"Shuttles f\u00fcr Hochzeiten, Tage der offenen T\u00fcr oder andere Veranstaltungen k\u00f6nnen wir als UniqueUitjes auch mit unseren 7-Sitzer-Tuktuks anbieten.\" \/>\n<meta property=\"og:url\" content=\"https:\/\/uniekeuitjes.nl\/de\/shuttles\/\" \/>\n<meta property=\"og:site_name\" content=\"Uniekeuitjes.nl\" \/>\n<meta property=\"article:publisher\" content=\"https:\/\/www.facebook.com\/uniekeuitjes.nl\" \/>\n<meta name=\"twitter:card\" content=\"summary_large_image\" \/>\n<meta name=\"twitter:label1\" content=\"Geschatte leestijd\" \/>\n\t<meta name=\"twitter:data1\" content=\"2 minuten\" \/>\n<script type=\"application\/ld+json\" class=\"yoast-schema-graph\">{\"@context\":\"https:\\\/\\\/schema.org\",\"@graph\":[{\"@type\":\"WebPage\",\"@id\":\"https:\\\/\\\/uniekeuitjes.nl\\\/de\\\/shuttles\\\/\",\"url\":\"https:\\\/\\\/uniekeuitjes.nl\\\/de\\\/shuttles\\\/\",\"name\":\"Shuttles - Uniekeuitjes.nl\",\"isPartOf\":{\"@id\":\"\\\/#website\"},\"datePublished\":\"2019-02-18T13:32:28+00:00\",\"description\":\"Shuttles f\u00fcr Hochzeiten, Tage der offenen T\u00fcr oder andere Veranstaltungen k\u00f6nnen wir als UniqueUitjes auch mit unseren 7-Sitzer-Tuktuks anbieten.\",\"breadcrumb\":{\"@id\":\"https:\\\/\\\/uniekeuitjes.nl\\\/de\\\/shuttles\\\/#breadcrumb\"},\"inLanguage\":\"nl-NL\",\"potentialAction\":[{\"@type\":\"ReadAction\",\"target\":[\"https:\\\/\\\/uniekeuitjes.nl\\\/de\\\/shuttles\\\/\"]}]},{\"@type\":\"BreadcrumbList\",\"@id\":\"https:\\\/\\\/uniekeuitjes.nl\\\/de\\\/shuttles\\\/#breadcrumb\",\"itemListElement\":[{\"@type\":\"ListItem\",\"position\":1,\"name\":\"Home\",\"item\":\"https:\\\/\\\/uniekeuitjes.nl\\\/de\\\/\"},{\"@type\":\"ListItem\",\"position\":2,\"name\":\"Shuttles\"}]},{\"@type\":\"WebSite\",\"@id\":\"\\\/#website\",\"url\":\"\\\/\",\"name\":\"Uniekeuitjes.nl\",\"description\":\"Goedkope leuke uitjes zelf samen te stellen\",\"publisher\":{\"@id\":\"\\\/#organization\"},\"potentialAction\":[{\"@type\":\"SearchAction\",\"target\":{\"@type\":\"EntryPoint\",\"urlTemplate\":\"\\\/?s={search_term_string}\"},\"query-input\":{\"@type\":\"PropertyValueSpecification\",\"valueRequired\":true,\"valueName\":\"search_term_string\"}}],\"inLanguage\":\"nl-NL\"},{\"@type\":\"Organization\",\"@id\":\"\\\/#organization\",\"name\":\"Unieke Uitjes\",\"url\":\"\\\/\",\"logo\":{\"@type\":\"ImageObject\",\"inLanguage\":\"nl-NL\",\"@id\":\"\\\/#\\\/schema\\\/logo\\\/image\\\/\",\"url\":\"https:\\\/\\\/uniekeuitjes.nl\\\/wp-content\\\/uploads\\\/2019\\\/02\\\/site-login-logo.png\",\"contentUrl\":\"https:\\\/\\\/uniekeuitjes.nl\\\/wp-content\\\/uploads\\\/2019\\\/02\\\/site-login-logo.png\",\"width\":708,\"height\":345,\"caption\":\"Unieke Uitjes\"},\"image\":{\"@id\":\"\\\/#\\\/schema\\\/logo\\\/image\\\/\"},\"sameAs\":[\"https:\\\/\\\/www.facebook.com\\\/uniekeuitjes.nl\",\"https:\\\/\\\/www.instagram.com\\\/uniekeuitjes.nl\\\/\",\"https:\\\/\\\/www.linkedin.com\\\/company\\\/unieke-uitjes-nl\",\"https:\\\/\\\/www.youtube.com\\\/channel\\\/UCXwRXFWP_R0kxRAeL79FQfw\"]}]}<\/script>\n<!-- \/ Yoast SEO plugin. -->","yoast_head_json":{"title":"Shuttles - Uniekeuitjes.nl","description":"Shuttles f\u00fcr Hochzeiten, Tage der offenen T\u00fcr oder andere Veranstaltungen k\u00f6nnen wir als UniqueUitjes auch mit unseren 7-Sitzer-Tuktuks anbieten.","robots":{"index":"index","follow":"follow","max-snippet":"max-snippet:-1","max-image-preview":"max-image-preview:large","max-video-preview":"max-video-preview:-1"},"canonical":"https:\/\/uniekeuitjes.nl\/de\/shuttles\/","og_locale":"nl_NL","og_type":"article","og_title":"Shuttles - Uniekeuitjes.nl","og_description":"Shuttles f\u00fcr Hochzeiten, Tage der offenen T\u00fcr oder andere Veranstaltungen k\u00f6nnen wir als UniqueUitjes auch mit unseren 7-Sitzer-Tuktuks anbieten.","og_url":"https:\/\/uniekeuitjes.nl\/de\/shuttles\/","og_site_name":"Uniekeuitjes.nl","article_publisher":"https:\/\/www.facebook.com\/uniekeuitjes.nl","twitter_card":"summary_large_image","twitter_misc":{"Geschatte leestijd":"2 minuten"},"schema":{"@context":"https:\/\/schema.org","@graph":[{"@type":"WebPage","@id":"https:\/\/uniekeuitjes.nl\/de\/shuttles\/","url":"https:\/\/uniekeuitjes.nl\/de\/shuttles\/","name":"Shuttles - Uniekeuitjes.nl","isPartOf":{"@id":"\/#website"},"datePublished":"2019-02-18T13:32:28+00:00","description":"Shuttles f\u00fcr Hochzeiten, Tage der offenen T\u00fcr oder andere Veranstaltungen k\u00f6nnen wir als UniqueUitjes auch mit unseren 7-Sitzer-Tuktuks anbieten.","breadcrumb":{"@id":"https:\/\/uniekeuitjes.nl\/de\/shuttles\/#breadcrumb"},"inLanguage":"nl-NL","potentialAction":[{"@type":"ReadAction","target":["https:\/\/uniekeuitjes.nl\/de\/shuttles\/"]}]},{"@type":"BreadcrumbList","@id":"https:\/\/uniekeuitjes.nl\/de\/shuttles\/#breadcrumb","itemListElement":[{"@type":"ListItem","position":1,"name":"Home","item":"https:\/\/uniekeuitjes.nl\/de\/"},{"@type":"ListItem","position":2,"name":"Shuttles"}]},{"@type":"WebSite","@id":"\/#website","url":"\/","name":"Uniekeuitjes.nl","description":"Goedkope leuke uitjes zelf samen te stellen","publisher":{"@id":"\/#organization"},"potentialAction":[{"@type":"SearchAction","target":{"@type":"EntryPoint","urlTemplate":"\/?s={search_term_string}"},"query-input":{"@type":"PropertyValueSpecification","valueRequired":true,"valueName":"search_term_string"}}],"inLanguage":"nl-NL"},{"@type":"Organization","@id":"\/#organization","name":"Unieke Uitjes","url":"\/","logo":{"@type":"ImageObject","inLanguage":"nl-NL","@id":"\/#\/schema\/logo\/image\/","url":"https:\/\/uniekeuitjes.nl\/wp-content\/uploads\/2019\/02\/site-login-logo.png","contentUrl":"https:\/\/uniekeuitjes.nl\/wp-content\/uploads\/2019\/02\/site-login-logo.png","width":708,"height":345,"caption":"Unieke Uitjes"},"image":{"@id":"\/#\/schema\/logo\/image\/"},"sameAs":["https:\/\/www.facebook.com\/uniekeuitjes.nl","https:\/\/www.instagram.com\/uniekeuitjes.nl\/","https:\/\/www.linkedin.com\/company\/unieke-uitjes-nl","https:\/\/www.youtube.com\/channel\/UCXwRXFWP_R0kxRAeL79FQfw"]}]}},"_links":{"self":[{"href":"https:\/\/uniekeuitjes.nl\/de\/wp-json\/wp\/v2\/pages\/11835","targetHints":{"allow":["GET"]}}],"collection":[{"href":"https:\/\/uniekeuitjes.nl\/de\/wp-json\/wp\/v2\/pages"}],"about":[{"href":"https:\/\/uniekeuitjes.nl\/de\/wp-json\/wp\/v2\/types\/page"}],"author":[{"embeddable":true,"href":"https:\/\/uniekeuitjes.nl\/de\/wp-json\/wp\/v2\/users\/1"}],"replies":[{"embeddable":true,"href":"https:\/\/uniekeuitjes.nl\/de\/wp-json\/wp\/v2\/comments?post=11835"}],"version-history":[{"count":0,"href":"https:\/\/uniekeuitjes.nl\/de\/wp-json\/wp\/v2\/pages\/11835\/revisions"}],"wp:attachment":[{"href":"https:\/\/uniekeuitjes.nl\/de\/wp-json\/wp\/v2\/media?parent=11835"}],"wp:term":[{"taxonomy":"category","embeddable":true,"href":"https:\/\/uniekeuitjes.nl\/de\/wp-json\/wp\/v2\/categories?post=11835"}],"curies":[{"name":"wp","href":"https:\/\/api.w.org\/{rel}","templated":true}]}}