{"id":11836,"date":"2019-02-18T13:30:28","date_gmt":"2019-02-18T13:30:28","guid":{"rendered":"https:\/\/uniekeuitjes.nl\/ausfluege-der-abteilung\/"},"modified":"2019-02-18T13:30:28","modified_gmt":"2019-02-18T13:30:28","slug":"ausfluege-der-abteilung","status":"publish","type":"page","link":"https:\/\/uniekeuitjes.nl\/de\/ausfluege-der-abteilung\/","title":{"rendered":"Ausfl\u00fcge der Abteilung"},"content":{"rendered":"<h2>Die sch\u00f6nsten Abteilungsausfl\u00fcge in der Region!<\/h2>\n<p>Sind Sie und Ihr Team oder Ihre Abteilung auf der Suche nach einem erschwinglichen Ausflug? Wir helfen Ihnen gerne. Lassen Sie sich inspirieren und werfen Sie einen Blick auf unsere vielen speziellen, ma\u00dfgeschneiderten Programme f\u00fcr die sch\u00f6nsten Abteilungsausfl\u00fcge. Organisieren Sie einen wirklich originellen Abteilungsausflug bei Unique Outings, nat\u00fcrlich. Zu jeder Jahreszeit (auch im Winter) bieten wir verschiedene unterhaltsame Indoor- und Outdoor-Aktivit\u00e4ten f\u00fcr Ihren Betriebs- oder Abteilungsausflug an. W\u00e4hlen Sie aus unseren zahlreichen Aktivit\u00e4ten, die wir an verschiedenen Orten anbieten k\u00f6nnen. Denken Sie an ein Transportmittel wie einen Chopper, ein Tandem oder ein TukTuk oder entscheiden Sie sich f\u00fcr einen (Indoor-)Hexathlon oder eine Gameshow &#8211; alles ist m\u00f6glich!<\/p>\n<p>&nbsp;<\/p>\n<p>&nbsp;<\/p>\n<h4>Ideen f\u00fcr den Abteilungsausflug<\/h4>\n<p>Der Tag steht ganz im Zeichen des Themas und wird garantiert zu einem actionreichen und unterhaltsamen Erlebnis f\u00fcr die ganze Gruppe. Treten Sie in Teams oder einzeln gegeneinander an und machen Sie es zu einem erbitterten Wettbewerb. Teambuilding steht im Mittelpunkt aller unserer Betriebs- und Abteilungsausfl\u00fcge. Die Einrichtungen bieten M\u00f6glichkeiten f\u00fcr kleinere, aber auch f\u00fcr sehr gro\u00dfe Gruppen. Wir bieten Ihnen immer den besten Abteilungsausflug zum besten Preis!<\/p>\n<p>&nbsp;<\/p>\n<p>&nbsp;<\/p>\n<h4>Der Abteilungsausflug kann beginnen!<\/h4>\n<p>Unser enthusiastisches Team von Ausbildern wird Sie den ganzen Tag \u00fcber pers\u00f6nlich betreuen. Sie werden daf\u00fcr sorgen, dass es an diesem Tag an nichts fehlt. Dar\u00fcber hinaus gibt es immer viele Optionen und Erweiterungen, die Ihren Abteilungsausflug komplett machen. Von der Ballonfahrt bis zum TukTuk-Fahren ist alles m\u00f6glich. Lassen Sie sich auf unserer <a href=\"https:\/\/uniekeuitjes.nl\/alle-uitjes\/\">Website<\/a> \u00fcberraschen!<\/p>\n<h4><\/h4>\n<div>Vom Kanufahren bis zum Kneipenquiz. Wir veranstalten aktive und informative Ausfl\u00fcge.<\/div>\n<div><\/div>\n<div><\/div>\n<div><\/div>\n<h3>Die genauen Preise\/Arrangements entnehmen Sie bitte der Registerkarte <a href=\"https:\/\/uniekeuitjes.nl\/prijzen\/\">&#8220;Preise&#8221;.<\/a><\/h3>\n","protected":false},"excerpt":{"rendered":"<p>Die sch\u00f6nsten Abteilungsausfl\u00fcge in der Region! Sind Sie und Ihr Team oder Ihre Abteilung auf der Suche nach einem erschwinglichen Ausflug? Wir helfen Ihnen gerne. Lassen Sie sich inspirieren und werfen Sie einen Blick auf unsere vielen speziellen, ma\u00dfgeschneiderten Programme f\u00fcr die sch\u00f6nsten Abteilungsausfl\u00fcge. Organisieren Sie einen wirklich originellen Abteilungsausflug bei Unique Outings, nat\u00fcrlich. Zu [&hellip;]<\/p>\n","protected":false},"author":1,"featured_media":0,"parent":0,"menu_order":0,"comment_status":"closed","ping_status":"closed","template":"","meta":{"_acf_changed":false,"_monsterinsights_skip_tracking":false,"_monsterinsights_sitenote_active":false,"_monsterinsights_sitenote_note":"","_monsterinsights_sitenote_category":0,"footnotes":""},"categories":[73],"class_list":["post-11836","page","type-page","status-publish","hentry","category-zielseite"],"acf":[],"yoast_head":"<!-- This site is optimized with the Yoast SEO plugin v27.4 - https:\/\/yoast.com\/product\/yoast-seo-wordpress\/ -->\n<title>Ausfl\u00fcge der Abteilung - Uniekeuitjes.nl<\/title>\n<meta name=\"description\" content=\"F\u00fcr die lustigsten und originellsten Abteilungsausfl\u00fcge sind Sie bei UniekeUitjes.nl an der richtigen Adresse! Vom E-Chopper-Fahren bis zur Spielshow.\" \/>\n<meta name=\"robots\" content=\"index, follow, max-snippet:-1, max-image-preview:large, max-video-preview:-1\" \/>\n<link rel=\"canonical\" href=\"https:\/\/uniekeuitjes.nl\/de\/ausfluege-der-abteilung\/\" \/>\n<meta property=\"og:locale\" content=\"nl_NL\" \/>\n<meta property=\"og:type\" content=\"article\" \/>\n<meta property=\"og:title\" content=\"Ausfl\u00fcge der Abteilung - Uniekeuitjes.nl\" \/>\n<meta property=\"og:description\" content=\"F\u00fcr die lustigsten und originellsten Abteilungsausfl\u00fcge sind Sie bei UniekeUitjes.nl an der richtigen Adresse! Vom E-Chopper-Fahren bis zur Spielshow.\" \/>\n<meta property=\"og:url\" content=\"https:\/\/uniekeuitjes.nl\/de\/ausfluege-der-abteilung\/\" \/>\n<meta property=\"og:site_name\" content=\"Uniekeuitjes.nl\" \/>\n<meta property=\"article:publisher\" content=\"https:\/\/www.facebook.com\/uniekeuitjes.nl\" \/>\n<meta name=\"twitter:card\" content=\"summary_large_image\" \/>\n<meta name=\"twitter:label1\" content=\"Geschatte leestijd\" \/>\n\t<meta name=\"twitter:data1\" content=\"1 minuut\" \/>\n<script type=\"application\/ld+json\" class=\"yoast-schema-graph\">{\"@context\":\"https:\\\/\\\/schema.org\",\"@graph\":[{\"@type\":\"WebPage\",\"@id\":\"https:\\\/\\\/uniekeuitjes.nl\\\/de\\\/ausfluege-der-abteilung\\\/\",\"url\":\"https:\\\/\\\/uniekeuitjes.nl\\\/de\\\/ausfluege-der-abteilung\\\/\",\"name\":\"Ausfl\u00fcge der Abteilung - Uniekeuitjes.nl\",\"isPartOf\":{\"@id\":\"\\\/#website\"},\"datePublished\":\"2019-02-18T13:30:28+00:00\",\"description\":\"F\u00fcr die lustigsten und originellsten Abteilungsausfl\u00fcge sind Sie bei UniekeUitjes.nl an der richtigen Adresse! Vom E-Chopper-Fahren bis zur Spielshow.\",\"breadcrumb\":{\"@id\":\"https:\\\/\\\/uniekeuitjes.nl\\\/de\\\/ausfluege-der-abteilung\\\/#breadcrumb\"},\"inLanguage\":\"nl-NL\",\"potentialAction\":[{\"@type\":\"ReadAction\",\"target\":[\"https:\\\/\\\/uniekeuitjes.nl\\\/de\\\/ausfluege-der-abteilung\\\/\"]}]},{\"@type\":\"BreadcrumbList\",\"@id\":\"https:\\\/\\\/uniekeuitjes.nl\\\/de\\\/ausfluege-der-abteilung\\\/#breadcrumb\",\"itemListElement\":[{\"@type\":\"ListItem\",\"position\":1,\"name\":\"Home\",\"item\":\"https:\\\/\\\/uniekeuitjes.nl\\\/de\\\/\"},{\"@type\":\"ListItem\",\"position\":2,\"name\":\"Ausfl\u00fcge der Abteilung\"}]},{\"@type\":\"WebSite\",\"@id\":\"\\\/#website\",\"url\":\"\\\/\",\"name\":\"Uniekeuitjes.nl\",\"description\":\"Goedkope leuke uitjes zelf samen te stellen\",\"publisher\":{\"@id\":\"\\\/#organization\"},\"potentialAction\":[{\"@type\":\"SearchAction\",\"target\":{\"@type\":\"EntryPoint\",\"urlTemplate\":\"\\\/?s={search_term_string}\"},\"query-input\":{\"@type\":\"PropertyValueSpecification\",\"valueRequired\":true,\"valueName\":\"search_term_string\"}}],\"inLanguage\":\"nl-NL\"},{\"@type\":\"Organization\",\"@id\":\"\\\/#organization\",\"name\":\"Unieke Uitjes\",\"url\":\"\\\/\",\"logo\":{\"@type\":\"ImageObject\",\"inLanguage\":\"nl-NL\",\"@id\":\"\\\/#\\\/schema\\\/logo\\\/image\\\/\",\"url\":\"https:\\\/\\\/uniekeuitjes.nl\\\/wp-content\\\/uploads\\\/2019\\\/02\\\/site-login-logo.png\",\"contentUrl\":\"https:\\\/\\\/uniekeuitjes.nl\\\/wp-content\\\/uploads\\\/2019\\\/02\\\/site-login-logo.png\",\"width\":708,\"height\":345,\"caption\":\"Unieke Uitjes\"},\"image\":{\"@id\":\"\\\/#\\\/schema\\\/logo\\\/image\\\/\"},\"sameAs\":[\"https:\\\/\\\/www.facebook.com\\\/uniekeuitjes.nl\",\"https:\\\/\\\/www.instagram.com\\\/uniekeuitjes.nl\\\/\",\"https:\\\/\\\/www.linkedin.com\\\/company\\\/unieke-uitjes-nl\",\"https:\\\/\\\/www.youtube.com\\\/channel\\\/UCXwRXFWP_R0kxRAeL79FQfw\"]}]}<\/script>\n<!-- \/ Yoast SEO plugin. -->","yoast_head_json":{"title":"Ausfl\u00fcge der Abteilung - Uniekeuitjes.nl","description":"F\u00fcr die lustigsten und originellsten Abteilungsausfl\u00fcge sind Sie bei UniekeUitjes.nl an der richtigen Adresse! Vom E-Chopper-Fahren bis zur Spielshow.","robots":{"index":"index","follow":"follow","max-snippet":"max-snippet:-1","max-image-preview":"max-image-preview:large","max-video-preview":"max-video-preview:-1"},"canonical":"https:\/\/uniekeuitjes.nl\/de\/ausfluege-der-abteilung\/","og_locale":"nl_NL","og_type":"article","og_title":"Ausfl\u00fcge der Abteilung - Uniekeuitjes.nl","og_description":"F\u00fcr die lustigsten und originellsten Abteilungsausfl\u00fcge sind Sie bei UniekeUitjes.nl an der richtigen Adresse! Vom E-Chopper-Fahren bis zur Spielshow.","og_url":"https:\/\/uniekeuitjes.nl\/de\/ausfluege-der-abteilung\/","og_site_name":"Uniekeuitjes.nl","article_publisher":"https:\/\/www.facebook.com\/uniekeuitjes.nl","twitter_card":"summary_large_image","twitter_misc":{"Geschatte leestijd":"1 minuut"},"schema":{"@context":"https:\/\/schema.org","@graph":[{"@type":"WebPage","@id":"https:\/\/uniekeuitjes.nl\/de\/ausfluege-der-abteilung\/","url":"https:\/\/uniekeuitjes.nl\/de\/ausfluege-der-abteilung\/","name":"Ausfl\u00fcge der Abteilung - Uniekeuitjes.nl","isPartOf":{"@id":"\/#website"},"datePublished":"2019-02-18T13:30:28+00:00","description":"F\u00fcr die lustigsten und originellsten Abteilungsausfl\u00fcge sind Sie bei UniekeUitjes.nl an der richtigen Adresse! Vom E-Chopper-Fahren bis zur Spielshow.","breadcrumb":{"@id":"https:\/\/uniekeuitjes.nl\/de\/ausfluege-der-abteilung\/#breadcrumb"},"inLanguage":"nl-NL","potentialAction":[{"@type":"ReadAction","target":["https:\/\/uniekeuitjes.nl\/de\/ausfluege-der-abteilung\/"]}]},{"@type":"BreadcrumbList","@id":"https:\/\/uniekeuitjes.nl\/de\/ausfluege-der-abteilung\/#breadcrumb","itemListElement":[{"@type":"ListItem","position":1,"name":"Home","item":"https:\/\/uniekeuitjes.nl\/de\/"},{"@type":"ListItem","position":2,"name":"Ausfl\u00fcge der Abteilung"}]},{"@type":"WebSite","@id":"\/#website","url":"\/","name":"Uniekeuitjes.nl","description":"Goedkope leuke uitjes zelf samen te stellen","publisher":{"@id":"\/#organization"},"potentialAction":[{"@type":"SearchAction","target":{"@type":"EntryPoint","urlTemplate":"\/?s={search_term_string}"},"query-input":{"@type":"PropertyValueSpecification","valueRequired":true,"valueName":"search_term_string"}}],"inLanguage":"nl-NL"},{"@type":"Organization","@id":"\/#organization","name":"Unieke Uitjes","url":"\/","logo":{"@type":"ImageObject","inLanguage":"nl-NL","@id":"\/#\/schema\/logo\/image\/","url":"https:\/\/uniekeuitjes.nl\/wp-content\/uploads\/2019\/02\/site-login-logo.png","contentUrl":"https:\/\/uniekeuitjes.nl\/wp-content\/uploads\/2019\/02\/site-login-logo.png","width":708,"height":345,"caption":"Unieke Uitjes"},"image":{"@id":"\/#\/schema\/logo\/image\/"},"sameAs":["https:\/\/www.facebook.com\/uniekeuitjes.nl","https:\/\/www.instagram.com\/uniekeuitjes.nl\/","https:\/\/www.linkedin.com\/company\/unieke-uitjes-nl","https:\/\/www.youtube.com\/channel\/UCXwRXFWP_R0kxRAeL79FQfw"]}]}},"_links":{"self":[{"href":"https:\/\/uniekeuitjes.nl\/de\/wp-json\/wp\/v2\/pages\/11836","targetHints":{"allow":["GET"]}}],"collection":[{"href":"https:\/\/uniekeuitjes.nl\/de\/wp-json\/wp\/v2\/pages"}],"about":[{"href":"https:\/\/uniekeuitjes.nl\/de\/wp-json\/wp\/v2\/types\/page"}],"author":[{"embeddable":true,"href":"https:\/\/uniekeuitjes.nl\/de\/wp-json\/wp\/v2\/users\/1"}],"replies":[{"embeddable":true,"href":"https:\/\/uniekeuitjes.nl\/de\/wp-json\/wp\/v2\/comments?post=11836"}],"version-history":[{"count":0,"href":"https:\/\/uniekeuitjes.nl\/de\/wp-json\/wp\/v2\/pages\/11836\/revisions"}],"wp:attachment":[{"href":"https:\/\/uniekeuitjes.nl\/de\/wp-json\/wp\/v2\/media?parent=11836"}],"wp:term":[{"taxonomy":"category","embeddable":true,"href":"https:\/\/uniekeuitjes.nl\/de\/wp-json\/wp\/v2\/categories?post=11836"}],"curies":[{"name":"wp","href":"https:\/\/api.w.org\/{rel}","templated":true}]}}