{"id":11837,"date":"2019-02-18T12:49:25","date_gmt":"2019-02-18T12:49:25","guid":{"rendered":"https:\/\/uniekeuitjes.nl\/guenstige-aktivitaeten\/"},"modified":"2019-02-18T12:49:25","modified_gmt":"2019-02-18T12:49:25","slug":"guenstige-aktivitaeten","status":"publish","type":"page","link":"https:\/\/uniekeuitjes.nl\/de\/guenstige-aktivitaeten\/","title":{"rendered":"G\u00fcnstige Aktivit\u00e4ten"},"content":{"rendered":"<h2>Alle Aktivit\u00e4ten sind kosteng\u00fcnstig:<\/h2>\n<p>Haben Sie ein kleines Budget? Wir bieten auch kosteng\u00fcnstige Aktivit\u00e4ten f\u00fcr 2 Personen bis hin zu 500 Personen an. Schauen Sie in der folgenden Liste nach, welche Pakete und unterhaltsamen Ausfl\u00fcge f\u00fcr Sie dabei sind, um Ihren Bed\u00fcrfnissen gerecht zu werden. Dies k\u00f6nnen sowohl Indoor- als auch Outdoor-Aktivit\u00e4ten sein. Wir haben eine riesige Auswahl. Nat\u00fcrlich ist es auch m\u00f6glich, eine <a href=\"https:\/\/uniekeuitjes.nl\/uitje\/solex-huren-solexverhuur\/\">Solex<\/a>, einen <a href=\"https:\/\/uniekeuitjes.nl\/uitje\/echopper-huren\/\">Chopper<\/a> oder ein <a href=\"https:\/\/uniekeuitjes.nl\/uitje\/tuktuk-huren\/\">Tuk Tuk<\/a> f\u00fcr eine sch\u00f6ne Tour zu mieten.<\/p>\n<p>&nbsp;<\/p>\n<p>Wenn Sie einen ganzen Tag lang an unseren Aktivit\u00e4ten teilnehmen m\u00f6chten, werden wir das arrangieren. Alle Aktivit\u00e4ten k\u00f6nnen mit uns kombiniert werden, daf\u00fcr sind wir bekannt. Beginnen Sie am Morgen mit einer Solex-Tour, nach der R\u00fcckkehr ein leckeres Mittagessen, nehmen Sie dann an einem Hexathlon teil, gefolgt von einem Casino-Abend mit Snacks und Getr\u00e4nken? Wir arrangieren das alles f\u00fcr Sie von A bis Z.<\/p>\n<p>&nbsp;<\/p>\n<p>Haben Sie Fragen oder m\u00f6chten Sie sich unverbindlich \u00fcber lustige Ausfl\u00fcge informieren? Rufen Sie an oder schicken Sie eine E-Mail. Wir freuen uns, Ihnen zu helfen und mit Ihnen zu denken. Hier sind einige Ideen. Die Preise finden Sie auf der \u00dcbersichtsseite<a href=\"https:\/\/uniekeuitjes.nl\/prijzen\/\">&#8220;Preise<\/a>&#8220;.<\/p>\n<h3><\/h3>\n<h3>Lose Leihspiele<\/h3>\n<table id=\"tablepress-17\" class=\"tablepress tablepress-id-17\">\n<thead>\n<tr class=\"row-1 odd\">\n<th class=\"column-1\">Name des Spiels<\/th>\n<th class=\"column-2\">Erkl\u00e4rung zum Spiel<\/th>\n<\/tr>\n<\/thead>\n<tbody class=\"row-hover\">\n<tr class=\"row-2 even\">\n<td class=\"column-1\">Riesentwister (5 mal 5 Meter)<\/td>\n<td class=\"column-2\">Mit mehreren Teams gleichzeitig auf dem Twister Field. Der Letzte, der noch steht, gewinnt.<\/td>\n<\/tr>\n<tr class=\"row-3 odd\">\n<td class=\"column-1\">Sturmspur<\/td>\n<td class=\"column-2\">Aufblasbarer Parcours von 4 mal 10 Metern. Gro\u00dfer Blickfang.<\/td>\n<\/tr>\n<tr class=\"row-4 even\">\n<td class=\"column-1\">Limbo tanzen (gro\u00dfes aufblasbares Rigg):<\/td>\n<td class=\"column-2\">Der Stock wird immer tiefer zwischen die gro\u00dfen Palmen geh\u00e4ngt. Die Mannschaft mit dem niedrigsten Ergebnis gewinnt.<\/td>\n<\/tr>\n<tr class=\"row-5 odd\">\n<td class=\"column-1\">Springende Schlangen<br \/>\n4 Personen<\/td>\n<td class=\"column-2\">4-Personen-Sprungball, mit dem man \u00fcber einen Parcours springt. Mannschaft gegen Mannschaft. (Rennen)<\/td>\n<\/tr>\n<tr class=\"row-6 even\">\n<td class=\"column-1\">Bogenschie\u00dfen f\u00fcr Kinder (Pfeile mit Sicherheitskugeln aus Gummi als Spitzen).<\/td>\n<td class=\"column-2\">Bogenschie\u00dfen. (Sichere Pfeile). Die beste Mannschaft gewinnt.<\/td>\n<\/tr>\n<tr class=\"row-7 odd\">\n<td class=\"column-1\">Wurfsackwerfen<\/td>\n<td class=\"column-2\">2 Tore. Jedes Team wirft mehrere Wurfs\u00e4cke auf ein sehr glattes Ziel.<\/td>\n<\/tr>\n<tr class=\"row-8 even\">\n<td class=\"column-1\">Streetgolf (Zielschie\u00dfen mit Softball).<\/td>\n<td class=\"column-2\">Jedes Team schie\u00dft von einer Linie aus eine bestimmte Anzahl von B\u00e4llen auf ein Objekt\/Tor. Die Mannschaft, die die meisten Tore schie\u00dft, erh\u00e4lt die meisten Punkte.<\/td>\n<\/tr>\n<tr class=\"row-9 odd\">\n<td class=\"column-1\">Werfen von St\u00f6cken<\/td>\n<td class=\"column-2\">Durch das Werfen eines Stocks auf nummerierte Zahlen m\u00fcssen die Teams so schnell wie m\u00f6glich eine bestimmte Punktzahl erreichen.<\/td>\n<\/tr>\n<tr class=\"row-10 even\">\n<td class=\"column-1\">Pfosten-Fu\u00dfball<\/td>\n<td class=\"column-2\">Der allgegenw\u00e4rtige Stangenfu\u00dfball.<\/td>\n<\/tr>\n<tr class=\"row-11 odd\">\n<td class=\"column-1\">Schie\u00dfen mit der Blasrohrpistole<\/td>\n<td class=\"column-2\">Schie\u00dfen Sie mit einem professionellen Blasrohr ins Schwarze. Die Mannschaft mit den meisten Punkten gewinnt.<\/td>\n<\/tr>\n<tr class=\"row-12 even\">\n<td class=\"column-1\">Funslangen<\/td>\n<td class=\"column-2\">Bilden Sie mit Ihren Teammitgliedern ein F\u00f6rderband im Schlauch und laufen Sie einen Parcours ab.<\/td>\n<\/tr>\n<tr class=\"row-13 odd\">\n<td class=\"column-1\">Fliegende Teppiche<\/td>\n<td class=\"column-2\">Du darfst den Teppich nicht verlassen, aber du kannst kooperieren und auf ihn springen.<\/td>\n<\/tr>\n<tr class=\"row-14 even\">\n<td class=\"column-1\">Block l\u00e4uft<\/td>\n<td class=\"column-2\">Laufen Sie eine Strecke mit Blockf\u00fc\u00dfen.<\/td>\n<\/tr>\n<tr class=\"row-15 odd\">\n<td class=\"column-1\">Sackh\u00fcpfen<\/td>\n<td class=\"column-2\">Fr\u00f6hlich gef\u00e4rbte Lauftaschen von guter Qualit\u00e4t, in denen ihr alle um die Wette laufen k\u00f6nnt.<\/td>\n<\/tr>\n<tr class=\"row-16 even\">\n<td class=\"column-1\">Ball bewegen<\/td>\n<td class=\"column-2\">Bewege den Ball auf einer Art Ski. F\u00e4llt er herunter? Dann fangen Sie von vorne an.<\/td>\n<\/tr>\n<tr class=\"row-17 odd\">\n<td class=\"column-1\">Riesenskier<\/td>\n<td class=\"column-2\">Wanderskier, auf denen man sich zu sechst fortbewegen muss. Teamarbeit!<\/td>\n<\/tr>\n<\/tbody>\n<\/table>\n<h5><\/h5>\n<h5><\/h5>\n<p>&nbsp;<\/p>\n<h3 class=\"tablepress-table-name tablepress-table-name-id-1\">Transport (auch Einzelvermietung)<\/h3>\n<table id=\"tablepress-1\" class=\"tablepress tablepress-id-1\">\n<tbody class=\"row-hover\">\n<tr class=\"row-1 odd\">\n<td class=\"column-1\">Solex<\/td>\n<td class=\"column-2\">Preis (ab) \u20ac 35<\/td>\n<td class=\"column-3\"><a href=\"https:\/\/uniekeuitjes.nl\/prijzen-solex\/\">Klicken Sie hier f\u00fcr weitere Informationen<\/a><\/td>\n<\/tr>\n<tr class=\"row-2 even\">\n<td class=\"column-1\">Tandem Kreuzer<\/td>\n<td class=\"column-2\">Preis (ab) \u20ac 13,50<\/td>\n<td class=\"column-3\"><a href=\"https:\/\/uniekeuitjes.nl\/prijzen-tandem-cruiser\/\">Klicken Sie hier f\u00fcr weitere Informationen<\/a><\/td>\n<\/tr>\n<tr class=\"row-3 odd\">\n<td class=\"column-1\">Elektrisches Tuk Tuk<\/td>\n<td class=\"column-2\">Preis (ab) \u20ac 26,50<\/td>\n<td class=\"column-3\"><a href=\"https:\/\/uniekeuitjes.nl\/prijzen-tuk-tuk-verhuur\/\">Klicken Sie hier f\u00fcr weitere Informationen<\/a><\/td>\n<\/tr>\n<tr class=\"row-4 even\">\n<td class=\"column-1\">Ausl\u00f6ser<\/td>\n<td class=\"column-2\">Preis (ab) \u20ac36,75<\/td>\n<td class=\"column-3\"><a href=\"https:\/\/uniekeuitjes.nl\/prijzen-trigger\/\">Klicken Sie hier f\u00fcr weitere Informationen<\/a><\/td>\n<\/tr>\n<tr class=\"row-5 odd\">\n<td class=\"column-1\">Skelter-Z\u00fcge<\/td>\n<td class=\"column-2\">Preis (ab) \u20ac13,25<\/td>\n<td class=\"column-3\"><a href=\"https:\/\/uniekeuitjes.nl\/prijzen-skelter\/\">Klicken Sie hier f\u00fcr weitere Informationen<\/a><\/td>\n<\/tr>\n<tr class=\"row-6 even\">\n<td class=\"column-1\">Gruppenfahrr\u00e4der<\/td>\n<td class=\"column-2\">Preis (ab) \u20ac13,25<\/td>\n<td class=\"column-3\"><a href=\"https:\/\/uniekeuitjes.nl\/prijzen-groepsfietsen\/\">Klicken Sie hier f\u00fcr weitere Informationen<\/a><\/td>\n<\/tr>\n<\/tbody>\n<\/table>\n<p>&nbsp;<\/p>\n<p>&nbsp;<\/p>\n","protected":false},"excerpt":{"rendered":"<p>Alle Aktivit\u00e4ten sind kosteng\u00fcnstig: Haben Sie ein kleines Budget? Wir bieten auch kosteng\u00fcnstige Aktivit\u00e4ten f\u00fcr 2 Personen bis hin zu 500 Personen an. Schauen Sie in der folgenden Liste nach, welche Pakete und unterhaltsamen Ausfl\u00fcge f\u00fcr Sie dabei sind, um Ihren Bed\u00fcrfnissen gerecht zu werden. Dies k\u00f6nnen sowohl Indoor- als auch Outdoor-Aktivit\u00e4ten sein. Wir haben [&hellip;]<\/p>\n","protected":false},"author":1,"featured_media":0,"parent":0,"menu_order":0,"comment_status":"closed","ping_status":"closed","template":"","meta":{"_acf_changed":false,"_monsterinsights_skip_tracking":false,"_monsterinsights_sitenote_active":false,"_monsterinsights_sitenote_note":"","_monsterinsights_sitenote_category":0,"footnotes":""},"categories":[73],"class_list":["post-11837","page","type-page","status-publish","hentry","category-zielseite"],"acf":[],"yoast_head":"<!-- This site is optimized with the Yoast SEO plugin v27.4 - https:\/\/yoast.com\/product\/yoast-seo-wordpress\/ -->\n<title>G\u00fcnstige Aktivit\u00e4ten - Uniekeuitjes.nl<\/title>\n<meta name=\"description\" content=\"Auch f\u00fcr g\u00fcnstigere Aktivit\u00e4ten ist UniekeUitjes.nl die richtige Adresse. Stra\u00dfengolf, Tandemfahrr\u00e4der, Indoor-Hexathlon und vieles mehr!\" \/>\n<meta name=\"robots\" content=\"index, follow, max-snippet:-1, max-image-preview:large, max-video-preview:-1\" \/>\n<link rel=\"canonical\" href=\"https:\/\/uniekeuitjes.nl\/de\/guenstige-aktivitaeten\/\" \/>\n<meta property=\"og:locale\" content=\"nl_NL\" \/>\n<meta property=\"og:type\" content=\"article\" \/>\n<meta property=\"og:title\" content=\"G\u00fcnstige Aktivit\u00e4ten - Uniekeuitjes.nl\" \/>\n<meta property=\"og:description\" content=\"Auch f\u00fcr g\u00fcnstigere Aktivit\u00e4ten ist UniekeUitjes.nl die richtige Adresse. Stra\u00dfengolf, Tandemfahrr\u00e4der, Indoor-Hexathlon und vieles mehr!\" \/>\n<meta property=\"og:url\" content=\"https:\/\/uniekeuitjes.nl\/de\/guenstige-aktivitaeten\/\" \/>\n<meta property=\"og:site_name\" content=\"Uniekeuitjes.nl\" \/>\n<meta property=\"article:publisher\" content=\"https:\/\/www.facebook.com\/uniekeuitjes.nl\" \/>\n<meta name=\"twitter:card\" content=\"summary_large_image\" \/>\n<meta name=\"twitter:label1\" content=\"Geschatte leestijd\" \/>\n\t<meta name=\"twitter:data1\" content=\"3 minuten\" \/>\n<script type=\"application\/ld+json\" class=\"yoast-schema-graph\">{\"@context\":\"https:\\\/\\\/schema.org\",\"@graph\":[{\"@type\":\"WebPage\",\"@id\":\"https:\\\/\\\/uniekeuitjes.nl\\\/de\\\/guenstige-aktivitaeten\\\/\",\"url\":\"https:\\\/\\\/uniekeuitjes.nl\\\/de\\\/guenstige-aktivitaeten\\\/\",\"name\":\"G\u00fcnstige Aktivit\u00e4ten - Uniekeuitjes.nl\",\"isPartOf\":{\"@id\":\"\\\/#website\"},\"datePublished\":\"2019-02-18T12:49:25+00:00\",\"description\":\"Auch f\u00fcr g\u00fcnstigere Aktivit\u00e4ten ist UniekeUitjes.nl die richtige Adresse. Stra\u00dfengolf, Tandemfahrr\u00e4der, Indoor-Hexathlon und vieles mehr!\",\"breadcrumb\":{\"@id\":\"https:\\\/\\\/uniekeuitjes.nl\\\/de\\\/guenstige-aktivitaeten\\\/#breadcrumb\"},\"inLanguage\":\"nl-NL\",\"potentialAction\":[{\"@type\":\"ReadAction\",\"target\":[\"https:\\\/\\\/uniekeuitjes.nl\\\/de\\\/guenstige-aktivitaeten\\\/\"]}]},{\"@type\":\"BreadcrumbList\",\"@id\":\"https:\\\/\\\/uniekeuitjes.nl\\\/de\\\/guenstige-aktivitaeten\\\/#breadcrumb\",\"itemListElement\":[{\"@type\":\"ListItem\",\"position\":1,\"name\":\"Home\",\"item\":\"https:\\\/\\\/uniekeuitjes.nl\\\/de\\\/\"},{\"@type\":\"ListItem\",\"position\":2,\"name\":\"G\u00fcnstige Aktivit\u00e4ten\"}]},{\"@type\":\"WebSite\",\"@id\":\"\\\/#website\",\"url\":\"\\\/\",\"name\":\"Uniekeuitjes.nl\",\"description\":\"Goedkope leuke uitjes zelf samen te stellen\",\"publisher\":{\"@id\":\"\\\/#organization\"},\"potentialAction\":[{\"@type\":\"SearchAction\",\"target\":{\"@type\":\"EntryPoint\",\"urlTemplate\":\"\\\/?s={search_term_string}\"},\"query-input\":{\"@type\":\"PropertyValueSpecification\",\"valueRequired\":true,\"valueName\":\"search_term_string\"}}],\"inLanguage\":\"nl-NL\"},{\"@type\":\"Organization\",\"@id\":\"\\\/#organization\",\"name\":\"Unieke Uitjes\",\"url\":\"\\\/\",\"logo\":{\"@type\":\"ImageObject\",\"inLanguage\":\"nl-NL\",\"@id\":\"\\\/#\\\/schema\\\/logo\\\/image\\\/\",\"url\":\"https:\\\/\\\/uniekeuitjes.nl\\\/wp-content\\\/uploads\\\/2019\\\/02\\\/site-login-logo.png\",\"contentUrl\":\"https:\\\/\\\/uniekeuitjes.nl\\\/wp-content\\\/uploads\\\/2019\\\/02\\\/site-login-logo.png\",\"width\":708,\"height\":345,\"caption\":\"Unieke Uitjes\"},\"image\":{\"@id\":\"\\\/#\\\/schema\\\/logo\\\/image\\\/\"},\"sameAs\":[\"https:\\\/\\\/www.facebook.com\\\/uniekeuitjes.nl\",\"https:\\\/\\\/www.instagram.com\\\/uniekeuitjes.nl\\\/\",\"https:\\\/\\\/www.linkedin.com\\\/company\\\/unieke-uitjes-nl\",\"https:\\\/\\\/www.youtube.com\\\/channel\\\/UCXwRXFWP_R0kxRAeL79FQfw\"]}]}<\/script>\n<!-- \/ Yoast SEO plugin. -->","yoast_head_json":{"title":"G\u00fcnstige Aktivit\u00e4ten - Uniekeuitjes.nl","description":"Auch f\u00fcr g\u00fcnstigere Aktivit\u00e4ten ist UniekeUitjes.nl die richtige Adresse. Stra\u00dfengolf, Tandemfahrr\u00e4der, Indoor-Hexathlon und vieles mehr!","robots":{"index":"index","follow":"follow","max-snippet":"max-snippet:-1","max-image-preview":"max-image-preview:large","max-video-preview":"max-video-preview:-1"},"canonical":"https:\/\/uniekeuitjes.nl\/de\/guenstige-aktivitaeten\/","og_locale":"nl_NL","og_type":"article","og_title":"G\u00fcnstige Aktivit\u00e4ten - Uniekeuitjes.nl","og_description":"Auch f\u00fcr g\u00fcnstigere Aktivit\u00e4ten ist UniekeUitjes.nl die richtige Adresse. Stra\u00dfengolf, Tandemfahrr\u00e4der, Indoor-Hexathlon und vieles mehr!","og_url":"https:\/\/uniekeuitjes.nl\/de\/guenstige-aktivitaeten\/","og_site_name":"Uniekeuitjes.nl","article_publisher":"https:\/\/www.facebook.com\/uniekeuitjes.nl","twitter_card":"summary_large_image","twitter_misc":{"Geschatte leestijd":"3 minuten"},"schema":{"@context":"https:\/\/schema.org","@graph":[{"@type":"WebPage","@id":"https:\/\/uniekeuitjes.nl\/de\/guenstige-aktivitaeten\/","url":"https:\/\/uniekeuitjes.nl\/de\/guenstige-aktivitaeten\/","name":"G\u00fcnstige Aktivit\u00e4ten - Uniekeuitjes.nl","isPartOf":{"@id":"\/#website"},"datePublished":"2019-02-18T12:49:25+00:00","description":"Auch f\u00fcr g\u00fcnstigere Aktivit\u00e4ten ist UniekeUitjes.nl die richtige Adresse. Stra\u00dfengolf, Tandemfahrr\u00e4der, Indoor-Hexathlon und vieles mehr!","breadcrumb":{"@id":"https:\/\/uniekeuitjes.nl\/de\/guenstige-aktivitaeten\/#breadcrumb"},"inLanguage":"nl-NL","potentialAction":[{"@type":"ReadAction","target":["https:\/\/uniekeuitjes.nl\/de\/guenstige-aktivitaeten\/"]}]},{"@type":"BreadcrumbList","@id":"https:\/\/uniekeuitjes.nl\/de\/guenstige-aktivitaeten\/#breadcrumb","itemListElement":[{"@type":"ListItem","position":1,"name":"Home","item":"https:\/\/uniekeuitjes.nl\/de\/"},{"@type":"ListItem","position":2,"name":"G\u00fcnstige Aktivit\u00e4ten"}]},{"@type":"WebSite","@id":"\/#website","url":"\/","name":"Uniekeuitjes.nl","description":"Goedkope leuke uitjes zelf samen te stellen","publisher":{"@id":"\/#organization"},"potentialAction":[{"@type":"SearchAction","target":{"@type":"EntryPoint","urlTemplate":"\/?s={search_term_string}"},"query-input":{"@type":"PropertyValueSpecification","valueRequired":true,"valueName":"search_term_string"}}],"inLanguage":"nl-NL"},{"@type":"Organization","@id":"\/#organization","name":"Unieke Uitjes","url":"\/","logo":{"@type":"ImageObject","inLanguage":"nl-NL","@id":"\/#\/schema\/logo\/image\/","url":"https:\/\/uniekeuitjes.nl\/wp-content\/uploads\/2019\/02\/site-login-logo.png","contentUrl":"https:\/\/uniekeuitjes.nl\/wp-content\/uploads\/2019\/02\/site-login-logo.png","width":708,"height":345,"caption":"Unieke Uitjes"},"image":{"@id":"\/#\/schema\/logo\/image\/"},"sameAs":["https:\/\/www.facebook.com\/uniekeuitjes.nl","https:\/\/www.instagram.com\/uniekeuitjes.nl\/","https:\/\/www.linkedin.com\/company\/unieke-uitjes-nl","https:\/\/www.youtube.com\/channel\/UCXwRXFWP_R0kxRAeL79FQfw"]}]}},"_links":{"self":[{"href":"https:\/\/uniekeuitjes.nl\/de\/wp-json\/wp\/v2\/pages\/11837","targetHints":{"allow":["GET"]}}],"collection":[{"href":"https:\/\/uniekeuitjes.nl\/de\/wp-json\/wp\/v2\/pages"}],"about":[{"href":"https:\/\/uniekeuitjes.nl\/de\/wp-json\/wp\/v2\/types\/page"}],"author":[{"embeddable":true,"href":"https:\/\/uniekeuitjes.nl\/de\/wp-json\/wp\/v2\/users\/1"}],"replies":[{"embeddable":true,"href":"https:\/\/uniekeuitjes.nl\/de\/wp-json\/wp\/v2\/comments?post=11837"}],"version-history":[{"count":0,"href":"https:\/\/uniekeuitjes.nl\/de\/wp-json\/wp\/v2\/pages\/11837\/revisions"}],"wp:attachment":[{"href":"https:\/\/uniekeuitjes.nl\/de\/wp-json\/wp\/v2\/media?parent=11837"}],"wp:term":[{"taxonomy":"category","embeddable":true,"href":"https:\/\/uniekeuitjes.nl\/de\/wp-json\/wp\/v2\/categories?post=11837"}],"curies":[{"name":"wp","href":"https:\/\/api.w.org\/{rel}","templated":true}]}}