{"id":11840,"date":"2019-02-18T12:38:45","date_gmt":"2019-02-18T12:38:45","guid":{"rendered":"https:\/\/uniekeuitjes.nl\/betriebsausfluege\/"},"modified":"2019-02-18T12:38:45","modified_gmt":"2019-02-18T12:38:45","slug":"betriebsausfluege","status":"publish","type":"page","link":"https:\/\/uniekeuitjes.nl\/de\/betriebsausfluege\/","title":{"rendered":"Betriebsausfl\u00fcge"},"content":{"rendered":"<h3>Arrangieren Sie Betriebsausfl\u00fcge? Sparen Sie Zeit, wir organisieren alles (ohne zus\u00e4tzliche Kosten):<\/h3>\n<p>Das Organisieren von Betriebsausfl\u00fcgen kostet Zeit. Oft verbringen Unternehmer, Manager und\/oder Mitarbeiter Stunden damit, Reisen auszuw\u00e4hlen, zu vergleichen und zu arrangieren. Ganz zu schweigen von den vielen (Telefon-)Gespr\u00e4chen mit den verschiedenen Anbietern. Schlie\u00dflich wollen Sie sicher sein, dass<br \/>\n&#8211; Alles ist gut organisiert,<br \/>\n&#8211; Sie zahlen nicht zu viel,<br \/>\n&#8211; Es ist ein Ausflug, der den Menschen im positiven Sinne in Erinnerung bleibt.<br \/>\nDas Organisieren und Organisieren von Betriebsausfl\u00fcgen durch Sie selbst oder einen Mitarbeiter ist oft mit vielen Stunden verbunden. Sie findet w\u00e4hrend der Arbeitszeit statt, und diese ist bezahlt. Wir k\u00f6nnen dies schneller und billiger tun (wir tun dies kostenlos), au\u00dferdem ist unser Angebot gr\u00f6\u00dfer als das der durchschnittlichen Anbieter. Das ist der Grund, warum Unique Outings!<\/p>\n<p>&nbsp;<\/p>\n<h3>Ein festes Budget:<\/h3>\n<p>F\u00fcr Betriebsausfl\u00fcge gibt es oft ein bestimmtes festes Budget pro Person. Von diesem Budget sollten Aktivit\u00e4ten, Getr\u00e4nke und Abendessen (oder Mittagessen oder Snacks) bezahlt werden. Aus diesem Grund arbeiten wir haupts\u00e4chlich mit Pauschalangeboten. So wissen Sie als Kunde, woran Sie sind. So wissen Sie, was Sie verlieren, und als Kunde k\u00f6nnen Sie ungest\u00f6rt genie\u00dfen.<\/p>\n<p>&nbsp;<\/p>\n<h3>Eine kleine Auswahl aus unserer Produktpalette<\/h3>\n<p>&nbsp;<\/p>\n<p>(Das Angebot ist um ein Vielfaches gr\u00f6\u00dfer, siehe dazu unsere Homepage: <strong><a href=\"https:\/\/uniekeuitjes.nl\/\">Unique Outings.de<\/a>. <\/strong> <\/p>\n<p><strong><br \/>\nSpeisen und Getr\u00e4nke (alle Preise inkl. MwSt.):<\/strong><\/p>\n<p><em>Wir arbeiten nur mit renommierten Horeca-Betrieben zusammen, so dass Qualit\u00e4t und ein sch\u00f6nes Ambiente garantiert sind!<\/em><\/p>\n<p>&#8211; Ein gro\u00dfz\u00fcgiges Grillpaket in einem Gastronomiebetrieb vor Ort ist ab 15 \u20ac erh\u00e4ltlich. Besondere W\u00fcnsche? Jede Verl\u00e4ngerung ist gegen Aufpreis m\u00f6glich.<br \/>\n&#8211; Ein Buffet in einem Gastronomiebetrieb Ihrer Wahl ist von 17,50 bis 45 Uhr erh\u00e4ltlich, mit allem, was dazwischen liegt. Sie geben Ihre Anforderungen an, und wir unterbreiten Ihnen ein wettbewerbsf\u00e4higes Angebot. Die Mindestabnahme und der Grundpreis pro Person sind je nach Gastronomiebetrieb unterschiedlich. Wir k\u00f6nnen Sie dazu beraten.<br \/>\n&#8211; Getr\u00e4nke k\u00f6nnen nach Verbrauch im Voraus bestellt werden. Eine Verzehrmarke kostet 2,50. Dazu gibt es Wein, Bier, alkoholfreie Getr\u00e4nke, Kaffee\/Tee und einheimische Spirituosen.<br \/>\n&#8211; Aufkauf von Spirituosen? Dies kann f\u00fcr 21 Euro p.P. getan werden.<\/p>\n<p>&nbsp;<\/p>\n<h3>Worauf es bei Betriebsausfl\u00fcgen ankommt:<\/h3>\n<p>Um eine gute Aktivit\u00e4t zusammenzustellen, ist es wichtig, die Gruppenzusammensetzung und die Anforderungen in Ihrem Unternehmen zu kennen. Einige Schl\u00fcsselfragen:<\/p>\n<p>&#8211; Wie hoch ist das Budget?<br \/>\n&#8211; Wann wollen Sie beginnen und bis wann soll es dauern?<br \/>\n&#8211; Wie ist die Altersverteilung insgesamt?<br \/>\n&#8211; Welche Art von Arbeitnehmern (Extrembeispiel: Stra\u00dfenarbeiter oder Krankenschwestern?)<br \/>\n&#8211; Schlie\u00dft sie Mitarbeiter mit Behinderungen oder entsprechenden Allergien ein?<br \/>\n&#8211; M\u00f6chten Sie auch ein Buffet oder ein Getr\u00e4nkepaket dazu haben?<br \/>\n&#8211; M\u00f6chten Sie eine Aktivit\u00e4t drinnen oder drau\u00dfen durchf\u00fchren? Oder wollen Sie bei schlechtem Wetter eine Ausweichm\u00f6glichkeit haben?<br \/>\n&#8211; Wie lange k\u00f6nnen die Aktivit\u00e4ten dauern?<\/p>\n<p>Wenn wir die Antworten auf die oben genannten Fragen haben, k\u00f6nnen wir Ihnen ein passendes Angebot machen, bei dem wir Ihnen garantieren, dass Sie immer ein sehr preisg\u00fcnstiges Paket erhalten.<\/p>\n<p>&nbsp;<\/p>\n<p>Hinweis: keine zus\u00e4tzlichen Kosten bei uns. Alles inklusive Versicherung und Mehrwertsteuer, also klar. Wenn wir weiter reisen m\u00fcssen, gibt es ein kleines Lager. Aber auch dann: Wir \u00fcbernehmen auch kleinere Gruppen und sind immer schlauer als unsere Mitbewerber.<\/p>\n<p>M\u00f6chten Sie eine einzelne Aktivit\u00e4t mieten? Auch das ist kein Problem. Wir w\u00fcrden Ihnen gerne helfen!<\/p>\n<p>&nbsp;<\/p>\n","protected":false},"excerpt":{"rendered":"<p>Arrangieren Sie Betriebsausfl\u00fcge? Sparen Sie Zeit, wir organisieren alles (ohne zus\u00e4tzliche Kosten): Das Organisieren von Betriebsausfl\u00fcgen kostet Zeit. Oft verbringen Unternehmer, Manager und\/oder Mitarbeiter Stunden damit, Reisen auszuw\u00e4hlen, zu vergleichen und zu arrangieren. Ganz zu schweigen von den vielen (Telefon-)Gespr\u00e4chen mit den verschiedenen Anbietern. Schlie\u00dflich wollen Sie sicher sein, dass &#8211; Alles ist gut organisiert, [&hellip;]<\/p>\n","protected":false},"author":1,"featured_media":13655,"parent":0,"menu_order":0,"comment_status":"closed","ping_status":"closed","template":"","meta":{"_acf_changed":false,"_monsterinsights_skip_tracking":false,"_monsterinsights_sitenote_active":false,"_monsterinsights_sitenote_note":"","_monsterinsights_sitenote_category":0,"footnotes":""},"categories":[73],"class_list":["post-11840","page","type-page","status-publish","has-post-thumbnail","hentry","category-zielseite"],"acf":[],"yoast_head":"<!-- This site is optimized with the Yoast SEO plugin v27.4 - https:\/\/yoast.com\/product\/yoast-seo-wordpress\/ -->\n<title>Betriebsausfl\u00fcge - Uniekeuitjes.nl<\/title>\n<meta name=\"robots\" content=\"index, follow, max-snippet:-1, max-image-preview:large, max-video-preview:-1\" \/>\n<link rel=\"canonical\" href=\"https:\/\/uniekeuitjes.nl\/de\/betriebsausfluege\/\" \/>\n<meta property=\"og:locale\" content=\"nl_NL\" \/>\n<meta property=\"og:type\" content=\"article\" \/>\n<meta property=\"og:title\" content=\"Betriebsausfl\u00fcge - Uniekeuitjes.nl\" \/>\n<meta property=\"og:description\" content=\"Arrangieren Sie Betriebsausfl\u00fcge? Sparen Sie Zeit, wir organisieren alles (ohne zus\u00e4tzliche Kosten): Das Organisieren von Betriebsausfl\u00fcgen kostet Zeit. Oft verbringen Unternehmer, Manager und\/oder Mitarbeiter Stunden damit, Reisen auszuw\u00e4hlen, zu vergleichen und zu arrangieren. Ganz zu schweigen von den vielen (Telefon-)Gespr\u00e4chen mit den verschiedenen Anbietern. Schlie\u00dflich wollen Sie sicher sein, dass &#8211; Alles ist gut organisiert, [&hellip;]\" \/>\n<meta property=\"og:url\" content=\"https:\/\/uniekeuitjes.nl\/de\/betriebsausfluege\/\" \/>\n<meta property=\"og:site_name\" content=\"Uniekeuitjes.nl\" \/>\n<meta property=\"article:publisher\" content=\"https:\/\/www.facebook.com\/uniekeuitjes.nl\" \/>\n<meta property=\"og:image\" content=\"https:\/\/uniekeuitjes.nl\/wp-content\/uploads\/2019\/01\/groepje-aan-het-quizzen-1.jpg\" \/>\n\t<meta property=\"og:image:width\" content=\"590\" \/>\n\t<meta property=\"og:image:height\" content=\"350\" \/>\n\t<meta property=\"og:image:type\" content=\"image\/jpeg\" \/>\n<meta name=\"twitter:card\" content=\"summary_large_image\" \/>\n<meta name=\"twitter:label1\" content=\"Geschatte leestijd\" \/>\n\t<meta name=\"twitter:data1\" content=\"3 minuten\" \/>\n<script type=\"application\/ld+json\" class=\"yoast-schema-graph\">{\"@context\":\"https:\\\/\\\/schema.org\",\"@graph\":[{\"@type\":\"WebPage\",\"@id\":\"https:\\\/\\\/uniekeuitjes.nl\\\/de\\\/betriebsausfluege\\\/\",\"url\":\"https:\\\/\\\/uniekeuitjes.nl\\\/de\\\/betriebsausfluege\\\/\",\"name\":\"Betriebsausfl\u00fcge - Uniekeuitjes.nl\",\"isPartOf\":{\"@id\":\"\\\/#website\"},\"primaryImageOfPage\":{\"@id\":\"https:\\\/\\\/uniekeuitjes.nl\\\/de\\\/betriebsausfluege\\\/#primaryimage\"},\"image\":{\"@id\":\"https:\\\/\\\/uniekeuitjes.nl\\\/de\\\/betriebsausfluege\\\/#primaryimage\"},\"thumbnailUrl\":\"https:\\\/\\\/uniekeuitjes.nl\\\/wp-content\\\/uploads\\\/2019\\\/01\\\/groepje-aan-het-quizzen-1.jpg\",\"datePublished\":\"2019-02-18T12:38:45+00:00\",\"breadcrumb\":{\"@id\":\"https:\\\/\\\/uniekeuitjes.nl\\\/de\\\/betriebsausfluege\\\/#breadcrumb\"},\"inLanguage\":\"nl-NL\",\"potentialAction\":[{\"@type\":\"ReadAction\",\"target\":[\"https:\\\/\\\/uniekeuitjes.nl\\\/de\\\/betriebsausfluege\\\/\"]}]},{\"@type\":\"ImageObject\",\"inLanguage\":\"nl-NL\",\"@id\":\"https:\\\/\\\/uniekeuitjes.nl\\\/de\\\/betriebsausfluege\\\/#primaryimage\",\"url\":\"https:\\\/\\\/uniekeuitjes.nl\\\/wp-content\\\/uploads\\\/2019\\\/01\\\/groepje-aan-het-quizzen-1.jpg\",\"contentUrl\":\"https:\\\/\\\/uniekeuitjes.nl\\\/wp-content\\\/uploads\\\/2019\\\/01\\\/groepje-aan-het-quizzen-1.jpg\",\"width\":590,\"height\":350,\"caption\":\"Groepje bezig met de muziekquiz\"},{\"@type\":\"BreadcrumbList\",\"@id\":\"https:\\\/\\\/uniekeuitjes.nl\\\/de\\\/betriebsausfluege\\\/#breadcrumb\",\"itemListElement\":[{\"@type\":\"ListItem\",\"position\":1,\"name\":\"Home\",\"item\":\"https:\\\/\\\/uniekeuitjes.nl\\\/de\\\/\"},{\"@type\":\"ListItem\",\"position\":2,\"name\":\"Betriebsausfl\u00fcge\"}]},{\"@type\":\"WebSite\",\"@id\":\"\\\/#website\",\"url\":\"\\\/\",\"name\":\"Uniekeuitjes.nl\",\"description\":\"Goedkope leuke uitjes zelf samen te stellen\",\"publisher\":{\"@id\":\"\\\/#organization\"},\"potentialAction\":[{\"@type\":\"SearchAction\",\"target\":{\"@type\":\"EntryPoint\",\"urlTemplate\":\"\\\/?s={search_term_string}\"},\"query-input\":{\"@type\":\"PropertyValueSpecification\",\"valueRequired\":true,\"valueName\":\"search_term_string\"}}],\"inLanguage\":\"nl-NL\"},{\"@type\":\"Organization\",\"@id\":\"\\\/#organization\",\"name\":\"Unieke Uitjes\",\"url\":\"\\\/\",\"logo\":{\"@type\":\"ImageObject\",\"inLanguage\":\"nl-NL\",\"@id\":\"\\\/#\\\/schema\\\/logo\\\/image\\\/\",\"url\":\"https:\\\/\\\/uniekeuitjes.nl\\\/wp-content\\\/uploads\\\/2019\\\/02\\\/site-login-logo.png\",\"contentUrl\":\"https:\\\/\\\/uniekeuitjes.nl\\\/wp-content\\\/uploads\\\/2019\\\/02\\\/site-login-logo.png\",\"width\":708,\"height\":345,\"caption\":\"Unieke Uitjes\"},\"image\":{\"@id\":\"\\\/#\\\/schema\\\/logo\\\/image\\\/\"},\"sameAs\":[\"https:\\\/\\\/www.facebook.com\\\/uniekeuitjes.nl\",\"https:\\\/\\\/www.instagram.com\\\/uniekeuitjes.nl\\\/\",\"https:\\\/\\\/www.linkedin.com\\\/company\\\/unieke-uitjes-nl\",\"https:\\\/\\\/www.youtube.com\\\/channel\\\/UCXwRXFWP_R0kxRAeL79FQfw\"]}]}<\/script>\n<!-- \/ Yoast SEO plugin. -->","yoast_head_json":{"title":"Betriebsausfl\u00fcge - Uniekeuitjes.nl","robots":{"index":"index","follow":"follow","max-snippet":"max-snippet:-1","max-image-preview":"max-image-preview:large","max-video-preview":"max-video-preview:-1"},"canonical":"https:\/\/uniekeuitjes.nl\/de\/betriebsausfluege\/","og_locale":"nl_NL","og_type":"article","og_title":"Betriebsausfl\u00fcge - Uniekeuitjes.nl","og_description":"Arrangieren Sie Betriebsausfl\u00fcge? Sparen Sie Zeit, wir organisieren alles (ohne zus\u00e4tzliche Kosten): Das Organisieren von Betriebsausfl\u00fcgen kostet Zeit. Oft verbringen Unternehmer, Manager und\/oder Mitarbeiter Stunden damit, Reisen auszuw\u00e4hlen, zu vergleichen und zu arrangieren. Ganz zu schweigen von den vielen (Telefon-)Gespr\u00e4chen mit den verschiedenen Anbietern. Schlie\u00dflich wollen Sie sicher sein, dass &#8211; Alles ist gut organisiert, [&hellip;]","og_url":"https:\/\/uniekeuitjes.nl\/de\/betriebsausfluege\/","og_site_name":"Uniekeuitjes.nl","article_publisher":"https:\/\/www.facebook.com\/uniekeuitjes.nl","og_image":[{"width":590,"height":350,"url":"https:\/\/uniekeuitjes.nl\/wp-content\/uploads\/2019\/01\/groepje-aan-het-quizzen-1.jpg","type":"image\/jpeg"}],"twitter_card":"summary_large_image","twitter_misc":{"Geschatte leestijd":"3 minuten"},"schema":{"@context":"https:\/\/schema.org","@graph":[{"@type":"WebPage","@id":"https:\/\/uniekeuitjes.nl\/de\/betriebsausfluege\/","url":"https:\/\/uniekeuitjes.nl\/de\/betriebsausfluege\/","name":"Betriebsausfl\u00fcge - Uniekeuitjes.nl","isPartOf":{"@id":"\/#website"},"primaryImageOfPage":{"@id":"https:\/\/uniekeuitjes.nl\/de\/betriebsausfluege\/#primaryimage"},"image":{"@id":"https:\/\/uniekeuitjes.nl\/de\/betriebsausfluege\/#primaryimage"},"thumbnailUrl":"https:\/\/uniekeuitjes.nl\/wp-content\/uploads\/2019\/01\/groepje-aan-het-quizzen-1.jpg","datePublished":"2019-02-18T12:38:45+00:00","breadcrumb":{"@id":"https:\/\/uniekeuitjes.nl\/de\/betriebsausfluege\/#breadcrumb"},"inLanguage":"nl-NL","potentialAction":[{"@type":"ReadAction","target":["https:\/\/uniekeuitjes.nl\/de\/betriebsausfluege\/"]}]},{"@type":"ImageObject","inLanguage":"nl-NL","@id":"https:\/\/uniekeuitjes.nl\/de\/betriebsausfluege\/#primaryimage","url":"https:\/\/uniekeuitjes.nl\/wp-content\/uploads\/2019\/01\/groepje-aan-het-quizzen-1.jpg","contentUrl":"https:\/\/uniekeuitjes.nl\/wp-content\/uploads\/2019\/01\/groepje-aan-het-quizzen-1.jpg","width":590,"height":350,"caption":"Groepje bezig met de muziekquiz"},{"@type":"BreadcrumbList","@id":"https:\/\/uniekeuitjes.nl\/de\/betriebsausfluege\/#breadcrumb","itemListElement":[{"@type":"ListItem","position":1,"name":"Home","item":"https:\/\/uniekeuitjes.nl\/de\/"},{"@type":"ListItem","position":2,"name":"Betriebsausfl\u00fcge"}]},{"@type":"WebSite","@id":"\/#website","url":"\/","name":"Uniekeuitjes.nl","description":"Goedkope leuke uitjes zelf samen te stellen","publisher":{"@id":"\/#organization"},"potentialAction":[{"@type":"SearchAction","target":{"@type":"EntryPoint","urlTemplate":"\/?s={search_term_string}"},"query-input":{"@type":"PropertyValueSpecification","valueRequired":true,"valueName":"search_term_string"}}],"inLanguage":"nl-NL"},{"@type":"Organization","@id":"\/#organization","name":"Unieke Uitjes","url":"\/","logo":{"@type":"ImageObject","inLanguage":"nl-NL","@id":"\/#\/schema\/logo\/image\/","url":"https:\/\/uniekeuitjes.nl\/wp-content\/uploads\/2019\/02\/site-login-logo.png","contentUrl":"https:\/\/uniekeuitjes.nl\/wp-content\/uploads\/2019\/02\/site-login-logo.png","width":708,"height":345,"caption":"Unieke Uitjes"},"image":{"@id":"\/#\/schema\/logo\/image\/"},"sameAs":["https:\/\/www.facebook.com\/uniekeuitjes.nl","https:\/\/www.instagram.com\/uniekeuitjes.nl\/","https:\/\/www.linkedin.com\/company\/unieke-uitjes-nl","https:\/\/www.youtube.com\/channel\/UCXwRXFWP_R0kxRAeL79FQfw"]}]}},"_links":{"self":[{"href":"https:\/\/uniekeuitjes.nl\/de\/wp-json\/wp\/v2\/pages\/11840","targetHints":{"allow":["GET"]}}],"collection":[{"href":"https:\/\/uniekeuitjes.nl\/de\/wp-json\/wp\/v2\/pages"}],"about":[{"href":"https:\/\/uniekeuitjes.nl\/de\/wp-json\/wp\/v2\/types\/page"}],"author":[{"embeddable":true,"href":"https:\/\/uniekeuitjes.nl\/de\/wp-json\/wp\/v2\/users\/1"}],"replies":[{"embeddable":true,"href":"https:\/\/uniekeuitjes.nl\/de\/wp-json\/wp\/v2\/comments?post=11840"}],"version-history":[{"count":0,"href":"https:\/\/uniekeuitjes.nl\/de\/wp-json\/wp\/v2\/pages\/11840\/revisions"}],"wp:featuredmedia":[{"embeddable":true,"href":"https:\/\/uniekeuitjes.nl\/de\/wp-json\/wp\/v2\/media\/13655"}],"wp:attachment":[{"href":"https:\/\/uniekeuitjes.nl\/de\/wp-json\/wp\/v2\/media?parent=11840"}],"wp:term":[{"taxonomy":"category","embeddable":true,"href":"https:\/\/uniekeuitjes.nl\/de\/wp-json\/wp\/v2\/categories?post=11840"}],"curies":[{"name":"wp","href":"https:\/\/api.w.org\/{rel}","templated":true}]}}