{"id":11842,"date":"2019-02-18T12:16:58","date_gmt":"2019-02-18T12:16:58","guid":{"rendered":"https:\/\/uniekeuitjes.nl\/aktivitaeten-in-innenraeumen\/"},"modified":"2019-02-18T12:16:58","modified_gmt":"2019-02-18T12:16:58","slug":"aktivitaeten-in-innenraeumen","status":"publish","type":"page","link":"https:\/\/uniekeuitjes.nl\/de\/aktivitaeten-in-innenraeumen\/","title":{"rendered":"Aktivit\u00e4ten in Innenr\u00e4umen"},"content":{"rendered":"<p>Zentral in der Achterhoek gelegen, hat Unique Uitjes viele Indoor-Aktivit\u00e4ten f\u00fcr Sie zu bieten. Spannende und herausfordernde Aktivit\u00e4ten wie ein Indoor-Hexathlon, Laser-Tag, Bogenschie\u00dfen oder eine Gameshow. Indoor-Aktivit\u00e4ten sind im Winter unglaublich gem\u00fctlich, machen aber auch im Hochsommer unglaublich viel Spa\u00df! Die Indoor-Aktivit\u00e4ten sind eine gute M\u00f6glichkeit, den Nachmittag\/Abend mit garantiertem Spa\u00df auszuf\u00fcllen. Wir k\u00fcmmern uns komplett um diese Aktivit\u00e4ten f\u00fcr Sie, von den Erkl\u00e4rungen bis zu den Bewertungsb\u00f6gen und allen anderen Materialien.<\/p>\n<p>&nbsp;<\/p>\n<p>Sie k\u00f6nnen w\u00e4hlen, ob Sie mit Ihrer Gruppe in unsere gem\u00fctliche Aktivit\u00e4tshalle in Laren Gld mit sch\u00f6ner Aussicht kommen oder ob Sie unsere Aktivit\u00e4ten mit einem erfahrenen Instruktor zu sich kommen lassen. Alles ist im gegenseitigen Einvernehmen m\u00f6glich.<\/p>\n<p>&nbsp;<\/p>\n<h2>Unser \u00fcberdachter Schie\u00dfstand ist unten auf dieser Seite zu sehen.<\/h2>\n<p>&nbsp;<\/p>\n<p>Alle Aktivit\u00e4ten k\u00f6nnen kombiniert werden. Wenn Sie Fragen haben, k\u00f6nnen Sie uns jederzeit kontaktieren. Nat\u00fcrlich k\u00f6nnen Sie uns auch f\u00fcr ein ma\u00dfgeschneidertes Angebot kontaktieren. Sie k\u00f6nnen dies telefonisch unter 0573-740004 oder per E-Mail an info@uniekeuitjes.nl tun.<\/p>\n<p>&nbsp;<\/p>\n<p>Wir verf\u00fcgen \u00fcber erfahrene Ausbilder\/Betreuer und garantieren die g\u00fcnstigsten Preise in der Region. Wir bieten Ausfl\u00fcge f\u00fcr jedes Budget, f\u00fcr 2 Personen bis zu 500 Personen. Auf diese Weise k\u00f6nnen wir sehr wettbewerbsf\u00e4hige Pakete und unterhaltsame Ausfl\u00fcge anbieten, und Sie als Gast werden v\u00f6llig unbelastet sein. Schlie\u00dflich ist es Ihr Ausflugstag. Sie wollen nur einen Solex, E-Chopper oder ein Tuk Tuk mieten? Dann ist nat\u00fcrlich auch das m\u00f6glich.<\/p>\n<p>&nbsp;<\/p>\n<p><a href=\"https:\/\/uniekeuitjes.nl\/\"><img loading=\"lazy\" decoding=\"async\" class=\" wp-image-377\" src=\"http:\/\/uniekeuitjes.nl\/wp-content\/uploads\/2019\/02\/site-login-logo.png\" alt=\"Logo von Unique Outings\" width=\"176\" height=\"86\" srcset=\"https:\/\/uniekeuitjes.nl\/wp-content\/uploads\/2019\/02\/site-login-logo.png 708w, https:\/\/uniekeuitjes.nl\/wp-content\/uploads\/2019\/02\/site-login-logo-300x146.png 300w, https:\/\/uniekeuitjes.nl\/wp-content\/uploads\/2019\/02\/site-login-logo-600x292.png 600w\" sizes=\"auto, (max-width: 176px) 100vw, 176px\" \/><\/a><\/p>\n","protected":false},"excerpt":{"rendered":"<p>Zentral in der Achterhoek gelegen, hat Unique Uitjes viele Indoor-Aktivit\u00e4ten f\u00fcr Sie zu bieten. Spannende und herausfordernde Aktivit\u00e4ten wie ein Indoor-Hexathlon, Laser-Tag, Bogenschie\u00dfen oder eine Gameshow. Indoor-Aktivit\u00e4ten sind im Winter unglaublich gem\u00fctlich, machen aber auch im Hochsommer unglaublich viel Spa\u00df! Die Indoor-Aktivit\u00e4ten sind eine gute M\u00f6glichkeit, den Nachmittag\/Abend mit garantiertem Spa\u00df auszuf\u00fcllen. Wir k\u00fcmmern uns [&hellip;]<\/p>\n","protected":false},"author":1,"featured_media":0,"parent":0,"menu_order":0,"comment_status":"closed","ping_status":"closed","template":"","meta":{"_acf_changed":false,"_monsterinsights_skip_tracking":false,"_monsterinsights_sitenote_active":false,"_monsterinsights_sitenote_note":"","_monsterinsights_sitenote_category":0,"footnotes":""},"categories":[73],"class_list":["post-11842","page","type-page","status-publish","hentry","category-zielseite"],"acf":[],"yoast_head":"<!-- This site is optimized with the Yoast SEO plugin v27.4 - https:\/\/yoast.com\/product\/yoast-seo-wordpress\/ -->\n<title>Aktivit\u00e4ten in Innenr\u00e4umen - Uniekeuitjes.nl<\/title>\n<meta name=\"description\" content=\"Zentral in der Achterhoek gelegen, bietet Unique Outings viele Indoor-Aktivit\u00e4ten an. Indoor-Aktivit\u00e4ten werden das ganze Jahr \u00fcber angeboten.\" \/>\n<meta name=\"robots\" content=\"index, follow, max-snippet:-1, max-image-preview:large, max-video-preview:-1\" \/>\n<link rel=\"canonical\" href=\"https:\/\/uniekeuitjes.nl\/de\/aktivitaeten-in-innenraeumen\/\" \/>\n<meta property=\"og:locale\" content=\"nl_NL\" \/>\n<meta property=\"og:type\" content=\"article\" \/>\n<meta property=\"og:title\" content=\"Aktivit\u00e4ten in Innenr\u00e4umen - Uniekeuitjes.nl\" \/>\n<meta property=\"og:description\" content=\"Zentral in der Achterhoek gelegen, bietet Unique Outings viele Indoor-Aktivit\u00e4ten an. Indoor-Aktivit\u00e4ten werden das ganze Jahr \u00fcber angeboten.\" \/>\n<meta property=\"og:url\" content=\"https:\/\/uniekeuitjes.nl\/de\/aktivitaeten-in-innenraeumen\/\" \/>\n<meta property=\"og:site_name\" content=\"Uniekeuitjes.nl\" \/>\n<meta property=\"article:publisher\" content=\"https:\/\/www.facebook.com\/uniekeuitjes.nl\" \/>\n<meta property=\"og:image\" content=\"http:\/\/uniekeuitjes.nl\/wp-content\/uploads\/2019\/02\/site-login-logo.png\" \/>\n<meta name=\"twitter:card\" content=\"summary_large_image\" \/>\n<meta name=\"twitter:label1\" content=\"Geschatte leestijd\" \/>\n\t<meta name=\"twitter:data1\" content=\"1 minuut\" \/>\n<script type=\"application\/ld+json\" class=\"yoast-schema-graph\">{\"@context\":\"https:\\\/\\\/schema.org\",\"@graph\":[{\"@type\":\"WebPage\",\"@id\":\"https:\\\/\\\/uniekeuitjes.nl\\\/de\\\/aktivitaeten-in-innenraeumen\\\/\",\"url\":\"https:\\\/\\\/uniekeuitjes.nl\\\/de\\\/aktivitaeten-in-innenraeumen\\\/\",\"name\":\"Aktivit\u00e4ten in Innenr\u00e4umen - Uniekeuitjes.nl\",\"isPartOf\":{\"@id\":\"\\\/#website\"},\"primaryImageOfPage\":{\"@id\":\"https:\\\/\\\/uniekeuitjes.nl\\\/de\\\/aktivitaeten-in-innenraeumen\\\/#primaryimage\"},\"image\":{\"@id\":\"https:\\\/\\\/uniekeuitjes.nl\\\/de\\\/aktivitaeten-in-innenraeumen\\\/#primaryimage\"},\"thumbnailUrl\":\"http:\\\/\\\/uniekeuitjes.nl\\\/wp-content\\\/uploads\\\/2019\\\/02\\\/site-login-logo.png\",\"datePublished\":\"2019-02-18T12:16:58+00:00\",\"description\":\"Zentral in der Achterhoek gelegen, bietet Unique Outings viele Indoor-Aktivit\u00e4ten an. Indoor-Aktivit\u00e4ten werden das ganze Jahr \u00fcber angeboten.\",\"breadcrumb\":{\"@id\":\"https:\\\/\\\/uniekeuitjes.nl\\\/de\\\/aktivitaeten-in-innenraeumen\\\/#breadcrumb\"},\"inLanguage\":\"nl-NL\",\"potentialAction\":[{\"@type\":\"ReadAction\",\"target\":[\"https:\\\/\\\/uniekeuitjes.nl\\\/de\\\/aktivitaeten-in-innenraeumen\\\/\"]}]},{\"@type\":\"ImageObject\",\"inLanguage\":\"nl-NL\",\"@id\":\"https:\\\/\\\/uniekeuitjes.nl\\\/de\\\/aktivitaeten-in-innenraeumen\\\/#primaryimage\",\"url\":\"http:\\\/\\\/uniekeuitjes.nl\\\/wp-content\\\/uploads\\\/2019\\\/02\\\/site-login-logo.png\",\"contentUrl\":\"http:\\\/\\\/uniekeuitjes.nl\\\/wp-content\\\/uploads\\\/2019\\\/02\\\/site-login-logo.png\"},{\"@type\":\"BreadcrumbList\",\"@id\":\"https:\\\/\\\/uniekeuitjes.nl\\\/de\\\/aktivitaeten-in-innenraeumen\\\/#breadcrumb\",\"itemListElement\":[{\"@type\":\"ListItem\",\"position\":1,\"name\":\"Home\",\"item\":\"https:\\\/\\\/uniekeuitjes.nl\\\/de\\\/\"},{\"@type\":\"ListItem\",\"position\":2,\"name\":\"Aktivit\u00e4ten in Innenr\u00e4umen\"}]},{\"@type\":\"WebSite\",\"@id\":\"\\\/#website\",\"url\":\"\\\/\",\"name\":\"Uniekeuitjes.nl\",\"description\":\"Goedkope leuke uitjes zelf samen te stellen\",\"publisher\":{\"@id\":\"\\\/#organization\"},\"potentialAction\":[{\"@type\":\"SearchAction\",\"target\":{\"@type\":\"EntryPoint\",\"urlTemplate\":\"\\\/?s={search_term_string}\"},\"query-input\":{\"@type\":\"PropertyValueSpecification\",\"valueRequired\":true,\"valueName\":\"search_term_string\"}}],\"inLanguage\":\"nl-NL\"},{\"@type\":\"Organization\",\"@id\":\"\\\/#organization\",\"name\":\"Unieke Uitjes\",\"url\":\"\\\/\",\"logo\":{\"@type\":\"ImageObject\",\"inLanguage\":\"nl-NL\",\"@id\":\"\\\/#\\\/schema\\\/logo\\\/image\\\/\",\"url\":\"https:\\\/\\\/uniekeuitjes.nl\\\/wp-content\\\/uploads\\\/2019\\\/02\\\/site-login-logo.png\",\"contentUrl\":\"https:\\\/\\\/uniekeuitjes.nl\\\/wp-content\\\/uploads\\\/2019\\\/02\\\/site-login-logo.png\",\"width\":708,\"height\":345,\"caption\":\"Unieke Uitjes\"},\"image\":{\"@id\":\"\\\/#\\\/schema\\\/logo\\\/image\\\/\"},\"sameAs\":[\"https:\\\/\\\/www.facebook.com\\\/uniekeuitjes.nl\",\"https:\\\/\\\/www.instagram.com\\\/uniekeuitjes.nl\\\/\",\"https:\\\/\\\/www.linkedin.com\\\/company\\\/unieke-uitjes-nl\",\"https:\\\/\\\/www.youtube.com\\\/channel\\\/UCXwRXFWP_R0kxRAeL79FQfw\"]}]}<\/script>\n<!-- \/ Yoast SEO plugin. -->","yoast_head_json":{"title":"Aktivit\u00e4ten in Innenr\u00e4umen - Uniekeuitjes.nl","description":"Zentral in der Achterhoek gelegen, bietet Unique Outings viele Indoor-Aktivit\u00e4ten an. Indoor-Aktivit\u00e4ten werden das ganze Jahr \u00fcber angeboten.","robots":{"index":"index","follow":"follow","max-snippet":"max-snippet:-1","max-image-preview":"max-image-preview:large","max-video-preview":"max-video-preview:-1"},"canonical":"https:\/\/uniekeuitjes.nl\/de\/aktivitaeten-in-innenraeumen\/","og_locale":"nl_NL","og_type":"article","og_title":"Aktivit\u00e4ten in Innenr\u00e4umen - Uniekeuitjes.nl","og_description":"Zentral in der Achterhoek gelegen, bietet Unique Outings viele Indoor-Aktivit\u00e4ten an. Indoor-Aktivit\u00e4ten werden das ganze Jahr \u00fcber angeboten.","og_url":"https:\/\/uniekeuitjes.nl\/de\/aktivitaeten-in-innenraeumen\/","og_site_name":"Uniekeuitjes.nl","article_publisher":"https:\/\/www.facebook.com\/uniekeuitjes.nl","og_image":[{"url":"http:\/\/uniekeuitjes.nl\/wp-content\/uploads\/2019\/02\/site-login-logo.png","type":"","width":"","height":""}],"twitter_card":"summary_large_image","twitter_misc":{"Geschatte leestijd":"1 minuut"},"schema":{"@context":"https:\/\/schema.org","@graph":[{"@type":"WebPage","@id":"https:\/\/uniekeuitjes.nl\/de\/aktivitaeten-in-innenraeumen\/","url":"https:\/\/uniekeuitjes.nl\/de\/aktivitaeten-in-innenraeumen\/","name":"Aktivit\u00e4ten in Innenr\u00e4umen - Uniekeuitjes.nl","isPartOf":{"@id":"\/#website"},"primaryImageOfPage":{"@id":"https:\/\/uniekeuitjes.nl\/de\/aktivitaeten-in-innenraeumen\/#primaryimage"},"image":{"@id":"https:\/\/uniekeuitjes.nl\/de\/aktivitaeten-in-innenraeumen\/#primaryimage"},"thumbnailUrl":"http:\/\/uniekeuitjes.nl\/wp-content\/uploads\/2019\/02\/site-login-logo.png","datePublished":"2019-02-18T12:16:58+00:00","description":"Zentral in der Achterhoek gelegen, bietet Unique Outings viele Indoor-Aktivit\u00e4ten an. Indoor-Aktivit\u00e4ten werden das ganze Jahr \u00fcber angeboten.","breadcrumb":{"@id":"https:\/\/uniekeuitjes.nl\/de\/aktivitaeten-in-innenraeumen\/#breadcrumb"},"inLanguage":"nl-NL","potentialAction":[{"@type":"ReadAction","target":["https:\/\/uniekeuitjes.nl\/de\/aktivitaeten-in-innenraeumen\/"]}]},{"@type":"ImageObject","inLanguage":"nl-NL","@id":"https:\/\/uniekeuitjes.nl\/de\/aktivitaeten-in-innenraeumen\/#primaryimage","url":"http:\/\/uniekeuitjes.nl\/wp-content\/uploads\/2019\/02\/site-login-logo.png","contentUrl":"http:\/\/uniekeuitjes.nl\/wp-content\/uploads\/2019\/02\/site-login-logo.png"},{"@type":"BreadcrumbList","@id":"https:\/\/uniekeuitjes.nl\/de\/aktivitaeten-in-innenraeumen\/#breadcrumb","itemListElement":[{"@type":"ListItem","position":1,"name":"Home","item":"https:\/\/uniekeuitjes.nl\/de\/"},{"@type":"ListItem","position":2,"name":"Aktivit\u00e4ten in Innenr\u00e4umen"}]},{"@type":"WebSite","@id":"\/#website","url":"\/","name":"Uniekeuitjes.nl","description":"Goedkope leuke uitjes zelf samen te stellen","publisher":{"@id":"\/#organization"},"potentialAction":[{"@type":"SearchAction","target":{"@type":"EntryPoint","urlTemplate":"\/?s={search_term_string}"},"query-input":{"@type":"PropertyValueSpecification","valueRequired":true,"valueName":"search_term_string"}}],"inLanguage":"nl-NL"},{"@type":"Organization","@id":"\/#organization","name":"Unieke Uitjes","url":"\/","logo":{"@type":"ImageObject","inLanguage":"nl-NL","@id":"\/#\/schema\/logo\/image\/","url":"https:\/\/uniekeuitjes.nl\/wp-content\/uploads\/2019\/02\/site-login-logo.png","contentUrl":"https:\/\/uniekeuitjes.nl\/wp-content\/uploads\/2019\/02\/site-login-logo.png","width":708,"height":345,"caption":"Unieke Uitjes"},"image":{"@id":"\/#\/schema\/logo\/image\/"},"sameAs":["https:\/\/www.facebook.com\/uniekeuitjes.nl","https:\/\/www.instagram.com\/uniekeuitjes.nl\/","https:\/\/www.linkedin.com\/company\/unieke-uitjes-nl","https:\/\/www.youtube.com\/channel\/UCXwRXFWP_R0kxRAeL79FQfw"]}]}},"_links":{"self":[{"href":"https:\/\/uniekeuitjes.nl\/de\/wp-json\/wp\/v2\/pages\/11842","targetHints":{"allow":["GET"]}}],"collection":[{"href":"https:\/\/uniekeuitjes.nl\/de\/wp-json\/wp\/v2\/pages"}],"about":[{"href":"https:\/\/uniekeuitjes.nl\/de\/wp-json\/wp\/v2\/types\/page"}],"author":[{"embeddable":true,"href":"https:\/\/uniekeuitjes.nl\/de\/wp-json\/wp\/v2\/users\/1"}],"replies":[{"embeddable":true,"href":"https:\/\/uniekeuitjes.nl\/de\/wp-json\/wp\/v2\/comments?post=11842"}],"version-history":[{"count":0,"href":"https:\/\/uniekeuitjes.nl\/de\/wp-json\/wp\/v2\/pages\/11842\/revisions"}],"wp:attachment":[{"href":"https:\/\/uniekeuitjes.nl\/de\/wp-json\/wp\/v2\/media?parent=11842"}],"wp:term":[{"taxonomy":"category","embeddable":true,"href":"https:\/\/uniekeuitjes.nl\/de\/wp-json\/wp\/v2\/categories?post=11842"}],"curies":[{"name":"wp","href":"https:\/\/api.w.org\/{rel}","templated":true}]}}