{"id":11844,"date":"2019-02-18T14:30:24","date_gmt":"2019-02-18T14:30:24","guid":{"rendered":"https:\/\/uniekeuitjes.nl\/ausfluege-in-bronckhorst\/"},"modified":"2019-02-18T14:30:24","modified_gmt":"2019-02-18T14:30:24","slug":"ausfluege-in-bronckhorst","status":"publish","type":"page","link":"https:\/\/uniekeuitjes.nl\/de\/ausfluege-in-bronckhorst\/","title":{"rendered":"Ausfl\u00fcge in Bronckhorst"},"content":{"rendered":"<h2>Ausfl\u00fcge in Bronckhorst:<\/h2>\n<p>Unique Uitjes bietet sehr viele Aktivit\u00e4ten, Pakete und Ausfl\u00fcge in Bronckhorst an.<\/p>\n<p>Entdecken Sie Bronckhorst! Die uralte Landschaft ist gespickt mit Routen, die Sie mit einem <a href=\"https:\/\/uniekeuitjes.nl\/uitje\/trigger-huren\/\">Trigger<\/a>, einem <a href=\"https:\/\/uniekeuitjes.nl\/uitje\/solex-huren\/\">Solex<\/a>, einem Tandem und auf viele andere Arten begehen k\u00f6nnen. Es ist auch m\u00f6glich, die Gegend mit unserem neuesten Produkt, dem <a href=\"https:\/\/uniekeuitjes.nl\/uitje\/echopper-elektrische-scooter-huren\/\">E-Chopper<\/a>, zu erkunden! Hinter jeder Kurve ein neues, atemberaubendes Bild, eine \u00fcberraschende Attraktion oder authentische Speisen, Getr\u00e4nke und Unterk\u00fcnfte. Und denken Sie auch an Tontaubenschie\u00dfen oder Stra\u00dfengolf! Wir bieten auch verschiedene <a href=\"https:\/\/uniekeuitjes.nl\/spelshows\/\">Spielshows<\/a> in der Gemeinde Bronckhorst an. Diese Spielshows sorgen garantiert f\u00fcr einen unterhaltsamen und unvergesslichen Tag. Bronckhorst hat auch ein wundersch\u00f6nes Waldgebiet. Diese W\u00e4lder sind der perfekte Ort f\u00fcr eine Partie <a href=\"https:\/\/uniekeuitjes.nl\/uitje\/indoor-en-outdoor-lasergamen-op-locatie\/\">Lasertag<\/a>.<\/p>\n<p>&nbsp;<\/p>\n<h2><\/h2>\n<h2>\u00dcber Bronckhorst:<\/h2>\n<p>Ausfl\u00fcge in Bronckhorst: Bronkhorst, eine malerische Stadt an der IJssel, pr\u00e4sentiert sich touristisch als die kleinste Stadt der Niederlande. Die Stadt selbst hat nur 100 Einwohner. Sie entstand als Bauernsiedlung in der N\u00e4he des ehemaligen Schlosses Bronckhorst. Dies war die Stammburg der Herren von Bronckhorst, die im Mittelalter bedeutende Adelige waren. Ein Brand im Jahr 1633 zerst\u00f6rte alle mittelalterlichen H\u00e4user; im Gegensatz dazu gibt es in Bronkhorst einige gut restaurierte Stadth\u00f6fe. Die reformierte Kirche wurde nach dem Brand restauriert und pr\u00e4gt die Stadt. Bronckhorst ist derzeit der Name der Gemeinde, in der die Stadt Bronkhorst (ohne c) einer der kleineren Kerne ist.<\/p>\n<p>&nbsp;<\/p>\n<p>&nbsp;<\/p>\n<p><strong>M\u00f6chten Sie die vielen M\u00f6glichkeiten besprechen, um einen unvergesslichen Tag zu erleben?<\/strong><\/p>\n<p><strong>Informieren Sie sich \u00fcber alle Optionen und Pakete.<\/strong><\/p>\n<p><strong>Wir sehen uns bei Unique Outings!<\/strong><\/p>\n<p><a href=\"https:\/\/uniekeuitjes.nl\"><img loading=\"lazy\" decoding=\"async\" class=\"alignnone wp-image-377\" src=\"http:\/\/uniekeuitjes.nl\/wp-content\/uploads\/2019\/02\/site-login-logo.png\" alt=\"\" width=\"581\" height=\"283\" srcset=\"https:\/\/uniekeuitjes.nl\/wp-content\/uploads\/2019\/02\/site-login-logo.png 708w, https:\/\/uniekeuitjes.nl\/wp-content\/uploads\/2019\/02\/site-login-logo-300x146.png 300w, https:\/\/uniekeuitjes.nl\/wp-content\/uploads\/2019\/02\/site-login-logo-600x292.png 600w\" sizes=\"auto, (max-width: 581px) 100vw, 581px\" \/><\/a><\/p>\n","protected":false},"excerpt":{"rendered":"<p>Ausfl\u00fcge in Bronckhorst: Unique Uitjes bietet sehr viele Aktivit\u00e4ten, Pakete und Ausfl\u00fcge in Bronckhorst an. Entdecken Sie Bronckhorst! Die uralte Landschaft ist gespickt mit Routen, die Sie mit einem Trigger, einem Solex, einem Tandem und auf viele andere Arten begehen k\u00f6nnen. Es ist auch m\u00f6glich, die Gegend mit unserem neuesten Produkt, dem E-Chopper, zu erkunden! [&hellip;]<\/p>\n","protected":false},"author":1,"featured_media":0,"parent":0,"menu_order":0,"comment_status":"closed","ping_status":"closed","template":"","meta":{"_acf_changed":false,"_monsterinsights_skip_tracking":false,"_monsterinsights_sitenote_active":false,"_monsterinsights_sitenote_note":"","_monsterinsights_sitenote_category":0,"footnotes":""},"categories":[73],"class_list":["post-11844","page","type-page","status-publish","hentry","category-zielseite"],"acf":[],"yoast_head":"<!-- This site is optimized with the Yoast SEO plugin v27.4 - https:\/\/yoast.com\/product\/yoast-seo-wordpress\/ -->\n<title>Ausfl\u00fcge in Bronckhorst - Verschiedene Aktivit\u00e4ten und Ausfl\u00fcge<\/title>\n<meta name=\"description\" content=\"Ausfl\u00fcge in Bronckhorst komplett organisiert von Unique Outings! Gemeinsam auf einem Tandem Cruiser oder einem E-Chopper? Das alles ist m\u00f6glich bei Unique Outings!\" \/>\n<meta name=\"robots\" content=\"index, follow, max-snippet:-1, max-image-preview:large, max-video-preview:-1\" \/>\n<link rel=\"canonical\" href=\"https:\/\/uniekeuitjes.nl\/de\/ausfluege-in-bronckhorst\/\" \/>\n<meta property=\"og:locale\" content=\"nl_NL\" \/>\n<meta property=\"og:type\" content=\"article\" \/>\n<meta property=\"og:title\" content=\"Ausfl\u00fcge in Bronckhorst - Verschiedene Aktivit\u00e4ten und Ausfl\u00fcge\" \/>\n<meta property=\"og:description\" content=\"Ausfl\u00fcge in Bronckhorst komplett organisiert von Unique Outings! Gemeinsam auf einem Tandem Cruiser oder einem E-Chopper? Das alles ist m\u00f6glich bei Unique Outings!\" \/>\n<meta property=\"og:url\" content=\"https:\/\/uniekeuitjes.nl\/de\/ausfluege-in-bronckhorst\/\" \/>\n<meta property=\"og:site_name\" content=\"Uniekeuitjes.nl\" \/>\n<meta property=\"article:publisher\" content=\"https:\/\/www.facebook.com\/uniekeuitjes.nl\" \/>\n<meta property=\"og:image\" content=\"http:\/\/uniekeuitjes.nl\/wp-content\/uploads\/2019\/02\/site-login-logo.png\" \/>\n<meta name=\"twitter:card\" content=\"summary_large_image\" \/>\n<meta name=\"twitter:label1\" content=\"Geschatte leestijd\" \/>\n\t<meta name=\"twitter:data1\" content=\"1 minuut\" \/>\n<script type=\"application\/ld+json\" class=\"yoast-schema-graph\">{\"@context\":\"https:\\\/\\\/schema.org\",\"@graph\":[{\"@type\":\"WebPage\",\"@id\":\"https:\\\/\\\/uniekeuitjes.nl\\\/de\\\/ausfluege-in-bronckhorst\\\/\",\"url\":\"https:\\\/\\\/uniekeuitjes.nl\\\/de\\\/ausfluege-in-bronckhorst\\\/\",\"name\":\"Ausfl\u00fcge in Bronckhorst - Verschiedene Aktivit\u00e4ten und Ausfl\u00fcge\",\"isPartOf\":{\"@id\":\"\\\/#website\"},\"primaryImageOfPage\":{\"@id\":\"https:\\\/\\\/uniekeuitjes.nl\\\/de\\\/ausfluege-in-bronckhorst\\\/#primaryimage\"},\"image\":{\"@id\":\"https:\\\/\\\/uniekeuitjes.nl\\\/de\\\/ausfluege-in-bronckhorst\\\/#primaryimage\"},\"thumbnailUrl\":\"http:\\\/\\\/uniekeuitjes.nl\\\/wp-content\\\/uploads\\\/2019\\\/02\\\/site-login-logo.png\",\"datePublished\":\"2019-02-18T14:30:24+00:00\",\"description\":\"Ausfl\u00fcge in Bronckhorst komplett organisiert von Unique Outings! Gemeinsam auf einem Tandem Cruiser oder einem E-Chopper? Das alles ist m\u00f6glich bei Unique Outings!\",\"breadcrumb\":{\"@id\":\"https:\\\/\\\/uniekeuitjes.nl\\\/de\\\/ausfluege-in-bronckhorst\\\/#breadcrumb\"},\"inLanguage\":\"nl-NL\",\"potentialAction\":[{\"@type\":\"ReadAction\",\"target\":[\"https:\\\/\\\/uniekeuitjes.nl\\\/de\\\/ausfluege-in-bronckhorst\\\/\"]}]},{\"@type\":\"ImageObject\",\"inLanguage\":\"nl-NL\",\"@id\":\"https:\\\/\\\/uniekeuitjes.nl\\\/de\\\/ausfluege-in-bronckhorst\\\/#primaryimage\",\"url\":\"http:\\\/\\\/uniekeuitjes.nl\\\/wp-content\\\/uploads\\\/2019\\\/02\\\/site-login-logo.png\",\"contentUrl\":\"http:\\\/\\\/uniekeuitjes.nl\\\/wp-content\\\/uploads\\\/2019\\\/02\\\/site-login-logo.png\"},{\"@type\":\"BreadcrumbList\",\"@id\":\"https:\\\/\\\/uniekeuitjes.nl\\\/de\\\/ausfluege-in-bronckhorst\\\/#breadcrumb\",\"itemListElement\":[{\"@type\":\"ListItem\",\"position\":1,\"name\":\"Home\",\"item\":\"https:\\\/\\\/uniekeuitjes.nl\\\/de\\\/\"},{\"@type\":\"ListItem\",\"position\":2,\"name\":\"Ausfl\u00fcge in Bronckhorst\"}]},{\"@type\":\"WebSite\",\"@id\":\"\\\/#website\",\"url\":\"\\\/\",\"name\":\"Uniekeuitjes.nl\",\"description\":\"Goedkope leuke uitjes zelf samen te stellen\",\"publisher\":{\"@id\":\"\\\/#organization\"},\"potentialAction\":[{\"@type\":\"SearchAction\",\"target\":{\"@type\":\"EntryPoint\",\"urlTemplate\":\"\\\/?s={search_term_string}\"},\"query-input\":{\"@type\":\"PropertyValueSpecification\",\"valueRequired\":true,\"valueName\":\"search_term_string\"}}],\"inLanguage\":\"nl-NL\"},{\"@type\":\"Organization\",\"@id\":\"\\\/#organization\",\"name\":\"Unieke Uitjes\",\"url\":\"\\\/\",\"logo\":{\"@type\":\"ImageObject\",\"inLanguage\":\"nl-NL\",\"@id\":\"\\\/#\\\/schema\\\/logo\\\/image\\\/\",\"url\":\"https:\\\/\\\/uniekeuitjes.nl\\\/wp-content\\\/uploads\\\/2019\\\/02\\\/site-login-logo.png\",\"contentUrl\":\"https:\\\/\\\/uniekeuitjes.nl\\\/wp-content\\\/uploads\\\/2019\\\/02\\\/site-login-logo.png\",\"width\":708,\"height\":345,\"caption\":\"Unieke Uitjes\"},\"image\":{\"@id\":\"\\\/#\\\/schema\\\/logo\\\/image\\\/\"},\"sameAs\":[\"https:\\\/\\\/www.facebook.com\\\/uniekeuitjes.nl\",\"https:\\\/\\\/www.instagram.com\\\/uniekeuitjes.nl\\\/\",\"https:\\\/\\\/www.linkedin.com\\\/company\\\/unieke-uitjes-nl\",\"https:\\\/\\\/www.youtube.com\\\/channel\\\/UCXwRXFWP_R0kxRAeL79FQfw\"]}]}<\/script>\n<!-- \/ Yoast SEO plugin. -->","yoast_head_json":{"title":"Ausfl\u00fcge in Bronckhorst - Verschiedene Aktivit\u00e4ten und Ausfl\u00fcge","description":"Ausfl\u00fcge in Bronckhorst komplett organisiert von Unique Outings! Gemeinsam auf einem Tandem Cruiser oder einem E-Chopper? Das alles ist m\u00f6glich bei Unique Outings!","robots":{"index":"index","follow":"follow","max-snippet":"max-snippet:-1","max-image-preview":"max-image-preview:large","max-video-preview":"max-video-preview:-1"},"canonical":"https:\/\/uniekeuitjes.nl\/de\/ausfluege-in-bronckhorst\/","og_locale":"nl_NL","og_type":"article","og_title":"Ausfl\u00fcge in Bronckhorst - Verschiedene Aktivit\u00e4ten und Ausfl\u00fcge","og_description":"Ausfl\u00fcge in Bronckhorst komplett organisiert von Unique Outings! Gemeinsam auf einem Tandem Cruiser oder einem E-Chopper? Das alles ist m\u00f6glich bei Unique Outings!","og_url":"https:\/\/uniekeuitjes.nl\/de\/ausfluege-in-bronckhorst\/","og_site_name":"Uniekeuitjes.nl","article_publisher":"https:\/\/www.facebook.com\/uniekeuitjes.nl","og_image":[{"url":"http:\/\/uniekeuitjes.nl\/wp-content\/uploads\/2019\/02\/site-login-logo.png","type":"","width":"","height":""}],"twitter_card":"summary_large_image","twitter_misc":{"Geschatte leestijd":"1 minuut"},"schema":{"@context":"https:\/\/schema.org","@graph":[{"@type":"WebPage","@id":"https:\/\/uniekeuitjes.nl\/de\/ausfluege-in-bronckhorst\/","url":"https:\/\/uniekeuitjes.nl\/de\/ausfluege-in-bronckhorst\/","name":"Ausfl\u00fcge in Bronckhorst - Verschiedene Aktivit\u00e4ten und Ausfl\u00fcge","isPartOf":{"@id":"\/#website"},"primaryImageOfPage":{"@id":"https:\/\/uniekeuitjes.nl\/de\/ausfluege-in-bronckhorst\/#primaryimage"},"image":{"@id":"https:\/\/uniekeuitjes.nl\/de\/ausfluege-in-bronckhorst\/#primaryimage"},"thumbnailUrl":"http:\/\/uniekeuitjes.nl\/wp-content\/uploads\/2019\/02\/site-login-logo.png","datePublished":"2019-02-18T14:30:24+00:00","description":"Ausfl\u00fcge in Bronckhorst komplett organisiert von Unique Outings! Gemeinsam auf einem Tandem Cruiser oder einem E-Chopper? Das alles ist m\u00f6glich bei Unique Outings!","breadcrumb":{"@id":"https:\/\/uniekeuitjes.nl\/de\/ausfluege-in-bronckhorst\/#breadcrumb"},"inLanguage":"nl-NL","potentialAction":[{"@type":"ReadAction","target":["https:\/\/uniekeuitjes.nl\/de\/ausfluege-in-bronckhorst\/"]}]},{"@type":"ImageObject","inLanguage":"nl-NL","@id":"https:\/\/uniekeuitjes.nl\/de\/ausfluege-in-bronckhorst\/#primaryimage","url":"http:\/\/uniekeuitjes.nl\/wp-content\/uploads\/2019\/02\/site-login-logo.png","contentUrl":"http:\/\/uniekeuitjes.nl\/wp-content\/uploads\/2019\/02\/site-login-logo.png"},{"@type":"BreadcrumbList","@id":"https:\/\/uniekeuitjes.nl\/de\/ausfluege-in-bronckhorst\/#breadcrumb","itemListElement":[{"@type":"ListItem","position":1,"name":"Home","item":"https:\/\/uniekeuitjes.nl\/de\/"},{"@type":"ListItem","position":2,"name":"Ausfl\u00fcge in Bronckhorst"}]},{"@type":"WebSite","@id":"\/#website","url":"\/","name":"Uniekeuitjes.nl","description":"Goedkope leuke uitjes zelf samen te stellen","publisher":{"@id":"\/#organization"},"potentialAction":[{"@type":"SearchAction","target":{"@type":"EntryPoint","urlTemplate":"\/?s={search_term_string}"},"query-input":{"@type":"PropertyValueSpecification","valueRequired":true,"valueName":"search_term_string"}}],"inLanguage":"nl-NL"},{"@type":"Organization","@id":"\/#organization","name":"Unieke Uitjes","url":"\/","logo":{"@type":"ImageObject","inLanguage":"nl-NL","@id":"\/#\/schema\/logo\/image\/","url":"https:\/\/uniekeuitjes.nl\/wp-content\/uploads\/2019\/02\/site-login-logo.png","contentUrl":"https:\/\/uniekeuitjes.nl\/wp-content\/uploads\/2019\/02\/site-login-logo.png","width":708,"height":345,"caption":"Unieke Uitjes"},"image":{"@id":"\/#\/schema\/logo\/image\/"},"sameAs":["https:\/\/www.facebook.com\/uniekeuitjes.nl","https:\/\/www.instagram.com\/uniekeuitjes.nl\/","https:\/\/www.linkedin.com\/company\/unieke-uitjes-nl","https:\/\/www.youtube.com\/channel\/UCXwRXFWP_R0kxRAeL79FQfw"]}]}},"_links":{"self":[{"href":"https:\/\/uniekeuitjes.nl\/de\/wp-json\/wp\/v2\/pages\/11844","targetHints":{"allow":["GET"]}}],"collection":[{"href":"https:\/\/uniekeuitjes.nl\/de\/wp-json\/wp\/v2\/pages"}],"about":[{"href":"https:\/\/uniekeuitjes.nl\/de\/wp-json\/wp\/v2\/types\/page"}],"author":[{"embeddable":true,"href":"https:\/\/uniekeuitjes.nl\/de\/wp-json\/wp\/v2\/users\/1"}],"replies":[{"embeddable":true,"href":"https:\/\/uniekeuitjes.nl\/de\/wp-json\/wp\/v2\/comments?post=11844"}],"version-history":[{"count":0,"href":"https:\/\/uniekeuitjes.nl\/de\/wp-json\/wp\/v2\/pages\/11844\/revisions"}],"wp:attachment":[{"href":"https:\/\/uniekeuitjes.nl\/de\/wp-json\/wp\/v2\/media?parent=11844"}],"wp:term":[{"taxonomy":"category","embeddable":true,"href":"https:\/\/uniekeuitjes.nl\/de\/wp-json\/wp\/v2\/categories?post=11844"}],"curies":[{"name":"wp","href":"https:\/\/api.w.org\/{rel}","templated":true}]}}