{"id":11845,"date":"2019-02-18T14:29:16","date_gmt":"2019-02-18T14:29:16","guid":{"rendered":"https:\/\/uniekeuitjes.nl\/ausfluege-in-borculo\/"},"modified":"2019-02-18T14:29:16","modified_gmt":"2019-02-18T14:29:16","slug":"ausfluege-in-borculo","status":"publish","type":"page","link":"https:\/\/uniekeuitjes.nl\/de\/ausfluege-in-borculo\/","title":{"rendered":"Ausfl\u00fcge in Borculo"},"content":{"rendered":"<h2>Eine sehr gro\u00dfe Auswahl an Ausfl\u00fcgen!<\/h2>\n<p>&nbsp;<\/p>\n<h2><strong>Sch\u00f6ner Borculo!<\/strong><\/h2>\n<p>Kombinieren Sie einen Besuch in Borculo mit einer Aktivit\u00e4t von Unique Outings.<\/p>\n<p>Die kleine Stadt Borculo ist seit Jahrhunderten ein Begriff in der Region: Vor fast neunhundert Jahren gr\u00fcndete Rotholfus de Burclo die Heerlijkheid Borculo (und ernannte sich selbst zum &#8220;Herrn von Borculo&#8221;). Rotholfus hatte Recht, denn in der Stadt gab es viel Potenzial. Heute zeichnet sich die Stadt durch ein lebhaftes Zentrum mit gem\u00fctlichen Kneipen und Caf\u00e9s, sch\u00f6nen Grachten und einem breiten Angebot an Museen aus. Die Stadt an der Berkel ist lebendig wie nie zuvor.<\/p>\n<p>&nbsp;<\/p>\n<h2><strong>Borculo Au\u00dfergew\u00f6hnlich<\/strong><\/h2>\n<p>Der Hambroekplas, ein See in der N\u00e4he von Borculo, ist der ideale Ort f\u00fcr Erholung am Wasser. Auf den gro\u00dfz\u00fcgigen Liegefl\u00e4chen kann Unique Outings viele Aktivit\u00e4ten f\u00fcr Sie arrangieren. Denken Sie zum Beispiel an <a href=\"https:\/\/uniekeuitjes.nl\/uitje\/boogschieten\/\">Bogenschie\u00dfen<\/a> oder einen <a href=\"https:\/\/uniekeuitjes.nl\/uitje\/grote-zeskamp\/\">sportlichen Outdoor-Hexathlon<\/a> zusammen mit Ihren Freunden oder Kollegen.<\/p>\n<p>&nbsp;<\/p>\n<p>Der See ist auch ein hervorragender Ausgangspunkt f\u00fcr einen Ausflug in die Natur mit unseren speziellen Transportmitteln. Mit einem 100-prozentig <a href=\"https:\/\/uniekeuitjes.nl\/uitje\/echopper-elektrische-scooter-huren\/\">elektrischen E-Chopper<\/a> sausen Sie ger\u00e4uschlos durch Delight. Mit unseren <a href=\"https:\/\/uniekeuitjes.nl\/uitje\/solex-huren\/\">Solexen<\/a> k\u00f6nnen Sie die sch\u00f6ne Umgebung der Stadt auf eine etwas weniger ger\u00e4uschvolle, aber nostalgische Weise erkunden. Nat\u00fcrlich k\u00f6nnen Sie auch all unsere anderen Spezialtransportmittel wie die <a href=\"https:\/\/uniekeuitjes.nl\/uitje\/transportmiddel-tandems\/\">robusten Tandems<\/a>, das <a href=\"https:\/\/uniekeuitjes.nl\/uitje\/transportmiddel-tuktuk\/\">E-TukTuk<\/a> und unsere <a href=\"https:\/\/uniekeuitjes.nl\/uitje\/trigger-huren\/\">blitzschnellen Trigger<\/a> nutzen <a href=\"https:\/\/uniekeuitjes.nl\/uitje\/trigger-huren\/\">!<\/a><\/p>\n<p>Die wundersch\u00f6nen W\u00e4lder von Borculo sind die perfekte Basis f\u00fcr eine Partie <a href=\"https:\/\/uniekeuitjes.nl\/uitje\/indoor-en-outdoor-lasergamen-op-locatie\/\">Lasertag<\/a>.<\/p>\n<h2><strong>Kooperierende Gastfreundschaft<\/strong><\/h2>\n<p>In Borculo arbeiten wir gerne mit der <a href=\"https:\/\/grandcafedegracht.nl\/\">\u00f6rtlichen<\/a>Horeca zusammen. Die gem\u00fctlichen Restaurants bieten k\u00f6stliche Speisen und Getr\u00e4nke, sind aber auch ein idealer Ort f\u00fcr Familien- und Firmenfeiern. Und einmalige Ausfl\u00fcge? Wir sorgen f\u00fcr die Aktivit\u00e4ten auf Ihrer Party. Testen Sie Ihr Wissen zum Beispiel bei unserem <a href=\"https:\/\/uniekeuitjes.nl\/uitje\/pubquiz\/\">Pub-Quiz<\/a>, oder setzen Sie bei unserem eleganten <a href=\"https:\/\/uniekeuitjes.nl\/uitje\/casino-avond\/\">Casino-Abend<\/a> hohe Betr\u00e4ge. Unique Outings hat alles, was Sie brauchen, um Ihre Mitarbeiterparty zu einem mehr als erfolgreichen Abend zu machen.<\/p>\n<p>&nbsp;<\/p>\n<p>Ob der derzeitige Herr von Borculo (ein gewisser Willem-Alexander aus Den Haag) dabei anwesend sein wird, bleibt abzuwarten. Es ist jedoch sicher, dass Unique Outings f\u00fcr Sie da sein wird.<\/p>\n<p>&nbsp;<\/p>\n<p><strong>Informieren Sie sich auf unserer Website \u00fcber das komplette Angebot an einzigartigen Ausfl\u00fcgen und Aktivit\u00e4ten und kontaktieren Sie uns f\u00fcr alle M\u00f6glichkeiten.  <\/strong><\/p>\n<p>&nbsp;<\/p>\n<p>&nbsp;<\/p>\n<p><a href=\"https:\/\/uniekeuitjes.nl\"><img loading=\"lazy\" decoding=\"async\" class=\"alignnone wp-image-377\" src=\"http:\/\/uniekeuitjes.nl\/wp-content\/uploads\/2019\/02\/site-login-logo.png\" alt=\"\" width=\"550\" height=\"268\" srcset=\"https:\/\/uniekeuitjes.nl\/wp-content\/uploads\/2019\/02\/site-login-logo.png 708w, https:\/\/uniekeuitjes.nl\/wp-content\/uploads\/2019\/02\/site-login-logo-300x146.png 300w, https:\/\/uniekeuitjes.nl\/wp-content\/uploads\/2019\/02\/site-login-logo-600x292.png 600w\" sizes=\"auto, (max-width: 550px) 100vw, 550px\" \/><\/a><\/p>\n","protected":false},"excerpt":{"rendered":"<p>Eine sehr gro\u00dfe Auswahl an Ausfl\u00fcgen! &nbsp; Sch\u00f6ner Borculo! Kombinieren Sie einen Besuch in Borculo mit einer Aktivit\u00e4t von Unique Outings. Die kleine Stadt Borculo ist seit Jahrhunderten ein Begriff in der Region: Vor fast neunhundert Jahren gr\u00fcndete Rotholfus de Burclo die Heerlijkheid Borculo (und ernannte sich selbst zum &#8220;Herrn von Borculo&#8221;). Rotholfus hatte Recht, [&hellip;]<\/p>\n","protected":false},"author":1,"featured_media":0,"parent":0,"menu_order":0,"comment_status":"closed","ping_status":"closed","template":"","meta":{"_acf_changed":false,"_monsterinsights_skip_tracking":false,"_monsterinsights_sitenote_active":false,"_monsterinsights_sitenote_note":"","_monsterinsights_sitenote_category":0,"footnotes":""},"categories":[73],"class_list":["post-11845","page","type-page","status-publish","hentry","category-zielseite"],"acf":[],"yoast_head":"<!-- This site is optimized with the Yoast SEO plugin v27.4 - https:\/\/yoast.com\/product\/yoast-seo-wordpress\/ -->\n<title>Ausfl\u00fcge in Borculo - Uniekeuitjes.nl<\/title>\n<meta name=\"description\" content=\"Borculo ist ein Ort in der Gemeinde Berkelland in der Region Achterhoek. Der Fluss Berkel flie\u00dft durch das Stadtzentrum. Kombinieren Sie Ihren Besuch mit unseren Ausfl\u00fcgen!\" \/>\n<meta name=\"robots\" content=\"index, follow, max-snippet:-1, max-image-preview:large, max-video-preview:-1\" \/>\n<link rel=\"canonical\" href=\"https:\/\/uniekeuitjes.nl\/de\/ausfluege-in-borculo\/\" \/>\n<meta property=\"og:locale\" content=\"nl_NL\" \/>\n<meta property=\"og:type\" content=\"article\" \/>\n<meta property=\"og:title\" content=\"Ausfl\u00fcge in Borculo - Uniekeuitjes.nl\" \/>\n<meta property=\"og:description\" content=\"Borculo ist ein Ort in der Gemeinde Berkelland in der Region Achterhoek. Der Fluss Berkel flie\u00dft durch das Stadtzentrum. Kombinieren Sie Ihren Besuch mit unseren Ausfl\u00fcgen!\" \/>\n<meta property=\"og:url\" content=\"https:\/\/uniekeuitjes.nl\/de\/ausfluege-in-borculo\/\" \/>\n<meta property=\"og:site_name\" content=\"Uniekeuitjes.nl\" \/>\n<meta property=\"article:publisher\" content=\"https:\/\/www.facebook.com\/uniekeuitjes.nl\" \/>\n<meta property=\"og:image\" content=\"http:\/\/uniekeuitjes.nl\/wp-content\/uploads\/2019\/02\/site-login-logo.png\" \/>\n<meta name=\"twitter:card\" content=\"summary_large_image\" \/>\n<meta name=\"twitter:label1\" content=\"Geschatte leestijd\" \/>\n\t<meta name=\"twitter:data1\" content=\"2 minuten\" \/>\n<script type=\"application\/ld+json\" class=\"yoast-schema-graph\">{\"@context\":\"https:\\\/\\\/schema.org\",\"@graph\":[{\"@type\":\"WebPage\",\"@id\":\"https:\\\/\\\/uniekeuitjes.nl\\\/de\\\/ausfluege-in-borculo\\\/\",\"url\":\"https:\\\/\\\/uniekeuitjes.nl\\\/de\\\/ausfluege-in-borculo\\\/\",\"name\":\"Ausfl\u00fcge in Borculo - Uniekeuitjes.nl\",\"isPartOf\":{\"@id\":\"\\\/#website\"},\"primaryImageOfPage\":{\"@id\":\"https:\\\/\\\/uniekeuitjes.nl\\\/de\\\/ausfluege-in-borculo\\\/#primaryimage\"},\"image\":{\"@id\":\"https:\\\/\\\/uniekeuitjes.nl\\\/de\\\/ausfluege-in-borculo\\\/#primaryimage\"},\"thumbnailUrl\":\"http:\\\/\\\/uniekeuitjes.nl\\\/wp-content\\\/uploads\\\/2019\\\/02\\\/site-login-logo.png\",\"datePublished\":\"2019-02-18T14:29:16+00:00\",\"description\":\"Borculo ist ein Ort in der Gemeinde Berkelland in der Region Achterhoek. Der Fluss Berkel flie\u00dft durch das Stadtzentrum. Kombinieren Sie Ihren Besuch mit unseren Ausfl\u00fcgen!\",\"breadcrumb\":{\"@id\":\"https:\\\/\\\/uniekeuitjes.nl\\\/de\\\/ausfluege-in-borculo\\\/#breadcrumb\"},\"inLanguage\":\"nl-NL\",\"potentialAction\":[{\"@type\":\"ReadAction\",\"target\":[\"https:\\\/\\\/uniekeuitjes.nl\\\/de\\\/ausfluege-in-borculo\\\/\"]}]},{\"@type\":\"ImageObject\",\"inLanguage\":\"nl-NL\",\"@id\":\"https:\\\/\\\/uniekeuitjes.nl\\\/de\\\/ausfluege-in-borculo\\\/#primaryimage\",\"url\":\"http:\\\/\\\/uniekeuitjes.nl\\\/wp-content\\\/uploads\\\/2019\\\/02\\\/site-login-logo.png\",\"contentUrl\":\"http:\\\/\\\/uniekeuitjes.nl\\\/wp-content\\\/uploads\\\/2019\\\/02\\\/site-login-logo.png\"},{\"@type\":\"BreadcrumbList\",\"@id\":\"https:\\\/\\\/uniekeuitjes.nl\\\/de\\\/ausfluege-in-borculo\\\/#breadcrumb\",\"itemListElement\":[{\"@type\":\"ListItem\",\"position\":1,\"name\":\"Home\",\"item\":\"https:\\\/\\\/uniekeuitjes.nl\\\/de\\\/\"},{\"@type\":\"ListItem\",\"position\":2,\"name\":\"Ausfl\u00fcge in Borculo\"}]},{\"@type\":\"WebSite\",\"@id\":\"\\\/#website\",\"url\":\"\\\/\",\"name\":\"Uniekeuitjes.nl\",\"description\":\"Goedkope leuke uitjes zelf samen te stellen\",\"publisher\":{\"@id\":\"\\\/#organization\"},\"potentialAction\":[{\"@type\":\"SearchAction\",\"target\":{\"@type\":\"EntryPoint\",\"urlTemplate\":\"\\\/?s={search_term_string}\"},\"query-input\":{\"@type\":\"PropertyValueSpecification\",\"valueRequired\":true,\"valueName\":\"search_term_string\"}}],\"inLanguage\":\"nl-NL\"},{\"@type\":\"Organization\",\"@id\":\"\\\/#organization\",\"name\":\"Unieke Uitjes\",\"url\":\"\\\/\",\"logo\":{\"@type\":\"ImageObject\",\"inLanguage\":\"nl-NL\",\"@id\":\"\\\/#\\\/schema\\\/logo\\\/image\\\/\",\"url\":\"https:\\\/\\\/uniekeuitjes.nl\\\/wp-content\\\/uploads\\\/2019\\\/02\\\/site-login-logo.png\",\"contentUrl\":\"https:\\\/\\\/uniekeuitjes.nl\\\/wp-content\\\/uploads\\\/2019\\\/02\\\/site-login-logo.png\",\"width\":708,\"height\":345,\"caption\":\"Unieke Uitjes\"},\"image\":{\"@id\":\"\\\/#\\\/schema\\\/logo\\\/image\\\/\"},\"sameAs\":[\"https:\\\/\\\/www.facebook.com\\\/uniekeuitjes.nl\",\"https:\\\/\\\/www.instagram.com\\\/uniekeuitjes.nl\\\/\",\"https:\\\/\\\/www.linkedin.com\\\/company\\\/unieke-uitjes-nl\",\"https:\\\/\\\/www.youtube.com\\\/channel\\\/UCXwRXFWP_R0kxRAeL79FQfw\"]}]}<\/script>\n<!-- \/ Yoast SEO plugin. -->","yoast_head_json":{"title":"Ausfl\u00fcge in Borculo - Uniekeuitjes.nl","description":"Borculo ist ein Ort in der Gemeinde Berkelland in der Region Achterhoek. Der Fluss Berkel flie\u00dft durch das Stadtzentrum. Kombinieren Sie Ihren Besuch mit unseren Ausfl\u00fcgen!","robots":{"index":"index","follow":"follow","max-snippet":"max-snippet:-1","max-image-preview":"max-image-preview:large","max-video-preview":"max-video-preview:-1"},"canonical":"https:\/\/uniekeuitjes.nl\/de\/ausfluege-in-borculo\/","og_locale":"nl_NL","og_type":"article","og_title":"Ausfl\u00fcge in Borculo - Uniekeuitjes.nl","og_description":"Borculo ist ein Ort in der Gemeinde Berkelland in der Region Achterhoek. Der Fluss Berkel flie\u00dft durch das Stadtzentrum. Kombinieren Sie Ihren Besuch mit unseren Ausfl\u00fcgen!","og_url":"https:\/\/uniekeuitjes.nl\/de\/ausfluege-in-borculo\/","og_site_name":"Uniekeuitjes.nl","article_publisher":"https:\/\/www.facebook.com\/uniekeuitjes.nl","og_image":[{"url":"http:\/\/uniekeuitjes.nl\/wp-content\/uploads\/2019\/02\/site-login-logo.png","type":"","width":"","height":""}],"twitter_card":"summary_large_image","twitter_misc":{"Geschatte leestijd":"2 minuten"},"schema":{"@context":"https:\/\/schema.org","@graph":[{"@type":"WebPage","@id":"https:\/\/uniekeuitjes.nl\/de\/ausfluege-in-borculo\/","url":"https:\/\/uniekeuitjes.nl\/de\/ausfluege-in-borculo\/","name":"Ausfl\u00fcge in Borculo - Uniekeuitjes.nl","isPartOf":{"@id":"\/#website"},"primaryImageOfPage":{"@id":"https:\/\/uniekeuitjes.nl\/de\/ausfluege-in-borculo\/#primaryimage"},"image":{"@id":"https:\/\/uniekeuitjes.nl\/de\/ausfluege-in-borculo\/#primaryimage"},"thumbnailUrl":"http:\/\/uniekeuitjes.nl\/wp-content\/uploads\/2019\/02\/site-login-logo.png","datePublished":"2019-02-18T14:29:16+00:00","description":"Borculo ist ein Ort in der Gemeinde Berkelland in der Region Achterhoek. Der Fluss Berkel flie\u00dft durch das Stadtzentrum. Kombinieren Sie Ihren Besuch mit unseren Ausfl\u00fcgen!","breadcrumb":{"@id":"https:\/\/uniekeuitjes.nl\/de\/ausfluege-in-borculo\/#breadcrumb"},"inLanguage":"nl-NL","potentialAction":[{"@type":"ReadAction","target":["https:\/\/uniekeuitjes.nl\/de\/ausfluege-in-borculo\/"]}]},{"@type":"ImageObject","inLanguage":"nl-NL","@id":"https:\/\/uniekeuitjes.nl\/de\/ausfluege-in-borculo\/#primaryimage","url":"http:\/\/uniekeuitjes.nl\/wp-content\/uploads\/2019\/02\/site-login-logo.png","contentUrl":"http:\/\/uniekeuitjes.nl\/wp-content\/uploads\/2019\/02\/site-login-logo.png"},{"@type":"BreadcrumbList","@id":"https:\/\/uniekeuitjes.nl\/de\/ausfluege-in-borculo\/#breadcrumb","itemListElement":[{"@type":"ListItem","position":1,"name":"Home","item":"https:\/\/uniekeuitjes.nl\/de\/"},{"@type":"ListItem","position":2,"name":"Ausfl\u00fcge in Borculo"}]},{"@type":"WebSite","@id":"\/#website","url":"\/","name":"Uniekeuitjes.nl","description":"Goedkope leuke uitjes zelf samen te stellen","publisher":{"@id":"\/#organization"},"potentialAction":[{"@type":"SearchAction","target":{"@type":"EntryPoint","urlTemplate":"\/?s={search_term_string}"},"query-input":{"@type":"PropertyValueSpecification","valueRequired":true,"valueName":"search_term_string"}}],"inLanguage":"nl-NL"},{"@type":"Organization","@id":"\/#organization","name":"Unieke Uitjes","url":"\/","logo":{"@type":"ImageObject","inLanguage":"nl-NL","@id":"\/#\/schema\/logo\/image\/","url":"https:\/\/uniekeuitjes.nl\/wp-content\/uploads\/2019\/02\/site-login-logo.png","contentUrl":"https:\/\/uniekeuitjes.nl\/wp-content\/uploads\/2019\/02\/site-login-logo.png","width":708,"height":345,"caption":"Unieke Uitjes"},"image":{"@id":"\/#\/schema\/logo\/image\/"},"sameAs":["https:\/\/www.facebook.com\/uniekeuitjes.nl","https:\/\/www.instagram.com\/uniekeuitjes.nl\/","https:\/\/www.linkedin.com\/company\/unieke-uitjes-nl","https:\/\/www.youtube.com\/channel\/UCXwRXFWP_R0kxRAeL79FQfw"]}]}},"_links":{"self":[{"href":"https:\/\/uniekeuitjes.nl\/de\/wp-json\/wp\/v2\/pages\/11845","targetHints":{"allow":["GET"]}}],"collection":[{"href":"https:\/\/uniekeuitjes.nl\/de\/wp-json\/wp\/v2\/pages"}],"about":[{"href":"https:\/\/uniekeuitjes.nl\/de\/wp-json\/wp\/v2\/types\/page"}],"author":[{"embeddable":true,"href":"https:\/\/uniekeuitjes.nl\/de\/wp-json\/wp\/v2\/users\/1"}],"replies":[{"embeddable":true,"href":"https:\/\/uniekeuitjes.nl\/de\/wp-json\/wp\/v2\/comments?post=11845"}],"version-history":[{"count":0,"href":"https:\/\/uniekeuitjes.nl\/de\/wp-json\/wp\/v2\/pages\/11845\/revisions"}],"wp:attachment":[{"href":"https:\/\/uniekeuitjes.nl\/de\/wp-json\/wp\/v2\/media?parent=11845"}],"wp:term":[{"taxonomy":"category","embeddable":true,"href":"https:\/\/uniekeuitjes.nl\/de\/wp-json\/wp\/v2\/categories?post=11845"}],"curies":[{"name":"wp","href":"https:\/\/api.w.org\/{rel}","templated":true}]}}