{"id":11847,"date":"2019-02-18T14:24:34","date_gmt":"2019-02-18T14:24:34","guid":{"rendered":"https:\/\/uniekeuitjes.nl\/ausfluege-in-bathmen\/"},"modified":"2019-02-18T14:24:34","modified_gmt":"2019-02-18T14:24:34","slug":"ausfluege-in-bathmen","status":"publish","type":"page","link":"https:\/\/uniekeuitjes.nl\/de\/ausfluege-in-bathmen\/","title":{"rendered":"Ausfl\u00fcge in Bathmen"},"content":{"rendered":"<h2>Ausfl\u00fcge in Bathmen:<\/h2>\n<p>Ausfl\u00fcge in Bathmen: Bathmen ist ein lebendiges Dorf in Salland, das zwischen Deventer und Holten liegt. Das Dorf ist gem\u00fctlich, kleinr\u00e4umig und rein. S\u00e4chsische Bauernh\u00f6fe in gr\u00fcnen Feldern mit roten und wei\u00dfen K\u00fchen, durchsetzt mit sch\u00f6nen W\u00e4ldern, bestimmen das charakteristische Bild um Bathmen. Das Dorf selbst ist zwar nicht allzu gro\u00df, aber es gibt immer etwas zu tun!<\/p>\n<p>&nbsp;<\/p>\n<p>&nbsp;<\/p>\n<h2>Einzigartige Ausfl\u00fcge in Bathmen:<\/h2>\n<p>In der sch\u00f6nen Landschaft rund um Bathmen k\u00f6nnen Sie mit einer <a href=\"https:\/\/uniekeuitjes.nl\/uitje\/solex-huren\/\">Solex<\/a> oder einem <a href=\"https:\/\/uniekeuitjes.nl\/uitje\/trigger-huren\/\">Trigger<\/a> auf Tour gehen <a href=\"https:\/\/uniekeuitjes.nl\/uitje\/trigger-huren\/\">.<\/a> Sie k\u00f6nnen auch das sch\u00f6ne Salland mit einem <a href=\"https:\/\/uniekeuitjes.nl\/uitje\/tuktuk-huren\/\">TukTuk<\/a> oder einem <a href=\"https:\/\/uniekeuitjes.nl\/uitje\/echopper-elektrische-scooter-huren\/\">E-Chopper<\/a> entdecken! Bathmen liegt an der Alten Schipbeek, auf der Sie im Sommer eine <a href=\"https:\/\/uniekeuitjes.nl\/uitje\/kanoverhuur\/\">sch\u00f6ne Kanufahrt<\/a> unternehmen k\u00f6nnen. Unique Outings bietet noch mehr verschiedene Transportmittel, um die sch\u00f6ne Umgebung von Bathmen zu erkunden und die abwechslungsreiche Natur zu genie\u00dfen.<\/p>\n<p>Wir bieten auch verschiedene Aktivit\u00e4ten und Spielshows in Bathmen an. Denken Sie zum Beispiel an einen <a href=\"https:\/\/uniekeuitjes.nl\/uitje\/grote-zeskamp\/\">Hexathlon<\/a>, ein <a href=\"https:\/\/uniekeuitjes.nl\/uitje\/indoor-en-outdoor-lasergamen-op-locatie\/\">Lasergame<\/a> f\u00fcr <a href=\"https:\/\/uniekeuitjes.nl\/uitje\/jongens-vs-de-meisjes\/\">Jungen gegen M\u00e4dchen<\/a> oder <a href=\"https:\/\/uniekeuitjes.nl\/uitje\/scherpschutters-arrangement\/\">Schie\u00dfen mit unseren verschiedenen Waffentypen<\/a>.<\/p>\n<p>&nbsp;<\/p>\n<p>&nbsp;<\/p>\n<h2><strong>\u00dcber unseren Start- und\/oder Zielpunkt in Bathmen:<\/strong><\/h2>\n<p>In Bathmen arbeiten wir mit dem <a href=\"http:\/\/www.hetcafebraakhekke.nl\/\">Hey Caf\u00e9 Braakhekke<\/a> zusammen. In Bathmen und Umgebung ist das Hey Caf\u00e9 Braakhekke ein bekannter Name. Het Caf\u00e9 ist der Gewinner des Publikumspreises der Misset Horeca top 100 2014\/2015. Es herrscht eine freundliche, offene Atmosph\u00e4re und jeder ist willkommen. Der ideale Ort f\u00fcr ein Unique Uitjes <a href=\"https:\/\/uniekeuitjes.nl\/uitje\/pubquiz\/\">Kneipenquiz<\/a> zum Beispiel!<\/p>\n<p>&nbsp;<\/p>\n<p>&nbsp;<\/p>\n<p><strong>Kontaktieren Sie uns, um alle M\u00f6glichkeiten f\u00fcr Ausfl\u00fcge und Aktivit\u00e4ten zu besprechen.  <\/strong><\/p>\n<p><strong>Wir sehen uns bei Unique Outings!<\/strong><\/p>\n<p>&nbsp;<\/p>\n<p><a href=\"https:\/\/uniekeuitjes.nl\"><img loading=\"lazy\" decoding=\"async\" class=\"alignnone wp-image-377\" src=\"http:\/\/uniekeuitjes.nl\/wp-content\/uploads\/2019\/02\/site-login-logo.png\" alt=\"\" width=\"476\" height=\"232\" srcset=\"https:\/\/uniekeuitjes.nl\/wp-content\/uploads\/2019\/02\/site-login-logo.png 708w, https:\/\/uniekeuitjes.nl\/wp-content\/uploads\/2019\/02\/site-login-logo-300x146.png 300w, https:\/\/uniekeuitjes.nl\/wp-content\/uploads\/2019\/02\/site-login-logo-600x292.png 600w\" sizes=\"auto, (max-width: 476px) 100vw, 476px\" \/><\/a><\/p>\n","protected":false},"excerpt":{"rendered":"<p>Ausfl\u00fcge in Bathmen: Ausfl\u00fcge in Bathmen: Bathmen ist ein lebendiges Dorf in Salland, das zwischen Deventer und Holten liegt. Das Dorf ist gem\u00fctlich, kleinr\u00e4umig und rein. S\u00e4chsische Bauernh\u00f6fe in gr\u00fcnen Feldern mit roten und wei\u00dfen K\u00fchen, durchsetzt mit sch\u00f6nen W\u00e4ldern, bestimmen das charakteristische Bild um Bathmen. Das Dorf selbst ist zwar nicht allzu gro\u00df, aber [&hellip;]<\/p>\n","protected":false},"author":1,"featured_media":0,"parent":0,"menu_order":0,"comment_status":"closed","ping_status":"closed","template":"","meta":{"_acf_changed":false,"_monsterinsights_skip_tracking":false,"_monsterinsights_sitenote_active":false,"_monsterinsights_sitenote_note":"","_monsterinsights_sitenote_category":0,"footnotes":""},"categories":[73],"class_list":["post-11847","page","type-page","status-publish","hentry","category-zielseite"],"acf":[],"yoast_head":"<!-- This site is optimized with the Yoast SEO plugin v27.4 - https:\/\/yoast.com\/product\/yoast-seo-wordpress\/ -->\n<title>Ausfl\u00fcge in Bathmen - Vielf\u00e4ltiges Angebot an Aktivit\u00e4ten und Ausfl\u00fcgen<\/title>\n<meta name=\"description\" content=\"Ausfl\u00fcge in Bathmen komplett organisiert von Unique Outings! Sie suchen einen vollst\u00e4ndig organisierten Hexathlon oder ein Laserspiel? Z\u00f6gern Sie nicht, uns anzurufen.\" \/>\n<meta name=\"robots\" content=\"index, follow, max-snippet:-1, max-image-preview:large, max-video-preview:-1\" \/>\n<link rel=\"canonical\" href=\"https:\/\/uniekeuitjes.nl\/de\/ausfluege-in-bathmen\/\" \/>\n<meta property=\"og:locale\" content=\"nl_NL\" \/>\n<meta property=\"og:type\" content=\"article\" \/>\n<meta property=\"og:title\" content=\"Ausfl\u00fcge in Bathmen - Vielf\u00e4ltiges Angebot an Aktivit\u00e4ten und Ausfl\u00fcgen\" \/>\n<meta property=\"og:description\" content=\"Ausfl\u00fcge in Bathmen komplett organisiert von Unique Outings! Sie suchen einen vollst\u00e4ndig organisierten Hexathlon oder ein Laserspiel? Z\u00f6gern Sie nicht, uns anzurufen.\" \/>\n<meta property=\"og:url\" content=\"https:\/\/uniekeuitjes.nl\/de\/ausfluege-in-bathmen\/\" \/>\n<meta property=\"og:site_name\" content=\"Uniekeuitjes.nl\" \/>\n<meta property=\"article:publisher\" content=\"https:\/\/www.facebook.com\/uniekeuitjes.nl\" \/>\n<meta property=\"og:image\" content=\"http:\/\/uniekeuitjes.nl\/wp-content\/uploads\/2019\/02\/site-login-logo.png\" \/>\n<meta name=\"twitter:card\" content=\"summary_large_image\" \/>\n<meta name=\"twitter:label1\" content=\"Geschatte leestijd\" \/>\n\t<meta name=\"twitter:data1\" content=\"1 minuut\" \/>\n<script type=\"application\/ld+json\" class=\"yoast-schema-graph\">{\"@context\":\"https:\\\/\\\/schema.org\",\"@graph\":[{\"@type\":\"WebPage\",\"@id\":\"https:\\\/\\\/uniekeuitjes.nl\\\/de\\\/ausfluege-in-bathmen\\\/\",\"url\":\"https:\\\/\\\/uniekeuitjes.nl\\\/de\\\/ausfluege-in-bathmen\\\/\",\"name\":\"Ausfl\u00fcge in Bathmen - Vielf\u00e4ltiges Angebot an Aktivit\u00e4ten und Ausfl\u00fcgen\",\"isPartOf\":{\"@id\":\"\\\/#website\"},\"primaryImageOfPage\":{\"@id\":\"https:\\\/\\\/uniekeuitjes.nl\\\/de\\\/ausfluege-in-bathmen\\\/#primaryimage\"},\"image\":{\"@id\":\"https:\\\/\\\/uniekeuitjes.nl\\\/de\\\/ausfluege-in-bathmen\\\/#primaryimage\"},\"thumbnailUrl\":\"http:\\\/\\\/uniekeuitjes.nl\\\/wp-content\\\/uploads\\\/2019\\\/02\\\/site-login-logo.png\",\"datePublished\":\"2019-02-18T14:24:34+00:00\",\"description\":\"Ausfl\u00fcge in Bathmen komplett organisiert von Unique Outings! Sie suchen einen vollst\u00e4ndig organisierten Hexathlon oder ein Laserspiel? Z\u00f6gern Sie nicht, uns anzurufen.\",\"breadcrumb\":{\"@id\":\"https:\\\/\\\/uniekeuitjes.nl\\\/de\\\/ausfluege-in-bathmen\\\/#breadcrumb\"},\"inLanguage\":\"nl-NL\",\"potentialAction\":[{\"@type\":\"ReadAction\",\"target\":[\"https:\\\/\\\/uniekeuitjes.nl\\\/de\\\/ausfluege-in-bathmen\\\/\"]}]},{\"@type\":\"ImageObject\",\"inLanguage\":\"nl-NL\",\"@id\":\"https:\\\/\\\/uniekeuitjes.nl\\\/de\\\/ausfluege-in-bathmen\\\/#primaryimage\",\"url\":\"http:\\\/\\\/uniekeuitjes.nl\\\/wp-content\\\/uploads\\\/2019\\\/02\\\/site-login-logo.png\",\"contentUrl\":\"http:\\\/\\\/uniekeuitjes.nl\\\/wp-content\\\/uploads\\\/2019\\\/02\\\/site-login-logo.png\"},{\"@type\":\"BreadcrumbList\",\"@id\":\"https:\\\/\\\/uniekeuitjes.nl\\\/de\\\/ausfluege-in-bathmen\\\/#breadcrumb\",\"itemListElement\":[{\"@type\":\"ListItem\",\"position\":1,\"name\":\"Home\",\"item\":\"https:\\\/\\\/uniekeuitjes.nl\\\/de\\\/\"},{\"@type\":\"ListItem\",\"position\":2,\"name\":\"Ausfl\u00fcge in Bathmen\"}]},{\"@type\":\"WebSite\",\"@id\":\"\\\/#website\",\"url\":\"\\\/\",\"name\":\"Uniekeuitjes.nl\",\"description\":\"Goedkope leuke uitjes zelf samen te stellen\",\"publisher\":{\"@id\":\"\\\/#organization\"},\"potentialAction\":[{\"@type\":\"SearchAction\",\"target\":{\"@type\":\"EntryPoint\",\"urlTemplate\":\"\\\/?s={search_term_string}\"},\"query-input\":{\"@type\":\"PropertyValueSpecification\",\"valueRequired\":true,\"valueName\":\"search_term_string\"}}],\"inLanguage\":\"nl-NL\"},{\"@type\":\"Organization\",\"@id\":\"\\\/#organization\",\"name\":\"Unieke Uitjes\",\"url\":\"\\\/\",\"logo\":{\"@type\":\"ImageObject\",\"inLanguage\":\"nl-NL\",\"@id\":\"\\\/#\\\/schema\\\/logo\\\/image\\\/\",\"url\":\"https:\\\/\\\/uniekeuitjes.nl\\\/wp-content\\\/uploads\\\/2019\\\/02\\\/site-login-logo.png\",\"contentUrl\":\"https:\\\/\\\/uniekeuitjes.nl\\\/wp-content\\\/uploads\\\/2019\\\/02\\\/site-login-logo.png\",\"width\":708,\"height\":345,\"caption\":\"Unieke Uitjes\"},\"image\":{\"@id\":\"\\\/#\\\/schema\\\/logo\\\/image\\\/\"},\"sameAs\":[\"https:\\\/\\\/www.facebook.com\\\/uniekeuitjes.nl\",\"https:\\\/\\\/www.instagram.com\\\/uniekeuitjes.nl\\\/\",\"https:\\\/\\\/www.linkedin.com\\\/company\\\/unieke-uitjes-nl\",\"https:\\\/\\\/www.youtube.com\\\/channel\\\/UCXwRXFWP_R0kxRAeL79FQfw\"]}]}<\/script>\n<!-- \/ Yoast SEO plugin. -->","yoast_head_json":{"title":"Ausfl\u00fcge in Bathmen - Vielf\u00e4ltiges Angebot an Aktivit\u00e4ten und Ausfl\u00fcgen","description":"Ausfl\u00fcge in Bathmen komplett organisiert von Unique Outings! Sie suchen einen vollst\u00e4ndig organisierten Hexathlon oder ein Laserspiel? Z\u00f6gern Sie nicht, uns anzurufen.","robots":{"index":"index","follow":"follow","max-snippet":"max-snippet:-1","max-image-preview":"max-image-preview:large","max-video-preview":"max-video-preview:-1"},"canonical":"https:\/\/uniekeuitjes.nl\/de\/ausfluege-in-bathmen\/","og_locale":"nl_NL","og_type":"article","og_title":"Ausfl\u00fcge in Bathmen - Vielf\u00e4ltiges Angebot an Aktivit\u00e4ten und Ausfl\u00fcgen","og_description":"Ausfl\u00fcge in Bathmen komplett organisiert von Unique Outings! Sie suchen einen vollst\u00e4ndig organisierten Hexathlon oder ein Laserspiel? Z\u00f6gern Sie nicht, uns anzurufen.","og_url":"https:\/\/uniekeuitjes.nl\/de\/ausfluege-in-bathmen\/","og_site_name":"Uniekeuitjes.nl","article_publisher":"https:\/\/www.facebook.com\/uniekeuitjes.nl","og_image":[{"url":"http:\/\/uniekeuitjes.nl\/wp-content\/uploads\/2019\/02\/site-login-logo.png","type":"","width":"","height":""}],"twitter_card":"summary_large_image","twitter_misc":{"Geschatte leestijd":"1 minuut"},"schema":{"@context":"https:\/\/schema.org","@graph":[{"@type":"WebPage","@id":"https:\/\/uniekeuitjes.nl\/de\/ausfluege-in-bathmen\/","url":"https:\/\/uniekeuitjes.nl\/de\/ausfluege-in-bathmen\/","name":"Ausfl\u00fcge in Bathmen - Vielf\u00e4ltiges Angebot an Aktivit\u00e4ten und Ausfl\u00fcgen","isPartOf":{"@id":"\/#website"},"primaryImageOfPage":{"@id":"https:\/\/uniekeuitjes.nl\/de\/ausfluege-in-bathmen\/#primaryimage"},"image":{"@id":"https:\/\/uniekeuitjes.nl\/de\/ausfluege-in-bathmen\/#primaryimage"},"thumbnailUrl":"http:\/\/uniekeuitjes.nl\/wp-content\/uploads\/2019\/02\/site-login-logo.png","datePublished":"2019-02-18T14:24:34+00:00","description":"Ausfl\u00fcge in Bathmen komplett organisiert von Unique Outings! Sie suchen einen vollst\u00e4ndig organisierten Hexathlon oder ein Laserspiel? Z\u00f6gern Sie nicht, uns anzurufen.","breadcrumb":{"@id":"https:\/\/uniekeuitjes.nl\/de\/ausfluege-in-bathmen\/#breadcrumb"},"inLanguage":"nl-NL","potentialAction":[{"@type":"ReadAction","target":["https:\/\/uniekeuitjes.nl\/de\/ausfluege-in-bathmen\/"]}]},{"@type":"ImageObject","inLanguage":"nl-NL","@id":"https:\/\/uniekeuitjes.nl\/de\/ausfluege-in-bathmen\/#primaryimage","url":"http:\/\/uniekeuitjes.nl\/wp-content\/uploads\/2019\/02\/site-login-logo.png","contentUrl":"http:\/\/uniekeuitjes.nl\/wp-content\/uploads\/2019\/02\/site-login-logo.png"},{"@type":"BreadcrumbList","@id":"https:\/\/uniekeuitjes.nl\/de\/ausfluege-in-bathmen\/#breadcrumb","itemListElement":[{"@type":"ListItem","position":1,"name":"Home","item":"https:\/\/uniekeuitjes.nl\/de\/"},{"@type":"ListItem","position":2,"name":"Ausfl\u00fcge in Bathmen"}]},{"@type":"WebSite","@id":"\/#website","url":"\/","name":"Uniekeuitjes.nl","description":"Goedkope leuke uitjes zelf samen te stellen","publisher":{"@id":"\/#organization"},"potentialAction":[{"@type":"SearchAction","target":{"@type":"EntryPoint","urlTemplate":"\/?s={search_term_string}"},"query-input":{"@type":"PropertyValueSpecification","valueRequired":true,"valueName":"search_term_string"}}],"inLanguage":"nl-NL"},{"@type":"Organization","@id":"\/#organization","name":"Unieke Uitjes","url":"\/","logo":{"@type":"ImageObject","inLanguage":"nl-NL","@id":"\/#\/schema\/logo\/image\/","url":"https:\/\/uniekeuitjes.nl\/wp-content\/uploads\/2019\/02\/site-login-logo.png","contentUrl":"https:\/\/uniekeuitjes.nl\/wp-content\/uploads\/2019\/02\/site-login-logo.png","width":708,"height":345,"caption":"Unieke Uitjes"},"image":{"@id":"\/#\/schema\/logo\/image\/"},"sameAs":["https:\/\/www.facebook.com\/uniekeuitjes.nl","https:\/\/www.instagram.com\/uniekeuitjes.nl\/","https:\/\/www.linkedin.com\/company\/unieke-uitjes-nl","https:\/\/www.youtube.com\/channel\/UCXwRXFWP_R0kxRAeL79FQfw"]}]}},"_links":{"self":[{"href":"https:\/\/uniekeuitjes.nl\/de\/wp-json\/wp\/v2\/pages\/11847","targetHints":{"allow":["GET"]}}],"collection":[{"href":"https:\/\/uniekeuitjes.nl\/de\/wp-json\/wp\/v2\/pages"}],"about":[{"href":"https:\/\/uniekeuitjes.nl\/de\/wp-json\/wp\/v2\/types\/page"}],"author":[{"embeddable":true,"href":"https:\/\/uniekeuitjes.nl\/de\/wp-json\/wp\/v2\/users\/1"}],"replies":[{"embeddable":true,"href":"https:\/\/uniekeuitjes.nl\/de\/wp-json\/wp\/v2\/comments?post=11847"}],"version-history":[{"count":0,"href":"https:\/\/uniekeuitjes.nl\/de\/wp-json\/wp\/v2\/pages\/11847\/revisions"}],"wp:attachment":[{"href":"https:\/\/uniekeuitjes.nl\/de\/wp-json\/wp\/v2\/media?parent=11847"}],"wp:term":[{"taxonomy":"category","embeddable":true,"href":"https:\/\/uniekeuitjes.nl\/de\/wp-json\/wp\/v2\/categories?post=11847"}],"curies":[{"name":"wp","href":"https:\/\/api.w.org\/{rel}","templated":true}]}}