{"id":11866,"date":"2019-01-29T16:24:53","date_gmt":"2019-01-29T16:24:53","guid":{"rendered":"https:\/\/uniekeuitjes.nl\/ueber-uns\/"},"modified":"2019-01-29T16:24:53","modified_gmt":"2019-01-29T16:24:53","slug":"ueber-uns","status":"publish","type":"page","link":"https:\/\/uniekeuitjes.nl\/de\/ueber-uns\/","title":{"rendered":"\u00dcber uns"},"content":{"rendered":"<p>Unieke Uitjes.nl wurde 2015 von Martijn Kooren gegr\u00fcndet. Das Unternehmen begann klein und entwickelte sich schnell zu einem wichtigen Akteur in der Region. Im Jahr 2017 wurde die Unterkunft bereits zu klein und der Umzug in die jetzige ger\u00e4umige, stimmungsvolle Halle kam. Die beheizte Halle eignet sich hervorragend f\u00fcr Indoor-Aktivit\u00e4ten, aber auch zum Entspannen in unserem gem\u00fctlichen Barbereich oder auf unserer sch\u00f6nen Veranda mit Aussicht! Laren Gld als Ausgangspunkt ist leicht erreichbar und liegt in einer sch\u00f6nen, ruhigen Gegend, die sich gut f\u00fcr viele Aktivit\u00e4ten eignet.<\/p>\n<p>Unique Getaways bietet die besten Aktivit\u00e4ten und viele Pauschalangebote zu den g\u00fcnstigsten Preisen in der Region.<br \/>\nUnser Organisationsb\u00fcro arbeitet mit den neuesten\/besten Materialien und erfahrenen Trainern\/Betreuern. Wir bieten Ausfl\u00fcge f\u00fcr jedes Budget, f\u00fcr 2 Personen bis zu 500 Personen.<\/p>\n<p>&nbsp;<\/p>\n<p>Sie k\u00f6nnen die sch\u00f6nsten Ausfl\u00fcge und Pakete zu wettbewerbsf\u00e4higen Preisen w\u00e4hlen und werden als Gast v\u00f6llig entlastet. Schlie\u00dflich ist es Ihr Ausflugstag.<\/p>\n<p>M\u00f6chten Sie nur ein Solex oder Tuk Tuk mieten? Dann ist nat\u00fcrlich auch das m\u00f6glich.<br \/>\nHaben Sie Fragen oder m\u00f6chten Sie sich unverbindlich \u00fcber lustige Ausfl\u00fcge informieren? Rufen Sie an oder schicken Sie eine E-Mail. Wir helfen gerne und denken mit Ihnen mit.<\/p>\n<p>&nbsp;<\/p>\n<h3>10 Gr\u00fcnde, warum Unique Outings.co.uk die ideale Organisationsagentur ist:<\/h3>\n<ul>\n<li>1) Wir bieten stets ma\u00dfgeschneiderte L\u00f6sungen.<\/li>\n<li>2) Die h\u00f6chsten Preise in der Region.<\/li>\n<li>3) Beste und neueste Materialien.<\/li>\n<li>4) Sie haben einen festen Ansprechpartner, der sich Zeit f\u00fcr Sie nimmt.<\/li>\n<li>5) Wir arbeiten Ihren Ausflug detailliert und unverbindlich aus.<\/li>\n<li>6) Gute Anleitung durch erfahrene Ausbilder.<\/li>\n<li>7) Zusammenarbeit mit dem \u00f6rtlichen Gastgewerbe zur Gew\u00e4hrleistung der Qualit\u00e4t von Speisen und Getr\u00e4nken.<\/li>\n<li>8) Innen- und Au\u00dfenaktivit\u00e4ten f\u00fcr jede Jahreszeit.<\/li>\n<li>9) Wir stehen f\u00fcr Flexibilit\u00e4t.<\/li>\n<li>10) Sie als Kunde stehen im Mittelpunkt.<\/li>\n<\/ul>\n<p>&nbsp;<\/p>\n<p>Kurz gesagt, immer unterhaltsame Ausfl\u00fcge und guter Service. Neugierig? Rufen Sie uns an oder schicken Sie uns eine E-Mail, um alle M\u00f6glichkeiten zu besprechen. Wir helfen Ihnen gerne weiter. Und nat\u00fcrlich haben wir auch immer jede Menge lustige Ausfl\u00fcge im Angebot, um einen erfolgreichen Tag f\u00fcr Sie zu gew\u00e4hrleisten.<\/p>\n<p>&nbsp;<\/p>\n<h3>Einzigartige Ausfl\u00fcge in ein paar Zahlen:<\/h3>\n<ul>\n<li>110 reitende Solexe<\/li>\n<li>120 Personen k\u00f6nnen gleichzeitig mit den Go-Kart-Z\u00fcgen fahren<\/li>\n<li>55 Personen auf unseren amerikanischen Tandems<\/li>\n<li>75 fahrende E-Chopper<\/li>\n<li>8 Elektrofahrr\u00e4der<\/li>\n<li>4 7-sitzige elektrische TukTuk&#8217;s (28 Personen pro Tour).<\/li>\n<li>2 2-Personen-Ausl\u00f6ser<\/li>\n<li>6 Normale Fahrr\u00e4der<\/li>\n<li>10 Elektro-Roller<\/li>\n<li>10 Elektrische Schritte<\/li>\n<li>30 Mehrpersonen-Kanus<\/li>\n<li>10 Kajakfahren<\/li>\n<li>10 SUP-Bretter<\/li>\n<li>35 (\u00fcberdachte) Schie\u00dfst\u00e4nde f\u00fcr 6 verschiedene Waffentypen<\/li>\n<li>30 Hexathlon-Spiele, aus denen Sie einen Hexathlon zusammenstellen k\u00f6nnen.<\/li>\n<li>10 Casinotische und 5 verschiedene Casinospiele<\/li>\n<li>7 Spielshows mit unserem Kneipenquiz als ungeschlagenem Spitzenreiter.<\/li>\n<li>60 Drohnen im Haus f\u00fcr unsere Drohnen-Workshops.<\/li>\n<li>90 Schwachk\u00f6pfe und dazugeh\u00f6rige &#8220;Arschl\u00f6cher&#8221; f\u00fcr Schwachk\u00f6pfe<\/li>\n<li>1.000m2 ist unsere beheizte Halle mit sch\u00f6nem Catering-Bereich.<\/li>\n<li>100-prozentiges Engagement.<\/li>\n<\/ul>\n<p>&nbsp;<\/p>\n<h3>Ein Blick auf Unique Outings<\/h3>\n<p>Waren Sie schon immer neugierig auf unsere Aktivit\u00e4ten? Dann schauen Sie sich unser Video \u00fcber unser Angebot an Transportger\u00e4ten an!<\/p>\n<p><iframe loading=\"lazy\" title=\"Een kijkje bij Unieke Uitjes\" width=\"500\" height=\"281\" src=\"https:\/\/www.youtube.com\/embed\/RTxEBy2akgc?feature=oembed\" frameborder=\"0\" allow=\"accelerometer; autoplay; clipboard-write; encrypted-media; gyroscope; picture-in-picture; web-share\" referrerpolicy=\"strict-origin-when-cross-origin\" allowfullscreen><\/iframe><\/p>\n","protected":false},"excerpt":{"rendered":"<p>Unieke Uitjes.nl wurde 2015 von Martijn Kooren gegr\u00fcndet. Das Unternehmen begann klein und entwickelte sich schnell zu einem wichtigen Akteur in der Region. Im Jahr 2017 wurde die Unterkunft bereits zu klein und der Umzug in die jetzige ger\u00e4umige, stimmungsvolle Halle kam. Die beheizte Halle eignet sich hervorragend f\u00fcr Indoor-Aktivit\u00e4ten, aber auch zum Entspannen in [&hellip;]<\/p>\n","protected":false},"author":1,"featured_media":12967,"parent":0,"menu_order":0,"comment_status":"closed","ping_status":"closed","template":"index.php","meta":{"_acf_changed":false,"_monsterinsights_skip_tracking":false,"_monsterinsights_sitenote_active":false,"_monsterinsights_sitenote_note":"","_monsterinsights_sitenote_category":0,"footnotes":""},"categories":[],"class_list":["post-11866","page","type-page","status-publish","has-post-thumbnail","hentry"],"acf":[],"yoast_head":"<!-- This site is optimized with the Yoast SEO plugin v27.5 - https:\/\/yoast.com\/product\/yoast-seo-wordpress\/ -->\n<title>\u00dcber uns - Uniekeuitjes.nl - Die besten Ausfl\u00fcge und die besten Preise<\/title>\n<meta name=\"description\" content=\"Unieke Uitjes.nl: unterhaltsame Ausfl\u00fcge und die besten Preise in der Region. Willkommen auf der Website von Unieke Uitjes.\" \/>\n<meta name=\"robots\" content=\"index, follow, max-snippet:-1, max-image-preview:large, max-video-preview:-1\" \/>\n<link rel=\"canonical\" href=\"https:\/\/uniekeuitjes.nl\/de\/ueber-uns\/\" \/>\n<meta property=\"og:locale\" content=\"nl_NL\" \/>\n<meta property=\"og:type\" content=\"article\" \/>\n<meta property=\"og:title\" content=\"\u00dcber uns - Uniekeuitjes.nl - Die besten Ausfl\u00fcge und die besten Preise\" \/>\n<meta property=\"og:description\" content=\"Unieke Uitjes.nl: unterhaltsame Ausfl\u00fcge und die besten Preise in der Region. Willkommen auf der Website von Unieke Uitjes.\" \/>\n<meta property=\"og:url\" content=\"https:\/\/uniekeuitjes.nl\/de\/ueber-uns\/\" \/>\n<meta property=\"og:site_name\" content=\"Uniekeuitjes.nl\" \/>\n<meta property=\"article:publisher\" content=\"https:\/\/www.facebook.com\/uniekeuitjes.nl\" \/>\n<meta name=\"twitter:card\" content=\"summary_large_image\" \/>\n<meta name=\"twitter:label1\" content=\"Geschatte leestijd\" \/>\n\t<meta name=\"twitter:data1\" content=\"3 minuten\" \/>\n<script type=\"application\/ld+json\" class=\"yoast-schema-graph\">{\"@context\":\"https:\\\/\\\/schema.org\",\"@graph\":[{\"@type\":\"WebPage\",\"@id\":\"https:\\\/\\\/uniekeuitjes.nl\\\/de\\\/ueber-uns\\\/\",\"url\":\"https:\\\/\\\/uniekeuitjes.nl\\\/de\\\/ueber-uns\\\/\",\"name\":\"\u00dcber uns - Uniekeuitjes.nl - Die besten Ausfl\u00fcge und die besten Preise\",\"isPartOf\":{\"@id\":\"\\\/#website\"},\"primaryImageOfPage\":{\"@id\":\"https:\\\/\\\/uniekeuitjes.nl\\\/de\\\/ueber-uns\\\/#primaryimage\"},\"image\":{\"@id\":\"https:\\\/\\\/uniekeuitjes.nl\\\/de\\\/ueber-uns\\\/#primaryimage\"},\"thumbnailUrl\":\"https:\\\/\\\/uniekeuitjes.nl\\\/wp-content\\\/uploads\\\/2024\\\/05\\\/Personeel-groepsfoto.jpg\",\"datePublished\":\"2019-01-29T16:24:53+00:00\",\"description\":\"Unieke Uitjes.nl: unterhaltsame Ausfl\u00fcge und die besten Preise in der Region. Willkommen auf der Website von Unieke Uitjes.\",\"breadcrumb\":{\"@id\":\"https:\\\/\\\/uniekeuitjes.nl\\\/de\\\/ueber-uns\\\/#breadcrumb\"},\"inLanguage\":\"nl-NL\",\"potentialAction\":[{\"@type\":\"ReadAction\",\"target\":[\"https:\\\/\\\/uniekeuitjes.nl\\\/de\\\/ueber-uns\\\/\"]}]},{\"@type\":\"ImageObject\",\"inLanguage\":\"nl-NL\",\"@id\":\"https:\\\/\\\/uniekeuitjes.nl\\\/de\\\/ueber-uns\\\/#primaryimage\",\"url\":\"https:\\\/\\\/uniekeuitjes.nl\\\/wp-content\\\/uploads\\\/2024\\\/05\\\/Personeel-groepsfoto.jpg\",\"contentUrl\":\"https:\\\/\\\/uniekeuitjes.nl\\\/wp-content\\\/uploads\\\/2024\\\/05\\\/Personeel-groepsfoto.jpg\",\"width\":1200,\"height\":630},{\"@type\":\"BreadcrumbList\",\"@id\":\"https:\\\/\\\/uniekeuitjes.nl\\\/de\\\/ueber-uns\\\/#breadcrumb\",\"itemListElement\":[{\"@type\":\"ListItem\",\"position\":1,\"name\":\"Home\",\"item\":\"https:\\\/\\\/uniekeuitjes.nl\\\/de\\\/\"},{\"@type\":\"ListItem\",\"position\":2,\"name\":\"\u00dcber uns\"}]},{\"@type\":\"WebSite\",\"@id\":\"\\\/#website\",\"url\":\"\\\/\",\"name\":\"Uniekeuitjes.nl\",\"description\":\"Goedkope leuke uitjes zelf samen te stellen\",\"publisher\":{\"@id\":\"\\\/#organization\"},\"potentialAction\":[{\"@type\":\"SearchAction\",\"target\":{\"@type\":\"EntryPoint\",\"urlTemplate\":\"\\\/?s={search_term_string}\"},\"query-input\":{\"@type\":\"PropertyValueSpecification\",\"valueRequired\":true,\"valueName\":\"search_term_string\"}}],\"inLanguage\":\"nl-NL\"},{\"@type\":\"Organization\",\"@id\":\"\\\/#organization\",\"name\":\"Unieke Uitjes\",\"url\":\"\\\/\",\"logo\":{\"@type\":\"ImageObject\",\"inLanguage\":\"nl-NL\",\"@id\":\"\\\/#\\\/schema\\\/logo\\\/image\\\/\",\"url\":\"https:\\\/\\\/uniekeuitjes.nl\\\/wp-content\\\/uploads\\\/2019\\\/02\\\/site-login-logo.png\",\"contentUrl\":\"https:\\\/\\\/uniekeuitjes.nl\\\/wp-content\\\/uploads\\\/2019\\\/02\\\/site-login-logo.png\",\"width\":708,\"height\":345,\"caption\":\"Unieke Uitjes\"},\"image\":{\"@id\":\"\\\/#\\\/schema\\\/logo\\\/image\\\/\"},\"sameAs\":[\"https:\\\/\\\/www.facebook.com\\\/uniekeuitjes.nl\",\"https:\\\/\\\/www.instagram.com\\\/uniekeuitjes.nl\\\/\",\"https:\\\/\\\/www.linkedin.com\\\/company\\\/unieke-uitjes-nl\",\"https:\\\/\\\/www.youtube.com\\\/channel\\\/UCXwRXFWP_R0kxRAeL79FQfw\"]}]}<\/script>\n<!-- \/ Yoast SEO plugin. -->","yoast_head_json":{"title":"\u00dcber uns - Uniekeuitjes.nl - Die besten Ausfl\u00fcge und die besten Preise","description":"Unieke Uitjes.nl: unterhaltsame Ausfl\u00fcge und die besten Preise in der Region. Willkommen auf der Website von Unieke Uitjes.","robots":{"index":"index","follow":"follow","max-snippet":"max-snippet:-1","max-image-preview":"max-image-preview:large","max-video-preview":"max-video-preview:-1"},"canonical":"https:\/\/uniekeuitjes.nl\/de\/ueber-uns\/","og_locale":"nl_NL","og_type":"article","og_title":"\u00dcber uns - Uniekeuitjes.nl - Die besten Ausfl\u00fcge und die besten Preise","og_description":"Unieke Uitjes.nl: unterhaltsame Ausfl\u00fcge und die besten Preise in der Region. Willkommen auf der Website von Unieke Uitjes.","og_url":"https:\/\/uniekeuitjes.nl\/de\/ueber-uns\/","og_site_name":"Uniekeuitjes.nl","article_publisher":"https:\/\/www.facebook.com\/uniekeuitjes.nl","twitter_card":"summary_large_image","twitter_misc":{"Geschatte leestijd":"3 minuten"},"schema":{"@context":"https:\/\/schema.org","@graph":[{"@type":"WebPage","@id":"https:\/\/uniekeuitjes.nl\/de\/ueber-uns\/","url":"https:\/\/uniekeuitjes.nl\/de\/ueber-uns\/","name":"\u00dcber uns - Uniekeuitjes.nl - Die besten Ausfl\u00fcge und die besten Preise","isPartOf":{"@id":"\/#website"},"primaryImageOfPage":{"@id":"https:\/\/uniekeuitjes.nl\/de\/ueber-uns\/#primaryimage"},"image":{"@id":"https:\/\/uniekeuitjes.nl\/de\/ueber-uns\/#primaryimage"},"thumbnailUrl":"https:\/\/uniekeuitjes.nl\/wp-content\/uploads\/2024\/05\/Personeel-groepsfoto.jpg","datePublished":"2019-01-29T16:24:53+00:00","description":"Unieke Uitjes.nl: unterhaltsame Ausfl\u00fcge und die besten Preise in der Region. Willkommen auf der Website von Unieke Uitjes.","breadcrumb":{"@id":"https:\/\/uniekeuitjes.nl\/de\/ueber-uns\/#breadcrumb"},"inLanguage":"nl-NL","potentialAction":[{"@type":"ReadAction","target":["https:\/\/uniekeuitjes.nl\/de\/ueber-uns\/"]}]},{"@type":"ImageObject","inLanguage":"nl-NL","@id":"https:\/\/uniekeuitjes.nl\/de\/ueber-uns\/#primaryimage","url":"https:\/\/uniekeuitjes.nl\/wp-content\/uploads\/2024\/05\/Personeel-groepsfoto.jpg","contentUrl":"https:\/\/uniekeuitjes.nl\/wp-content\/uploads\/2024\/05\/Personeel-groepsfoto.jpg","width":1200,"height":630},{"@type":"BreadcrumbList","@id":"https:\/\/uniekeuitjes.nl\/de\/ueber-uns\/#breadcrumb","itemListElement":[{"@type":"ListItem","position":1,"name":"Home","item":"https:\/\/uniekeuitjes.nl\/de\/"},{"@type":"ListItem","position":2,"name":"\u00dcber uns"}]},{"@type":"WebSite","@id":"\/#website","url":"\/","name":"Uniekeuitjes.nl","description":"Goedkope leuke uitjes zelf samen te stellen","publisher":{"@id":"\/#organization"},"potentialAction":[{"@type":"SearchAction","target":{"@type":"EntryPoint","urlTemplate":"\/?s={search_term_string}"},"query-input":{"@type":"PropertyValueSpecification","valueRequired":true,"valueName":"search_term_string"}}],"inLanguage":"nl-NL"},{"@type":"Organization","@id":"\/#organization","name":"Unieke Uitjes","url":"\/","logo":{"@type":"ImageObject","inLanguage":"nl-NL","@id":"\/#\/schema\/logo\/image\/","url":"https:\/\/uniekeuitjes.nl\/wp-content\/uploads\/2019\/02\/site-login-logo.png","contentUrl":"https:\/\/uniekeuitjes.nl\/wp-content\/uploads\/2019\/02\/site-login-logo.png","width":708,"height":345,"caption":"Unieke Uitjes"},"image":{"@id":"\/#\/schema\/logo\/image\/"},"sameAs":["https:\/\/www.facebook.com\/uniekeuitjes.nl","https:\/\/www.instagram.com\/uniekeuitjes.nl\/","https:\/\/www.linkedin.com\/company\/unieke-uitjes-nl","https:\/\/www.youtube.com\/channel\/UCXwRXFWP_R0kxRAeL79FQfw"]}]}},"_links":{"self":[{"href":"https:\/\/uniekeuitjes.nl\/de\/wp-json\/wp\/v2\/pages\/11866","targetHints":{"allow":["GET"]}}],"collection":[{"href":"https:\/\/uniekeuitjes.nl\/de\/wp-json\/wp\/v2\/pages"}],"about":[{"href":"https:\/\/uniekeuitjes.nl\/de\/wp-json\/wp\/v2\/types\/page"}],"author":[{"embeddable":true,"href":"https:\/\/uniekeuitjes.nl\/de\/wp-json\/wp\/v2\/users\/1"}],"replies":[{"embeddable":true,"href":"https:\/\/uniekeuitjes.nl\/de\/wp-json\/wp\/v2\/comments?post=11866"}],"version-history":[{"count":0,"href":"https:\/\/uniekeuitjes.nl\/de\/wp-json\/wp\/v2\/pages\/11866\/revisions"}],"wp:featuredmedia":[{"embeddable":true,"href":"https:\/\/uniekeuitjes.nl\/de\/wp-json\/wp\/v2\/media\/12967"}],"wp:attachment":[{"href":"https:\/\/uniekeuitjes.nl\/de\/wp-json\/wp\/v2\/media?parent=11866"}],"wp:term":[{"taxonomy":"category","embeddable":true,"href":"https:\/\/uniekeuitjes.nl\/de\/wp-json\/wp\/v2\/categories?post=11866"}],"curies":[{"name":"wp","href":"https:\/\/api.w.org\/{rel}","templated":true}]}}