{"id":11891,"date":"2019-01-29T16:24:22","date_gmt":"2019-01-29T16:24:22","guid":{"rendered":"https:\/\/uniekeuitjes.nl\/kombi-angebote\/"},"modified":"2019-01-29T16:24:22","modified_gmt":"2019-01-29T16:24:22","slug":"kombi-angebote","status":"publish","type":"page","link":"https:\/\/uniekeuitjes.nl\/de\/kombi-angebote\/","title":{"rendered":"Kombi-Angebote"},"content":{"rendered":"<p>Unique Outings bietet mehrere &#8216;Combi-Deals&#8217; an.<\/p>\n<p>Diese Combi Deals sind nicht nur besonders g\u00fcnstig, sondern bieten auch die perfekte Abwechslung f\u00fcr einen unterhaltsamen Tag! Wir haben ein vielf\u00e4ltiges Angebot, das ganze Jahr \u00fcber.<\/p>\n<p>Wir bieten Indoor- und Outdoor-Aktivit\u00e4ten f\u00fcr jedes Alter. Etwas leiser, sportlicher oder f\u00fcr verr\u00fcckten Spa\u00df.<\/p>\n<p>Diese Kombi-Angebote sind bereits ab 2 Personen erh\u00e4ltlich.<\/p>\n<p>Diese Deals sind sorgf\u00e4ltig kuratiert und k\u00f6nnen z. B. um weitere Angebote erweitert werden:<\/p>\n<p>&nbsp;<\/p>\n<p>&nbsp;<\/p>\n<ul>\n<li style=\"list-style-type: none;\">\n<ul>\n<li>&#8211; Empfang mit Kaffee und handwerklich hergestelltem Kuchen.<\/li>\n<li>&#8211; Mittagsbuffet (ab 20 Personen)<\/li>\n<li>&#8211; BBQ (ab 16 Personen) oder Buffet (ab 20 Personen).<\/li>\n<\/ul>\n<\/li>\n<\/ul>\n<p>&nbsp;<\/p>\n<p>&nbsp;<\/p>\n<p>Haben Sie eigene Ideen f\u00fcr lustige gemeinsame Aktivit\u00e4ten, die hier nicht aufgef\u00fchrt sind? Sie k\u00f6nnen uns gerne per Mail oder Telefon kontaktieren. Wir denken gerne mit Ihnen mit und vieles ist m\u00f6glich!<\/p>\n<p>&nbsp;<\/p>\n","protected":false},"excerpt":{"rendered":"<p>Unique Outings bietet mehrere &#8216;Combi-Deals&#8217; an. Diese Combi Deals sind nicht nur besonders g\u00fcnstig, sondern bieten auch die perfekte Abwechslung f\u00fcr einen unterhaltsamen Tag! Wir haben ein vielf\u00e4ltiges Angebot, das ganze Jahr \u00fcber. Wir bieten Indoor- und Outdoor-Aktivit\u00e4ten f\u00fcr jedes Alter. Etwas leiser, sportlicher oder f\u00fcr verr\u00fcckten Spa\u00df. Diese Kombi-Angebote sind bereits ab 2 Personen [&hellip;]<\/p>\n","protected":false},"author":1,"featured_media":0,"parent":0,"menu_order":0,"comment_status":"closed","ping_status":"closed","template":"templates\/geselecteerd-product-overzicht.php","meta":{"_acf_changed":false,"_monsterinsights_skip_tracking":false,"_monsterinsights_sitenote_active":false,"_monsterinsights_sitenote_note":"","_monsterinsights_sitenote_category":0,"footnotes":""},"categories":[],"class_list":["post-11891","page","type-page","status-publish","hentry"],"acf":[],"yoast_head":"<!-- This site is optimized with the Yoast SEO plugin v27.5 - https:\/\/yoast.com\/product\/yoast-seo-wordpress\/ -->\n<title>Kombi-Angebote - Uniekeuitjes.nl Vielf\u00e4ltige Gruppenangebote, das ganze Jahr \u00fcber!<\/title>\n<meta name=\"description\" content=\"Einen sch\u00f6nen Tag mit dem ganzen Club verbringen? Unique Getaways k\u00fcmmert sich um alles. Wir haben das ganze Jahr \u00fcber eine Vielzahl von Kombi-Angeboten.\" \/>\n<meta name=\"robots\" content=\"index, follow, max-snippet:-1, max-image-preview:large, max-video-preview:-1\" \/>\n<link rel=\"canonical\" href=\"https:\/\/uniekeuitjes.nl\/de\/kombi-angebote\/\" \/>\n<meta property=\"og:locale\" content=\"nl_NL\" \/>\n<meta property=\"og:type\" content=\"article\" \/>\n<meta property=\"og:title\" content=\"Kombi-Angebote - Uniekeuitjes.nl Vielf\u00e4ltige Gruppenangebote, das ganze Jahr \u00fcber!\" \/>\n<meta property=\"og:description\" content=\"Einen sch\u00f6nen Tag mit dem ganzen Club verbringen? Unique Getaways k\u00fcmmert sich um alles. Wir haben das ganze Jahr \u00fcber eine Vielzahl von Kombi-Angeboten.\" \/>\n<meta property=\"og:url\" content=\"https:\/\/uniekeuitjes.nl\/de\/kombi-angebote\/\" \/>\n<meta property=\"og:site_name\" content=\"Uniekeuitjes.nl\" \/>\n<meta property=\"article:publisher\" content=\"https:\/\/www.facebook.com\/uniekeuitjes.nl\" \/>\n<meta name=\"twitter:card\" content=\"summary_large_image\" \/>\n<meta name=\"twitter:label1\" content=\"Geschatte leestijd\" \/>\n\t<meta name=\"twitter:data1\" content=\"1 minuut\" \/>\n<script type=\"application\/ld+json\" class=\"yoast-schema-graph\">{\"@context\":\"https:\\\/\\\/schema.org\",\"@graph\":[{\"@type\":\"WebPage\",\"@id\":\"https:\\\/\\\/uniekeuitjes.nl\\\/de\\\/kombi-angebote\\\/\",\"url\":\"https:\\\/\\\/uniekeuitjes.nl\\\/de\\\/kombi-angebote\\\/\",\"name\":\"Kombi-Angebote - Uniekeuitjes.nl Vielf\u00e4ltige Gruppenangebote, das ganze Jahr \u00fcber!\",\"isPartOf\":{\"@id\":\"\\\/#website\"},\"datePublished\":\"2019-01-29T16:24:22+00:00\",\"description\":\"Einen sch\u00f6nen Tag mit dem ganzen Club verbringen? Unique Getaways k\u00fcmmert sich um alles. Wir haben das ganze Jahr \u00fcber eine Vielzahl von Kombi-Angeboten.\",\"breadcrumb\":{\"@id\":\"https:\\\/\\\/uniekeuitjes.nl\\\/de\\\/kombi-angebote\\\/#breadcrumb\"},\"inLanguage\":\"nl-NL\",\"potentialAction\":[{\"@type\":\"ReadAction\",\"target\":[\"https:\\\/\\\/uniekeuitjes.nl\\\/de\\\/kombi-angebote\\\/\"]}]},{\"@type\":\"BreadcrumbList\",\"@id\":\"https:\\\/\\\/uniekeuitjes.nl\\\/de\\\/kombi-angebote\\\/#breadcrumb\",\"itemListElement\":[{\"@type\":\"ListItem\",\"position\":1,\"name\":\"Home\",\"item\":\"https:\\\/\\\/uniekeuitjes.nl\\\/de\\\/\"},{\"@type\":\"ListItem\",\"position\":2,\"name\":\"Kombi-Angebote\"}]},{\"@type\":\"WebSite\",\"@id\":\"\\\/#website\",\"url\":\"\\\/\",\"name\":\"Uniekeuitjes.nl\",\"description\":\"Goedkope leuke uitjes zelf samen te stellen\",\"publisher\":{\"@id\":\"\\\/#organization\"},\"potentialAction\":[{\"@type\":\"SearchAction\",\"target\":{\"@type\":\"EntryPoint\",\"urlTemplate\":\"\\\/?s={search_term_string}\"},\"query-input\":{\"@type\":\"PropertyValueSpecification\",\"valueRequired\":true,\"valueName\":\"search_term_string\"}}],\"inLanguage\":\"nl-NL\"},{\"@type\":\"Organization\",\"@id\":\"\\\/#organization\",\"name\":\"Unieke Uitjes\",\"url\":\"\\\/\",\"logo\":{\"@type\":\"ImageObject\",\"inLanguage\":\"nl-NL\",\"@id\":\"\\\/#\\\/schema\\\/logo\\\/image\\\/\",\"url\":\"https:\\\/\\\/uniekeuitjes.nl\\\/wp-content\\\/uploads\\\/2019\\\/02\\\/site-login-logo.png\",\"contentUrl\":\"https:\\\/\\\/uniekeuitjes.nl\\\/wp-content\\\/uploads\\\/2019\\\/02\\\/site-login-logo.png\",\"width\":708,\"height\":345,\"caption\":\"Unieke Uitjes\"},\"image\":{\"@id\":\"\\\/#\\\/schema\\\/logo\\\/image\\\/\"},\"sameAs\":[\"https:\\\/\\\/www.facebook.com\\\/uniekeuitjes.nl\",\"https:\\\/\\\/www.instagram.com\\\/uniekeuitjes.nl\\\/\",\"https:\\\/\\\/www.linkedin.com\\\/company\\\/unieke-uitjes-nl\",\"https:\\\/\\\/www.youtube.com\\\/channel\\\/UCXwRXFWP_R0kxRAeL79FQfw\"]}]}<\/script>\n<!-- \/ Yoast SEO plugin. -->","yoast_head_json":{"title":"Kombi-Angebote - Uniekeuitjes.nl Vielf\u00e4ltige Gruppenangebote, das ganze Jahr \u00fcber!","description":"Einen sch\u00f6nen Tag mit dem ganzen Club verbringen? Unique Getaways k\u00fcmmert sich um alles. Wir haben das ganze Jahr \u00fcber eine Vielzahl von Kombi-Angeboten.","robots":{"index":"index","follow":"follow","max-snippet":"max-snippet:-1","max-image-preview":"max-image-preview:large","max-video-preview":"max-video-preview:-1"},"canonical":"https:\/\/uniekeuitjes.nl\/de\/kombi-angebote\/","og_locale":"nl_NL","og_type":"article","og_title":"Kombi-Angebote - Uniekeuitjes.nl Vielf\u00e4ltige Gruppenangebote, das ganze Jahr \u00fcber!","og_description":"Einen sch\u00f6nen Tag mit dem ganzen Club verbringen? Unique Getaways k\u00fcmmert sich um alles. Wir haben das ganze Jahr \u00fcber eine Vielzahl von Kombi-Angeboten.","og_url":"https:\/\/uniekeuitjes.nl\/de\/kombi-angebote\/","og_site_name":"Uniekeuitjes.nl","article_publisher":"https:\/\/www.facebook.com\/uniekeuitjes.nl","twitter_card":"summary_large_image","twitter_misc":{"Geschatte leestijd":"1 minuut"},"schema":{"@context":"https:\/\/schema.org","@graph":[{"@type":"WebPage","@id":"https:\/\/uniekeuitjes.nl\/de\/kombi-angebote\/","url":"https:\/\/uniekeuitjes.nl\/de\/kombi-angebote\/","name":"Kombi-Angebote - Uniekeuitjes.nl Vielf\u00e4ltige Gruppenangebote, das ganze Jahr \u00fcber!","isPartOf":{"@id":"\/#website"},"datePublished":"2019-01-29T16:24:22+00:00","description":"Einen sch\u00f6nen Tag mit dem ganzen Club verbringen? Unique Getaways k\u00fcmmert sich um alles. Wir haben das ganze Jahr \u00fcber eine Vielzahl von Kombi-Angeboten.","breadcrumb":{"@id":"https:\/\/uniekeuitjes.nl\/de\/kombi-angebote\/#breadcrumb"},"inLanguage":"nl-NL","potentialAction":[{"@type":"ReadAction","target":["https:\/\/uniekeuitjes.nl\/de\/kombi-angebote\/"]}]},{"@type":"BreadcrumbList","@id":"https:\/\/uniekeuitjes.nl\/de\/kombi-angebote\/#breadcrumb","itemListElement":[{"@type":"ListItem","position":1,"name":"Home","item":"https:\/\/uniekeuitjes.nl\/de\/"},{"@type":"ListItem","position":2,"name":"Kombi-Angebote"}]},{"@type":"WebSite","@id":"\/#website","url":"\/","name":"Uniekeuitjes.nl","description":"Goedkope leuke uitjes zelf samen te stellen","publisher":{"@id":"\/#organization"},"potentialAction":[{"@type":"SearchAction","target":{"@type":"EntryPoint","urlTemplate":"\/?s={search_term_string}"},"query-input":{"@type":"PropertyValueSpecification","valueRequired":true,"valueName":"search_term_string"}}],"inLanguage":"nl-NL"},{"@type":"Organization","@id":"\/#organization","name":"Unieke Uitjes","url":"\/","logo":{"@type":"ImageObject","inLanguage":"nl-NL","@id":"\/#\/schema\/logo\/image\/","url":"https:\/\/uniekeuitjes.nl\/wp-content\/uploads\/2019\/02\/site-login-logo.png","contentUrl":"https:\/\/uniekeuitjes.nl\/wp-content\/uploads\/2019\/02\/site-login-logo.png","width":708,"height":345,"caption":"Unieke Uitjes"},"image":{"@id":"\/#\/schema\/logo\/image\/"},"sameAs":["https:\/\/www.facebook.com\/uniekeuitjes.nl","https:\/\/www.instagram.com\/uniekeuitjes.nl\/","https:\/\/www.linkedin.com\/company\/unieke-uitjes-nl","https:\/\/www.youtube.com\/channel\/UCXwRXFWP_R0kxRAeL79FQfw"]}]}},"_links":{"self":[{"href":"https:\/\/uniekeuitjes.nl\/de\/wp-json\/wp\/v2\/pages\/11891","targetHints":{"allow":["GET"]}}],"collection":[{"href":"https:\/\/uniekeuitjes.nl\/de\/wp-json\/wp\/v2\/pages"}],"about":[{"href":"https:\/\/uniekeuitjes.nl\/de\/wp-json\/wp\/v2\/types\/page"}],"author":[{"embeddable":true,"href":"https:\/\/uniekeuitjes.nl\/de\/wp-json\/wp\/v2\/users\/1"}],"replies":[{"embeddable":true,"href":"https:\/\/uniekeuitjes.nl\/de\/wp-json\/wp\/v2\/comments?post=11891"}],"version-history":[{"count":0,"href":"https:\/\/uniekeuitjes.nl\/de\/wp-json\/wp\/v2\/pages\/11891\/revisions"}],"wp:attachment":[{"href":"https:\/\/uniekeuitjes.nl\/de\/wp-json\/wp\/v2\/media?parent=11891"}],"wp:term":[{"taxonomy":"category","embeddable":true,"href":"https:\/\/uniekeuitjes.nl\/de\/wp-json\/wp\/v2\/categories?post=11891"}],"curies":[{"name":"wp","href":"https:\/\/api.w.org\/{rel}","templated":true}]}}